{"id":3314,"date":"2024-08-15T20:37:15","date_gmt":"2024-08-15T20:37:15","guid":{"rendered":"https:\/\/www.jinpinlub.com\/?post_type=product&#038;p=3314"},"modified":"2024-08-16T15:06:41","modified_gmt":"2024-08-16T15:06:41","slug":"bom-mo-boi-tron-piston-dan-dong-bang-dong-co-j100-co-cam-bien","status":"publish","type":"product","link":"https:\/\/www.jinpinlub.com\/vi\/product\/j100-motor-driven-plunger-grease-lubrication-pump-with-sensor\/","title":{"rendered":"B\u01a1m m\u1ee1 b\u00f4i tr\u01a1n piston J100 c\u00f3 c\u1ea3m bi\u1ebfn"},"content":{"rendered":"<h2>\u0110\u1eb7c tr\u01b0ng<\/h2>\n<p>B\u00f4i tr\u01a1n hi\u1ec7u qu\u1ea3: Trong ph\u1ea1m vi \u0111\u01b0\u1eddng \u1ed1ng v\u00e0 s\u1ed1 \u0111i\u1ec3m b\u00f4i tr\u01a1n \u0111\u01b0\u1ee3c ch\u1ec9 \u0111\u1ecbnh, b\u01a1m b\u00f4i tr\u01a1n J100 c\u00f3 th\u1ec3 cung c\u1ea5p \u0111\u1ee7 \u00e1p su\u1ea5t v\u00e0 l\u01b0u l\u01b0\u1ee3ng \u0111\u1ec3 \u0111\u1ea3m b\u1ea3o c\u00e1c \u0111i\u1ec3m b\u00f4i tr\u01a1n nh\u1eadn \u0111\u01b0\u1ee3c l\u01b0\u1ee3ng b\u00f4i tr\u01a1n c\u1ea7n thi\u1ebft.<br \/>\nKi\u1ec3m so\u00e1t t\u1ef1 \u0111\u1ed9ng: B\u01a1m b\u00f4i tr\u01a1n c\u00f3 th\u1ec3 \u0111\u01b0\u1ee3c ki\u1ec3m so\u00e1t t\u1ef1 \u0111\u1ed9ng b\u1eb1ng b\u1ed9 \u0111i\u1ec1u khi\u1ec3n PLC b\u00ean ngo\u00e0i ho\u1eb7c b\u1ed9 \u0111i\u1ec1u khi\u1ec3n t\u00edch h\u1ee3p \u0111\u1ec3 n\u00e2ng cao m\u1ee9c \u0111\u1ed9 t\u1ef1 \u0111\u1ed9ng h\u00f3a. C\u00f3 nhi\u1ec1u c\u1ea5u h\u00ecnh t\u00f9y ch\u1ecdn.<br \/>\nAn to\u00e0n v\u00e0 \u0111\u00e1ng tin c\u1eady: B\u01a1m \u0111i\u1ec7n J100 c\u00f3 ch\u1ee9c n\u0103ng gi\u00e1m s\u00e1t m\u1ee9c ch\u1ea5t l\u1ecfng th\u1ea5p v\u00e0 ch\u1ee9c n\u0103ng c\u1ea3nh b\u00e1o s\u1edbm \u0111\u1ec3 ng\u0103n b\u01a1m ch\u1ea1y kh\u00f4ng t\u1ea3i ho\u1eb7c \u0111\u1ed9ng c\u01a1 truy\u1ec1n \u0111\u1ed9ng qu\u00e1 t\u1ea3i, k\u00e9o d\u00e0i tu\u1ed5i th\u1ecd c\u1ee7a b\u01a1m.<br \/>\nL\u1ef1a ch\u1ecdn linh ho\u1ea1t: M\u00e1y b\u01a1m m\u1ee1 J100 c\u00f3 hai ch\u1ebf \u0111\u1ed9 l\u00e0m vi\u1ec7c. Tr\u00ean c\u01a1 s\u1edf lo\u1ea1i ti\u1ebfn b\u1ed9, v\u1edbi vi\u1ec7c b\u1ed5 sung thi\u1ebft b\u1ecb gi\u1ea3m \u00e1p, c\u00f3 th\u1ec3 h\u00ecnh th\u00e0nh h\u1ec7 th\u1ed1ng m\u1ee1 gi\u1ea3m \u00e1p m\u1ed9t d\u00f2ng.<\/p>\n<h2>\u0110\u1eb7c \u0111i\u1ec3m k\u1ef9 thu\u1eadt<\/h2>\n<table>\n<tbody>\n<tr>\n<td>Nhi\u1ec7t \u0111\u1ed9 ho\u1ea1t \u0111\u1ed9ng<\/td>\n<td>+0\u2103~+50\u2103, \u0111\u1ed9 \u1ea9m 35~85%RH<\/td>\n<\/tr>\n<tr>\n<td>S\u1ed1 l\u01b0\u1ee3ng c\u1eeda h\u00e0ng<\/td>\n<td>1, 2<\/td>\n<\/tr>\n<tr>\n<td>S\u1ee9c ch\u1ee9a h\u1ed3 ch\u1ee9a<\/td>\n<td>0,3L, 1,5L(b\u00ecnh ch\u1ee9a), 0,3L, 0,7L(H\u1ed9p m\u1ef1c)<\/td>\n<\/tr>\n<tr>\n<td>N\u1ea1p l\u1ea1i<\/td>\n<td>Ph\u1ee5 ki\u1ec7n b\u00f4i tr\u01a1n th\u1ee7y l\u1ef1c<\/td>\n<\/tr>\n<tr>\n<td>Ch\u1ea5t b\u00f4i tr\u01a1n<\/td>\n<td>M\u1ee1 b\u00f4i tr\u01a1n c\u1ea5p NLGI 000~2#<\/td>\n<\/tr>\n<tr>\n<td>L\u1edbp b\u1ea3o v\u1ec7<\/td>\n<td>IP54<\/td>\n<\/tr>\n<tr>\n<td>Ph\u00f3ng \u0111i\u1ec7n<\/td>\n<td>15mL\/ph\u00fat<\/td>\n<\/tr>\n<tr>\n<td>\u00c1p su\u1ea5t v\u1eadn h\u00e0nh t\u1ed1i \u0111a<\/td>\n<td>8MPa<\/td>\n<\/tr>\n<tr>\n<td>Ch\u1ee7 \u0111\u1ec1 k\u1ebft n\u1ed1i<\/td>\n<td>\u03a66 ho\u1eb7c \u03a68<\/td>\n<\/tr>\n<tr>\n<td>\u0110i\u1ec7n \u00e1p ho\u1ea1t \u0111\u1ed9ng<\/td>\n<td>24VDC<\/td>\n<\/tr>\n<tr>\n<td>Ch\u1ee9ng nh\u1eadn<\/td>\n<td>Ti\u00eau chu\u1ea9n<\/td>\n<\/tr>\n<tr>\n<td>V\u1ecb tr\u00ed l\u1eafp \u0111\u1eb7t<\/td>\n<td>th\u1eb3ng \u0111\u1ee9ng<\/td>\n<\/tr>\n<\/tbody>\n<\/table>\n<h2>\u1ee8ng d\u1ee5ng<\/h2>\n<p>M\u00e1y b\u01a1m m\u1ee1 b\u00f4i tr\u01a1n \u0111i\u1ec7n J100 \u0111\u01b0\u1ee3c s\u1eed d\u1ee5ng r\u1ed9ng r\u00e3i trong vi\u1ec7c b\u00f4i tr\u01a1n t\u1eadp trung c\u00e1c thi\u1ebft b\u1ecb c\u01a1 kh\u00ed trong nhi\u1ec1u ng\u00e0nh c\u00f4ng nghi\u1ec7p nh\u01b0 m\u00e1y m\u00f3c CNC, trung t\u00e2m gia c\u00f4ng, m\u00e1y r\u00e8n, m\u00e1y m\u00f3c nh\u1ef1a, m\u00e1y m\u00f3c d\u1ec7t, m\u00e1y m\u00f3c khai th\u00e1c, m\u00e1y m\u00f3c x\u00e2y d\u1ef1ng v\u00e0 m\u00e1y m\u00f3c k\u1ef9 thu\u1eadt. Nh\u1eefng m\u00e1y b\u01a1m n\u00e0y c\u00f3 th\u1ec3 \u0111\u00e1p \u1ee9ng ch\u00ednh x\u00e1c c\u00e1c y\u00eau c\u1ea7u c\u1ee7a c\u00e1c ng\u00e0nh c\u00f4ng nghi\u1ec7p kh\u00e1c nhau v\u1ec1 l\u01b0\u1ee3ng b\u00f4i tr\u01a1n, \u0111\u1ea3m b\u1ea3o ho\u1ea1t \u0111\u1ed9ng \u1ed5n \u0111\u1ecbnh c\u1ee7a thi\u1ebft b\u1ecb c\u01a1 kh\u00ed v\u00e0 k\u00e9o d\u00e0i tu\u1ed5i th\u1ecd c\u1ee7a ch\u00fang.<\/p>\n<h2>H\u01b0\u1edbng d\u1eabn s\u1eed d\u1ee5ng<\/h2>\n<div class=\"sdm_download_button_box_default\"><div class=\"sdm_download_link\"><a href=\"https:\/\/www.jinpinlub.com\/vi\/?sdm_process_download=1&download_id=2462\" class=\"sdm_download white\" title=\"Ri\u00eang t\u01b0: J100 Grease Pump\" target=\"&quot;_blank&quot;\">Xem B\u1ea3ng d\u1eef li\u1ec7u - B\u01a1m m\u1ee1 J100<\/a><\/div><\/div>","protected":false},"excerpt":{"rendered":"<p>B\u01a1m m\u1ee1 b\u00f4i tr\u01a1n \u0111i\u1ec7n J100 d\u1eabn \u0111\u1ed9ng p\u00edt-t\u00f4ng v\u00e0 c\u00e1c b\u1ed9 ph\u1eadn kh\u00e1c trong th\u00e2n b\u01a1m qua \u0111\u1ed9ng c\u01a1 \u0111\u1ec3 h\u00fat m\u1ee1 t\u1eeb b\u00ecnh ch\u1ee9a v\u00e0 t\u1ea1o \u00e1p su\u1ea5t, sau \u0111\u00f3 \u0111\u01b0a m\u1ee1 \u00e1p su\u1ea5t cao \u0111\u1ebfn c\u00e1c b\u1ed9 ph\u1eadn b\u00f4i tr\u01a1n th\u00f4ng qua \u0111\u01b0\u1eddng \u1ed1ng b\u00f4i tr\u01a1n.<\/p>","protected":false},"featured_media":3320,"template":"","meta":{"ocean_post_layout":"","ocean_both_sidebars_style":"","ocean_both_sidebars_content_width":0,"ocean_both_sidebars_sidebars_width":0,"ocean_sidebar":"0","ocean_second_sidebar":"0","ocean_disable_margins":"enable","ocean_add_body_class":"","ocean_shortcode_before_top_bar":"","ocean_shortcode_after_top_bar":"","ocean_shortcode_before_header":"","ocean_shortcode_after_header":"","ocean_has_shortcode":"","ocean_shortcode_after_title":"","ocean_shortcode_before_footer_widgets":"","ocean_shortcode_after_footer_widgets":"","ocean_shortcode_before_footer_bottom":"","ocean_shortcode_after_footer_bottom":"","ocean_display_top_bar":"default","ocean_display_header":"default","ocean_header_style":"","ocean_center_header_left_menu":"0","ocean_custom_header_template":"0","ocean_custom_logo":0,"ocean_custom_retina_logo":0,"ocean_custom_logo_max_width":0,"ocean_custom_logo_tablet_max_width":0,"ocean_custom_logo_mobile_max_width":0,"ocean_custom_logo_max_height":0,"ocean_custom_logo_tablet_max_height":0,"ocean_custom_logo_mobile_max_height":0,"ocean_header_custom_menu":"0","ocean_menu_typo_font_family":"0","ocean_menu_typo_font_subset":"","ocean_menu_typo_font_size":0,"ocean_menu_typo_font_size_tablet":0,"ocean_menu_typo_font_size_mobile":0,"ocean_menu_typo_font_size_unit":"px","ocean_menu_typo_font_weight":"","ocean_menu_typo_font_weight_tablet":"","ocean_menu_typo_font_weight_mobile":"","ocean_menu_typo_transform":"","ocean_menu_typo_transform_tablet":"","ocean_menu_typo_transform_mobile":"","ocean_menu_typo_line_height":0,"ocean_menu_typo_line_height_tablet":0,"ocean_menu_typo_line_height_mobile":0,"ocean_menu_typo_line_height_unit":"","ocean_menu_typo_spacing":0,"ocean_menu_typo_spacing_tablet":0,"ocean_menu_typo_spacing_mobile":0,"ocean_menu_typo_spacing_unit":"","ocean_menu_link_color":"","ocean_menu_link_color_hover":"","ocean_menu_link_color_active":"","ocean_menu_link_background":"","ocean_menu_link_hover_background":"","ocean_menu_link_active_background":"","ocean_menu_social_links_bg":"","ocean_menu_social_hover_links_bg":"","ocean_menu_social_links_color":"","ocean_menu_social_hover_links_color":"","ocean_disable_title":"default","ocean_disable_heading":"default","ocean_post_title":"","ocean_post_subheading":"","ocean_post_title_style":"","ocean_post_title_background_color":"","ocean_post_title_background":0,"ocean_post_title_bg_image_position":"","ocean_post_title_bg_image_attachment":"","ocean_post_title_bg_image_repeat":"","ocean_post_title_bg_image_size":"","ocean_post_title_height":0,"ocean_post_title_bg_overlay":0.5,"ocean_post_title_bg_overlay_color":"","ocean_disable_breadcrumbs":"default","ocean_breadcrumbs_color":"","ocean_breadcrumbs_separator_color":"","ocean_breadcrumbs_links_color":"","ocean_breadcrumbs_links_hover_color":"","ocean_display_footer_widgets":"default","ocean_display_footer_bottom":"default","ocean_custom_footer_template":"0","osh_disable_topbar_sticky":"default","osh_disable_header_sticky":"default","osh_sticky_header_style":"default","osh_sticky_header_effect":"","osh_custom_sticky_logo":0,"osh_custom_retina_sticky_logo":0,"osh_custom_sticky_logo_height":0,"osh_background_color":"","osh_links_color":"","osh_links_hover_color":"","osh_links_active_color":"","osh_links_bg_color":"","osh_links_hover_bg_color":"","osh_links_active_bg_color":"","osh_menu_social_links_color":"","osh_menu_social_hover_links_color":""},"product_brand":[],"product_cat":[42,41],"product_tag":[74,186,187],"class_list":{"0":"post-3314","1":"product","2":"type-product","3":"status-publish","4":"has-post-thumbnail","6":"product_cat-electric-progressive-pumps","7":"product_cat-progressive-grease-systems","8":"product_tag-automatic-lubrication-pump","9":"product_tag-electric-lubrication-pump-supplier","10":"product_tag-electric-operated-grease-pump","12":"entry","13":"has-media","15":"first","16":"instock","17":"shipping-taxable","18":"product-type-external","19":"col","20":"span_1_of_3","21":"owp-content-center","22":"owp-thumbs-layout-horizontal","23":"owp-btn-very-big","24":"owp-tabs-layout-horizontal"},"_links":{"self":[{"href":"https:\/\/www.jinpinlub.com\/vi\/wp-json\/wp\/v2\/product\/3314","targetHints":{"allow":["GET"]}}],"collection":[{"href":"https:\/\/www.jinpinlub.com\/vi\/wp-json\/wp\/v2\/product"}],"about":[{"href":"https:\/\/www.jinpinlub.com\/vi\/wp-json\/wp\/v2\/types\/product"}],"wp:featuredmedia":[{"embeddable":true,"href":"https:\/\/www.jinpinlub.com\/vi\/wp-json\/wp\/v2\/media\/3320"}],"wp:attachment":[{"href":"https:\/\/www.jinpinlub.com\/vi\/wp-json\/wp\/v2\/media?parent=3314"}],"wp:term":[{"taxonomy":"product_brand","embeddable":true,"href":"https:\/\/www.jinpinlub.com\/vi\/wp-json\/wp\/v2\/product_brand?post=3314"},{"taxonomy":"product_cat","embeddable":true,"href":"https:\/\/www.jinpinlub.com\/vi\/wp-json\/wp\/v2\/product_cat?post=3314"},{"taxonomy":"product_tag","embeddable":true,"href":"https:\/\/www.jinpinlub.com\/vi\/wp-json\/wp\/v2\/product_tag?post=3314"}],"curies":[{"name":"wp","href":"https:\/\/api.w.org\/{rel}","templated":true}]}}