{"id":3315,"date":"2024-08-15T20:48:14","date_gmt":"2024-08-15T20:48:14","guid":{"rendered":"https:\/\/www.jinpinlub.com\/?post_type=product&#038;p=3315"},"modified":"2024-08-16T15:06:02","modified_gmt":"2024-08-16T15:06:02","slug":"he-thong-boi-tron-tu-dong-j100-co-van-giam-ap","status":"publish","type":"product","link":"https:\/\/www.jinpinlub.com\/vi\/product\/j100-automatic-lubrication-system-with-pressure-relief-valve\/","title":{"rendered":"H\u1ec7 th\u1ed1ng b\u00f4i tr\u01a1n t\u1ef1 \u0111\u1ed9ng J100 v\u1edbi van gi\u1ea3m \u00e1p"},"content":{"rendered":"<h2>\u0110\u1eb7c tr\u01b0ng<\/h2>\n<p>J100 \u0111\u01b0\u1ee3c thi\u1ebft k\u1ebf theo ph\u01b0\u01a1ng ph\u00e1p phun ch\u1ea5t b\u00f4i tr\u01a1n c\u1ee7a b\u01a1m p\u00edt t\u00f4ng, \u00e1p su\u1ea5t t\u1ed1i \u0111a l\u00e0 8MPa. \u0110\u00e2y l\u00e0 b\u01a1m b\u00f4i tr\u01a1n \u0111i\u1ec7n nh\u1ecf g\u1ecdn.<br \/>\nB\u01a1m \u0111i\u1ec7n th\u00f9ng d\u1ea7u s\u1eed d\u1ee5ng thi\u1ebft k\u1ebf t\u1ea5m \u00e9p d\u1ea7u, h\u00fat d\u1ea7u ch\u00e2n kh\u00f4ng v\u00e0 qu\u00e1 tr\u00ecnh b\u00f4i tr\u01a1n c\u00f3 th\u1ec3 lo\u1ea1i b\u1ecf m\u1ee1 th\u1eeba \u1edf \u0111\u00e1y th\u00f9ng ch\u1ee9a.<br \/>\nC\u1ea3m bi\u1ebfn m\u1ee9c ch\u1ea5t l\u1ecfng th\u1ea5p \u0111\u1ec3 ph\u00e1t hi\u1ec7n l\u01b0\u1ee3ng m\u1ee1 trong b\u01a1m b\u00f4i tr\u01a1n l\u00e0 t\u00f9y ch\u1ecdn.<br \/>\nM\u00e1y b\u01a1m m\u1ee1 J100 \u0111\u01b0\u1ee3c trang b\u1ecb van x\u1ea3 kh\u00ed, c\u00f3 th\u1ec3 lo\u1ea1i b\u1ecf kh\u00f4ng kh\u00ed trong khoang b\u01a1m b\u00f4i tr\u01a1n tr\u01b0\u1edbc khi s\u1eed d\u1ee5ng.<br \/>\nM\u00e1y b\u01a1m J100 d\u1ea1ng h\u1ed9p m\u1ef1c kh\u00f4ng y\u00eau c\u1ea7u thi\u1ebft b\u1ecb ph\u1ee5 tr\u1ee3 n\u1ea1p m\u1ee1, c\u00f3 th\u1ec3 thay th\u1ebf tr\u1ef1c ti\u1ebfp m\u1ee1 \u0111\u00f3ng h\u1ed9p, r\u1ea5t ti\u1ec7n l\u1ee3i.<\/p>\n<h2>\u0110\u1eb7c \u0111i\u1ec3m k\u1ef9 thu\u1eadt<\/h2>\n<table>\n<tbody>\n<tr>\n<td>Nhi\u1ec7t \u0111\u1ed9 ho\u1ea1t \u0111\u1ed9ng<\/td>\n<td>+0\u2103~+50\u2103, \u0111\u1ed9 \u1ea9m 35~85%RH<\/td>\n<\/tr>\n<tr>\n<td>S\u1ed1 l\u01b0\u1ee3ng c\u1eeda h\u00e0ng<\/td>\n<td>1, 2<\/td>\n<\/tr>\n<tr>\n<td>S\u1ee9c ch\u1ee9a h\u1ed3 ch\u1ee9a<\/td>\n<td>0,3L, 1,5L(b\u00ecnh ch\u1ee9a), 0,3L, 0,7L(H\u1ed9p m\u1ef1c)<\/td>\n<\/tr>\n<tr>\n<td>N\u1ea1p l\u1ea1i<\/td>\n<td>Ph\u1ee5 ki\u1ec7n b\u00f4i tr\u01a1n th\u1ee7y l\u1ef1c<\/td>\n<\/tr>\n<tr>\n<td>Ch\u1ea5t b\u00f4i tr\u01a1n<\/td>\n<td>M\u1ee1 b\u00f4i tr\u01a1n c\u1ea5p NLGI 000~2#<\/td>\n<\/tr>\n<tr>\n<td>L\u1edbp b\u1ea3o v\u1ec7<\/td>\n<td>IP54<\/td>\n<\/tr>\n<tr>\n<td>Ph\u00f3ng \u0111i\u1ec7n<\/td>\n<td>15mL\/ph\u00fat<\/td>\n<\/tr>\n<tr>\n<td>\u00c1p su\u1ea5t v\u1eadn h\u00e0nh t\u1ed1i \u0111a<\/td>\n<td>8MPa<\/td>\n<\/tr>\n<tr>\n<td>Ch\u1ee7 \u0111\u1ec1 k\u1ebft n\u1ed1i<\/td>\n<td>\u03a66 ho\u1eb7c \u03a68<\/td>\n<\/tr>\n<tr>\n<td>\u0110i\u1ec7n \u00e1p ho\u1ea1t \u0111\u1ed9ng<\/td>\n<td>24VDC<\/td>\n<\/tr>\n<tr>\n<td>Ch\u1ee9ng nh\u1eadn<\/td>\n<td>Ti\u00eau chu\u1ea9n<\/td>\n<\/tr>\n<tr>\n<td>V\u1ecb tr\u00ed l\u1eafp \u0111\u1eb7t<\/td>\n<td>th\u1eb3ng \u0111\u1ee9ng<\/td>\n<\/tr>\n<\/tbody>\n<\/table>\n<h2>\u1ee8ng d\u1ee5ng<\/h2>\n<p>B\u01a1m b\u00f4i tr\u01a1n nh\u1ecf g\u1ecdn J100 l\u00e0 lo\u1ea1i b\u01a1m hi\u1ec7u qu\u1ea3, \u0111\u00e1ng tin c\u1eady \u0111\u01b0\u1ee3c s\u1eed d\u1ee5ng r\u1ed9ng r\u00e3i trong nhi\u1ec1u l\u0129nh v\u1ef1c, bao g\u1ed3m m\u00e1y \u00e9p phun, \u00f4 t\u00f4 (xe \u0111i\u1ec7n), thang m\u00e1y v\u00e0 h\u1ec7 th\u1ed1ng n\u00e2ng, x\u1eed l\u00fd v\u1eadt li\u1ec7u, r\u00f4 b\u1ed1t c\u00f4ng nghi\u1ec7p, m\u00e1y c\u00f4ng c\u1ee5 v\u00e0 thi\u1ebft b\u1ecb t\u1ef1 \u0111\u1ed9ng h\u00f3a. B\u1eb1ng c\u00e1ch c\u1ea3i thi\u1ec7n hi\u1ec7u qu\u1ea3 b\u00f4i tr\u01a1n, t\u1ef7 l\u1ec7 h\u1ecfng h\u00f3c thi\u1ebft b\u1ecb v\u00e0 chi ph\u00ed b\u1ea3o tr\u00ec c\u00f3 th\u1ec3 gi\u1ea3m \u0111\u00e1ng k\u1ec3, \u0111\u1ed3ng th\u1eddi hi\u1ec7u qu\u1ea3 s\u1ea3n xu\u1ea5t v\u00e0 ch\u1ea5t l\u01b0\u1ee3ng s\u1ea3n ph\u1ea9m c\u00f3 th\u1ec3 \u0111\u01b0\u1ee3c c\u1ea3i thi\u1ec7n.<\/p>\n<h2>H\u01b0\u1edbng d\u1eabn s\u1eed d\u1ee5ng<\/h2>\n<div class=\"sdm_download_button_box_default\"><div class=\"sdm_download_link\"><a href=\"https:\/\/www.jinpinlub.com\/vi\/?sdm_process_download=1&download_id=2462\" class=\"sdm_download white\" title=\"Ri\u00eang t\u01b0: J100 Grease Pump\" target=\"&quot;_blank&quot;\">Xem B\u1ea3ng d\u1eef li\u1ec7u - B\u01a1m m\u1ee1 J100<\/a><\/div><\/div>","protected":false},"excerpt":{"rendered":"<p>M\u00e1y b\u01a1m m\u1ee1 nh\u1ecf g\u1ecdn J100 \u0111\u01b0\u1ee3c thi\u1ebft k\u1ebf d\u1ec5 b\u1ea3o tr\u00ec, l\u1eafp \u0111\u1eb7t d\u1ec5 d\u00e0ng, c\u00f3 ch\u1ee9c n\u0103ng gi\u00e1m s\u00e1t m\u1ee9c m\u1ee1 v\u1edbi ch\u1ee9c n\u0103ng c\u1ea3nh b\u00e1o s\u1edbm, c\u00f3 th\u1ec3 \u0111i\u1ec1u khi\u1ec3n b\u1eb1ng PLC b\u00ean ngo\u00e0i, c\u00f3 v\u00edt th\u00f4ng h\u01a1i v\u00e0 c\u00f3 th\u1ec3 chuy\u1ec3n \u0111\u1ed5i th\u00e0nh m\u00e1y b\u01a1m gi\u1ea3m \u00e1p khi c\u1ea7n thi\u1ebft.<\/p>","protected":false},"featured_media":3321,"template":"","meta":{"ocean_post_layout":"","ocean_both_sidebars_style":"","ocean_both_sidebars_content_width":0,"ocean_both_sidebars_sidebars_width":0,"ocean_sidebar":"0","ocean_second_sidebar":"0","ocean_disable_margins":"enable","ocean_add_body_class":"","ocean_shortcode_before_top_bar":"","ocean_shortcode_after_top_bar":"","ocean_shortcode_before_header":"","ocean_shortcode_after_header":"","ocean_has_shortcode":"","ocean_shortcode_after_title":"","ocean_shortcode_before_footer_widgets":"","ocean_shortcode_after_footer_widgets":"","ocean_shortcode_before_footer_bottom":"","ocean_shortcode_after_footer_bottom":"","ocean_display_top_bar":"default","ocean_display_header":"default","ocean_header_style":"","ocean_center_header_left_menu":"0","ocean_custom_header_template":"0","ocean_custom_logo":0,"ocean_custom_retina_logo":0,"ocean_custom_logo_max_width":0,"ocean_custom_logo_tablet_max_width":0,"ocean_custom_logo_mobile_max_width":0,"ocean_custom_logo_max_height":0,"ocean_custom_logo_tablet_max_height":0,"ocean_custom_logo_mobile_max_height":0,"ocean_header_custom_menu":"0","ocean_menu_typo_font_family":"0","ocean_menu_typo_font_subset":"","ocean_menu_typo_font_size":0,"ocean_menu_typo_font_size_tablet":0,"ocean_menu_typo_font_size_mobile":0,"ocean_menu_typo_font_size_unit":"px","ocean_menu_typo_font_weight":"","ocean_menu_typo_font_weight_tablet":"","ocean_menu_typo_font_weight_mobile":"","ocean_menu_typo_transform":"","ocean_menu_typo_transform_tablet":"","ocean_menu_typo_transform_mobile":"","ocean_menu_typo_line_height":0,"ocean_menu_typo_line_height_tablet":0,"ocean_menu_typo_line_height_mobile":0,"ocean_menu_typo_line_height_unit":"","ocean_menu_typo_spacing":0,"ocean_menu_typo_spacing_tablet":0,"ocean_menu_typo_spacing_mobile":0,"ocean_menu_typo_spacing_unit":"","ocean_menu_link_color":"","ocean_menu_link_color_hover":"","ocean_menu_link_color_active":"","ocean_menu_link_background":"","ocean_menu_link_hover_background":"","ocean_menu_link_active_background":"","ocean_menu_social_links_bg":"","ocean_menu_social_hover_links_bg":"","ocean_menu_social_links_color":"","ocean_menu_social_hover_links_color":"","ocean_disable_title":"default","ocean_disable_heading":"default","ocean_post_title":"","ocean_post_subheading":"","ocean_post_title_style":"","ocean_post_title_background_color":"","ocean_post_title_background":0,"ocean_post_title_bg_image_position":"","ocean_post_title_bg_image_attachment":"","ocean_post_title_bg_image_repeat":"","ocean_post_title_bg_image_size":"","ocean_post_title_height":0,"ocean_post_title_bg_overlay":0.5,"ocean_post_title_bg_overlay_color":"","ocean_disable_breadcrumbs":"default","ocean_breadcrumbs_color":"","ocean_breadcrumbs_separator_color":"","ocean_breadcrumbs_links_color":"","ocean_breadcrumbs_links_hover_color":"","ocean_display_footer_widgets":"default","ocean_display_footer_bottom":"default","ocean_custom_footer_template":"0","osh_disable_topbar_sticky":"default","osh_disable_header_sticky":"default","osh_sticky_header_style":"default","osh_sticky_header_effect":"","osh_custom_sticky_logo":0,"osh_custom_retina_sticky_logo":0,"osh_custom_sticky_logo_height":0,"osh_background_color":"","osh_links_color":"","osh_links_hover_color":"","osh_links_active_color":"","osh_links_bg_color":"","osh_links_hover_bg_color":"","osh_links_active_bg_color":"","osh_menu_social_links_color":"","osh_menu_social_hover_links_color":""},"product_brand":[],"product_cat":[42,41],"product_tag":[189,185,188],"class_list":{"0":"post-3315","1":"product","2":"type-product","3":"status-publish","4":"has-post-thumbnail","6":"product_cat-electric-progressive-pumps","7":"product_cat-progressive-grease-systems","8":"product_tag-auto-lubrication-pump","9":"product_tag-electric-grease-pump","10":"product_tag-grease-pump-automatic","12":"entry","13":"has-media","15":"first","16":"instock","17":"shipping-taxable","18":"product-type-external","19":"col","20":"span_1_of_3","21":"owp-content-center","22":"owp-thumbs-layout-horizontal","23":"owp-btn-very-big","24":"owp-tabs-layout-horizontal"},"_links":{"self":[{"href":"https:\/\/www.jinpinlub.com\/vi\/wp-json\/wp\/v2\/product\/3315","targetHints":{"allow":["GET"]}}],"collection":[{"href":"https:\/\/www.jinpinlub.com\/vi\/wp-json\/wp\/v2\/product"}],"about":[{"href":"https:\/\/www.jinpinlub.com\/vi\/wp-json\/wp\/v2\/types\/product"}],"wp:featuredmedia":[{"embeddable":true,"href":"https:\/\/www.jinpinlub.com\/vi\/wp-json\/wp\/v2\/media\/3321"}],"wp:attachment":[{"href":"https:\/\/www.jinpinlub.com\/vi\/wp-json\/wp\/v2\/media?parent=3315"}],"wp:term":[{"taxonomy":"product_brand","embeddable":true,"href":"https:\/\/www.jinpinlub.com\/vi\/wp-json\/wp\/v2\/product_brand?post=3315"},{"taxonomy":"product_cat","embeddable":true,"href":"https:\/\/www.jinpinlub.com\/vi\/wp-json\/wp\/v2\/product_cat?post=3315"},{"taxonomy":"product_tag","embeddable":true,"href":"https:\/\/www.jinpinlub.com\/vi\/wp-json\/wp\/v2\/product_tag?post=3315"}],"curies":[{"name":"wp","href":"https:\/\/api.w.org\/{rel}","templated":true}]}}