{"id":3316,"date":"2024-08-15T21:01:37","date_gmt":"2024-08-15T21:01:37","guid":{"rendered":"https:\/\/www.jinpinlub.com\/?post_type=product&#038;p=3316"},"modified":"2024-08-16T15:05:04","modified_gmt":"2024-08-16T15:05:04","slug":"he-thong-boi-tron-tap-trung-cho-may-moc-co-vua-va-nho","status":"publish","type":"product","link":"https:\/\/www.jinpinlub.com\/vi\/product\/centralized-lubrication-system-for-small-medium-sized-machine\/","title":{"rendered":"H\u1ec7 th\u1ed1ng b\u00f4i tr\u01a1n t\u1eadp trung cho m\u00e1y v\u1eeba v\u00e0 nh\u1ecf"},"content":{"rendered":"<h2>\u0110\u1eb7c tr\u01b0ng<\/h2>\n<p>B\u01a1m \u0111i\u1ec7n \u0111\u01b0\u1ee3c \u0111i\u1ec1u khi\u1ec3n b\u1edfi PLC ch\u1ee7 ho\u1eb7c b\u1ed9 \u0111i\u1ec1u khi\u1ec3n b\u00ean ngo\u00e0i \u0111\u1ec3 ki\u1ec3m so\u00e1t th\u1eddi gian ch\u1ea1y v\u00e0 th\u1eddi gian gi\u00e1n \u0111o\u1ea1n c\u1ee7a chu k\u1ef3 l\u00e0m vi\u1ec7c c\u1ee7a b\u01a1m b\u00f4i tr\u01a1n.<br \/>\nC\u00f3 th\u1ec3 l\u1ef1a ch\u1ecdn c\u1ea3m bi\u1ebfn m\u1ee9c m\u1ee1 th\u1ea5p \u0111\u1ec3 theo d\u00f5i l\u01b0\u1ee3ng m\u1ee1 c\u00f2n l\u1ea1i trong b\u01a1m m\u1ee1 theo th\u1eddi gian th\u1ef1c.<br \/>\nJ100 \u0111\u01b0\u1ee3c thi\u1ebft k\u1ebf v\u1edbi van \u0111i\u1ec1u ch\u1ec9nh \u00e1p su\u1ea5t \u0111\u1ec3 ki\u1ec3m so\u00e1t \u00e1p su\u1ea5t l\u00e0m vi\u1ec7c c\u1ee7a b\u01a1m b\u00f4i tr\u01a1n v\u00e0 b\u1ea3o v\u1ec7 an to\u00e0n khi l\u00e0m vi\u1ec7c.<br \/>\nJ100 \u0111\u01b0\u1ee3c trang b\u1ecb van th\u00f4ng h\u01a1i. Khi b\u1eaft \u0111\u1ea7u s\u1eed d\u1ee5ng, tr\u01b0\u1edbc ti\u00ean ph\u1ea3i x\u1ea3 h\u1ebft kh\u00f4ng kh\u00ed trong khoang b\u01a1m b\u00f4i tr\u01a1n \u0111\u1ec3 \u0111\u1ea3m b\u1ea3o d\u1ea7u \u0111\u01b0\u1ee3c x\u1ea3 ra t\u1eeb b\u01a1m b\u00f4i tr\u01a1n m\u1ed9t c\u00e1ch tr\u01a1n tru.<br \/>\nM\u00e1y b\u01a1m b\u00f4i tr\u01a1n n\u00e0y c\u00f3 nhi\u1ec1u dung t\u00edch kh\u00e1c nhau \u0111\u1ec3 l\u1ef1a ch\u1ecdn v\u00e0 c\u00f3 th\u1ec3 \u0111\u01b0\u1ee3c thi\u1ebft k\u1ebf v\u1edbi b\u00ecnh ch\u1ee9a ho\u1eb7c h\u1ed9p m\u1ef1c.<br \/>\nB\u01a1m p\u00edt t\u00f4ng J100 l\u00e0 b\u01a1m b\u00f4i tr\u01a1n c\u00f3 kh\u1ea3 n\u0103ng th\u00edch \u1ee9ng cao. N\u00f3 c\u00f3 2 \u0111\u1ea7u ra v\u00e0 c\u00f3 th\u1ec3 ph\u1ee5c v\u1ee5 hai \u0111\u01b0\u1eddng b\u00f4i tr\u01a1n c\u00f9ng m\u1ed9t l\u00fac.<\/p>\n<h2>\u0110\u1eb7c \u0111i\u1ec3m k\u1ef9 thu\u1eadt<\/h2>\n<table>\n<tbody>\n<tr>\n<td>Nhi\u1ec7t \u0111\u1ed9 ho\u1ea1t \u0111\u1ed9ng<\/td>\n<td>+0\u2103~+50\u2103<\/td>\n<\/tr>\n<tr>\n<td>S\u1ed1 l\u01b0\u1ee3ng c\u1eeda h\u00e0ng<\/td>\n<td>1, 2<\/td>\n<\/tr>\n<tr>\n<td>S\u1ee9c ch\u1ee9a h\u1ed3 ch\u1ee9a<\/td>\n<td>0,3L, 1,5L(b\u00ecnh ch\u1ee9a), 0,3L, 0,7L(H\u1ed9p m\u1ef1c)<\/td>\n<\/tr>\n<tr>\n<td>N\u1ea1p l\u1ea1i<\/td>\n<td>Ph\u1ee5 ki\u1ec7n b\u00f4i tr\u01a1n th\u1ee7y l\u1ef1c<\/td>\n<\/tr>\n<tr>\n<td>Ch\u1ea5t b\u00f4i tr\u01a1n<\/td>\n<td>M\u1ee1 b\u00f4i tr\u01a1n c\u1ea5p NLGI 000~2#<\/td>\n<\/tr>\n<tr>\n<td>L\u1edbp b\u1ea3o v\u1ec7<\/td>\n<td>IP54<\/td>\n<\/tr>\n<tr>\n<td>Ph\u00f3ng \u0111i\u1ec7n<\/td>\n<td>15mL\/ph\u00fat<\/td>\n<\/tr>\n<tr>\n<td>\u00c1p su\u1ea5t v\u1eadn h\u00e0nh t\u1ed1i \u0111a<\/td>\n<td>8MPa<\/td>\n<\/tr>\n<tr>\n<td>Ch\u1ee7 \u0111\u1ec1 k\u1ebft n\u1ed1i<\/td>\n<td>\u03a66 ho\u1eb7c \u03a68<\/td>\n<\/tr>\n<tr>\n<td>\u0110i\u1ec7n \u00e1p ho\u1ea1t \u0111\u1ed9ng<\/td>\n<td>24VDC<\/td>\n<\/tr>\n<tr>\n<td>Ch\u1ee9ng nh\u1eadn<\/td>\n<td>Ti\u00eau chu\u1ea9n<\/td>\n<\/tr>\n<tr>\n<td>V\u1ecb tr\u00ed l\u1eafp \u0111\u1eb7t<\/td>\n<td>th\u1eb3ng \u0111\u1ee9ng<\/td>\n<\/tr>\n<\/tbody>\n<\/table>\n<h2>\u1ee8ng d\u1ee5ng<\/h2>\n<p>Lu\u00f4n c\u1ed1 \u0111\u1ecbnh b\u01a1m b\u00f4i tr\u01a1n J100 tr\u00ean b\u1ec1 m\u1eb7t th\u1eb3ng \u0111\u1ee9ng v\u00e0 ph\u1eb3ng.<br \/>\nS\u1eed d\u1ee5ng 6 bu l\u00f4ng M8 xuy\u00ean qua c\u00e1c l\u1ed7 \u03a69 \u0111\u1ec3 l\u1eafp \u0111\u1eb7t v\u00e0 c\u1ed1 \u0111\u1ecbnh b\u01a1m b\u00f4i tr\u01a1n.<br \/>\nKhi b\u01a1m b\u00f4i tr\u01a1n ch\u1ecbu t\u00e1c \u0111\u1ed9ng rung \u0111\u1ed9ng, n\u00ean s\u1eed d\u1ee5ng keo ch\u1ed1ng rung.<br \/>\nB\u01a1m b\u00f4i tr\u01a1n ph\u1ea3i \u0111\u01b0\u1ee3c l\u1eafp \u0111\u1eb7t c\u00e1ch xa n\u01b0\u1edbc, d\u1ea7u, m\u1ea3nh v\u1ee5n v\u00e0 b\u1ee5i.<br \/>\nV\u1ec1 k\u1ebft n\u1ed1i \u0111i\u1ec7n c\u1ee7a c\u1ee5m b\u01a1m, h\u00e3y \u0111\u1ea3m b\u1ea3o th\u1ef1c hi\u1ec7n c\u00e1c bi\u1ec7n ph\u00e1p th\u00edch h\u1ee3p, ch\u1eb3ng h\u1ea1n nh\u01b0 c\u00e1p ch\u1ed1ng nhi\u1ec5u, \u0111\u1ec3 ng\u0103n ng\u1eeba nhi\u1ec5u gi\u1eefa c\u00e1c t\u00edn hi\u1ec7u do gh\u00e9p n\u1ed1i c\u1ea3m \u1ee9ng, \u0111i\u1ec7n dung ho\u1eb7c \u0111i\u1ec7n t\u1eeb.<\/p>\n<h2>H\u01b0\u1edbng d\u1eabn s\u1eed d\u1ee5ng<\/h2>\n<div class=\"sdm_download_button_box_default\"><div class=\"sdm_download_link\"><a href=\"https:\/\/www.jinpinlub.com\/vi\/?sdm_process_download=1&download_id=2462\" class=\"sdm_download white\" title=\"Ri\u00eang t\u01b0: J100 Grease Pump\" target=\"&quot;_blank&quot;\">Xem B\u1ea3ng d\u1eef li\u1ec7u - B\u01a1m m\u1ee1 J100<\/a><\/div><\/div>","protected":false},"excerpt":{"rendered":"<p>J100 l\u00e0 m\u00e1y b\u01a1m m\u1ee1 b\u00f4i tr\u01a1n t\u1eadp trung nh\u1ecf g\u1ecdn, \u0111\u00e1ng tin c\u1eady v\u00e0 c\u00f3 th\u1ec3 th\u00edch \u1ee9ng. N\u00f3 c\u00f3 nhi\u1ec1u c\u00f4ng su\u1ea5t v\u00e0 nhi\u1ec1u ch\u1ebf \u0111\u1ed9 l\u00e0m vi\u1ec7c, ch\u1eb3ng h\u1ea1n nh\u01b0 lo\u1ea1i ti\u1ebfn b\u1ed9 v\u00e0 lo\u1ea1i gi\u1ea3m \u00e1p m\u1ed9t \u0111\u01b0\u1eddng v\u1edbi ch\u1ee9c n\u0103ng gi\u1ea3m \u00e1p t\u00edch h\u1ee3p.<\/p>","protected":false},"featured_media":3322,"template":"","meta":{"ocean_post_layout":"","ocean_both_sidebars_style":"","ocean_both_sidebars_content_width":0,"ocean_both_sidebars_sidebars_width":0,"ocean_sidebar":"0","ocean_second_sidebar":"0","ocean_disable_margins":"enable","ocean_add_body_class":"","ocean_shortcode_before_top_bar":"","ocean_shortcode_after_top_bar":"","ocean_shortcode_before_header":"","ocean_shortcode_after_header":"","ocean_has_shortcode":"","ocean_shortcode_after_title":"","ocean_shortcode_before_footer_widgets":"","ocean_shortcode_after_footer_widgets":"","ocean_shortcode_before_footer_bottom":"","ocean_shortcode_after_footer_bottom":"","ocean_display_top_bar":"default","ocean_display_header":"default","ocean_header_style":"","ocean_center_header_left_menu":"0","ocean_custom_header_template":"0","ocean_custom_logo":0,"ocean_custom_retina_logo":0,"ocean_custom_logo_max_width":0,"ocean_custom_logo_tablet_max_width":0,"ocean_custom_logo_mobile_max_width":0,"ocean_custom_logo_max_height":0,"ocean_custom_logo_tablet_max_height":0,"ocean_custom_logo_mobile_max_height":0,"ocean_header_custom_menu":"0","ocean_menu_typo_font_family":"0","ocean_menu_typo_font_subset":"","ocean_menu_typo_font_size":0,"ocean_menu_typo_font_size_tablet":0,"ocean_menu_typo_font_size_mobile":0,"ocean_menu_typo_font_size_unit":"px","ocean_menu_typo_font_weight":"","ocean_menu_typo_font_weight_tablet":"","ocean_menu_typo_font_weight_mobile":"","ocean_menu_typo_transform":"","ocean_menu_typo_transform_tablet":"","ocean_menu_typo_transform_mobile":"","ocean_menu_typo_line_height":0,"ocean_menu_typo_line_height_tablet":0,"ocean_menu_typo_line_height_mobile":0,"ocean_menu_typo_line_height_unit":"","ocean_menu_typo_spacing":0,"ocean_menu_typo_spacing_tablet":0,"ocean_menu_typo_spacing_mobile":0,"ocean_menu_typo_spacing_unit":"","ocean_menu_link_color":"","ocean_menu_link_color_hover":"","ocean_menu_link_color_active":"","ocean_menu_link_background":"","ocean_menu_link_hover_background":"","ocean_menu_link_active_background":"","ocean_menu_social_links_bg":"","ocean_menu_social_hover_links_bg":"","ocean_menu_social_links_color":"","ocean_menu_social_hover_links_color":"","ocean_disable_title":"default","ocean_disable_heading":"default","ocean_post_title":"","ocean_post_subheading":"","ocean_post_title_style":"","ocean_post_title_background_color":"","ocean_post_title_background":0,"ocean_post_title_bg_image_position":"","ocean_post_title_bg_image_attachment":"","ocean_post_title_bg_image_repeat":"","ocean_post_title_bg_image_size":"","ocean_post_title_height":0,"ocean_post_title_bg_overlay":0.5,"ocean_post_title_bg_overlay_color":"","ocean_disable_breadcrumbs":"default","ocean_breadcrumbs_color":"","ocean_breadcrumbs_separator_color":"","ocean_breadcrumbs_links_color":"","ocean_breadcrumbs_links_hover_color":"","ocean_display_footer_widgets":"default","ocean_display_footer_bottom":"default","ocean_custom_footer_template":"0","osh_disable_topbar_sticky":"default","osh_disable_header_sticky":"default","osh_sticky_header_style":"default","osh_sticky_header_effect":"","osh_custom_sticky_logo":0,"osh_custom_retina_sticky_logo":0,"osh_custom_sticky_logo_height":0,"osh_background_color":"","osh_links_color":"","osh_links_hover_color":"","osh_links_active_color":"","osh_links_bg_color":"","osh_links_hover_bg_color":"","osh_links_active_bg_color":"","osh_menu_social_links_color":"","osh_menu_social_hover_links_color":""},"product_brand":[],"product_cat":[42,41],"product_tag":[190,192,191],"class_list":{"0":"post-3316","1":"product","2":"type-product","3":"status-publish","4":"has-post-thumbnail","6":"product_cat-electric-progressive-pumps","7":"product_cat-progressive-grease-systems","8":"product_tag-bearing-lubrication-pump","9":"product_tag-central-lubrication-pump","10":"product_tag-cnc-lubrication-pump","12":"entry","13":"has-media","15":"first","16":"instock","17":"shipping-taxable","18":"product-type-external","19":"col","20":"span_1_of_3","21":"owp-content-center","22":"owp-thumbs-layout-horizontal","23":"owp-btn-very-big","24":"owp-tabs-layout-horizontal"},"_links":{"self":[{"href":"https:\/\/www.jinpinlub.com\/vi\/wp-json\/wp\/v2\/product\/3316","targetHints":{"allow":["GET"]}}],"collection":[{"href":"https:\/\/www.jinpinlub.com\/vi\/wp-json\/wp\/v2\/product"}],"about":[{"href":"https:\/\/www.jinpinlub.com\/vi\/wp-json\/wp\/v2\/types\/product"}],"wp:featuredmedia":[{"embeddable":true,"href":"https:\/\/www.jinpinlub.com\/vi\/wp-json\/wp\/v2\/media\/3322"}],"wp:attachment":[{"href":"https:\/\/www.jinpinlub.com\/vi\/wp-json\/wp\/v2\/media?parent=3316"}],"wp:term":[{"taxonomy":"product_brand","embeddable":true,"href":"https:\/\/www.jinpinlub.com\/vi\/wp-json\/wp\/v2\/product_brand?post=3316"},{"taxonomy":"product_cat","embeddable":true,"href":"https:\/\/www.jinpinlub.com\/vi\/wp-json\/wp\/v2\/product_cat?post=3316"},{"taxonomy":"product_tag","embeddable":true,"href":"https:\/\/www.jinpinlub.com\/vi\/wp-json\/wp\/v2\/product_tag?post=3316"}],"curies":[{"name":"wp","href":"https:\/\/api.w.org\/{rel}","templated":true}]}}