{"id":3317,"date":"2024-08-16T14:18:49","date_gmt":"2024-08-16T14:18:49","guid":{"rendered":"https:\/\/www.jinpinlub.com\/?post_type=product&#038;p=3317"},"modified":"2024-08-16T14:40:11","modified_gmt":"2024-08-16T14:40:11","slug":"bom-boi-tron-dien-j200-cho-he-thong-boi-tron-mot-dong","status":"publish","type":"product","link":"https:\/\/www.jinpinlub.com\/vi\/product\/j200-electric-lubrication-pump-for-single-line-lube-systems\/","title":{"rendered":"B\u01a1m b\u00f4i tr\u01a1n \u0111i\u1ec7n J200 cho h\u1ec7 th\u1ed1ng b\u00f4i tr\u01a1n m\u1ed9t \u0111\u01b0\u1eddng"},"content":{"rendered":"<h2>\u0110\u1eb7c tr\u01b0ng<\/h2>\n<p>D\u00f2ng J200 c\u00f3 th\u1ec3 \u0111\u01b0\u1ee3c s\u1eed d\u1ee5ng trong h\u1ec7 th\u1ed1ng b\u00f4i tr\u01a1n t\u1eadp trung m\u1ed9t d\u00f2ng. Chuy\u1ec3n \u0111\u1ed9ng tuy\u1ebfn t\u00ednh qua l\u1ea1i c\u1ee7a b\u01a1m \u0111\u01b0\u1ee3c \u0111i\u1ec1u khi\u1ec3n b\u1edfi \u0111\u1ed9ng c\u01a1 \u0111\u01b0a m\u1ee1 \u0111\u1ebfn \u0111\u1ea7u ra c\u1ee7a b\u01a1m v\u00e0 \u0111\u1ea1t \u0111\u1ebfn \u0111i\u1ec3m b\u00f4i tr\u01a1n th\u00f4ng qua b\u1ed9 ph\u00e2n ph\u1ed1i \u00e1p su\u1ea5t. Khi \u0111\u1ea1t \u0111\u1ebfn \u00e1p su\u1ea5t c\u00e0i \u0111\u1eb7t tr\u01b0\u1edbc, \u0111\u1ed9ng c\u01a1 ng\u1eebng ho\u1ea1t \u0111\u1ed9ng v\u00e0 van gi\u1ea3m \u00e1p c\u0169ng b\u1eaft \u0111\u1ea7u ho\u1ea1t \u0111\u1ed9ng, gi\u1ea3i ph\u00f3ng \u00e1p su\u1ea5t c\u1ee7a h\u1ec7 th\u1ed1ng v\u00e0 m\u1ed9t chu k\u1ef3 \u0111\u01b0\u1ee3c ho\u00e0n th\u00e0nh.<br \/>\nM\u00e1y b\u01a1m c\u00f3 th\u1ec3 \u0111\u01b0\u1ee3c \u0111i\u1ec1u khi\u1ec3n b\u1edfi h\u1ec7 th\u1ed1ng \u0111i\u1ec1u khi\u1ec3n b\u00ean ngo\u00e0i. H\u1ec7 th\u1ed1ng \u0111i\u1ec1u khi\u1ec3n ch\u1ee7 y\u1ebfu thi\u1ebft l\u1eadp t\u1ea7n su\u1ea5t b\u00f4i tr\u01a1n, th\u1eddi gian b\u00f4i tr\u01a1n v\u00e0 th\u1eddi gian ng\u1eaft qu\u00e3ng.<br \/>\n\u00c1p su\u1ea5t h\u1ec7 th\u1ed1ng \u0111\u01b0\u1ee3c theo d\u00f5i b\u1eb1ng c\u00f4ng t\u1eafc \u00e1p su\u1ea5t, th\u01b0\u1eddng \u0111\u01b0\u1ee3c l\u1eafp trong \u1ed1ng tr\u01b0\u1edbc b\u1ed9 ph\u00e2n ph\u1ed1i cu\u1ed1i c\u00f9ng. C\u00f4ng t\u1eafc \u00e1p su\u1ea5t g\u1eedi t\u00edn hi\u1ec7u \u0111\u1ebfn b\u1ed9 ph\u1eadn \u0111i\u1ec1u khi\u1ec3n, b\u1ed9 ph\u1eadn n\u00e0y d\u1eebng b\u01a1m.<br \/>\nM\u00e1y b\u01a1m b\u00f4i tr\u01a1n v\u00e0 b\u1ed9 ph\u00e2n ph\u1ed1i \u00e1p su\u1ea5t J200 ho\u1ea1t \u0111\u1ed9ng trong ph\u1ea1m vi nhi\u1ec7t \u0111\u1ed9 quy \u0111\u1ecbnh, \u00e1p su\u1ea5t t\u1ed1i \u0111a l\u00e0 8MPa, chu k\u1ef3 b\u00f4i tr\u01a1n nh\u1ecf l\u00e0 5 ph\u00fat, chi\u1ec1u d\u00e0i \u0111\u01b0\u1eddng \u1ed1ng ch\u00ednh t\u1ed1i \u0111a l\u00e0 15 m\u00e9t v\u00e0 ph\u00f9 h\u1ee3p \u0111\u1ec3 b\u00f4i tr\u01a1n t\u1edbi 100 l\u1ea7n trong nh\u00e0 cho c\u00e1c thi\u1ebft b\u1ecb v\u1eeba v\u00e0 nh\u1ecf.<\/p>\n<h2>\u0110\u1eb7c \u0111i\u1ec3m k\u1ef9 thu\u1eadt<\/h2>\n<table>\n<tbody>\n<tr>\n<td>Nhi\u1ec7t \u0111\u1ed9 ho\u1ea1t \u0111\u1ed9ng<\/td>\n<td>0~+50\u00b0C<\/td>\n<\/tr>\n<tr>\n<td>S\u1ed1 l\u01b0\u1ee3ng c\u1eeda h\u00e0ng<\/td>\n<td>1, 2<\/td>\n<\/tr>\n<tr>\n<td>S\u1ee9c ch\u1ee9a h\u1ed3 ch\u1ee9a<\/td>\n<td>0,3L, 1,5L(b\u00ecnh ch\u1ee9a), 0,3L, 0,7L(H\u1ed9p m\u1ef1c)<\/td>\n<\/tr>\n<tr>\n<td>N\u1ea1p l\u1ea1i<\/td>\n<td>Ph\u1ee5 ki\u1ec7n b\u00f4i tr\u01a1n th\u1ee7y l\u1ef1c<\/td>\n<\/tr>\n<tr>\n<td>Ch\u1ea5t b\u00f4i tr\u01a1n<\/td>\n<td>M\u1ee1 b\u00f4i tr\u01a1n c\u1ea5p NLGI 000~2#<\/td>\n<\/tr>\n<tr>\n<td>L\u1edbp b\u1ea3o v\u1ec7<\/td>\n<td>IP54<\/td>\n<\/tr>\n<tr>\n<td>Ph\u00f3ng \u0111i\u1ec7n<\/td>\n<td>15mL\/ph\u00fat<\/td>\n<\/tr>\n<tr>\n<td>\u00c1p su\u1ea5t v\u1eadn h\u00e0nh t\u1ed1i \u0111a<\/td>\n<td>8MPa<\/td>\n<\/tr>\n<tr>\n<td>Ch\u1ee7 \u0111\u1ec1 k\u1ebft n\u1ed1i<\/td>\n<td>\u03a66 ho\u1eb7c \u03a68<\/td>\n<\/tr>\n<tr>\n<td>\u0110i\u1ec7n \u00e1p ho\u1ea1t \u0111\u1ed9ng<\/td>\n<td>24VDC<\/td>\n<\/tr>\n<tr>\n<td>Ch\u1ee9ng nh\u1eadn<\/td>\n<td>Ti\u00eau chu\u1ea9n<\/td>\n<\/tr>\n<tr>\n<td>V\u1ecb tr\u00ed l\u1eafp \u0111\u1eb7t<\/td>\n<td>th\u1eb3ng \u0111\u1ee9ng<\/td>\n<\/tr>\n<\/tbody>\n<\/table>\n<h2>\u1ee8ng d\u1ee5ng<\/h2>\n<p>C\u00f4ng t\u1eafc m\u1ee9c th\u1ea5p n\u1eb1m trong b\u1ed9 chuy\u1ec3n \u0111\u1ed5i h\u1ed9p m\u1ef1c. Khi c\u00f4ng t\u1eafc m\u1ee9c ho\u1ea1t \u0111\u1ed9ng, b\u01a1m b\u00f4i tr\u01a1n s\u1ebd ng\u1eebng ho\u1ea1t \u0111\u1ed9ng tr\u01b0\u1edbc khi h\u1ed9p m\u1ef1c h\u1ebft m\u1ee1 \u0111\u1ec3 ng\u0103n kh\u00f4ng kh\u00ed l\u1ecdt v\u00e0o. Khi c\u00f4ng t\u1eafc m\u1ee9c ho\u1ea1t \u0111\u1ed9ng, \u0111\u00e8n b\u00e1o l\u00e0m vi\u1ec7c s\u1ebd nh\u1ea5p nh\u00e1y.<br \/>\nC\u00f4ng t\u1eafc m\u1ee9c ch\u1ec9 ph\u00e1t ra t\u00edn hi\u1ec7u khi m\u00e1y b\u01a1m \u0111\u01b0\u1ee3c b\u1eadt.<br \/>\nV\u00ec m\u00e1y b\u01a1m d\u1eebng khi c\u00f4ng t\u1eafc m\u1ef1c ch\u1ea5t l\u1ecfng \u0111ang ho\u1ea1t \u0111\u1ed9ng n\u00ean c\u00f4ng t\u1eafc \u00e1p su\u1ea5t c\u00f3 th\u1ec3 kh\u00f4ng ho\u1ea1t \u0111\u1ed9ng, do \u0111\u00f3 n\u00f3 s\u1ebd \u0111\u01b0a ra gi\u00e1 tr\u1ecb \u00e1p su\u1ea5t b\u00ecnh th\u01b0\u1eddng.<\/p>\n<h2>H\u01b0\u1edbng d\u1eabn s\u1eed d\u1ee5ng<\/h2>\n<div class=\"sdm_download_button_box_default\"><div class=\"sdm_download_link\"><a href=\"https:\/\/www.jinpinlub.com\/vi\/?sdm_process_download=1&download_id=2464\" class=\"sdm_download white\" title=\"Ri\u00eang t\u01b0: J200 Grease Pump\" target=\"&quot;_blank&quot;\">Xem B\u1ea3ng d\u1eef li\u1ec7u - B\u01a1m m\u1ee1 J200<\/a><\/div><\/div>","protected":false},"excerpt":{"rendered":"<p>H\u1ec7 th\u1ed1ng b\u00f4i tr\u01a1n m\u1ee1 J200 b\u00f4i tr\u01a1n v\u00e0 b\u1ea3o v\u1ec7 thi\u1ebft b\u1ecb b\u1eb1ng c\u00e1ch h\u00fat ch\u1ea5t b\u00f4i tr\u01a1n, \u0111\u01b0a qua b\u1ed9 l\u1ecdc v\u00e0 van \u0111\u1ecbnh l\u01b0\u1ee3ng ch\u1ea5t b\u00f4i tr\u01a1n, sau \u0111\u00f3 v\u1eadn chuy\u1ec3n \u0111\u1ebfn \u0111i\u1ec3m b\u00f4i tr\u01a1n c\u1ee7a thi\u1ebft b\u1ecb th\u00f4ng qua \u0111\u01b0\u1eddng \u1ed1ng b\u00f4i tr\u01a1n.<\/p>","protected":false},"featured_media":3244,"template":"","meta":{"ocean_post_layout":"","ocean_both_sidebars_style":"","ocean_both_sidebars_content_width":0,"ocean_both_sidebars_sidebars_width":0,"ocean_sidebar":"0","ocean_second_sidebar":"0","ocean_disable_margins":"enable","ocean_add_body_class":"","ocean_shortcode_before_top_bar":"","ocean_shortcode_after_top_bar":"","ocean_shortcode_before_header":"","ocean_shortcode_after_header":"","ocean_has_shortcode":"","ocean_shortcode_after_title":"","ocean_shortcode_before_footer_widgets":"","ocean_shortcode_after_footer_widgets":"","ocean_shortcode_before_footer_bottom":"","ocean_shortcode_after_footer_bottom":"","ocean_display_top_bar":"default","ocean_display_header":"default","ocean_header_style":"","ocean_center_header_left_menu":"0","ocean_custom_header_template":"0","ocean_custom_logo":0,"ocean_custom_retina_logo":0,"ocean_custom_logo_max_width":0,"ocean_custom_logo_tablet_max_width":0,"ocean_custom_logo_mobile_max_width":0,"ocean_custom_logo_max_height":0,"ocean_custom_logo_tablet_max_height":0,"ocean_custom_logo_mobile_max_height":0,"ocean_header_custom_menu":"0","ocean_menu_typo_font_family":"0","ocean_menu_typo_font_subset":"","ocean_menu_typo_font_size":0,"ocean_menu_typo_font_size_tablet":0,"ocean_menu_typo_font_size_mobile":0,"ocean_menu_typo_font_size_unit":"px","ocean_menu_typo_font_weight":"","ocean_menu_typo_font_weight_tablet":"","ocean_menu_typo_font_weight_mobile":"","ocean_menu_typo_transform":"","ocean_menu_typo_transform_tablet":"","ocean_menu_typo_transform_mobile":"","ocean_menu_typo_line_height":0,"ocean_menu_typo_line_height_tablet":0,"ocean_menu_typo_line_height_mobile":0,"ocean_menu_typo_line_height_unit":"","ocean_menu_typo_spacing":0,"ocean_menu_typo_spacing_tablet":0,"ocean_menu_typo_spacing_mobile":0,"ocean_menu_typo_spacing_unit":"","ocean_menu_link_color":"","ocean_menu_link_color_hover":"","ocean_menu_link_color_active":"","ocean_menu_link_background":"","ocean_menu_link_hover_background":"","ocean_menu_link_active_background":"","ocean_menu_social_links_bg":"","ocean_menu_social_hover_links_bg":"","ocean_menu_social_links_color":"","ocean_menu_social_hover_links_color":"","ocean_disable_title":"default","ocean_disable_heading":"default","ocean_post_title":"","ocean_post_subheading":"","ocean_post_title_style":"","ocean_post_title_background_color":"","ocean_post_title_background":0,"ocean_post_title_bg_image_position":"","ocean_post_title_bg_image_attachment":"","ocean_post_title_bg_image_repeat":"","ocean_post_title_bg_image_size":"","ocean_post_title_height":0,"ocean_post_title_bg_overlay":0.5,"ocean_post_title_bg_overlay_color":"","ocean_disable_breadcrumbs":"default","ocean_breadcrumbs_color":"","ocean_breadcrumbs_separator_color":"","ocean_breadcrumbs_links_color":"","ocean_breadcrumbs_links_hover_color":"","ocean_display_footer_widgets":"default","ocean_display_footer_bottom":"default","ocean_custom_footer_template":"0","osh_disable_topbar_sticky":"default","osh_disable_header_sticky":"default","osh_sticky_header_style":"default","osh_sticky_header_effect":"","osh_custom_sticky_logo":0,"osh_custom_retina_sticky_logo":0,"osh_custom_sticky_logo_height":0,"osh_background_color":"","osh_links_color":"","osh_links_hover_color":"","osh_links_active_color":"","osh_links_bg_color":"","osh_links_hover_bg_color":"","osh_links_active_bg_color":"","osh_menu_social_links_color":"","osh_menu_social_hover_links_color":""},"product_brand":[],"product_cat":[38,37],"product_tag":[194,195,193],"class_list":{"0":"post-3317","1":"product","2":"type-product","3":"status-publish","4":"has-post-thumbnail","6":"product_cat-electric-pressure-relief-pumps","7":"product_cat-single-line-grease-systems","8":"product_tag-centralized-lubrication-pump","9":"product_tag-lube-piston-pump","10":"product_tag-lubrication-pumps","12":"entry","13":"has-media","15":"first","16":"instock","17":"shipping-taxable","18":"product-type-external","19":"col","20":"span_1_of_3","21":"owp-content-center","22":"owp-thumbs-layout-horizontal","23":"owp-btn-very-big","24":"owp-tabs-layout-horizontal"},"_links":{"self":[{"href":"https:\/\/www.jinpinlub.com\/vi\/wp-json\/wp\/v2\/product\/3317","targetHints":{"allow":["GET"]}}],"collection":[{"href":"https:\/\/www.jinpinlub.com\/vi\/wp-json\/wp\/v2\/product"}],"about":[{"href":"https:\/\/www.jinpinlub.com\/vi\/wp-json\/wp\/v2\/types\/product"}],"wp:featuredmedia":[{"embeddable":true,"href":"https:\/\/www.jinpinlub.com\/vi\/wp-json\/wp\/v2\/media\/3244"}],"wp:attachment":[{"href":"https:\/\/www.jinpinlub.com\/vi\/wp-json\/wp\/v2\/media?parent=3317"}],"wp:term":[{"taxonomy":"product_brand","embeddable":true,"href":"https:\/\/www.jinpinlub.com\/vi\/wp-json\/wp\/v2\/product_brand?post=3317"},{"taxonomy":"product_cat","embeddable":true,"href":"https:\/\/www.jinpinlub.com\/vi\/wp-json\/wp\/v2\/product_cat?post=3317"},{"taxonomy":"product_tag","embeddable":true,"href":"https:\/\/www.jinpinlub.com\/vi\/wp-json\/wp\/v2\/product_tag?post=3317"}],"curies":[{"name":"wp","href":"https:\/\/api.w.org\/{rel}","templated":true}]}}