{"id":3318,"date":"2024-08-16T14:40:19","date_gmt":"2024-08-16T14:40:19","guid":{"rendered":"https:\/\/www.jinpinlub.com\/?post_type=product&#038;p=3318"},"modified":"2024-08-16T15:03:43","modified_gmt":"2024-08-16T15:03:43","slug":"bom-boi-tron-tu-dong-j100-co-chuc-nang-theo-doi-muc-chat-long","status":"publish","type":"product","link":"https:\/\/www.jinpinlub.com\/vi\/product\/j100-automatic-lubrication-pump-with-fill-level-monitoring\/","title":{"rendered":"B\u01a1m b\u00f4i tr\u01a1n t\u1ef1 \u0111\u1ed9ng J100 c\u00f3 ch\u1ee9c n\u0103ng gi\u00e1m s\u00e1t m\u1ee9c ch\u1ea5t l\u1ecfng"},"content":{"rendered":"<h2>\u0110\u1eb7c tr\u01b0ng<\/h2>\n<p>B\u00f4i tr\u01a1n hi\u1ec7u qu\u1ea3: B\u01a1m m\u1ee1 b\u00f4i tr\u01a1n J200 c\u00f3 th\u1ec3 cung c\u1ea5p hi\u1ec7u qu\u1ea3 b\u00f4i tr\u01a1n \u1ed5n \u0111\u1ecbnh \u0111\u1ec3 \u0111\u1ea3m b\u1ea3o thi\u1ebft b\u1ecb ho\u1ea1t \u0111\u1ed9ng b\u00ecnh th\u01b0\u1eddng d\u01b0\u1edbi t\u1ea3i tr\u1ecdng cao.<br \/>\n\u0110\u1ed9 b\u1ec1n cao: M\u00e1y b\u01a1m m\u1ee1 m\u1ed9t d\u00f2ng J200 \u0111\u01b0\u1ee3c l\u00e0m b\u1eb1ng v\u1eadt li\u1ec7u ch\u1ea5t l\u01b0\u1ee3ng cao, c\u00f3 kh\u1ea3 n\u0103ng ch\u1ed1ng m\u00e0i m\u00f2n v\u00e0 ch\u1ed1ng \u0103n m\u00f2n t\u1ed1t.<br \/>\nV\u1eadn h\u00e0nh d\u1ec5 d\u00e0ng: B\u01a1m b\u00f4i tr\u01a1n gi\u1ea3m \u00e1p c\u00f3 thi\u1ebft k\u1ebf \u0111\u01a1n gi\u1ea3n, d\u1ec5 l\u1eafp \u0111\u1eb7t v\u00e0 b\u1ea3o tr\u00ec, ng\u01b0\u1eddi d\u00f9ng c\u00f3 th\u1ec3 d\u1ec5 d\u00e0ng thay th\u1ebf ch\u1ea5t b\u00f4i tr\u01a1n.<br \/>\nThi\u1ebft k\u1ebf th\u00e2n thi\u1ec7n v\u1edbi m\u00f4i tr\u01b0\u1eddng: H\u1ec7 th\u1ed1ng b\u00f4i tr\u01a1n nh\u1eb9 J200 c\u00f3 kh\u1ea3 n\u0103ng x\u1ea3 ch\u00ednh x\u00e1c, k\u1ebft h\u1ee3p v\u1edbi van \u0111\u1ecbnh l\u01b0\u1ee3ng \u0111\u00f3ng vai tr\u00f2 l\u00e0 b\u1ed9 ph\u00e2n ph\u1ed1i, c\u00f3 th\u1ec3 gi\u1ea3m thi\u1ec3u ch\u1ea5t th\u1ea3i v\u00e0 \u00f4 nhi\u1ec5m ch\u1ea5t b\u00f4i tr\u01a1n, \u0111\u00e1p \u1ee9ng c\u00e1c y\u00eau c\u1ea7u v\u1ec1 b\u1ea3o v\u1ec7 m\u00f4i tr\u01b0\u1eddng.<br \/>\nAn to\u00e0n v\u00e0 \u0111\u00e1ng tin c\u1eady: B\u01a1m b\u00f4i tr\u01a1n \u0111i\u1ec7n c\u00f3 ch\u1ee9c n\u0103ng b\u1ea3o v\u1ec7 qu\u00e1 \u00e1p v\u00e0 c\u1ea3nh b\u00e1o m\u1ee9c d\u1ea7u th\u1ea5p \u0111\u1ec3 \u0111\u1ea3m b\u1ea3o thi\u1ebft b\u1ecb ho\u1ea1t \u0111\u1ed9ng an to\u00e0n.<\/p>\n<h2>\u0110\u1eb7c \u0111i\u1ec3m k\u1ef9 thu\u1eadt<\/h2>\n<table>\n<tbody>\n<tr>\n<td>Nhi\u1ec7t \u0111\u1ed9 ho\u1ea1t \u0111\u1ed9ng<\/td>\n<td>0~+50\u00b0C<\/td>\n<\/tr>\n<tr>\n<td>S\u1ed1 l\u01b0\u1ee3ng c\u1eeda h\u00e0ng<\/td>\n<td>1, 2<\/td>\n<\/tr>\n<tr>\n<td>S\u1ee9c ch\u1ee9a h\u1ed3 ch\u1ee9a<\/td>\n<td>0,3L, 1,5L(b\u00ecnh ch\u1ee9a), 0,3L, 0,7L(H\u1ed9p m\u1ef1c)<\/td>\n<\/tr>\n<tr>\n<td>N\u1ea1p l\u1ea1i<\/td>\n<td>Ph\u1ee5 ki\u1ec7n b\u00f4i tr\u01a1n th\u1ee7y l\u1ef1c<\/td>\n<\/tr>\n<tr>\n<td>Ch\u1ea5t b\u00f4i tr\u01a1n<\/td>\n<td>M\u1ee1 b\u00f4i tr\u01a1n c\u1ea5p NLGI 000~2#<\/td>\n<\/tr>\n<tr>\n<td>L\u1edbp b\u1ea3o v\u1ec7<\/td>\n<td>IP54<\/td>\n<\/tr>\n<tr>\n<td>Ph\u00f3ng \u0111i\u1ec7n<\/td>\n<td>15mL\/ph\u00fat<\/td>\n<\/tr>\n<tr>\n<td>\u00c1p su\u1ea5t v\u1eadn h\u00e0nh t\u1ed1i \u0111a<\/td>\n<td>8MPa<\/td>\n<\/tr>\n<tr>\n<td>Ch\u1ee7 \u0111\u1ec1 k\u1ebft n\u1ed1i<\/td>\n<td>\u03a66 ho\u1eb7c \u03a68<\/td>\n<\/tr>\n<tr>\n<td>\u0110i\u1ec7n \u00e1p ho\u1ea1t \u0111\u1ed9ng<\/td>\n<td>24VDC<\/td>\n<\/tr>\n<tr>\n<td>Ch\u1ee9ng nh\u1eadn<\/td>\n<td>Ti\u00eau chu\u1ea9n<\/td>\n<\/tr>\n<tr>\n<td>V\u1ecb tr\u00ed l\u1eafp \u0111\u1eb7t<\/td>\n<td>th\u1eb3ng \u0111\u1ee9ng<\/td>\n<\/tr>\n<\/tbody>\n<\/table>\n<h2>L\u1eafp r\u00e1p<\/h2>\n<p>Kh\u00f4ng l\u00e0m r\u01a1i s\u1ea3n ph\u1ea9m \u0111\u1ec3 g\u00e2y th\u01b0\u01a1ng t\u00edch ho\u1eb7c thi\u1ec7t h\u1ea1i t\u00e0i s\u1ea3n.<br \/>\nKhi l\u1eafp \u1ed1ng v\u00e0 c\u00e1c b\u1ed9 ph\u1eadn chuy\u1ec3n \u0111\u1ed9ng li\u00ean quan, vui l\u00f2ng gi\u1eef kho\u1ea3ng c\u00e1ch an to\u00e0n v\u00e0 tu\u00e2n th\u1ee7 c\u00e1c quy \u0111\u1ecbnh c\u1ee7a \u0111\u1ecba ph\u01b0\u01a1ng \u0111\u1ec3 tr\u00e1nh tai n\u1ea1n.<br \/>\n\u0110\u1ea3m b\u1ea3o c\u1ed1 \u0111\u1ecbnh m\u00e1y b\u01a1m tr\u00ean b\u1ec1 m\u1eb7t th\u1eb3ng \u0111\u1ee9ng v\u00e0 ph\u1eb3ng \u0111\u1ec3 m\u00e1y c\u00f3 th\u1ec3 ch\u1ecbu \u0111\u01b0\u1ee3c to\u00e0n b\u1ed9 tr\u1ecdng l\u01b0\u1ee3ng c\u1ee7a m\u00e1y b\u01a1m.<br \/>\nL\u1eafp v\u00e0 c\u1ed1 \u0111\u1ecbnh m\u00e1y b\u01a1m b\u1eb1ng ba bu l\u00f4ng M6 qua l\u1ed7 7mm.<br \/>\nN\u00ean s\u1eed d\u1ee5ng keo ch\u1ed1ng rung khi m\u00e1y b\u01a1m ph\u1ea3i ch\u1ecbu rung \u0111\u1ed9ng.<br \/>\nL\u1eafp \u0111\u1eb7t m\u00e1y b\u01a1m \u1edf n\u01a1i c\u00e1ch xa n\u01b0\u1edbc, d\u1ea7u, v\u1ee5n v\u00e0 b\u1ee5i.<br \/>\n\u0110\u1ed9 rung: 9G (88m\/s2) ho\u1eb7c \u00edt h\u01a1n.<\/p>\n<h2>H\u01b0\u1edbng d\u1eabn s\u1eed d\u1ee5ng<\/h2>\n<div class=\"sdm_download_button_box_default\"><div class=\"sdm_download_link\"><a href=\"https:\/\/www.jinpinlub.com\/vi\/?sdm_process_download=1&download_id=2464\" class=\"sdm_download white\" title=\"Ri\u00eang t\u01b0: J200 Grease Pump\" target=\"&quot;_blank&quot;\">Xem B\u1ea3ng d\u1eef li\u1ec7u - B\u01a1m m\u1ee1 J200<\/a><\/div><\/div>","protected":false},"excerpt":{"rendered":"<p>P200 l\u00e0 b\u01a1m b\u00f4i tr\u01a1n gi\u1ea3m \u00e1p, \u0111\u01b0\u1ee3c trang b\u1ecb thi\u1ebft b\u1ecb \u0111o \u00e1p su\u1ea5t b\u00f4i tr\u01a1n gi\u1ea3m \u00e1p \u0111\u1ec3 t\u1ea1o th\u00e0nh h\u1ec7 th\u1ed1ng b\u00f4i tr\u01a1n m\u1ed9t d\u00f2ng, c\u00f3 th\u1ec3 b\u00f4i tr\u01a1n ch\u00ednh x\u00e1c thi\u1ebft b\u1ecb. B\u01a1m n\u00e0y c\u00f3 k\u00edch th\u01b0\u1edbc nh\u1ecf, tr\u1ecdng l\u01b0\u1ee3ng nh\u1eb9 v\u00e0 c\u00f3 ph\u1ea1m vi \u1ee9ng d\u1ee5ng r\u1ed9ng.<\/p>","protected":false},"featured_media":3323,"template":"","meta":{"ocean_post_layout":"","ocean_both_sidebars_style":"","ocean_both_sidebars_content_width":0,"ocean_both_sidebars_sidebars_width":0,"ocean_sidebar":"0","ocean_second_sidebar":"0","ocean_disable_margins":"enable","ocean_add_body_class":"","ocean_shortcode_before_top_bar":"","ocean_shortcode_after_top_bar":"","ocean_shortcode_before_header":"","ocean_shortcode_after_header":"","ocean_has_shortcode":"","ocean_shortcode_after_title":"","ocean_shortcode_before_footer_widgets":"","ocean_shortcode_after_footer_widgets":"","ocean_shortcode_before_footer_bottom":"","ocean_shortcode_after_footer_bottom":"","ocean_display_top_bar":"default","ocean_display_header":"default","ocean_header_style":"","ocean_center_header_left_menu":"0","ocean_custom_header_template":"0","ocean_custom_logo":0,"ocean_custom_retina_logo":0,"ocean_custom_logo_max_width":0,"ocean_custom_logo_tablet_max_width":0,"ocean_custom_logo_mobile_max_width":0,"ocean_custom_logo_max_height":0,"ocean_custom_logo_tablet_max_height":0,"ocean_custom_logo_mobile_max_height":0,"ocean_header_custom_menu":"0","ocean_menu_typo_font_family":"0","ocean_menu_typo_font_subset":"","ocean_menu_typo_font_size":0,"ocean_menu_typo_font_size_tablet":0,"ocean_menu_typo_font_size_mobile":0,"ocean_menu_typo_font_size_unit":"px","ocean_menu_typo_font_weight":"","ocean_menu_typo_font_weight_tablet":"","ocean_menu_typo_font_weight_mobile":"","ocean_menu_typo_transform":"","ocean_menu_typo_transform_tablet":"","ocean_menu_typo_transform_mobile":"","ocean_menu_typo_line_height":0,"ocean_menu_typo_line_height_tablet":0,"ocean_menu_typo_line_height_mobile":0,"ocean_menu_typo_line_height_unit":"","ocean_menu_typo_spacing":0,"ocean_menu_typo_spacing_tablet":0,"ocean_menu_typo_spacing_mobile":0,"ocean_menu_typo_spacing_unit":"","ocean_menu_link_color":"","ocean_menu_link_color_hover":"","ocean_menu_link_color_active":"","ocean_menu_link_background":"","ocean_menu_link_hover_background":"","ocean_menu_link_active_background":"","ocean_menu_social_links_bg":"","ocean_menu_social_hover_links_bg":"","ocean_menu_social_links_color":"","ocean_menu_social_hover_links_color":"","ocean_disable_title":"default","ocean_disable_heading":"default","ocean_post_title":"","ocean_post_subheading":"","ocean_post_title_style":"","ocean_post_title_background_color":"","ocean_post_title_background":0,"ocean_post_title_bg_image_position":"","ocean_post_title_bg_image_attachment":"","ocean_post_title_bg_image_repeat":"","ocean_post_title_bg_image_size":"","ocean_post_title_height":0,"ocean_post_title_bg_overlay":0.5,"ocean_post_title_bg_overlay_color":"","ocean_disable_breadcrumbs":"default","ocean_breadcrumbs_color":"","ocean_breadcrumbs_separator_color":"","ocean_breadcrumbs_links_color":"","ocean_breadcrumbs_links_hover_color":"","ocean_display_footer_widgets":"default","ocean_display_footer_bottom":"default","ocean_custom_footer_template":"0","osh_disable_topbar_sticky":"default","osh_disable_header_sticky":"default","osh_sticky_header_style":"default","osh_sticky_header_effect":"","osh_custom_sticky_logo":0,"osh_custom_retina_sticky_logo":0,"osh_custom_sticky_logo_height":0,"osh_background_color":"","osh_links_color":"","osh_links_hover_color":"","osh_links_active_color":"","osh_links_bg_color":"","osh_links_hover_bg_color":"","osh_links_active_bg_color":"","osh_menu_social_links_color":"","osh_menu_social_hover_links_color":""},"product_brand":[],"product_cat":[38,37],"product_tag":[74,196,197],"class_list":{"0":"post-3318","1":"product","2":"type-product","3":"status-publish","4":"has-post-thumbnail","6":"product_cat-electric-pressure-relief-pumps","7":"product_cat-single-line-grease-systems","8":"product_tag-automatic-lubrication-pump","9":"product_tag-grease-lubrication-system","10":"product_tag-pressure-relief-pump","12":"entry","13":"has-media","15":"first","16":"instock","17":"shipping-taxable","18":"product-type-external","19":"col","20":"span_1_of_3","21":"owp-content-center","22":"owp-thumbs-layout-horizontal","23":"owp-btn-very-big","24":"owp-tabs-layout-horizontal"},"_links":{"self":[{"href":"https:\/\/www.jinpinlub.com\/vi\/wp-json\/wp\/v2\/product\/3318","targetHints":{"allow":["GET"]}}],"collection":[{"href":"https:\/\/www.jinpinlub.com\/vi\/wp-json\/wp\/v2\/product"}],"about":[{"href":"https:\/\/www.jinpinlub.com\/vi\/wp-json\/wp\/v2\/types\/product"}],"wp:featuredmedia":[{"embeddable":true,"href":"https:\/\/www.jinpinlub.com\/vi\/wp-json\/wp\/v2\/media\/3323"}],"wp:attachment":[{"href":"https:\/\/www.jinpinlub.com\/vi\/wp-json\/wp\/v2\/media?parent=3318"}],"wp:term":[{"taxonomy":"product_brand","embeddable":true,"href":"https:\/\/www.jinpinlub.com\/vi\/wp-json\/wp\/v2\/product_brand?post=3318"},{"taxonomy":"product_cat","embeddable":true,"href":"https:\/\/www.jinpinlub.com\/vi\/wp-json\/wp\/v2\/product_cat?post=3318"},{"taxonomy":"product_tag","embeddable":true,"href":"https:\/\/www.jinpinlub.com\/vi\/wp-json\/wp\/v2\/product_tag?post=3318"}],"curies":[{"name":"wp","href":"https:\/\/api.w.org\/{rel}","templated":true}]}}