{"id":3319,"date":"2024-08-16T14:46:28","date_gmt":"2024-08-16T14:46:28","guid":{"rendered":"https:\/\/www.jinpinlub.com\/?post_type=product&#038;p=3319"},"modified":"2024-08-16T14:50:03","modified_gmt":"2024-08-16T14:50:03","slug":"he-thong-boi-tron-tu-dong-j200-cho-boi-tron-co-hoc","status":"publish","type":"product","link":"https:\/\/www.jinpinlub.com\/vi\/product\/j200-automatic-lubrication-system-for-mechanical-lubrication\/","title":{"rendered":"H\u1ec7 th\u1ed1ng b\u00f4i tr\u01a1n t\u1ef1 \u0111\u1ed9ng J200 cho b\u00f4i tr\u01a1n c\u01a1 kh\u00ed"},"content":{"rendered":"<h2>\u0110\u1eb7c tr\u01b0ng<\/h2>\n<p>B\u1ea3o v\u1ec7 m\u00f4i tr\u01b0\u1eddng: L\u01b0\u1ee3ng b\u00f4i tr\u01a1n ch\u00ednh x\u00e1c c\u1ee7a h\u1ec7 th\u1ed1ng \u0111\u01b0\u1eddng \u1ed1ng \u0111\u01a1n gi\u1ea3m \u00e1p tr\u00e1nh l\u00e3ng ph\u00ed ch\u1ea5t b\u00f4i tr\u01a1n, kh\u00f4ng g\u00e2y \u00f4 nhi\u1ec5m m\u00f4i tr\u01b0\u1eddng v\u00e0 ph\u00f4i, ph\u00f9 h\u1ee3p v\u1edbi m\u00f4i tr\u01b0\u1eddng gia c\u00f4ng c\u00f3 y\u00eau c\u1ea7u v\u1ec7 sinh cao.<br \/>\n\u0110\u1ed9 b\u1ec1n: B\u01a1m b\u00f4i tr\u01a1n c\u00f3 th\u1ec3 duy tr\u00ec hi\u1ec7u su\u1ea5t b\u00f4i tr\u01a1n tuy\u1ec7t v\u1eddi trong c\u00e1c \u0111i\u1ec1u ki\u1ec7n t\u01b0\u01a1ng \u0111\u1ed1i kh\u1eafc nghi\u1ec7t, ch\u1eb3ng h\u1ea1n nh\u01b0 nhi\u1ec1u \u0111i\u1ec1u ki\u1ec7n l\u00e0m vi\u1ec7c kh\u00e1c nhau, bao g\u1ed3m nhi\u1ec7t \u0111\u1ed9 cao, nhi\u1ec7t \u0111\u1ed9 th\u1ea5p, t\u1ea3i n\u1eb7ng, t\u1ea3i rung, t\u1ea3i cao, v.v.<br \/>\nT\u00ednh \u1ed5n \u0111\u1ecbnh: B\u01a1m b\u00f4i tr\u01a1n \u0111i\u1ec7n ho\u1ea1t \u0111\u1ed9ng \u1ed5n \u0111\u1ecbnh trong nhi\u1ec1u \u0111i\u1ec1u ki\u1ec7n kh\u00e1c nhau \u0111\u1ec3 \u0111\u1ea3m b\u1ea3o hi\u1ec7u qu\u1ea3 b\u00f4i tr\u01a1n m\u00e0 m\u00e1y \u0111\u1ea1t \u0111\u01b0\u1ee3c l\u00e0 \u1ed5n \u0111\u1ecbnh v\u00e0 l\u00e2u d\u00e0i.<br \/>\n\u0110\u00f9n: B\u01a1m m\u1ee1 J200 th\u00edch h\u1ee3p cho c\u00e1c b\u1ed9 ph\u1eadn b\u00f4i tr\u01a1n v\u1edbi t\u1ed1c \u0111\u1ed9 cao, t\u1ed1c \u0111\u1ed9 trung b\u00ecnh, t\u1ed1c \u0111\u1ed9 th\u1ea5p v\u00e0 chuy\u1ec3n \u0111\u1ed9ng gi\u00e1n \u0111o\u1ea1n ho\u1eb7c qua l\u1ea1i th\u01b0\u1eddng xuy\u00ean, \u0111\u1ea3m b\u1ea3o m\u1ee1 c\u00f3 th\u1ec3 ti\u1ebfp c\u1eadn hi\u1ec7u qu\u1ea3 \u0111\u1ebfn c\u00e1c b\u1ed9 ph\u1eadn c\u1ea7n b\u00f4i tr\u01a1n.<\/p>\n<h2>\u0110\u1eb7c \u0111i\u1ec3m k\u1ef9 thu\u1eadt<\/h2>\n<table>\n<tbody>\n<tr>\n<td>Nhi\u1ec7t \u0111\u1ed9 ho\u1ea1t \u0111\u1ed9ng<\/td>\n<td>0~+50\u00b0C<\/td>\n<\/tr>\n<tr>\n<td>S\u1ed1 l\u01b0\u1ee3ng c\u1eeda h\u00e0ng<\/td>\n<td>1, 2<\/td>\n<\/tr>\n<tr>\n<td>S\u1ee9c ch\u1ee9a h\u1ed3 ch\u1ee9a<\/td>\n<td>0,3L, 1,5L(b\u00ecnh ch\u1ee9a), 0,3L, 0,7L(H\u1ed9p m\u1ef1c)<\/td>\n<\/tr>\n<tr>\n<td>N\u1ea1p l\u1ea1i<\/td>\n<td>Ph\u1ee5 ki\u1ec7n b\u00f4i tr\u01a1n th\u1ee7y l\u1ef1c<\/td>\n<\/tr>\n<tr>\n<td>Ch\u1ea5t b\u00f4i tr\u01a1n<\/td>\n<td>M\u1ee1 b\u00f4i tr\u01a1n c\u1ea5p NLGI 000~2#<\/td>\n<\/tr>\n<tr>\n<td>L\u1edbp b\u1ea3o v\u1ec7<\/td>\n<td>IP54<\/td>\n<\/tr>\n<tr>\n<td>Ph\u00f3ng \u0111i\u1ec7n<\/td>\n<td>15mL\/ph\u00fat<\/td>\n<\/tr>\n<tr>\n<td>\u00c1p su\u1ea5t v\u1eadn h\u00e0nh t\u1ed1i \u0111a<\/td>\n<td>8MPa<\/td>\n<\/tr>\n<tr>\n<td>Ch\u1ee7 \u0111\u1ec1 k\u1ebft n\u1ed1i<\/td>\n<td>\u03a66 ho\u1eb7c \u03a68<\/td>\n<\/tr>\n<tr>\n<td>\u0110i\u1ec7n \u00e1p ho\u1ea1t \u0111\u1ed9ng<\/td>\n<td>24VDC<\/td>\n<\/tr>\n<tr>\n<td>Ch\u1ee9ng nh\u1eadn<\/td>\n<td>Ti\u00eau chu\u1ea9n<\/td>\n<\/tr>\n<tr>\n<td>V\u1ecb tr\u00ed l\u1eafp \u0111\u1eb7t<\/td>\n<td>th\u1eb3ng \u0111\u1ee9ng<\/td>\n<\/tr>\n<\/tbody>\n<\/table>\n<h2>\u0110\u01b0\u1eddng \u1ed1ng<\/h2>\n<p>K\u1ebft n\u1ed1i \u1ed1ng v\u1edbi \u0111\u1ea7u ra c\u1ee7a b\u01a1m m\u1ee1 (Rc1\/8), s\u1eed d\u1ee5ng \u1ed1ng 5 MPa ho\u1eb7c cao h\u01a1n, c\u1ed1 \u0111\u1ecbnh \u0111\u1ea7u n\u1ed1i, sau \u0111\u00f3 si\u1ebft ch\u1eb7t b\u1eb1ng c\u1edd l\u00ea t\u1eeb 2,5 \u0111\u1ebfn 3 v\u00f2ng.<br \/>\nM\u00f4-men xo\u1eafn si\u1ebft ch\u1eb7t 10N.m. Sau khi k\u1ebft n\u1ed1i, \u0111\u1ea3m b\u1ea3o kh\u00f4ng c\u00f3 r\u00f2 r\u1ec9 \u1edf \u0111\u1ea7u n\u1ed1i c\u1ee7a h\u1ed9p m\u1ef1c. \u0110\u1ed1i v\u1edbi b\u01a1m b\u00f4i tr\u01a1n J200, \u0111\u1ea3m b\u1ea3o x\u1ea3 h\u1ebft kh\u00f4ng kh\u00ed ra kh\u1ecfi \u1ed1ng v\u00e0 b\u01a1m sau khi k\u1ebft n\u1ed1i.<br \/>\nN\u1ebfu \u0111\u01b0\u1eddng \u1ed1ng ch\u00ednh ng\u1eafn, \u00e1p su\u1ea5t c\u00f3 th\u1ec3 \u0111\u1ea1t t\u1edbi 8MPa ho\u1eb7c cao h\u01a1n nh\u01b0ng kh\u00f4ng c\u00f3 v\u1ea5n \u0111\u1ec1 g\u00ec trong qu\u00e1 tr\u00ecnh s\u1eed d\u1ee5ng.<\/p>\n<h2>H\u01b0\u1edbng d\u1eabn s\u1eed d\u1ee5ng<\/h2>\n<div class=\"sdm_download_button_box_default\"><div class=\"sdm_download_link\"><a href=\"https:\/\/www.jinpinlub.com\/vi\/?sdm_process_download=1&download_id=2464\" class=\"sdm_download white\" title=\"Ri\u00eang t\u01b0: J200 Grease Pump\" target=\"&quot;_blank&quot;\">Xem B\u1ea3ng d\u1eef li\u1ec7u - B\u01a1m m\u1ee1 J200<\/a><\/div><\/div>","protected":false},"excerpt":{"rendered":"<p>B\u01a1m m\u1ee1 b\u00f4i tr\u01a1n J200 l\u00e0 b\u01a1m gi\u1ea3m \u00e1p \u0111\u01a1n d\u00f2ng ch\u1ea5t l\u01b0\u1ee3ng cao, hi\u1ec7u su\u1ea5t cao. \u0110\u01b0\u1ee3c ng\u01b0\u1eddi d\u00f9ng \u01b0a chu\u1ed9ng v\u00ec hi\u1ec7u su\u1ea5t b\u00f4i tr\u01a1n tuy\u1ec7t v\u1eddi, hi\u1ec7u su\u1ea5t m\u00f4i tr\u01b0\u1eddng, \u0111\u1ed9 b\u00e1m d\u00ednh cao, \u0111\u1ed9 \u1ed5n \u0111\u1ecbnh c\u01a1 h\u1ecdc v\u00e0 hi\u1ec7u su\u1ea5t chi ph\u00ed cao.<\/p>","protected":false},"featured_media":3248,"template":"","meta":{"ocean_post_layout":"","ocean_both_sidebars_style":"","ocean_both_sidebars_content_width":0,"ocean_both_sidebars_sidebars_width":0,"ocean_sidebar":"0","ocean_second_sidebar":"0","ocean_disable_margins":"enable","ocean_add_body_class":"","ocean_shortcode_before_top_bar":"","ocean_shortcode_after_top_bar":"","ocean_shortcode_before_header":"","ocean_shortcode_after_header":"","ocean_has_shortcode":"","ocean_shortcode_after_title":"","ocean_shortcode_before_footer_widgets":"","ocean_shortcode_after_footer_widgets":"","ocean_shortcode_before_footer_bottom":"","ocean_shortcode_after_footer_bottom":"","ocean_display_top_bar":"default","ocean_display_header":"default","ocean_header_style":"","ocean_center_header_left_menu":"0","ocean_custom_header_template":"0","ocean_custom_logo":0,"ocean_custom_retina_logo":0,"ocean_custom_logo_max_width":0,"ocean_custom_logo_tablet_max_width":0,"ocean_custom_logo_mobile_max_width":0,"ocean_custom_logo_max_height":0,"ocean_custom_logo_tablet_max_height":0,"ocean_custom_logo_mobile_max_height":0,"ocean_header_custom_menu":"0","ocean_menu_typo_font_family":"0","ocean_menu_typo_font_subset":"","ocean_menu_typo_font_size":0,"ocean_menu_typo_font_size_tablet":0,"ocean_menu_typo_font_size_mobile":0,"ocean_menu_typo_font_size_unit":"px","ocean_menu_typo_font_weight":"","ocean_menu_typo_font_weight_tablet":"","ocean_menu_typo_font_weight_mobile":"","ocean_menu_typo_transform":"","ocean_menu_typo_transform_tablet":"","ocean_menu_typo_transform_mobile":"","ocean_menu_typo_line_height":0,"ocean_menu_typo_line_height_tablet":0,"ocean_menu_typo_line_height_mobile":0,"ocean_menu_typo_line_height_unit":"","ocean_menu_typo_spacing":0,"ocean_menu_typo_spacing_tablet":0,"ocean_menu_typo_spacing_mobile":0,"ocean_menu_typo_spacing_unit":"","ocean_menu_link_color":"","ocean_menu_link_color_hover":"","ocean_menu_link_color_active":"","ocean_menu_link_background":"","ocean_menu_link_hover_background":"","ocean_menu_link_active_background":"","ocean_menu_social_links_bg":"","ocean_menu_social_hover_links_bg":"","ocean_menu_social_links_color":"","ocean_menu_social_hover_links_color":"","ocean_disable_title":"default","ocean_disable_heading":"default","ocean_post_title":"","ocean_post_subheading":"","ocean_post_title_style":"","ocean_post_title_background_color":"","ocean_post_title_background":0,"ocean_post_title_bg_image_position":"","ocean_post_title_bg_image_attachment":"","ocean_post_title_bg_image_repeat":"","ocean_post_title_bg_image_size":"","ocean_post_title_height":0,"ocean_post_title_bg_overlay":0.5,"ocean_post_title_bg_overlay_color":"","ocean_disable_breadcrumbs":"default","ocean_breadcrumbs_color":"","ocean_breadcrumbs_separator_color":"","ocean_breadcrumbs_links_color":"","ocean_breadcrumbs_links_hover_color":"","ocean_display_footer_widgets":"default","ocean_display_footer_bottom":"default","ocean_custom_footer_template":"0","osh_disable_topbar_sticky":"default","osh_disable_header_sticky":"default","osh_sticky_header_style":"default","osh_sticky_header_effect":"","osh_custom_sticky_logo":0,"osh_custom_retina_sticky_logo":0,"osh_custom_sticky_logo_height":0,"osh_background_color":"","osh_links_color":"","osh_links_hover_color":"","osh_links_active_color":"","osh_links_bg_color":"","osh_links_hover_bg_color":"","osh_links_active_bg_color":"","osh_menu_social_links_color":"","osh_menu_social_hover_links_color":""},"product_brand":[],"product_cat":[38,37],"product_tag":[200,198,199],"class_list":{"0":"post-3319","1":"product","2":"type-product","3":"status-publish","4":"has-post-thumbnail","6":"product_cat-electric-pressure-relief-pumps","7":"product_cat-single-line-grease-systems","8":"product_tag-grease-lubrication-equipment","9":"product_tag-machine-tool-lubrication","10":"product_tag-slideway-grease-lubrication","12":"entry","13":"has-media","15":"first","16":"instock","17":"shipping-taxable","18":"product-type-external","19":"col","20":"span_1_of_3","21":"owp-content-center","22":"owp-thumbs-layout-horizontal","23":"owp-btn-very-big","24":"owp-tabs-layout-horizontal"},"_links":{"self":[{"href":"https:\/\/www.jinpinlub.com\/vi\/wp-json\/wp\/v2\/product\/3319","targetHints":{"allow":["GET"]}}],"collection":[{"href":"https:\/\/www.jinpinlub.com\/vi\/wp-json\/wp\/v2\/product"}],"about":[{"href":"https:\/\/www.jinpinlub.com\/vi\/wp-json\/wp\/v2\/types\/product"}],"wp:featuredmedia":[{"embeddable":true,"href":"https:\/\/www.jinpinlub.com\/vi\/wp-json\/wp\/v2\/media\/3248"}],"wp:attachment":[{"href":"https:\/\/www.jinpinlub.com\/vi\/wp-json\/wp\/v2\/media?parent=3319"}],"wp:term":[{"taxonomy":"product_brand","embeddable":true,"href":"https:\/\/www.jinpinlub.com\/vi\/wp-json\/wp\/v2\/product_brand?post=3319"},{"taxonomy":"product_cat","embeddable":true,"href":"https:\/\/www.jinpinlub.com\/vi\/wp-json\/wp\/v2\/product_cat?post=3319"},{"taxonomy":"product_tag","embeddable":true,"href":"https:\/\/www.jinpinlub.com\/vi\/wp-json\/wp\/v2\/product_tag?post=3319"}],"curies":[{"name":"wp","href":"https:\/\/api.w.org\/{rel}","templated":true}]}}