{"id":3329,"date":"2024-08-20T04:43:19","date_gmt":"2024-08-19T20:43:19","guid":{"rendered":"https:\/\/www.jinpinlub.com\/?post_type=product&#038;p=3329"},"modified":"2024-08-20T04:54:17","modified_gmt":"2024-08-19T20:54:17","slug":"may-bom-mo-dien-j203-tien-tien-cho-ung-dung-di-dong","status":"publish","type":"product","link":"https:\/\/www.jinpinlub.com\/vi\/product\/j203-progressive-electric-grease-pump-for-mobile-application\/","title":{"rendered":"M\u00e1y b\u01a1m m\u1ee1 \u0111i\u1ec7n J203 Progressive cho \u1ee9ng d\u1ee5ng di \u0111\u1ed9ng"},"content":{"rendered":"<h2>\u0110\u1eb7c tr\u01b0ng<\/h2>\n<p><span id=\"input-sentence~0\">T\u00ednh linh ho\u1ea1t: C\u00f3 th\u1ec3 cung c\u1ea5p t\u1edbi 150 \u0111i\u1ec3m b\u00f4i tr\u01a1n, t\u00f9y thu\u1ed9c v\u00e0o chi\u1ec1u d\u00e0i \u0111\u01b0\u1eddng \u1ed1ng.<br \/>\nTh\u00e0nh ph\u1ea7n: M\u00e1y b\u01a1m bao g\u1ed3m m\u1ed9t v\u1ecf m\u00e1y c\u00f3 \u0111\u1ed9ng c\u01a1 t\u00edch h\u1ee3p, m\u1ed9t b\u1ec3 ch\u1ee9a c\u00f3 c\u00e1nh khu\u1ea5y, m\u1ed9t b\u1ed9 ph\u1eadn b\u01a1m, t\u00f9y ch\u1ecdn bao g\u1ed3m van gi\u1ea3m \u00e1p, n\u00fam n\u1ea1p v\u00e0 c\u00e1c b\u1ed9 ph\u1eadn k\u1ebft n\u1ed1i \u0111i\u1ec7n.<\/span><span id=\"input-sentence~1\"><br \/>\n\u1ee8ng d\u1ee5ng: Th\u00edch h\u1ee3p cho c\u00e1c \u1ee9ng d\u1ee5ng di \u0111\u1ed9ng nh\u01b0 m\u00e1y x\u00fac l\u1eadt v\u00e0 m\u00e1y \u0111\u00e0o, c\u0169ng nh\u01b0 m\u00e1y m\u00f3c c\u1ee1 v\u1eeba v\u00e0 nh\u1ecf trong c\u00e1c ng\u00e0nh c\u00f4ng nghi\u1ec7p n\u00f3i chung.<br \/>\n\u0110i\u1ec1u ki\u1ec7n v\u1eadn h\u00e0nh: Ho\u1ea1t \u0111\u1ed9ng hi\u1ec7u qu\u1ea3 trong ph\u1ea1m vi nhi\u1ec7t \u0111\u1ed9 r\u1ed9ng v\u00e0 c\u00f3 th\u1ec3 x\u1eed l\u00fd c\u1ea3 m\u1ee1 c\u00f3 \u0111\u1ed9 nh\u1edbt l\u00ean \u0111\u1ebfn NLGI 2 v\u00e0 d\u1ea7u c\u00f3 \u0111\u1ed9 nh\u1edbt kh\u00e1c nhau.<\/span><\/p>\n<h2>\u0110\u1eb7c \u0111i\u1ec3m k\u1ef9 thu\u1eadt<\/h2>\n<table>\n<tbody>\n<tr>\n<td>Nhi\u1ec7t \u0111\u1ed9 ho\u1ea1t \u0111\u1ed9ng<\/td>\n<td>(-40\u00b0C \u0111\u1ebfn +70\u00b0C)<\/td>\n<\/tr>\n<tr>\n<td>S\u1ed1 l\u01b0\u1ee3ng c\u1eeda h\u00e0ng<\/td>\n<td>1, 2 ho\u1eb7c 3<\/td>\n<\/tr>\n<tr>\n<td>S\u1ee9c ch\u1ee9a h\u1ed3 ch\u1ee9a<\/td>\n<td>2L, 4L, 8L<\/td>\n<\/tr>\n<tr>\n<td>N\u1ea1p l\u1ea1i<\/td>\n<td>Ph\u1ee5 ki\u1ec7n b\u00f4i tr\u01a1n th\u1ee7y l\u1ef1c ho\u1eb7c t\u1eeb tr\u00ean xu\u1ed1ng<\/td>\n<\/tr>\n<tr>\n<td>Ch\u1ea5t b\u00f4i tr\u01a1n<\/td>\n<td>M\u1ee1 b\u00f4i tr\u01a1n \u00edt nh\u1ea5t l\u00e0 lo\u1ea1i NLGI 2, D\u1ea7u c\u00f3 l\u01b0u l\u01b0\u1ee3ng l\u00ean \u0111\u1ebfn 40mm\u00b2\/gi\u00e2y (cSt) \u1edf 40\u00b0 C<\/td>\n<\/tr>\n<tr>\n<td>L\u1edbp b\u1ea3o v\u1ec7<\/td>\n<td>IP6K 9K<\/td>\n<\/tr>\n<tr>\n<td>\u0110\u01b0\u1eddng k\u00ednh piston, K5<\/td>\n<td>5 mm, x\u1ea5p x\u1ec9 2 cm\u00b3\/ph\u00fat<\/td>\n<\/tr>\n<tr>\n<td>\u0110\u01b0\u1eddng k\u00ednh piston, (ti\u00eau chu\u1ea9n) K6<\/td>\n<td>6 mm, x\u1ea5p x\u1ec9 2,8cm\u00b3\/ph\u00fat<\/td>\n<\/tr>\n<tr>\n<td>\u0110\u01b0\u1eddng k\u00ednh piston, K7<\/td>\n<td>7 mm, x\u1ea5p x\u1ec9 4 cm\u00b3\/ph\u00fat<\/td>\n<\/tr>\n<tr>\n<td>\u00c1p su\u1ea5t v\u1eadn h\u00e0nh t\u1ed1i \u0111a<\/td>\n<td>350 thanh<\/td>\n<\/tr>\n<tr>\n<td>Ch\u1ee7 \u0111\u1ec1 k\u1ebft n\u1ed1i<\/td>\n<td>G 1\/4<\/td>\n<\/tr>\n<tr>\n<td>\u0110i\u1ec7n \u00e1p ho\u1ea1t \u0111\u1ed9ng<\/td>\n<td>12VDC, 24VDC, 110-240VAC<\/td>\n<\/tr>\n<\/tbody>\n<\/table>\n<h2>\u1ee8ng d\u1ee5ng<\/h2>\n<p>Ki\u1ec3m tra: Ki\u1ec3m tra \u0111\u1ecbnh k\u1ef3 c\u00e1c d\u1ea5u hi\u1ec7u hao m\u00f2n, h\u01b0 h\u1ecfng ho\u1eb7c r\u00f2 r\u1ec9 tr\u00ean b\u01a1m b\u00f4i tr\u01a1n. T\u1ea5t c\u1ea3 c\u00e1c k\u1ebft n\u1ed1i ph\u1ea3i ch\u1eb7t ch\u1ebd v\u00e0 kh\u00f4ng b\u1ecb t\u1eafc ngh\u1ebdn trong \u0111\u01b0\u1eddng \u1ed1ng b\u00f4i tr\u01a1n.<br \/>\nThay th\u1ebf b\u1ed9 l\u1ecdc: V\u1ec7 sinh ho\u1eb7c thay th\u1ebf n\u1ebfu c\u1ea7n thi\u1ebft khi l\u1eafp b\u1ed9 l\u1ecdc v\u00e0o m\u00e1y b\u01a1m \u0111\u1ec3 \u0111\u1ea3m b\u1ea3o ch\u1ea5t b\u00f4i tr\u01a1n kh\u00f4ng b\u1ecb nhi\u1ec5m b\u1ea9n.<br \/>\nKi\u1ec3m tra xem b\u1ed9 ph\u1eadn b\u01a1m c\u00f3 d\u1ea5u hi\u1ec7u m\u00f2n ho\u1eb7c h\u01b0 h\u1ecfng kh\u00f4ng v\u00e0 thay th\u1ebf n\u1ebfu b\u1ecb m\u00f2n ho\u1eb7c h\u01b0 h\u1ecfng \u0111\u1ec3 \u0111\u1ea3m b\u1ea3o hi\u1ec7u qu\u1ea3 ho\u1ea1t \u0111\u1ed9ng.<br \/>\nK\u1ebft n\u1ed1i \u0111i\u1ec7n: \u0110\u1ea3m b\u1ea3o t\u1ea5t c\u1ea3 c\u00e1c k\u1ebft n\u1ed1i \u0111i\u1ec7n \u0111\u1ec1u ch\u1eb7t ch\u1ebd. Ki\u1ec3m tra xem c\u00f3 d\u1ea5u hi\u1ec7u \u0103n m\u00f2n ho\u1eb7c hao m\u00f2n n\u00e0o tr\u00ean c\u00e1c k\u1ebft n\u1ed1i kh\u00f4ng.<br \/>\nNhi\u1ec7t \u0111\u1ed9: \u0110\u1ea3m b\u1ea3o nhi\u1ec7t \u0111\u1ed9 ho\u1ea1t \u0111\u1ed9ng c\u1ee7a b\u01a1m m\u1ee1 n\u1eb1m trong ph\u1ea1m vi quy \u0111\u1ecbnh. Nhi\u1ec7t \u0111\u1ed9 qu\u00e1 cao c\u00f3 th\u1ec3 l\u00e0 d\u1ea5u hi\u1ec7u c\u1ee7a v\u1ea5n \u0111\u1ec1 c\u1ea7n ch\u00fa \u00fd.<\/p>\n<h2>H\u01b0\u1edbng d\u1eabn s\u1eed d\u1ee5ng<\/h2>\n<div class=\"sdm_download_button_box_default\"><div class=\"sdm_download_link\"><a href=\"https:\/\/www.jinpinlub.com\/vi\/?sdm_process_download=1&download_id=2429\" class=\"sdm_download white\" title=\"Ri\u00eang t\u01b0: J203 Grease Pump\" target=\"&quot;_blank&quot;\">Xem B\u1ea3ng d\u1eef li\u1ec7u - B\u01a1m m\u1ee1 J203<\/a><\/div><\/div>","protected":false},"excerpt":{"rendered":"<p>B\u01a1m b\u00f4i tr\u01a1n J203 l\u00e0 thi\u1ebft b\u1ecb b\u00f4i tr\u01a1n nhi\u1ec1u c\u1eeda ra \u0111i\u1ec7n \u0111\u01b0\u1ee3c s\u1eed d\u1ee5ng trong h\u1ec7 th\u1ed1ng van ph\u00e2n ph\u1ed1i ti\u1ebfn b\u1ed9. B\u01a1m n\u00e0y c\u00f3 th\u1ec3 ch\u1ee9a t\u1edbi 3 th\u00e0nh ph\u1ea7n b\u01a1m \u0111\u1ed9c l\u1eadp, cung c\u1ea5p d\u1ea7u tr\u1ef1c ti\u1ebfp \u0111\u1ebfn c\u00e1c \u0111i\u1ec3m b\u00f4i tr\u01a1n ho\u1eb7c th\u00f4ng qua m\u1ea1ng l\u01b0\u1edbi ph\u00e2n ph\u1ed1i.<\/p>","protected":false},"featured_media":3254,"template":"","meta":{"ocean_post_layout":"","ocean_both_sidebars_style":"","ocean_both_sidebars_content_width":0,"ocean_both_sidebars_sidebars_width":0,"ocean_sidebar":"0","ocean_second_sidebar":"0","ocean_disable_margins":"enable","ocean_add_body_class":"","ocean_shortcode_before_top_bar":"","ocean_shortcode_after_top_bar":"","ocean_shortcode_before_header":"","ocean_shortcode_after_header":"","ocean_has_shortcode":"","ocean_shortcode_after_title":"","ocean_shortcode_before_footer_widgets":"","ocean_shortcode_after_footer_widgets":"","ocean_shortcode_before_footer_bottom":"","ocean_shortcode_after_footer_bottom":"","ocean_display_top_bar":"default","ocean_display_header":"default","ocean_header_style":"","ocean_center_header_left_menu":"0","ocean_custom_header_template":"0","ocean_custom_logo":0,"ocean_custom_retina_logo":0,"ocean_custom_logo_max_width":0,"ocean_custom_logo_tablet_max_width":0,"ocean_custom_logo_mobile_max_width":0,"ocean_custom_logo_max_height":0,"ocean_custom_logo_tablet_max_height":0,"ocean_custom_logo_mobile_max_height":0,"ocean_header_custom_menu":"0","ocean_menu_typo_font_family":"0","ocean_menu_typo_font_subset":"","ocean_menu_typo_font_size":0,"ocean_menu_typo_font_size_tablet":0,"ocean_menu_typo_font_size_mobile":0,"ocean_menu_typo_font_size_unit":"px","ocean_menu_typo_font_weight":"","ocean_menu_typo_font_weight_tablet":"","ocean_menu_typo_font_weight_mobile":"","ocean_menu_typo_transform":"","ocean_menu_typo_transform_tablet":"","ocean_menu_typo_transform_mobile":"","ocean_menu_typo_line_height":0,"ocean_menu_typo_line_height_tablet":0,"ocean_menu_typo_line_height_mobile":0,"ocean_menu_typo_line_height_unit":"","ocean_menu_typo_spacing":0,"ocean_menu_typo_spacing_tablet":0,"ocean_menu_typo_spacing_mobile":0,"ocean_menu_typo_spacing_unit":"","ocean_menu_link_color":"","ocean_menu_link_color_hover":"","ocean_menu_link_color_active":"","ocean_menu_link_background":"","ocean_menu_link_hover_background":"","ocean_menu_link_active_background":"","ocean_menu_social_links_bg":"","ocean_menu_social_hover_links_bg":"","ocean_menu_social_links_color":"","ocean_menu_social_hover_links_color":"","ocean_disable_title":"default","ocean_disable_heading":"default","ocean_post_title":"","ocean_post_subheading":"","ocean_post_title_style":"","ocean_post_title_background_color":"","ocean_post_title_background":0,"ocean_post_title_bg_image_position":"","ocean_post_title_bg_image_attachment":"","ocean_post_title_bg_image_repeat":"","ocean_post_title_bg_image_size":"","ocean_post_title_height":0,"ocean_post_title_bg_overlay":0.5,"ocean_post_title_bg_overlay_color":"","ocean_disable_breadcrumbs":"default","ocean_breadcrumbs_color":"","ocean_breadcrumbs_separator_color":"","ocean_breadcrumbs_links_color":"","ocean_breadcrumbs_links_hover_color":"","ocean_display_footer_widgets":"default","ocean_display_footer_bottom":"default","ocean_custom_footer_template":"0","osh_disable_topbar_sticky":"default","osh_disable_header_sticky":"default","osh_sticky_header_style":"default","osh_sticky_header_effect":"","osh_custom_sticky_logo":0,"osh_custom_retina_sticky_logo":0,"osh_custom_sticky_logo_height":0,"osh_background_color":"","osh_links_color":"","osh_links_hover_color":"","osh_links_active_color":"","osh_links_bg_color":"","osh_links_hover_bg_color":"","osh_links_active_bg_color":"","osh_menu_social_links_color":"","osh_menu_social_hover_links_color":""},"product_brand":[],"product_cat":[42,41],"product_tag":[201,78,202],"class_list":{"0":"post-3329","1":"product","2":"type-product","3":"status-publish","4":"has-post-thumbnail","6":"product_cat-electric-progressive-pumps","7":"product_cat-progressive-grease-systems","8":"product_tag-bulldozer-lubrication-pump","9":"product_tag-excavator-lubrication-pump","10":"product_tag-skf-lubrication-pump","12":"entry","13":"has-media","15":"first","16":"instock","17":"shipping-taxable","18":"product-type-external","19":"col","20":"span_1_of_3","21":"owp-content-center","22":"owp-thumbs-layout-horizontal","23":"owp-btn-very-big","24":"owp-tabs-layout-horizontal"},"_links":{"self":[{"href":"https:\/\/www.jinpinlub.com\/vi\/wp-json\/wp\/v2\/product\/3329","targetHints":{"allow":["GET"]}}],"collection":[{"href":"https:\/\/www.jinpinlub.com\/vi\/wp-json\/wp\/v2\/product"}],"about":[{"href":"https:\/\/www.jinpinlub.com\/vi\/wp-json\/wp\/v2\/types\/product"}],"wp:featuredmedia":[{"embeddable":true,"href":"https:\/\/www.jinpinlub.com\/vi\/wp-json\/wp\/v2\/media\/3254"}],"wp:attachment":[{"href":"https:\/\/www.jinpinlub.com\/vi\/wp-json\/wp\/v2\/media?parent=3329"}],"wp:term":[{"taxonomy":"product_brand","embeddable":true,"href":"https:\/\/www.jinpinlub.com\/vi\/wp-json\/wp\/v2\/product_brand?post=3329"},{"taxonomy":"product_cat","embeddable":true,"href":"https:\/\/www.jinpinlub.com\/vi\/wp-json\/wp\/v2\/product_cat?post=3329"},{"taxonomy":"product_tag","embeddable":true,"href":"https:\/\/www.jinpinlub.com\/vi\/wp-json\/wp\/v2\/product_tag?post=3329"}],"curies":[{"name":"wp","href":"https:\/\/api.w.org\/{rel}","templated":true}]}}