{"id":3331,"date":"2024-08-20T04:54:54","date_gmt":"2024-08-19T20:54:54","guid":{"rendered":"https:\/\/www.jinpinlub.com\/?post_type=product&#038;p=3331"},"modified":"2024-08-20T05:03:43","modified_gmt":"2024-08-19T21:03:43","slug":"may-bom-mo-boi-tron-da-diem-dien-j203-24v-220v","status":"publish","type":"product","link":"https:\/\/www.jinpinlub.com\/vi\/product\/j203-24v-220v-electric-multi-point-grease-lubrication-pump\/","title":{"rendered":"B\u01a1m m\u1ee1 b\u00f4i tr\u01a1n \u0111a \u0111i\u1ec3m \u0111i\u1ec7n J203 24V 220V"},"content":{"rendered":"<h2>\u0110\u1eb7c tr\u01b0ng<\/h2>\n<p><span id=\"input-sentence~0\">T\u00f9y ch\u1ecdn \u0111i\u1ec1u khi\u1ec3n linh ho\u1ea1t: J203 c\u00f3 th\u1ec3 c\u00f3 th\u00eam b\u1ea3ng m\u1ea1ch in \u0111i\u1ec1u khi\u1ec3n, c\u00f3 th\u1ec3 \u0111\u01b0\u1ee3c s\u1eed d\u1ee5ng \u0111\u1ec3 \u0111\u1ea1t \u0111\u01b0\u1ee3c c\u00e1c c\u00e0i \u0111\u1eb7t kh\u00e1c nhau khi v\u1eadn h\u00e0nh \u0111\u1ec3 ph\u00f9 h\u1ee3p v\u1edbi m\u1ed9t \u1ee9ng d\u1ee5ng c\u1ee5 th\u1ec3.<br \/>\n\u00c1p su\u1ea5t v\u1eadn h\u00e0nh cao: M\u00e1y b\u01a1m m\u1ee1 t\u1ea1o ra \u00e1p su\u1ea5t l\u00ean t\u1edbi 350 bar, do \u0111\u00f3 \u0111\u1ea3m b\u1ea3o b\u00f4i tr\u01a1n t\u1ed1i \u01b0u, ngay c\u1ea3 trong nh\u1eefng \u1ee9ng d\u1ee5ng \u0111\u00f2i h\u1ecfi kh\u1eaft khe.<\/span><span id=\"input-sentence~1\"><br \/>\nPh\u1ea1m vi nhi\u1ec7t \u0111\u1ed9: M\u00e1y b\u01a1m b\u00f4i tr\u01a1n n\u00e0y ho\u1ea1t \u0111\u1ed9ng trong ph\u1ea1m vi nhi\u1ec7t \u0111\u1ed9 r\u1ea5t r\u1ed9ng, t\u1eeb -40\u00b0C \u0111\u1ebfn +70\u00b0C \u0111\u1ed1i v\u1edbi d\u00f2ng \u0111i\u1ec7n m\u1ed9t chi\u1ec1u v\u00e0 t\u1eeb -25\u00b0C \u0111\u1ebfn +70\u00b0C \u0111\u1ed1i v\u1edbi d\u00f2ng \u0111i\u1ec7n xoay chi\u1ec1u.<br \/>\nNhi\u1ec1u b\u1ed9 ph\u1eadn b\u01a1m: B\u01a1m b\u00f4i tr\u01a1n J203 c\u00f3 kh\u1ea3 n\u0103ng v\u1eadn h\u00e0nh t\u1ed1i \u0111a ba b\u1ed9 ph\u1eadn b\u01a1m \u0111\u1ec3 cung c\u1ea5p c\u00f4ng su\u1ea5t thay \u0111\u1ed5i v\u1edbi kh\u1ea3 n\u0103ng b\u00f4i tr\u01a1n li\u00ean t\u1ee5c.<\/span><span id=\"input-sentence~2\"><br \/>\nB\u1ea3o v\u1ec7 v\u00e0 \u0111\u1ed9 b\u1ec1n: C\u1ea5p b\u1ea3o v\u1ec7 IP6K9K \u0111\u1ea3m b\u1ea3o kh\u1ea3 n\u0103ng b\u1ea3o v\u1ec7 r\u1ea5t t\u1ed1t ch\u1ed1ng l\u1ea1i b\u1ee5i v\u00e0 n\u01b0\u1edbc x\u00e2m nh\u1eadp, do \u0111\u00f3 \u0111\u1eb7c bi\u1ec7t ph\u00f9 h\u1ee3p v\u1edbi \u0111i\u1ec1u ki\u1ec7n m\u00f4i tr\u01b0\u1eddng kh\u1eafc nghi\u1ec7t.<br \/>\n<\/span><\/p>\n<h2>\u0110\u1eb7c \u0111i\u1ec3m k\u1ef9 thu\u1eadt<\/h2>\n<table>\n<tbody>\n<tr>\n<td>Nhi\u1ec7t \u0111\u1ed9 ho\u1ea1t \u0111\u1ed9ng<\/td>\n<td>(-40\u00b0C \u0111\u1ebfn +70\u00b0C)<\/td>\n<\/tr>\n<tr>\n<td>S\u1ed1 l\u01b0\u1ee3ng c\u1eeda h\u00e0ng<\/td>\n<td>1, 2 ho\u1eb7c 3<\/td>\n<\/tr>\n<tr>\n<td>S\u1ee9c ch\u1ee9a h\u1ed3 ch\u1ee9a<\/td>\n<td>2L, 4L, 8L<\/td>\n<\/tr>\n<tr>\n<td>N\u1ea1p l\u1ea1i<\/td>\n<td>Ph\u1ee5 ki\u1ec7n b\u00f4i tr\u01a1n th\u1ee7y l\u1ef1c ho\u1eb7c t\u1eeb tr\u00ean xu\u1ed1ng<\/td>\n<\/tr>\n<tr>\n<td>Ch\u1ea5t b\u00f4i tr\u01a1n<\/td>\n<td>M\u1ee1 b\u00f4i tr\u01a1n \u00edt nh\u1ea5t l\u00e0 lo\u1ea1i NLGI 2, D\u1ea7u c\u00f3 l\u01b0u l\u01b0\u1ee3ng l\u00ean \u0111\u1ebfn 40mm\u00b2\/gi\u00e2y (cSt) \u1edf 40\u00b0 C<\/td>\n<\/tr>\n<tr>\n<td>L\u1edbp b\u1ea3o v\u1ec7<\/td>\n<td>IP6K 9K<\/td>\n<\/tr>\n<tr>\n<td>\u0110\u01b0\u1eddng k\u00ednh piston, K5<\/td>\n<td>5 mm, x\u1ea5p x\u1ec9 2 cm\u00b3\/ph\u00fat<\/td>\n<\/tr>\n<tr>\n<td>\u0110\u01b0\u1eddng k\u00ednh piston, (ti\u00eau chu\u1ea9n) K6<\/td>\n<td>6 mm, x\u1ea5p x\u1ec9 2,8cm\u00b3\/ph\u00fat<\/td>\n<\/tr>\n<tr>\n<td>\u0110\u01b0\u1eddng k\u00ednh piston, K7<\/td>\n<td>7 mm, x\u1ea5p x\u1ec9 4 cm\u00b3\/ph\u00fat<\/td>\n<\/tr>\n<tr>\n<td>\u00c1p su\u1ea5t v\u1eadn h\u00e0nh t\u1ed1i \u0111a<\/td>\n<td>350 thanh<\/td>\n<\/tr>\n<tr>\n<td>Ch\u1ee7 \u0111\u1ec1 k\u1ebft n\u1ed1i<\/td>\n<td>G 1\/4<\/td>\n<\/tr>\n<tr>\n<td>\u0110i\u1ec7n \u00e1p ho\u1ea1t \u0111\u1ed9ng<\/td>\n<td>12VDC, 24VDC, 110-240VAC<\/td>\n<\/tr>\n<\/tbody>\n<\/table>\n<h2>\u1ee8ng d\u1ee5ng<\/h2>\n<p><span id=\"input-sentence~2\">M\u1ed9t \u1ee9ng d\u1ee5ng \u0111i\u1ec3n h\u00ecnh c\u1ee7a b\u01a1m b\u00f4i tr\u01a1n J203 l\u00e0 trong m\u00e1y m\u00f3c di \u0111\u1ed9ng, ch\u1eb3ng h\u1ea1n nh\u01b0 m\u00e1y x\u00fac l\u1eadt v\u00e0 m\u00e1y \u0111\u00e0o.<\/span><span id=\"input-sentence~3\"> Nh\u1eefng m\u00e1y n\u00e0y th\u01b0\u1eddng ho\u1ea1t \u0111\u1ed9ng trong m\u00f4i tr\u01b0\u1eddng kh\u1eafc nghi\u1ec7t v\u00e0 c\u1ea7n \u0111\u01b0\u1ee3c b\u00f4i tr\u01a1n \u0111\u00e1ng tin c\u1eady \u0111\u1ec3 duy tr\u00ec hi\u1ec7u su\u1ea5t, gi\u1ea3m th\u1eddi gian ch\u1ebft.<br \/>\nM\u00e1y b\u01a1m b\u00f4i tr\u01a1n n\u00e0y \u0111\u01b0\u1ee3c thi\u1ebft k\u1ebf \u0111\u1ec3 s\u1ea3n xu\u1ea5t v\u1edbi \u00e1p su\u1ea5t v\u1eadn h\u00e0nh cao v\u00e0 thi\u1ebft k\u1ebf ch\u1eafc ch\u1eafn \u0111\u1ec3 b\u00f4i tr\u01a1n li\u00ean t\u1ee5c trong nh\u1eefng \u0111i\u1ec1u ki\u1ec7n kh\u1eafc nghi\u1ec7t nh\u01b0 v\u1eady. Kh\u1ea3 n\u0103ng qu\u1ea3n l\u00fd nhi\u1ec1u \u0111i\u1ec3m b\u00f4i tr\u01a1n c\u00f9ng l\u00fac, c\u00f9ng v\u1edbi kh\u1ea3 n\u0103ng ho\u1ea1t \u0111\u1ed9ng trong ph\u1ea1m vi nhi\u1ec7t \u0111\u1ed9 r\u1ed9ng, gi\u00fap t\u0103ng th\u00eam t\u00ednh d\u1ec5 s\u1eed d\u1ee5ng cho c\u00e1c \u1ee9ng d\u1ee5ng di \u0111\u1ed9ng.<\/span><\/p>\n<h2>H\u01b0\u1edbng d\u1eabn s\u1eed d\u1ee5ng<\/h2>\n<div class=\"sdm_download_button_box_default\"><div class=\"sdm_download_link\"><a href=\"https:\/\/www.jinpinlub.com\/vi\/?sdm_process_download=1&download_id=2429\" class=\"sdm_download white\" title=\"Ri\u00eang t\u01b0: J203 Grease Pump\" target=\"&quot;_blank&quot;\">Xem B\u1ea3ng d\u1eef li\u1ec7u - B\u01a1m m\u1ee1 J203<\/a><\/div><\/div>","protected":false},"excerpt":{"rendered":"<p>So v\u1edbi nhi\u1ec1u lo\u1ea1i b\u01a1m b\u00f4i tr\u01a1n kh\u00e1c, b\u01a1m b\u00f4i tr\u01a1n \u0111i\u1ec7n J203 l\u00e0 s\u1ef1 l\u1ef1a ch\u1ecdn hi\u1ec7u qu\u1ea3 nh\u1edd kh\u1ea3 n\u0103ng ch\u1ecbu nhi\u1ec7t \u0111\u1ed9 cao v\u00e0 th\u1ea5p, ch\u1ecbu \u00e1p su\u1ea5t cao, t\u00ednh linh ho\u1ea1t, nhi\u1ec1u \u0111\u1ea7u ra, nhi\u1ec1u \u0111i\u1ec7n \u00e1p, thi\u1ebft k\u1ebf t\u00edch h\u1ee3p v\u00e0 kh\u1ea3 n\u0103ng b\u1ea3o v\u1ec7 ch\u1eafc ch\u1eafn.<\/p>","protected":false},"featured_media":3258,"template":"","meta":{"ocean_post_layout":"","ocean_both_sidebars_style":"","ocean_both_sidebars_content_width":0,"ocean_both_sidebars_sidebars_width":0,"ocean_sidebar":"0","ocean_second_sidebar":"0","ocean_disable_margins":"enable","ocean_add_body_class":"","ocean_shortcode_before_top_bar":"","ocean_shortcode_after_top_bar":"","ocean_shortcode_before_header":"","ocean_shortcode_after_header":"","ocean_has_shortcode":"","ocean_shortcode_after_title":"","ocean_shortcode_before_footer_widgets":"","ocean_shortcode_after_footer_widgets":"","ocean_shortcode_before_footer_bottom":"","ocean_shortcode_after_footer_bottom":"","ocean_display_top_bar":"default","ocean_display_header":"default","ocean_header_style":"","ocean_center_header_left_menu":"0","ocean_custom_header_template":"0","ocean_custom_logo":0,"ocean_custom_retina_logo":0,"ocean_custom_logo_max_width":0,"ocean_custom_logo_tablet_max_width":0,"ocean_custom_logo_mobile_max_width":0,"ocean_custom_logo_max_height":0,"ocean_custom_logo_tablet_max_height":0,"ocean_custom_logo_mobile_max_height":0,"ocean_header_custom_menu":"0","ocean_menu_typo_font_family":"0","ocean_menu_typo_font_subset":"","ocean_menu_typo_font_size":0,"ocean_menu_typo_font_size_tablet":0,"ocean_menu_typo_font_size_mobile":0,"ocean_menu_typo_font_size_unit":"px","ocean_menu_typo_font_weight":"","ocean_menu_typo_font_weight_tablet":"","ocean_menu_typo_font_weight_mobile":"","ocean_menu_typo_transform":"","ocean_menu_typo_transform_tablet":"","ocean_menu_typo_transform_mobile":"","ocean_menu_typo_line_height":0,"ocean_menu_typo_line_height_tablet":0,"ocean_menu_typo_line_height_mobile":0,"ocean_menu_typo_line_height_unit":"","ocean_menu_typo_spacing":0,"ocean_menu_typo_spacing_tablet":0,"ocean_menu_typo_spacing_mobile":0,"ocean_menu_typo_spacing_unit":"","ocean_menu_link_color":"","ocean_menu_link_color_hover":"","ocean_menu_link_color_active":"","ocean_menu_link_background":"","ocean_menu_link_hover_background":"","ocean_menu_link_active_background":"","ocean_menu_social_links_bg":"","ocean_menu_social_hover_links_bg":"","ocean_menu_social_links_color":"","ocean_menu_social_hover_links_color":"","ocean_disable_title":"default","ocean_disable_heading":"default","ocean_post_title":"","ocean_post_subheading":"","ocean_post_title_style":"","ocean_post_title_background_color":"","ocean_post_title_background":0,"ocean_post_title_bg_image_position":"","ocean_post_title_bg_image_attachment":"","ocean_post_title_bg_image_repeat":"","ocean_post_title_bg_image_size":"","ocean_post_title_height":0,"ocean_post_title_bg_overlay":0.5,"ocean_post_title_bg_overlay_color":"","ocean_disable_breadcrumbs":"default","ocean_breadcrumbs_color":"","ocean_breadcrumbs_separator_color":"","ocean_breadcrumbs_links_color":"","ocean_breadcrumbs_links_hover_color":"","ocean_display_footer_widgets":"default","ocean_display_footer_bottom":"default","ocean_custom_footer_template":"0","osh_disable_topbar_sticky":"default","osh_disable_header_sticky":"default","osh_sticky_header_style":"default","osh_sticky_header_effect":"","osh_custom_sticky_logo":0,"osh_custom_retina_sticky_logo":0,"osh_custom_sticky_logo_height":0,"osh_background_color":"","osh_links_color":"","osh_links_hover_color":"","osh_links_active_color":"","osh_links_bg_color":"","osh_links_hover_bg_color":"","osh_links_active_bg_color":"","osh_menu_social_links_color":"","osh_menu_social_hover_links_color":""},"product_brand":[],"product_cat":[42,41],"product_tag":[77,203,91],"class_list":{"0":"post-3331","1":"product","2":"type-product","3":"status-publish","4":"has-post-thumbnail","6":"product_cat-electric-progressive-pumps","7":"product_cat-progressive-grease-systems","8":"product_tag-grease-lubrication-pump","9":"product_tag-lincoln-lubrication-pump","10":"product_tag-progressive-lubrication-pump","12":"entry","13":"has-media","15":"first","16":"instock","17":"shipping-taxable","18":"product-type-external","19":"col","20":"span_1_of_3","21":"owp-content-center","22":"owp-thumbs-layout-horizontal","23":"owp-btn-very-big","24":"owp-tabs-layout-horizontal"},"_links":{"self":[{"href":"https:\/\/www.jinpinlub.com\/vi\/wp-json\/wp\/v2\/product\/3331","targetHints":{"allow":["GET"]}}],"collection":[{"href":"https:\/\/www.jinpinlub.com\/vi\/wp-json\/wp\/v2\/product"}],"about":[{"href":"https:\/\/www.jinpinlub.com\/vi\/wp-json\/wp\/v2\/types\/product"}],"wp:featuredmedia":[{"embeddable":true,"href":"https:\/\/www.jinpinlub.com\/vi\/wp-json\/wp\/v2\/media\/3258"}],"wp:attachment":[{"href":"https:\/\/www.jinpinlub.com\/vi\/wp-json\/wp\/v2\/media?parent=3331"}],"wp:term":[{"taxonomy":"product_brand","embeddable":true,"href":"https:\/\/www.jinpinlub.com\/vi\/wp-json\/wp\/v2\/product_brand?post=3331"},{"taxonomy":"product_cat","embeddable":true,"href":"https:\/\/www.jinpinlub.com\/vi\/wp-json\/wp\/v2\/product_cat?post=3331"},{"taxonomy":"product_tag","embeddable":true,"href":"https:\/\/www.jinpinlub.com\/vi\/wp-json\/wp\/v2\/product_tag?post=3331"}],"curies":[{"name":"wp","href":"https:\/\/api.w.org\/{rel}","templated":true}]}}