{"id":3334,"date":"2024-08-20T05:17:04","date_gmt":"2024-08-19T21:17:04","guid":{"rendered":"https:\/\/www.jinpinlub.com\/?post_type=product&#038;p=3334"},"modified":"2024-08-20T05:22:58","modified_gmt":"2024-08-19T21:22:58","slug":"thiet-bi-he-thong-boi-tron-tu-dong-j203-cho-thiet-bi-dia-hinh","status":"publish","type":"product","link":"https:\/\/www.jinpinlub.com\/vi\/product\/j203-automatic-lube-system-equipment-for-off-road-equipment\/","title":{"rendered":"Thi\u1ebft b\u1ecb h\u1ec7 th\u1ed1ng b\u00f4i tr\u01a1n t\u1ef1 \u0111\u1ed9ng J203 cho thi\u1ebft b\u1ecb \u0111\u1ecba h\u00ecnh"},"content":{"rendered":"<h2>\u0110\u1eb7c tr\u01b0ng<\/h2>\n<p>Ch\u1ee9c n\u0103ng ch\u00ednh c\u1ee7a PCB:<br \/>\n\u0110i\u1ec1u khi\u1ec3n t\u1ef1 \u0111\u1ed9ng: T\u1ef1 \u0111\u1ed9ng \u0111i\u1ec1u khi\u1ec3n ho\u1ea1t \u0111\u1ed9ng c\u1ee7a b\u01a1m b\u00f4i tr\u01a1n theo ch\u01b0\u01a1ng tr\u00ecnh c\u00e0i \u0111\u1eb7t s\u1eb5n, bao g\u1ed3m kh\u1edfi \u0111\u1ed9ng, d\u1eebng v\u00e0 chu tr\u00ecnh b\u00f4i tr\u01a1n c\u1ee7a b\u01a1m b\u00f4i tr\u01a1n \u0111i\u1ec7n.<br \/>\nGi\u00e1m s\u00e1t qu\u00e1 tr\u00ecnh b\u00f4i tr\u01a1n: Gi\u00e1m s\u00e1t l\u01b0u l\u01b0\u1ee3ng b\u00f4i tr\u01a1n v\u00e0 \u00e1p su\u1ea5t h\u1ec7 th\u1ed1ng \u0111\u1ec3 \u0111\u1ea3m b\u1ea3o h\u1ec7 th\u1ed1ng b\u00f4i tr\u01a1n ho\u1ea1t \u0111\u1ed9ng b\u00ecnh th\u01b0\u1eddng.<br \/>\nB\u00e1o \u0111\u1ed9ng l\u1ed7i: Khi ph\u00e1t hi\u1ec7n l\u1ed7i h\u1ec7 th\u1ed1ng b\u00f4i tr\u01a1n, ch\u1eb3ng h\u1ea1n nh\u01b0 m\u1ee9c d\u1ea7u th\u1ea5p ho\u1eb7c h\u1ecfng b\u01a1m b\u00f4i tr\u01a1n, qu\u00e1 tr\u00ecnh b\u00f4i tr\u01a1n s\u1ebd t\u1ef1 \u0111\u1ed9ng d\u1eebng l\u1ea1i v\u00e0 ph\u00e1t ra b\u00e1o \u0111\u1ed9ng.<br \/>\nB\u00f4i tr\u01a1n ch\u00ednh x\u00e1c: B\u1ea3ng PCB \u0111\u1ea3m b\u1ea3o ch\u1ea5t b\u00f4i tr\u01a1n \u0111\u01b0\u1ee3c cung c\u1ea5p ch\u00ednh x\u00e1c \u0111\u1ebfn \u0111i\u1ec3m b\u00f4i tr\u01a1n khi c\u1ea7n b\u1eb1ng c\u00e1ch ki\u1ec3m so\u00e1t ho\u1ea1t \u0111\u1ed9ng c\u1ee7a b\u01a1m b\u00f4i tr\u01a1n, tr\u00e1nh b\u00f4i tr\u01a1n qu\u00e1 m\u1ee9c ho\u1eb7c b\u00f4i tr\u01a1n kh\u00f4ng \u0111\u1ee7. \u0110\u1ed3ng th\u1eddi, theo d\u00f5i th\u1eddi gian th\u1ef1c tr\u1ea1ng th\u00e1i c\u1ee7a h\u1ec7 th\u1ed1ng b\u00f4i tr\u01a1n c\u00f3 th\u1ec3 x\u00e1c \u0111\u1ecbnh c\u00e1c v\u1ea5n \u0111\u1ec1 tr\u01b0\u1edbc khi x\u1ea3y ra l\u1ed7i.<\/p>\n<h2>\u0110\u1eb7c \u0111i\u1ec3m k\u1ef9 thu\u1eadt<\/h2>\n<table>\n<tbody>\n<tr>\n<td>Nhi\u1ec7t \u0111\u1ed9 ho\u1ea1t \u0111\u1ed9ng<\/td>\n<td>(-40\u00b0C \u0111\u1ebfn +70\u00b0C)<\/td>\n<\/tr>\n<tr>\n<td>S\u1ed1 l\u01b0\u1ee3ng c\u1eeda h\u00e0ng<\/td>\n<td>1, 2 ho\u1eb7c 3<\/td>\n<\/tr>\n<tr>\n<td>S\u1ee9c ch\u1ee9a h\u1ed3 ch\u1ee9a<\/td>\n<td>2L, 4L, 8L<\/td>\n<\/tr>\n<tr>\n<td>N\u1ea1p l\u1ea1i<\/td>\n<td>Ph\u1ee5 ki\u1ec7n b\u00f4i tr\u01a1n th\u1ee7y l\u1ef1c ho\u1eb7c t\u1eeb tr\u00ean xu\u1ed1ng<\/td>\n<\/tr>\n<tr>\n<td>Ch\u1ea5t b\u00f4i tr\u01a1n<\/td>\n<td>M\u1ee1 b\u00f4i tr\u01a1n \u00edt nh\u1ea5t l\u00e0 lo\u1ea1i NLGI 2, D\u1ea7u c\u00f3 l\u01b0u l\u01b0\u1ee3ng l\u00ean \u0111\u1ebfn 40mm\u00b2\/gi\u00e2y (cSt) \u1edf 40\u00b0 C<\/td>\n<\/tr>\n<tr>\n<td>L\u1edbp b\u1ea3o v\u1ec7<\/td>\n<td>IP6K 9K<\/td>\n<\/tr>\n<tr>\n<td>\u0110\u01b0\u1eddng k\u00ednh piston, K5<\/td>\n<td>5 mm, x\u1ea5p x\u1ec9 2 cm\u00b3\/ph\u00fat<\/td>\n<\/tr>\n<tr>\n<td>\u0110\u01b0\u1eddng k\u00ednh piston, (ti\u00eau chu\u1ea9n) K6<\/td>\n<td>6 mm, x\u1ea5p x\u1ec9 2,8cm\u00b3\/ph\u00fat<\/td>\n<\/tr>\n<tr>\n<td>\u0110\u01b0\u1eddng k\u00ednh piston, K7<\/td>\n<td>7 mm, x\u1ea5p x\u1ec9 4 cm\u00b3\/ph\u00fat<\/td>\n<\/tr>\n<tr>\n<td>\u00c1p su\u1ea5t v\u1eadn h\u00e0nh t\u1ed1i \u0111a<\/td>\n<td>350 thanh<\/td>\n<\/tr>\n<tr>\n<td>Ch\u1ee7 \u0111\u1ec1 k\u1ebft n\u1ed1i<\/td>\n<td>G 1\/4<\/td>\n<\/tr>\n<tr>\n<td>\u0110i\u1ec7n \u00e1p ho\u1ea1t \u0111\u1ed9ng<\/td>\n<td>12VDC, 24VDC, 110-240VAC<\/td>\n<\/tr>\n<\/tbody>\n<\/table>\n<h2>\u1ee8ng d\u1ee5ng<\/h2>\n<p><span id=\"input-sentence~0\">X\u00e1c \u0111\u1ecbnh xem c\u00f3 c\u1ea7n thay th\u1ebf b\u01a1m b\u00f4i tr\u01a1n kh\u00f4ng.<br \/>\nHi\u1ec7u su\u1ea5t gi\u1ea3m: X\u1ea3y ra khi l\u01b0u l\u01b0\u1ee3ng x\u1ea3 c\u1ee7a b\u01a1m b\u00f4i tr\u01a1n gi\u1ea3m ho\u1eb7c \u00e1p su\u1ea5t x\u1ea3 gi\u1ea3m; \u0111i\u1ec1u n\u00e0y c\u00f3 th\u1ec3 l\u00e0 do c\u00e1c b\u1ed9 ph\u1eadn b\u00ean trong b\u01a1m b\u1ecb hao m\u00f2n ho\u1eb7c l\u00e3o h\u00f3a.<\/span><span id=\"input-sentence~1\"><br \/>\nTi\u1ebfng \u1ed3n b\u1ea5t th\u01b0\u1eddng: Trong qu\u00e1 tr\u00ecnh v\u1eadn h\u00e0nh b\u01a1m b\u00f4i tr\u01a1n, n\u1ebfu m\u00e1y ph\u00e1t ra ti\u1ebfng \u1ed3n b\u1ea5t th\u01b0\u1eddng, ch\u1eb3ng h\u1ea1n nh\u01b0 ti\u1ebfng \u00f9 ho\u1eb7c ti\u1ebfng c\u00f3t k\u00e9t th\u00ec \u0111\u00e2y c\u00f3 th\u1ec3 l\u00e0 bi\u1ec3u hi\u1ec7n c\u1ee7a vi\u1ec7c c\u00e1c b\u1ed9 ph\u1eadn b\u00ean trong b\u1ecb h\u1ecfng ho\u1eb7c l\u1ecfng l\u1ebbo.<br \/>\nR\u00f2 r\u1ec9 b\u01a1m: N\u1ebfu ch\u1ea5t b\u00f4i tr\u01a1n r\u00f2 r\u1ec9 t\u1eeb th\u00e2n ho\u1eb7c giao di\u1ec7n \u0111\u01b0\u1eddng \u1ed1ng c\u1ee7a b\u01a1m b\u00f4i tr\u01a1n, nguy\u00ean nh\u00e2n c\u00f3 th\u1ec3 l\u00e0 do ph\u1edbt b\u1ecb h\u1ecfng ho\u1eb7c c\u0169.<br \/>\nTu\u1ed5i th\u1ecd s\u1eed d\u1ee5ng: Theo h\u01b0\u1edbng d\u1eabn s\u1eed d\u1ee5ng c\u1ee7a b\u01a1m b\u00f4i tr\u01a1n, b\u01a1m b\u00f4i tr\u01a1n ph\u1ea3i \u0111\u01b0\u1ee3c thay th\u1ebf n\u1ebfu \u0111\u00e3 \u0111\u1ea1t \u0111\u1ebfn tu\u1ed5i th\u1ecd s\u1eed d\u1ee5ng \u0111\u01b0\u1ee3c khuy\u1ebfn ngh\u1ecb.<\/span><\/p>\n<h2>H\u01b0\u1edbng d\u1eabn s\u1eed d\u1ee5ng<\/h2>\n<div class=\"sdm_download_button_box_default\"><div class=\"sdm_download_link\"><a href=\"https:\/\/www.jinpinlub.com\/vi\/?sdm_process_download=1&download_id=2429\" class=\"sdm_download white\" title=\"Ri\u00eang t\u01b0: J203 Grease Pump\" target=\"&quot;_blank&quot;\">Xem B\u1ea3ng d\u1eef li\u1ec7u - B\u01a1m m\u1ee1 J203<\/a><\/div><\/div>","protected":false},"excerpt":{"rendered":"<p>B\u1ea3ng m\u1ea1ch in c\u1ee7a b\u01a1m b\u00f4i tr\u01a1n J203 th\u1ef1c hi\u1ec7n \u0111i\u1ec1u khi\u1ec3n t\u1ef1 \u0111\u1ed9ng h\u1ec7 th\u1ed1ng b\u00f4i tr\u01a1n t\u1eadp trung, c\u00f3 th\u1ec3 \u0111i\u1ec1u ch\u1ec9nh chu k\u1ef3 b\u00f4i tr\u01a1n v\u00e0 l\u01b0u l\u01b0\u1ee3ng theo nhu c\u1ea7u th\u1ef1c t\u1ebf c\u1ee7a thi\u1ebft b\u1ecb, \u0111\u1ea3m b\u1ea3o thi\u1ebft b\u1ecb \u0111\u01b0\u1ee3c b\u00f4i tr\u01a1n \u0111\u00fang c\u00e1ch.<\/p>","protected":false},"featured_media":3271,"template":"","meta":{"ocean_post_layout":"","ocean_both_sidebars_style":"","ocean_both_sidebars_content_width":0,"ocean_both_sidebars_sidebars_width":0,"ocean_sidebar":"0","ocean_second_sidebar":"0","ocean_disable_margins":"enable","ocean_add_body_class":"","ocean_shortcode_before_top_bar":"","ocean_shortcode_after_top_bar":"","ocean_shortcode_before_header":"","ocean_shortcode_after_header":"","ocean_has_shortcode":"","ocean_shortcode_after_title":"","ocean_shortcode_before_footer_widgets":"","ocean_shortcode_after_footer_widgets":"","ocean_shortcode_before_footer_bottom":"","ocean_shortcode_after_footer_bottom":"","ocean_display_top_bar":"default","ocean_display_header":"default","ocean_header_style":"","ocean_center_header_left_menu":"0","ocean_custom_header_template":"0","ocean_custom_logo":0,"ocean_custom_retina_logo":0,"ocean_custom_logo_max_width":0,"ocean_custom_logo_tablet_max_width":0,"ocean_custom_logo_mobile_max_width":0,"ocean_custom_logo_max_height":0,"ocean_custom_logo_tablet_max_height":0,"ocean_custom_logo_mobile_max_height":0,"ocean_header_custom_menu":"0","ocean_menu_typo_font_family":"0","ocean_menu_typo_font_subset":"","ocean_menu_typo_font_size":0,"ocean_menu_typo_font_size_tablet":0,"ocean_menu_typo_font_size_mobile":0,"ocean_menu_typo_font_size_unit":"px","ocean_menu_typo_font_weight":"","ocean_menu_typo_font_weight_tablet":"","ocean_menu_typo_font_weight_mobile":"","ocean_menu_typo_transform":"","ocean_menu_typo_transform_tablet":"","ocean_menu_typo_transform_mobile":"","ocean_menu_typo_line_height":0,"ocean_menu_typo_line_height_tablet":0,"ocean_menu_typo_line_height_mobile":0,"ocean_menu_typo_line_height_unit":"","ocean_menu_typo_spacing":0,"ocean_menu_typo_spacing_tablet":0,"ocean_menu_typo_spacing_mobile":0,"ocean_menu_typo_spacing_unit":"","ocean_menu_link_color":"","ocean_menu_link_color_hover":"","ocean_menu_link_color_active":"","ocean_menu_link_background":"","ocean_menu_link_hover_background":"","ocean_menu_link_active_background":"","ocean_menu_social_links_bg":"","ocean_menu_social_hover_links_bg":"","ocean_menu_social_links_color":"","ocean_menu_social_hover_links_color":"","ocean_disable_title":"default","ocean_disable_heading":"default","ocean_post_title":"","ocean_post_subheading":"","ocean_post_title_style":"","ocean_post_title_background_color":"","ocean_post_title_background":0,"ocean_post_title_bg_image_position":"","ocean_post_title_bg_image_attachment":"","ocean_post_title_bg_image_repeat":"","ocean_post_title_bg_image_size":"","ocean_post_title_height":0,"ocean_post_title_bg_overlay":0.5,"ocean_post_title_bg_overlay_color":"","ocean_disable_breadcrumbs":"default","ocean_breadcrumbs_color":"","ocean_breadcrumbs_separator_color":"","ocean_breadcrumbs_links_color":"","ocean_breadcrumbs_links_hover_color":"","ocean_display_footer_widgets":"default","ocean_display_footer_bottom":"default","ocean_custom_footer_template":"0","osh_disable_topbar_sticky":"default","osh_disable_header_sticky":"default","osh_sticky_header_style":"default","osh_sticky_header_effect":"","osh_custom_sticky_logo":0,"osh_custom_retina_sticky_logo":0,"osh_custom_sticky_logo_height":0,"osh_background_color":"","osh_links_color":"","osh_links_hover_color":"","osh_links_active_color":"","osh_links_bg_color":"","osh_links_hover_bg_color":"","osh_links_active_bg_color":"","osh_menu_social_links_color":"","osh_menu_social_hover_links_color":""},"product_brand":[],"product_cat":[42,41],"product_tag":[209,208,210],"class_list":{"0":"post-3334","1":"product","2":"type-product","3":"status-publish","4":"has-post-thumbnail","6":"product_cat-electric-progressive-pumps","7":"product_cat-progressive-grease-systems","8":"product_tag-grease-lube-system","9":"product_tag-lubrication-equipment","10":"product_tag-p203-lubrication-pump","12":"entry","13":"has-media","15":"first","16":"instock","17":"shipping-taxable","18":"product-type-external","19":"col","20":"span_1_of_3","21":"owp-content-center","22":"owp-thumbs-layout-horizontal","23":"owp-btn-very-big","24":"owp-tabs-layout-horizontal"},"_links":{"self":[{"href":"https:\/\/www.jinpinlub.com\/vi\/wp-json\/wp\/v2\/product\/3334","targetHints":{"allow":["GET"]}}],"collection":[{"href":"https:\/\/www.jinpinlub.com\/vi\/wp-json\/wp\/v2\/product"}],"about":[{"href":"https:\/\/www.jinpinlub.com\/vi\/wp-json\/wp\/v2\/types\/product"}],"wp:featuredmedia":[{"embeddable":true,"href":"https:\/\/www.jinpinlub.com\/vi\/wp-json\/wp\/v2\/media\/3271"}],"wp:attachment":[{"href":"https:\/\/www.jinpinlub.com\/vi\/wp-json\/wp\/v2\/media?parent=3334"}],"wp:term":[{"taxonomy":"product_brand","embeddable":true,"href":"https:\/\/www.jinpinlub.com\/vi\/wp-json\/wp\/v2\/product_brand?post=3334"},{"taxonomy":"product_cat","embeddable":true,"href":"https:\/\/www.jinpinlub.com\/vi\/wp-json\/wp\/v2\/product_cat?post=3334"},{"taxonomy":"product_tag","embeddable":true,"href":"https:\/\/www.jinpinlub.com\/vi\/wp-json\/wp\/v2\/product_tag?post=3334"}],"curies":[{"name":"wp","href":"https:\/\/api.w.org\/{rel}","templated":true}]}}