{"id":3335,"date":"2024-08-20T05:25:25","date_gmt":"2024-08-19T21:25:25","guid":{"rendered":"https:\/\/www.jinpinlub.com\/?post_type=product&#038;p=3335"},"modified":"2024-08-20T05:37:00","modified_gmt":"2024-08-19T21:37:00","slug":"may-bom-mo-dien-da-nang-j203-progressive","status":"publish","type":"product","link":"https:\/\/www.jinpinlub.com\/vi\/product\/j203-progressive-multi-outlet-electric-grease-plunger-pump\/","title":{"rendered":"M\u00e1y b\u01a1m m\u1ee1 \u0111i\u1ec7n \u0111a n\u0103ng J203 Progressive"},"content":{"rendered":"<h2>\u0110\u1eb7c tr\u01b0ng<\/h2>\n<p><span id=\"input-sentence~0\">C\u00e1c th\u00e0nh ph\u1ea7n: M\u00e1y b\u01a1m bao g\u1ed3m m\u1ed9t v\u1ecf m\u00e1y c\u00f3 \u0111\u1ed9ng c\u01a1 \u0111i k\u00e8m, m\u1ed9t b\u1ec3 ch\u1ee9a c\u00f3 c\u00e1nh khu\u1ea5y, m\u1ed9t b\u1ed9 ph\u1eadn b\u01a1m (c\u00f3 th\u1ec3 bao g\u1ed3m van gi\u1ea3m \u00e1p), m\u1ed9t n\u00fam n\u1ea1p v\u00e0 c\u00e1c b\u1ed9 ph\u1eadn k\u1ebft n\u1ed1i \u0111i\u1ec7n.<br \/>\nK\u00edch ho\u1ea1t \u0111\u1ed9ng c\u01a1: Khi \u0111\u1ed9ng c\u01a1 \u0111\u01b0\u1ee3c k\u00edch ho\u1ea1t, n\u00f3 s\u1ebd d\u1eabn \u0111\u1ed9ng b\u1ed9 ph\u1eadn b\u01a1m b\u00f4i tr\u01a1n.<\/span><span id=\"input-sentence~1\"><br \/>\nChuy\u1ec3n \u0111\u1ed9ng c\u1ee7a ch\u1ea5t b\u00f4i tr\u01a1n: B\u1ed9 ph\u1eadn b\u01a1m di chuy\u1ec3n ch\u1ea5t b\u00f4i tr\u01a1n t\u1eeb b\u1ec3 ch\u1ee9a qua h\u1ec7 th\u1ed1ng.<br \/>\nPh\u00e2n ph\u1ed1i: Ch\u1ea5t b\u00f4i tr\u01a1n sau \u0111\u00f3 \u0111\u01b0\u1ee3c ph\u00e2n ph\u1ed1i \u0111\u1ebfn nhi\u1ec1u \u0111i\u1ec3m b\u00f4i tr\u01a1n kh\u00e1c nhau th\u00f4ng qua c\u00e1c \u0111\u01b0\u1eddng \u1ed1ng \u0111\u01b0\u1ee3c k\u1ebft n\u1ed1i. M\u00e1y b\u01a1m c\u00f3 th\u1ec3 cung c\u1ea5p t\u1edbi 150 \u0111i\u1ec3m b\u00f4i tr\u01a1n, d\u1ef1a tr\u00ean \u0111\u01b0\u1eddng \u1ed1ng b\u00f4i tr\u01a1n.<br \/>\nT\u00f9y ch\u1ecdn \u0111i\u1ec1u khi\u1ec3n: M\u00e1y b\u01a1m m\u1ee1 c\u00f3 th\u1ec3 \u0111\u01b0\u1ee3c trang b\u1ecb b\u1ea3ng m\u1ea1ch in \u0111i\u1ec1u khi\u1ec3n cung c\u1ea5p c\u00e1c thi\u1ebft l\u1eadp l\u00e0m vi\u1ec7c ri\u00eang bi\u1ec7t, cho ph\u00e9p ki\u1ec3m so\u00e1t ch\u00ednh x\u00e1c kho\u1ea3ng th\u1eddi gian v\u00e0 l\u01b0\u1ee3ng b\u00f4i tr\u01a1n.<\/span><\/p>\n<h2>\u0110\u1eb7c \u0111i\u1ec3m k\u1ef9 thu\u1eadt<\/h2>\n<table>\n<tbody>\n<tr>\n<td>Nhi\u1ec7t \u0111\u1ed9 ho\u1ea1t \u0111\u1ed9ng<\/td>\n<td>(-40\u00b0C \u0111\u1ebfn +70\u00b0C)<\/td>\n<\/tr>\n<tr>\n<td>S\u1ed1 l\u01b0\u1ee3ng c\u1eeda h\u00e0ng<\/td>\n<td>1, 2 ho\u1eb7c 3<\/td>\n<\/tr>\n<tr>\n<td>S\u1ee9c ch\u1ee9a h\u1ed3 ch\u1ee9a<\/td>\n<td>2L, 4L, 8L<\/td>\n<\/tr>\n<tr>\n<td>N\u1ea1p l\u1ea1i<\/td>\n<td>Ph\u1ee5 ki\u1ec7n b\u00f4i tr\u01a1n th\u1ee7y l\u1ef1c ho\u1eb7c t\u1eeb tr\u00ean xu\u1ed1ng<\/td>\n<\/tr>\n<tr>\n<td>Ch\u1ea5t b\u00f4i tr\u01a1n<\/td>\n<td>M\u1ee1 b\u00f4i tr\u01a1n \u00edt nh\u1ea5t l\u00e0 lo\u1ea1i NLGI 2, D\u1ea7u c\u00f3 l\u01b0u l\u01b0\u1ee3ng l\u00ean \u0111\u1ebfn 40mm\u00b2\/gi\u00e2y (cSt) \u1edf 40\u00b0 C<\/td>\n<\/tr>\n<tr>\n<td>L\u1edbp b\u1ea3o v\u1ec7<\/td>\n<td>IP6K 9K<\/td>\n<\/tr>\n<tr>\n<td>\u0110\u01b0\u1eddng k\u00ednh piston, K5<\/td>\n<td>5 mm, x\u1ea5p x\u1ec9 2 cm\u00b3\/ph\u00fat<\/td>\n<\/tr>\n<tr>\n<td>\u0110\u01b0\u1eddng k\u00ednh piston, (ti\u00eau chu\u1ea9n) K6<\/td>\n<td>6 mm, x\u1ea5p x\u1ec9 2,8cm\u00b3\/ph\u00fat<\/td>\n<\/tr>\n<tr>\n<td>\u0110\u01b0\u1eddng k\u00ednh piston, K7<\/td>\n<td>7 mm, x\u1ea5p x\u1ec9 4 cm\u00b3\/ph\u00fat<\/td>\n<\/tr>\n<tr>\n<td>\u00c1p su\u1ea5t v\u1eadn h\u00e0nh t\u1ed1i \u0111a<\/td>\n<td>350 thanh<\/td>\n<\/tr>\n<tr>\n<td>Ch\u1ee7 \u0111\u1ec1 k\u1ebft n\u1ed1i<\/td>\n<td>G 1\/4<\/td>\n<\/tr>\n<tr>\n<td>\u0110i\u1ec7n \u00e1p ho\u1ea1t \u0111\u1ed9ng<\/td>\n<td>12VDC, 24VDC, 110-240VAC<\/td>\n<\/tr>\n<\/tbody>\n<\/table>\n<h2>\u1ee8ng d\u1ee5ng<\/h2>\n<p><span id=\"input-sentence~2\">M\u00e1y b\u01a1m b\u00f4i tr\u01a1n J203 c\u00f3 nhi\u1ec1u lo\u1ea1i ph\u1ee5 ki\u1ec7n kh\u00e1c nhau:<br \/>\nC\u00e1c b\u1ed9 ph\u1eadn b\u01a1m: B\u01a1m b\u00f4i tr\u01a1n J203 cung c\u1ea5p nhi\u1ec1u lo\u1ea1i b\u1ed9 ph\u1eadn b\u01a1m kh\u00e1c nhau \u0111\u1ec3 \u0111\u00e1p \u1ee9ng nhi\u1ec1u y\u00eau c\u1ea7u \u0111\u1ea7u ra kh\u00e1c nhau.<\/span><span id=\"input-sentence~3\"><br \/>\nB\u00ecnh ch\u1ee9a: M\u00e1y b\u01a1m m\u1ee1 c\u00f3 nhi\u1ec1u k\u00edch c\u1ee1 b\u00ecnh ch\u1ee9a kh\u00e1c nhau, t\u1eeb 2 \u0111\u1ebfn 8 l\u00edt.<br \/>\nB\u1ea3ng \u0111i\u1ec1u khi\u1ec3n: H\u1ec7 th\u1ed1ng b\u00f4i tr\u01a1n n\u00e0y c\u00f3 b\u1ea3ng m\u1ea1ch in \u0111i\u1ec1u khi\u1ec3n t\u00f9y ch\u1ecdn v\u1edbi c\u00e1c c\u00e0i \u0111\u1eb7t v\u1eadn h\u00e0nh kh\u00e1c nhau.<br \/>\nVan gi\u1ea3m \u00e1p: \u0110\u00e2y l\u00e0 th\u00e0nh ph\u1ea7n t\u00f9y ch\u1ecdn c\u1ee7a b\u01a1m b\u00f4i tr\u01a1n \u0111\u1ec3 qu\u1ea3n l\u00fd \u00e1p su\u1ea5t.<br \/>\nN\u00fam m\u1ee1: D\u00f9ng \u0111\u1ec3 m\u1ed3i m\u1ee1 d\u1ec5 d\u00e0ng cho phi\u00ean b\u1ea3n kh\u00f4ng c\u00f3 n\u1eafp c\u1ee7a b\u01a1m b\u00f4i tr\u01a1n.<br \/>\nB\u1ed9 ph\u1eadn k\u1ebft n\u1ed1i \u0111i\u1ec7n: C\u1ea7n thi\u1ebft cho ho\u1ea1t \u0111\u1ed9ng c\u1ee7a b\u01a1m b\u00f4i tr\u01a1n.<\/span><\/p>\n<h2>H\u01b0\u1edbng d\u1eabn s\u1eed d\u1ee5ng<\/h2>\n<div class=\"sdm_download_button_box_default\"><div class=\"sdm_download_link\"><a href=\"https:\/\/www.jinpinlub.com\/vi\/?sdm_process_download=1&download_id=2429\" class=\"sdm_download white\" title=\"Ri\u00eang t\u01b0: J203 Grease Pump\" target=\"&quot;_blank&quot;\">Xem B\u1ea3ng d\u1eef li\u1ec7u - B\u01a1m m\u1ee1 J203<\/a><\/div><\/div>","protected":false},"excerpt":{"rendered":"<p>B\u01a1m b\u00f4i tr\u01a1n J203 l\u00e0 b\u01a1m p\u00edt t\u00f4ng \u0111i\u1ec7n c\u00f3 nhi\u1ec1u l\u1ea7n x\u1ea3, nhi\u1ec1u dung t\u00edch v\u00e0 nhi\u1ec1u \u0111i\u1ec7n \u00e1p, \u0111\u01b0\u1ee3c thi\u1ebft k\u1ebf cho h\u1ec7 th\u1ed1ng b\u00f4i tr\u01a1n ti\u1ebfn b\u1ed9. Sau nhi\u1ec1u th\u1eadp k\u1ef7 th\u1eed nghi\u1ec7m tr\u00ean th\u1ecb tr\u01b0\u1eddng, n\u00f3 \u0111\u00e3 tr\u1edf n\u00ean r\u1ea5t ho\u00e0n thi\u1ec7n v\u00e0 \u0111\u00e3 \u0111\u01b0\u1ee3c s\u1eed d\u1ee5ng trong nhi\u1ec1u lo\u1ea1i m\u00e1y m\u00f3c.<\/p>","protected":false},"featured_media":3275,"template":"","meta":{"ocean_post_layout":"","ocean_both_sidebars_style":"","ocean_both_sidebars_content_width":0,"ocean_both_sidebars_sidebars_width":0,"ocean_sidebar":"0","ocean_second_sidebar":"0","ocean_disable_margins":"enable","ocean_add_body_class":"","ocean_shortcode_before_top_bar":"","ocean_shortcode_after_top_bar":"","ocean_shortcode_before_header":"","ocean_shortcode_after_header":"","ocean_has_shortcode":"","ocean_shortcode_after_title":"","ocean_shortcode_before_footer_widgets":"","ocean_shortcode_after_footer_widgets":"","ocean_shortcode_before_footer_bottom":"","ocean_shortcode_after_footer_bottom":"","ocean_display_top_bar":"default","ocean_display_header":"default","ocean_header_style":"","ocean_center_header_left_menu":"0","ocean_custom_header_template":"0","ocean_custom_logo":0,"ocean_custom_retina_logo":0,"ocean_custom_logo_max_width":0,"ocean_custom_logo_tablet_max_width":0,"ocean_custom_logo_mobile_max_width":0,"ocean_custom_logo_max_height":0,"ocean_custom_logo_tablet_max_height":0,"ocean_custom_logo_mobile_max_height":0,"ocean_header_custom_menu":"0","ocean_menu_typo_font_family":"0","ocean_menu_typo_font_subset":"","ocean_menu_typo_font_size":0,"ocean_menu_typo_font_size_tablet":0,"ocean_menu_typo_font_size_mobile":0,"ocean_menu_typo_font_size_unit":"px","ocean_menu_typo_font_weight":"","ocean_menu_typo_font_weight_tablet":"","ocean_menu_typo_font_weight_mobile":"","ocean_menu_typo_transform":"","ocean_menu_typo_transform_tablet":"","ocean_menu_typo_transform_mobile":"","ocean_menu_typo_line_height":0,"ocean_menu_typo_line_height_tablet":0,"ocean_menu_typo_line_height_mobile":0,"ocean_menu_typo_line_height_unit":"","ocean_menu_typo_spacing":0,"ocean_menu_typo_spacing_tablet":0,"ocean_menu_typo_spacing_mobile":0,"ocean_menu_typo_spacing_unit":"","ocean_menu_link_color":"","ocean_menu_link_color_hover":"","ocean_menu_link_color_active":"","ocean_menu_link_background":"","ocean_menu_link_hover_background":"","ocean_menu_link_active_background":"","ocean_menu_social_links_bg":"","ocean_menu_social_hover_links_bg":"","ocean_menu_social_links_color":"","ocean_menu_social_hover_links_color":"","ocean_disable_title":"default","ocean_disable_heading":"default","ocean_post_title":"","ocean_post_subheading":"","ocean_post_title_style":"","ocean_post_title_background_color":"","ocean_post_title_background":0,"ocean_post_title_bg_image_position":"","ocean_post_title_bg_image_attachment":"","ocean_post_title_bg_image_repeat":"","ocean_post_title_bg_image_size":"","ocean_post_title_height":0,"ocean_post_title_bg_overlay":0.5,"ocean_post_title_bg_overlay_color":"","ocean_disable_breadcrumbs":"default","ocean_breadcrumbs_color":"","ocean_breadcrumbs_separator_color":"","ocean_breadcrumbs_links_color":"","ocean_breadcrumbs_links_hover_color":"","ocean_display_footer_widgets":"default","ocean_display_footer_bottom":"default","ocean_custom_footer_template":"0","osh_disable_topbar_sticky":"default","osh_disable_header_sticky":"default","osh_sticky_header_style":"default","osh_sticky_header_effect":"","osh_custom_sticky_logo":0,"osh_custom_retina_sticky_logo":0,"osh_custom_sticky_logo_height":0,"osh_background_color":"","osh_links_color":"","osh_links_hover_color":"","osh_links_active_color":"","osh_links_bg_color":"","osh_links_hover_bg_color":"","osh_links_active_bg_color":"","osh_menu_social_links_color":"","osh_menu_social_hover_links_color":""},"product_brand":[],"product_cat":[42,41],"product_tag":[212,211,213],"class_list":{"0":"post-3335","1":"product","2":"type-product","3":"status-publish","4":"has-post-thumbnail","6":"product_cat-electric-progressive-pumps","7":"product_cat-progressive-grease-systems","8":"product_tag-high-pressure-lubricator","9":"product_tag-p203-grease-pump","10":"product_tag-plunger-lubrication-pump","12":"entry","13":"has-media","15":"first","16":"instock","17":"shipping-taxable","18":"product-type-external","19":"col","20":"span_1_of_3","21":"owp-content-center","22":"owp-thumbs-layout-horizontal","23":"owp-btn-very-big","24":"owp-tabs-layout-horizontal"},"_links":{"self":[{"href":"https:\/\/www.jinpinlub.com\/vi\/wp-json\/wp\/v2\/product\/3335","targetHints":{"allow":["GET"]}}],"collection":[{"href":"https:\/\/www.jinpinlub.com\/vi\/wp-json\/wp\/v2\/product"}],"about":[{"href":"https:\/\/www.jinpinlub.com\/vi\/wp-json\/wp\/v2\/types\/product"}],"wp:featuredmedia":[{"embeddable":true,"href":"https:\/\/www.jinpinlub.com\/vi\/wp-json\/wp\/v2\/media\/3275"}],"wp:attachment":[{"href":"https:\/\/www.jinpinlub.com\/vi\/wp-json\/wp\/v2\/media?parent=3335"}],"wp:term":[{"taxonomy":"product_brand","embeddable":true,"href":"https:\/\/www.jinpinlub.com\/vi\/wp-json\/wp\/v2\/product_brand?post=3335"},{"taxonomy":"product_cat","embeddable":true,"href":"https:\/\/www.jinpinlub.com\/vi\/wp-json\/wp\/v2\/product_cat?post=3335"},{"taxonomy":"product_tag","embeddable":true,"href":"https:\/\/www.jinpinlub.com\/vi\/wp-json\/wp\/v2\/product_tag?post=3335"}],"curies":[{"name":"wp","href":"https:\/\/api.w.org\/{rel}","templated":true}]}}