{"id":3338,"date":"2024-08-22T11:22:19","date_gmt":"2024-08-22T03:22:19","guid":{"rendered":"https:\/\/www.jinpinlub.com\/?post_type=product&#038;p=3338"},"modified":"2024-08-22T13:21:46","modified_gmt":"2024-08-22T05:21:46","slug":"may-boi-tron-mo-da-nang-j203-cho-may-moc-xay-dung","status":"publish","type":"product","link":"https:\/\/www.jinpinlub.com\/vi\/product\/j203-multiport-grease-lubricator-for-construction-machinery\/","title":{"rendered":"M\u00e1y b\u00f4i tr\u01a1n m\u1ee1 \u0111a n\u0103ng J203 cho m\u00e1y m\u00f3c x\u00e2y d\u1ef1ng"},"content":{"rendered":"<h2>\u0110\u1eb7c tr\u01b0ng<\/h2>\n<p><span id=\"input-sentence~0\">B\u01a1m b\u00f4i tr\u01a1n \u0111i\u1ec7n J203 l\u00e0 lo\u1ea1i b\u01a1m ph\u1ed5 th\u00f4ng, nh\u1ecf g\u1ecdn v\u00e0 r\u1ea5t ti\u1ebft ki\u1ec7m. C\u00f3 th\u1ec3 l\u1eafp b\u00e1o \u0111\u1ed9ng m\u1ee9c th\u1ea5p v\u00e0 b\u1ea3ng m\u1ea1ch PCB \u0111i\u1ec1u khi\u1ec3n ho\u1ea1t \u0111\u1ed9ng c\u1ee7a b\u01a1m. Ngo\u00e0i ra, b\u01a1m \u0111\u01b0\u1ee3c cung c\u1ea5p \u1edf d\u1ea3i \u0111i\u1ec7n \u00e1p n\u00e0y: 12V v\u00e0 24V DC ho\u1eb7c 110V~220V.<\/span><span id=\"input-sentence~1\"> B\u01a1m b\u00f4i tr\u01a1n c\u0169ng c\u00f3 th\u1ec3 \u0111\u01b0\u1ee3c trang b\u1ecb 1, 2 ho\u1eb7c 3 th\u00e0nh ph\u1ea7n b\u01a1m. C\u00f3 b\u1ed1n lo\u1ea1i th\u00e0nh ph\u1ea7n b\u01a1m: K5, K6, K7 v\u00e0 KR, v\u1edbi kh\u1ea3 n\u0103ng d\u1ecbch chuy\u1ec3n c\u00f3 th\u1ec3 \u0111i\u1ec1u ch\u1ec9nh. Dung t\u00edch b\u00ecnh ch\u1ee9a b\u01a1m c\u0169ng c\u00f3 s\u1eb5n \u1edf m\u1ee9c 2, 4, 8 l\u00edt, trong s\u1ed1 c\u00e1c dung t\u00edch kh\u00e1c.<\/span><\/p>\n<h2>\u0110\u1eb7c \u0111i\u1ec3m k\u1ef9 thu\u1eadt<\/h2>\n<table>\n<tbody>\n<tr>\n<td>Nhi\u1ec7t \u0111\u1ed9 ho\u1ea1t \u0111\u1ed9ng<\/td>\n<td>(-40\u00b0C \u0111\u1ebfn +70\u00b0C)<\/td>\n<\/tr>\n<tr>\n<td>S\u1ed1 l\u01b0\u1ee3ng c\u1eeda h\u00e0ng<\/td>\n<td>1, 2 ho\u1eb7c 3<\/td>\n<\/tr>\n<tr>\n<td>S\u1ee9c ch\u1ee9a h\u1ed3 ch\u1ee9a<\/td>\n<td>2L, 4L, 8L<\/td>\n<\/tr>\n<tr>\n<td>N\u1ea1p l\u1ea1i<\/td>\n<td>Ph\u1ee5 ki\u1ec7n b\u00f4i tr\u01a1n th\u1ee7y l\u1ef1c ho\u1eb7c t\u1eeb tr\u00ean xu\u1ed1ng<\/td>\n<\/tr>\n<tr>\n<td>Ch\u1ea5t b\u00f4i tr\u01a1n<\/td>\n<td>M\u1ee1 b\u00f4i tr\u01a1n \u00edt nh\u1ea5t l\u00e0 lo\u1ea1i NLGI 2, D\u1ea7u c\u00f3 l\u01b0u l\u01b0\u1ee3ng l\u00ean \u0111\u1ebfn 40mm\u00b2\/gi\u00e2y (cSt) \u1edf 40\u00b0 C<\/td>\n<\/tr>\n<tr>\n<td>L\u1edbp b\u1ea3o v\u1ec7<\/td>\n<td>IP6K 9K<\/td>\n<\/tr>\n<tr>\n<td>\u0110\u01b0\u1eddng k\u00ednh piston, K5<\/td>\n<td>5 mm, x\u1ea5p x\u1ec9 2 cm\u00b3\/ph\u00fat<\/td>\n<\/tr>\n<tr>\n<td>\u0110\u01b0\u1eddng k\u00ednh piston, (ti\u00eau chu\u1ea9n) K6<\/td>\n<td>6 mm, x\u1ea5p x\u1ec9 2,8cm\u00b3\/ph\u00fat<\/td>\n<\/tr>\n<tr>\n<td>\u0110\u01b0\u1eddng k\u00ednh piston, K7<\/td>\n<td>7 mm, x\u1ea5p x\u1ec9 4 cm\u00b3\/ph\u00fat<\/td>\n<\/tr>\n<tr>\n<td>\u00c1p su\u1ea5t v\u1eadn h\u00e0nh t\u1ed1i \u0111a<\/td>\n<td>350 thanh<\/td>\n<\/tr>\n<tr>\n<td>Ch\u1ee7 \u0111\u1ec1 k\u1ebft n\u1ed1i<\/td>\n<td>G 1\/4<\/td>\n<\/tr>\n<tr>\n<td>\u0110i\u1ec7n \u00e1p ho\u1ea1t \u0111\u1ed9ng<\/td>\n<td>12VDC, 24VDC, 110-240VAC<\/td>\n<\/tr>\n<\/tbody>\n<\/table>\n<h2><span id=\"input-sentence~2\">C\u00e1c y\u1ebfu t\u1ed1<\/span><\/h2>\n<p><span id=\"input-sentence~2\">C\u00e1c b\u1ed9 ph\u1eadn b\u01a1m l\u00e0 th\u00e0nh ph\u1ea7n thi\u1ebft y\u1ebfu c\u1ee7a b\u01a1m b\u00f4i tr\u01a1n nh\u01b0 J203. Ch\u00fang l\u00e0 b\u1ed9 ph\u1eadn b\u01a1m ch\u1ea5t b\u00f4i tr\u01a1n t\u1eeb b\u1ec3 ch\u1ee9a \u0111\u1ebfn c\u00e1c \u0111i\u1ec3m b\u00f4i tr\u01a1n.<br \/>\nC\u00e1c lo\u1ea1i: C\u00f3 nhi\u1ec1u lo\u1ea1i \u0111\u1ea7u b\u01a1m b\u00f4i tr\u01a1n kh\u00e1c nhau ph\u1ee5c v\u1ee5 cho c\u00e1c y\u00eau c\u1ea7u v\u1ec1 \u0111\u1ed9 nh\u1edbt v\u00e0 \u0111\u1ea7u ra kh\u00e1c nhau.<\/span><span id=\"input-sentence~3\"> \u0110i\u1ec1u n\u00e0y cung c\u1ea5p l\u1ef1a ch\u1ecdn d\u1ef1a tr\u00ean y\u00eau c\u1ea7u b\u00f4i tr\u01a1n c\u1ee7a m\u00e1y.<br \/>\n\u0110\u1ed9 b\u1ec1n: V\u1eadt li\u1ec7u d\u00f9ng \u0111\u1ec3 ch\u1ebf t\u1ea1o b\u1ed9 ph\u1eadn b\u01a1m ch\u1ee7 y\u1ebfu l\u00e0 v\u1eadt li\u1ec7u ch\u1ea5t l\u01b0\u1ee3ng cao, th\u01b0\u1eddng l\u00e0 th\u00e9p kh\u00f4ng g\u1ec9, do \u0111\u00f3 b\u1ec1n v\u00e0 ch\u1ed1ng m\u00e0i m\u00f2n.<br \/>\nKh\u1ea3 n\u0103ng t\u01b0\u01a1ng th\u00edch: C\u00e1c b\u1ed9 ph\u1eadn b\u01a1m b\u00f4i tr\u01a1n n\u00e0y \u0111\u01b0\u1ee3c thi\u1ebft k\u1ebf \u0111\u1ec3 ho\u1ea1t \u0111\u1ed9ng v\u1edbi nhi\u1ec1u lo\u1ea1i ch\u1ea5t b\u00f4i tr\u01a1n, bao g\u1ed3m d\u1ea7u v\u00e0 m\u1ee1.<br \/>\nB\u1ea3o tr\u00ec: C\u00e1c b\u1ed9 ph\u1eadn c\u1ee7a m\u00e1y b\u01a1m ph\u1ea3i \u0111\u01b0\u1ee3c b\u1ea3o tr\u00ec th\u01b0\u1eddng xuy\u00ean \u0111\u1ec3 ho\u1ea1t \u0111\u1ed9ng hi\u1ec7u qu\u1ea3 v\u00e0 k\u00e9o d\u00e0i tu\u1ed5i th\u1ecd. \u0110i\u1ec1u n\u00e0y c\u00f3 ngh\u0129a l\u00e0 ki\u1ec3m tra xem c\u00f3 b\u1ecb m\u00f2n kh\u00f4ng v\u00e0 thay th\u1ebf ch\u00fang.<\/span><\/p>\n<h2>H\u01b0\u1edbng d\u1eabn s\u1eed d\u1ee5ng<\/h2>\n<div class=\"sdm_download_button_box_default\"><div class=\"sdm_download_link\"><a href=\"https:\/\/www.jinpinlub.com\/vi\/?sdm_process_download=1&download_id=2429\" class=\"sdm_download white\" title=\"Ri\u00eang t\u01b0: J203 Grease Pump\" target=\"&quot;_blank&quot;\">Xem B\u1ea3ng d\u1eef li\u1ec7u - B\u01a1m m\u1ee1 J203<\/a><\/div><\/div>","protected":false},"excerpt":{"rendered":"<p>J203 l\u00e0 b\u01a1m \u0111i\u1ec7n \u0111\u01b0\u1ee3c s\u1eed d\u1ee5ng trong h\u1ec7 th\u1ed1ng b\u00f4i tr\u01a1n ti\u1ebfn b\u1ed9. Th\u00edch h\u1ee3p cho m\u00e1y m\u00f3c x\u00e2y d\u1ef1ng nh\u01b0 m\u00e1y x\u00fac l\u1eadt v\u00e0 m\u00e1y \u0111\u00e0o; m\u00e1y m\u00f3c v\u1eeba v\u00e0 nh\u1ecf v\u00e0 thi\u1ebft b\u1ecb c\u00f4ng nghi\u1ec7p n\u00f3i chung nh\u01b0 m\u00e1y g\u1eb7t, m\u00e1y \u0111\u00f3ng ki\u1ec7n v\u00e0 m\u00e1y g\u1eb7t th\u1ee9c \u0103n gia s\u00fac.<\/p>","protected":false},"featured_media":3278,"template":"","meta":{"ocean_post_layout":"","ocean_both_sidebars_style":"","ocean_both_sidebars_content_width":0,"ocean_both_sidebars_sidebars_width":0,"ocean_sidebar":"0","ocean_second_sidebar":"0","ocean_disable_margins":"enable","ocean_add_body_class":"","ocean_shortcode_before_top_bar":"","ocean_shortcode_after_top_bar":"","ocean_shortcode_before_header":"","ocean_shortcode_after_header":"","ocean_has_shortcode":"","ocean_shortcode_after_title":"","ocean_shortcode_before_footer_widgets":"","ocean_shortcode_after_footer_widgets":"","ocean_shortcode_before_footer_bottom":"","ocean_shortcode_after_footer_bottom":"","ocean_display_top_bar":"default","ocean_display_header":"default","ocean_header_style":"","ocean_center_header_left_menu":"0","ocean_custom_header_template":"0","ocean_custom_logo":0,"ocean_custom_retina_logo":0,"ocean_custom_logo_max_width":0,"ocean_custom_logo_tablet_max_width":0,"ocean_custom_logo_mobile_max_width":0,"ocean_custom_logo_max_height":0,"ocean_custom_logo_tablet_max_height":0,"ocean_custom_logo_mobile_max_height":0,"ocean_header_custom_menu":"0","ocean_menu_typo_font_family":"0","ocean_menu_typo_font_subset":"","ocean_menu_typo_font_size":0,"ocean_menu_typo_font_size_tablet":0,"ocean_menu_typo_font_size_mobile":0,"ocean_menu_typo_font_size_unit":"px","ocean_menu_typo_font_weight":"","ocean_menu_typo_font_weight_tablet":"","ocean_menu_typo_font_weight_mobile":"","ocean_menu_typo_transform":"","ocean_menu_typo_transform_tablet":"","ocean_menu_typo_transform_mobile":"","ocean_menu_typo_line_height":0,"ocean_menu_typo_line_height_tablet":0,"ocean_menu_typo_line_height_mobile":0,"ocean_menu_typo_line_height_unit":"","ocean_menu_typo_spacing":0,"ocean_menu_typo_spacing_tablet":0,"ocean_menu_typo_spacing_mobile":0,"ocean_menu_typo_spacing_unit":"","ocean_menu_link_color":"","ocean_menu_link_color_hover":"","ocean_menu_link_color_active":"","ocean_menu_link_background":"","ocean_menu_link_hover_background":"","ocean_menu_link_active_background":"","ocean_menu_social_links_bg":"","ocean_menu_social_hover_links_bg":"","ocean_menu_social_links_color":"","ocean_menu_social_hover_links_color":"","ocean_disable_title":"default","ocean_disable_heading":"default","ocean_post_title":"","ocean_post_subheading":"","ocean_post_title_style":"","ocean_post_title_background_color":"","ocean_post_title_background":0,"ocean_post_title_bg_image_position":"","ocean_post_title_bg_image_attachment":"","ocean_post_title_bg_image_repeat":"","ocean_post_title_bg_image_size":"","ocean_post_title_height":0,"ocean_post_title_bg_overlay":0.5,"ocean_post_title_bg_overlay_color":"","ocean_disable_breadcrumbs":"default","ocean_breadcrumbs_color":"","ocean_breadcrumbs_separator_color":"","ocean_breadcrumbs_links_color":"","ocean_breadcrumbs_links_hover_color":"","ocean_display_footer_widgets":"default","ocean_display_footer_bottom":"default","ocean_custom_footer_template":"0","osh_disable_topbar_sticky":"default","osh_disable_header_sticky":"default","osh_sticky_header_style":"default","osh_sticky_header_effect":"","osh_custom_sticky_logo":0,"osh_custom_retina_sticky_logo":0,"osh_custom_sticky_logo_height":0,"osh_background_color":"","osh_links_color":"","osh_links_hover_color":"","osh_links_active_color":"","osh_links_bg_color":"","osh_links_hover_bg_color":"","osh_links_active_bg_color":"","osh_menu_social_links_color":"","osh_menu_social_hover_links_color":""},"product_brand":[],"product_cat":[42,41],"product_tag":[74,215,214],"class_list":{"0":"post-3338","1":"product","2":"type-product","3":"status-publish","4":"has-post-thumbnail","6":"product_cat-electric-progressive-pumps","7":"product_cat-progressive-grease-systems","8":"product_tag-automatic-lubrication-pump","9":"product_tag-motor-driven-pump","10":"product_tag-multiport-grease-lubricator","12":"entry","13":"has-media","15":"first","16":"instock","17":"shipping-taxable","18":"product-type-external","19":"col","20":"span_1_of_3","21":"owp-content-center","22":"owp-thumbs-layout-horizontal","23":"owp-btn-very-big","24":"owp-tabs-layout-horizontal"},"_links":{"self":[{"href":"https:\/\/www.jinpinlub.com\/vi\/wp-json\/wp\/v2\/product\/3338","targetHints":{"allow":["GET"]}}],"collection":[{"href":"https:\/\/www.jinpinlub.com\/vi\/wp-json\/wp\/v2\/product"}],"about":[{"href":"https:\/\/www.jinpinlub.com\/vi\/wp-json\/wp\/v2\/types\/product"}],"wp:featuredmedia":[{"embeddable":true,"href":"https:\/\/www.jinpinlub.com\/vi\/wp-json\/wp\/v2\/media\/3278"}],"wp:attachment":[{"href":"https:\/\/www.jinpinlub.com\/vi\/wp-json\/wp\/v2\/media?parent=3338"}],"wp:term":[{"taxonomy":"product_brand","embeddable":true,"href":"https:\/\/www.jinpinlub.com\/vi\/wp-json\/wp\/v2\/product_brand?post=3338"},{"taxonomy":"product_cat","embeddable":true,"href":"https:\/\/www.jinpinlub.com\/vi\/wp-json\/wp\/v2\/product_cat?post=3338"},{"taxonomy":"product_tag","embeddable":true,"href":"https:\/\/www.jinpinlub.com\/vi\/wp-json\/wp\/v2\/product_tag?post=3338"}],"curies":[{"name":"wp","href":"https:\/\/api.w.org\/{rel}","templated":true}]}}