{"id":3340,"date":"2024-08-22T11:30:44","date_gmt":"2024-08-22T03:30:44","guid":{"rendered":"https:\/\/www.jinpinlub.com\/?post_type=product&#038;p=3340"},"modified":"2024-08-22T11:33:40","modified_gmt":"2024-08-22T03:33:40","slug":"boi-tron-trung-tam-dien-j203-cho-xe-tron-be-tong","status":"publish","type":"product","link":"https:\/\/www.jinpinlub.com\/vi\/product\/j203-electric-central-lubrication-for-concrete-mixer-truck\/","title":{"rendered":"J203 B\u00f4i tr\u01a1n trung t\u00e2m \u0111i\u1ec7n cho xe tr\u1ed9n b\u00ea t\u00f4ng"},"content":{"rendered":"<h2>\u0110\u1eb7c tr\u01b0ng<\/h2>\n<p>PCB \u0111i\u1ec1u khi\u1ec3n t\u00f9y ch\u1ecdn c\u1ee7a b\u01a1m b\u00f4i tr\u01a1n J203 cung c\u1ea5p nhi\u1ec1u c\u00e0i \u0111\u1eb7t v\u1eadn h\u00e0nh kh\u00e1c nhau.<br \/>\nNhi\u1ec1u lo\u1ea1i b\u00ecnh ch\u1ee9a 2L, 4L, 8L c\u00f3 th\u1ec3 t\u00f9y ch\u1ecdn \u0111\u1ec3 ph\u00f9 h\u1ee3p v\u1edbi c\u00e1c y\u00eau c\u1ea7u \u1ee9ng d\u1ee5ng kh\u00e1c nhau.<br \/>\nB\u01a1m b\u00f4i tr\u01a1n c\u00f3 nhi\u1ec1u \u0111i\u1ec7n \u00e1p kh\u00e1c nhau cho c\u00e1c \u1ee9ng d\u1ee5ng DC v\u00e0 AC.<br \/>\nL\u00f5i b\u01a1m b\u00f4i tr\u01a1n t\u00f9y ch\u1ecdn cung c\u1ea5p nhi\u1ec1u \u0111\u1ea7u ra kh\u00e1c nhau \u0111\u1ec3 \u0111\u00e1p \u1ee9ng nhi\u1ec1u nhu c\u1ea7u b\u00f4i tr\u01a1n kh\u00e1c nhau.<\/p>\n<h2>\u0110\u1eb7c \u0111i\u1ec3m k\u1ef9 thu\u1eadt<\/h2>\n<table>\n<tbody>\n<tr>\n<td>Nhi\u1ec7t \u0111\u1ed9 ho\u1ea1t \u0111\u1ed9ng<\/td>\n<td>(-40\u00b0C \u0111\u1ebfn +70\u00b0C)<\/td>\n<\/tr>\n<tr>\n<td>S\u1ed1 l\u01b0\u1ee3ng c\u1eeda h\u00e0ng<\/td>\n<td>1, 2 ho\u1eb7c 3<\/td>\n<\/tr>\n<tr>\n<td>S\u1ee9c ch\u1ee9a h\u1ed3 ch\u1ee9a<\/td>\n<td>2L, 4L, 8L<\/td>\n<\/tr>\n<tr>\n<td>N\u1ea1p l\u1ea1i<\/td>\n<td>Ph\u1ee5 ki\u1ec7n b\u00f4i tr\u01a1n th\u1ee7y l\u1ef1c ho\u1eb7c t\u1eeb tr\u00ean xu\u1ed1ng<\/td>\n<\/tr>\n<tr>\n<td>Ch\u1ea5t b\u00f4i tr\u01a1n<\/td>\n<td>M\u1ee1 b\u00f4i tr\u01a1n \u00edt nh\u1ea5t l\u00e0 lo\u1ea1i NLGI 2, D\u1ea7u c\u00f3 l\u01b0u l\u01b0\u1ee3ng l\u00ean \u0111\u1ebfn 40mm\u00b2\/gi\u00e2y (cSt) \u1edf 40\u00b0 C<\/td>\n<\/tr>\n<tr>\n<td>L\u1edbp b\u1ea3o v\u1ec7<\/td>\n<td>IP6K 9K<\/td>\n<\/tr>\n<tr>\n<td>\u0110\u01b0\u1eddng k\u00ednh piston, K5<\/td>\n<td>5 mm, x\u1ea5p x\u1ec9 2 cm\u00b3\/ph\u00fat<\/td>\n<\/tr>\n<tr>\n<td>\u0110\u01b0\u1eddng k\u00ednh piston, (ti\u00eau chu\u1ea9n) K6<\/td>\n<td>6 mm, x\u1ea5p x\u1ec9 2,8cm\u00b3\/ph\u00fat<\/td>\n<\/tr>\n<tr>\n<td>\u0110\u01b0\u1eddng k\u00ednh piston, K7<\/td>\n<td>7 mm, x\u1ea5p x\u1ec9 4 cm\u00b3\/ph\u00fat<\/td>\n<\/tr>\n<tr>\n<td>\u00c1p su\u1ea5t v\u1eadn h\u00e0nh t\u1ed1i \u0111a<\/td>\n<td>350 thanh<\/td>\n<\/tr>\n<tr>\n<td>Ch\u1ee7 \u0111\u1ec1 k\u1ebft n\u1ed1i<\/td>\n<td>G 1\/4<\/td>\n<\/tr>\n<tr>\n<td>\u0110i\u1ec7n \u00e1p ho\u1ea1t \u0111\u1ed9ng<\/td>\n<td>12VDC, 24VDC, 110-240VAC<\/td>\n<\/tr>\n<\/tbody>\n<\/table>\n<h2>C\u00e0i \u0111\u1eb7t<\/h2>\n<p>V\u1ecb tr\u00ed l\u1eafp \u0111\u1eb7t: Tr\u00e1nh l\u1eafp \u0111\u1eb7t m\u00e1y b\u01a1m \u1edf m\u00f4i tr\u01b0\u1eddng c\u00f3 nhi\u1ec7t \u0111\u1ed9 cao ho\u1eb7c ch\u1ea5t \u0103n m\u00f2n.<br \/>\nPh\u01b0\u01a1ng ph\u00e1p c\u1ed1 \u0111\u1ecbnh: S\u1eed d\u1ee5ng bu l\u00f4ng v\u00e0 gi\u00e1 \u0111\u1ee1 ph\u00f9 h\u1ee3p \u0111\u1ec3 l\u1eafp \u0111\u1eb7t v\u00e0 \u0111\u1ea3m b\u1ea3o b\u1ec1 m\u1eb7t l\u1eafp c\u1ee7a b\u01a1m b\u00f4i tr\u01a1n ph\u1eb3ng \u0111\u1ec3 tr\u00e1nh rung \u0111\u1ed9ng v\u00e0 ti\u1ebfng \u1ed3n.<br \/>\nK\u1ebft n\u1ed1i ngu\u1ed3n \u0111i\u1ec7n: K\u1ebft n\u1ed1i d\u00e2y ngu\u1ed3n \u0111\u00fang theo \u0111i\u1ec7n \u00e1p c\u1ee7a m\u00e1y b\u01a1m, \u0111\u1ea3m b\u1ea3o k\u1ebft n\u1ed1i ngu\u1ed3n \u0111i\u1ec7n ch\u1eafc ch\u1eafn v\u00e0 tu\u00e2n th\u1ee7 theo quy \u0111\u1ecbnh v\u1ec1 \u0111i\u1ec7n t\u1ea1i \u0111\u1ecba ph\u01b0\u01a1ng.<br \/>\nK\u1ebft n\u1ed1i \u0111\u01b0\u1eddng \u1ed1ng b\u00f4i tr\u01a1n: K\u1ebft n\u1ed1i ch\u00ednh x\u00e1c \u0111\u01b0\u1eddng \u1ed1ng v\u1edbi \u0111\u1ea7u ra c\u1ee7a b\u01a1m b\u00f4i tr\u01a1n \u0111\u1ec3 \u0111\u1ea3m b\u1ea3o k\u1ebft n\u1ed1i ch\u1eb7t ch\u1ebd v\u00e0 kh\u00f4ng b\u1ecb r\u00f2 r\u1ec9.<br \/>\n\u0110\u1ed5 \u0111\u1ea7y ch\u1ea5t b\u00f4i tr\u01a1n: \u0111\u1ed5 m\u1ed9t l\u01b0\u1ee3ng ch\u1ea5t b\u00f4i tr\u01a1n th\u00edch h\u1ee3p v\u00e0 \u0111\u1ea3m b\u1ea3o r\u1eb1ng ch\u1ea5t b\u00f4i tr\u01a1n \u0111\u01b0\u1ee3c s\u1eed d\u1ee5ng \u0111\u00e1p \u1ee9ng c\u00e1c th\u00f4ng s\u1ed1 k\u1ef9 thu\u1eadt c\u1ee7a m\u00e1y b\u01a1m.<br \/>\nKi\u1ec3m tra h\u1ec7 th\u1ed1ng: Ki\u1ec3m tra r\u00f2 r\u1ec9 sau khi kh\u1edfi \u0111\u1ed9ng m\u00e1y b\u01a1m v\u00e0 x\u00e1c nh\u1eadn ch\u1ea5t b\u00f4i tr\u01a1n c\u00f3 th\u1ec3 \u0111\u1ebfn \u0111\u01b0\u1ee3c t\u1eebng \u0111i\u1ec3m b\u00f4i tr\u01a1n.<\/p>\n<h2>H\u01b0\u1edbng d\u1eabn s\u1eed d\u1ee5ng<\/h2>\n<div class=\"sdm_download_button_box_default\"><div class=\"sdm_download_link\"><a href=\"https:\/\/www.jinpinlub.com\/vi\/?sdm_process_download=1&download_id=2429\" class=\"sdm_download white\" title=\"Ri\u00eang t\u01b0: J203 Grease Pump\" target=\"&quot;_blank&quot;\">Xem B\u1ea3ng d\u1eef li\u1ec7u - B\u01a1m m\u1ee1 J203<\/a><\/div><\/div>","protected":false},"excerpt":{"rendered":"<p>Thi\u1ebft k\u1ebf b\u01a1m b\u00f4i tr\u01a1n J203 bao g\u1ed3m \u0111\u1ebf c\u00f3 \u0111\u1ed9ng c\u01a1 t\u00edch h\u1ee3p, b\u00ecnh ch\u1ee9a c\u00f3 b\u1ed9 khu\u1ea5y, van gi\u1ea3m \u00e1p t\u00f9y ch\u1ecdn v\u00e0 k\u1ebft n\u1ed1i \u0111i\u1ec7n. N\u00f3 c\u00f3 th\u1ec3 d\u1eabn \u0111\u1ed9ng t\u1edbi 3 b\u1ed9 ph\u1eadn b\u01a1m v\u00e0 c\u1ea3m bi\u1ebfn m\u1ee9c th\u1ea5p \u0111\u1ec3 \u0111\u1ea3m b\u1ea3o h\u1ec7 th\u1ed1ng b\u00f4i tr\u01a1n ho\u1ea1t \u0111\u1ed9ng \u0111\u00e1ng tin c\u1eady.<\/p>","protected":false},"featured_media":3288,"template":"","meta":{"ocean_post_layout":"","ocean_both_sidebars_style":"","ocean_both_sidebars_content_width":0,"ocean_both_sidebars_sidebars_width":0,"ocean_sidebar":"0","ocean_second_sidebar":"0","ocean_disable_margins":"enable","ocean_add_body_class":"","ocean_shortcode_before_top_bar":"","ocean_shortcode_after_top_bar":"","ocean_shortcode_before_header":"","ocean_shortcode_after_header":"","ocean_has_shortcode":"","ocean_shortcode_after_title":"","ocean_shortcode_before_footer_widgets":"","ocean_shortcode_after_footer_widgets":"","ocean_shortcode_before_footer_bottom":"","ocean_shortcode_after_footer_bottom":"","ocean_display_top_bar":"default","ocean_display_header":"default","ocean_header_style":"","ocean_center_header_left_menu":"0","ocean_custom_header_template":"0","ocean_custom_logo":0,"ocean_custom_retina_logo":0,"ocean_custom_logo_max_width":0,"ocean_custom_logo_tablet_max_width":0,"ocean_custom_logo_mobile_max_width":0,"ocean_custom_logo_max_height":0,"ocean_custom_logo_tablet_max_height":0,"ocean_custom_logo_mobile_max_height":0,"ocean_header_custom_menu":"0","ocean_menu_typo_font_family":"0","ocean_menu_typo_font_subset":"","ocean_menu_typo_font_size":0,"ocean_menu_typo_font_size_tablet":0,"ocean_menu_typo_font_size_mobile":0,"ocean_menu_typo_font_size_unit":"px","ocean_menu_typo_font_weight":"","ocean_menu_typo_font_weight_tablet":"","ocean_menu_typo_font_weight_mobile":"","ocean_menu_typo_transform":"","ocean_menu_typo_transform_tablet":"","ocean_menu_typo_transform_mobile":"","ocean_menu_typo_line_height":0,"ocean_menu_typo_line_height_tablet":0,"ocean_menu_typo_line_height_mobile":0,"ocean_menu_typo_line_height_unit":"","ocean_menu_typo_spacing":0,"ocean_menu_typo_spacing_tablet":0,"ocean_menu_typo_spacing_mobile":0,"ocean_menu_typo_spacing_unit":"","ocean_menu_link_color":"","ocean_menu_link_color_hover":"","ocean_menu_link_color_active":"","ocean_menu_link_background":"","ocean_menu_link_hover_background":"","ocean_menu_link_active_background":"","ocean_menu_social_links_bg":"","ocean_menu_social_hover_links_bg":"","ocean_menu_social_links_color":"","ocean_menu_social_hover_links_color":"","ocean_disable_title":"default","ocean_disable_heading":"default","ocean_post_title":"","ocean_post_subheading":"","ocean_post_title_style":"","ocean_post_title_background_color":"","ocean_post_title_background":0,"ocean_post_title_bg_image_position":"","ocean_post_title_bg_image_attachment":"","ocean_post_title_bg_image_repeat":"","ocean_post_title_bg_image_size":"","ocean_post_title_height":0,"ocean_post_title_bg_overlay":0.5,"ocean_post_title_bg_overlay_color":"","ocean_disable_breadcrumbs":"default","ocean_breadcrumbs_color":"","ocean_breadcrumbs_separator_color":"","ocean_breadcrumbs_links_color":"","ocean_breadcrumbs_links_hover_color":"","ocean_display_footer_widgets":"default","ocean_display_footer_bottom":"default","ocean_custom_footer_template":"0","osh_disable_topbar_sticky":"default","osh_disable_header_sticky":"default","osh_sticky_header_style":"default","osh_sticky_header_effect":"","osh_custom_sticky_logo":0,"osh_custom_retina_sticky_logo":0,"osh_custom_sticky_logo_height":0,"osh_background_color":"","osh_links_color":"","osh_links_hover_color":"","osh_links_active_color":"","osh_links_bg_color":"","osh_links_hover_bg_color":"","osh_links_active_bg_color":"","osh_menu_social_links_color":"","osh_menu_social_hover_links_color":""},"product_brand":[],"product_cat":[42,41],"product_tag":[218,219,220],"class_list":{"0":"post-3340","1":"product","2":"type-product","3":"status-publish","4":"has-post-thumbnail","6":"product_cat-electric-progressive-pumps","7":"product_cat-progressive-grease-systems","8":"product_tag-centralized-grease-pump","9":"product_tag-delimon-grease-pump","10":"product_tag-lubrication-solution","12":"entry","13":"has-media","15":"first","16":"instock","17":"shipping-taxable","18":"product-type-external","19":"col","20":"span_1_of_3","21":"owp-content-center","22":"owp-thumbs-layout-horizontal","23":"owp-btn-very-big","24":"owp-tabs-layout-horizontal"},"_links":{"self":[{"href":"https:\/\/www.jinpinlub.com\/vi\/wp-json\/wp\/v2\/product\/3340","targetHints":{"allow":["GET"]}}],"collection":[{"href":"https:\/\/www.jinpinlub.com\/vi\/wp-json\/wp\/v2\/product"}],"about":[{"href":"https:\/\/www.jinpinlub.com\/vi\/wp-json\/wp\/v2\/types\/product"}],"wp:featuredmedia":[{"embeddable":true,"href":"https:\/\/www.jinpinlub.com\/vi\/wp-json\/wp\/v2\/media\/3288"}],"wp:attachment":[{"href":"https:\/\/www.jinpinlub.com\/vi\/wp-json\/wp\/v2\/media?parent=3340"}],"wp:term":[{"taxonomy":"product_brand","embeddable":true,"href":"https:\/\/www.jinpinlub.com\/vi\/wp-json\/wp\/v2\/product_brand?post=3340"},{"taxonomy":"product_cat","embeddable":true,"href":"https:\/\/www.jinpinlub.com\/vi\/wp-json\/wp\/v2\/product_cat?post=3340"},{"taxonomy":"product_tag","embeddable":true,"href":"https:\/\/www.jinpinlub.com\/vi\/wp-json\/wp\/v2\/product_tag?post=3340"}],"curies":[{"name":"wp","href":"https:\/\/api.w.org\/{rel}","templated":true}]}}