{"id":3341,"date":"2024-08-22T11:33:45","date_gmt":"2024-08-22T03:33:45","guid":{"rendered":"https:\/\/www.jinpinlub.com\/?post_type=product&#038;p=3341"},"modified":"2024-08-22T11:39:00","modified_gmt":"2024-08-22T03:39:00","slug":"bom-boi-tron-dien-j203-co-dieu-khien","status":"publish","type":"product","link":"https:\/\/www.jinpinlub.com\/vi\/product\/j203-electric-progressive-lubrication-pump-for-with-control\/","title":{"rendered":"B\u01a1m b\u00f4i tr\u01a1n \u0111i\u1ec7n J203 c\u00f3 \u0111i\u1ec1u khi\u1ec3n"},"content":{"rendered":"<h2>\u0110\u1eb7c tr\u01b0ng<\/h2>\n<p><span id=\"input-sentence~0\">Hi\u1ec7u su\u1ea5t cao: B\u01a1m b\u00f4i tr\u01a1n J203 c\u00f3 c\u00f4ng ngh\u1ec7 b\u01a1m ti\u00ean ti\u1ebfn, li\u00ean t\u1ee5c cung c\u1ea5p kh\u1ea3 n\u0103ng b\u00f4i tr\u01a1n \u1ed5n \u0111\u1ecbnh, do \u0111\u00f3 \u0111\u1ea3m b\u1ea3o ho\u1ea1t \u0111\u1ed9ng b\u00ecnh th\u01b0\u1eddng d\u01b0\u1edbi thi\u1ebft b\u1ecb ch\u1ecbu t\u1ea3i cao.<br \/>\n\u0110\u1ed9 b\u1ec1n: \u0110\u01b0\u1ee3c l\u00e0m t\u1eeb v\u1eadt li\u1ec7u c\u00f3 \u0111\u1ed9 b\u1ec1n cao v\u00e0 c\u00f3 kh\u1ea3 n\u0103ng ch\u1ed1ng m\u00e0i m\u00f2n v\u00e0 \u0103n m\u00f2n tuy\u1ec7t v\u1eddi, do \u0111\u00f3 ph\u00f9 h\u1ee3p \u0111\u1ec3 l\u00e0m vi\u1ec7c l\u00e2u d\u00e0i trong m\u00f4i tr\u01b0\u1eddng kh\u1eafc nghi\u1ec7t.<\/span><span id=\"input-sentence~1\"><br \/>\nD\u1ec5 b\u1ea3o tr\u00ec: Do thi\u1ebft k\u1ebf d\u1ea1ng m\u00f4-\u0111un c\u1ee7a b\u01a1m b\u00f4i tr\u01a1n n\u00ean vi\u1ec7c b\u1ea3o tr\u00ec v\u00e0 thay th\u1ebf c\u00e1c b\u1ed9 ph\u1eadn d\u1ec5 d\u00e0ng h\u01a1n nhi\u1ec1u.<br \/>\nT\u00ednh linh ho\u1ea1t: B\u01a1m b\u00f4i tr\u01a1n c\u00f3 kh\u1ea3 n\u0103ng s\u1eed d\u1ee5ng nhi\u1ec1u lo\u1ea1i d\u1ea7u v\u00e0 m\u1ee1 kh\u00e1c nhau \u0111\u1ec3 \u0111\u00e1p \u1ee9ng c\u00e1c lo\u1ea1i m\u00e1y m\u00f3c v\u00e0 t\u00ecnh hu\u1ed1ng l\u00e0m vi\u1ec7c kh\u00e1c nhau.<\/span><\/p>\n<h2>\u0110\u1eb7c \u0111i\u1ec3m k\u1ef9 thu\u1eadt<\/h2>\n<table>\n<tbody>\n<tr>\n<td>Nhi\u1ec7t \u0111\u1ed9 ho\u1ea1t \u0111\u1ed9ng<\/td>\n<td>(-40\u00b0C \u0111\u1ebfn +70\u00b0C)<\/td>\n<\/tr>\n<tr>\n<td>S\u1ed1 l\u01b0\u1ee3ng c\u1eeda h\u00e0ng<\/td>\n<td>1, 2 ho\u1eb7c 3<\/td>\n<\/tr>\n<tr>\n<td>S\u1ee9c ch\u1ee9a h\u1ed3 ch\u1ee9a<\/td>\n<td>2L, 4L, 8L<\/td>\n<\/tr>\n<tr>\n<td>N\u1ea1p l\u1ea1i<\/td>\n<td>Ph\u1ee5 ki\u1ec7n b\u00f4i tr\u01a1n th\u1ee7y l\u1ef1c ho\u1eb7c t\u1eeb tr\u00ean xu\u1ed1ng<\/td>\n<\/tr>\n<tr>\n<td>Ch\u1ea5t b\u00f4i tr\u01a1n<\/td>\n<td>M\u1ee1 b\u00f4i tr\u01a1n \u00edt nh\u1ea5t l\u00e0 lo\u1ea1i NLGI 2, D\u1ea7u c\u00f3 l\u01b0u l\u01b0\u1ee3ng l\u00ean \u0111\u1ebfn 40mm\u00b2\/gi\u00e2y (cSt) \u1edf 40\u00b0 C<\/td>\n<\/tr>\n<tr>\n<td>L\u1edbp b\u1ea3o v\u1ec7<\/td>\n<td>IP6K 9K<\/td>\n<\/tr>\n<tr>\n<td>\u0110\u01b0\u1eddng k\u00ednh piston, K5<\/td>\n<td>5 mm, x\u1ea5p x\u1ec9 2 cm\u00b3\/ph\u00fat<\/td>\n<\/tr>\n<tr>\n<td>\u0110\u01b0\u1eddng k\u00ednh piston, (ti\u00eau chu\u1ea9n) K6<\/td>\n<td>6 mm, x\u1ea5p x\u1ec9 2,8cm\u00b3\/ph\u00fat<\/td>\n<\/tr>\n<tr>\n<td>\u0110\u01b0\u1eddng k\u00ednh piston, K7<\/td>\n<td>7 mm, x\u1ea5p x\u1ec9 4 cm\u00b3\/ph\u00fat<\/td>\n<\/tr>\n<tr>\n<td>\u00c1p su\u1ea5t v\u1eadn h\u00e0nh t\u1ed1i \u0111a<\/td>\n<td>350 thanh<\/td>\n<\/tr>\n<tr>\n<td>Ch\u1ee7 \u0111\u1ec1 k\u1ebft n\u1ed1i<\/td>\n<td>G 1\/4<\/td>\n<\/tr>\n<tr>\n<td>\u0110i\u1ec7n \u00e1p ho\u1ea1t \u0111\u1ed9ng<\/td>\n<td>12VDC, 24VDC, 110-240VAC<\/td>\n<\/tr>\n<\/tbody>\n<\/table>\n<h2>B\u1ea2O TR\u00cc<\/h2>\n<p><span id=\"input-sentence~2\">Ki\u1ec3m tra \u0111\u1ecbnh k\u1ef3: Ki\u1ec3m tra t\u00ecnh tr\u1ea1ng ho\u1ea1t \u0111\u1ed9ng c\u1ee7a b\u01a1m b\u00f4i tr\u01a1n th\u01b0\u1eddng xuy\u00ean \u0111\u1ec3 \u0111\u1ea3m b\u1ea3o kh\u00f4ng c\u00f3 ti\u1ebfng \u1ed3n ho\u1eb7c rung \u0111\u1ed9ng b\u1ea5t th\u01b0\u1eddng. Sau \u0111\u00f3 ki\u1ec3m tra xem k\u1ebft n\u1ed1i \u0111i\u1ec7n c\u00f3 ch\u1eafc ch\u1eafn kh\u00f4ng, c\u00f3 l\u1ecfng l\u1ebbo ho\u1eb7c \u0103n m\u00f2n kh\u00f4ng.<br \/>\nN\u1ea1p th\u00eam ch\u1ea5t b\u00f4i tr\u01a1n: C\u1ea7n ki\u1ec3m tra th\u01b0\u1eddng xuy\u00ean m\u1ee9c ch\u1ea5t b\u00f4i tr\u01a1n trong b\u00ecnh ch\u1ee9a v\u00e0 n\u1ea1p th\u00eam k\u1ecbp th\u1eddi.<\/span><span id=\"input-sentence~3\"> \u0110\u1ea3m b\u1ea3o ch\u1ea5t b\u00f4i tr\u01a1n s\u1eed d\u1ee5ng ph\u1ea3i \u0111\u00e1p \u1ee9ng \u0111\u01b0\u1ee3c y\u00eau c\u1ea7u c\u1ee7a m\u00e1y b\u01a1m.<br \/>\nV\u1ec7 sinh: B\u00ean ngo\u00e0i m\u00e1y b\u01a1m ph\u1ea3i \u0111\u01b0\u1ee3c v\u1ec7 sinh th\u01b0\u1eddng xuy\u00ean. S\u1eed d\u1ee5ng ch\u1ea5t t\u1ea9y r\u1eeda ph\u00f9 h\u1ee3p v\u00e0 tr\u00e1nh s\u1eed d\u1ee5ng h\u00f3a ch\u1ea5t \u0103n m\u00f2n.<br \/>\nThay th\u1ebf c\u00e1c b\u1ed9 ph\u1eadn: C\u00e1c b\u1ed9 ph\u1eadn c\u1ee7a b\u01a1m b\u00f4i tr\u01a1n v\u00e0 b\u1ed9 l\u1ecdc c\u00f3 th\u1ec3 thay th\u1ebf \u0111\u01b0\u1ee3c. Thay th\u1ebf ch\u00fang th\u01b0\u1eddng xuy\u00ean theo h\u01b0\u1edbng d\u1eabn s\u1eed d\u1ee5ng.<br \/>\nKi\u1ec3m tra h\u1ec7 th\u1ed1ng: \u00c1p su\u1ea5t h\u1ec7 th\u1ed1ng b\u01a1m b\u00f4i tr\u01a1n ph\u1ea3i n\u1eb1m trong ph\u1ea1m vi b\u00ecnh th\u01b0\u1eddng.<\/span><\/p>\n<h2>H\u01b0\u1edbng d\u1eabn s\u1eed d\u1ee5ng<\/h2>\n<div class=\"sdm_download_button_box_default\"><div class=\"sdm_download_link\"><a href=\"https:\/\/www.jinpinlub.com\/vi\/?sdm_process_download=1&download_id=2429\" class=\"sdm_download white\" title=\"Ri\u00eang t\u01b0: J203 Grease Pump\" target=\"&quot;_blank&quot;\">Xem B\u1ea3ng d\u1eef li\u1ec7u - B\u01a1m m\u1ee1 J203<\/a><\/div><\/div>","protected":false},"excerpt":{"rendered":"<p>JINPINLUB J203 l\u00e0 thi\u1ebft b\u1ecb b\u00f4i tr\u01a1n \u0111\u01b0\u1ee3c thi\u1ebft k\u1ebf cho c\u00e1c \u1ee9ng d\u1ee5ng c\u00f4ng nghi\u1ec7p, c\u00f3 kh\u1ea3 n\u0103ng cung c\u1ea5p d\u1ecbch v\u1ee5 b\u00f4i tr\u01a1n \u0111\u00e1ng tin c\u1eady trong nhi\u1ec1u m\u00f4i tr\u01b0\u1eddng l\u00e0m vi\u1ec7c kh\u1eafc nghi\u1ec7t. Thi\u1ebft b\u1ecb \u0111\u01b0\u1ee3c thi\u1ebft k\u1ebf \u0111\u1ec3 gi\u1ea3m ma s\u00e1t v\u00e0 m\u00e0i m\u00f2n thi\u1ebft b\u1ecb, k\u00e9o d\u00e0i tu\u1ed5i th\u1ecd c\u1ee7a thi\u1ebft b\u1ecb.<\/p>","protected":false},"featured_media":3290,"template":"","meta":{"ocean_post_layout":"","ocean_both_sidebars_style":"","ocean_both_sidebars_content_width":0,"ocean_both_sidebars_sidebars_width":0,"ocean_sidebar":"0","ocean_second_sidebar":"0","ocean_disable_margins":"enable","ocean_add_body_class":"","ocean_shortcode_before_top_bar":"","ocean_shortcode_after_top_bar":"","ocean_shortcode_before_header":"","ocean_shortcode_after_header":"","ocean_has_shortcode":"","ocean_shortcode_after_title":"","ocean_shortcode_before_footer_widgets":"","ocean_shortcode_after_footer_widgets":"","ocean_shortcode_before_footer_bottom":"","ocean_shortcode_after_footer_bottom":"","ocean_display_top_bar":"default","ocean_display_header":"default","ocean_header_style":"","ocean_center_header_left_menu":"0","ocean_custom_header_template":"0","ocean_custom_logo":0,"ocean_custom_retina_logo":0,"ocean_custom_logo_max_width":0,"ocean_custom_logo_tablet_max_width":0,"ocean_custom_logo_mobile_max_width":0,"ocean_custom_logo_max_height":0,"ocean_custom_logo_tablet_max_height":0,"ocean_custom_logo_mobile_max_height":0,"ocean_header_custom_menu":"0","ocean_menu_typo_font_family":"0","ocean_menu_typo_font_subset":"","ocean_menu_typo_font_size":0,"ocean_menu_typo_font_size_tablet":0,"ocean_menu_typo_font_size_mobile":0,"ocean_menu_typo_font_size_unit":"px","ocean_menu_typo_font_weight":"","ocean_menu_typo_font_weight_tablet":"","ocean_menu_typo_font_weight_mobile":"","ocean_menu_typo_transform":"","ocean_menu_typo_transform_tablet":"","ocean_menu_typo_transform_mobile":"","ocean_menu_typo_line_height":0,"ocean_menu_typo_line_height_tablet":0,"ocean_menu_typo_line_height_mobile":0,"ocean_menu_typo_line_height_unit":"","ocean_menu_typo_spacing":0,"ocean_menu_typo_spacing_tablet":0,"ocean_menu_typo_spacing_mobile":0,"ocean_menu_typo_spacing_unit":"","ocean_menu_link_color":"","ocean_menu_link_color_hover":"","ocean_menu_link_color_active":"","ocean_menu_link_background":"","ocean_menu_link_hover_background":"","ocean_menu_link_active_background":"","ocean_menu_social_links_bg":"","ocean_menu_social_hover_links_bg":"","ocean_menu_social_links_color":"","ocean_menu_social_hover_links_color":"","ocean_disable_title":"default","ocean_disable_heading":"default","ocean_post_title":"","ocean_post_subheading":"","ocean_post_title_style":"","ocean_post_title_background_color":"","ocean_post_title_background":0,"ocean_post_title_bg_image_position":"","ocean_post_title_bg_image_attachment":"","ocean_post_title_bg_image_repeat":"","ocean_post_title_bg_image_size":"","ocean_post_title_height":0,"ocean_post_title_bg_overlay":0.5,"ocean_post_title_bg_overlay_color":"","ocean_disable_breadcrumbs":"default","ocean_breadcrumbs_color":"","ocean_breadcrumbs_separator_color":"","ocean_breadcrumbs_links_color":"","ocean_breadcrumbs_links_hover_color":"","ocean_display_footer_widgets":"default","ocean_display_footer_bottom":"default","ocean_custom_footer_template":"0","osh_disable_topbar_sticky":"default","osh_disable_header_sticky":"default","osh_sticky_header_style":"default","osh_sticky_header_effect":"","osh_custom_sticky_logo":0,"osh_custom_retina_sticky_logo":0,"osh_custom_sticky_logo_height":0,"osh_background_color":"","osh_links_color":"","osh_links_hover_color":"","osh_links_active_color":"","osh_links_bg_color":"","osh_links_hover_bg_color":"","osh_links_active_bg_color":"","osh_menu_social_links_color":"","osh_menu_social_hover_links_color":""},"product_brand":[],"product_cat":[42,41],"product_tag":[185,220,221],"class_list":{"0":"post-3341","1":"product","2":"type-product","3":"status-publish","4":"has-post-thumbnail","6":"product_cat-electric-progressive-pumps","7":"product_cat-progressive-grease-systems","8":"product_tag-electric-grease-pump","9":"product_tag-lubrication-solution","10":"product_tag-progressive-lubrication-system","12":"entry","13":"has-media","15":"first","16":"instock","17":"shipping-taxable","18":"product-type-external","19":"col","20":"span_1_of_3","21":"owp-content-center","22":"owp-thumbs-layout-horizontal","23":"owp-btn-very-big","24":"owp-tabs-layout-horizontal"},"_links":{"self":[{"href":"https:\/\/www.jinpinlub.com\/vi\/wp-json\/wp\/v2\/product\/3341","targetHints":{"allow":["GET"]}}],"collection":[{"href":"https:\/\/www.jinpinlub.com\/vi\/wp-json\/wp\/v2\/product"}],"about":[{"href":"https:\/\/www.jinpinlub.com\/vi\/wp-json\/wp\/v2\/types\/product"}],"wp:featuredmedia":[{"embeddable":true,"href":"https:\/\/www.jinpinlub.com\/vi\/wp-json\/wp\/v2\/media\/3290"}],"wp:attachment":[{"href":"https:\/\/www.jinpinlub.com\/vi\/wp-json\/wp\/v2\/media?parent=3341"}],"wp:term":[{"taxonomy":"product_brand","embeddable":true,"href":"https:\/\/www.jinpinlub.com\/vi\/wp-json\/wp\/v2\/product_brand?post=3341"},{"taxonomy":"product_cat","embeddable":true,"href":"https:\/\/www.jinpinlub.com\/vi\/wp-json\/wp\/v2\/product_cat?post=3341"},{"taxonomy":"product_tag","embeddable":true,"href":"https:\/\/www.jinpinlub.com\/vi\/wp-json\/wp\/v2\/product_tag?post=3341"}],"curies":[{"name":"wp","href":"https:\/\/api.w.org\/{rel}","templated":true}]}}