{"id":3342,"date":"2024-08-22T12:40:20","date_gmt":"2024-08-22T04:40:20","guid":{"rendered":"https:\/\/www.jinpinlub.com\/?post_type=product&#038;p=3342"},"modified":"2024-08-22T12:43:41","modified_gmt":"2024-08-22T04:43:41","slug":"he-thong-boi-tron-tu-dong-dien-j203-cho-may-khai-thac","status":"publish","type":"product","link":"https:\/\/www.jinpinlub.com\/vi\/product\/j203-electric-automatic-lubrication-system-for-mining-machine\/","title":{"rendered":"H\u1ec7 th\u1ed1ng b\u00f4i tr\u01a1n t\u1ef1 \u0111\u1ed9ng \u0111i\u1ec7n J203 cho m\u00e1y khai th\u00e1c"},"content":{"rendered":"<h2>\u0110\u1eb7c tr\u01b0ng<\/h2>\n<p>Hi\u1ec7u su\u1ea5t cao: B\u01a1m b\u00f4i tr\u01a1n \u0111i\u1ec7n JINPINLUB J203 c\u00f3 kh\u1ea3 n\u0103ng cung c\u1ea5p hi\u1ec7u su\u1ea5t cao, c\u00f3 th\u1ec3 \u0111\u1ea3m b\u1ea3o d\u1ea7u b\u00f4i tr\u01a1n \u0111\u01b0\u1ee3c cung c\u1ea5p \u0111\u1ebfn t\u1eebng \u0111i\u1ec3m b\u00f4i tr\u01a1n m\u1ed9t c\u00e1ch k\u1ecbp th\u1eddi v\u00e0 ch\u00ednh x\u00e1c, gi\u00fap gi\u1ea3m hi\u1ec7u qu\u1ea3 t\u1ef7 l\u1ec7 hao m\u00f2n v\u00e0 h\u1ecfng h\u00f3c c\u1ee7a thi\u1ebft b\u1ecb.<br \/>\n\u0110\u1ed9 tin c\u1eady: M\u00e1y b\u01a1m s\u1eed d\u1ee5ng v\u1eadt li\u1ec7u ch\u1ea5t l\u01b0\u1ee3ng cao v\u00e0 c\u00f4ng ngh\u1ec7 s\u1ea3n xu\u1ea5t ti\u00ean ti\u1ebfn, c\u00f3 \u0111\u1ed9 b\u1ec1n v\u00e0 s\u1ee9c m\u1ea1nh c\u01a1 h\u1ecdc cao.<br \/>\nTr\u00ed th\u00f4ng minh: B\u01a1m b\u00f4i tr\u01a1n \u0111i\u1ec7n \u0111\u01b0\u1ee3c trang b\u1ecb h\u1ec7 th\u1ed1ng \u0111i\u1ec1u khi\u1ec3n th\u00f4ng minh, c\u00f3 th\u1ec3 th\u1ef1c hi\u1ec7n gi\u00e1m s\u00e1t t\u1eeb xa v\u00e0 ch\u1ea9n \u0111o\u00e1n l\u1ed7i.<br \/>\nB\u1ea3o tr\u00ec d\u1ec5 d\u00e0ng: B\u01a1m b\u00f4i tr\u01a1n \u0111i\u1ec7n c\u00f3 c\u1ea5u tr\u00fac \u0111\u01a1n gi\u1ea3n, ho\u1ea1t \u0111\u1ed9ng \u0111\u00e1ng tin c\u1eady, ng\u01b0\u1eddi d\u00f9ng d\u1ec5 s\u1eed d\u1ee5ng v\u00e0 b\u1ea3o tr\u00ec. \u0110\u00e2y l\u00e0 gi\u1ea3i ph\u00e1p thay th\u1ebf l\u00fd t\u01b0\u1edfng cho vi\u1ec7c b\u00f4i tr\u01a1n th\u1ee7 c\u00f4ng.<\/p>\n<h2>\u0110\u1eb7c \u0111i\u1ec3m k\u1ef9 thu\u1eadt<\/h2>\n<table>\n<tbody>\n<tr>\n<td>Nhi\u1ec7t \u0111\u1ed9 ho\u1ea1t \u0111\u1ed9ng<\/td>\n<td>(-40\u00b0C \u0111\u1ebfn +70\u00b0C)<\/td>\n<\/tr>\n<tr>\n<td>S\u1ed1 l\u01b0\u1ee3ng c\u1eeda h\u00e0ng<\/td>\n<td>1, 2 ho\u1eb7c 3<\/td>\n<\/tr>\n<tr>\n<td>S\u1ee9c ch\u1ee9a h\u1ed3 ch\u1ee9a<\/td>\n<td>2L, 4L, 8L<\/td>\n<\/tr>\n<tr>\n<td>N\u1ea1p l\u1ea1i<\/td>\n<td>Ph\u1ee5 ki\u1ec7n b\u00f4i tr\u01a1n th\u1ee7y l\u1ef1c ho\u1eb7c t\u1eeb tr\u00ean xu\u1ed1ng<\/td>\n<\/tr>\n<tr>\n<td>Ch\u1ea5t b\u00f4i tr\u01a1n<\/td>\n<td>M\u1ee1 b\u00f4i tr\u01a1n \u00edt nh\u1ea5t l\u00e0 lo\u1ea1i NLGI 2, D\u1ea7u c\u00f3 l\u01b0u l\u01b0\u1ee3ng l\u00ean \u0111\u1ebfn 40mm\u00b2\/gi\u00e2y (cSt) \u1edf 40\u00b0 C<\/td>\n<\/tr>\n<tr>\n<td>L\u1edbp b\u1ea3o v\u1ec7<\/td>\n<td>IP6K 9K<\/td>\n<\/tr>\n<tr>\n<td>\u0110\u01b0\u1eddng k\u00ednh piston, K5<\/td>\n<td>5 mm, x\u1ea5p x\u1ec9 2 cm\u00b3\/ph\u00fat<\/td>\n<\/tr>\n<tr>\n<td>\u0110\u01b0\u1eddng k\u00ednh piston, (ti\u00eau chu\u1ea9n) K6<\/td>\n<td>6 mm, x\u1ea5p x\u1ec9 2,8cm\u00b3\/ph\u00fat<\/td>\n<\/tr>\n<tr>\n<td>\u0110\u01b0\u1eddng k\u00ednh piston, K7<\/td>\n<td>7 mm, x\u1ea5p x\u1ec9 4 cm\u00b3\/ph\u00fat<\/td>\n<\/tr>\n<tr>\n<td>\u00c1p su\u1ea5t v\u1eadn h\u00e0nh t\u1ed1i \u0111a<\/td>\n<td>350 thanh<\/td>\n<\/tr>\n<tr>\n<td>Ch\u1ee7 \u0111\u1ec1 k\u1ebft n\u1ed1i<\/td>\n<td>G 1\/4<\/td>\n<\/tr>\n<tr>\n<td>\u0110i\u1ec7n \u00e1p ho\u1ea1t \u0111\u1ed9ng<\/td>\n<td>12VDC, 24VDC, 110-240VAC<\/td>\n<\/tr>\n<\/tbody>\n<\/table>\n<h2>\u1ee8ng d\u1ee5ng<\/h2>\n<p>M\u00e1y m\u00f3c c\u00f4ng nghi\u1ec7p: ch\u1eb3ng h\u1ea1n nh\u01b0 m\u00e1y c\u00f4ng c\u1ee5, thi\u1ebft b\u1ecb luy\u1ec7n kim v\u00e0 m\u00e1y m\u00f3c nh\u1ef1a, nh\u1eefng thi\u1ebft b\u1ecb n\u00e0y c\u1ea7n duy tr\u00ec b\u00f4i tr\u01a1n t\u1ed1t trong qu\u00e1 tr\u00ecnh v\u1eadn h\u00e0nh \u0111\u1ec3 gi\u1ea3m ma s\u00e1t v\u00e0 m\u00e0i m\u00f2n c\u0169ng nh\u01b0 k\u00e9o d\u00e0i tu\u1ed5i th\u1ecd.<br \/>\nM\u00e1y m\u00f3c k\u1ef9 thu\u1eadt: ch\u1eb3ng h\u1ea1n nh\u01b0 m\u00e1y \u1ee7i, m\u00e1y \u0111\u00e0o v\u00e0 m\u00e1y x\u00fac, s\u1eed d\u1ee5ng b\u01a1m b\u00f4i tr\u01a1n t\u1eadp trung \u0111\u1ec3 th\u01b0\u1eddng xuy\u00ean v\u00e0 t\u1ef1 \u0111\u1ed9ng cung c\u1ea5p m\u1ee1 \u0111\u1ebfn c\u00e1c m\u1ed1i n\u1ed1i xa v\u00e0 c\u00e1c b\u1ed9 ph\u1eadn kh\u00f3 ti\u1ebfp c\u1eadn \u0111\u1ec3 tr\u00e1nh th\u1eddi gian ch\u1ebft t\u1ed1n k\u00e9m.<br \/>\nXe th\u01b0\u01a1ng m\u1ea1i: ch\u1eb3ng h\u1ea1n nh\u01b0 xe t\u1ea3i v\u00e0 xe bu\u00fdt, b\u01a1m b\u00f4i tr\u01a1n JINPINLUB J203 gi\u00fap c\u00e1c b\u1ed9 ph\u1eadn ch\u00ednh c\u1ee7a xe ho\u1ea1t \u0111\u1ed9ng \u1edf \u0111i\u1ec1u ki\u1ec7n t\u1ed1i \u01b0u.<\/p>\n<h2>H\u01b0\u1edbng d\u1eabn s\u1eed d\u1ee5ng<\/h2>\n<div class=\"sdm_download_button_box_default\"><div class=\"sdm_download_link\"><a href=\"https:\/\/www.jinpinlub.com\/vi\/?sdm_process_download=1&download_id=2429\" class=\"sdm_download white\" title=\"Ri\u00eang t\u01b0: J203 Grease Pump\" target=\"&quot;_blank&quot;\">Xem B\u1ea3ng d\u1eef li\u1ec7u - B\u01a1m m\u1ee1 J203<\/a><\/div><\/div>","protected":false},"excerpt":{"rendered":"<p>\u0110\u1ed9ng c\u01a1 d\u1eabn \u0111\u1ed9ng p\u00edt t\u00f4ng trong b\u01a1m b\u00f4i tr\u01a1n \u0111\u1ec3 chuy\u1ec3n \u0111\u1ed9ng qua l\u1ea1i, do \u0111\u00f3 l\u1ea5y d\u1ea7u b\u00f4i tr\u01a1n t\u1eeb th\u00f9ng d\u1ea7u v\u00e0 t\u1ea1o \u00e1p su\u1ea5t \u0111\u1ebfn \u0111i\u1ec3m b\u00f4i tr\u01a1n. H\u1ec7 th\u1ed1ng \u0111i\u1ec1u khi\u1ec3n theo d\u00f5i tr\u1ea1ng th\u00e1i l\u00e0m vi\u1ec7c c\u1ee7a b\u01a1m v\u00e0 \u0111i\u1ec1u ch\u1ec9nh l\u01b0u l\u01b0\u1ee3ng v\u00e0 \u00e1p su\u1ea5t.<\/p>","protected":false},"featured_media":3294,"template":"","meta":{"ocean_post_layout":"","ocean_both_sidebars_style":"","ocean_both_sidebars_content_width":0,"ocean_both_sidebars_sidebars_width":0,"ocean_sidebar":"0","ocean_second_sidebar":"0","ocean_disable_margins":"enable","ocean_add_body_class":"","ocean_shortcode_before_top_bar":"","ocean_shortcode_after_top_bar":"","ocean_shortcode_before_header":"","ocean_shortcode_after_header":"","ocean_has_shortcode":"","ocean_shortcode_after_title":"","ocean_shortcode_before_footer_widgets":"","ocean_shortcode_after_footer_widgets":"","ocean_shortcode_before_footer_bottom":"","ocean_shortcode_after_footer_bottom":"","ocean_display_top_bar":"default","ocean_display_header":"default","ocean_header_style":"","ocean_center_header_left_menu":"0","ocean_custom_header_template":"0","ocean_custom_logo":0,"ocean_custom_retina_logo":0,"ocean_custom_logo_max_width":0,"ocean_custom_logo_tablet_max_width":0,"ocean_custom_logo_mobile_max_width":0,"ocean_custom_logo_max_height":0,"ocean_custom_logo_tablet_max_height":0,"ocean_custom_logo_mobile_max_height":0,"ocean_header_custom_menu":"0","ocean_menu_typo_font_family":"0","ocean_menu_typo_font_subset":"","ocean_menu_typo_font_size":0,"ocean_menu_typo_font_size_tablet":0,"ocean_menu_typo_font_size_mobile":0,"ocean_menu_typo_font_size_unit":"px","ocean_menu_typo_font_weight":"","ocean_menu_typo_font_weight_tablet":"","ocean_menu_typo_font_weight_mobile":"","ocean_menu_typo_transform":"","ocean_menu_typo_transform_tablet":"","ocean_menu_typo_transform_mobile":"","ocean_menu_typo_line_height":0,"ocean_menu_typo_line_height_tablet":0,"ocean_menu_typo_line_height_mobile":0,"ocean_menu_typo_line_height_unit":"","ocean_menu_typo_spacing":0,"ocean_menu_typo_spacing_tablet":0,"ocean_menu_typo_spacing_mobile":0,"ocean_menu_typo_spacing_unit":"","ocean_menu_link_color":"","ocean_menu_link_color_hover":"","ocean_menu_link_color_active":"","ocean_menu_link_background":"","ocean_menu_link_hover_background":"","ocean_menu_link_active_background":"","ocean_menu_social_links_bg":"","ocean_menu_social_hover_links_bg":"","ocean_menu_social_links_color":"","ocean_menu_social_hover_links_color":"","ocean_disable_title":"default","ocean_disable_heading":"default","ocean_post_title":"","ocean_post_subheading":"","ocean_post_title_style":"","ocean_post_title_background_color":"","ocean_post_title_background":0,"ocean_post_title_bg_image_position":"","ocean_post_title_bg_image_attachment":"","ocean_post_title_bg_image_repeat":"","ocean_post_title_bg_image_size":"","ocean_post_title_height":0,"ocean_post_title_bg_overlay":0.5,"ocean_post_title_bg_overlay_color":"","ocean_disable_breadcrumbs":"default","ocean_breadcrumbs_color":"","ocean_breadcrumbs_separator_color":"","ocean_breadcrumbs_links_color":"","ocean_breadcrumbs_links_hover_color":"","ocean_display_footer_widgets":"default","ocean_display_footer_bottom":"default","ocean_custom_footer_template":"0","osh_disable_topbar_sticky":"default","osh_disable_header_sticky":"default","osh_sticky_header_style":"default","osh_sticky_header_effect":"","osh_custom_sticky_logo":0,"osh_custom_retina_sticky_logo":0,"osh_custom_sticky_logo_height":0,"osh_background_color":"","osh_links_color":"","osh_links_hover_color":"","osh_links_active_color":"","osh_links_bg_color":"","osh_links_hover_bg_color":"","osh_links_active_bg_color":"","osh_menu_social_links_color":"","osh_menu_social_hover_links_color":""},"product_brand":[],"product_cat":[42,41],"product_tag":[209,222,216],"class_list":{"0":"post-3342","1":"product","2":"type-product","3":"status-publish","4":"has-post-thumbnail","6":"product_cat-electric-progressive-pumps","7":"product_cat-progressive-grease-systems","8":"product_tag-grease-lube-system","9":"product_tag-lubrication-manifold","10":"product_tag-multiport-lubrication-pump","12":"entry","13":"has-media","15":"first","16":"instock","17":"shipping-taxable","18":"product-type-external","19":"col","20":"span_1_of_3","21":"owp-content-center","22":"owp-thumbs-layout-horizontal","23":"owp-btn-very-big","24":"owp-tabs-layout-horizontal"},"_links":{"self":[{"href":"https:\/\/www.jinpinlub.com\/vi\/wp-json\/wp\/v2\/product\/3342","targetHints":{"allow":["GET"]}}],"collection":[{"href":"https:\/\/www.jinpinlub.com\/vi\/wp-json\/wp\/v2\/product"}],"about":[{"href":"https:\/\/www.jinpinlub.com\/vi\/wp-json\/wp\/v2\/types\/product"}],"wp:featuredmedia":[{"embeddable":true,"href":"https:\/\/www.jinpinlub.com\/vi\/wp-json\/wp\/v2\/media\/3294"}],"wp:attachment":[{"href":"https:\/\/www.jinpinlub.com\/vi\/wp-json\/wp\/v2\/media?parent=3342"}],"wp:term":[{"taxonomy":"product_brand","embeddable":true,"href":"https:\/\/www.jinpinlub.com\/vi\/wp-json\/wp\/v2\/product_brand?post=3342"},{"taxonomy":"product_cat","embeddable":true,"href":"https:\/\/www.jinpinlub.com\/vi\/wp-json\/wp\/v2\/product_cat?post=3342"},{"taxonomy":"product_tag","embeddable":true,"href":"https:\/\/www.jinpinlub.com\/vi\/wp-json\/wp\/v2\/product_tag?post=3342"}],"curies":[{"name":"wp","href":"https:\/\/api.w.org\/{rel}","templated":true}]}}