{"id":3343,"date":"2024-08-22T13:01:03","date_gmt":"2024-08-22T05:01:03","guid":{"rendered":"https:\/\/www.jinpinlub.com\/?post_type=product&#038;p=3343"},"modified":"2024-08-22T13:05:21","modified_gmt":"2024-08-22T05:05:21","slug":"he-thong-boi-tron-mo-j203-24vdc-voi-cam-bien-muc-thap","status":"publish","type":"product","link":"https:\/\/www.jinpinlub.com\/vi\/san-pham\/he-thong-boi-tron-mo-j203-24vdc-voi-cam-bien-muc-thap\/","title":{"rendered":"H\u1ec7 th\u1ed1ng b\u00f4i tr\u01a1n m\u1ee1 J203 24VDC v\u1edbi c\u1ea3m bi\u1ebfn m\u1ee9c th\u1ea5p"},"content":{"rendered":"<h2>\u0110\u1eb7c tr\u01b0ng<\/h2>\n<p><span id=\"input-sentence~0\">M\u00e1y b\u00f4i tr\u01a1n t\u1ef1 \u0111\u1ed9ng: B\u01a1m b\u00f4i tr\u01a1n \u0111i\u1ec7n J203 v\u00e0 thi\u1ebft b\u1ecb \u0111\u1ecbnh l\u01b0\u1ee3ng ti\u1ebfn b\u1ed9 t\u1ea1o th\u00e0nh m\u1ed9t m\u00e1y b\u00f4i tr\u01a1n c\u00f3 th\u1ec3 b\u00f4i tr\u01a1n c\u01a1 h\u1ecdc.<br \/>\nB\u1ed9 h\u1eb9n gi\u1edd v\u00e0 c\u1ea3m bi\u1ebfn m\u1ee9c th\u1ea5p: B\u01a1m b\u00f4i tr\u01a1n c\u00f3 th\u1ec3 \u0111\u01b0\u1ee3c trang b\u1ecb b\u1ed9 h\u1eb9n gi\u1edd v\u00e0 c\u00f4ng t\u1eafc m\u1ee9c th\u1ea5p. Khi m\u1ee9c ch\u1ea5t b\u00f4i tr\u01a1n qu\u00e1 th\u1ea5p, m\u00e1y s\u1ebd t\u1ef1 \u0111\u1ed9ng t\u1eaft b\u01a1m \u0111\u1ec3 tr\u00e1nh h\u01b0 h\u1ecfng b\u01a1m khi ch\u1ea1y kh\u00f4ng t\u1ea3i.<\/span><span id=\"input-sentence~1\"><br \/>\nT\u00ednh linh ho\u1ea1t: J203 c\u1ef1c k\u1ef3 linh ho\u1ea1t. N\u00f3 \u0111\u01b0\u1ee3c trang b\u1ecb m\u1ed9t m\u00e1i ch\u00e8o khu\u1ea5y v\u00e0 m\u1ed9t c\u00e1nh tay g\u1ea1t \u0111\u1ec3 ng\u0103n ng\u1eeba s\u1ef1 t\u00e1ch ch\u1ea5t b\u00f4i tr\u01a1n v\u00e0 ph\u00f9 h\u1ee3p v\u1edbi nhi\u1ec1u \u1ee9ng d\u1ee5ng c\u00f4ng nghi\u1ec7p.<br \/>\nThi\u1ebft k\u1ebf tu\u1ed5i th\u1ecd cao: M\u00e1y b\u01a1m \u00e1p d\u1ee5ng thi\u1ebft k\u1ebf \u00e1p su\u1ea5t t\u1ea3i m\u1ed9t ph\u1ea7n \u0111\u01b0\u1ee3c thi\u1ebft k\u1ebf c\u1ea9n th\u1eadn \u0111\u1ec3 h\u1ea1n ch\u1ebf tr\u1ecdng l\u01b0\u1ee3ng v\u00e0 \u1ee9ng su\u1ea5t t\u1ea1i c\u00e1c b\u1ed9 ph\u1eadn \u0111\u1ed9ng c\u01a1 v\u00e0 m\u00e1y b\u01a1m, gi\u00fap k\u00e9o d\u00e0i tu\u1ed5i th\u1ecd c\u1ee7a m\u00e1y b\u01a1m v\u00e0 c\u1ea3i thi\u1ec7n \u0111\u1ed9 tin c\u1eady c\u1ee7a m\u00e1y b\u01a1m.<\/span><\/p>\n<h2>\u0110\u1eb7c \u0111i\u1ec3m k\u1ef9 thu\u1eadt<\/h2>\n<table>\n<tbody>\n<tr>\n<td>Nhi\u1ec7t \u0111\u1ed9 ho\u1ea1t \u0111\u1ed9ng<\/td>\n<td>(-40\u00b0C \u0111\u1ebfn +70\u00b0C)<\/td>\n<\/tr>\n<tr>\n<td>S\u1ed1 l\u01b0\u1ee3ng c\u1eeda h\u00e0ng<\/td>\n<td>1, 2 ho\u1eb7c 3<\/td>\n<\/tr>\n<tr>\n<td>S\u1ee9c ch\u1ee9a h\u1ed3 ch\u1ee9a<\/td>\n<td>2L, 4L, 8L<\/td>\n<\/tr>\n<tr>\n<td>N\u1ea1p l\u1ea1i<\/td>\n<td>Ph\u1ee5 ki\u1ec7n b\u00f4i tr\u01a1n th\u1ee7y l\u1ef1c ho\u1eb7c t\u1eeb tr\u00ean xu\u1ed1ng<\/td>\n<\/tr>\n<tr>\n<td>Ch\u1ea5t b\u00f4i tr\u01a1n<\/td>\n<td>M\u1ee1 b\u00f4i tr\u01a1n \u00edt nh\u1ea5t l\u00e0 lo\u1ea1i NLGI 2, D\u1ea7u c\u00f3 l\u01b0u l\u01b0\u1ee3ng l\u00ean \u0111\u1ebfn 40mm\u00b2\/gi\u00e2y (cSt) \u1edf 40\u00b0 C<\/td>\n<\/tr>\n<tr>\n<td>L\u1edbp b\u1ea3o v\u1ec7<\/td>\n<td>IP6K 9K<\/td>\n<\/tr>\n<tr>\n<td>\u0110\u01b0\u1eddng k\u00ednh piston, K5<\/td>\n<td>5 mm, x\u1ea5p x\u1ec9 2 cm\u00b3\/ph\u00fat<\/td>\n<\/tr>\n<tr>\n<td>\u0110\u01b0\u1eddng k\u00ednh piston, (ti\u00eau chu\u1ea9n) K6<\/td>\n<td>6 mm, x\u1ea5p x\u1ec9 2,8cm\u00b3\/ph\u00fat<\/td>\n<\/tr>\n<tr>\n<td>\u0110\u01b0\u1eddng k\u00ednh piston, K7<\/td>\n<td>7 mm, x\u1ea5p x\u1ec9 4 cm\u00b3\/ph\u00fat<\/td>\n<\/tr>\n<tr>\n<td>\u00c1p su\u1ea5t v\u1eadn h\u00e0nh t\u1ed1i \u0111a<\/td>\n<td>350 thanh<\/td>\n<\/tr>\n<tr>\n<td>Ch\u1ee7 \u0111\u1ec1 k\u1ebft n\u1ed1i<\/td>\n<td>G 1\/4<\/td>\n<\/tr>\n<tr>\n<td>\u0110i\u1ec7n \u00e1p ho\u1ea1t \u0111\u1ed9ng<\/td>\n<td>12VDC, 24VDC, 110-240VAC<\/td>\n<\/tr>\n<\/tbody>\n<\/table>\n<h2>\u1ee8ng d\u1ee5ng<\/h2>\n<p>S\u1ea3n xu\u1ea5t: \u0111\u01b0\u1ee3c s\u1eed d\u1ee5ng \u0111\u1ec3 b\u00f4i tr\u01a1n nhi\u1ec1u thi\u1ebft b\u1ecb c\u01a1 kh\u00ed, bao g\u1ed3m h\u1ec7 th\u1ed1ng b\u00e1nh r\u0103ng, b\u0103ng t\u1ea3i v\u00e0 robot th\u01b0\u01a1ng m\u1ea1i.<br \/>\nDoanh nghi\u1ec7p \u00f4 t\u00f4: th\u00edch h\u1ee3p cho h\u1ec7 th\u1ed1ng b\u00f4i tr\u01a1n c\u1ee7a c\u00e1c d\u00e2y chuy\u1ec1n l\u1eafp r\u00e1p xe v\u00e0 c\u00e1c thi\u1ebft b\u1ecb s\u1ea3n xu\u1ea5t linh ki\u1ec7n.<br \/>\nDoanh nghi\u1ec7p n\u0103ng l\u01b0\u1ee3ng: cung c\u1ea5p d\u1ecbch v\u1ee5 b\u00f4i tr\u01a1n cho c\u00e1c thi\u1ebft b\u1ecb l\u1edbn bao g\u1ed3m c\u00e1c nh\u00e0 m\u00e1y \u0111i\u1ec7n gi\u00f3 v\u00e0 thi\u1ebft b\u1ecb khoan d\u1ea7u.<br \/>\nCh\u1ebf bi\u1ebfn th\u1ef1c ph\u1ea9m: b\u01a1m b\u00f4i tr\u01a1n n\u00e0y c\u00f3 th\u1ec3 \u0111\u01b0\u1ee3c s\u1eed d\u1ee5ng cho b\u01a1m b\u00f4i tr\u01a1n c\u1ee7a thi\u1ebft b\u1ecb ch\u1ebf bi\u1ebfn th\u1ef1c ph\u1ea9m \u0111\u1ec3 \u0111\u1ea3m b\u1ea3o an to\u00e0n v\u00e0 v\u1ec7 sinh.<\/p>\n<h2>H\u01b0\u1edbng d\u1eabn s\u1eed d\u1ee5ng<\/h2>\n<div class=\"sdm_download_button_box_default\"><div class=\"sdm_download_link\"><a href=\"https:\/\/www.jinpinlub.com\/vi\/?sdm_process_download=1&download_id=2429\" class=\"sdm_download white\" title=\"Ri\u00eang t\u01b0: J203 Grease Pump\" target=\"&quot;_blank&quot;\">Xem B\u1ea3ng d\u1eef li\u1ec7u - B\u01a1m m\u1ee1 J203<\/a><\/div><\/div>","protected":false},"excerpt":{"rendered":"<p>B\u01a1m b\u00f4i tr\u01a1n \u0111i\u1ec7n J203 \u0111\u01b0\u1ee3c thi\u1ebft k\u1ebf \u0111\u1ec3 cung c\u1ea5p m\u1ed9t c\u00e1ch \u0111\u00e1ng tin c\u1eady v\u00e0 \u0111\u01a1n gi\u1ea3n \u0111\u1ec3 thay th\u1ebf b\u00f4i tr\u01a1n th\u1ee7 c\u00f4ng. N\u00f3 c\u00f3 th\u1ec3 \u0111\u01b0\u1ee3c trang b\u1ecb b\u1ed9 \u0111i\u1ec1u khi\u1ec3n \u0111\u1ec3 theo d\u00f5i qu\u00e1 tr\u00ecnh b\u00f4i tr\u01a1n, giao di\u1ec7n v\u1eadn h\u00e0nh \u0111\u01a1n gi\u1ea3n, do \u0111\u00f3 ng\u01b0\u1eddi d\u00f9ng c\u00f3 th\u1ec3 d\u1ec5 d\u00e0ng c\u00e0i \u0111\u1eb7t c\u00e1c th\u00f4ng s\u1ed1 b\u00f4i tr\u01a1n.<\/p>","protected":false},"featured_media":3344,"template":"","meta":{"ocean_post_layout":"","ocean_both_sidebars_style":"","ocean_both_sidebars_content_width":0,"ocean_both_sidebars_sidebars_width":0,"ocean_sidebar":"0","ocean_second_sidebar":"0","ocean_disable_margins":"enable","ocean_add_body_class":"","ocean_shortcode_before_top_bar":"","ocean_shortcode_after_top_bar":"","ocean_shortcode_before_header":"","ocean_shortcode_after_header":"","ocean_has_shortcode":"","ocean_shortcode_after_title":"","ocean_shortcode_before_footer_widgets":"","ocean_shortcode_after_footer_widgets":"","ocean_shortcode_before_footer_bottom":"","ocean_shortcode_after_footer_bottom":"","ocean_display_top_bar":"default","ocean_display_header":"default","ocean_header_style":"","ocean_center_header_left_menu":"0","ocean_custom_header_template":"0","ocean_custom_logo":0,"ocean_custom_retina_logo":0,"ocean_custom_logo_max_width":0,"ocean_custom_logo_tablet_max_width":0,"ocean_custom_logo_mobile_max_width":0,"ocean_custom_logo_max_height":0,"ocean_custom_logo_tablet_max_height":0,"ocean_custom_logo_mobile_max_height":0,"ocean_header_custom_menu":"0","ocean_menu_typo_font_family":"0","ocean_menu_typo_font_subset":"","ocean_menu_typo_font_size":0,"ocean_menu_typo_font_size_tablet":0,"ocean_menu_typo_font_size_mobile":0,"ocean_menu_typo_font_size_unit":"px","ocean_menu_typo_font_weight":"","ocean_menu_typo_font_weight_tablet":"","ocean_menu_typo_font_weight_mobile":"","ocean_menu_typo_transform":"","ocean_menu_typo_transform_tablet":"","ocean_menu_typo_transform_mobile":"","ocean_menu_typo_line_height":0,"ocean_menu_typo_line_height_tablet":0,"ocean_menu_typo_line_height_mobile":0,"ocean_menu_typo_line_height_unit":"","ocean_menu_typo_spacing":0,"ocean_menu_typo_spacing_tablet":0,"ocean_menu_typo_spacing_mobile":0,"ocean_menu_typo_spacing_unit":"","ocean_menu_link_color":"","ocean_menu_link_color_hover":"","ocean_menu_link_color_active":"","ocean_menu_link_background":"","ocean_menu_link_hover_background":"","ocean_menu_link_active_background":"","ocean_menu_social_links_bg":"","ocean_menu_social_hover_links_bg":"","ocean_menu_social_links_color":"","ocean_menu_social_hover_links_color":"","ocean_disable_title":"default","ocean_disable_heading":"default","ocean_post_title":"","ocean_post_subheading":"","ocean_post_title_style":"","ocean_post_title_background_color":"","ocean_post_title_background":0,"ocean_post_title_bg_image_position":"","ocean_post_title_bg_image_attachment":"","ocean_post_title_bg_image_repeat":"","ocean_post_title_bg_image_size":"","ocean_post_title_height":0,"ocean_post_title_bg_overlay":0.5,"ocean_post_title_bg_overlay_color":"","ocean_disable_breadcrumbs":"default","ocean_breadcrumbs_color":"","ocean_breadcrumbs_separator_color":"","ocean_breadcrumbs_links_color":"","ocean_breadcrumbs_links_hover_color":"","ocean_display_footer_widgets":"default","ocean_display_footer_bottom":"default","ocean_custom_footer_template":"0","osh_disable_topbar_sticky":"default","osh_disable_header_sticky":"default","osh_sticky_header_style":"default","osh_sticky_header_effect":"","osh_custom_sticky_logo":0,"osh_custom_retina_sticky_logo":0,"osh_custom_sticky_logo_height":0,"osh_background_color":"","osh_links_color":"","osh_links_hover_color":"","osh_links_active_color":"","osh_links_bg_color":"","osh_links_hover_bg_color":"","osh_links_active_bg_color":"","osh_menu_social_links_color":"","osh_menu_social_hover_links_color":""},"product_brand":[],"product_cat":[41,42],"product_tag":[76,223,224],"class_list":{"0":"post-3343","1":"product","2":"type-product","3":"status-publish","4":"has-post-thumbnail","6":"product_cat-progressive-grease-systems","7":"product_cat-electric-progressive-pumps","8":"product_tag-electric-lubrication-system","9":"product_tag-grease-oil-pumps","10":"product_tag-multiport-lubrication","12":"entry","13":"has-media","15":"first","16":"instock","17":"shipping-taxable","18":"product-type-external","19":"col","20":"span_1_of_3","21":"owp-content-center","22":"owp-thumbs-layout-horizontal","23":"owp-btn-very-big","24":"owp-tabs-layout-horizontal"},"_links":{"self":[{"href":"https:\/\/www.jinpinlub.com\/vi\/wp-json\/wp\/v2\/product\/3343","targetHints":{"allow":["GET"]}}],"collection":[{"href":"https:\/\/www.jinpinlub.com\/vi\/wp-json\/wp\/v2\/product"}],"about":[{"href":"https:\/\/www.jinpinlub.com\/vi\/wp-json\/wp\/v2\/types\/product"}],"wp:featuredmedia":[{"embeddable":true,"href":"https:\/\/www.jinpinlub.com\/vi\/wp-json\/wp\/v2\/media\/3344"}],"wp:attachment":[{"href":"https:\/\/www.jinpinlub.com\/vi\/wp-json\/wp\/v2\/media?parent=3343"}],"wp:term":[{"taxonomy":"product_brand","embeddable":true,"href":"https:\/\/www.jinpinlub.com\/vi\/wp-json\/wp\/v2\/product_brand?post=3343"},{"taxonomy":"product_cat","embeddable":true,"href":"https:\/\/www.jinpinlub.com\/vi\/wp-json\/wp\/v2\/product_cat?post=3343"},{"taxonomy":"product_tag","embeddable":true,"href":"https:\/\/www.jinpinlub.com\/vi\/wp-json\/wp\/v2\/product_tag?post=3343"}],"curies":[{"name":"wp","href":"https:\/\/api.w.org\/{rel}","templated":true}]}}