{"id":3346,"date":"2024-08-22T13:12:02","date_gmt":"2024-08-22T05:12:02","guid":{"rendered":"https:\/\/www.jinpinlub.com\/?post_type=product&#038;p=3346"},"modified":"2025-01-24T02:07:08","modified_gmt":"2025-01-23T18:07:08","slug":"van-phan-phoi-mo-boi-tron-dich-chuyen-tich-cuc-jl-1","status":"publish","type":"product","link":"https:\/\/www.jinpinlub.com\/vi\/product\/jl-1-lubricant-positive-displacement-grease-dispensing-valve\/","title":{"rendered":"Van ph\u00e2n ph\u1ed1i m\u1ee1 b\u00f4i tr\u01a1n JL-1"},"content":{"rendered":"<h2>\u0110\u1eb7c tr\u01b0ng<\/h2>\n<p><span id=\"input-sentence~1\">Ho\u1ea1t \u0111\u1ed9ng \u1edf \u00e1p su\u1ea5t cao: M\u00e1y b\u01a1m m\u1ee1 JL-1 c\u00f3 kh\u1ea3 n\u0103ng ho\u1ea1t \u0111\u1ed9ng \u1edf \u00e1p su\u1ea5t cao t\u1eeb 127 \u0111\u1ebfn 240 bar, \u0111\u1ea3m b\u1ea3o ch\u1ea5t b\u00f4i tr\u01a1n \u0111\u01b0\u1ee3c ph\u00e2n ph\u1ed1i hi\u1ec7u qu\u1ea3 \u0111\u1ebfn t\u1eebng \u0111i\u1ec3m b\u00f4i tr\u01a1n.<br \/>\n\u0110\u1ea7u ra c\u00f3 th\u1ec3 \u0111i\u1ec1u ch\u1ec9nh: \u0110\u1ea7u ra c\u1ee7a m\u1ed7i \u0111\u1ea7u phun c\u00f3 th\u1ec3 \u0111i\u1ec1u ch\u1ec9nh b\u00ean ngo\u00e0i t\u1eeb 0,016 \u0111\u1ebfn 1,31 cm\u00b3, cho ph\u00e9p ng\u01b0\u1eddi d\u00f9ng ki\u1ec3m so\u00e1t ch\u00ednh x\u00e1c l\u01b0\u1ee3ng ch\u1ea5t b\u00f4i tr\u01a1n \u0111\u01b0\u1ee3c ph\u00e2n ph\u1ed1i d\u1ef1a tr\u00ean nhu c\u1ea7u c\u1ee5 th\u1ec3.<br \/>\nKi\u1ec3m tra b\u1eb1ng m\u1eaft: Thi\u1ebft k\u1ebf kim ch\u1ec9 th\u1ecb cho ph\u00e9p ng\u01b0\u1eddi d\u00f9ng x\u00e1c nh\u1eadn tr\u1ea1ng th\u00e1i ho\u1ea1t \u0111\u1ed9ng c\u1ee7a m\u00e1y r\u00f3t m\u1ee1 b\u1eb1ng m\u1eaft \u0111\u1ec3 \u0111\u1ea3m b\u1ea3o thi\u1ebft b\u1ecb \u0111ang ho\u1ea1t \u0111\u1ed9ng b\u00ecnh th\u01b0\u1eddng.<br \/>\nD\u1ec5 b\u1ea3o tr\u00ec: C\u00f3 th\u1ec3 d\u1ec5 d\u00e0ng th\u00e1o r\u1eddi t\u1eebng van ph\u00e2n ph\u1ed1i \u0111\u1ec3 ki\u1ec3m tra v\u00e0 thay th\u1ebf, gi\u00fap gi\u1ea3m th\u1eddi gian v\u00e0 chi ph\u00ed b\u1ea3o tr\u00ec.<\/span><\/p>\n<h2>\u0110\u1eb7c \u0111i\u1ec3m k\u1ef9 thu\u1eadt<\/h2>\n<table>\n<tbody>\n<tr>\n<td>Nguy\u00ean l\u00fd ch\u1ee9c n\u0103ng<\/td>\n<td>Van \u0111o \u00e1p su\u1ea5t gi\u1ea3m \u00e1p<\/td>\n<\/tr>\n<tr>\n<td>S\u1ed1 l\u01b0\u1ee3ng c\u1eeda h\u00e0ng<\/td>\n<td>1, 2, 3, 4, 5, 6<\/td>\n<\/tr>\n<tr>\n<td>\u0110o l\u01b0\u1eddng s\u1ed1 l\u01b0\u1ee3ng<\/td>\n<td>0,016-1,31mL\/chu k\u1ef3<\/td>\n<\/tr>\n<tr>\n<td>Ch\u1ea5t b\u00f4i tr\u01a1n<\/td>\n<td>M\u1ee1 NLGI 0, 1, 2<\/td>\n<\/tr>\n<tr>\n<td>Nhi\u1ec7t \u0111\u1ed9 ho\u1ea1t \u0111\u1ed9ng<\/td>\n<td>(-26 \u0111\u1ebfn +176 \u00b0C)<\/td>\n<\/tr>\n<tr>\n<td>\u00c1p su\u1ea5t ho\u1ea1t \u0111\u1ed9ng<\/td>\n<td>127-240 thanh<\/td>\n<\/tr>\n<tr>\n<td>V\u1eadt li\u1ec7u<\/td>\n<td>Th\u00e9p cacbon, th\u00e9p kh\u00f4ng g\u1ec9<\/td>\n<\/tr>\n<tr>\n<td>\u0110\u01b0\u1eddng d\u00e2y ch\u00ednh k\u1ebft n\u1ed1i<\/td>\n<td>M22*1.5<\/td>\n<\/tr>\n<tr>\n<td>\u1ed4 c\u1eafm k\u1ebft n\u1ed1i<\/td>\n<td>V\u00f2ng 1\/8<\/td>\n<\/tr>\n<tr>\n<td>V\u1ecb tr\u00ed l\u1eafp \u0111\u1eb7t<\/td>\n<td>B\u1ea5t k\u00ec<\/td>\n<\/tr>\n<\/tbody>\n<\/table>\n<h2>\u1ee8ng d\u1ee5ng<\/h2>\n<p>B\u1ed9 ph\u00e2n ph\u1ed1i m\u1ee1 JL-1 ch\u1ee7 y\u1ebfu \u0111\u01b0\u1ee3c s\u1eed d\u1ee5ng trong c\u00e1c h\u1ec7 th\u1ed1ng b\u00f4i tr\u01a1n m\u1ee1 x\u1eed l\u00fd \u00e1p su\u1ea5t cao, \u0111a \u0111i\u1ec3m, m\u1ed9t \u0111\u01b0\u1eddng \u1ed1ng \u0111\u01a1n, do \u0111\u00f3 b\u1ed9 ph\u00e2n ph\u1ed1i n\u00e0y \u0111\u01b0\u1ee3c s\u1eed d\u1ee5ng r\u1ed9ng r\u00e3i trong c\u00e1c ng\u00e0nh c\u00f4ng nghi\u1ec7p y\u00eau c\u1ea7u ki\u1ec3m so\u00e1t b\u00f4i tr\u01a1n xanh.<br \/>\nKhai th\u00e1c v\u00e0 ch\u1ebf bi\u1ebfn kho\u00e1ng s\u1ea3n: Trong nh\u1eefng m\u00f4i tr\u01b0\u1eddng n\u00e0y, thi\u1ebft b\u1ecb c\u1ea7n \u0111\u01b0\u1ee3c b\u00f4i tr\u01a1n li\u00ean t\u1ee5c \u0111\u1ec3 \u0111\u1ea3m b\u1ea3o ho\u1ea1t \u0111\u1ed9ng xanh v\u00e0 gi\u1ea3m hao m\u00f2n.<br \/>\nThi\u1ebft b\u1ecb x\u00e2y d\u1ef1ng: Thi\u1ebft b\u1ecb x\u00e2y d\u1ef1ng th\u01b0\u1eddng ho\u1ea1t \u0111\u1ed9ng trong \u0111i\u1ec1u ki\u1ec7n kh\u1eafc nghi\u1ec7t v\u00e0 b\u1ed9 ph\u00e2n ph\u1ed1i JL-1 c\u00f3 th\u1ec3 cung c\u1ea5p kh\u1ea3 n\u0103ng b\u00f4i tr\u01a1n \u0111\u00e1ng tin c\u1eady.<br \/>\nTh\u00e9p v\u00e0 c\u00f4ng nghi\u1ec7p n\u1eb7ng: Thi\u1ebft b\u1ecb trong c\u00e1c ng\u00e0nh c\u00f4ng nghi\u1ec7p n\u00e0y th\u01b0\u1eddng y\u00eau c\u1ea7u c\u1ea5u tr\u00fac b\u00f4i tr\u01a1n \u00e1p su\u1ea5t cao \u0111\u1ec3 duy tr\u00ec ho\u1ea1t \u0111\u1ed9ng.<\/p>\n<h2>H\u01b0\u1edbng d\u1eabn s\u1eed d\u1ee5ng<\/h2>\n<div class=\"sdm_download_button_box_default\"><div class=\"sdm_download_link\"><a href=\"https:\/\/www.jinpinlub.com\/vi\/?sdm_process_download=1&download_id=2472\" class=\"sdm_download white\" title=\"Ri\u00eang t\u01b0: JL-1 Grease Injector\" target=\"&quot;_blank&quot;\">Xem B\u1ea3ng d\u1eef li\u1ec7u - M\u00e1y phun m\u1ee1 JL-1<\/a><\/div><\/div>","protected":false},"excerpt":{"rendered":"<p>B\u1ed9 ph\u00e2n ph\u1ed1i JL-1 l\u00e0 th\u00e0nh ph\u1ea7n h\u1ec7 th\u1ed1ng b\u00f4i tr\u01a1n m\u1ed9t d\u00f2ng \u00e1p su\u1ea5t cao, \u0111\u01b0\u1ee3c thi\u1ebft k\u1ebf \u0111\u1ec3 ph\u00e2n ph\u1ed1i ch\u1ea5t b\u00f4i tr\u01a1n c\u00f3 \u0111\u1ed9 nh\u1edbt cao (l\u00ean \u0111\u1ebfn NLGI 2#). Ph\u00f9 h\u1ee3p v\u1edbi nhi\u1ec1u \u1ee9ng d\u1ee5ng c\u00f4ng nghi\u1ec7p, bao g\u1ed3m khai th\u00e1c v\u00e0 ch\u1ebf bi\u1ebfn kho\u00e1ng s\u1ea3n, m\u00e1y m\u00f3c x\u00e2y d\u1ef1ng.<\/p>","protected":false},"featured_media":3302,"template":"","meta":{"ocean_post_layout":"","ocean_both_sidebars_style":"","ocean_both_sidebars_content_width":0,"ocean_both_sidebars_sidebars_width":0,"ocean_sidebar":"0","ocean_second_sidebar":"0","ocean_disable_margins":"enable","ocean_add_body_class":"","ocean_shortcode_before_top_bar":"","ocean_shortcode_after_top_bar":"","ocean_shortcode_before_header":"","ocean_shortcode_after_header":"","ocean_has_shortcode":"","ocean_shortcode_after_title":"","ocean_shortcode_before_footer_widgets":"","ocean_shortcode_after_footer_widgets":"","ocean_shortcode_before_footer_bottom":"","ocean_shortcode_after_footer_bottom":"","ocean_display_top_bar":"default","ocean_display_header":"default","ocean_header_style":"","ocean_center_header_left_menu":"0","ocean_custom_header_template":"0","ocean_custom_logo":0,"ocean_custom_retina_logo":0,"ocean_custom_logo_max_width":0,"ocean_custom_logo_tablet_max_width":0,"ocean_custom_logo_mobile_max_width":0,"ocean_custom_logo_max_height":0,"ocean_custom_logo_tablet_max_height":0,"ocean_custom_logo_mobile_max_height":0,"ocean_header_custom_menu":"0","ocean_menu_typo_font_family":"0","ocean_menu_typo_font_subset":"","ocean_menu_typo_font_size":0,"ocean_menu_typo_font_size_tablet":0,"ocean_menu_typo_font_size_mobile":0,"ocean_menu_typo_font_size_unit":"px","ocean_menu_typo_font_weight":"","ocean_menu_typo_font_weight_tablet":"","ocean_menu_typo_font_weight_mobile":"","ocean_menu_typo_transform":"","ocean_menu_typo_transform_tablet":"","ocean_menu_typo_transform_mobile":"","ocean_menu_typo_line_height":0,"ocean_menu_typo_line_height_tablet":0,"ocean_menu_typo_line_height_mobile":0,"ocean_menu_typo_line_height_unit":"","ocean_menu_typo_spacing":0,"ocean_menu_typo_spacing_tablet":0,"ocean_menu_typo_spacing_mobile":0,"ocean_menu_typo_spacing_unit":"","ocean_menu_link_color":"","ocean_menu_link_color_hover":"","ocean_menu_link_color_active":"","ocean_menu_link_background":"","ocean_menu_link_hover_background":"","ocean_menu_link_active_background":"","ocean_menu_social_links_bg":"","ocean_menu_social_hover_links_bg":"","ocean_menu_social_links_color":"","ocean_menu_social_hover_links_color":"","ocean_disable_title":"default","ocean_disable_heading":"default","ocean_post_title":"","ocean_post_subheading":"","ocean_post_title_style":"","ocean_post_title_background_color":"","ocean_post_title_background":0,"ocean_post_title_bg_image_position":"","ocean_post_title_bg_image_attachment":"","ocean_post_title_bg_image_repeat":"","ocean_post_title_bg_image_size":"","ocean_post_title_height":0,"ocean_post_title_bg_overlay":0.5,"ocean_post_title_bg_overlay_color":"","ocean_disable_breadcrumbs":"default","ocean_breadcrumbs_color":"","ocean_breadcrumbs_separator_color":"","ocean_breadcrumbs_links_color":"","ocean_breadcrumbs_links_hover_color":"","ocean_display_footer_widgets":"default","ocean_display_footer_bottom":"default","ocean_custom_footer_template":"0","osh_disable_topbar_sticky":"default","osh_disable_header_sticky":"default","osh_sticky_header_style":"default","osh_sticky_header_effect":"","osh_custom_sticky_logo":0,"osh_custom_retina_sticky_logo":0,"osh_custom_sticky_logo_height":0,"osh_background_color":"","osh_links_color":"","osh_links_hover_color":"","osh_links_active_color":"","osh_links_bg_color":"","osh_links_hover_bg_color":"","osh_links_active_bg_color":"","osh_menu_social_links_color":"","osh_menu_social_hover_links_color":""},"product_brand":[],"product_cat":[40,37],"product_tag":[225,97,226],"class_list":{"0":"post-3346","1":"product","2":"type-product","3":"status-publish","4":"has-post-thumbnail","6":"product_cat-pressure-relief-metering-valves","7":"product_cat-single-line-grease-systems","8":"product_tag-bijur-delimon-divider","9":"product_tag-grease-injector","10":"product_tag-mobile-divider-valve","12":"entry","13":"has-media","15":"first","16":"instock","17":"shipping-taxable","18":"product-type-external","19":"col","20":"span_1_of_3","21":"owp-content-center","22":"owp-thumbs-layout-horizontal","23":"owp-btn-very-big","24":"owp-tabs-layout-horizontal"},"_links":{"self":[{"href":"https:\/\/www.jinpinlub.com\/vi\/wp-json\/wp\/v2\/product\/3346","targetHints":{"allow":["GET"]}}],"collection":[{"href":"https:\/\/www.jinpinlub.com\/vi\/wp-json\/wp\/v2\/product"}],"about":[{"href":"https:\/\/www.jinpinlub.com\/vi\/wp-json\/wp\/v2\/types\/product"}],"wp:featuredmedia":[{"embeddable":true,"href":"https:\/\/www.jinpinlub.com\/vi\/wp-json\/wp\/v2\/media\/3302"}],"wp:attachment":[{"href":"https:\/\/www.jinpinlub.com\/vi\/wp-json\/wp\/v2\/media?parent=3346"}],"wp:term":[{"taxonomy":"product_brand","embeddable":true,"href":"https:\/\/www.jinpinlub.com\/vi\/wp-json\/wp\/v2\/product_brand?post=3346"},{"taxonomy":"product_cat","embeddable":true,"href":"https:\/\/www.jinpinlub.com\/vi\/wp-json\/wp\/v2\/product_cat?post=3346"},{"taxonomy":"product_tag","embeddable":true,"href":"https:\/\/www.jinpinlub.com\/vi\/wp-json\/wp\/v2\/product_tag?post=3346"}],"curies":[{"name":"wp","href":"https:\/\/api.w.org\/{rel}","templated":true}]}}