{"id":3350,"date":"2024-08-27T02:38:44","date_gmt":"2024-08-26T18:38:44","guid":{"rendered":"https:\/\/www.jinpinlub.com\/?post_type=product&#038;p=3350"},"modified":"2024-08-27T03:13:26","modified_gmt":"2024-08-26T19:13:26","slug":"van-phan-phoi-dpb14-cho-bom-boi-tron-the-tich-pdi","status":"publish","type":"product","link":"https:\/\/www.jinpinlub.com\/vi\/product\/dpb14-distribution-valve-for-volumetric-pdi-lubrication-pump\/","title":{"rendered":"Van ph\u00e2n ph\u1ed1i DPB14 cho b\u01a1m b\u00f4i tr\u01a1n th\u1ec3 t\u00edch PDI"},"content":{"rendered":"<h2>T\u00ednh n\u0103ng<\/h2>\n<p>\u0110o l\u01b0\u1eddng c\u00f3 \u0111\u1ed9 ch\u00ednh x\u00e1c cao: JINPINLUB DPB c\u00f3 th\u1ec3 ph\u00e2n ph\u1ed1i ch\u00ednh x\u00e1c ch\u1ea5t b\u00f4i tr\u01a1n trong m\u1ed7i chu k\u1ef3 b\u00f4i tr\u01a1n, \u0111\u1ea3m b\u1ea3o r\u1eb1ng m\u1ed7i \u0111i\u1ec3m b\u00f4i tr\u01a1n c\u1ee7a thi\u1ebft b\u1ecb c\u00f3 th\u1ec3 nh\u1eadn \u0111\u01b0\u1ee3c l\u01b0\u1ee3ng b\u00f4i tr\u01a1n ph\u00f9 h\u1ee3p.<br \/>\nT\u01b0\u01a1ng th\u00edch v\u1edbi nhi\u1ec1u lo\u1ea1i ch\u1ea5t b\u00f4i tr\u01a1n: Van \u0111\u1ecbnh l\u01b0\u1ee3ng ph\u00f9 h\u1ee3p v\u1edbi d\u1ea7u kho\u00e1ng, d\u1ea7u t\u1ed5ng h\u1ee3p v\u00e0 m\u1ee1 m\u1ec1m (D\u1ea7u 32~90 cSt@40\u00b0C, M\u1ee1 \u2264 NLGI 0#) v\u00e0 c\u00f3 th\u1ec3 ho\u1ea1t \u0111\u1ed9ng b\u00ecnh th\u01b0\u1eddng trong ph\u1ea1m vi nhi\u1ec7t \u0111\u1ed9 t\u1eeb 0\u00b0C \u0111\u1ebfn 80\u00b0C.<br \/>\nL\u1ef1a ch\u1ecdn nhi\u1ec1u model: Theo c\u00e1c y\u00eau c\u1ea7u \u1ee9ng d\u1ee5ng kh\u00e1c nhau, b\u1ed9 ph\u00e2n ph\u1ed1i DPB c\u00f3 nhi\u1ec1u model kh\u00e1c nhau, ph\u00f9 h\u1ee3p v\u1edbi c\u00e1c lo\u1ea1i ch\u1ea5t b\u00f4i tr\u01a1n kh\u00e1c nhau, \u00e1p su\u1ea5t l\u00e0m vi\u1ec7c v\u00e0 th\u1ec3 t\u00edch \u0111\u1ea7u ra kh\u00e1c nhau.<\/p>\n<h2>\u0110\u1eb7c \u0111i\u1ec3m k\u1ef9 thu\u1eadt<\/h2>\n<table>\n<tbody>\n<tr>\n<td>Nguy\u00ean l\u00fd ch\u1ee9c n\u0103ng<\/td>\n<td>B\u1ed9 ph\u00e2n ph\u1ed1i \u00e1p su\u1ea5t<\/td>\n<\/tr>\n<tr>\n<td>C\u1eeda h\u00e0ng<\/td>\n<td>2, 3, 4, 5, 6, 8 ,10<\/td>\n<\/tr>\n<tr>\n<td>\u0110o l\u01b0\u1ee3ngd\u1ea7u<\/td>\n<td>0,03, 0,06, 0,10, 0,16mL\/chu k\u1ef3<\/td>\n<\/tr>\n<tr>\n<td>Ch\u1ea5t b\u00f4i tr\u01a1n<\/td>\n<td>32~90 cSt@40\u00b0C (D\u1ea7u), \u2264NLGI 0 (M\u1ee1)<\/td>\n<\/tr>\n<tr>\n<td>Nhi\u1ec7t \u0111\u1ed9 ho\u1ea1t \u0111\u1ed9ng<\/td>\n<td>0 \u0111\u1ebfn +80 \u00b0C<\/td>\n<\/tr>\n<tr>\n<td>\u00c1p su\u1ea5t ho\u1ea1t \u0111\u1ed9ng<\/td>\n<td>8~30bar(D\u1ea7u), 20~50bar(M\u1ee1)<\/td>\n<\/tr>\n<tr>\n<td>V\u1eadt li\u1ec7u<\/td>\n<td>K\u1ebdm \u0111\u00fac khu\u00f4n, \u0111\u1ed3ng thau<\/td>\n<\/tr>\n<tr>\n<td>\u1ed4 c\u1eafm k\u1ebft n\u1ed1i<\/td>\n<td>\u0110\u1ea7u v\u00e0o \u03a66(M10x1), \u0110\u1ea7u ra \u03a64(M8x1)<\/td>\n<\/tr>\n<tr>\n<td>Ph\u1ee5 ki\u1ec7n \u1ed5 c\u1eafm<\/td>\n<td>Ki\u1ec3u tay \u00e1o, Ki\u1ec3u nhanh<\/td>\n<\/tr>\n<tr>\n<td>V\u1ecb tr\u00ed l\u1eafp \u0111\u1eb7t<\/td>\n<td>B\u1ea5t k\u00ec<\/td>\n<\/tr>\n<\/tbody>\n<\/table>\n<h2>\u1ee8ng d\u1ee5ng<\/h2>\n<p>M\u00e1y c\u00f4ng c\u1ee5 CNC: B\u00f4i tr\u01a1n t\u1ea5t c\u1ea3 c\u00e1c b\u1ed9 ph\u1eadn chuy\u1ec3n \u0111\u1ed9ng v\u00e0 k\u00e9o d\u00e0i tu\u1ed5i th\u1ecd c\u1ee7a thi\u1ebft b\u1ecb.<br \/>\nM\u00e1y ch\u1ebf bi\u1ebfn g\u1ed7: B\u00f4i tr\u01a1n \u0111\u00e1ng tin c\u1eady trong m\u00f4i tr\u01b0\u1eddng nhi\u1ec1u b\u1ee5i \u0111\u1ec3 ng\u0103n ng\u1eeba m\u00e0i m\u00f2n c\u01a1 h\u1ecdc.<br \/>\nM\u00e1y m\u00f3c d\u1ec7t: Li\u00ean t\u1ee5c b\u00f4i tr\u01a1n c\u00e1c thi\u1ebft b\u1ecb ch\u1ea1y t\u1ed1c \u0111\u1ed9 cao \u0111\u1ec3 \u0111\u1ea3m b\u1ea3o hi\u1ec7u qu\u1ea3 s\u1ea3n xu\u1ea5t.<br \/>\nM\u00e1y \u0111\u00f3ng g\u00f3i: \u0110\u1ea3m b\u1ea3o m\u00e1y m\u00f3c ho\u1ea1t \u0111\u1ed9ng t\u1ed1t, \u00edt th\u1eddi gian ch\u1ebft.<br \/>\nM\u00e1y m\u00f3c nh\u1ef1a: Cung c\u1ea5p kh\u1ea3 n\u0103ng b\u00f4i tr\u01a1n \u1ed5n \u0111\u1ecbnh trong m\u00f4i tr\u01b0\u1eddng nhi\u1ec7t \u0111\u1ed9 cao \u0111\u1ec3 tr\u00e1nh c\u00e1c b\u1ed9 ph\u1eadn b\u1ecb qu\u00e1 nhi\u1ec7t.<br \/>\nM\u00e1y m\u00f3c s\u1ea3n xu\u1ea5t k\u00ednh: Cung c\u1ea5p v\u00e0 ph\u00e2n ph\u1ed1i ch\u1ea5t b\u00f4i tr\u01a1n \u0111\u00e1ng tin c\u1eady trong \u0111i\u1ec1u ki\u1ec7n nhi\u1ec7t \u0111\u1ed9 v\u00e0 \u00e1p su\u1ea5t cao.<br \/>\nM\u00e1y in: H\u1ec7 th\u1ed1ng b\u00f4i tr\u01a1n th\u1ec3 t\u00edch gi\u00fap m\u00e1y in ho\u1ea1t \u0111\u1ed9ng tr\u01a1n tru v\u00e0 gi\u1ea3m t\u1ef7 l\u1ec7 h\u1ecfng h\u00f3c.<\/p>\n<h2>H\u01b0\u1edbng d\u1eabn s\u1eed d\u1ee5ng<\/h2>\n<div class=\"sdm_download_button_box_default\"><div class=\"sdm_download_link\"><a href=\"https:\/\/www.jinpinlub.com\/vi\/?sdm_process_download=1&download_id=2458\" class=\"sdm_download white\" title=\"Ri\u00eang t\u01b0: DPB Lubrication Distributor\" target=\"&quot;_blank&quot;\">Xem B\u1ea3ng d\u1eef li\u1ec7u - Nh\u00e0 ph\u00e2n ph\u1ed1i DPB<\/a><\/div><\/div>","protected":false},"excerpt":{"rendered":"<p>Van \u0111\u1ecbnh l\u01b0\u1ee3ng th\u1ec3 t\u00edch DPB l\u00e0 thi\u1ebft b\u1ecb b\u00f4i tr\u01a1n c\u00f3 \u0111\u1ed9 ch\u00ednh x\u00e1c cao \u0111\u01b0\u1ee3c s\u1eed d\u1ee5ng trong h\u1ec7 th\u1ed1ng b\u00f4i tr\u01a1n m\u1ed9t \u0111\u01b0\u1eddng. Ch\u00fang ph\u00e2n ph\u1ed1i v\u00e0 \u0111\u1ecbnh l\u01b0\u1ee3ng ch\u1ea5t b\u00f4i tr\u01a1n t\u1ea1i c\u00e1c \u0111i\u1ec3m b\u00f4i tr\u01a1n kh\u00e1c nhau th\u00f4ng qua c\u00e1c b\u01a1m kh\u00f4ng li\u00ean t\u1ee5c, n\u00f3 t\u1ea1o ra m\u1ed9t l\u01b0\u1ee3ng ch\u1ea5t b\u00f4i tr\u01a1n nh\u1ea5t \u0111\u1ecbnh, 0,03 \u0111\u1ebfn 0,16cc m\u1ed7i chu k\u1ef3.<\/p>","protected":false},"featured_media":3396,"template":"","meta":{"ocean_post_layout":"","ocean_both_sidebars_style":"","ocean_both_sidebars_content_width":0,"ocean_both_sidebars_sidebars_width":0,"ocean_sidebar":"0","ocean_second_sidebar":"0","ocean_disable_margins":"enable","ocean_add_body_class":"","ocean_shortcode_before_top_bar":"","ocean_shortcode_after_top_bar":"","ocean_shortcode_before_header":"","ocean_shortcode_after_header":"","ocean_has_shortcode":"","ocean_shortcode_after_title":"","ocean_shortcode_before_footer_widgets":"","ocean_shortcode_after_footer_widgets":"","ocean_shortcode_before_footer_bottom":"","ocean_shortcode_after_footer_bottom":"","ocean_display_top_bar":"default","ocean_display_header":"default","ocean_header_style":"","ocean_center_header_left_menu":"0","ocean_custom_header_template":"0","ocean_custom_logo":0,"ocean_custom_retina_logo":0,"ocean_custom_logo_max_width":0,"ocean_custom_logo_tablet_max_width":0,"ocean_custom_logo_mobile_max_width":0,"ocean_custom_logo_max_height":0,"ocean_custom_logo_tablet_max_height":0,"ocean_custom_logo_mobile_max_height":0,"ocean_header_custom_menu":"0","ocean_menu_typo_font_family":"0","ocean_menu_typo_font_subset":"","ocean_menu_typo_font_size":0,"ocean_menu_typo_font_size_tablet":0,"ocean_menu_typo_font_size_mobile":0,"ocean_menu_typo_font_size_unit":"px","ocean_menu_typo_font_weight":"","ocean_menu_typo_font_weight_tablet":"","ocean_menu_typo_font_weight_mobile":"","ocean_menu_typo_transform":"","ocean_menu_typo_transform_tablet":"","ocean_menu_typo_transform_mobile":"","ocean_menu_typo_line_height":0,"ocean_menu_typo_line_height_tablet":0,"ocean_menu_typo_line_height_mobile":0,"ocean_menu_typo_line_height_unit":"","ocean_menu_typo_spacing":0,"ocean_menu_typo_spacing_tablet":0,"ocean_menu_typo_spacing_mobile":0,"ocean_menu_typo_spacing_unit":"","ocean_menu_link_color":"","ocean_menu_link_color_hover":"","ocean_menu_link_color_active":"","ocean_menu_link_background":"","ocean_menu_link_hover_background":"","ocean_menu_link_active_background":"","ocean_menu_social_links_bg":"","ocean_menu_social_hover_links_bg":"","ocean_menu_social_links_color":"","ocean_menu_social_hover_links_color":"","ocean_disable_title":"default","ocean_disable_heading":"default","ocean_post_title":"","ocean_post_subheading":"","ocean_post_title_style":"","ocean_post_title_background_color":"","ocean_post_title_background":0,"ocean_post_title_bg_image_position":"","ocean_post_title_bg_image_attachment":"","ocean_post_title_bg_image_repeat":"","ocean_post_title_bg_image_size":"","ocean_post_title_height":0,"ocean_post_title_bg_overlay":0.5,"ocean_post_title_bg_overlay_color":"","ocean_disable_breadcrumbs":"default","ocean_breadcrumbs_color":"","ocean_breadcrumbs_separator_color":"","ocean_breadcrumbs_links_color":"","ocean_breadcrumbs_links_hover_color":"","ocean_display_footer_widgets":"default","ocean_display_footer_bottom":"default","ocean_custom_footer_template":"0","osh_disable_topbar_sticky":"default","osh_disable_header_sticky":"default","osh_sticky_header_style":"default","osh_sticky_header_effect":"","osh_custom_sticky_logo":0,"osh_custom_retina_sticky_logo":0,"osh_custom_sticky_logo_height":0,"osh_background_color":"","osh_links_color":"","osh_links_hover_color":"","osh_links_active_color":"","osh_links_bg_color":"","osh_links_hover_bg_color":"","osh_links_active_bg_color":"","osh_menu_social_links_color":"","osh_menu_social_hover_links_color":""},"product_brand":[],"product_cat":[49,47],"product_tag":[229,228,80],"class_list":{"0":"post-3350","1":"product","2":"type-product","3":"status-publish","4":"has-post-thumbnail","6":"product_cat-volumetric-oil-injectors","7":"product_cat-volumetric-thin-oil-systems","8":"product_tag-oil-metering-valve","9":"product_tag-thin-oil-injector","10":"product_tag-volumetric-oil-distributor","12":"entry","13":"has-media","15":"first","16":"instock","17":"shipping-taxable","18":"product-type-external","19":"col","20":"span_1_of_3","21":"owp-content-center","22":"owp-thumbs-layout-horizontal","23":"owp-btn-very-big","24":"owp-tabs-layout-horizontal"},"_links":{"self":[{"href":"https:\/\/www.jinpinlub.com\/vi\/wp-json\/wp\/v2\/product\/3350","targetHints":{"allow":["GET"]}}],"collection":[{"href":"https:\/\/www.jinpinlub.com\/vi\/wp-json\/wp\/v2\/product"}],"about":[{"href":"https:\/\/www.jinpinlub.com\/vi\/wp-json\/wp\/v2\/types\/product"}],"wp:featuredmedia":[{"embeddable":true,"href":"https:\/\/www.jinpinlub.com\/vi\/wp-json\/wp\/v2\/media\/3396"}],"wp:attachment":[{"href":"https:\/\/www.jinpinlub.com\/vi\/wp-json\/wp\/v2\/media?parent=3350"}],"wp:term":[{"taxonomy":"product_brand","embeddable":true,"href":"https:\/\/www.jinpinlub.com\/vi\/wp-json\/wp\/v2\/product_brand?post=3350"},{"taxonomy":"product_cat","embeddable":true,"href":"https:\/\/www.jinpinlub.com\/vi\/wp-json\/wp\/v2\/product_cat?post=3350"},{"taxonomy":"product_tag","embeddable":true,"href":"https:\/\/www.jinpinlub.com\/vi\/wp-json\/wp\/v2\/product_tag?post=3350"}],"curies":[{"name":"wp","href":"https:\/\/api.w.org\/{rel}","templated":true}]}}