{"id":3397,"date":"2024-08-27T03:14:08","date_gmt":"2024-08-26T19:14:08","guid":{"rendered":"https:\/\/www.jinpinlub.com\/?post_type=product&#038;p=3397"},"modified":"2024-08-27T03:16:01","modified_gmt":"2024-08-26T19:16:01","slug":"van-phan-phoi-dau-mo-the-tich-tuy-chinh","status":"publish","type":"product","link":"https:\/\/www.jinpinlub.com\/vi\/product\/customized-volumetric-grease-oil-distributor-seperator-valve\/","title":{"rendered":"Van t\u00e1ch ph\u00e2n ph\u1ed1i d\u1ea7u m\u1ee1 th\u1ec3 t\u00edch t\u00f9y ch\u1ec9nh"},"content":{"rendered":"<h2>T\u00ednh n\u0103ng<\/h2>\n<p>\u0110\u1ed9 ch\u00ednh x\u00e1c cao: Thi\u1ebft b\u1ecb b\u00f4i tr\u01a1n JINPINLUB DPB c\u00f3 th\u1ec3 cung c\u1ea5p l\u01b0\u1ee3ng ch\u1ea5t b\u00f4i tr\u01a1n ch\u00ednh x\u00e1c \u0111\u1ec3 \u0111\u1ea3m b\u1ea3o m\u1ed7i \u0111i\u1ec3m b\u00f4i tr\u01a1n c\u00f3 th\u1ec3 \u0111\u01b0\u1ee3c b\u00f4i tr\u01a1n \u0111\u00fang c\u00e1ch.<br \/>\n\u0110i\u1ec1u khi\u1ec3n t\u1ef1 \u0111\u1ed9ng: Van \u0111\u1ecbnh l\u01b0\u1ee3ng b\u00f4i tr\u01a1n c\u00f3 th\u1ec3 k\u1ebft h\u1ee3p v\u1edbi c\u00e1c \u0111\u1ea7u d\u00f2 ho\u1eb7c c\u1ea3m bi\u1ebfn c\u01a1 h\u1ecdc v\u00e0 c\u00f3 th\u1ec3 t\u1ef1 \u0111\u1ed9ng \u0111i\u1ec1u ch\u1ec9nh l\u01b0\u1ee3ng ch\u1ea5t b\u00f4i tr\u01a1n theo tr\u1ea1ng th\u00e1i ho\u1ea1t \u0111\u1ed9ng c\u1ee7a thi\u1ebft b\u1ecb, gi\u1ea3m thi\u1ec3u s\u1ef1 can thi\u1ec7p th\u1ee7 c\u00f4ng.<br \/>\nB\u00f4i tr\u01a1n \u0111a \u0111i\u1ec3m: B\u1ed9 ph\u00e2n ph\u1ed1i n\u00e0y c\u00f3 th\u1ec3 cung c\u1ea5p b\u00f4i tr\u01a1n cho nhi\u1ec1u \u0111i\u1ec3m b\u00f4i tr\u01a1n c\u00f9ng m\u1ed9t l\u00fac v\u00e0 ph\u00f9 h\u1ee3p v\u1edbi c\u00e1c h\u1ec7 th\u1ed1ng c\u01a1 kh\u00ed ph\u1ee9c t\u1ea1p.<br \/>\n\u0110\u1ed9 b\u1ec1n: \u0110\u01b0\u1ee3c l\u00e0m b\u1eb1ng v\u1eadt li\u1ec7u ch\u1ea5t l\u01b0\u1ee3ng cao, c\u00f3 th\u1ec3 ho\u1ea1t \u0111\u1ed9ng \u1ed5n \u0111\u1ecbnh trong th\u1eddi gian d\u00e0i trong m\u00f4i tr\u01b0\u1eddng c\u00f4ng nghi\u1ec7p kh\u1eafc nghi\u1ec7t.<\/p>\n<h2>\u0110\u1eb7c \u0111i\u1ec3m k\u1ef9 thu\u1eadt<\/h2>\n<table>\n<tbody>\n<tr>\n<td>Nguy\u00ean l\u00fd ch\u1ee9c n\u0103ng<\/td>\n<td>B\u1ed9 ph\u00e2n ph\u1ed1i \u00e1p su\u1ea5t<\/td>\n<\/tr>\n<tr>\n<td>C\u1eeda h\u00e0ng<\/td>\n<td>2, 3, 4, 5, 6, 8 ,10<\/td>\n<\/tr>\n<tr>\n<td>\u0110o l\u01b0\u1ee3ngd\u1ea7u<\/td>\n<td>0,03, 0,06, 0,10, 0,16mL\/chu k\u1ef3<\/td>\n<\/tr>\n<tr>\n<td>Ch\u1ea5t b\u00f4i tr\u01a1n<\/td>\n<td>32~90 cSt@40\u00b0C (D\u1ea7u), \u2264NLGI 0 (M\u1ee1)<\/td>\n<\/tr>\n<tr>\n<td>Nhi\u1ec7t \u0111\u1ed9 ho\u1ea1t \u0111\u1ed9ng<\/td>\n<td>0 \u0111\u1ebfn +80 \u00b0C<\/td>\n<\/tr>\n<tr>\n<td>\u00c1p su\u1ea5t ho\u1ea1t \u0111\u1ed9ng<\/td>\n<td>8~30bar(D\u1ea7u), 20~50bar(M\u1ee1)<\/td>\n<\/tr>\n<tr>\n<td>V\u1eadt li\u1ec7u<\/td>\n<td>K\u1ebdm \u0111\u00fac khu\u00f4n, \u0111\u1ed3ng thau<\/td>\n<\/tr>\n<tr>\n<td>\u1ed4 c\u1eafm k\u1ebft n\u1ed1i<\/td>\n<td>\u0110\u1ea7u v\u00e0o \u03a66(M10x1), \u0110\u1ea7u ra \u03a64(M8x1)<\/td>\n<\/tr>\n<tr>\n<td>Ph\u1ee5 ki\u1ec7n \u1ed5 c\u1eafm<\/td>\n<td>Ki\u1ec3u tay \u00e1o, Ki\u1ec3u nhanh<\/td>\n<\/tr>\n<tr>\n<td>V\u1ecb tr\u00ed l\u1eafp \u0111\u1eb7t<\/td>\n<td>B\u1ea5t k\u00ec<\/td>\n<\/tr>\n<\/tbody>\n<\/table>\n<h2>\u1ee8ng d\u1ee5ng<\/h2>\n<p>Thi\u1ebft b\u1ecb \u0111o \u0111\u1ed9 b\u00f4i tr\u01a1n JINPINLUB DPB \u0111\u01b0\u1ee3c s\u1eed d\u1ee5ng trong nhi\u1ec1u l\u0129nh v\u1ef1c c\u00f4ng nghi\u1ec7p kh\u00e1c nhau:<br \/>\nNg\u00e0nh s\u1ea3n xu\u1ea5t: H\u1ec7 th\u1ed1ng b\u00f4i tr\u01a1n t\u1eadp trung cho c\u00e1c thi\u1ebft b\u1ecb d\u00e2y chuy\u1ec1n s\u1ea3n xu\u1ea5t \u0111\u1ec3 \u0111\u1ea3m b\u1ea3o thi\u1ebft b\u1ecb ho\u1ea1t \u0111\u1ed9ng tr\u01a1n tru.<br \/>\nM\u00e1y m\u00f3c h\u1ea1ng n\u1eb7ng: ch\u1eb3ng h\u1ea1n nh\u01b0 thi\u1ebft b\u1ecb khai th\u00e1c, m\u00e1y m\u00f3c x\u00e2y d\u1ef1ng, v.v., h\u1ec7 th\u1ed1ng b\u00f4i tr\u01a1n c\u00f3 th\u1ec3 l\u00e0m gi\u1ea3m \u0111\u00e1ng k\u1ec3 s\u1ef1 m\u00e0i m\u00f2n.<br \/>\nNg\u00e0nh c\u00f4ng nghi\u1ec7p \u00f4 t\u00f4: B\u00f4i tr\u01a1n tr\u01b0\u1edbc cho \u0111\u1ed9ng c\u01a1 tr\u01b0\u1edbc khi kh\u1edfi \u0111\u1ed9ng \u0111\u1ec3 gi\u1ea3m thi\u1ec3u h\u01b0 h\u1ecfng cho \u0111\u1ed9ng c\u01a1 khi kh\u1edfi \u0111\u1ed9ng ngu\u1ed9i.<\/p>\n<h2>H\u01b0\u1edbng d\u1eabn s\u1eed d\u1ee5ng<\/h2>\n<div class=\"sdm_download_button_box_default\"><div class=\"sdm_download_link\"><a href=\"https:\/\/www.jinpinlub.com\/vi\/?sdm_process_download=1&download_id=2458\" class=\"sdm_download white\" title=\"Ri\u00eang t\u01b0: DPB Lubrication Distributor\" target=\"&quot;_blank&quot;\">Xem B\u1ea3ng d\u1eef li\u1ec7u - Nh\u00e0 ph\u00e2n ph\u1ed1i DPB<\/a><\/div><\/div>","protected":false},"excerpt":{"rendered":"<p>Thi\u1ebft b\u1ecb \u0111\u1ecbnh l\u01b0\u1ee3ng b\u00f4i tr\u01a1n DPB \u00e1p d\u1ee5ng thi\u1ebft k\u1ebf ti\u00ean ti\u1ebfn \u0111\u1ec3 cung c\u1ea5p l\u01b0\u1ee3ng ch\u1ea5t b\u00f4i tr\u01a1n ch\u00ednh x\u00e1c cho thi\u1ebft b\u1ecb. Van \u0111\u1ecbnh l\u01b0\u1ee3ng c\u00f3 nhi\u1ec1u th\u1ec3 t\u00edch \u0111\u1ea7u ra kh\u00e1c nhau v\u00e0 c\u00f3 th\u1ec3 \u0111\u1ea1t \u0111\u01b0\u1ee3c ki\u1ec3m so\u00e1t l\u01b0\u1ee3ng ch\u1ea5t b\u00f4i tr\u01a1n ch\u00ednh x\u00e1c v\u1edbi ho\u1ea1t \u0111\u1ed9ng v\u00e0 kho\u1ea3ng th\u1eddi gian c\u1ee7a b\u01a1m b\u00f4i tr\u01a1n.<\/p>","protected":false},"featured_media":3351,"template":"","meta":{"ocean_post_layout":"","ocean_both_sidebars_style":"","ocean_both_sidebars_content_width":0,"ocean_both_sidebars_sidebars_width":0,"ocean_sidebar":"0","ocean_second_sidebar":"0","ocean_disable_margins":"enable","ocean_add_body_class":"","ocean_shortcode_before_top_bar":"","ocean_shortcode_after_top_bar":"","ocean_shortcode_before_header":"","ocean_shortcode_after_header":"","ocean_has_shortcode":"","ocean_shortcode_after_title":"","ocean_shortcode_before_footer_widgets":"","ocean_shortcode_after_footer_widgets":"","ocean_shortcode_before_footer_bottom":"","ocean_shortcode_after_footer_bottom":"","ocean_display_top_bar":"default","ocean_display_header":"default","ocean_header_style":"","ocean_center_header_left_menu":"0","ocean_custom_header_template":"0","ocean_custom_logo":0,"ocean_custom_retina_logo":0,"ocean_custom_logo_max_width":0,"ocean_custom_logo_tablet_max_width":0,"ocean_custom_logo_mobile_max_width":0,"ocean_custom_logo_max_height":0,"ocean_custom_logo_tablet_max_height":0,"ocean_custom_logo_mobile_max_height":0,"ocean_header_custom_menu":"0","ocean_menu_typo_font_family":"0","ocean_menu_typo_font_subset":"","ocean_menu_typo_font_size":0,"ocean_menu_typo_font_size_tablet":0,"ocean_menu_typo_font_size_mobile":0,"ocean_menu_typo_font_size_unit":"px","ocean_menu_typo_font_weight":"","ocean_menu_typo_font_weight_tablet":"","ocean_menu_typo_font_weight_mobile":"","ocean_menu_typo_transform":"","ocean_menu_typo_transform_tablet":"","ocean_menu_typo_transform_mobile":"","ocean_menu_typo_line_height":0,"ocean_menu_typo_line_height_tablet":0,"ocean_menu_typo_line_height_mobile":0,"ocean_menu_typo_line_height_unit":"","ocean_menu_typo_spacing":0,"ocean_menu_typo_spacing_tablet":0,"ocean_menu_typo_spacing_mobile":0,"ocean_menu_typo_spacing_unit":"","ocean_menu_link_color":"","ocean_menu_link_color_hover":"","ocean_menu_link_color_active":"","ocean_menu_link_background":"","ocean_menu_link_hover_background":"","ocean_menu_link_active_background":"","ocean_menu_social_links_bg":"","ocean_menu_social_hover_links_bg":"","ocean_menu_social_links_color":"","ocean_menu_social_hover_links_color":"","ocean_disable_title":"default","ocean_disable_heading":"default","ocean_post_title":"","ocean_post_subheading":"","ocean_post_title_style":"","ocean_post_title_background_color":"","ocean_post_title_background":0,"ocean_post_title_bg_image_position":"","ocean_post_title_bg_image_attachment":"","ocean_post_title_bg_image_repeat":"","ocean_post_title_bg_image_size":"","ocean_post_title_height":0,"ocean_post_title_bg_overlay":0.5,"ocean_post_title_bg_overlay_color":"","ocean_disable_breadcrumbs":"default","ocean_breadcrumbs_color":"","ocean_breadcrumbs_separator_color":"","ocean_breadcrumbs_links_color":"","ocean_breadcrumbs_links_hover_color":"","ocean_display_footer_widgets":"default","ocean_display_footer_bottom":"default","ocean_custom_footer_template":"0","osh_disable_topbar_sticky":"default","osh_disable_header_sticky":"default","osh_sticky_header_style":"default","osh_sticky_header_effect":"","osh_custom_sticky_logo":0,"osh_custom_retina_sticky_logo":0,"osh_custom_sticky_logo_height":0,"osh_background_color":"","osh_links_color":"","osh_links_hover_color":"","osh_links_active_color":"","osh_links_bg_color":"","osh_links_hover_bg_color":"","osh_links_active_bg_color":"","osh_menu_social_links_color":"","osh_menu_social_hover_links_color":""},"product_brand":[],"product_cat":[49,47],"product_tag":[230,232,231],"class_list":{"0":"post-3397","1":"product","2":"type-product","3":"status-publish","4":"has-post-thumbnail","6":"product_cat-volumetric-oil-injectors","7":"product_cat-volumetric-thin-oil-systems","8":"product_tag-lubrication-metering-device","9":"product_tag-oil-piston-distributor","10":"product_tag-oil-seperator-valve","12":"entry","13":"has-media","15":"first","16":"instock","17":"shipping-taxable","18":"product-type-external","19":"col","20":"span_1_of_3","21":"owp-content-center","22":"owp-thumbs-layout-horizontal","23":"owp-btn-very-big","24":"owp-tabs-layout-horizontal"},"_links":{"self":[{"href":"https:\/\/www.jinpinlub.com\/vi\/wp-json\/wp\/v2\/product\/3397","targetHints":{"allow":["GET"]}}],"collection":[{"href":"https:\/\/www.jinpinlub.com\/vi\/wp-json\/wp\/v2\/product"}],"about":[{"href":"https:\/\/www.jinpinlub.com\/vi\/wp-json\/wp\/v2\/types\/product"}],"wp:featuredmedia":[{"embeddable":true,"href":"https:\/\/www.jinpinlub.com\/vi\/wp-json\/wp\/v2\/media\/3351"}],"wp:attachment":[{"href":"https:\/\/www.jinpinlub.com\/vi\/wp-json\/wp\/v2\/media?parent=3397"}],"wp:term":[{"taxonomy":"product_brand","embeddable":true,"href":"https:\/\/www.jinpinlub.com\/vi\/wp-json\/wp\/v2\/product_brand?post=3397"},{"taxonomy":"product_cat","embeddable":true,"href":"https:\/\/www.jinpinlub.com\/vi\/wp-json\/wp\/v2\/product_cat?post=3397"},{"taxonomy":"product_tag","embeddable":true,"href":"https:\/\/www.jinpinlub.com\/vi\/wp-json\/wp\/v2\/product_tag?post=3397"}],"curies":[{"name":"wp","href":"https:\/\/api.w.org\/{rel}","templated":true}]}}