{"id":3398,"date":"2024-08-27T03:16:27","date_gmt":"2024-08-26T19:16:27","guid":{"rendered":"https:\/\/www.jinpinlub.com\/?post_type=product&#038;p=3398"},"modified":"2024-08-27T03:20:31","modified_gmt":"2024-08-26T19:20:31","slug":"kim-phun-dich-chuyen-tich-cuc-dpb-cho-bom-boi-tron-the-tich","status":"publish","type":"product","link":"https:\/\/www.jinpinlub.com\/vi\/product\/dpb-positive-displacement-injector-for-volumetric-lube-pump\/","title":{"rendered":"Kim phun d\u1ecbch chuy\u1ec3n t\u00edch c\u1ef1c DPB cho b\u01a1m b\u00f4i tr\u01a1n th\u1ec3 t\u00edch"},"content":{"rendered":"<h2>T\u00ednh n\u0103ng<\/h2>\n<p>Ki\u1ec3m so\u00e1t ch\u00ednh x\u00e1c: B\u1ed9 ph\u00e2n ph\u1ed1i DPB c\u00f3 th\u1ec3 ki\u1ec3m so\u00e1t ch\u00ednh x\u00e1c l\u01b0\u1ee3ng ch\u1ea5t b\u00f4i tr\u01a1n \u0111\u1ea7u ra \u0111\u1ec3 tr\u00e1nh t\u00ecnh tr\u1ea1ng b\u00f4i tr\u01a1n qu\u00e1 m\u1ee9c ho\u1eb7c qu\u00e1 \u00edt.<br \/>\nNhi\u1ec1u th\u1ec3 t\u00edch \u0111\u1ea7u ra: C\u00f3 nhi\u1ec1u t\u00f9y ch\u1ecdn th\u1ec3 t\u00edch \u0111\u1ea7u ra ph\u00f9 h\u1ee3p v\u1edbi nhi\u1ec1u lo\u1ea1i v\u00e0 \u0111i\u1ec3m \u1ee9ng d\u1ee5ng kh\u00e1c nhau, t\u1eeb 0,03cc \u0111\u1ebfn 0,16cc.<br \/>\nPh\u00f9 h\u1ee3p v\u1edbi nhi\u1ec1u lo\u1ea1i ch\u1ea5t b\u00f4i tr\u01a1n: M\u00e1y ph\u00e2n ph\u1ed1i c\u00f3 th\u1ec3 x\u1eed l\u00fd d\u1ea7u v\u00e0 m\u1ee1 m\u1ec1m, D\u1ea7u 32~90 cSt@40\u00b0C, M\u1ee1 \u2264 NLGI 0#.<br \/>\n\u00c1p su\u1ea5t l\u00e0m vi\u1ec7c cao: \u00c1p su\u1ea5t l\u00e0m vi\u1ec7c t\u1ed1i \u0111a c\u1ee7a \u1ed1ng ti\u00eam b\u00f4i tr\u01a1n n\u00e0y l\u00e0 8 bar v\u00e0 \u00e1p su\u1ea5t l\u00e0m vi\u1ec7c t\u1ed1i thi\u1ec3u l\u00e0 50 bar.<br \/>\nD\u1ec5 d\u00e0ng l\u1eafp \u0111\u1eb7t: C\u00e1c \u1ed1ng n\u1ed1i c\u1ee7a b\u1ed9 ph\u00e2n ph\u1ed1i d\u1ea7u cung c\u1ea5p c\u00e1c t\u00f9y ch\u1ecdn k\u1ebft n\u1ed1i n\u00e9n v\u00e0 \u0111\u1ea9y, gi\u00fap gi\u1ea3m chi ph\u00ed nh\u00e2n c\u00f4ng l\u1eafp \u0111\u1eb7t.<\/p>\n<h2>\u0110\u1eb7c \u0111i\u1ec3m k\u1ef9 thu\u1eadt<\/h2>\n<table>\n<tbody>\n<tr>\n<td>Nguy\u00ean l\u00fd ch\u1ee9c n\u0103ng<\/td>\n<td>B\u1ed9 ph\u00e2n ph\u1ed1i \u00e1p su\u1ea5t<\/td>\n<\/tr>\n<tr>\n<td>C\u1eeda h\u00e0ng<\/td>\n<td>2, 3, 4, 5, 6, 8 ,10<\/td>\n<\/tr>\n<tr>\n<td>\u0110o l\u01b0\u1ee3ngd\u1ea7u<\/td>\n<td>0,03, 0,06, 0,10, 0,16mL\/chu k\u1ef3<\/td>\n<\/tr>\n<tr>\n<td>Ch\u1ea5t b\u00f4i tr\u01a1n<\/td>\n<td>32~90 cSt@40\u00b0C (D\u1ea7u), \u2264NLGI 0 (M\u1ee1)<\/td>\n<\/tr>\n<tr>\n<td>Nhi\u1ec7t \u0111\u1ed9 ho\u1ea1t \u0111\u1ed9ng<\/td>\n<td>0 \u0111\u1ebfn +80 \u00b0C<\/td>\n<\/tr>\n<tr>\n<td>\u00c1p su\u1ea5t ho\u1ea1t \u0111\u1ed9ng<\/td>\n<td>8~30bar(D\u1ea7u), 20~50bar(M\u1ee1)<\/td>\n<\/tr>\n<tr>\n<td>V\u1eadt li\u1ec7u<\/td>\n<td>K\u1ebdm \u0111\u00fac khu\u00f4n, \u0111\u1ed3ng thau<\/td>\n<\/tr>\n<tr>\n<td>\u1ed4 c\u1eafm k\u1ebft n\u1ed1i<\/td>\n<td>\u0110\u1ea7u v\u00e0o \u03a66(M10x1), \u0110\u1ea7u ra \u03a64(M8x1)<\/td>\n<\/tr>\n<tr>\n<td>Ph\u1ee5 ki\u1ec7n \u1ed5 c\u1eafm<\/td>\n<td>Ki\u1ec3u tay \u00e1o, Ki\u1ec3u nhanh<\/td>\n<\/tr>\n<tr>\n<td>V\u1ecb tr\u00ed l\u1eafp \u0111\u1eb7t<\/td>\n<td>B\u1ea5t k\u00ec<\/td>\n<\/tr>\n<\/tbody>\n<\/table>\n<h2>\u1ee8ng d\u1ee5ng<\/h2>\n<p>Thi\u1ebft b\u1ecb c\u00f4ng nghi\u1ec7p: B\u1ed9 ph\u00e2n ph\u1ed1i JINPINLUB DPB \u0111\u01b0\u1ee3c s\u1eed d\u1ee5ng trong h\u1ec7 th\u1ed1ng b\u00f4i tr\u01a1n c\u1ee7a nhi\u1ec1u thi\u1ebft b\u1ecb c\u00f4ng nghi\u1ec7p kh\u00e1c nhau, ch\u1eb3ng h\u1ea1n nh\u01b0 thi\u1ebft b\u1ecb gia c\u00f4ng, thi\u1ebft b\u1ecb v\u1eadn chuy\u1ec3n v\u00e0 m\u00e1y m\u00f3c h\u1ea1ng n\u1eb7ng.<br \/>\nS\u1ea3n xu\u1ea5t \u00f4 t\u00f4: Trong qu\u00e1 tr\u00ecnh s\u1ea3n xu\u1ea5t \u00f4 t\u00f4, b\u1ed9 ph\u00e2n ph\u1ed1i \u0111\u01b0\u1ee3c s\u1eed d\u1ee5ng \u0111\u1ec3 b\u00f4i tr\u01a1n c\u00e1c b\u1ed9 ph\u1eadn c\u01a1 kh\u00ed kh\u00e1c nhau nh\u1eb1m \u0111\u1ea3m b\u1ea3o ch\u00fang ho\u1ea1t \u0111\u1ed9ng tr\u01a1n tru.<br \/>\nNg\u00e0nh d\u1ec7t may: D\u00f9ng \u0111\u1ec3 b\u00f4i tr\u01a1n m\u00e1y m\u00f3c d\u1ec7t may nh\u1eb1m gi\u1ea3m ma s\u00e1t, m\u00e0i m\u00f2n v\u00e0 n\u00e2ng cao hi\u1ec7u qu\u1ea3 s\u1ea3n xu\u1ea5t.<br \/>\nNg\u00e0nh in: \u0110\u01b0\u1ee3c s\u1eed d\u1ee5ng trong thi\u1ebft b\u1ecb in, h\u1ec7 th\u1ed1ng b\u00f4i tr\u01a1n b\u1eb1ng d\u1ea7u \u0111\u1ea3m b\u1ea3o ho\u1ea1t \u0111\u1ed9ng ch\u00ednh x\u00e1c c\u1ee7a thi\u1ebft b\u1ecb.<\/p>\n<h2>H\u01b0\u1edbng d\u1eabn s\u1eed d\u1ee5ng<\/h2>\n<div class=\"sdm_download_button_box_default\"><div class=\"sdm_download_link\"><a href=\"https:\/\/www.jinpinlub.com\/vi\/?sdm_process_download=1&download_id=2458\" class=\"sdm_download white\" title=\"Ri\u00eang t\u01b0: DPB Lubrication Distributor\" target=\"&quot;_blank&quot;\">Xem B\u1ea3ng d\u1eef li\u1ec7u - Nh\u00e0 ph\u00e2n ph\u1ed1i DPB<\/a><\/div><\/div>","protected":false},"excerpt":{"rendered":"<p>B\u1ed9 phun DPB ho\u1ea1t \u0111\u1ed9ng b\u1eb1ng c\u00e1ch t\u1ea1o \u00e1p su\u1ea5t trong \u1ed1ng ph\u00e2n ph\u1ed1i, \u0111\u1ea9y piston b\u00ean trong \u1ed1ng ti\u00eam v\u1ec1 ph\u00eda tr\u01b0\u1edbc, cung c\u1ea5p m\u1ed9t l\u01b0\u1ee3ng ch\u1ea5t b\u00f4i tr\u01a1n nh\u1ea5t \u0111\u1ecbnh \u0111\u1ebfn c\u00e1c \u0111i\u1ec3m b\u00f4i tr\u01a1n. Khi \u00e1p su\u1ea5t \u0111\u01b0\u1ee3c gi\u1ea3i ph\u00f3ng, l\u00f2 xo n\u00e9n s\u1ebd tr\u1edf l\u1ea1i, n\u1ea1p l\u1ea1i ch\u1ea5t b\u00f4i tr\u01a1n v\u00e0 chu\u1ea9n b\u1ecb cho chu k\u1ef3 ti\u1ebfp theo.<\/p>","protected":false},"featured_media":3359,"template":"","meta":{"ocean_post_layout":"","ocean_both_sidebars_style":"","ocean_both_sidebars_content_width":0,"ocean_both_sidebars_sidebars_width":0,"ocean_sidebar":"0","ocean_second_sidebar":"0","ocean_disable_margins":"enable","ocean_add_body_class":"","ocean_shortcode_before_top_bar":"","ocean_shortcode_after_top_bar":"","ocean_shortcode_before_header":"","ocean_shortcode_after_header":"","ocean_has_shortcode":"","ocean_shortcode_after_title":"","ocean_shortcode_before_footer_widgets":"","ocean_shortcode_after_footer_widgets":"","ocean_shortcode_before_footer_bottom":"","ocean_shortcode_after_footer_bottom":"","ocean_display_top_bar":"default","ocean_display_header":"default","ocean_header_style":"","ocean_center_header_left_menu":"0","ocean_custom_header_template":"0","ocean_custom_logo":0,"ocean_custom_retina_logo":0,"ocean_custom_logo_max_width":0,"ocean_custom_logo_tablet_max_width":0,"ocean_custom_logo_mobile_max_width":0,"ocean_custom_logo_max_height":0,"ocean_custom_logo_tablet_max_height":0,"ocean_custom_logo_mobile_max_height":0,"ocean_header_custom_menu":"0","ocean_menu_typo_font_family":"0","ocean_menu_typo_font_subset":"","ocean_menu_typo_font_size":0,"ocean_menu_typo_font_size_tablet":0,"ocean_menu_typo_font_size_mobile":0,"ocean_menu_typo_font_size_unit":"px","ocean_menu_typo_font_weight":"","ocean_menu_typo_font_weight_tablet":"","ocean_menu_typo_font_weight_mobile":"","ocean_menu_typo_transform":"","ocean_menu_typo_transform_tablet":"","ocean_menu_typo_transform_mobile":"","ocean_menu_typo_line_height":0,"ocean_menu_typo_line_height_tablet":0,"ocean_menu_typo_line_height_mobile":0,"ocean_menu_typo_line_height_unit":"","ocean_menu_typo_spacing":0,"ocean_menu_typo_spacing_tablet":0,"ocean_menu_typo_spacing_mobile":0,"ocean_menu_typo_spacing_unit":"","ocean_menu_link_color":"","ocean_menu_link_color_hover":"","ocean_menu_link_color_active":"","ocean_menu_link_background":"","ocean_menu_link_hover_background":"","ocean_menu_link_active_background":"","ocean_menu_social_links_bg":"","ocean_menu_social_hover_links_bg":"","ocean_menu_social_links_color":"","ocean_menu_social_hover_links_color":"","ocean_disable_title":"default","ocean_disable_heading":"default","ocean_post_title":"","ocean_post_subheading":"","ocean_post_title_style":"","ocean_post_title_background_color":"","ocean_post_title_background":0,"ocean_post_title_bg_image_position":"","ocean_post_title_bg_image_attachment":"","ocean_post_title_bg_image_repeat":"","ocean_post_title_bg_image_size":"","ocean_post_title_height":0,"ocean_post_title_bg_overlay":0.5,"ocean_post_title_bg_overlay_color":"","ocean_disable_breadcrumbs":"default","ocean_breadcrumbs_color":"","ocean_breadcrumbs_separator_color":"","ocean_breadcrumbs_links_color":"","ocean_breadcrumbs_links_hover_color":"","ocean_display_footer_widgets":"default","ocean_display_footer_bottom":"default","ocean_custom_footer_template":"0","osh_disable_topbar_sticky":"default","osh_disable_header_sticky":"default","osh_sticky_header_style":"default","osh_sticky_header_effect":"","osh_custom_sticky_logo":0,"osh_custom_retina_sticky_logo":0,"osh_custom_sticky_logo_height":0,"osh_background_color":"","osh_links_color":"","osh_links_hover_color":"","osh_links_active_color":"","osh_links_bg_color":"","osh_links_hover_bg_color":"","osh_links_active_bg_color":"","osh_menu_social_links_color":"","osh_menu_social_hover_links_color":""},"product_brand":[],"product_cat":[49,47],"product_tag":[141,234,233],"class_list":{"0":"post-3398","1":"product","2":"type-product","3":"status-publish","4":"has-post-thumbnail","6":"product_cat-volumetric-oil-injectors","7":"product_cat-volumetric-thin-oil-systems","8":"product_tag-lubrication-distributor","9":"product_tag-lubrication-injector","10":"product_tag-pdi-dispensers","12":"entry","13":"has-media","15":"first","16":"instock","17":"shipping-taxable","18":"product-type-external","19":"col","20":"span_1_of_3","21":"owp-content-center","22":"owp-thumbs-layout-horizontal","23":"owp-btn-very-big","24":"owp-tabs-layout-horizontal"},"_links":{"self":[{"href":"https:\/\/www.jinpinlub.com\/vi\/wp-json\/wp\/v2\/product\/3398","targetHints":{"allow":["GET"]}}],"collection":[{"href":"https:\/\/www.jinpinlub.com\/vi\/wp-json\/wp\/v2\/product"}],"about":[{"href":"https:\/\/www.jinpinlub.com\/vi\/wp-json\/wp\/v2\/types\/product"}],"wp:featuredmedia":[{"embeddable":true,"href":"https:\/\/www.jinpinlub.com\/vi\/wp-json\/wp\/v2\/media\/3359"}],"wp:attachment":[{"href":"https:\/\/www.jinpinlub.com\/vi\/wp-json\/wp\/v2\/media?parent=3398"}],"wp:term":[{"taxonomy":"product_brand","embeddable":true,"href":"https:\/\/www.jinpinlub.com\/vi\/wp-json\/wp\/v2\/product_brand?post=3398"},{"taxonomy":"product_cat","embeddable":true,"href":"https:\/\/www.jinpinlub.com\/vi\/wp-json\/wp\/v2\/product_cat?post=3398"},{"taxonomy":"product_tag","embeddable":true,"href":"https:\/\/www.jinpinlub.com\/vi\/wp-json\/wp\/v2\/product_tag?post=3398"}],"curies":[{"name":"wp","href":"https:\/\/api.w.org\/{rel}","templated":true}]}}