{"id":3399,"date":"2024-08-27T03:21:06","date_gmt":"2024-08-26T19:21:06","guid":{"rendered":"https:\/\/www.jinpinlub.com\/?post_type=product&#038;p=3399"},"modified":"2024-10-16T11:29:29","modified_gmt":"2024-10-16T03:29:29","slug":"van-phan-phoi-piston-dpb-cho-he-thong-boi-tron","status":"publish","type":"product","link":"https:\/\/www.jinpinlub.com\/vi\/product\/dpb-piston-distributor-manifold-valve-for-lubrication-system\/","title":{"rendered":"Van ph\u00e2n ph\u1ed1i piston DPB cho h\u1ec7 th\u1ed1ng b\u00f4i tr\u01a1n"},"content":{"rendered":"<h2>T\u00ednh n\u0103ng<\/h2>\n<p><span id=\"input-sentence~0\">\u0110\u1ed9 ch\u00ednh x\u00e1c v\u00e0 \u0111\u1ed9 tin c\u1eady: Kim phun JINPINLUB DPB \u0111\u01b0\u1ee3c thi\u1ebft k\u1ebf \u0111\u1ec3 cung c\u1ea5p ch\u1ea5t b\u00f4i tr\u01a1n c\u00f3 \u0111\u1ed9 ch\u00ednh x\u00e1c cao, \u0111\u1ea3m b\u1ea3o l\u01b0\u1ee3ng ch\u1ea5t b\u00f4i tr\u01a1n \u0111\u1ed3ng \u0111\u1ec1u m\u1ecdi l\u00fac.<br \/>\nT\u00ednh linh ho\u1ea1t: Kim phun b\u01a1m b\u00f4i tr\u01a1n c\u00f3 th\u1ec3 x\u1eed l\u00fd nhi\u1ec1u lo\u1ea1i ch\u1ea5t l\u1ecfng kh\u00e1c nhau, t\u1eeb d\u1ea7u lo\u00e3ng \u0111\u1ebfn m\u1ee1 ch\u1ea3y.<\/span><span id=\"input-sentence~1\"><br \/>\n\u0110\u1ed9 b\u1ec1n: Kim phun b\u00f4i tr\u01a1n \u0111\u01b0\u1ee3c l\u00e0m t\u1eeb v\u1eadt li\u1ec7u ch\u1ea5t l\u01b0\u1ee3ng cao v\u00e0 c\u00f3 th\u1ec3 ch\u1ecbu \u0111\u01b0\u1ee3c \u0111i\u1ec1u ki\u1ec7n v\u1eadn h\u00e0nh kh\u1eafc nghi\u1ec7t. \u0110\u1ed9 b\u1ec1n n\u00e0y \u0111\u1ea3m b\u1ea3o tu\u1ed5i th\u1ecd l\u00e2u d\u00e0i, gi\u1ea3m nhu c\u1ea7u thay th\u1ebf v\u00e0 b\u1ea3o tr\u00ec th\u01b0\u1eddng xuy\u00ean.<br \/>\nD\u1ec5 d\u00e0ng t\u00edch h\u1ee3p: Kim phun ch\u1ea5t b\u00f4i tr\u01a1n \u0111\u01b0\u1ee3c thi\u1ebft k\u1ebf \u0111\u1ec3 d\u1ec5 d\u00e0ng t\u00edch h\u1ee3p v\u00e0o c\u00e1c d\u00e2y chuy\u1ec1n s\u1ea3n xu\u1ea5t hi\u1ec7n c\u00f3.<\/span><span id=\"input-sentence~2\"> K\u00edch th\u01b0\u1edbc nh\u1ecf g\u1ecdn v\u00e0 kh\u1ea3 n\u0103ng t\u01b0\u01a1ng th\u00edch v\u1edbi nhi\u1ec1u h\u1ec7 th\u1ed1ng \u0111i\u1ec1u khi\u1ec3n kh\u00e1c nhau khi\u1ebfn ch\u00fang tr\u1edf th\u00e0nh l\u1ef1a ch\u1ecdn thu\u1eadn ti\u1ec7n cho c\u00e1c nh\u00e0 s\u1ea3n xu\u1ea5t mu\u1ed1n n\u00e2ng c\u1ea5p quy tr\u00ecnh ph\u00e2n ph\u1ed1i c\u1ee7a m\u00ecnh.<\/span><\/p>\n<h2>\u0110\u1eb7c \u0111i\u1ec3m k\u1ef9 thu\u1eadt<\/h2>\n<table>\n<tbody>\n<tr>\n<td>Nguy\u00ean l\u00fd ch\u1ee9c n\u0103ng<\/td>\n<td>B\u1ed9 ph\u00e2n ph\u1ed1i \u00e1p su\u1ea5t<\/td>\n<\/tr>\n<tr>\n<td>C\u1eeda h\u00e0ng<\/td>\n<td>2, 3, 4, 5, 6, 8 ,10<\/td>\n<\/tr>\n<tr>\n<td>\u0110o l\u01b0\u1ee3ngd\u1ea7u<\/td>\n<td>0,03, 0,06, 0,10, 0,16mL\/chu k\u1ef3<\/td>\n<\/tr>\n<tr>\n<td>Ch\u1ea5t b\u00f4i tr\u01a1n<\/td>\n<td>32~90 cSt@40\u00b0C (D\u1ea7u), \u2264NLGI 0 (M\u1ee1)<\/td>\n<\/tr>\n<tr>\n<td>Nhi\u1ec7t \u0111\u1ed9 ho\u1ea1t \u0111\u1ed9ng<\/td>\n<td>0 \u0111\u1ebfn +80 \u00b0C<\/td>\n<\/tr>\n<tr>\n<td>\u00c1p su\u1ea5t ho\u1ea1t \u0111\u1ed9ng<\/td>\n<td>8~30bar(D\u1ea7u), 20~50bar(M\u1ee1)<\/td>\n<\/tr>\n<tr>\n<td>V\u1eadt li\u1ec7u<\/td>\n<td>K\u1ebdm \u0111\u00fac khu\u00f4n, \u0111\u1ed3ng thau<\/td>\n<\/tr>\n<tr>\n<td>\u1ed4 c\u1eafm k\u1ebft n\u1ed1i<\/td>\n<td>\u0110\u1ea7u v\u00e0o \u03a66(M10x1), \u0110\u1ea7u ra \u03a64(M8x1)<\/td>\n<\/tr>\n<tr>\n<td>Ph\u1ee5 ki\u1ec7n \u1ed5 c\u1eafm<\/td>\n<td>Ki\u1ec3u tay \u00e1o, Ki\u1ec3u nhanh<\/td>\n<\/tr>\n<tr>\n<td>V\u1ecb tr\u00ed l\u1eafp \u0111\u1eb7t<\/td>\n<td>B\u1ea5t k\u00ec<\/td>\n<\/tr>\n<\/tbody>\n<\/table>\n<h2>\u1ee8ng d\u1ee5ng<\/h2>\n<p><span id=\"input-sentence~2\">N\u00f3 ch\u1ee7 y\u1ebfu \u0111\u01b0\u1ee3c s\u1eed d\u1ee5ng cho c\u00e1c h\u1ec7 th\u1ed1ng b\u00f4i tr\u01a1n d\u1ecbch chuy\u1ec3n t\u00edch c\u1ef1c v\u00e0 c\u00e1c b\u1ed9 ph\u00e2n ph\u1ed1i d\u1ea7u d\u1ecbch chuy\u1ec3n t\u00edch c\u1ef1c \u0111\u01b0\u1ee3c \u1ee9ng d\u1ee5ng r\u1ed9ng r\u00e3i \u0111\u1ec3 b\u00f4i tr\u01a1n t\u1eadp trung cho c\u00e1c thi\u1ebft b\u1ecb in \u1ea5n, nh\u1ef1a, bao b\u00ec, m\u00e1y c\u00f4ng c\u1ee5 v\u00e0 c\u00e1c thi\u1ebft b\u1ecb kh\u00e1c.<\/span><span id=\"input-sentence~3\"> Ch\u00fang cung c\u1ea5p l\u01b0\u1ee3ng d\u1ea7u \u0111\u1ecbnh l\u01b0\u1ee3ng b\u1eb1ng c\u1ea5u tr\u00fac piston l\u00f2 xo \u0111\u1ec3 \u0111\u1ea3m b\u1ea3o m\u1ed7i \u0111i\u1ec3m b\u00f4i tr\u01a1n \u0111\u1ec1u nh\u1eadn \u0111\u01b0\u1ee3c l\u01b0\u1ee3ng d\u1ea7u b\u00f4i tr\u01a1n ch\u00ednh x\u00e1c.<br \/>\nTrong qu\u00e1 tr\u00ecnh v\u1eadn h\u00e0nh b\u01a1m d\u1ea7u, b\u1ed9 ph\u00e2n ph\u1ed1i \u0111\u1ea9y ch\u1ea5t b\u00f4i tr\u01a1n ra th\u00f4ng qua t\u00e1c \u0111\u1ed9ng c\u1ee7a l\u00f2 xo; sau \u0111\u00f3 n\u00f3 d\u1eebng l\u1ea1i v\u00e0 gi\u1ea3i ph\u00f3ng \u00e1p su\u1ea5t, l\u01b0u tr\u1eef ch\u1ea5t b\u00f4i tr\u01a1n b\u00ean trong b\u1ed9 ph\u00e2n ph\u1ed1i. Thi\u1ebft k\u1ebf nh\u01b0 v\u1eady l\u00e0m cho qu\u00e1 tr\u00ecnh b\u00f4i tr\u01a1n hi\u1ec7u qu\u1ea3 v\u00e0 \u0111\u00e1ng tin c\u1eady h\u01a1n.<\/span><\/p>\n<h2>H\u01b0\u1edbng d\u1eabn s\u1eed d\u1ee5ng<\/h2>\n<div class=\"sdm_download_button_box_default\"><div class=\"sdm_download_link\"><a href=\"https:\/\/www.jinpinlub.com\/vi\/?sdm_process_download=1&download_id=2458\" class=\"sdm_download white\" title=\"Ri\u00eang t\u01b0: DPB Lubrication Distributor\" target=\"&quot;_blank&quot;\">Xem B\u1ea3ng d\u1eef li\u1ec7u - Nh\u00e0 ph\u00e2n ph\u1ed1i DPB<\/a><\/div><\/div>","protected":false},"excerpt":{"rendered":"<p>Kim phun d\u1ecbch chuy\u1ec3n t\u00edch c\u1ef1c PDB l\u00e0 thi\u1ebft b\u1ecb \u0111\u01b0\u1ee3c s\u1eed d\u1ee5ng \u0111\u1ec3 ph\u00e2n ph\u1ed1i ch\u1ea5t b\u00f4i tr\u01a1n ch\u00ednh x\u00e1c, \u0111\u01b0\u1ee3c \u01b0a chu\u1ed9ng v\u00ec kh\u1ea3 n\u0103ng x\u1eed l\u00fd nhi\u1ec1u lo\u1ea1i \u0111\u1ed9 nh\u1edbt ch\u1ea5t b\u00f4i tr\u01a1n kh\u00e1c nhau v\u00e0 \u0111\u1ed9 l\u1eb7p l\u1ea1i cao, ph\u00f9 h\u1ee3p v\u1edbi c\u00e1c \u1ee9ng d\u1ee5ng y\u00eau c\u1ea7u l\u01b0\u1ee3ng b\u00f4i tr\u01a1n ch\u00ednh x\u00e1c.<\/p>","protected":false},"featured_media":3361,"template":"","meta":{"ocean_post_layout":"","ocean_both_sidebars_style":"","ocean_both_sidebars_content_width":0,"ocean_both_sidebars_sidebars_width":0,"ocean_sidebar":"0","ocean_second_sidebar":"0","ocean_disable_margins":"enable","ocean_add_body_class":"","ocean_shortcode_before_top_bar":"","ocean_shortcode_after_top_bar":"","ocean_shortcode_before_header":"","ocean_shortcode_after_header":"","ocean_has_shortcode":"","ocean_shortcode_after_title":"","ocean_shortcode_before_footer_widgets":"","ocean_shortcode_after_footer_widgets":"","ocean_shortcode_before_footer_bottom":"","ocean_shortcode_after_footer_bottom":"","ocean_display_top_bar":"default","ocean_display_header":"default","ocean_header_style":"","ocean_center_header_left_menu":"0","ocean_custom_header_template":"0","ocean_custom_logo":0,"ocean_custom_retina_logo":0,"ocean_custom_logo_max_width":0,"ocean_custom_logo_tablet_max_width":0,"ocean_custom_logo_mobile_max_width":0,"ocean_custom_logo_max_height":0,"ocean_custom_logo_tablet_max_height":0,"ocean_custom_logo_mobile_max_height":0,"ocean_header_custom_menu":"0","ocean_menu_typo_font_family":"0","ocean_menu_typo_font_subset":"","ocean_menu_typo_font_size":0,"ocean_menu_typo_font_size_tablet":0,"ocean_menu_typo_font_size_mobile":0,"ocean_menu_typo_font_size_unit":"px","ocean_menu_typo_font_weight":"","ocean_menu_typo_font_weight_tablet":"","ocean_menu_typo_font_weight_mobile":"","ocean_menu_typo_transform":"","ocean_menu_typo_transform_tablet":"","ocean_menu_typo_transform_mobile":"","ocean_menu_typo_line_height":0,"ocean_menu_typo_line_height_tablet":0,"ocean_menu_typo_line_height_mobile":0,"ocean_menu_typo_line_height_unit":"","ocean_menu_typo_spacing":0,"ocean_menu_typo_spacing_tablet":0,"ocean_menu_typo_spacing_mobile":0,"ocean_menu_typo_spacing_unit":"","ocean_menu_link_color":"","ocean_menu_link_color_hover":"","ocean_menu_link_color_active":"","ocean_menu_link_background":"","ocean_menu_link_hover_background":"","ocean_menu_link_active_background":"","ocean_menu_social_links_bg":"","ocean_menu_social_hover_links_bg":"","ocean_menu_social_links_color":"","ocean_menu_social_hover_links_color":"","ocean_disable_title":"default","ocean_disable_heading":"default","ocean_post_title":"","ocean_post_subheading":"","ocean_post_title_style":"","ocean_post_title_background_color":"","ocean_post_title_background":0,"ocean_post_title_bg_image_position":"","ocean_post_title_bg_image_attachment":"","ocean_post_title_bg_image_repeat":"","ocean_post_title_bg_image_size":"","ocean_post_title_height":0,"ocean_post_title_bg_overlay":0.5,"ocean_post_title_bg_overlay_color":"","ocean_disable_breadcrumbs":"default","ocean_breadcrumbs_color":"","ocean_breadcrumbs_separator_color":"","ocean_breadcrumbs_links_color":"","ocean_breadcrumbs_links_hover_color":"","ocean_display_footer_widgets":"default","ocean_display_footer_bottom":"default","ocean_custom_footer_template":"0","osh_disable_topbar_sticky":"default","osh_disable_header_sticky":"default","osh_sticky_header_style":"default","osh_sticky_header_effect":"","osh_custom_sticky_logo":0,"osh_custom_retina_sticky_logo":0,"osh_custom_sticky_logo_height":0,"osh_background_color":"","osh_links_color":"","osh_links_hover_color":"","osh_links_active_color":"","osh_links_bg_color":"","osh_links_hover_bg_color":"","osh_links_active_bg_color":"","osh_menu_social_links_color":"","osh_menu_social_hover_links_color":""},"product_brand":[],"product_cat":[49,47],"product_tag":[236,235,80],"class_list":{"0":"post-3399","1":"product","2":"type-product","3":"status-publish","4":"has-post-thumbnail","6":"product_cat-volumetric-oil-injectors","7":"product_cat-volumetric-thin-oil-systems","8":"product_tag-lubrication-pump-distributor","9":"product_tag-oil-lubrication-divider","10":"product_tag-volumetric-oil-distributor","12":"entry","13":"has-media","15":"first","16":"instock","17":"shipping-taxable","18":"product-type-external","19":"col","20":"span_1_of_3","21":"owp-content-center","22":"owp-thumbs-layout-horizontal","23":"owp-btn-very-big","24":"owp-tabs-layout-horizontal"},"_links":{"self":[{"href":"https:\/\/www.jinpinlub.com\/vi\/wp-json\/wp\/v2\/product\/3399","targetHints":{"allow":["GET"]}}],"collection":[{"href":"https:\/\/www.jinpinlub.com\/vi\/wp-json\/wp\/v2\/product"}],"about":[{"href":"https:\/\/www.jinpinlub.com\/vi\/wp-json\/wp\/v2\/types\/product"}],"wp:featuredmedia":[{"embeddable":true,"href":"https:\/\/www.jinpinlub.com\/vi\/wp-json\/wp\/v2\/media\/3361"}],"wp:attachment":[{"href":"https:\/\/www.jinpinlub.com\/vi\/wp-json\/wp\/v2\/media?parent=3399"}],"wp:term":[{"taxonomy":"product_brand","embeddable":true,"href":"https:\/\/www.jinpinlub.com\/vi\/wp-json\/wp\/v2\/product_brand?post=3399"},{"taxonomy":"product_cat","embeddable":true,"href":"https:\/\/www.jinpinlub.com\/vi\/wp-json\/wp\/v2\/product_cat?post=3399"},{"taxonomy":"product_tag","embeddable":true,"href":"https:\/\/www.jinpinlub.com\/vi\/wp-json\/wp\/v2\/product_tag?post=3399"}],"curies":[{"name":"wp","href":"https:\/\/api.w.org\/{rel}","templated":true}]}}