{"id":3401,"date":"2024-08-27T03:36:41","date_gmt":"2024-08-26T19:36:41","guid":{"rendered":"https:\/\/www.jinpinlub.com\/?post_type=product&#038;p=3401"},"modified":"2024-08-27T03:40:41","modified_gmt":"2024-08-26T19:40:41","slug":"he-thong-boi-tron-ap-suat-dpb-thiet-bi-do-luong-kim-phun","status":"publish","type":"product","link":"https:\/\/www.jinpinlub.com\/vi\/product\/dpb-pressurized-lubrication-system-metering-device-injector\/","title":{"rendered":"Thi\u1ebft b\u1ecb \u0111o l\u01b0\u1eddng h\u1ec7 th\u1ed1ng b\u00f4i tr\u01a1n \u00e1p su\u1ea5t DPB"},"content":{"rendered":"<h2>T\u00ednh n\u0103ng<\/h2>\n<p><span id=\"input-sentence~0\">L\u01b0u l\u01b0\u1ee3ng \u0111\u1ea7u ra c\u1ed1 \u0111\u1ecbnh: B\u1ed9 ph\u00e2n ph\u1ed1i JINPINLUB DPB cung c\u1ea5p l\u01b0\u1ee3ng ch\u1ea5t b\u00f4i tr\u01a1n ch\u00ednh x\u00e1c cho m\u1ed7i l\u1ea7n x\u1ea3, \u0111\u1ea3m b\u1ea3o hi\u1ec7u qu\u1ea3 b\u00f4i tr\u01a1n \u0111\u1ed3ng \u0111\u1ec1u v\u00e0 c\u00f3 th\u1ec3 \u0111\u01b0\u1ee3c trang b\u1ecb m\u00e1y d\u00f2.<br \/>\nC\u00f3 th\u1ec3 l\u1ef1a ch\u1ecdn nhi\u1ec1u t\u1ed1c \u0111\u1ed9 d\u00f2ng ch\u1ea3y: 0,03, 0,06, 0,10 v\u00e0 0,16 cc\/chu k\u1ef3 \u0111\u1ec3 \u0111\u00e1p \u1ee9ng c\u00e1c nhu c\u1ea7u kh\u00e1c nhau.<\/span><span id=\"input-sentence~1\"><br \/>\nPh\u1ea1m vi \u00e1p su\u1ea5t l\u00e0m vi\u1ec7c r\u1ed9ng: \u00c1p su\u1ea5t l\u00e0m vi\u1ec7c t\u1ed1i thi\u1ec3u l\u00e0 8bar v\u00e0 t\u1ed1i \u0111a c\u00f3 th\u1ec3 \u0111\u1ea1t t\u1edbi 50bar, ph\u00f9 h\u1ee3p v\u1edbi nhi\u1ec1u m\u00f4i tr\u01b0\u1eddng c\u00f4ng nghi\u1ec7p kh\u00e1c nhau.<br \/>\n\u0110\u1ed9 nh\u1edbt d\u1ea7u \u00e1p d\u1ee5ng: Kim phun d\u1ea7u ph\u00f9 h\u1ee3p v\u1edbi c\u00e1c lo\u1ea1i d\u1ea7u c\u00f3 \u0111\u1ed9 nh\u1edbt t\u1eeb 32-90 cSt \u1edf 40\u2103, \u0111\u1ea3m b\u1ea3o thi\u1ebft b\u1ecb ho\u1ea1t \u0111\u1ed9ng tr\u01a1n tru.<\/span><span id=\"input-sentence~2\"><br \/>\nS\u1eed d\u1ee5ng v\u1edbi: B\u1ed9 ph\u00e2n ph\u1ed1i th\u1ec3 t\u00edch c\u1ea7n \u0111\u01b0\u1ee3c s\u1eed d\u1ee5ng v\u1edbi b\u1ed9 b\u00f4i tr\u01a1n x\u1ea3 \u00e1p su\u1ea5t \u0111\u1ec3 \u0111\u1ea3m b\u1ea3o cung c\u1ea5p d\u1ea7u khi b\u1ed9 b\u00f4i tr\u01a1n \u0111ang ho\u1ea1t \u0111\u1ed9ng.<\/span><\/p>\n<h2>\u0110\u1eb7c \u0111i\u1ec3m k\u1ef9 thu\u1eadt<\/h2>\n<table>\n<tbody>\n<tr>\n<td>Nguy\u00ean l\u00fd ch\u1ee9c n\u0103ng<\/td>\n<td>B\u1ed9 ph\u00e2n ph\u1ed1i \u00e1p su\u1ea5t<\/td>\n<\/tr>\n<tr>\n<td>C\u1eeda h\u00e0ng<\/td>\n<td>2, 3, 4, 5, 6, 8 ,10<\/td>\n<\/tr>\n<tr>\n<td>\u0110o l\u01b0\u1ee3ngd\u1ea7u<\/td>\n<td>0,03, 0,06, 0,10, 0,16mL\/chu k\u1ef3<\/td>\n<\/tr>\n<tr>\n<td>Ch\u1ea5t b\u00f4i tr\u01a1n<\/td>\n<td>32~90 cSt@40\u00b0C (D\u1ea7u), \u2264NLGI 0 (M\u1ee1)<\/td>\n<\/tr>\n<tr>\n<td>Nhi\u1ec7t \u0111\u1ed9 ho\u1ea1t \u0111\u1ed9ng<\/td>\n<td>0 \u0111\u1ebfn +80 \u00b0C<\/td>\n<\/tr>\n<tr>\n<td>\u00c1p su\u1ea5t ho\u1ea1t \u0111\u1ed9ng<\/td>\n<td>8~30bar(D\u1ea7u), 20~50bar(M\u1ee1)<\/td>\n<\/tr>\n<tr>\n<td>V\u1eadt li\u1ec7u<\/td>\n<td>K\u1ebdm \u0111\u00fac khu\u00f4n, \u0111\u1ed3ng thau<\/td>\n<\/tr>\n<tr>\n<td>\u1ed4 c\u1eafm k\u1ebft n\u1ed1i<\/td>\n<td>\u0110\u1ea7u v\u00e0o \u03a66(M10x1), \u0110\u1ea7u ra \u03a64(M8x1)<\/td>\n<\/tr>\n<tr>\n<td>Ph\u1ee5 ki\u1ec7n \u1ed5 c\u1eafm<\/td>\n<td>Ki\u1ec3u tay \u00e1o, Ki\u1ec3u nhanh<\/td>\n<\/tr>\n<tr>\n<td>V\u1ecb tr\u00ed l\u1eafp \u0111\u1eb7t<\/td>\n<td>B\u1ea5t k\u00ec<\/td>\n<\/tr>\n<\/tbody>\n<\/table>\n<h2>\u1ee8ng d\u1ee5ng<\/h2>\n<p>Gi\u1ea3m \u00e1p su\u1ea5t: Lo\u1ea1i b\u1ed9 ph\u00e2n ph\u1ed1i n\u00e0y \u0111\u01b0\u1ee3c s\u1eed d\u1ee5ng k\u1ebft h\u1ee3p v\u1edbi b\u1ed9 b\u00f4i tr\u01a1n d\u1ea7u lo\u1ea1i gi\u1ea3m \u00e1p su\u1ea5t. Trong qu\u00e1 tr\u00ecnh v\u1eadn h\u00e0nh b\u1ed9 b\u00f4i tr\u01a1n, \u00e1p su\u1ea5t trong h\u1ec7 th\u1ed1ng t\u0103ng l\u00ean.<br \/>\nX\u1ea3 d\u1ea7u: Khi \u00e1p su\u1ea5t t\u0103ng l\u00ean, piston d\u1ecbch chuy\u1ec3n trong b\u1ed9 ph\u00e2n ph\u1ed1i s\u1ebd x\u1ea3 m\u1ed9t l\u01b0\u1ee3ng ch\u1ea5t b\u00f4i tr\u01a1n \u0111\u01b0\u1ee3c \u0111o \u0111\u1ebfn t\u1eebng \u0111i\u1ec3m b\u00f4i tr\u01a1n.<br \/>\nL\u01b0u l\u01b0\u1ee3ng c\u1ed1 \u0111\u1ecbnh: L\u01b0\u1ee3ng ch\u1ea5t b\u00f4i tr\u01a1n \u0111\u01b0\u1ee3c x\u1ea3 ra m\u1ed7i l\u1ea7n l\u00e0 c\u1ed1 \u0111\u1ecbnh, \u0111\u1ea3m b\u1ea3o m\u1ed7i \u0111i\u1ec3m b\u00f4i tr\u01a1n \u0111\u1ec1u \u0111\u01b0\u1ee3c b\u00f4i tr\u01a1n \u0111\u1ed3ng \u0111\u1ec1u.<br \/>\nQu\u00e1 tr\u00ecnh tu\u1ea7n ho\u00e0n: Khi b\u1ed9 ph\u1eadn b\u00f4i tr\u01a1n ng\u1eebng ho\u1ea1t \u0111\u1ed9ng, \u00e1p su\u1ea5t h\u1ec7 th\u1ed1ng \u0111\u01b0\u1ee3c gi\u1ea3i ph\u00f3ng v\u00e0 piston tr\u1edf v\u1ec1 v\u1ecb tr\u00ed ban \u0111\u1ea7u, s\u1eb5n s\u00e0ng cho chu tr\u00ecnh b\u00f4i tr\u01a1n ti\u1ebfp theo.<\/p>\n<h2>H\u01b0\u1edbng d\u1eabn s\u1eed d\u1ee5ng<\/h2>\n<div class=\"sdm_download_button_box_default\"><div class=\"sdm_download_link\"><a href=\"https:\/\/www.jinpinlub.com\/vi\/?sdm_process_download=1&download_id=2458\" class=\"sdm_download white\" title=\"Ri\u00eang t\u01b0: DPB Lubrication Distributor\" target=\"&quot;_blank&quot;\">Xem B\u1ea3ng d\u1eef li\u1ec7u - Nh\u00e0 ph\u00e2n ph\u1ed1i DPB<\/a><\/div><\/div>","protected":false},"excerpt":{"rendered":"<p>Ch\u1ea5t t\u00e1c \u0111\u1ed9ng \u00e1p su\u1ea5t do b\u01a1m b\u00f4i tr\u01a1n cung c\u1ea5p \u0111\u1ea9y piston trong bu\u1ed3ng \u0111o \u0111\u1ec3 x\u1ea3 ch\u1ea5t b\u00f4i tr\u01a1n \u0111\u01b0\u1ee3c l\u01b0u tr\u1eef trong bu\u1ed3ng \u0111o. Sau khi ch\u1ea5t b\u00f4i tr\u01a1n \u0111\u01b0\u1ee3c x\u1ea3, h\u1ec7 th\u1ed1ng \u0111\u01b0\u1ee3c gi\u1ea3m \u00e1p v\u00e0 bu\u1ed3ng \u0111o l\u01b0u tr\u1eef d\u1ea7u cho chu k\u1ef3 l\u00e0m vi\u1ec7c ti\u1ebfp theo.<\/p>","protected":false},"featured_media":3369,"template":"","meta":{"ocean_post_layout":"","ocean_both_sidebars_style":"","ocean_both_sidebars_content_width":0,"ocean_both_sidebars_sidebars_width":0,"ocean_sidebar":"0","ocean_second_sidebar":"0","ocean_disable_margins":"enable","ocean_add_body_class":"","ocean_shortcode_before_top_bar":"","ocean_shortcode_after_top_bar":"","ocean_shortcode_before_header":"","ocean_shortcode_after_header":"","ocean_has_shortcode":"","ocean_shortcode_after_title":"","ocean_shortcode_before_footer_widgets":"","ocean_shortcode_after_footer_widgets":"","ocean_shortcode_before_footer_bottom":"","ocean_shortcode_after_footer_bottom":"","ocean_display_top_bar":"default","ocean_display_header":"default","ocean_header_style":"","ocean_center_header_left_menu":"0","ocean_custom_header_template":"0","ocean_custom_logo":0,"ocean_custom_retina_logo":0,"ocean_custom_logo_max_width":0,"ocean_custom_logo_tablet_max_width":0,"ocean_custom_logo_mobile_max_width":0,"ocean_custom_logo_max_height":0,"ocean_custom_logo_tablet_max_height":0,"ocean_custom_logo_mobile_max_height":0,"ocean_header_custom_menu":"0","ocean_menu_typo_font_family":"0","ocean_menu_typo_font_subset":"","ocean_menu_typo_font_size":0,"ocean_menu_typo_font_size_tablet":0,"ocean_menu_typo_font_size_mobile":0,"ocean_menu_typo_font_size_unit":"px","ocean_menu_typo_font_weight":"","ocean_menu_typo_font_weight_tablet":"","ocean_menu_typo_font_weight_mobile":"","ocean_menu_typo_transform":"","ocean_menu_typo_transform_tablet":"","ocean_menu_typo_transform_mobile":"","ocean_menu_typo_line_height":0,"ocean_menu_typo_line_height_tablet":0,"ocean_menu_typo_line_height_mobile":0,"ocean_menu_typo_line_height_unit":"","ocean_menu_typo_spacing":0,"ocean_menu_typo_spacing_tablet":0,"ocean_menu_typo_spacing_mobile":0,"ocean_menu_typo_spacing_unit":"","ocean_menu_link_color":"","ocean_menu_link_color_hover":"","ocean_menu_link_color_active":"","ocean_menu_link_background":"","ocean_menu_link_hover_background":"","ocean_menu_link_active_background":"","ocean_menu_social_links_bg":"","ocean_menu_social_hover_links_bg":"","ocean_menu_social_links_color":"","ocean_menu_social_hover_links_color":"","ocean_disable_title":"default","ocean_disable_heading":"default","ocean_post_title":"","ocean_post_subheading":"","ocean_post_title_style":"","ocean_post_title_background_color":"","ocean_post_title_background":0,"ocean_post_title_bg_image_position":"","ocean_post_title_bg_image_attachment":"","ocean_post_title_bg_image_repeat":"","ocean_post_title_bg_image_size":"","ocean_post_title_height":0,"ocean_post_title_bg_overlay":0.5,"ocean_post_title_bg_overlay_color":"","ocean_disable_breadcrumbs":"default","ocean_breadcrumbs_color":"","ocean_breadcrumbs_separator_color":"","ocean_breadcrumbs_links_color":"","ocean_breadcrumbs_links_hover_color":"","ocean_display_footer_widgets":"default","ocean_display_footer_bottom":"default","ocean_custom_footer_template":"0","osh_disable_topbar_sticky":"default","osh_disable_header_sticky":"default","osh_sticky_header_style":"default","osh_sticky_header_effect":"","osh_custom_sticky_logo":0,"osh_custom_retina_sticky_logo":0,"osh_custom_sticky_logo_height":0,"osh_background_color":"","osh_links_color":"","osh_links_hover_color":"","osh_links_active_color":"","osh_links_bg_color":"","osh_links_hover_bg_color":"","osh_links_active_bg_color":"","osh_menu_social_links_color":"","osh_menu_social_hover_links_color":""},"product_brand":[],"product_cat":[49,47],"product_tag":[87,139,240],"class_list":{"0":"post-3401","1":"product","2":"type-product","3":"status-publish","4":"has-post-thumbnail","6":"product_cat-volumetric-oil-injectors","7":"product_cat-volumetric-thin-oil-systems","8":"product_tag-grease-distributor","9":"product_tag-oil-distributor","10":"product_tag-pressurized-distributor","12":"entry","13":"has-media","15":"first","16":"instock","17":"shipping-taxable","18":"product-type-external","19":"col","20":"span_1_of_3","21":"owp-content-center","22":"owp-thumbs-layout-horizontal","23":"owp-btn-very-big","24":"owp-tabs-layout-horizontal"},"_links":{"self":[{"href":"https:\/\/www.jinpinlub.com\/vi\/wp-json\/wp\/v2\/product\/3401","targetHints":{"allow":["GET"]}}],"collection":[{"href":"https:\/\/www.jinpinlub.com\/vi\/wp-json\/wp\/v2\/product"}],"about":[{"href":"https:\/\/www.jinpinlub.com\/vi\/wp-json\/wp\/v2\/types\/product"}],"wp:featuredmedia":[{"embeddable":true,"href":"https:\/\/www.jinpinlub.com\/vi\/wp-json\/wp\/v2\/media\/3369"}],"wp:attachment":[{"href":"https:\/\/www.jinpinlub.com\/vi\/wp-json\/wp\/v2\/media?parent=3401"}],"wp:term":[{"taxonomy":"product_brand","embeddable":true,"href":"https:\/\/www.jinpinlub.com\/vi\/wp-json\/wp\/v2\/product_brand?post=3401"},{"taxonomy":"product_cat","embeddable":true,"href":"https:\/\/www.jinpinlub.com\/vi\/wp-json\/wp\/v2\/product_cat?post=3401"},{"taxonomy":"product_tag","embeddable":true,"href":"https:\/\/www.jinpinlub.com\/vi\/wp-json\/wp\/v2\/product_tag?post=3401"}],"curies":[{"name":"wp","href":"https:\/\/api.w.org\/{rel}","templated":true}]}}