{"id":3402,"date":"2024-08-27T03:41:17","date_gmt":"2024-08-26T19:41:17","guid":{"rendered":"https:\/\/www.jinpinlub.com\/?post_type=product&#038;p=3402"},"modified":"2024-08-27T03:44:26","modified_gmt":"2024-08-26T19:44:26","slug":"van-chia-mo-jvb-cho-he-thong-boi-tron-tien-bo","status":"publish","type":"product","link":"https:\/\/www.jinpinlub.com\/vi\/product\/jvb-grease-divider-valves-for-progressive-lubrication-system\/","title":{"rendered":"Van chia m\u1ee1 JVB cho h\u1ec7 th\u1ed1ng b\u00f4i tr\u01a1n ti\u1ebfn b\u1ed9"},"content":{"rendered":"<h2>\u0110\u1eb7c tr\u01b0ng<\/h2>\n<p>Thi\u1ebft k\u1ebf linh ho\u1ea1t: Van ph\u00e2n ph\u1ed1i JINPINLUB JVB cho ph\u00e9p c\u1ea5u h\u00ecnh t\u1ea1i ch\u1ed7 cho c\u00e1c nhu c\u1ea7u kh\u00e1c nhau t\u1eeb 6 \u0111\u1ebfn 20 \u0111\u1ea7u ra.<br \/>\n\u0110\u1ed9 d\u1ecbch chuy\u1ec3n t\u00edch c\u1ef1c: Th\u1ec3 t\u00edch x\u1ea3 tr\u00ean m\u1ed7i \u0111\u1ea7u ra trong m\u1ed7i chu k\u1ef3 \u0111\u01b0\u1ee3c c\u1ed1 \u0111\u1ecbnh \u1edf m\u1ee9c 0,17cc v\u00e0 c\u00f3 th\u1ec3 k\u1ebft h\u1ee3p v\u1edbi c\u00e1c ph\u1ee5 ki\u1ec7n ph\u00f9 h\u1ee3p \u0111\u1ec3 \u0111\u00e1p \u1ee9ng nhu c\u1ea7u \u0111\u1ea7u ra l\u1edbn h\u01a1n.<br \/>\nCh\u1ed1ng \u0103n m\u00f2n: Th\u00e2n van ti\u1ebfn b\u1ed9 \u0111\u01b0\u1ee3c l\u00e0m b\u1eb1ng th\u00e9p cacbon v\u00e0 \u0111\u00e3 \u0111\u01b0\u1ee3c x\u1eed l\u00fd b\u1ea3o v\u1ec7 b\u1ec1 m\u1eb7t \u0111\u1ec3 c\u00f3 th\u1ec3 s\u1eed d\u1ee5ng l\u00e2u d\u00e0i trong m\u00f4i tr\u01b0\u1eddng kh\u1eafc nghi\u1ec7t.<br \/>\nCh\u1ee9c n\u0103ng gi\u00e1m s\u00e1t: Van ph\u00e2n ph\u1ed1i \u0111\u01b0\u1ee3c trang b\u1ecb ch\u1ed1t ch\u1ec9 b\u00e1o chu k\u1ef3 \u0111\u1ec3 cung c\u1ea5p x\u00e1c nh\u1eadn tr\u1ef1c quan v\u1ec1 ho\u1ea1t \u0111\u1ed9ng c\u1ee7a h\u1ec7 th\u1ed1ng. Ngo\u00e0i ra, ch\u1ed1t chu k\u1ef3 c\u0169ng c\u00f3 th\u1ec3 \u0111\u01b0\u1ee3c trang b\u1ecb c\u00f4ng t\u1eafc \u0111\u1ec3 cung c\u1ea5p ph\u1ea3n h\u1ed3i \u0111i\u1ec7n cho b\u1ed9 \u0111i\u1ec1u khi\u1ec3n h\u1ec7 th\u1ed1ng.<\/p>\n<h2>\u0110\u1eb7c \u0111i\u1ec3m k\u1ef9 thu\u1eadt<\/h2>\n<table>\n<tbody>\n<tr>\n<td>Nguy\u00ean l\u00fd ch\u1ee9c n\u0103ng<\/td>\n<td>Thi\u1ebft b\u1ecb \u0111o l\u01b0\u1eddng<\/td>\n<\/tr>\n<tr>\n<td>S\u1ed1 l\u01b0\u1ee3ng c\u1eeda h\u00e0ng<\/td>\n<td>6-20<\/td>\n<\/tr>\n<tr>\n<td>\u0110o l\u01b0\u1eddng s\u1ed1 l\u01b0\u1ee3ng<\/td>\n<td>0,17mL\/chu k\u1ef3<\/td>\n<\/tr>\n<tr>\n<td>Ch\u1ea5t b\u00f4i tr\u01a1n<\/td>\n<td>M\u1ee1 b\u00f4i tr\u01a1n l\u00ean \u0111\u1ebfn NLGI 2, d\u1ea7u 32-220cSt@40\u2103<\/td>\n<\/tr>\n<tr>\n<td>Nhi\u1ec7t \u0111\u1ed9 ho\u1ea1t \u0111\u1ed9ng<\/td>\n<td>\u201320 \u0111\u1ebfn +80 \u00b0C<\/td>\n<\/tr>\n<tr>\n<td>\u00c1p su\u1ea5t ho\u1ea1t \u0111\u1ed9ng<\/td>\n<td>T\u1ed1i \u0111a 250 bar<\/td>\n<\/tr>\n<tr>\n<td>V\u1eadt li\u1ec7u<\/td>\n<td>M\u1ea1 k\u1ebdm \u0111en<\/td>\n<\/tr>\n<tr>\n<td>\u0110\u1ea7u v\u00e0o k\u1ebft n\u1ed1i<\/td>\n<td>\u03a66(M10x1.0), \u03a68(M10x1.0)<\/td>\n<\/tr>\n<tr>\n<td>\u1ed4 c\u1eafm k\u1ebft n\u1ed1i<\/td>\n<td>\u03a66(M10x1.0), \u03a68(M10x1.0)<\/td>\n<\/tr>\n<tr>\n<td>V\u1ecb tr\u00ed l\u1eafp \u0111\u1eb7t<\/td>\n<td>B\u1ea5t k\u00ec<\/td>\n<\/tr>\n<\/tbody>\n<\/table>\n<h2>\u1ee8ng d\u1ee5ng<\/h2>\n<p>Nguy\u00ean l\u00fd ho\u1ea1t \u0111\u1ed9ng c\u1ee7a van ph\u00e2n ph\u1ed1i JVB l\u00e0 ti\u1ebfn tri\u1ec3n, ngh\u0129a l\u00e0 m\u1ed7i \u0111o\u1ea1n van s\u1ebd x\u1ea3 m\u1ed9t l\u01b0\u1ee3ng ch\u1ea5t b\u00f4i tr\u01a1n nh\u1ea5t \u0111\u1ecbnh \u0111\u1ebfn \u0111i\u1ec3m b\u00f4i tr\u01a1n m\u00e0 n\u00f3 ph\u1ee5c v\u1ee5 sau khi ho\u00e0n th\u00e0nh h\u00e0nh tr\u00ecnh piston c\u1ee7a n\u00f3, sau \u0111\u00f3 \u0111o\u1ea1n van ti\u1ebfp theo s\u1ebd b\u1eaft \u0111\u1ea7u ho\u1ea1t \u0111\u1ed9ng. Van ph\u00e2n ph\u1ed1i JVB \u0111\u01b0\u1ee3c s\u1eed d\u1ee5ng r\u1ed9ng r\u00e3i trong c\u00e1c thi\u1ebft b\u1ecb c\u01a1 kh\u00ed nh\u1ecf \u0111\u00f2i h\u1ecfi b\u00f4i tr\u01a1n nhi\u1ec1u \u0111i\u1ec3m, ch\u1eb3ng h\u1ea1n nh\u01b0 m\u00e1y c\u00f4ng c\u1ee5, m\u00e1y m\u00f3c ch\u1ebf bi\u1ebfn, m\u00e1y m\u00f3c in \u1ea5n v\u00e0 \u0111\u00f3ng g\u00f3i, v.v.<\/p>\n<h2>H\u01b0\u1edbng d\u1eabn s\u1eed d\u1ee5ng<\/h2>\n<div class=\"sdm_download_button_box_default\"><div class=\"sdm_download_link\"><a href=\"https:\/\/www.jinpinlub.com\/vi\/?sdm_process_download=1&download_id=3055\" class=\"sdm_download white\" title=\"Ri\u00eang t\u01b0: JVB Progressive Divider\" target=\"&quot;_blank&quot;\">Xem B\u1ea3ng d\u1eef li\u1ec7u - Nh\u00e0 ph\u00e2n ph\u1ed1i JVB<\/a><\/div><\/div>","protected":false},"excerpt":{"rendered":"<p>JVB l\u00e0 nh\u00e0 ph\u00e2n ph\u1ed1i cho h\u1ec7 th\u1ed1ng b\u00f4i tr\u01a1n ti\u1ebfn b\u1ed9. N\u00f3 \u0111\u01b0\u1ee3c thi\u1ebft k\u1ebf \u0111\u1ec3 ph\u00e2n ph\u1ed1i ch\u00ednh x\u00e1c ch\u1ea5t b\u00f4i tr\u01a1n gi\u1eefa nhi\u1ec1u \u0111i\u1ec3m b\u00f4i tr\u01a1n, \u0111\u1ea3m b\u1ea3o r\u1eb1ng m\u1ed7i \u0111i\u1ec3m b\u00f4i tr\u01a1n nh\u1eadn \u0111\u01b0\u1ee3c l\u01b0\u1ee3ng ch\u1ea5t b\u00f4i tr\u01a1n ph\u00f9 h\u1ee3p, c\u1ea3i thi\u1ec7n hi\u1ec7u qu\u1ea3 ho\u1ea1t \u0111\u1ed9ng c\u1ee7a thi\u1ebft b\u1ecb.<\/p>","protected":false},"featured_media":3372,"template":"","meta":{"ocean_post_layout":"","ocean_both_sidebars_style":"","ocean_both_sidebars_content_width":0,"ocean_both_sidebars_sidebars_width":0,"ocean_sidebar":"0","ocean_second_sidebar":"0","ocean_disable_margins":"enable","ocean_add_body_class":"","ocean_shortcode_before_top_bar":"","ocean_shortcode_after_top_bar":"","ocean_shortcode_before_header":"","ocean_shortcode_after_header":"","ocean_has_shortcode":"","ocean_shortcode_after_title":"","ocean_shortcode_before_footer_widgets":"","ocean_shortcode_after_footer_widgets":"","ocean_shortcode_before_footer_bottom":"","ocean_shortcode_after_footer_bottom":"","ocean_display_top_bar":"default","ocean_display_header":"default","ocean_header_style":"","ocean_center_header_left_menu":"0","ocean_custom_header_template":"0","ocean_custom_logo":0,"ocean_custom_retina_logo":0,"ocean_custom_logo_max_width":0,"ocean_custom_logo_tablet_max_width":0,"ocean_custom_logo_mobile_max_width":0,"ocean_custom_logo_max_height":0,"ocean_custom_logo_tablet_max_height":0,"ocean_custom_logo_mobile_max_height":0,"ocean_header_custom_menu":"0","ocean_menu_typo_font_family":"0","ocean_menu_typo_font_subset":"","ocean_menu_typo_font_size":0,"ocean_menu_typo_font_size_tablet":0,"ocean_menu_typo_font_size_mobile":0,"ocean_menu_typo_font_size_unit":"px","ocean_menu_typo_font_weight":"","ocean_menu_typo_font_weight_tablet":"","ocean_menu_typo_font_weight_mobile":"","ocean_menu_typo_transform":"","ocean_menu_typo_transform_tablet":"","ocean_menu_typo_transform_mobile":"","ocean_menu_typo_line_height":0,"ocean_menu_typo_line_height_tablet":0,"ocean_menu_typo_line_height_mobile":0,"ocean_menu_typo_line_height_unit":"","ocean_menu_typo_spacing":0,"ocean_menu_typo_spacing_tablet":0,"ocean_menu_typo_spacing_mobile":0,"ocean_menu_typo_spacing_unit":"","ocean_menu_link_color":"","ocean_menu_link_color_hover":"","ocean_menu_link_color_active":"","ocean_menu_link_background":"","ocean_menu_link_hover_background":"","ocean_menu_link_active_background":"","ocean_menu_social_links_bg":"","ocean_menu_social_hover_links_bg":"","ocean_menu_social_links_color":"","ocean_menu_social_hover_links_color":"","ocean_disable_title":"default","ocean_disable_heading":"default","ocean_post_title":"","ocean_post_subheading":"","ocean_post_title_style":"","ocean_post_title_background_color":"","ocean_post_title_background":0,"ocean_post_title_bg_image_position":"","ocean_post_title_bg_image_attachment":"","ocean_post_title_bg_image_repeat":"","ocean_post_title_bg_image_size":"","ocean_post_title_height":0,"ocean_post_title_bg_overlay":0.5,"ocean_post_title_bg_overlay_color":"","ocean_disable_breadcrumbs":"default","ocean_breadcrumbs_color":"","ocean_breadcrumbs_separator_color":"","ocean_breadcrumbs_links_color":"","ocean_breadcrumbs_links_hover_color":"","ocean_display_footer_widgets":"default","ocean_display_footer_bottom":"default","ocean_custom_footer_template":"0","osh_disable_topbar_sticky":"default","osh_disable_header_sticky":"default","osh_sticky_header_style":"default","osh_sticky_header_effect":"","osh_custom_sticky_logo":0,"osh_custom_retina_sticky_logo":0,"osh_custom_sticky_logo_height":0,"osh_background_color":"","osh_links_color":"","osh_links_hover_color":"","osh_links_active_color":"","osh_links_bg_color":"","osh_links_hover_bg_color":"","osh_links_active_bg_color":"","osh_menu_social_links_color":"","osh_menu_social_hover_links_color":""},"product_brand":[],"product_cat":[44,41],"product_tag":[99,242,241],"class_list":{"0":"post-3402","1":"product","2":"type-product","3":"status-publish","4":"has-post-thumbnail","6":"product_cat-progressive-grease-dividers","7":"product_cat-progressive-grease-systems","8":"product_tag-progressive-distributor","9":"product_tag-progressive-divider-valves","10":"product_tag-progressive-metering-device","12":"entry","13":"has-media","15":"first","16":"instock","17":"shipping-taxable","18":"product-type-external","19":"col","20":"span_1_of_3","21":"owp-content-center","22":"owp-thumbs-layout-horizontal","23":"owp-btn-very-big","24":"owp-tabs-layout-horizontal"},"_links":{"self":[{"href":"https:\/\/www.jinpinlub.com\/vi\/wp-json\/wp\/v2\/product\/3402","targetHints":{"allow":["GET"]}}],"collection":[{"href":"https:\/\/www.jinpinlub.com\/vi\/wp-json\/wp\/v2\/product"}],"about":[{"href":"https:\/\/www.jinpinlub.com\/vi\/wp-json\/wp\/v2\/types\/product"}],"wp:featuredmedia":[{"embeddable":true,"href":"https:\/\/www.jinpinlub.com\/vi\/wp-json\/wp\/v2\/media\/3372"}],"wp:attachment":[{"href":"https:\/\/www.jinpinlub.com\/vi\/wp-json\/wp\/v2\/media?parent=3402"}],"wp:term":[{"taxonomy":"product_brand","embeddable":true,"href":"https:\/\/www.jinpinlub.com\/vi\/wp-json\/wp\/v2\/product_brand?post=3402"},{"taxonomy":"product_cat","embeddable":true,"href":"https:\/\/www.jinpinlub.com\/vi\/wp-json\/wp\/v2\/product_cat?post=3402"},{"taxonomy":"product_tag","embeddable":true,"href":"https:\/\/www.jinpinlub.com\/vi\/wp-json\/wp\/v2\/product_tag?post=3402"}],"curies":[{"name":"wp","href":"https:\/\/api.w.org\/{rel}","templated":true}]}}