{"id":3403,"date":"2024-08-27T03:45:23","date_gmt":"2024-08-26T19:45:23","guid":{"rendered":"https:\/\/www.jinpinlub.com\/?post_type=product&#038;p=3403"},"modified":"2024-08-27T04:01:02","modified_gmt":"2024-08-26T20:01:02","slug":"may-phan-phoi-mo-chiu-ap-suat-mgk-cho-he-thong-duong-ong-don","status":"publish","type":"product","link":"https:\/\/www.jinpinlub.com\/vi\/product\/mgk-pressurized-grease-distributors-for-single-line-system\/","title":{"rendered":"M\u00e1y ph\u00e2n ph\u1ed1i m\u1ee1 ch\u1ecbu \u00e1p su\u1ea5t MGK cho h\u1ec7 th\u1ed1ng m\u1ed9t \u0111\u01b0\u1eddng \u1ed1ng"},"content":{"rendered":"<h2>T\u00ednh n\u0103ng<\/h2>\n<p>\u0110o l\u01b0\u1eddng ch\u00ednh x\u00e1c: B\u1ed9 ph\u00e2n ph\u1ed1i JINPINLUB MGK cung c\u1ea5p l\u01b0\u1ee3ng b\u00f4i tr\u01a1n ch\u00ednh x\u00e1c cho m\u1ed7i chu k\u1ef3 b\u00f4i tr\u01a1n, \u0111\u1ea3m b\u1ea3o thi\u1ebft b\u1ecb \u1edf t\u00ecnh tr\u1ea1ng t\u1ed1t nh\u1ea5t.<br \/>\nT\u00ednh linh ho\u1ea1t: Kim phun MGK ph\u00f9 h\u1ee3p v\u1edbi nhi\u1ec1u lo\u1ea1i ch\u1ea5t b\u00f4i tr\u01a1n c\u00f3 ph\u1ea1m vi \u0111\u1ed9 nh\u1edbt t\u1eeb NLGI 000#, 00#, 00#.<br \/>\n\u0110\u1ed9 tin c\u1eady cao: \u1ed0ng ph\u00e2n ph\u1ed1i \u0111\u01b0\u1ee3c l\u00e0m b\u1eb1ng h\u1ee3p kim nh\u00f4m v\u00e0 van \u0111\u1ecbnh l\u01b0\u1ee3ng \u0111\u01b0\u1ee3c l\u00e0m b\u1eb1ng \u0111\u1ed3ng thau, \u0111\u1ea3m b\u1ea3o \u0111\u1ed9 tin c\u1eady v\u00e0 \u0111\u1ed9 b\u1ec1n l\u00e2u d\u00e0i c\u1ee7a b\u1ed9 ph\u00e2n ph\u1ed1i m\u1ee1.<br \/>\nV\u1eadn h\u00e0nh d\u1ec5 d\u00e0ng: Van \u0111\u1ecbnh l\u01b0\u1ee3ng c\u1ee7a b\u1ed9 ph\u00e2n ph\u1ed1i MGK c\u00f3 th\u1ec3 th\u00e1o r\u1eddi v\u00e0 c\u00f3 th\u1ec3 l\u1ef1a ch\u1ecdn van \u0111\u1ecbnh l\u01b0\u1ee3ng MG v\u1edbi nhi\u1ec1u th\u1ec3 t\u00edch \u0111\u1ea7u ra kh\u00e1c nhau theo c\u00e1c y\u00eau c\u1ea7u b\u00f4i tr\u01a1n kh\u00e1c nhau.<br \/>\nKh\u1ea3 n\u0103ng th\u00edch \u1ee9ng m\u1ea1nh m\u1ebd: Ph\u1ea1m vi nhi\u1ec7t \u0111\u1ed9 ho\u1ea1t \u0111\u1ed9ng r\u1ed9ng (0\u00b0C \u0111\u1ebfn 80\u00b0C) c\u00f3 th\u1ec3 th\u00edch \u1ee9ng v\u1edbi nhi\u1ec1u m\u00f4i tr\u01b0\u1eddng l\u00e0m vi\u1ec7c kh\u00e1c nhau.<\/p>\n<h2>\u0110\u1eb7c \u0111i\u1ec3m k\u1ef9 thu\u1eadt<\/h2>\n<table>\n<tbody>\n<tr>\n<td>Nguy\u00ean l\u00fd ch\u1ee9c n\u0103ng<\/td>\n<td>Van \u0111o \u00e1p su\u1ea5t gi\u1ea3m \u00e1p<\/td>\n<\/tr>\n<tr>\n<td>S\u1ed1 l\u01b0\u1ee3ng c\u1eeda h\u00e0ng<\/td>\n<td>1, 2, 3, 4, 5<\/td>\n<\/tr>\n<tr>\n<td>\u0110o l\u01b0\u1eddng s\u1ed1 l\u01b0\u1ee3ng<\/td>\n<td>0,03, 0,05, 0,13, 0,20, 0,30, 0,50mL\/chu k\u1ef3<\/td>\n<\/tr>\n<tr>\n<td>Ch\u1ea5t b\u00f4i tr\u01a1n<\/td>\n<td>M\u1ee1 b\u00f4i tr\u01a1n NLGI 000#, 00#.<\/td>\n<\/tr>\n<tr>\n<td>Nhi\u1ec7t \u0111\u1ed9 ho\u1ea1t \u0111\u1ed9ng<\/td>\n<td>0 \u0111\u1ebfn +80 \u00b0C<\/td>\n<\/tr>\n<tr>\n<td>\u00c1p su\u1ea5t ho\u1ea1t \u0111\u1ed9ng<\/td>\n<td>0,5~1,5MPa<\/td>\n<\/tr>\n<tr>\n<td>V\u1eadt li\u1ec7u<\/td>\n<td>\u0110\u1ed3ng, h\u1ee3p kim nh\u00f4m<\/td>\n<\/tr>\n<tr>\n<td>\u1ed4 c\u1eafm k\u1ebft n\u1ed1i<\/td>\n<td>\u0110\u1ea7u v\u00e0o Rc1\/8, \u0110\u1ea7u ra \u03a64(Rc1\/8)<\/td>\n<\/tr>\n<tr>\n<td>Ph\u1ee5 ki\u1ec7n \u1ed5 c\u1eafm<\/td>\n<td>Ki\u1ec3u tay \u00e1o, Ki\u1ec3u nhanh<\/td>\n<\/tr>\n<tr>\n<td>V\u1ecb tr\u00ed l\u1eafp \u0111\u1eb7t<\/td>\n<td>B\u1ea5t k\u00ec<\/td>\n<\/tr>\n<\/tbody>\n<\/table>\n<h2>\u1ee8ng d\u1ee5ng<\/h2>\n<p>B\u1ed9 ph\u00e2n ph\u1ed1i m\u1ee1 MGK \u0111\u01b0\u1ee3c s\u1eed d\u1ee5ng r\u1ed9ng r\u00e3i trong nhi\u1ec1u thi\u1ebft b\u1ecb c\u00f4ng nghi\u1ec7p \u0111\u00f2i h\u1ecfi b\u00f4i tr\u01a1n ch\u00ednh x\u00e1c. Van \u0111\u1ecbnh l\u01b0\u1ee3ng tr\u00ean b\u1ed9 ph\u00e2n ph\u1ed1i c\u00f3 th\u1ec3 \u0111\u01b0\u1ee3c l\u1eafp r\u00e1p v\u00e0 th\u00e1o r\u1eddi t\u1ef1 do, thu\u1eadn ti\u1ec7n cho vi\u1ec7c t\u00f9y ch\u1ec9nh ho\u1eb7c b\u1ea3o tr\u00ec v\u00e0 thay th\u1ebf.<br \/>\nVan \u0111\u1ecbnh l\u01b0\u1ee3ng m\u1ee1 ch\u1ee7 y\u1ebfu \u0111\u01b0\u1ee3c s\u1eed d\u1ee5ng trong c\u00e1c h\u1ec7 th\u1ed1ng b\u00f4i tr\u01a1n v\u1eeba v\u00e0 l\u1edbn nh\u01b0ng c\u0169ng c\u00f3 th\u1ec3 \u0111\u01b0\u1ee3c \u00e1p d\u1ee5ng cho c\u00e1c thi\u1ebft b\u1ecb c\u01a1 kh\u00ed c\u00f3 \u0111\u1ed9 ch\u00ednh x\u00e1c cao trong b\u00f4i tr\u01a1n, ch\u1eb3ng h\u1ea1n nh\u01b0 m\u00e1y c\u00f4ng c\u1ee5, m\u00e1y ch\u1ebf bi\u1ebfn g\u1ed7, m\u00e1y d\u1ec7t, m\u00e1y \u0111\u00f3ng g\u00f3i, m\u00e1y nh\u1ef1a, m\u00e1y th\u1ee7y tinh v\u00e0 m\u00e1y in. C\u00e1c van b\u00f4i tr\u01a1n n\u00e0y \u0111\u1ea3m b\u1ea3o r\u1eb1ng thi\u1ebft b\u1ecb ho\u1ea1t \u0111\u1ed9ng b\u00ecnh th\u01b0\u1eddng v\u1edbi \u0111\u1ed9 b\u00f4i tr\u01a1n ch\u00ednh x\u00e1c trong qu\u00e1 tr\u00ecnh v\u1eadn h\u00e0nh h\u1ec7 th\u1ed1ng v\u00e0 k\u00e9o d\u00e0i tu\u1ed5i th\u1ecd c\u1ee7a thi\u1ebft b\u1ecb.<\/p>\n<h2>H\u01b0\u1edbng d\u1eabn s\u1eed d\u1ee5ng<\/h2>\n<div class=\"sdm_download_button_box_default\"><div class=\"sdm_download_link\"><a href=\"https:\/\/www.jinpinlub.com\/vi\/?sdm_process_download=1&download_id=2470\" class=\"sdm_download white\" title=\"Ri\u00eang t\u01b0: MGK Metering Valve\" target=\"&quot;_blank&quot;\">Xem B\u1ea3ng d\u1eef li\u1ec7u - Van \u0111o MGK<\/a><\/div><\/div>","protected":false},"excerpt":{"rendered":"<p>Khi b\u01a1m ho\u1ea1t \u0111\u1ed9ng, \u00e1p su\u1ea5t \u0111\u1ea9y piston di chuy\u1ec3n v\u00e0 ch\u1ea5t b\u00f4i tr\u01a1n trong khoang ch\u1ee9a \u0111\u01b0\u1ee3c x\u1ea3 ra. Khi b\u01a1m kh\u00f4ng li\u00ean t\u1ee5c, \u00e1p su\u1ea5t trong \u0111\u01b0\u1eddng \u1ed1ng ch\u00ednh \u0111\u01b0\u1ee3c gi\u1ea3i ph\u00f3ng v\u00e0 piston tr\u1edf l\u1ea1i d\u01b0\u1edbi t\u00e1c \u0111\u1ed9ng c\u1ee7a l\u00f2 xo piston, s\u1eb5n s\u00e0ng cho chu k\u1ef3 ti\u1ebfp theo.<\/p>","protected":false},"featured_media":3404,"template":"","meta":{"ocean_post_layout":"","ocean_both_sidebars_style":"","ocean_both_sidebars_content_width":0,"ocean_both_sidebars_sidebars_width":0,"ocean_sidebar":"0","ocean_second_sidebar":"0","ocean_disable_margins":"enable","ocean_add_body_class":"","ocean_shortcode_before_top_bar":"","ocean_shortcode_after_top_bar":"","ocean_shortcode_before_header":"","ocean_shortcode_after_header":"","ocean_has_shortcode":"","ocean_shortcode_after_title":"","ocean_shortcode_before_footer_widgets":"","ocean_shortcode_after_footer_widgets":"","ocean_shortcode_before_footer_bottom":"","ocean_shortcode_after_footer_bottom":"","ocean_display_top_bar":"default","ocean_display_header":"default","ocean_header_style":"","ocean_center_header_left_menu":"0","ocean_custom_header_template":"0","ocean_custom_logo":0,"ocean_custom_retina_logo":0,"ocean_custom_logo_max_width":0,"ocean_custom_logo_tablet_max_width":0,"ocean_custom_logo_mobile_max_width":0,"ocean_custom_logo_max_height":0,"ocean_custom_logo_tablet_max_height":0,"ocean_custom_logo_mobile_max_height":0,"ocean_header_custom_menu":"0","ocean_menu_typo_font_family":"0","ocean_menu_typo_font_subset":"","ocean_menu_typo_font_size":0,"ocean_menu_typo_font_size_tablet":0,"ocean_menu_typo_font_size_mobile":0,"ocean_menu_typo_font_size_unit":"px","ocean_menu_typo_font_weight":"","ocean_menu_typo_font_weight_tablet":"","ocean_menu_typo_font_weight_mobile":"","ocean_menu_typo_transform":"","ocean_menu_typo_transform_tablet":"","ocean_menu_typo_transform_mobile":"","ocean_menu_typo_line_height":0,"ocean_menu_typo_line_height_tablet":0,"ocean_menu_typo_line_height_mobile":0,"ocean_menu_typo_line_height_unit":"","ocean_menu_typo_spacing":0,"ocean_menu_typo_spacing_tablet":0,"ocean_menu_typo_spacing_mobile":0,"ocean_menu_typo_spacing_unit":"","ocean_menu_link_color":"","ocean_menu_link_color_hover":"","ocean_menu_link_color_active":"","ocean_menu_link_background":"","ocean_menu_link_hover_background":"","ocean_menu_link_active_background":"","ocean_menu_social_links_bg":"","ocean_menu_social_hover_links_bg":"","ocean_menu_social_links_color":"","ocean_menu_social_hover_links_color":"","ocean_disable_title":"default","ocean_disable_heading":"default","ocean_post_title":"","ocean_post_subheading":"","ocean_post_title_style":"","ocean_post_title_background_color":"","ocean_post_title_background":0,"ocean_post_title_bg_image_position":"","ocean_post_title_bg_image_attachment":"","ocean_post_title_bg_image_repeat":"","ocean_post_title_bg_image_size":"","ocean_post_title_height":0,"ocean_post_title_bg_overlay":0.5,"ocean_post_title_bg_overlay_color":"","ocean_disable_breadcrumbs":"default","ocean_breadcrumbs_color":"","ocean_breadcrumbs_separator_color":"","ocean_breadcrumbs_links_color":"","ocean_breadcrumbs_links_hover_color":"","ocean_display_footer_widgets":"default","ocean_display_footer_bottom":"default","ocean_custom_footer_template":"0","osh_disable_topbar_sticky":"default","osh_disable_header_sticky":"default","osh_sticky_header_style":"default","osh_sticky_header_effect":"","osh_custom_sticky_logo":0,"osh_custom_retina_sticky_logo":0,"osh_custom_sticky_logo_height":0,"osh_background_color":"","osh_links_color":"","osh_links_hover_color":"","osh_links_active_color":"","osh_links_bg_color":"","osh_links_hover_bg_color":"","osh_links_active_bg_color":"","osh_menu_social_links_color":"","osh_menu_social_hover_links_color":""},"product_brand":[],"product_cat":[40,37],"product_tag":[87,85,86],"class_list":{"0":"post-3403","1":"product","2":"type-product","3":"status-publish","4":"has-post-thumbnail","6":"product_cat-pressure-relief-metering-valves","7":"product_cat-single-line-grease-systems","8":"product_tag-grease-distributor","9":"product_tag-pressure-relief-metering-valve","10":"product_tag-single-line-distributor","12":"entry","13":"has-media","15":"first","16":"instock","17":"shipping-taxable","18":"product-type-external","19":"col","20":"span_1_of_3","21":"owp-content-center","22":"owp-thumbs-layout-horizontal","23":"owp-btn-very-big","24":"owp-tabs-layout-horizontal"},"_links":{"self":[{"href":"https:\/\/www.jinpinlub.com\/vi\/wp-json\/wp\/v2\/product\/3403","targetHints":{"allow":["GET"]}}],"collection":[{"href":"https:\/\/www.jinpinlub.com\/vi\/wp-json\/wp\/v2\/product"}],"about":[{"href":"https:\/\/www.jinpinlub.com\/vi\/wp-json\/wp\/v2\/types\/product"}],"wp:featuredmedia":[{"embeddable":true,"href":"https:\/\/www.jinpinlub.com\/vi\/wp-json\/wp\/v2\/media\/3404"}],"wp:attachment":[{"href":"https:\/\/www.jinpinlub.com\/vi\/wp-json\/wp\/v2\/media?parent=3403"}],"wp:term":[{"taxonomy":"product_brand","embeddable":true,"href":"https:\/\/www.jinpinlub.com\/vi\/wp-json\/wp\/v2\/product_brand?post=3403"},{"taxonomy":"product_cat","embeddable":true,"href":"https:\/\/www.jinpinlub.com\/vi\/wp-json\/wp\/v2\/product_cat?post=3403"},{"taxonomy":"product_tag","embeddable":true,"href":"https:\/\/www.jinpinlub.com\/vi\/wp-json\/wp\/v2\/product_tag?post=3403"}],"curies":[{"name":"wp","href":"https:\/\/api.w.org\/{rel}","templated":true}]}}