{"id":3409,"date":"2024-08-27T04:03:31","date_gmt":"2024-08-26T20:03:31","guid":{"rendered":"https:\/\/www.jinpinlub.com\/?post_type=product&#038;p=3409"},"modified":"2025-02-13T17:17:44","modified_gmt":"2025-02-13T09:17:44","slug":"thiet-bi-do-the-tich-ap-suat-muk-cho-may-bom-mo","status":"publish","type":"product","link":"https:\/\/www.jinpinlub.com\/vi\/product\/muk-pressurized-volumetric-metering-device-for-grease-pump\/","title":{"rendered":"Thi\u1ebft b\u1ecb \u0111o th\u1ec3 t\u00edch \u00e1p su\u1ea5t MUK cho m\u00e1y b\u01a1m m\u1ee1"},"content":{"rendered":"<h2>T\u00ednh n\u0103ng<\/h2>\n<p>Khi b\u01a1m b\u00f4i tr\u01a1n ng\u1eebng ho\u1ea1t \u0111\u1ed9ng, piston c\u1ee7a b\u1ed9 ph\u1eadn \u0111\u1ecbnh l\u01b0\u1ee3ng \u0111\u01b0\u1ee3c \u0111\u1eb7t l\u1ea1i d\u01b0\u1edbi t\u00e1c \u0111\u1ed9ng c\u1ee7a l\u1ef1c l\u00f2 xo, t\u1ee9c l\u00e0 ch\u1ea5t b\u00f4i tr\u01a1n \u0111\u1ecbnh l\u01b0\u1ee3ng \u0111\u01b0\u1ee3c \u0111o v\u00e0 l\u01b0u tr\u1eef.<br \/>\nL\u01b0\u1ee3ng d\u1ea7u x\u1ea3 c\u1ee7a b\u1ed9 ph\u00e2n ph\u1ed1i MUK l\u00e0 ch\u00ednh x\u00e1c. Ph\u1ea7n t\u1eed \u0111o ch\u1ec9 x\u1ea3 d\u1ea7u m\u1ed9t l\u1ea7n trong m\u1ed9t chu k\u1ef3 cung c\u1ea5p d\u1ea7u v\u00e0 kho\u1ea3ng c\u00e1ch gi\u1eefa ch\u00fang trong h\u1ec7 th\u1ed1ng b\u00f4i tr\u01a1n l\u00e0 xa, g\u1ea7n, cao, th\u1ea5p, l\u1eafp \u0111\u1eb7t theo chi\u1ec1u ngang ho\u1eb7c chi\u1ec1u d\u1ecdc. S\u1ef1 d\u1ecbch chuy\u1ec3n c\u1ee7a ph\u1ea7n t\u1eed \u0111o kh\u00f4ng c\u00f3 t\u00e1c d\u1ee5ng.<br \/>\nHo\u1ea1t \u0111\u1ed9ng x\u1ea3 c\u1ee7a b\u1ed9 ph\u00e2n ph\u1ed1i r\u1ea5t nh\u1ea1y v\u00e0 c\u00f3 hai l\u1edbp ph\u1edbt \u0111\u01b0\u1ee3c s\u1eed d\u1ee5ng \u0111\u1ec3 ng\u0103n ch\u1ea5t b\u00f4i tr\u01a1n \u0111\u00e3 x\u1ea3 ch\u1ea3y ng\u01b0\u1ee3c tr\u1edf l\u1ea1i.<\/p>\n<h2>\u0110\u1eb7c \u0111i\u1ec3m k\u1ef9 thu\u1eadt<\/h2>\n<table>\n<tbody>\n<tr>\n<td>Nguy\u00ean l\u00fd ch\u1ee9c n\u0103ng<\/td>\n<td>Van \u0111o \u00e1p su\u1ea5t gi\u1ea3m \u00e1p<\/td>\n<\/tr>\n<tr>\n<td>S\u1ed1 l\u01b0\u1ee3ng c\u1eeda h\u00e0ng<\/td>\n<td>1, 2, 3, 4, 5<\/td>\n<\/tr>\n<tr>\n<td>\u0110o l\u01b0\u1eddng s\u1ed1 l\u01b0\u1ee3ng<\/td>\n<td>0,03, 0,05, 0,13, 0,20, 0,30, 0,50mL\/chu k\u1ef3<\/td>\n<\/tr>\n<tr>\n<td>Ch\u1ea5t b\u00f4i tr\u01a1n<\/td>\n<td>M\u1ee1 b\u00f4i tr\u01a1n NLGI 000#, 00#.<\/td>\n<\/tr>\n<tr>\n<td>Nhi\u1ec7t \u0111\u1ed9 ho\u1ea1t \u0111\u1ed9ng<\/td>\n<td>0 \u0111\u1ebfn +80 \u00b0C<\/td>\n<\/tr>\n<tr>\n<td>\u00c1p su\u1ea5t ho\u1ea1t \u0111\u1ed9ng<\/td>\n<td>0,5~1,5MPa<\/td>\n<\/tr>\n<tr>\n<td>V\u1eadt li\u1ec7u<\/td>\n<td>\u0110\u1ed3ng thau, nh\u00f4m<\/td>\n<\/tr>\n<tr>\n<td>\u1ed4 c\u1eafm k\u1ebft n\u1ed1i<\/td>\n<td>\u0110\u1ea7u v\u00e0o Rc1\/8, \u0110\u1ea7u ra \u03a64(Rc1\/8)<\/td>\n<\/tr>\n<tr>\n<td>Ph\u1ee5 ki\u1ec7n \u1ed5 c\u1eafm<\/td>\n<td>Ki\u1ec3u tay \u00e1o, Ki\u1ec3u nhanh<\/td>\n<\/tr>\n<tr>\n<td>V\u1ecb tr\u00ed l\u1eafp \u0111\u1eb7t<\/td>\n<td>B\u1ea5t k\u00ec<\/td>\n<\/tr>\n<\/tbody>\n<\/table>\n<h2>\u1ee8ng d\u1ee5ng<\/h2>\n<p>\u00c1p su\u1ea5t: Khi b\u01a1m b\u00f4i tr\u01a1n \u0111i\u1ec7n ho\u1eb7c b\u01a1m b\u00f4i tr\u01a1n th\u1ee7 c\u00f4ng ho\u1ea1t \u0111\u1ed9ng, h\u1ec7 th\u1ed1ng b\u00f4i tr\u01a1n s\u1ebd t\u1ea1o ra \u00e1p su\u1ea5t.<br \/>\n\u0110o l\u01b0\u1eddng: C\u00f3 m\u1ed9t piston ho\u1eb7c v\u00edt b\u00ean trong van \u0111o l\u01b0\u1eddng c\u00f3 th\u1ec3 \u0111i\u1ec1u ch\u1ec9nh b\u1eb1ng \u00e1p su\u1ea5t v\u00e0 l\u00f2 xo. Khi h\u1ec7 th\u1ed1ng \u0111ang ch\u1ea1y, \u00e1p su\u1ea5t \u0111\u1ea9y piston ho\u1eb7c v\u00edt di chuy\u1ec3n, \u0111\u1ea9y m\u1ed9t l\u01b0\u1ee3ng m\u1ee1 c\u1ee5 th\u1ec3 v\u00e0o \u0111\u01b0\u1eddng \u1ed1ng ph\u00e2n ph\u1ed1i.<br \/>\nPh\u00e2n ph\u1ed1i: M\u1ed7i chu k\u1ef3 c\u1ee7a van \u0111\u1ecbnh l\u01b0\u1ee3ng s\u1ebd ph\u00e2n ph\u1ed1i m\u1ee1 \u0111\u01b0\u1ee3c l\u01b0u tr\u1eef b\u00ean trong van \u0111\u1ecbnh l\u01b0\u1ee3ng \u0111\u1ebfn thi\u1ebft b\u1ecb ho\u1eb7c c\u00e1c b\u1ed9 ph\u1eadn c\u1ea7n b\u00f4i tr\u01a1n.<\/p>\n<h2>H\u01b0\u1edbng d\u1eabn s\u1eed d\u1ee5ng<\/h2>\n<div class=\"sdm_download_button_box_default\"><div class=\"sdm_download_link\"><a href=\"https:\/\/www.jinpinlub.com\/vi\/?sdm_process_download=1&download_id=3070\" class=\"sdm_download white\" title=\"Ri\u00eang t\u01b0: MUK Pressure-relief Distributor\" target=\"&quot;_blank&quot;\">Xem B\u1ea3ng d\u1eef li\u1ec7u - Nh\u00e0 ph\u00e2n ph\u1ed1i MUK<\/a><\/div><\/div>","protected":false},"excerpt":{"rendered":"<p>Van \u0111\u1ecbnh l\u01b0\u1ee3ng th\u1ec3 t\u00edch \u00e1p su\u1ea5t JINPINLUB MUK l\u00e0 lo\u1ea1i t\u00e1c \u0111\u1ed9ng \u00e1p su\u1ea5t tr\u1ef1c ti\u1ebfp. D\u1ea7u \u00e1p su\u1ea5t do b\u01a1m b\u00f4i tr\u01a1n cung c\u1ea5p \u0111\u1ea9y piston \u0111\u01b0\u1ee3c t\u00edch h\u1ee3p v\u00e0o b\u1ed9 ph\u1eadn \u0111\u1ecbnh l\u01b0\u1ee3ng \u0111\u1ec3 bu\u1ed9c d\u1ea7u \u0111\u1ecbnh l\u01b0\u1ee3ng \u0111\u01b0\u1ee3c x\u1ea3 ra.<\/p>","protected":false},"featured_media":3379,"template":"","meta":{"ocean_post_layout":"","ocean_both_sidebars_style":"","ocean_both_sidebars_content_width":0,"ocean_both_sidebars_sidebars_width":0,"ocean_sidebar":"0","ocean_second_sidebar":"0","ocean_disable_margins":"enable","ocean_add_body_class":"","ocean_shortcode_before_top_bar":"","ocean_shortcode_after_top_bar":"","ocean_shortcode_before_header":"","ocean_shortcode_after_header":"","ocean_has_shortcode":"","ocean_shortcode_after_title":"","ocean_shortcode_before_footer_widgets":"","ocean_shortcode_after_footer_widgets":"","ocean_shortcode_before_footer_bottom":"","ocean_shortcode_after_footer_bottom":"","ocean_display_top_bar":"default","ocean_display_header":"default","ocean_header_style":"","ocean_center_header_left_menu":"0","ocean_custom_header_template":"0","ocean_custom_logo":0,"ocean_custom_retina_logo":0,"ocean_custom_logo_max_width":0,"ocean_custom_logo_tablet_max_width":0,"ocean_custom_logo_mobile_max_width":0,"ocean_custom_logo_max_height":0,"ocean_custom_logo_tablet_max_height":0,"ocean_custom_logo_mobile_max_height":0,"ocean_header_custom_menu":"0","ocean_menu_typo_font_family":"0","ocean_menu_typo_font_subset":"","ocean_menu_typo_font_size":0,"ocean_menu_typo_font_size_tablet":0,"ocean_menu_typo_font_size_mobile":0,"ocean_menu_typo_font_size_unit":"px","ocean_menu_typo_font_weight":"","ocean_menu_typo_font_weight_tablet":"","ocean_menu_typo_font_weight_mobile":"","ocean_menu_typo_transform":"","ocean_menu_typo_transform_tablet":"","ocean_menu_typo_transform_mobile":"","ocean_menu_typo_line_height":0,"ocean_menu_typo_line_height_tablet":0,"ocean_menu_typo_line_height_mobile":0,"ocean_menu_typo_line_height_unit":"","ocean_menu_typo_spacing":0,"ocean_menu_typo_spacing_tablet":0,"ocean_menu_typo_spacing_mobile":0,"ocean_menu_typo_spacing_unit":"","ocean_menu_link_color":"","ocean_menu_link_color_hover":"","ocean_menu_link_color_active":"","ocean_menu_link_background":"","ocean_menu_link_hover_background":"","ocean_menu_link_active_background":"","ocean_menu_social_links_bg":"","ocean_menu_social_hover_links_bg":"","ocean_menu_social_links_color":"","ocean_menu_social_hover_links_color":"","ocean_disable_title":"default","ocean_disable_heading":"default","ocean_post_title":"","ocean_post_subheading":"","ocean_post_title_style":"","ocean_post_title_background_color":"","ocean_post_title_background":0,"ocean_post_title_bg_image_position":"","ocean_post_title_bg_image_attachment":"","ocean_post_title_bg_image_repeat":"","ocean_post_title_bg_image_size":"","ocean_post_title_height":0,"ocean_post_title_bg_overlay":0.5,"ocean_post_title_bg_overlay_color":"","ocean_disable_breadcrumbs":"default","ocean_breadcrumbs_color":"","ocean_breadcrumbs_separator_color":"","ocean_breadcrumbs_links_color":"","ocean_breadcrumbs_links_hover_color":"","ocean_display_footer_widgets":"default","ocean_display_footer_bottom":"default","ocean_custom_footer_template":"0","osh_disable_topbar_sticky":"default","osh_disable_header_sticky":"default","osh_sticky_header_style":"default","osh_sticky_header_effect":"","osh_custom_sticky_logo":0,"osh_custom_retina_sticky_logo":0,"osh_custom_sticky_logo_height":0,"osh_background_color":"","osh_links_color":"","osh_links_hover_color":"","osh_links_active_color":"","osh_links_bg_color":"","osh_links_hover_bg_color":"","osh_links_active_bg_color":"","osh_menu_social_links_color":"","osh_menu_social_hover_links_color":""},"product_brand":[],"product_cat":[40,37],"product_tag":[240,243,244],"class_list":{"0":"post-3409","1":"product","2":"type-product","3":"status-publish","4":"has-post-thumbnail","6":"product_cat-pressure-relief-metering-valves","7":"product_cat-single-line-grease-systems","8":"product_tag-pressurized-distributor","9":"product_tag-quantitative-metering-valve","10":"product_tag-volumetric-metering-device","12":"entry","13":"has-media","15":"first","16":"instock","17":"shipping-taxable","18":"product-type-external","19":"col","20":"span_1_of_3","21":"owp-content-center","22":"owp-thumbs-layout-horizontal","23":"owp-btn-very-big","24":"owp-tabs-layout-horizontal"},"_links":{"self":[{"href":"https:\/\/www.jinpinlub.com\/vi\/wp-json\/wp\/v2\/product\/3409","targetHints":{"allow":["GET"]}}],"collection":[{"href":"https:\/\/www.jinpinlub.com\/vi\/wp-json\/wp\/v2\/product"}],"about":[{"href":"https:\/\/www.jinpinlub.com\/vi\/wp-json\/wp\/v2\/types\/product"}],"wp:featuredmedia":[{"embeddable":true,"href":"https:\/\/www.jinpinlub.com\/vi\/wp-json\/wp\/v2\/media\/3379"}],"wp:attachment":[{"href":"https:\/\/www.jinpinlub.com\/vi\/wp-json\/wp\/v2\/media?parent=3409"}],"wp:term":[{"taxonomy":"product_brand","embeddable":true,"href":"https:\/\/www.jinpinlub.com\/vi\/wp-json\/wp\/v2\/product_brand?post=3409"},{"taxonomy":"product_cat","embeddable":true,"href":"https:\/\/www.jinpinlub.com\/vi\/wp-json\/wp\/v2\/product_cat?post=3409"},{"taxonomy":"product_tag","embeddable":true,"href":"https:\/\/www.jinpinlub.com\/vi\/wp-json\/wp\/v2\/product_tag?post=3409"}],"curies":[{"name":"wp","href":"https:\/\/api.w.org\/{rel}","templated":true}]}}