{"id":3410,"date":"2024-08-27T04:05:54","date_gmt":"2024-08-26T20:05:54","guid":{"rendered":"https:\/\/www.jinpinlub.com\/?post_type=product&#038;p=3410"},"modified":"2025-02-13T17:17:49","modified_gmt":"2025-02-13T09:17:49","slug":"thiet-bi-do-the-tich-mo-da-dau-ra-muk-precise","status":"publish","type":"product","link":"https:\/\/www.jinpinlub.com\/vi\/product\/muk-precise-multi-outlet-volumetric-grease-metering-device\/","title":{"rendered":"Thi\u1ebft b\u1ecb \u0111o m\u1ee1 th\u1ec3 t\u00edch \u0111a \u0111\u1ea7u ra ch\u00ednh x\u00e1c MUK"},"content":{"rendered":"<h2>T\u00ednh n\u0103ng<\/h2>\n<p>Ph\u00e2n ph\u1ed1i nhi\u1ec1u \u0111\u1ea7u ra: B\u1ed9 ph\u00e2n ph\u1ed1i gi\u1ea3m \u00e1p su\u1ea5t m\u1ee1 JINPINLUB MUK c\u00f3 th\u1ec3 \u0111\u01b0\u1ee3c c\u1ea5u h\u00ecnh t\u1eeb 2 \u0111\u1ebfn 12 ch\u1eef s\u1ed1 \u0111\u1ec3 \u0111\u00e1p \u1ee9ng nhu c\u1ea7u c\u1ee7a c\u00e1c h\u1ec7 th\u1ed1ng b\u00f4i tr\u01a1n kh\u00e1c nhau.<br \/>\nThi\u1ebft k\u1ebf van \u00f4: Van \u00f4 b\u00ean trong b\u1ed9 ph\u00e2n ph\u1ed1i ki\u1ec3m so\u00e1t d\u00f2ng ch\u1ea5t b\u00f4i tr\u01a1n d\u01b0\u1edbi \u00e1p su\u1ea5t c\u1ee7a h\u1ec7 th\u1ed1ng b\u00f4i tr\u01a1n, gi\u00fap ph\u00e2n ph\u1ed1i ch\u1ea5t b\u00f4i tr\u01a1n \u0111\u1ebfn nhi\u1ec1u \u0111i\u1ec3m b\u00f4i tr\u01a1n kh\u00e1c nhau m\u1ed9t c\u00e1ch r\u1ea5t ch\u00ednh x\u00e1c.<br \/>\nNhi\u1ec1u \u0111\u1ea7u ra: Van \u0111\u1ecbnh l\u01b0\u1ee3ng, m\u1ed9t trong nh\u1eefng th\u00e0nh ph\u1ea7n c\u1ee7a MUK, c\u00f3 nhi\u1ec1u th\u1ec3 t\u00edch x\u1ea3 \u0111\u1ec3 l\u1ef1a ch\u1ecdn, ch\u1eb3ng h\u1ea1n nh\u01b0 0,05, 0,1, 0,2, 0,3, 0,5 mL\/chu k\u1ef3.<br \/>\nV\u1eadt li\u1ec7u ch\u1ed1ng \u0103n m\u00f2n: B\u1ed9 ph\u00e2n ph\u1ed1i m\u1ee1 MUK th\u01b0\u1eddng \u0111\u01b0\u1ee3c l\u00e0m b\u1eb1ng v\u1eadt li\u1ec7u ch\u1ed1ng \u0103n m\u00f2n \u0111\u1ec3 th\u00edch \u1ee9ng v\u1edbi nhi\u1ec1u m\u00f4i tr\u01b0\u1eddng l\u00e0m vi\u1ec7c kh\u00e1c nhau.<\/p>\n<h2>\u0110\u1eb7c \u0111i\u1ec3m k\u1ef9 thu\u1eadt<\/h2>\n<table>\n<tbody>\n<tr>\n<td>Nguy\u00ean l\u00fd ch\u1ee9c n\u0103ng<\/td>\n<td>Van \u0111o \u00e1p su\u1ea5t gi\u1ea3m \u00e1p<\/td>\n<\/tr>\n<tr>\n<td>S\u1ed1 l\u01b0\u1ee3ng c\u1eeda h\u00e0ng<\/td>\n<td>1, 2, 3, 4, 5<\/td>\n<\/tr>\n<tr>\n<td>\u0110o l\u01b0\u1eddng s\u1ed1 l\u01b0\u1ee3ng<\/td>\n<td>0,03, 0,05, 0,13, 0,20, 0,30, 0,50mL\/chu k\u1ef3<\/td>\n<\/tr>\n<tr>\n<td>Ch\u1ea5t b\u00f4i tr\u01a1n<\/td>\n<td>M\u1ee1 b\u00f4i tr\u01a1n NLGI 000#, 00#.<\/td>\n<\/tr>\n<tr>\n<td>Nhi\u1ec7t \u0111\u1ed9 ho\u1ea1t \u0111\u1ed9ng<\/td>\n<td>0 \u0111\u1ebfn +80 \u00b0C<\/td>\n<\/tr>\n<tr>\n<td>\u00c1p su\u1ea5t ho\u1ea1t \u0111\u1ed9ng<\/td>\n<td>0,5~1,5MPa<\/td>\n<\/tr>\n<tr>\n<td>V\u1eadt li\u1ec7u<\/td>\n<td>\u0110\u1ed3ng thau, nh\u00f4m<\/td>\n<\/tr>\n<tr>\n<td>\u1ed4 c\u1eafm k\u1ebft n\u1ed1i<\/td>\n<td>\u0110\u1ea7u v\u00e0o Rc1\/8, \u0110\u1ea7u ra \u03a64(Rc1\/8)<\/td>\n<\/tr>\n<tr>\n<td>Ph\u1ee5 ki\u1ec7n \u1ed5 c\u1eafm<\/td>\n<td>Ki\u1ec3u tay \u00e1o, Ki\u1ec3u nhanh<\/td>\n<\/tr>\n<tr>\n<td>V\u1ecb tr\u00ed l\u1eafp \u0111\u1eb7t<\/td>\n<td>B\u1ea5t k\u00ec<\/td>\n<\/tr>\n<\/tbody>\n<\/table>\n<h2>Nguy\u00ean t\u1eafc<\/h2>\n<p>Ch\u1ea5t b\u00f4i tr\u01a1n ch\u1ea3y ra kh\u1ecfi b\u01a1m b\u00f4i tr\u01a1n, v\u00e0 \u00e1p su\u1ea5t h\u1ec7 th\u1ed1ng \u0111\u1ea9y piston trong b\u1ed9 ph\u00e2n ph\u1ed1i MUK l\u00ean tr\u00ean. Ch\u1ea5t b\u00f4i tr\u01a1n \u0111\u01b0\u1ee3c l\u01b0u tr\u1eef trong khoang d\u1ea7u \u0111\u01b0\u1ee3c x\u1ea3 ra. Khi piston di chuy\u1ec3n \u0111\u1ebfn \u0111\u1ec9nh khoang d\u1ea7u, qu\u00e1 tr\u00ecnh x\u1ea3 d\u1ea7u ho\u00e0n t\u1ea5t.<br \/>\nKhi b\u01a1m b\u00f4i tr\u01a1n ng\u1eebng cung c\u1ea5p d\u1ea7u, van gi\u1ea3m \u00e1p s\u1ebd t\u1ef1 \u0111\u1ed9ng nh\u1ea3 ra, cho ph\u00e9p ch\u1ea5t b\u00f4i tr\u01a1n trong \u0111\u01b0\u1eddng \u1ed1ng d\u1ea7u ch\u00ednh tr\u1edf v\u1ec1 qua van gi\u1ea3m \u00e1p. L\u00fac n\u00e0y, \u00e1p su\u1ea5t h\u1ec7 th\u1ed1ng gi\u1ea3m xu\u1ed1ng, v\u00e0 ch\u1ea5t b\u00f4i tr\u01a1n \u0111\u01b0\u1ee3c l\u01b0u tr\u1eef b\u00ean trong b\u1ed9 ph\u00e2n ph\u1ed1i, s\u1eb5n s\u00e0ng cho chu k\u1ef3 ti\u1ebfp theo.<\/p>\n<h2>H\u01b0\u1edbng d\u1eabn s\u1eed d\u1ee5ng<\/h2>\n<div class=\"sdm_download_button_box_default\"><div class=\"sdm_download_link\"><a href=\"https:\/\/www.jinpinlub.com\/vi\/?sdm_process_download=1&download_id=3070\" class=\"sdm_download white\" title=\"Ri\u00eang t\u01b0: MUK Pressure-relief Distributor\" target=\"&quot;_blank&quot;\">Xem B\u1ea3ng d\u1eef li\u1ec7u - Nh\u00e0 ph\u00e2n ph\u1ed1i MUK<\/a><\/div><\/div>","protected":false},"excerpt":{"rendered":"<p>B\u1ed9 ph\u00e2n ph\u1ed1i m\u1ee1 MUK l\u00e0 m\u1ed9t th\u00e0nh ph\u1ea7n ph\u00e2n ph\u1ed1i h\u1ec7 th\u1ed1ng b\u00f4i tr\u01a1n m\u1ed9t d\u00f2ng thi\u1ebft k\u1ebf m\u00f4-\u0111un, bao g\u1ed3m van \u0111o b\u1eb1ng \u0111\u1ed3ng thau v\u00e0 \u1ed1ng ph\u00e2n ph\u1ed1i b\u1eb1ng nh\u00f4m. N\u00f3 \u0111\u01b0\u1ee3c s\u1eed d\u1ee5ng trong c\u00e1c h\u1ec7 th\u1ed1ng b\u00f4i tr\u01a1n m\u1ee1 th\u1ec3 t\u00edch c\u00f3 thi\u1ebft b\u1ecb gi\u1ea3m \u00e1p, h\u1ec7 th\u1ed1ng \u0111i\u1ec7n ho\u1eb7c th\u1ee7 c\u00f4ng.<\/p>","protected":false},"featured_media":3386,"template":"","meta":{"ocean_post_layout":"","ocean_both_sidebars_style":"","ocean_both_sidebars_content_width":0,"ocean_both_sidebars_sidebars_width":0,"ocean_sidebar":"0","ocean_second_sidebar":"0","ocean_disable_margins":"enable","ocean_add_body_class":"","ocean_shortcode_before_top_bar":"","ocean_shortcode_after_top_bar":"","ocean_shortcode_before_header":"","ocean_shortcode_after_header":"","ocean_has_shortcode":"","ocean_shortcode_after_title":"","ocean_shortcode_before_footer_widgets":"","ocean_shortcode_after_footer_widgets":"","ocean_shortcode_before_footer_bottom":"","ocean_shortcode_after_footer_bottom":"","ocean_display_top_bar":"default","ocean_display_header":"default","ocean_header_style":"","ocean_center_header_left_menu":"0","ocean_custom_header_template":"0","ocean_custom_logo":0,"ocean_custom_retina_logo":0,"ocean_custom_logo_max_width":0,"ocean_custom_logo_tablet_max_width":0,"ocean_custom_logo_mobile_max_width":0,"ocean_custom_logo_max_height":0,"ocean_custom_logo_tablet_max_height":0,"ocean_custom_logo_mobile_max_height":0,"ocean_header_custom_menu":"0","ocean_menu_typo_font_family":"0","ocean_menu_typo_font_subset":"","ocean_menu_typo_font_size":0,"ocean_menu_typo_font_size_tablet":0,"ocean_menu_typo_font_size_mobile":0,"ocean_menu_typo_font_size_unit":"px","ocean_menu_typo_font_weight":"","ocean_menu_typo_font_weight_tablet":"","ocean_menu_typo_font_weight_mobile":"","ocean_menu_typo_transform":"","ocean_menu_typo_transform_tablet":"","ocean_menu_typo_transform_mobile":"","ocean_menu_typo_line_height":0,"ocean_menu_typo_line_height_tablet":0,"ocean_menu_typo_line_height_mobile":0,"ocean_menu_typo_line_height_unit":"","ocean_menu_typo_spacing":0,"ocean_menu_typo_spacing_tablet":0,"ocean_menu_typo_spacing_mobile":0,"ocean_menu_typo_spacing_unit":"","ocean_menu_link_color":"","ocean_menu_link_color_hover":"","ocean_menu_link_color_active":"","ocean_menu_link_background":"","ocean_menu_link_hover_background":"","ocean_menu_link_active_background":"","ocean_menu_social_links_bg":"","ocean_menu_social_hover_links_bg":"","ocean_menu_social_links_color":"","ocean_menu_social_hover_links_color":"","ocean_disable_title":"default","ocean_disable_heading":"default","ocean_post_title":"","ocean_post_subheading":"","ocean_post_title_style":"","ocean_post_title_background_color":"","ocean_post_title_background":0,"ocean_post_title_bg_image_position":"","ocean_post_title_bg_image_attachment":"","ocean_post_title_bg_image_repeat":"","ocean_post_title_bg_image_size":"","ocean_post_title_height":0,"ocean_post_title_bg_overlay":0.5,"ocean_post_title_bg_overlay_color":"","ocean_disable_breadcrumbs":"default","ocean_breadcrumbs_color":"","ocean_breadcrumbs_separator_color":"","ocean_breadcrumbs_links_color":"","ocean_breadcrumbs_links_hover_color":"","ocean_display_footer_widgets":"default","ocean_display_footer_bottom":"default","ocean_custom_footer_template":"0","osh_disable_topbar_sticky":"default","osh_disable_header_sticky":"default","osh_sticky_header_style":"default","osh_sticky_header_effect":"","osh_custom_sticky_logo":0,"osh_custom_retina_sticky_logo":0,"osh_custom_sticky_logo_height":0,"osh_background_color":"","osh_links_color":"","osh_links_hover_color":"","osh_links_active_color":"","osh_links_bg_color":"","osh_links_hover_bg_color":"","osh_links_active_bg_color":"","osh_menu_social_links_color":"","osh_menu_social_hover_links_color":""},"product_brand":[],"product_cat":[40,37],"product_tag":[97,98,84],"class_list":{"0":"post-3410","1":"product","2":"type-product","3":"status-publish","4":"has-post-thumbnail","6":"product_cat-pressure-relief-metering-valves","7":"product_cat-single-line-grease-systems","8":"product_tag-grease-injector","9":"product_tag-grease-metering-device","10":"product_tag-volumetric-distributor","12":"entry","13":"has-media","15":"first","16":"instock","17":"shipping-taxable","18":"product-type-external","19":"col","20":"span_1_of_3","21":"owp-content-center","22":"owp-thumbs-layout-horizontal","23":"owp-btn-very-big","24":"owp-tabs-layout-horizontal"},"_links":{"self":[{"href":"https:\/\/www.jinpinlub.com\/vi\/wp-json\/wp\/v2\/product\/3410","targetHints":{"allow":["GET"]}}],"collection":[{"href":"https:\/\/www.jinpinlub.com\/vi\/wp-json\/wp\/v2\/product"}],"about":[{"href":"https:\/\/www.jinpinlub.com\/vi\/wp-json\/wp\/v2\/types\/product"}],"wp:featuredmedia":[{"embeddable":true,"href":"https:\/\/www.jinpinlub.com\/vi\/wp-json\/wp\/v2\/media\/3386"}],"wp:attachment":[{"href":"https:\/\/www.jinpinlub.com\/vi\/wp-json\/wp\/v2\/media?parent=3410"}],"wp:term":[{"taxonomy":"product_brand","embeddable":true,"href":"https:\/\/www.jinpinlub.com\/vi\/wp-json\/wp\/v2\/product_brand?post=3410"},{"taxonomy":"product_cat","embeddable":true,"href":"https:\/\/www.jinpinlub.com\/vi\/wp-json\/wp\/v2\/product_cat?post=3410"},{"taxonomy":"product_tag","embeddable":true,"href":"https:\/\/www.jinpinlub.com\/vi\/wp-json\/wp\/v2\/product_tag?post=3410"}],"curies":[{"name":"wp","href":"https:\/\/api.w.org\/{rel}","templated":true}]}}