{"id":3411,"date":"2024-08-27T04:10:51","date_gmt":"2024-08-26T20:10:51","guid":{"rendered":"https:\/\/www.jinpinlub.com\/?post_type=product&#038;p=3411"},"modified":"2025-02-13T17:17:53","modified_gmt":"2025-02-13T09:17:53","slug":"muk-modular-don-dong-phan-phoi-dau-mo-cho-he-thong-mo","status":"publish","type":"product","link":"https:\/\/www.jinpinlub.com\/vi\/product\/muk-modular-single-line-lube-distributor-for-grease-system\/","title":{"rendered":"B\u1ed9 ph\u00e2n ph\u1ed1i m\u1ee1 b\u00f4i tr\u01a1n d\u1ea1ng m\u00f4-\u0111un MUK cho h\u1ec7 th\u1ed1ng m\u1ee1 b\u00f4i tr\u01a1n"},"content":{"rendered":"<h2>T\u00ednh n\u0103ng<\/h2>\n<p>K\u00edch th\u01b0\u1edbc nh\u1ecf v\u00e0 c\u1ea5u tr\u00fac nh\u1ecf g\u1ecdn: Thi\u1ebft k\u1ebf c\u1ee7a b\u1ed9 ph\u00e2n ph\u1ed1i JINPINLUB MUK r\u1ea5t nh\u1ecf g\u1ecdn v\u00e0 ph\u00f9 h\u1ee3p \u0111\u1ec3 l\u1eafp \u0111\u1eb7t trong c\u00e1c thi\u1ebft b\u1ecb c\u00f3 kh\u00f4ng gian h\u1ea1n ch\u1ebf. K\u00edch th\u01b0\u1edbc nh\u1ecf c\u1ee7a n\u00f3 cho ph\u00e9p d\u1ec5 d\u00e0ng t\u00edch h\u1ee3p v\u00e0o c\u00e1c thi\u1ebft b\u1ecb c\u01a1 kh\u00ed kh\u00e1c nhau.<br \/>\nB\u1ea3o tr\u00ec d\u1ec5 d\u00e0ng: Thi\u1ebft k\u1ebf c\u1ee7a m\u00e1y tra d\u1ea7u n\u00e0y t\u00ednh \u0111\u1ebfn nhu c\u1ea7u b\u1ea3o tr\u00ec c\u1ee7a ng\u01b0\u1eddi d\u00f9ng. Thi\u1ebft k\u1ebf m\u00f4-\u0111un cho ph\u00e9p t\u1eebng b\u1ed9 ph\u1eadn \u0111\u01b0\u1ee3c thay th\u1ebf v\u00e0 s\u1eeda ch\u1eefa \u0111\u1ed9c l\u1eadp, gi\u1ea3m th\u1eddi gian ng\u1eebng ho\u1ea1t \u0111\u1ed9ng c\u1ee7a thi\u1ebft b\u1ecb v\u00e0 c\u1ea3i thi\u1ec7n hi\u1ec7u qu\u1ea3 s\u1ea3n xu\u1ea5t.<br \/>\n\u0110\u1ed9 ch\u00ednh x\u00e1c \u0111\u1ea7u ra d\u1ea7u cao: B\u1ed9 ph\u00e2n ph\u1ed1i m\u1ed9t d\u00f2ng MUK c\u00f3 th\u1ec3 ki\u1ec3m so\u00e1t ch\u00ednh x\u00e1c l\u01b0\u1ee3ng d\u1ea7u b\u00f4i tr\u01a1n \u0111\u1ea7u ra \u0111\u1ec3 \u0111\u1ea3m b\u1ea3o m\u1ed7i \u0111i\u1ec3m b\u00f4i tr\u01a1n c\u00f3 th\u1ec3 \u0111\u1ea1t \u0111\u01b0\u1ee3c l\u01b0\u1ee3ng d\u1ea7u b\u00f4i tr\u01a1n ph\u00f9 h\u1ee3p. \u0110i\u1ec1u n\u00e0y kh\u00f4ng ch\u1ec9 c\u1ea3i thi\u1ec7n hi\u1ec7u qu\u1ea3 b\u00f4i tr\u01a1n m\u00e0 c\u00f2n gi\u1ea3m l\u00e3ng ph\u00ed d\u1ea7u b\u00f4i tr\u01a1n.<\/p>\n<h2>\u0110\u1eb7c \u0111i\u1ec3m k\u1ef9 thu\u1eadt<\/h2>\n<table>\n<tbody>\n<tr>\n<td>Nguy\u00ean l\u00fd ch\u1ee9c n\u0103ng<\/td>\n<td>Van \u0111o \u00e1p su\u1ea5t gi\u1ea3m \u00e1p<\/td>\n<\/tr>\n<tr>\n<td>S\u1ed1 l\u01b0\u1ee3ng c\u1eeda h\u00e0ng<\/td>\n<td>1, 2, 3, 4, 5<\/td>\n<\/tr>\n<tr>\n<td>\u0110o l\u01b0\u1eddng s\u1ed1 l\u01b0\u1ee3ng<\/td>\n<td>0,03, 0,05, 0,13, 0,20, 0,30, 0,50mL\/chu k\u1ef3<\/td>\n<\/tr>\n<tr>\n<td>Ch\u1ea5t b\u00f4i tr\u01a1n<\/td>\n<td>M\u1ee1 b\u00f4i tr\u01a1n NLGI 000#, 00#.<\/td>\n<\/tr>\n<tr>\n<td>Nhi\u1ec7t \u0111\u1ed9 ho\u1ea1t \u0111\u1ed9ng<\/td>\n<td>0 \u0111\u1ebfn +80 \u00b0C<\/td>\n<\/tr>\n<tr>\n<td>\u00c1p su\u1ea5t ho\u1ea1t \u0111\u1ed9ng<\/td>\n<td>0,5~1,5MPa<\/td>\n<\/tr>\n<tr>\n<td>V\u1eadt li\u1ec7u<\/td>\n<td>\u0110\u1ed3ng thau, nh\u00f4m<\/td>\n<\/tr>\n<tr>\n<td>\u1ed4 c\u1eafm k\u1ebft n\u1ed1i<\/td>\n<td>\u0110\u1ea7u v\u00e0o Rc1\/8, \u0110\u1ea7u ra \u03a64(Rc1\/8)<\/td>\n<\/tr>\n<tr>\n<td>Ph\u1ee5 ki\u1ec7n \u1ed5 c\u1eafm<\/td>\n<td>Ki\u1ec3u tay \u00e1o, Ki\u1ec3u nhanh<\/td>\n<\/tr>\n<tr>\n<td>V\u1ecb tr\u00ed l\u1eafp \u0111\u1eb7t<\/td>\n<td>B\u1ea5t k\u00ec<\/td>\n<\/tr>\n<\/tbody>\n<\/table>\n<h2>\u1ee8ng d\u1ee5ng<\/h2>\n<p>B\u1ed9 ph\u00e2n ph\u1ed1i m\u1ee1 m\u1ed9t d\u00f2ng MUK \u0111\u01b0\u1ee3c l\u0129nh v\u1ef1c m\u00e1y c\u00f4ng c\u1ee5 s\u1eed d\u1ee5ng r\u1ed9ng r\u00e3i trong c\u00e1c thi\u1ebft b\u1ecb nh\u01b0 m\u00e1y c\u00f4ng c\u1ee5 CNC, trung t\u00e2m gia c\u00f4ng v\u00e0 m\u00e1y m\u00e0i. N\u00f3 c\u00f3 th\u1ec3 cung c\u1ea5p kh\u1ea3 n\u0103ng b\u00f4i tr\u01a1n t\u1ed1t v\u00e0 hi\u1ec7u qu\u1ea3, gi\u00fap k\u00e9o d\u00e0i \u0111\u00e1ng k\u1ec3 tu\u1ed5i th\u1ecd c\u1ee7a thi\u1ebft b\u1ecb, gi\u1ea3m t\u1ef7 l\u1ec7 h\u1ecfng h\u00f3c trong thi\u1ebft b\u1ecb v\u00e0 n\u00e2ng cao hi\u1ec7u qu\u1ea3 s\u1ea3n xu\u1ea5t. \u0110\u1ec3 \u0111\u1ea3m b\u1ea3o ho\u1ea1t \u0111\u1ed9ng t\u1ed1t nh\u1ea5t trong th\u1eddi gian d\u00e0i, b\u1ed9 ph\u00e2n ph\u1ed1i n\u00ean \u0111\u01b0\u1ee3c b\u1ea3o d\u01b0\u1ee1ng t\u1ed1t th\u01b0\u1eddng xuy\u00ean. Ng\u01b0\u1eddi d\u00f9ng ph\u1ea3i ki\u1ec3m tra c\u00e1c b\u1ed9 ph\u1eadn kh\u00e1c nhau c\u1ee7a kim phun d\u1ea7u theo th\u1eddi gian \u0111\u1ec3 \u0111\u1ea3m b\u1ea3o ch\u00fang ho\u1ea1t \u0111\u1ed9ng hi\u1ec7u qu\u1ea3.<\/p>\n<h2>H\u01b0\u1edbng d\u1eabn s\u1eed d\u1ee5ng<\/h2>\n<div class=\"sdm_download_button_box_default\"><div class=\"sdm_download_link\"><a href=\"https:\/\/www.jinpinlub.com\/vi\/?sdm_process_download=1&download_id=3070\" class=\"sdm_download white\" title=\"Ri\u00eang t\u01b0: MUK Pressure-relief Distributor\" target=\"&quot;_blank&quot;\">Xem B\u1ea3ng d\u1eef li\u1ec7u - Nh\u00e0 ph\u00e2n ph\u1ed1i MUK<\/a><\/div><\/div>","protected":false},"excerpt":{"rendered":"<p>B\u1ed9 ph\u00e2n ph\u1ed1i m\u1ee1 m\u1ed9t d\u00f2ng MUK l\u00e0 ph\u1ee5 ki\u1ec7n b\u00f4i tr\u01a1n \u0111\u01b0\u1ee3c thi\u1ebft k\u1ebf cho ng\u00e0nh c\u00f4ng nghi\u1ec7p m\u00e1y c\u00f4ng c\u1ee5, v\u1edbi c\u00e1c \u0111\u1eb7c \u0111i\u1ec3m nh\u01b0 k\u00edch th\u01b0\u1edbc nh\u1ecf, c\u1ea5u tr\u00fac nh\u1ecf g\u1ecdn, m\u00f4-\u0111un h\u00f3a, d\u1ec5 b\u1ea3o tr\u00ec, \u0111\u1ed9 ch\u00ednh x\u00e1c \u0111\u1ea7u ra cao, v.v. \u0110\u01b0\u1ee3c thi\u1ebft k\u1ebf \u0111\u1ec3 l\u00e0m m\u1ec1m ch\u00ednh x\u00e1c v\u00e0 l\u1eafp \u0111\u1eb7t d\u1ec5 d\u00e0ng.<\/p>","protected":false},"featured_media":3390,"template":"","meta":{"ocean_post_layout":"","ocean_both_sidebars_style":"","ocean_both_sidebars_content_width":0,"ocean_both_sidebars_sidebars_width":0,"ocean_sidebar":"0","ocean_second_sidebar":"0","ocean_disable_margins":"enable","ocean_add_body_class":"","ocean_shortcode_before_top_bar":"","ocean_shortcode_after_top_bar":"","ocean_shortcode_before_header":"","ocean_shortcode_after_header":"","ocean_has_shortcode":"","ocean_shortcode_after_title":"","ocean_shortcode_before_footer_widgets":"","ocean_shortcode_after_footer_widgets":"","ocean_shortcode_before_footer_bottom":"","ocean_shortcode_after_footer_bottom":"","ocean_display_top_bar":"default","ocean_display_header":"default","ocean_header_style":"","ocean_center_header_left_menu":"0","ocean_custom_header_template":"0","ocean_custom_logo":0,"ocean_custom_retina_logo":0,"ocean_custom_logo_max_width":0,"ocean_custom_logo_tablet_max_width":0,"ocean_custom_logo_mobile_max_width":0,"ocean_custom_logo_max_height":0,"ocean_custom_logo_tablet_max_height":0,"ocean_custom_logo_mobile_max_height":0,"ocean_header_custom_menu":"0","ocean_menu_typo_font_family":"0","ocean_menu_typo_font_subset":"","ocean_menu_typo_font_size":0,"ocean_menu_typo_font_size_tablet":0,"ocean_menu_typo_font_size_mobile":0,"ocean_menu_typo_font_size_unit":"px","ocean_menu_typo_font_weight":"","ocean_menu_typo_font_weight_tablet":"","ocean_menu_typo_font_weight_mobile":"","ocean_menu_typo_transform":"","ocean_menu_typo_transform_tablet":"","ocean_menu_typo_transform_mobile":"","ocean_menu_typo_line_height":0,"ocean_menu_typo_line_height_tablet":0,"ocean_menu_typo_line_height_mobile":0,"ocean_menu_typo_line_height_unit":"","ocean_menu_typo_spacing":0,"ocean_menu_typo_spacing_tablet":0,"ocean_menu_typo_spacing_mobile":0,"ocean_menu_typo_spacing_unit":"","ocean_menu_link_color":"","ocean_menu_link_color_hover":"","ocean_menu_link_color_active":"","ocean_menu_link_background":"","ocean_menu_link_hover_background":"","ocean_menu_link_active_background":"","ocean_menu_social_links_bg":"","ocean_menu_social_hover_links_bg":"","ocean_menu_social_links_color":"","ocean_menu_social_hover_links_color":"","ocean_disable_title":"default","ocean_disable_heading":"default","ocean_post_title":"","ocean_post_subheading":"","ocean_post_title_style":"","ocean_post_title_background_color":"","ocean_post_title_background":0,"ocean_post_title_bg_image_position":"","ocean_post_title_bg_image_attachment":"","ocean_post_title_bg_image_repeat":"","ocean_post_title_bg_image_size":"","ocean_post_title_height":0,"ocean_post_title_bg_overlay":0.5,"ocean_post_title_bg_overlay_color":"","ocean_disable_breadcrumbs":"default","ocean_breadcrumbs_color":"","ocean_breadcrumbs_separator_color":"","ocean_breadcrumbs_links_color":"","ocean_breadcrumbs_links_hover_color":"","ocean_display_footer_widgets":"default","ocean_display_footer_bottom":"default","ocean_custom_footer_template":"0","osh_disable_topbar_sticky":"default","osh_disable_header_sticky":"default","osh_sticky_header_style":"default","osh_sticky_header_effect":"","osh_custom_sticky_logo":0,"osh_custom_retina_sticky_logo":0,"osh_custom_sticky_logo_height":0,"osh_background_color":"","osh_links_color":"","osh_links_hover_color":"","osh_links_active_color":"","osh_links_bg_color":"","osh_links_hover_bg_color":"","osh_links_active_bg_color":"","osh_menu_social_links_color":"","osh_menu_social_hover_links_color":""},"product_brand":[],"product_cat":[40,37],"product_tag":[87,100,240],"class_list":{"0":"post-3411","1":"product","2":"type-product","3":"status-publish","4":"has-post-thumbnail","6":"product_cat-pressure-relief-metering-valves","7":"product_cat-single-line-grease-systems","8":"product_tag-grease-distributor","9":"product_tag-grease-metering-valve","10":"product_tag-pressurized-distributor","12":"entry","13":"has-media","15":"first","16":"instock","17":"shipping-taxable","18":"product-type-external","19":"col","20":"span_1_of_3","21":"owp-content-center","22":"owp-thumbs-layout-horizontal","23":"owp-btn-very-big","24":"owp-tabs-layout-horizontal"},"_links":{"self":[{"href":"https:\/\/www.jinpinlub.com\/vi\/wp-json\/wp\/v2\/product\/3411","targetHints":{"allow":["GET"]}}],"collection":[{"href":"https:\/\/www.jinpinlub.com\/vi\/wp-json\/wp\/v2\/product"}],"about":[{"href":"https:\/\/www.jinpinlub.com\/vi\/wp-json\/wp\/v2\/types\/product"}],"wp:featuredmedia":[{"embeddable":true,"href":"https:\/\/www.jinpinlub.com\/vi\/wp-json\/wp\/v2\/media\/3390"}],"wp:attachment":[{"href":"https:\/\/www.jinpinlub.com\/vi\/wp-json\/wp\/v2\/media?parent=3411"}],"wp:term":[{"taxonomy":"product_brand","embeddable":true,"href":"https:\/\/www.jinpinlub.com\/vi\/wp-json\/wp\/v2\/product_brand?post=3411"},{"taxonomy":"product_cat","embeddable":true,"href":"https:\/\/www.jinpinlub.com\/vi\/wp-json\/wp\/v2\/product_cat?post=3411"},{"taxonomy":"product_tag","embeddable":true,"href":"https:\/\/www.jinpinlub.com\/vi\/wp-json\/wp\/v2\/product_tag?post=3411"}],"curies":[{"name":"wp","href":"https:\/\/api.w.org\/{rel}","templated":true}]}}