{"id":3412,"date":"2024-08-27T04:13:22","date_gmt":"2024-08-26T20:13:22","guid":{"rendered":"https:\/\/www.jinpinlub.com\/?post_type=product&#038;p=3412"},"modified":"2025-02-13T17:17:57","modified_gmt":"2025-02-13T09:17:57","slug":"thiet-bi-do-ap-suat-giam-ap-muk-de-boi-tron-chinh-xac","status":"publish","type":"product","link":"https:\/\/www.jinpinlub.com\/vi\/product\/muk-pressure-relief-metering-device-for-precise-lubrication\/","title":{"rendered":"Thi\u1ebft b\u1ecb \u0111o \u00e1p su\u1ea5t MUK \u0111\u1ec3 b\u00f4i tr\u01a1n ch\u00ednh x\u00e1c"},"content":{"rendered":"<h2>T\u00ednh n\u0103ng<\/h2>\n<p>JINPINLUB MUK l\u00e0 m\u1ed9t \u0111\u01a1n v\u1ecb \u0111o l\u01b0\u1eddng \u0111\u1ecbnh l\u01b0\u1ee3ng lo\u1ea1i \u00e1p su\u1ea5t. N\u00f3 x\u1ea3 ch\u00ednh x\u00e1c. Trong m\u1ed9t chu k\u1ef3 l\u00e0m vi\u1ec7c, th\u00e0nh ph\u1ea7n \u0111o l\u01b0\u1eddng ch\u1ec9 x\u1ea3 m\u1ed9t l\u1ea7n. Trong h\u1ec7 th\u1ed1ng b\u00f4i tr\u01a1n, th\u00e0nh ph\u1ea7n \u0111o l\u01b0\u1eddng c\u00f3 th\u1ec3 \u0111\u01b0\u1ee3c l\u1eafp \u0111\u1eb7t xa, g\u1ea7n, cao, th\u1ea5p, n\u1eb1m ngang ho\u1eb7c th\u1eb3ng \u0111\u1ee9ng m\u00e0 kh\u00f4ng \u1ea3nh h\u01b0\u1edfng \u0111\u1ebfn ho\u1ea1t \u0111\u1ed9ng c\u1ee7a n\u00f3. N\u00f3 x\u1ea3 m\u1ea1nh v\u00e0 di chuy\u1ec3n nh\u1ea1y. Van \u0111o l\u01b0\u1eddng \u0111\u01b0\u1ee3c thi\u1ebft k\u1ebf v\u1edbi hai k\u1ebft n\u1ed1i b\u1ecbt k\u00edn \u0111\u1ec3 ng\u0103n ch\u1eb7n d\u00f2ng x\u1ea3 ch\u1ea3y ng\u01b0\u1ee3c.<\/p>\n<h2>\u0110\u1eb7c \u0111i\u1ec3m k\u1ef9 thu\u1eadt<\/h2>\n<table>\n<tbody>\n<tr>\n<td>Nguy\u00ean l\u00fd ch\u1ee9c n\u0103ng<\/td>\n<td>Van \u0111o \u00e1p su\u1ea5t gi\u1ea3m \u00e1p<\/td>\n<\/tr>\n<tr>\n<td>S\u1ed1 l\u01b0\u1ee3ng c\u1eeda h\u00e0ng<\/td>\n<td>1, 2, 3, 4, 5<\/td>\n<\/tr>\n<tr>\n<td>\u0110o l\u01b0\u1eddng s\u1ed1 l\u01b0\u1ee3ng<\/td>\n<td>0,03, 0,05, 0,13, 0,20, 0,30, 0,50mL\/chu k\u1ef3<\/td>\n<\/tr>\n<tr>\n<td>Ch\u1ea5t b\u00f4i tr\u01a1n<\/td>\n<td>M\u1ee1 b\u00f4i tr\u01a1n NLGI 000#, 00#.<\/td>\n<\/tr>\n<tr>\n<td>Nhi\u1ec7t \u0111\u1ed9 ho\u1ea1t \u0111\u1ed9ng<\/td>\n<td>0 \u0111\u1ebfn +80 \u00b0C<\/td>\n<\/tr>\n<tr>\n<td>\u00c1p su\u1ea5t ho\u1ea1t \u0111\u1ed9ng<\/td>\n<td>0,5~1,5MPa<\/td>\n<\/tr>\n<tr>\n<td>V\u1eadt li\u1ec7u<\/td>\n<td>\u0110\u1ed3ng thau, nh\u00f4m<\/td>\n<\/tr>\n<tr>\n<td>\u1ed4 c\u1eafm k\u1ebft n\u1ed1i<\/td>\n<td>\u0110\u1ea7u v\u00e0o Rc1\/8, \u0110\u1ea7u ra \u03a64(Rc1\/8)<\/td>\n<\/tr>\n<tr>\n<td>Ph\u1ee5 ki\u1ec7n \u1ed5 c\u1eafm<\/td>\n<td>Ki\u1ec3u tay \u00e1o, Ki\u1ec3u nhanh<\/td>\n<\/tr>\n<tr>\n<td>V\u1ecb tr\u00ed l\u1eafp \u0111\u1eb7t<\/td>\n<td>B\u1ea5t k\u00ec<\/td>\n<\/tr>\n<\/tbody>\n<\/table>\n<h2>\u1ee8ng d\u1ee5ng<\/h2>\n<p>Thi\u1ebft b\u1ecb \u0111\u1ecbnh l\u01b0\u1ee3ng m\u1ee1 b\u00f4i tr\u01a1n m\u1ed9t d\u00f2ng MUK \u0111\u01b0\u1ee3c s\u1eed d\u1ee5ng r\u1ed9ng r\u00e3i trong ng\u00e0nh c\u00f4ng nghi\u1ec7p m\u00e1y c\u00f4ng c\u1ee5, bao g\u1ed3m m\u00e1y ti\u1ec7n, m\u00e1y phay, m\u00e1y m\u00e0i v\u00e0 c\u00e1c thi\u1ebft b\u1ecb c\u01a1 kh\u00ed kh\u00e1c. N\u00f3 kh\u00f4ng ch\u1ec9 c\u00f3 th\u1ec3 l\u00e0m gi\u1ea3m hi\u1ec7u qu\u1ea3 s\u1ef1 m\u00e0i m\u00f2n c\u1ee7a c\u00e1c b\u1ed9 ph\u1eadn c\u01a1 kh\u00ed m\u00e0 c\u00f2n gi\u1ea3m t\u1ef7 l\u1ec7 h\u1ecfng h\u00f3c c\u1ee7a thi\u1ebft b\u1ecb v\u00e0 k\u00e9o d\u00e0i tu\u1ed5i th\u1ecd c\u1ee7a thi\u1ebft b\u1ecb. Ngo\u00e0i ra, n\u00f3 c\u0169ng ph\u00f9 h\u1ee3p v\u1edbi c\u00e1c thi\u1ebft b\u1ecb c\u00f4ng nghi\u1ec7p kh\u00e1c c\u1ea7n b\u00f4i tr\u01a1n ch\u00ednh x\u00e1c, ch\u1eb3ng h\u1ea1n nh\u01b0 m\u00e1y in, m\u00e1y m\u00f3c d\u1ec7t v\u00e0 thi\u1ebft b\u1ecb ch\u1ebf bi\u1ebfn th\u1ef1c ph\u1ea9m.<\/p>\n<h2>H\u01b0\u1edbng d\u1eabn s\u1eed d\u1ee5ng<\/h2>\n<div class=\"sdm_download_button_box_default\"><div class=\"sdm_download_link\"><a href=\"https:\/\/www.jinpinlub.com\/vi\/?sdm_process_download=1&download_id=3070\" class=\"sdm_download white\" title=\"Ri\u00eang t\u01b0: MUK Pressure-relief Distributor\" target=\"&quot;_blank&quot;\">Xem B\u1ea3ng d\u1eef li\u1ec7u - Nh\u00e0 ph\u00e2n ph\u1ed1i MUK<\/a><\/div><\/div>","protected":false},"excerpt":{"rendered":"<p>C\u00e1c th\u00e0nh ph\u1ea7n \u0111o l\u01b0\u1eddng MU v\u00e0 \u1ed1ng ph\u00e2n ph\u1ed1i l\u00e0 c\u00e1c c\u1ea5u tr\u00fac ri\u00eang bi\u1ec7t. C\u00e1c th\u00e0nh ph\u1ea7n \u0111o l\u01b0\u1eddng t\u01b0\u01a1ng \u1ee9ng \u0111\u01b0\u1ee3c l\u1ef1a ch\u1ecdn theo l\u01b0\u1ee3ng b\u00f4i tr\u01a1n c\u1ea7n thi\u1ebft c\u1ee7a t\u1eebng \u0111i\u1ec3m b\u00f4i tr\u01a1n. Ch\u00fang c\u00f3 th\u1ec3 \u0111\u01b0\u1ee3c k\u1ebft h\u1ee3p t\u1ef1 do v\u1edbi \u1ed1ng ph\u00e2n ph\u1ed1i MUJ v\u00e0 \u0111\u01b0\u1ee3c s\u1eed d\u1ee5ng theo chu\u1ed7i ho\u1eb7c song song.<\/p>","protected":false},"featured_media":3393,"template":"","meta":{"ocean_post_layout":"","ocean_both_sidebars_style":"","ocean_both_sidebars_content_width":0,"ocean_both_sidebars_sidebars_width":0,"ocean_sidebar":"0","ocean_second_sidebar":"0","ocean_disable_margins":"enable","ocean_add_body_class":"","ocean_shortcode_before_top_bar":"","ocean_shortcode_after_top_bar":"","ocean_shortcode_before_header":"","ocean_shortcode_after_header":"","ocean_has_shortcode":"","ocean_shortcode_after_title":"","ocean_shortcode_before_footer_widgets":"","ocean_shortcode_after_footer_widgets":"","ocean_shortcode_before_footer_bottom":"","ocean_shortcode_after_footer_bottom":"","ocean_display_top_bar":"default","ocean_display_header":"default","ocean_header_style":"","ocean_center_header_left_menu":"0","ocean_custom_header_template":"0","ocean_custom_logo":0,"ocean_custom_retina_logo":0,"ocean_custom_logo_max_width":0,"ocean_custom_logo_tablet_max_width":0,"ocean_custom_logo_mobile_max_width":0,"ocean_custom_logo_max_height":0,"ocean_custom_logo_tablet_max_height":0,"ocean_custom_logo_mobile_max_height":0,"ocean_header_custom_menu":"0","ocean_menu_typo_font_family":"0","ocean_menu_typo_font_subset":"","ocean_menu_typo_font_size":0,"ocean_menu_typo_font_size_tablet":0,"ocean_menu_typo_font_size_mobile":0,"ocean_menu_typo_font_size_unit":"px","ocean_menu_typo_font_weight":"","ocean_menu_typo_font_weight_tablet":"","ocean_menu_typo_font_weight_mobile":"","ocean_menu_typo_transform":"","ocean_menu_typo_transform_tablet":"","ocean_menu_typo_transform_mobile":"","ocean_menu_typo_line_height":0,"ocean_menu_typo_line_height_tablet":0,"ocean_menu_typo_line_height_mobile":0,"ocean_menu_typo_line_height_unit":"","ocean_menu_typo_spacing":0,"ocean_menu_typo_spacing_tablet":0,"ocean_menu_typo_spacing_mobile":0,"ocean_menu_typo_spacing_unit":"","ocean_menu_link_color":"","ocean_menu_link_color_hover":"","ocean_menu_link_color_active":"","ocean_menu_link_background":"","ocean_menu_link_hover_background":"","ocean_menu_link_active_background":"","ocean_menu_social_links_bg":"","ocean_menu_social_hover_links_bg":"","ocean_menu_social_links_color":"","ocean_menu_social_hover_links_color":"","ocean_disable_title":"default","ocean_disable_heading":"default","ocean_post_title":"","ocean_post_subheading":"","ocean_post_title_style":"","ocean_post_title_background_color":"","ocean_post_title_background":0,"ocean_post_title_bg_image_position":"","ocean_post_title_bg_image_attachment":"","ocean_post_title_bg_image_repeat":"","ocean_post_title_bg_image_size":"","ocean_post_title_height":0,"ocean_post_title_bg_overlay":0.5,"ocean_post_title_bg_overlay_color":"","ocean_disable_breadcrumbs":"default","ocean_breadcrumbs_color":"","ocean_breadcrumbs_separator_color":"","ocean_breadcrumbs_links_color":"","ocean_breadcrumbs_links_hover_color":"","ocean_display_footer_widgets":"default","ocean_display_footer_bottom":"default","ocean_custom_footer_template":"0","osh_disable_topbar_sticky":"default","osh_disable_header_sticky":"default","osh_sticky_header_style":"default","osh_sticky_header_effect":"","osh_custom_sticky_logo":0,"osh_custom_retina_sticky_logo":0,"osh_custom_sticky_logo_height":0,"osh_background_color":"","osh_links_color":"","osh_links_hover_color":"","osh_links_active_color":"","osh_links_bg_color":"","osh_links_hover_bg_color":"","osh_links_active_bg_color":"","osh_menu_social_links_color":"","osh_menu_social_hover_links_color":""},"product_brand":[],"product_cat":[40,37],"product_tag":[85,245,246],"class_list":{"0":"post-3412","1":"product","2":"type-product","3":"status-publish","4":"has-post-thumbnail","6":"product_cat-pressure-relief-metering-valves","7":"product_cat-single-line-grease-systems","8":"product_tag-pressure-relief-metering-valve","9":"product_tag-pressurized-metering-valve","10":"product_tag-single-line-metering-valve","12":"entry","13":"has-media","15":"first","16":"instock","17":"shipping-taxable","18":"product-type-external","19":"col","20":"span_1_of_3","21":"owp-content-center","22":"owp-thumbs-layout-horizontal","23":"owp-btn-very-big","24":"owp-tabs-layout-horizontal"},"_links":{"self":[{"href":"https:\/\/www.jinpinlub.com\/vi\/wp-json\/wp\/v2\/product\/3412","targetHints":{"allow":["GET"]}}],"collection":[{"href":"https:\/\/www.jinpinlub.com\/vi\/wp-json\/wp\/v2\/product"}],"about":[{"href":"https:\/\/www.jinpinlub.com\/vi\/wp-json\/wp\/v2\/types\/product"}],"wp:featuredmedia":[{"embeddable":true,"href":"https:\/\/www.jinpinlub.com\/vi\/wp-json\/wp\/v2\/media\/3393"}],"wp:attachment":[{"href":"https:\/\/www.jinpinlub.com\/vi\/wp-json\/wp\/v2\/media?parent=3412"}],"wp:term":[{"taxonomy":"product_brand","embeddable":true,"href":"https:\/\/www.jinpinlub.com\/vi\/wp-json\/wp\/v2\/product_brand?post=3412"},{"taxonomy":"product_cat","embeddable":true,"href":"https:\/\/www.jinpinlub.com\/vi\/wp-json\/wp\/v2\/product_cat?post=3412"},{"taxonomy":"product_tag","embeddable":true,"href":"https:\/\/www.jinpinlub.com\/vi\/wp-json\/wp\/v2\/product_tag?post=3412"}],"curies":[{"name":"wp","href":"https:\/\/api.w.org\/{rel}","templated":true}]}}