{"id":3439,"date":"2024-08-28T05:12:14","date_gmt":"2024-08-27T21:12:14","guid":{"rendered":"https:\/\/www.jinpinlub.com\/?post_type=product&#038;p=3439"},"modified":"2025-06-06T19:32:26","modified_gmt":"2025-06-06T11:32:26","slug":"jsv-6-20-bo-phan-phoi-tien-bo-cho-bom-boi-tron-mo","status":"publish","type":"product","link":"https:\/\/www.jinpinlub.com\/vi\/product\/jsv-6-20-progressive-distributor-for-grease-lubrication-pump\/","title":{"rendered":"B\u1ed9 ph\u00e2n ph\u1ed1i JSV 6-20 Progressive cho b\u01a1m m\u1ee1 b\u00f4i tr\u01a1n"},"content":{"rendered":"<h2>\u0110\u1eb7c tr\u01b0ng<\/h2>\n<p>Kh\u1ed1i ph\u00e2n ph\u1ed1i ch\u1ea5t b\u00f4i tr\u01a1n ti\u1ebfn b\u1ed9 JINPINLUB JSV bao g\u1ed3m nhi\u1ec1u \u0111\u01a1n v\u1ecb ph\u00e2n ph\u1ed1i, m\u1ed7i \u0111\u01a1n v\u1ecb bao g\u1ed3m m\u1ed9t \u0111\u1ea7u v\u00e0o d\u1ea7u v\u00e0 nhi\u1ec1u \u0111\u1ea7u ra d\u1ea7u. Th\u00e0nh ph\u1ea7n c\u1ed1t l\u00f5i c\u1ee7a b\u1ed9 ph\u00e2n ph\u1ed1i l\u00e0 m\u1ed9t nh\u00f3m piston ti\u1ebfn b\u1ed9, ph\u00e2n ph\u1ed1i ch\u1ea5t b\u00f4i tr\u01a1n \u0111\u1ebfn t\u1eebng \u0111\u1ea7u ra d\u1ea7u theo tr\u00ecnh t\u1ef1 th\u00f4ng qua chuy\u1ec3n \u0111\u1ed9ng qua l\u1ea1i c\u1ee7a piston. Chuy\u1ec3n \u0111\u1ed9ng c\u1ee7a m\u1ed7i piston ph\u1ee5 thu\u1ed9c v\u00e0o chuy\u1ec3n \u0111\u1ed9ng c\u1ee7a piston tr\u01b0\u1edbc \u0111\u00f3. Thi\u1ebft k\u1ebf n\u00e0y \u0111\u1ea3m b\u1ea3o ch\u1ea5t b\u00f4i tr\u01a1n \u0111\u01b0\u1ee3c ph\u00e2n ph\u1ed1i theo tr\u00ecnh t\u1ef1, tr\u00e1nh r\u00f2 r\u1ec9 d\u1ea7u ho\u1eb7c b\u00f4i tr\u01a1n qu\u00e1 m\u1ee9c t\u1ea1i \u0111i\u1ec3m b\u00f4i tr\u01a1n.<\/p>\n<h2>\u0110\u1eb7c \u0111i\u1ec3m k\u1ef9 thu\u1eadt<\/h2>\n<table>\n<tbody>\n<tr>\n<td>Nguy\u00ean l\u00fd ch\u1ee9c n\u0103ng<\/td>\n<td>Thi\u1ebft b\u1ecb \u0111o l\u01b0\u1eddng<\/td>\n<\/tr>\n<tr>\n<td>S\u1ed1 l\u01b0\u1ee3ng c\u1eeda h\u00e0ng<\/td>\n<td>6-20<\/td>\n<\/tr>\n<tr>\n<td>\u0110o l\u01b0\u1eddng s\u1ed1 l\u01b0\u1ee3ng<\/td>\n<td>0,2mL\/chu k\u1ef3<\/td>\n<\/tr>\n<tr>\n<td>Ch\u1ea5t b\u00f4i tr\u01a1n<\/td>\n<td>M\u1ee1 b\u00f4i tr\u01a1n l\u00ean \u0111\u1ebfn NLGI 2, d\u1ea7u 32-220cSt@40\u2103<\/td>\n<\/tr>\n<tr>\n<td>Nhi\u1ec7t \u0111\u1ed9 ho\u1ea1t \u0111\u1ed9ng<\/td>\n<td>\u201320 \u0111\u1ebfn +80 \u00b0C<\/td>\n<\/tr>\n<tr>\n<td>\u00c1p su\u1ea5t ho\u1ea1t \u0111\u1ed9ng<\/td>\n<td>T\u1ed1i \u0111a 350 bar<\/td>\n<\/tr>\n<tr>\n<td>V\u1eadt li\u1ec7u<\/td>\n<td>M\u1ea1 k\u1ebdm \u0111en<\/td>\n<\/tr>\n<tr>\n<td>\u0110\u1ea7u v\u00e0o k\u1ebft n\u1ed1i<\/td>\n<td>\u03a66\/\u03a68 (M10x1)<\/td>\n<\/tr>\n<tr>\n<td>\u1ed4 c\u1eafm k\u1ebft n\u1ed1i<\/td>\n<td>\u03a66\/\u03a68 (M10x1)<\/td>\n<\/tr>\n<tr>\n<td>V\u1ecb tr\u00ed l\u1eafp \u0111\u1eb7t<\/td>\n<td>B\u1ea5t k\u00ec<\/td>\n<\/tr>\n<\/tbody>\n<\/table>\n<h2>\u1ee8ng d\u1ee5ng<\/h2>\n<p>B\u1ed9 ph\u00e2n ph\u1ed1i m\u1ee1 b\u00f4i tr\u01a1n JSV \u0111\u01b0\u1ee3c s\u1eed d\u1ee5ng r\u1ed9ng r\u00e3i trong nhi\u1ec1u thi\u1ebft b\u1ecb c\u01a1 kh\u00ed \u0111\u00f2i h\u1ecfi ph\u1ea3i b\u00f4i tr\u01a1n ch\u00ednh x\u00e1c. V\u00ed d\u1ee5, trong m\u00e1y m\u00f3c k\u1ef9 thu\u1eadt, n\u00f3 c\u00f3 th\u1ec3 \u0111\u01b0\u1ee3c s\u1eed d\u1ee5ng trong h\u1ec7 th\u1ed1ng b\u00f4i tr\u01a1n c\u1ee7a c\u00e1c thi\u1ebft b\u1ecb nh\u01b0 m\u00e1y \u0111\u00e0o v\u00e0 m\u00e1y x\u00fac \u0111\u1ec3 \u0111\u1ea3m b\u1ea3o ho\u1ea1t \u0111\u1ed9ng b\u00ecnh th\u01b0\u1eddng c\u1ee7a nhi\u1ec1u th\u00e0nh ph\u1ea7n ch\u00ednh. Trong m\u00e1y m\u00f3c c\u00f4ng nghi\u1ec7p, n\u00f3 c\u00f3 th\u1ec3 \u0111\u01b0\u1ee3c s\u1eed d\u1ee5ng \u0111\u1ec3 b\u00f4i tr\u01a1n c\u00e1c thi\u1ebft b\u1ecb d\u00e2y chuy\u1ec1n s\u1ea3n xu\u1ea5t \u0111\u1ec3 gi\u1ea3m t\u1ef7 l\u1ec7 hao m\u00f2n v\u00e0 h\u1ecfng h\u00f3c c\u1ee7a thi\u1ebft b\u1ecb. Ngo\u00e0i ra, trong h\u1ec7 th\u1ed1ng b\u00f4i tr\u01a1n c\u1ee7a xe c\u1ed9, b\u1ed9 ph\u00e2n ph\u1ed1i JVB c\u0169ng \u0111\u00f3ng vai tr\u00f2 quan tr\u1ecdng.<\/p>\n<h2>H\u01b0\u1edbng d\u1eabn s\u1eed d\u1ee5ng<\/h2>\n<div class=\"sdm_download_button_box_default\"><div class=\"sdm_download_link\"><a href=\"https:\/\/www.jinpinlub.com\/vi\/?sdm_process_download=1&download_id=2474\" class=\"sdm_download white\" title=\"Ri\u00eang t\u01b0: JSV Progressive Distributor\" target=\"&quot;_blank&quot;\">Xem B\u1ea3ng d\u1eef li\u1ec7u - Nh\u00e0 ph\u00e2n ph\u1ed1i JSV<\/a><\/div><\/div>","protected":false},"excerpt":{"rendered":"<p>B\u1ed9 ph\u00e2n ph\u1ed1i ti\u1ebfn b\u1ed9 JSV l\u00e0 thi\u1ebft b\u1ecb ch\u00ednh \u0111\u01b0\u1ee3c s\u1eed d\u1ee5ng trong h\u1ec7 th\u1ed1ng b\u00f4i tr\u01a1n. Ch\u1ee9c n\u0103ng ch\u00ednh c\u1ee7a n\u00f3 l\u00e0 ph\u00e2n ph\u1ed1i ch\u1ea5t b\u00f4i tr\u01a1n \u0111\u1ebfn c\u00e1c \u0111i\u1ec3m b\u00f4i tr\u01a1n kh\u00e1c nhau theo t\u1ef7 l\u1ec7 v\u00e0 tr\u00ecnh t\u1ef1 \u0111\u01b0\u1ee3c x\u00e1c \u0111\u1ecbnh tr\u01b0\u1edbc \u0111\u1ec3 \u0111\u1ea3m b\u1ea3o ho\u1ea1t \u0111\u1ed9ng b\u00ecnh th\u01b0\u1eddng c\u1ee7a thi\u1ebft b\u1ecb v\u00e0 k\u00e9o d\u00e0i tu\u1ed5i th\u1ecd c\u1ee7a thi\u1ebft b\u1ecb.<\/p>","protected":false},"featured_media":3416,"template":"","meta":{"ocean_post_layout":"","ocean_both_sidebars_style":"","ocean_both_sidebars_content_width":0,"ocean_both_sidebars_sidebars_width":0,"ocean_sidebar":"0","ocean_second_sidebar":"0","ocean_disable_margins":"enable","ocean_add_body_class":"","ocean_shortcode_before_top_bar":"","ocean_shortcode_after_top_bar":"","ocean_shortcode_before_header":"","ocean_shortcode_after_header":"","ocean_has_shortcode":"","ocean_shortcode_after_title":"","ocean_shortcode_before_footer_widgets":"","ocean_shortcode_after_footer_widgets":"","ocean_shortcode_before_footer_bottom":"","ocean_shortcode_after_footer_bottom":"","ocean_display_top_bar":"default","ocean_display_header":"default","ocean_header_style":"","ocean_center_header_left_menu":"0","ocean_custom_header_template":"0","ocean_custom_logo":0,"ocean_custom_retina_logo":0,"ocean_custom_logo_max_width":0,"ocean_custom_logo_tablet_max_width":0,"ocean_custom_logo_mobile_max_width":0,"ocean_custom_logo_max_height":0,"ocean_custom_logo_tablet_max_height":0,"ocean_custom_logo_mobile_max_height":0,"ocean_header_custom_menu":"0","ocean_menu_typo_font_family":"0","ocean_menu_typo_font_subset":"","ocean_menu_typo_font_size":0,"ocean_menu_typo_font_size_tablet":0,"ocean_menu_typo_font_size_mobile":0,"ocean_menu_typo_font_size_unit":"px","ocean_menu_typo_font_weight":"","ocean_menu_typo_font_weight_tablet":"","ocean_menu_typo_font_weight_mobile":"","ocean_menu_typo_transform":"","ocean_menu_typo_transform_tablet":"","ocean_menu_typo_transform_mobile":"","ocean_menu_typo_line_height":0,"ocean_menu_typo_line_height_tablet":0,"ocean_menu_typo_line_height_mobile":0,"ocean_menu_typo_line_height_unit":"","ocean_menu_typo_spacing":0,"ocean_menu_typo_spacing_tablet":0,"ocean_menu_typo_spacing_mobile":0,"ocean_menu_typo_spacing_unit":"","ocean_menu_link_color":"","ocean_menu_link_color_hover":"","ocean_menu_link_color_active":"","ocean_menu_link_background":"","ocean_menu_link_hover_background":"","ocean_menu_link_active_background":"","ocean_menu_social_links_bg":"","ocean_menu_social_hover_links_bg":"","ocean_menu_social_links_color":"","ocean_menu_social_hover_links_color":"","ocean_disable_title":"default","ocean_disable_heading":"default","ocean_post_title":"","ocean_post_subheading":"","ocean_post_title_style":"","ocean_post_title_background_color":"","ocean_post_title_background":0,"ocean_post_title_bg_image_position":"","ocean_post_title_bg_image_attachment":"","ocean_post_title_bg_image_repeat":"","ocean_post_title_bg_image_size":"","ocean_post_title_height":0,"ocean_post_title_bg_overlay":0.5,"ocean_post_title_bg_overlay_color":"","ocean_disable_breadcrumbs":"default","ocean_breadcrumbs_color":"","ocean_breadcrumbs_separator_color":"","ocean_breadcrumbs_links_color":"","ocean_breadcrumbs_links_hover_color":"","ocean_display_footer_widgets":"default","ocean_display_footer_bottom":"default","ocean_custom_footer_template":"0","osh_disable_topbar_sticky":"default","osh_disable_header_sticky":"default","osh_sticky_header_style":"default","osh_sticky_header_effect":"","osh_custom_sticky_logo":0,"osh_custom_retina_sticky_logo":0,"osh_custom_sticky_logo_height":0,"osh_background_color":"","osh_links_color":"","osh_links_hover_color":"","osh_links_active_color":"","osh_links_bg_color":"","osh_links_hover_bg_color":"","osh_links_active_bg_color":"","osh_menu_social_links_color":"","osh_menu_social_hover_links_color":""},"product_brand":[],"product_cat":[44,41],"product_tag":[247,99,122],"class_list":{"0":"post-3439","1":"product","2":"type-product","3":"status-publish","4":"has-post-thumbnail","6":"product_cat-progressive-grease-dividers","7":"product_cat-progressive-grease-systems","8":"product_tag-distribution-block","9":"product_tag-progressive-distributor","10":"product_tag-progressive-divider","12":"entry","13":"has-media","15":"first","16":"instock","17":"shipping-taxable","18":"product-type-external","19":"col","20":"span_1_of_3","21":"owp-content-center","22":"owp-thumbs-layout-horizontal","23":"owp-btn-very-big","24":"owp-tabs-layout-horizontal"},"_links":{"self":[{"href":"https:\/\/www.jinpinlub.com\/vi\/wp-json\/wp\/v2\/product\/3439","targetHints":{"allow":["GET"]}}],"collection":[{"href":"https:\/\/www.jinpinlub.com\/vi\/wp-json\/wp\/v2\/product"}],"about":[{"href":"https:\/\/www.jinpinlub.com\/vi\/wp-json\/wp\/v2\/types\/product"}],"wp:featuredmedia":[{"embeddable":true,"href":"https:\/\/www.jinpinlub.com\/vi\/wp-json\/wp\/v2\/media\/3416"}],"wp:attachment":[{"href":"https:\/\/www.jinpinlub.com\/vi\/wp-json\/wp\/v2\/media?parent=3439"}],"wp:term":[{"taxonomy":"product_brand","embeddable":true,"href":"https:\/\/www.jinpinlub.com\/vi\/wp-json\/wp\/v2\/product_brand?post=3439"},{"taxonomy":"product_cat","embeddable":true,"href":"https:\/\/www.jinpinlub.com\/vi\/wp-json\/wp\/v2\/product_cat?post=3439"},{"taxonomy":"product_tag","embeddable":true,"href":"https:\/\/www.jinpinlub.com\/vi\/wp-json\/wp\/v2\/product_tag?post=3439"}],"curies":[{"name":"wp","href":"https:\/\/api.w.org\/{rel}","templated":true}]}}