{"id":3440,"date":"2024-08-28T05:15:03","date_gmt":"2024-08-27T21:15:03","guid":{"rendered":"https:\/\/www.jinpinlub.com\/?post_type=product&#038;p=3440"},"modified":"2025-06-06T19:31:58","modified_gmt":"2025-06-06T11:31:58","slug":"thiet-bi-do-chat-boi-tron-jsv-tien-tien-trong-thiet-ke-khoi","status":"publish","type":"product","link":"https:\/\/www.jinpinlub.com\/vi\/product\/jsv-progressive-lubricant-metering-devices-in-block-design\/","title":{"rendered":"Thi\u1ebft b\u1ecb \u0111o l\u01b0\u1eddng ch\u1ea5t b\u00f4i tr\u01a1n JSV Progressive trong thi\u1ebft k\u1ebf kh\u1ed1i"},"content":{"rendered":"<h2>\u0110\u1eb7c tr\u01b0ng<\/h2>\n<p>\u00c1p su\u1ea5t v\u1eadn h\u00e0nh cao: JINPINLUB JSV c\u00f3 th\u1ec3 \u0111\u01b0\u1ee3c s\u1eed d\u1ee5ng \u1edf \u00e1p su\u1ea5t ng\u01b0\u1ee3c cao v\u1edbi \u00e1p su\u1ea5t v\u1eadn h\u00e0nh t\u1ed1i \u0111a l\u00e0 350 bar.<br \/>\nPh\u00f9 h\u1ee3p v\u1edbi nhi\u1ec1u \u0111i\u1ec1u ki\u1ec7n nhi\u1ec7t \u0111\u1ed9: B\u1ed9 ph\u00e2n ph\u1ed1i ti\u1ebfn b\u1ed9 ph\u00f9 h\u1ee3p v\u1edbi nhi\u1ec1u \u0111i\u1ec1u ki\u1ec7n nhi\u1ec7t \u0111\u1ed9.<br \/>\nNhi\u1ec1u \u1ed5 c\u1eafm: Thi\u1ebft b\u1ecb \u0111o JSV c\u00f3 s\u1eb5n t\u1eeb 6 \u0111\u1ebfn 20 \u1ed5 c\u1eafm, c\u00f3 th\u1ec3 l\u1ef1a ch\u1ecdn t\u00f9y theo y\u00eau c\u1ea7u.<br \/>\n\u0110o l\u01b0\u1eddng ch\u1ea5t b\u00f4i tr\u01a1n ch\u00ednh x\u00e1c: JSV s\u1eed d\u1ee5ng c\u00f4ng ngh\u1ec7 k\u00eanh ch\u00e9o b\u00ean trong \u0111\u1ed9c \u0111\u00e1o \u0111\u1ec3 \u0111\u1ea3m b\u1ea3o \u0111o l\u01b0\u1eddng ch\u1ea5t b\u00f4i tr\u01a1n ch\u00ednh x\u00e1c.<br \/>\nC\u00e1c t\u00f9y ch\u1ecdn gi\u00e1m s\u00e1t: C\u00f3 th\u1ec3 gi\u00e1m s\u00e1t th\u00f4ng qua h\u1ec7 th\u1ed1ng gi\u00e1m s\u00e1t tr\u1ef1c quan ho\u1eb7c h\u1ec7 th\u1ed1ng gi\u00e1m s\u00e1t \u0111i\u1ec7n, bao g\u1ed3m c\u1ea3 ch\u1ec9 b\u00e1o kim ho\u1eb7c m\u00e1y d\u00f2 piston.<\/p>\n<h2>\u0110\u1eb7c \u0111i\u1ec3m k\u1ef9 thu\u1eadt<\/h2>\n<table>\n<tbody>\n<tr>\n<td>Nguy\u00ean l\u00fd ch\u1ee9c n\u0103ng<\/td>\n<td>Thi\u1ebft b\u1ecb \u0111o l\u01b0\u1eddng<\/td>\n<\/tr>\n<tr>\n<td>S\u1ed1 l\u01b0\u1ee3ng c\u1eeda h\u00e0ng<\/td>\n<td>6-20<\/td>\n<\/tr>\n<tr>\n<td>\u0110o l\u01b0\u1eddng s\u1ed1 l\u01b0\u1ee3ng<\/td>\n<td>0,2mL\/chu k\u1ef3<\/td>\n<\/tr>\n<tr>\n<td>Ch\u1ea5t b\u00f4i tr\u01a1n<\/td>\n<td>M\u1ee1 b\u00f4i tr\u01a1n l\u00ean \u0111\u1ebfn NLGI 2, d\u1ea7u 32-220cSt@40\u2103<\/td>\n<\/tr>\n<tr>\n<td>Nhi\u1ec7t \u0111\u1ed9 ho\u1ea1t \u0111\u1ed9ng<\/td>\n<td>\u201320 \u0111\u1ebfn +80 \u00b0C<\/td>\n<\/tr>\n<tr>\n<td>\u00c1p su\u1ea5t ho\u1ea1t \u0111\u1ed9ng<\/td>\n<td>T\u1ed1i \u0111a 350 bar<\/td>\n<\/tr>\n<tr>\n<td>V\u1eadt li\u1ec7u<\/td>\n<td>M\u1ea1 k\u1ebdm \u0111en<\/td>\n<\/tr>\n<tr>\n<td>\u0110\u1ea7u v\u00e0o k\u1ebft n\u1ed1i<\/td>\n<td>\u03a66\/\u03a68 (M10x1)<\/td>\n<\/tr>\n<tr>\n<td>\u1ed4 c\u1eafm k\u1ebft n\u1ed1i<\/td>\n<td>\u03a66\/\u03a68 (M10x1)<\/td>\n<\/tr>\n<tr>\n<td>V\u1ecb tr\u00ed l\u1eafp \u0111\u1eb7t<\/td>\n<td>B\u1ea5t k\u00ec<\/td>\n<\/tr>\n<\/tbody>\n<\/table>\n<h2>\u1ee8ng d\u1ee5ng<\/h2>\n<p>X\u00e2y d\u1ef1ng v\u00e0 khai th\u00e1c m\u1ecf: Trong ng\u00e0nh x\u00e2y d\u1ef1ng v\u00e0 khai th\u00e1c m\u1ecf, thi\u1ebft b\u1ecb \u0111o JSV \u0111\u01b0\u1ee3c s\u1eed d\u1ee5ng \u0111\u1ec3 b\u00f4i tr\u01a1n c\u00e1c m\u00e1y m\u00f3c l\u1edbn nh\u01b0 m\u00e1y \u0111\u00e0o, m\u00e1y x\u00fac v\u00e0 m\u00e1y lu.<br \/>\nM\u00e1y m\u00f3c n\u00f4ng nghi\u1ec7p: C\u00e1c lo\u1ea1i m\u00e1y m\u00f3c nh\u01b0 m\u00e1y k\u00e9o, m\u00e1y g\u1eb7t v\u00e0 m\u00e1y gieo h\u1ea1t trong l\u0129nh v\u1ef1c n\u00f4ng nghi\u1ec7p c\u0169ng c\u00f3 th\u1ec3 \u0111\u01b0\u1ee3c b\u00f4i tr\u01a1n hi\u1ec7u qu\u1ea3 b\u1eb1ng thi\u1ebft b\u1ecb ph\u00e2n ph\u1ed1i n\u00e0y.<br \/>\nThi\u1ebft b\u1ecb c\u00f4ng nghi\u1ec7p: Thi\u1ebft b\u1ecb \u0111o l\u01b0\u1eddng JSV \u0111\u00f3ng vai tr\u00f2 quan tr\u1ecdng trong d\u00e2y chuy\u1ec1n s\u1ea3n xu\u1ea5t v\u00e0 t\u1ef1 \u0111\u1ed9ng h\u00f3a c\u00f4ng nghi\u1ec7p.<br \/>\nN\u0103ng l\u01b0\u1ee3ng t\u00e1i t\u1ea1o: JSV c\u0169ng c\u00f3 th\u1ec3 cung c\u1ea5p d\u1ecbch v\u1ee5 b\u00f4i tr\u01a1n ch\u00ednh x\u00e1c c\u1ea7n thi\u1ebft cho c\u00e1c thi\u1ebft b\u1ecb n\u0103ng l\u01b0\u1ee3ng t\u00e1i t\u1ea1o nh\u01b0 h\u1ec7 th\u1ed1ng b\u00f4i tr\u01a1n gi\u00f3 v\u00e0 m\u00e1y theo d\u00f5i n\u0103ng l\u01b0\u1ee3ng m\u1eb7t tr\u1eddi.<\/p>\n<h2>H\u01b0\u1edbng d\u1eabn s\u1eed d\u1ee5ng<\/h2>\n<div class=\"sdm_download_button_box_default\"><div class=\"sdm_download_link\"><a href=\"https:\/\/www.jinpinlub.com\/vi\/?sdm_process_download=1&download_id=2474\" class=\"sdm_download white\" title=\"Ri\u00eang t\u01b0: JSV Progressive Distributor\" target=\"&quot;_blank&quot;\">Xem B\u1ea3ng d\u1eef li\u1ec7u - Nh\u00e0 ph\u00e2n ph\u1ed1i JSV<\/a><\/div><\/div>","protected":false},"excerpt":{"rendered":"<p>JSV l\u00e0 thi\u1ebft b\u1ecb \u0111o l\u01b0\u1eddng ti\u1ebfn b\u1ed9 duy nh\u1ea5t c\u00f3 th\u1ec3 ph\u00e2n chia \u0111\u00e1ng tin c\u1eady ch\u1ea5t b\u00f4i tr\u01a1n \u0111\u01b0\u1ee3c th\u1ea3i ra t\u1eeb b\u01a1m b\u00f4i tr\u01a1n th\u00e0nh c\u00e1c l\u01b0\u1ee3ng ri\u00eang l\u1ebb \u0111\u01b0\u1ee3c x\u00e1c \u0111\u1ecbnh tr\u01b0\u1edbc, x\u1ea3 ch\u00fang theo tr\u00ecnh t\u1ef1 v\u00e0 \u0111\u01b0a ch\u00fang \u0111\u1ebfn c\u00e1c \u0111i\u1ec3m b\u00f4i tr\u01a1n c\u1ee7a thi\u1ebft b\u1ecb.<\/p>","protected":false},"featured_media":3419,"template":"","meta":{"ocean_post_layout":"","ocean_both_sidebars_style":"","ocean_both_sidebars_content_width":0,"ocean_both_sidebars_sidebars_width":0,"ocean_sidebar":"0","ocean_second_sidebar":"0","ocean_disable_margins":"enable","ocean_add_body_class":"","ocean_shortcode_before_top_bar":"","ocean_shortcode_after_top_bar":"","ocean_shortcode_before_header":"","ocean_shortcode_after_header":"","ocean_has_shortcode":"","ocean_shortcode_after_title":"","ocean_shortcode_before_footer_widgets":"","ocean_shortcode_after_footer_widgets":"","ocean_shortcode_before_footer_bottom":"","ocean_shortcode_after_footer_bottom":"","ocean_display_top_bar":"default","ocean_display_header":"default","ocean_header_style":"","ocean_center_header_left_menu":"0","ocean_custom_header_template":"0","ocean_custom_logo":0,"ocean_custom_retina_logo":0,"ocean_custom_logo_max_width":0,"ocean_custom_logo_tablet_max_width":0,"ocean_custom_logo_mobile_max_width":0,"ocean_custom_logo_max_height":0,"ocean_custom_logo_tablet_max_height":0,"ocean_custom_logo_mobile_max_height":0,"ocean_header_custom_menu":"0","ocean_menu_typo_font_family":"0","ocean_menu_typo_font_subset":"","ocean_menu_typo_font_size":0,"ocean_menu_typo_font_size_tablet":0,"ocean_menu_typo_font_size_mobile":0,"ocean_menu_typo_font_size_unit":"px","ocean_menu_typo_font_weight":"","ocean_menu_typo_font_weight_tablet":"","ocean_menu_typo_font_weight_mobile":"","ocean_menu_typo_transform":"","ocean_menu_typo_transform_tablet":"","ocean_menu_typo_transform_mobile":"","ocean_menu_typo_line_height":0,"ocean_menu_typo_line_height_tablet":0,"ocean_menu_typo_line_height_mobile":0,"ocean_menu_typo_line_height_unit":"","ocean_menu_typo_spacing":0,"ocean_menu_typo_spacing_tablet":0,"ocean_menu_typo_spacing_mobile":0,"ocean_menu_typo_spacing_unit":"","ocean_menu_link_color":"","ocean_menu_link_color_hover":"","ocean_menu_link_color_active":"","ocean_menu_link_background":"","ocean_menu_link_hover_background":"","ocean_menu_link_active_background":"","ocean_menu_social_links_bg":"","ocean_menu_social_hover_links_bg":"","ocean_menu_social_links_color":"","ocean_menu_social_hover_links_color":"","ocean_disable_title":"default","ocean_disable_heading":"default","ocean_post_title":"","ocean_post_subheading":"","ocean_post_title_style":"","ocean_post_title_background_color":"","ocean_post_title_background":0,"ocean_post_title_bg_image_position":"","ocean_post_title_bg_image_attachment":"","ocean_post_title_bg_image_repeat":"","ocean_post_title_bg_image_size":"","ocean_post_title_height":0,"ocean_post_title_bg_overlay":0.5,"ocean_post_title_bg_overlay_color":"","ocean_disable_breadcrumbs":"default","ocean_breadcrumbs_color":"","ocean_breadcrumbs_separator_color":"","ocean_breadcrumbs_links_color":"","ocean_breadcrumbs_links_hover_color":"","ocean_display_footer_widgets":"default","ocean_display_footer_bottom":"default","ocean_custom_footer_template":"0","osh_disable_topbar_sticky":"default","osh_disable_header_sticky":"default","osh_sticky_header_style":"default","osh_sticky_header_effect":"","osh_custom_sticky_logo":0,"osh_custom_retina_sticky_logo":0,"osh_custom_sticky_logo_height":0,"osh_background_color":"","osh_links_color":"","osh_links_hover_color":"","osh_links_active_color":"","osh_links_bg_color":"","osh_links_hover_bg_color":"","osh_links_active_bg_color":"","osh_menu_social_links_color":"","osh_menu_social_hover_links_color":""},"product_brand":[],"product_cat":[44,41],"product_tag":[248,241,249],"class_list":{"0":"post-3440","1":"product","2":"type-product","3":"status-publish","4":"has-post-thumbnail","6":"product_cat-progressive-grease-dividers","7":"product_cat-progressive-grease-systems","8":"product_tag-block-metering-valve","9":"product_tag-progressive-metering-device","10":"product_tag-ssv-metering-device","12":"entry","13":"has-media","15":"first","16":"instock","17":"shipping-taxable","18":"product-type-external","19":"col","20":"span_1_of_3","21":"owp-content-center","22":"owp-thumbs-layout-horizontal","23":"owp-btn-very-big","24":"owp-tabs-layout-horizontal"},"_links":{"self":[{"href":"https:\/\/www.jinpinlub.com\/vi\/wp-json\/wp\/v2\/product\/3440","targetHints":{"allow":["GET"]}}],"collection":[{"href":"https:\/\/www.jinpinlub.com\/vi\/wp-json\/wp\/v2\/product"}],"about":[{"href":"https:\/\/www.jinpinlub.com\/vi\/wp-json\/wp\/v2\/types\/product"}],"wp:featuredmedia":[{"embeddable":true,"href":"https:\/\/www.jinpinlub.com\/vi\/wp-json\/wp\/v2\/media\/3419"}],"wp:attachment":[{"href":"https:\/\/www.jinpinlub.com\/vi\/wp-json\/wp\/v2\/media?parent=3440"}],"wp:term":[{"taxonomy":"product_brand","embeddable":true,"href":"https:\/\/www.jinpinlub.com\/vi\/wp-json\/wp\/v2\/product_brand?post=3440"},{"taxonomy":"product_cat","embeddable":true,"href":"https:\/\/www.jinpinlub.com\/vi\/wp-json\/wp\/v2\/product_cat?post=3440"},{"taxonomy":"product_tag","embeddable":true,"href":"https:\/\/www.jinpinlub.com\/vi\/wp-json\/wp\/v2\/product_tag?post=3440"}],"curies":[{"name":"wp","href":"https:\/\/api.w.org\/{rel}","templated":true}]}}