{"id":3441,"date":"2024-08-28T05:18:03","date_gmt":"2024-08-27T21:18:03","guid":{"rendered":"https:\/\/www.jinpinlub.com\/?post_type=product&#038;p=3441"},"modified":"2025-06-06T19:34:05","modified_gmt":"2025-06-06T11:34:05","slug":"van-chia-tien-bo-jsv-10-cho-he-thong-bom-boi-tron","status":"publish","type":"product","link":"https:\/\/www.jinpinlub.com\/vi\/product\/jsv-10-progressive-divider-valve-for-lubrication-system-pump\/","title":{"rendered":"Van chia ti\u1ebfn b\u1ed9 JSV-10 cho h\u1ec7 th\u1ed1ng b\u01a1m b\u00f4i tr\u01a1n"},"content":{"rendered":"<h2>\u0110\u1eb7c tr\u01b0ng<\/h2>\n<p>Ch\u1ee9c n\u0103ng: Van chia JSV JINPINLUB \u0111\u01b0\u1ee3c s\u1eed d\u1ee5ng trong b\u1ea5t k\u1ef3 h\u1ec7 th\u1ed1ng b\u00f4i tr\u01a1n ti\u1ebfn b\u1ed9 n\u00e0o, ph\u00e2n ph\u1ed1i ch\u1ea5t b\u00f4i tr\u01a1n \u0111\u1ebfn nhi\u1ec1u \u0111i\u1ec3m b\u00f4i tr\u01a1n b\u1eb1ng m\u1ee1 ho\u1eb7c d\u1ea7u.<br \/>\nNguy\u00ean l\u00fd ho\u1ea1t \u0111\u1ed9ng: Van chia JSV nh\u1eadn ch\u1ea5t b\u00f4i tr\u01a1n th\u00f4ng qua m\u1ed9t c\u1ed5ng v\u00e0o trung t\u00e2m. Sau \u0111\u00f3, ch\u1ea5t b\u00f4i tr\u01a1n \u0111\u01b0\u1ee3c ph\u00e2n ph\u1ed1i \u0111\u1ebfn m\u1ed9t s\u1ed1 \u0111\u01b0\u1eddng ra, m\u1ed7i \u0111\u01b0\u1eddng \u0111\u01b0\u1ee3c k\u1ebft n\u1ed1i v\u1edbi m\u1ed9t \u0111i\u1ec3m b\u00f4i tr\u01a1n.<br \/>\nTh\u1ec3 t\u00edch \u0111\u1ea7u ra: Th\u1ec3 t\u00edch \u0111\u1ea7u ra c\u1ee7a m\u1ed7i van chia JSV \u0111\u01b0\u1ee3c c\u00e0i \u0111\u1eb7t tr\u01b0\u1edbc l\u00e0 0,2cc cho m\u1ed7i \u0111\u1ea7u ra trong m\u1ed7i chu k\u1ef3. \u0110i\u1ec1u \u0111\u00f3 c\u00f3 ngh\u0129a l\u00e0 m\u1ed7i \u0111\u1ea7u ra nh\u1eadn \u0111\u01b0\u1ee3c c\u00f9ng m\u1ed9t l\u01b0\u1ee3ng ch\u1ea5t b\u00f4i tr\u01a1n trong m\u1ed7i chu k\u1ef3 b\u00f4i tr\u01a1n t\u1eeb JSV.<br \/>\nS\u1ed1 l\u01b0\u1ee3ng \u0111\u1ea7u ra: Van chia JSV c\u00f3 th\u1ec3 k\u1ebft n\u1ed1i t\u1edbi 20 \u0111\u01b0\u1eddng \u0111\u1ea7u ra. \u0110i\u1ec1u \u0111\u00f3 l\u00e0m cho ch\u00fang tr\u1edf n\u00ean l\u00fd t\u01b0\u1edfng cho c\u00e1c \u1ee9ng d\u1ee5ng y\u00eau c\u1ea7u ph\u00e2n ph\u1ed1i \u0111\u1ebfn m\u1ed9t s\u1ed1 \u0111i\u1ec3m b\u00f4i tr\u01a1n.<\/p>\n<h2>\u0110\u1eb7c \u0111i\u1ec3m k\u1ef9 thu\u1eadt<\/h2>\n<table>\n<tbody>\n<tr>\n<td>Nguy\u00ean l\u00fd ch\u1ee9c n\u0103ng<\/td>\n<td>Thi\u1ebft b\u1ecb \u0111o l\u01b0\u1eddng<\/td>\n<\/tr>\n<tr>\n<td>S\u1ed1 l\u01b0\u1ee3ng c\u1eeda h\u00e0ng<\/td>\n<td>6-20<\/td>\n<\/tr>\n<tr>\n<td>\u0110o l\u01b0\u1eddng s\u1ed1 l\u01b0\u1ee3ng<\/td>\n<td>0,2mL\/chu k\u1ef3<\/td>\n<\/tr>\n<tr>\n<td>Ch\u1ea5t b\u00f4i tr\u01a1n<\/td>\n<td>M\u1ee1 b\u00f4i tr\u01a1n l\u00ean \u0111\u1ebfn NLGI 2, d\u1ea7u 32-220cSt@40\u2103<\/td>\n<\/tr>\n<tr>\n<td>Nhi\u1ec7t \u0111\u1ed9 ho\u1ea1t \u0111\u1ed9ng<\/td>\n<td>\u201320 \u0111\u1ebfn +80 \u00b0C<\/td>\n<\/tr>\n<tr>\n<td>\u00c1p su\u1ea5t ho\u1ea1t \u0111\u1ed9ng<\/td>\n<td>T\u1ed1i \u0111a 350 bar<\/td>\n<\/tr>\n<tr>\n<td>V\u1eadt li\u1ec7u<\/td>\n<td>M\u1ea1 k\u1ebdm \u0111en<\/td>\n<\/tr>\n<tr>\n<td>\u0110\u1ea7u v\u00e0o k\u1ebft n\u1ed1i<\/td>\n<td>\u03a66\/\u03a68 (M10x1)<\/td>\n<\/tr>\n<tr>\n<td>\u1ed4 c\u1eafm k\u1ebft n\u1ed1i<\/td>\n<td>\u03a66\/\u03a68 (M10x1)<\/td>\n<\/tr>\n<tr>\n<td>V\u1ecb tr\u00ed l\u1eafp \u0111\u1eb7t<\/td>\n<td>B\u1ea5t k\u00ec<\/td>\n<\/tr>\n<\/tbody>\n<\/table>\n<h2>B\u1ea2O TR\u00cc<\/h2>\n<p>Y\u00eau c\u1ea7u \u1ee9ng d\u1ee5ng: X\u00e1c \u0111\u1ecbnh nhu c\u1ea7u \u1ee9ng d\u1ee5ng c\u1ee7a b\u1ea1n: lo\u1ea1i thi\u1ebft b\u1ecb n\u00e0o \u0111ang \u0111\u01b0\u1ee3c b\u00f4i tr\u01a1n, c\u00f3 bao nhi\u00eau \u0111i\u1ec3m b\u00f4i tr\u01a1n v\u00e0 lo\u1ea1i ch\u1ea5t b\u00f4i tr\u01a1n n\u00e0o l\u00e0 c\u1ea7n thi\u1ebft.<br \/>\n\u0110\u1ea7u ra v\u00e0 \u00e1p su\u1ea5t: M\u1ed7i \u0111\u1ea7u ra c\u1ee7a van ph\u00e2n ph\u1ed1i JSV \u0111\u01b0\u1ee3c c\u1ed1 \u0111\u1ecbnh \u1edf m\u1ee9c 0,2cc\/chu k\u1ef3\/\u0111\u1ea7u ra. \u00c1p su\u1ea5t ho\u1ea1t \u0111\u1ed9ng l\u00ean \u0111\u1ebfn 350bar. \u0110\u1ea3m b\u1ea3o c\u00e1c th\u00f4ng s\u1ed1 n\u00e0y \u0111\u00e1p \u1ee9ng nhu c\u1ea7u \u1ee9ng d\u1ee5ng c\u1ee7a b\u1ea1n.<br \/>\nL\u1eafp \u0111\u1eb7t: Xem x\u00e9t c\u00e1c y\u00eau c\u1ea7u l\u1eafp \u0111\u1eb7t v\u00e0 b\u1ea3o tr\u00ec c\u1ee7a van ph\u00e2n ph\u1ed1i JSV. Hi\u1ec3u k\u00edch th\u01b0\u1edbc, y\u00eau c\u1ea7u v\u1ec1 h\u1ec7 th\u1ed1ng d\u00e2y \u0111i\u1ec7n v\u00e0 c\u00e1c c\u00e2n nh\u1eafc v\u1ec1 b\u1ea3o tr\u00ec.<\/p>\n<h2>H\u01b0\u1edbng d\u1eabn s\u1eed d\u1ee5ng<\/h2>\n<div class=\"sdm_download_button_box_default\"><div class=\"sdm_download_link\"><a href=\"https:\/\/www.jinpinlub.com\/vi\/?sdm_process_download=1&download_id=2474\" class=\"sdm_download white\" title=\"Ri\u00eang t\u01b0: JSV Progressive Distributor\" target=\"&quot;_blank&quot;\">Xem B\u1ea3ng d\u1eef li\u1ec7u - Nh\u00e0 ph\u00e2n ph\u1ed1i JSV<\/a><\/div><\/div>","protected":false},"excerpt":{"rendered":"<p>Van chia ti\u1ebfn b\u1ed9 JSV c\u00f3 th\u1ec3 \u0111o v\u00e0 ph\u00e2n ph\u1ed1i ch\u00ednh x\u00e1c ch\u1ea5t b\u00f4i tr\u01a1n t\u1edbi 20 \u0111\u01b0\u1eddng \u1ed1ng x\u1ea3 \u1edf \u00e1p su\u1ea5t v\u1eadn h\u00e0nh l\u00ean t\u1edbi 350 bar. \u0110\u1ea7u ra cho m\u1ed7i \u0111\u1ea7u ra m\u1ed7i chu k\u1ef3 \u0111\u01b0\u1ee3c c\u1ed1 \u0111\u1ecbnh \u1edf m\u1ee9c 0,2cc, nh\u01b0ng c\u00f3 th\u1ec3 k\u1ebft h\u1ee3p c\u00e1c \u0111\u1ea7u ra th\u00f4ng qua c\u00e1c ph\u1ee5 ki\u1ec7n \u0111\u1ec3 c\u00f3 \u0111\u01b0\u1ee3c \u0111\u1ea7u ra l\u1edbn h\u01a1n.<\/p>","protected":false},"featured_media":3426,"template":"","meta":{"ocean_post_layout":"","ocean_both_sidebars_style":"","ocean_both_sidebars_content_width":0,"ocean_both_sidebars_sidebars_width":0,"ocean_sidebar":"0","ocean_second_sidebar":"0","ocean_disable_margins":"enable","ocean_add_body_class":"","ocean_shortcode_before_top_bar":"","ocean_shortcode_after_top_bar":"","ocean_shortcode_before_header":"","ocean_shortcode_after_header":"","ocean_has_shortcode":"","ocean_shortcode_after_title":"","ocean_shortcode_before_footer_widgets":"","ocean_shortcode_after_footer_widgets":"","ocean_shortcode_before_footer_bottom":"","ocean_shortcode_after_footer_bottom":"","ocean_display_top_bar":"default","ocean_display_header":"default","ocean_header_style":"","ocean_center_header_left_menu":"0","ocean_custom_header_template":"0","ocean_custom_logo":0,"ocean_custom_retina_logo":0,"ocean_custom_logo_max_width":0,"ocean_custom_logo_tablet_max_width":0,"ocean_custom_logo_mobile_max_width":0,"ocean_custom_logo_max_height":0,"ocean_custom_logo_tablet_max_height":0,"ocean_custom_logo_mobile_max_height":0,"ocean_header_custom_menu":"0","ocean_menu_typo_font_family":"0","ocean_menu_typo_font_subset":"","ocean_menu_typo_font_size":0,"ocean_menu_typo_font_size_tablet":0,"ocean_menu_typo_font_size_mobile":0,"ocean_menu_typo_font_size_unit":"px","ocean_menu_typo_font_weight":"","ocean_menu_typo_font_weight_tablet":"","ocean_menu_typo_font_weight_mobile":"","ocean_menu_typo_transform":"","ocean_menu_typo_transform_tablet":"","ocean_menu_typo_transform_mobile":"","ocean_menu_typo_line_height":0,"ocean_menu_typo_line_height_tablet":0,"ocean_menu_typo_line_height_mobile":0,"ocean_menu_typo_line_height_unit":"","ocean_menu_typo_spacing":0,"ocean_menu_typo_spacing_tablet":0,"ocean_menu_typo_spacing_mobile":0,"ocean_menu_typo_spacing_unit":"","ocean_menu_link_color":"","ocean_menu_link_color_hover":"","ocean_menu_link_color_active":"","ocean_menu_link_background":"","ocean_menu_link_hover_background":"","ocean_menu_link_active_background":"","ocean_menu_social_links_bg":"","ocean_menu_social_hover_links_bg":"","ocean_menu_social_links_color":"","ocean_menu_social_hover_links_color":"","ocean_disable_title":"default","ocean_disable_heading":"default","ocean_post_title":"","ocean_post_subheading":"","ocean_post_title_style":"","ocean_post_title_background_color":"","ocean_post_title_background":0,"ocean_post_title_bg_image_position":"","ocean_post_title_bg_image_attachment":"","ocean_post_title_bg_image_repeat":"","ocean_post_title_bg_image_size":"","ocean_post_title_height":0,"ocean_post_title_bg_overlay":0.5,"ocean_post_title_bg_overlay_color":"","ocean_disable_breadcrumbs":"default","ocean_breadcrumbs_color":"","ocean_breadcrumbs_separator_color":"","ocean_breadcrumbs_links_color":"","ocean_breadcrumbs_links_hover_color":"","ocean_display_footer_widgets":"default","ocean_display_footer_bottom":"default","ocean_custom_footer_template":"0","osh_disable_topbar_sticky":"default","osh_disable_header_sticky":"default","osh_sticky_header_style":"default","osh_sticky_header_effect":"","osh_custom_sticky_logo":0,"osh_custom_retina_sticky_logo":0,"osh_custom_sticky_logo_height":0,"osh_background_color":"","osh_links_color":"","osh_links_hover_color":"","osh_links_active_color":"","osh_links_bg_color":"","osh_links_hover_bg_color":"","osh_links_active_bg_color":"","osh_menu_social_links_color":"","osh_menu_social_hover_links_color":""},"product_brand":[],"product_cat":[44,41],"product_tag":[251,252,250],"class_list":{"0":"post-3441","1":"product","2":"type-product","3":"status-publish","4":"has-post-thumbnail","6":"product_cat-progressive-grease-dividers","7":"product_cat-progressive-grease-systems","8":"product_tag-grease-divider","9":"product_tag-lubrication-divider","10":"product_tag-progressive-divider-valve","12":"entry","13":"has-media","15":"first","16":"instock","17":"shipping-taxable","18":"product-type-external","19":"col","20":"span_1_of_3","21":"owp-content-center","22":"owp-thumbs-layout-horizontal","23":"owp-btn-very-big","24":"owp-tabs-layout-horizontal"},"_links":{"self":[{"href":"https:\/\/www.jinpinlub.com\/vi\/wp-json\/wp\/v2\/product\/3441","targetHints":{"allow":["GET"]}}],"collection":[{"href":"https:\/\/www.jinpinlub.com\/vi\/wp-json\/wp\/v2\/product"}],"about":[{"href":"https:\/\/www.jinpinlub.com\/vi\/wp-json\/wp\/v2\/types\/product"}],"wp:featuredmedia":[{"embeddable":true,"href":"https:\/\/www.jinpinlub.com\/vi\/wp-json\/wp\/v2\/media\/3426"}],"wp:attachment":[{"href":"https:\/\/www.jinpinlub.com\/vi\/wp-json\/wp\/v2\/media?parent=3441"}],"wp:term":[{"taxonomy":"product_brand","embeddable":true,"href":"https:\/\/www.jinpinlub.com\/vi\/wp-json\/wp\/v2\/product_brand?post=3441"},{"taxonomy":"product_cat","embeddable":true,"href":"https:\/\/www.jinpinlub.com\/vi\/wp-json\/wp\/v2\/product_cat?post=3441"},{"taxonomy":"product_tag","embeddable":true,"href":"https:\/\/www.jinpinlub.com\/vi\/wp-json\/wp\/v2\/product_tag?post=3441"}],"curies":[{"name":"wp","href":"https:\/\/api.w.org\/{rel}","templated":true}]}}