{"id":3443,"date":"2024-08-28T05:26:08","date_gmt":"2024-08-27T21:26:08","guid":{"rendered":"https:\/\/www.jinpinlub.com\/?post_type=product&#038;p=3443"},"modified":"2025-06-06T19:33:56","modified_gmt":"2025-06-06T11:33:56","slug":"bo-chia-dong-chay-tien-bo-jsv14-cho-he-thong-boi-tron-tap-trung","status":"publish","type":"product","link":"https:\/\/www.jinpinlub.com\/vi\/product\/jsv14-progressive-flow-divider-for-centralized-lube-system\/","title":{"rendered":"B\u1ed9 chia d\u00f2ng ch\u1ea3y JSV14 Progressive cho h\u1ec7 th\u1ed1ng b\u00f4i tr\u01a1n t\u1eadp trung"},"content":{"rendered":"<h2>\u0110\u1eb7c tr\u01b0ng<\/h2>\n<p>JSV l\u00e0 b\u1ed9 ph\u00e2n ph\u1ed1i piston ti\u1ebfn b\u1ed9 b\u1eb1ng th\u00e9p m\u1ea1 k\u1ebdm m\u00e0u \u0111en.<br \/>\n1-20 l\u00e0 s\u1ed1 l\u01b0\u1ee3ng \u1ed5 c\u1eafm v\u00e0 kh\u00f4ng \u0111\u01b0\u1ee3c ph\u00e9p k\u1ebft n\u1ed1i ph\u00edch c\u1eafm n\u00e0o v\u00e0o \u1ed5 c\u1eafm 1 v\u00e0 2.<br \/>\nTh\u1ee9 t\u1ef1 x\u1ea3 t\u1eeb c\u1eeda x\u1ea3 s\u1ed1 20 \u0111\u1ebfn 1, sau khi c\u1eeda x\u1ea3 n\u00e0y x\u1ea3 xong th\u00ec c\u1eeda x\u1ea3 ti\u1ebfp theo m\u1edbi b\u1eaft \u0111\u1ea7u x\u1ea3.<br \/>\nC\u00f3 th\u1ec3 t\u0103ng l\u01b0\u1ee3ng ch\u1ea5t b\u00f4i tr\u01a1n b\u1eb1ng c\u00e1ch k\u1ebft h\u1ee3p c\u00e1c l\u1ed7 tho\u00e1t b\u00ean trong ho\u1eb7c b\u00ean ngo\u00e0i.<br \/>\nJSV c\u00f3 ch\u1ee9c n\u0103ng gi\u00e1m s\u00e1t ho\u1eb7c \u0111i\u1ec1u khi\u1ec3n, v\u00e0 \u0111\u00e8n b\u00e1o c\u01a1 h\u1ecdc, c\u00f4ng t\u1eafc vi m\u00f4 ho\u1eb7c c\u00f4ng t\u1eafc ti\u1ec7m c\u1eadn l\u00e0 t\u00f9y ch\u1ecdn.<br \/>\nC\u00e1c \u0111\u1ea7u n\u1ed1i m\u1eb7c \u0111\u1ecbnh l\u00e0 c\u1ee5m van m\u1ed9t chi\u1ec1u \u0111\u1ec3 ng\u0103n ch\u1ea5t b\u00f4i tr\u01a1n ch\u1ea3y ng\u01b0\u1ee3c.<br \/>\nCh\u1ea5t b\u00f4i tr\u01a1n t\u01b0\u01a1ng th\u00edch: M\u1ee1 NLGI 000#~2#, d\u1ea7u 32-220cSt@40\u2103(l\u1eafp r\u00e1p van m\u1ed9t chi\u1ec1u);<br \/>\nNhi\u1ec7t \u0111\u1ed9 ho\u1ea1t \u0111\u1ed9ng: -20\u2103~+80\u2103.<\/p>\n<h2>\u0110\u1eb7c \u0111i\u1ec3m k\u1ef9 thu\u1eadt<\/h2>\n<table>\n<tbody>\n<tr>\n<td>Nguy\u00ean l\u00fd ch\u1ee9c n\u0103ng<\/td>\n<td>Thi\u1ebft b\u1ecb \u0111o l\u01b0\u1eddng<\/td>\n<\/tr>\n<tr>\n<td>S\u1ed1 l\u01b0\u1ee3ng c\u1eeda h\u00e0ng<\/td>\n<td>6-20<\/td>\n<\/tr>\n<tr>\n<td>\u0110o l\u01b0\u1eddng s\u1ed1 l\u01b0\u1ee3ng<\/td>\n<td>0,2mL\/chu k\u1ef3<\/td>\n<\/tr>\n<tr>\n<td>Ch\u1ea5t b\u00f4i tr\u01a1n<\/td>\n<td>M\u1ee1 b\u00f4i tr\u01a1n l\u00ean \u0111\u1ebfn NLGI 2, d\u1ea7u 32-220cSt@40\u2103<\/td>\n<\/tr>\n<tr>\n<td>Nhi\u1ec7t \u0111\u1ed9 ho\u1ea1t \u0111\u1ed9ng<\/td>\n<td>\u201320 \u0111\u1ebfn +80 \u00b0C<\/td>\n<\/tr>\n<tr>\n<td>\u00c1p su\u1ea5t ho\u1ea1t \u0111\u1ed9ng<\/td>\n<td>T\u1ed1i \u0111a 350 bar<\/td>\n<\/tr>\n<tr>\n<td>V\u1eadt li\u1ec7u<\/td>\n<td>M\u1ea1 k\u1ebdm \u0111en<\/td>\n<\/tr>\n<tr>\n<td>\u0110\u1ea7u v\u00e0o k\u1ebft n\u1ed1i<\/td>\n<td>\u03a66\/\u03a68 (M10x1)<\/td>\n<\/tr>\n<tr>\n<td>\u1ed4 c\u1eafm k\u1ebft n\u1ed1i<\/td>\n<td>\u03a66\/\u03a68 (M10x1)<\/td>\n<\/tr>\n<tr>\n<td>V\u1ecb tr\u00ed l\u1eafp \u0111\u1eb7t<\/td>\n<td>B\u1ea5t k\u00ec<\/td>\n<\/tr>\n<\/tbody>\n<\/table>\n<h2>\u1ee8ng d\u1ee5ng<\/h2>\n<p>B\u00f4i tr\u01a1n thi\u1ebft b\u1ecb c\u00f4ng nghi\u1ec7p: Van ph\u00e2n ph\u1ed1i JSV c\u00f3 th\u1ec3 \u0111\u01b0\u1ee3c s\u1eed d\u1ee5ng cho nhi\u1ec1u thi\u1ebft b\u1ecb kh\u00e1c nhau trong nh\u00e0 m\u00e1y, ch\u1eb3ng h\u1ea1n nh\u01b0 \u1ed5 tr\u1ee5c, b\u00e1nh r\u0103ng, x\u00edch, thanh tr\u01b0\u1ee3t, v.v.<br \/>\nM\u00e1y m\u00f3c x\u00e2y d\u1ef1ng v\u00e0 k\u1ef9 thu\u1eadt: Van ph\u00e2n ph\u1ed1i JSV ph\u00f9 h\u1ee3p v\u1edbi m\u00e1y m\u00f3c x\u00e2y d\u1ef1ng v\u00e0 k\u1ef9 thu\u1eadt nh\u01b0 m\u00e1y \u0111\u00e0o, m\u00e1y x\u00fac, m\u00e1y \u1ee7i, v.v.<br \/>\nThi\u1ebft b\u1ecb luy\u1ec7n kim v\u00e0 khai th\u00e1c: Trong ng\u00e0nh luy\u1ec7n kim v\u00e0 khai th\u00e1c, van ph\u00e2n ph\u1ed1i JSV c\u00f3 th\u1ec3 \u0111\u01b0\u1ee3c s\u1eed d\u1ee5ng \u0111\u1ec3 b\u00f4i tr\u01a1n c\u00e1c thi\u1ebft b\u1ecb h\u1ea1ng n\u1eb7ng nh\u01b0 xe t\u1ea3i khai th\u00e1c, m\u00e1y m\u00f3c khai th\u00e1c v\u00e0 thi\u1ebft b\u1ecb luy\u1ec7n kim.<\/p>\n<h2>H\u01b0\u1edbng d\u1eabn s\u1eed d\u1ee5ng<\/h2>\n<div class=\"sdm_download_button_box_default\"><div class=\"sdm_download_link\"><a href=\"https:\/\/www.jinpinlub.com\/vi\/?sdm_process_download=1&download_id=2474\" class=\"sdm_download white\" title=\"Ri\u00eang t\u01b0: JSV Progressive Distributor\" target=\"&quot;_blank&quot;\">Xem B\u1ea3ng d\u1eef li\u1ec7u - Nh\u00e0 ph\u00e2n ph\u1ed1i JSV<\/a><\/div><\/div>","protected":false},"excerpt":{"rendered":"<p>B\u1ed9 ph\u00e2n ph\u1ed1i m\u1ee1 JSV l\u00e0 b\u1ed9 ph\u00e2n ph\u1ed1i t\u00edch h\u1ee3p ti\u1ebfn b\u1ed9 cung c\u1ea5p b\u00f4i tr\u01a1n \u0111\u1ecbnh l\u01b0\u1ee3ng cho t\u1eebng \u0111i\u1ec3m b\u00f4i tr\u01a1n trong h\u1ec7 th\u1ed1ng b\u00f4i tr\u01a1n t\u1eadp trung. N\u00f3 c\u00f3 \u01b0u \u0111i\u1ec3m l\u00e0 \u00e1p su\u1ea5t cao, ch\u1ed1ng b\u1ee5i v\u00e0 \u0103n m\u00f2n, ti\u1ebft ki\u1ec7m n\u0103ng l\u01b0\u1ee3ng v\u00e0 hi\u1ec7u qu\u1ea3 cao.<\/p>","protected":false},"featured_media":3432,"template":"","meta":{"ocean_post_layout":"","ocean_both_sidebars_style":"","ocean_both_sidebars_content_width":0,"ocean_both_sidebars_sidebars_width":0,"ocean_sidebar":"0","ocean_second_sidebar":"0","ocean_disable_margins":"enable","ocean_add_body_class":"","ocean_shortcode_before_top_bar":"","ocean_shortcode_after_top_bar":"","ocean_shortcode_before_header":"","ocean_shortcode_after_header":"","ocean_has_shortcode":"","ocean_shortcode_after_title":"","ocean_shortcode_before_footer_widgets":"","ocean_shortcode_after_footer_widgets":"","ocean_shortcode_before_footer_bottom":"","ocean_shortcode_after_footer_bottom":"","ocean_display_top_bar":"default","ocean_display_header":"default","ocean_header_style":"","ocean_center_header_left_menu":"0","ocean_custom_header_template":"0","ocean_custom_logo":0,"ocean_custom_retina_logo":0,"ocean_custom_logo_max_width":0,"ocean_custom_logo_tablet_max_width":0,"ocean_custom_logo_mobile_max_width":0,"ocean_custom_logo_max_height":0,"ocean_custom_logo_tablet_max_height":0,"ocean_custom_logo_mobile_max_height":0,"ocean_header_custom_menu":"0","ocean_menu_typo_font_family":"0","ocean_menu_typo_font_subset":"","ocean_menu_typo_font_size":0,"ocean_menu_typo_font_size_tablet":0,"ocean_menu_typo_font_size_mobile":0,"ocean_menu_typo_font_size_unit":"px","ocean_menu_typo_font_weight":"","ocean_menu_typo_font_weight_tablet":"","ocean_menu_typo_font_weight_mobile":"","ocean_menu_typo_transform":"","ocean_menu_typo_transform_tablet":"","ocean_menu_typo_transform_mobile":"","ocean_menu_typo_line_height":0,"ocean_menu_typo_line_height_tablet":0,"ocean_menu_typo_line_height_mobile":0,"ocean_menu_typo_line_height_unit":"","ocean_menu_typo_spacing":0,"ocean_menu_typo_spacing_tablet":0,"ocean_menu_typo_spacing_mobile":0,"ocean_menu_typo_spacing_unit":"","ocean_menu_link_color":"","ocean_menu_link_color_hover":"","ocean_menu_link_color_active":"","ocean_menu_link_background":"","ocean_menu_link_hover_background":"","ocean_menu_link_active_background":"","ocean_menu_social_links_bg":"","ocean_menu_social_hover_links_bg":"","ocean_menu_social_links_color":"","ocean_menu_social_hover_links_color":"","ocean_disable_title":"default","ocean_disable_heading":"default","ocean_post_title":"","ocean_post_subheading":"","ocean_post_title_style":"","ocean_post_title_background_color":"","ocean_post_title_background":0,"ocean_post_title_bg_image_position":"","ocean_post_title_bg_image_attachment":"","ocean_post_title_bg_image_repeat":"","ocean_post_title_bg_image_size":"","ocean_post_title_height":0,"ocean_post_title_bg_overlay":0.5,"ocean_post_title_bg_overlay_color":"","ocean_disable_breadcrumbs":"default","ocean_breadcrumbs_color":"","ocean_breadcrumbs_separator_color":"","ocean_breadcrumbs_links_color":"","ocean_breadcrumbs_links_hover_color":"","ocean_display_footer_widgets":"default","ocean_display_footer_bottom":"default","ocean_custom_footer_template":"0","osh_disable_topbar_sticky":"default","osh_disable_header_sticky":"default","osh_sticky_header_style":"default","osh_sticky_header_effect":"","osh_custom_sticky_logo":0,"osh_custom_retina_sticky_logo":0,"osh_custom_sticky_logo_height":0,"osh_background_color":"","osh_links_color":"","osh_links_hover_color":"","osh_links_active_color":"","osh_links_bg_color":"","osh_links_hover_bg_color":"","osh_links_active_bg_color":"","osh_menu_social_links_color":"","osh_menu_social_hover_links_color":""},"product_brand":[],"product_cat":[44,41],"product_tag":[255,256,257],"class_list":{"0":"post-3443","1":"product","2":"type-product","3":"status-publish","4":"has-post-thumbnail","6":"product_cat-progressive-grease-dividers","7":"product_cat-progressive-grease-systems","8":"product_tag-flow-divider-valves","9":"product_tag-lube-divider-block","10":"product_tag-lube-metering-valve","12":"entry","13":"has-media","15":"first","16":"instock","17":"shipping-taxable","18":"product-type-external","19":"col","20":"span_1_of_3","21":"owp-content-center","22":"owp-thumbs-layout-horizontal","23":"owp-btn-very-big","24":"owp-tabs-layout-horizontal"},"_links":{"self":[{"href":"https:\/\/www.jinpinlub.com\/vi\/wp-json\/wp\/v2\/product\/3443","targetHints":{"allow":["GET"]}}],"collection":[{"href":"https:\/\/www.jinpinlub.com\/vi\/wp-json\/wp\/v2\/product"}],"about":[{"href":"https:\/\/www.jinpinlub.com\/vi\/wp-json\/wp\/v2\/types\/product"}],"wp:featuredmedia":[{"embeddable":true,"href":"https:\/\/www.jinpinlub.com\/vi\/wp-json\/wp\/v2\/media\/3432"}],"wp:attachment":[{"href":"https:\/\/www.jinpinlub.com\/vi\/wp-json\/wp\/v2\/media?parent=3443"}],"wp:term":[{"taxonomy":"product_brand","embeddable":true,"href":"https:\/\/www.jinpinlub.com\/vi\/wp-json\/wp\/v2\/product_brand?post=3443"},{"taxonomy":"product_cat","embeddable":true,"href":"https:\/\/www.jinpinlub.com\/vi\/wp-json\/wp\/v2\/product_cat?post=3443"},{"taxonomy":"product_tag","embeddable":true,"href":"https:\/\/www.jinpinlub.com\/vi\/wp-json\/wp\/v2\/product_tag?post=3443"}],"curies":[{"name":"wp","href":"https:\/\/api.w.org\/{rel}","templated":true}]}}