{"id":3444,"date":"2024-08-28T05:32:17","date_gmt":"2024-08-27T21:32:17","guid":{"rendered":"https:\/\/www.jinpinlub.com\/?post_type=product&#038;p=3444"},"modified":"2025-06-06T19:33:52","modified_gmt":"2025-06-06T11:33:52","slug":"van-chia-jsv16-cho-boi-tron-dau-mo-tien-trien","status":"publish","type":"product","link":"https:\/\/www.jinpinlub.com\/vi\/san-pham\/van-chia-jsv16-cho-boi-tron-dau-mo-tien-trien\/","title":{"rendered":"Van chia JSV16 cho b\u00f4i tr\u01a1n d\u1ea7u m\u1ee1 Progressive"},"content":{"rendered":"<h2>\u0110\u1eb7c tr\u01b0ng<\/h2>\n<p>Nh\u1ecf g\u1ecdn: B\u1ed9 chia d\u00f2ng JSV c\u1ee7a JINPINLUB nh\u1ecf g\u1ecdn v\u00e0 nh\u1eb9, th\u00edch h\u1ee3p l\u1eafp \u0111\u1eb7t tr\u00ean nhi\u1ec1u lo\u1ea1i thi\u1ebft b\u1ecb kh\u00e1c nhau.<br \/>\nB\u00f4i tr\u01a1n ti\u1ebfn tri\u1ec3n: C\u00f3 th\u1ec3 s\u1eed d\u1ee5ng v\u1edbi m\u00e1y b\u01a1m m\u1ee1 pitt\u00f4ng \u0111i\u1ec7n d\u00f2ng J203 \u0111\u1ec3 \u0111\u1ea1t \u0111\u01b0\u1ee3c kh\u1ea3 n\u0103ng b\u00f4i tr\u01a1n ti\u1ebfn tri\u1ec3n, \u0111\u1ea3m b\u1ea3o m\u1ee1 \u0111\u01b0\u1ee3c ph\u00e2n ph\u1ed1i \u0111\u1ebfn t\u1eebng \u0111i\u1ec3m b\u00f4i tr\u01a1n khi c\u1ea7n.<br \/>\nLo\u1ea1i m\u1ee1: D\u00f2ng JSV ph\u00f9 h\u1ee3p v\u1edbi m\u1ee1 NLGI000#~2#.<br \/>\n\u1ee8ng d\u1ee5ng r\u1ed9ng r\u00e3i: Ch\u1ee7 y\u1ebfu \u0111\u01b0\u1ee3c s\u1eed d\u1ee5ng trong c\u00e1c thi\u1ebft b\u1ecb l\u1edbn nh\u01b0 m\u00e1y ph\u00e1t \u0111i\u1ec7n gi\u00f3, m\u00e1y m\u00f3c k\u1ef9 thu\u1eadt, m\u00e1y m\u00f3c x\u00e2y d\u1ef1ng, khai th\u00e1c m\u1ecf, nh\u00e0 m\u00e1y th\u00e9p, luy\u1ec7n kim v\u00e0 b\u1ebfn t\u00e0u.<\/p>\n<h2>\u0110\u1eb7c \u0111i\u1ec3m k\u1ef9 thu\u1eadt<\/h2>\n<table>\n<tbody>\n<tr>\n<td>Nguy\u00ean l\u00fd ch\u1ee9c n\u0103ng<\/td>\n<td>Thi\u1ebft b\u1ecb \u0111o l\u01b0\u1eddng<\/td>\n<\/tr>\n<tr>\n<td>S\u1ed1 l\u01b0\u1ee3ng c\u1eeda h\u00e0ng<\/td>\n<td>6-20<\/td>\n<\/tr>\n<tr>\n<td>\u0110o l\u01b0\u1eddng s\u1ed1 l\u01b0\u1ee3ng<\/td>\n<td>0,2mL\/chu k\u1ef3<\/td>\n<\/tr>\n<tr>\n<td>Ch\u1ea5t b\u00f4i tr\u01a1n<\/td>\n<td>M\u1ee1 b\u00f4i tr\u01a1n l\u00ean \u0111\u1ebfn NLGI 2, d\u1ea7u 32-220cSt@40\u2103<\/td>\n<\/tr>\n<tr>\n<td>Nhi\u1ec7t \u0111\u1ed9 ho\u1ea1t \u0111\u1ed9ng<\/td>\n<td>\u201320 \u0111\u1ebfn +80 \u00b0C<\/td>\n<\/tr>\n<tr>\n<td>\u00c1p su\u1ea5t ho\u1ea1t \u0111\u1ed9ng<\/td>\n<td>T\u1ed1i \u0111a 350 bar<\/td>\n<\/tr>\n<tr>\n<td>V\u1eadt li\u1ec7u<\/td>\n<td>M\u1ea1 k\u1ebdm \u0111en<\/td>\n<\/tr>\n<tr>\n<td>\u0110\u1ea7u v\u00e0o k\u1ebft n\u1ed1i<\/td>\n<td>\u03a66\/\u03a68 (M10x1)<\/td>\n<\/tr>\n<tr>\n<td>\u1ed4 c\u1eafm k\u1ebft n\u1ed1i<\/td>\n<td>\u03a66\/\u03a68 (M10x1)<\/td>\n<\/tr>\n<tr>\n<td>V\u1ecb tr\u00ed l\u1eafp \u0111\u1eb7t<\/td>\n<td>B\u1ea5t k\u00ec<\/td>\n<\/tr>\n<\/tbody>\n<\/table>\n<h2>Nguy\u00ean t\u1eafc<\/h2>\n<p>Ho\u1ea1t \u0111\u1ed9ng c\u1ee7a b\u1ed9 ph\u00e2n ph\u1ed1i: M\u1ee1 \u0111\u01b0\u1ee3c chuy\u1ec3n \u0111\u1ebfn b\u1ed9 ph\u00e2n ph\u1ed1i ti\u1ebfn b\u1ed9 JSV series th\u00f4ng qua \u0111\u01b0\u1eddng \u1ed1ng. B\u1ed9 ph\u00e2n ph\u1ed1i n\u00e0y c\u00f3 nhi\u1ec1u \u0111\u1ea7u ra, m\u1ed7i \u0111\u1ea7u ra t\u01b0\u01a1ng \u1ee9ng v\u1edbi m\u1ed9t \u0111i\u1ec3m b\u00f4i tr\u01a1n.<br \/>\nPh\u00e2n ph\u1ed1i ti\u1ebfn b\u1ed9: L\u00f5i c\u1ee7a b\u1ed9 ph\u00e2n ph\u1ed1i JSV l\u00e0 van \u0111\u1ecbnh l\u01b0\u1ee3ng quay. Khi b\u01a1m m\u1ee1 ho\u1ea1t \u0111\u1ed9ng, van ph\u00e2n ph\u1ed1i m\u1edf t\u1eebng c\u00e1i m\u1ed9t \u0111\u1ec3 ph\u00e2n ph\u1ed1i m\u1ee1 \u0111\u1ebfn t\u1eebng \u0111i\u1ec3m b\u00f4i tr\u01a1n.<br \/>\nHo\u1ea1t \u0111\u1ed9ng tu\u1ea7n ho\u00e0n: Sau khi van ph\u00e2n ph\u1ed1i ho\u00e0n th\u00e0nh m\u1ed9t v\u00f2ng, n\u00f3 s\u1ebd kh\u1edfi \u0111\u1ed9ng l\u1ea1i v\u00e0 ti\u1ebfp t\u1ee5c ph\u00e2n ph\u1ed1i m\u1ee1 cho \u0111\u1ebfn khi t\u1ea5t c\u1ea3 c\u00e1c \u0111i\u1ec3m b\u00f4i tr\u01a1n \u0111\u01b0\u1ee3c b\u00f4i tr\u01a1n.<\/p>\n<h2>H\u01b0\u1edbng d\u1eabn s\u1eed d\u1ee5ng<\/h2>\n<div class=\"sdm_download_button_box_default\"><div class=\"sdm_download_link\"><a href=\"https:\/\/www.jinpinlub.com\/vi\/?sdm_process_download=1&download_id=2474\" class=\"sdm_download white\" title=\"Ri\u00eang t\u01b0: JSV Progressive Distributor\" target=\"&quot;_blank&quot;\">Xem B\u1ea3ng d\u1eef li\u1ec7u - Nh\u00e0 ph\u00e2n ph\u1ed1i JSV<\/a><\/div><\/div>","protected":false},"excerpt":{"rendered":"<p>JSV l\u00e0 thi\u1ebft b\u1ecb \u0111\u01b0\u1ee3c s\u1eed d\u1ee5ng trong h\u1ec7 th\u1ed1ng b\u00f4i tr\u01a1n \u0111\u1ec3 ph\u00e2n ph\u1ed1i ch\u1ea5t b\u00f4i tr\u01a1n m\u1ed9t c\u00e1ch \u0111\u1ecbnh l\u01b0\u1ee3ng v\u00e0 \u0111\u00e1ng tin c\u1eady. Thi\u1ebft b\u1ecb n\u00e0y ph\u00f9 h\u1ee3p v\u1edbi h\u1ec7 th\u1ed1ng b\u00f4i tr\u01a1n ti\u1ebfn b\u1ed9, trong \u0111\u00f3 ch\u1ea5t b\u00f4i tr\u01a1n \u0111\u01b0\u1ee3c phun v\u00e0o \u0111\u01b0\u1eddng \u1ed1ng ch\u00ednh th\u00f4ng qua m\u1ed9t m\u00e1y b\u01a1m v\u00e0 sau \u0111\u00f3 \u0111\u01b0\u1ee3c ph\u00e2n ph\u1ed1i \u0111\u1ebfn b\u1ed9 ph\u00e2n ph\u1ed1i ti\u1ebfn b\u1ed9 \u0111\u01b0\u1ee3c k\u1ebft n\u1ed1i.<\/p>","protected":false},"featured_media":3438,"template":"","meta":{"ocean_post_layout":"","ocean_both_sidebars_style":"","ocean_both_sidebars_content_width":0,"ocean_both_sidebars_sidebars_width":0,"ocean_sidebar":"0","ocean_second_sidebar":"0","ocean_disable_margins":"enable","ocean_add_body_class":"","ocean_shortcode_before_top_bar":"","ocean_shortcode_after_top_bar":"","ocean_shortcode_before_header":"","ocean_shortcode_after_header":"","ocean_has_shortcode":"","ocean_shortcode_after_title":"","ocean_shortcode_before_footer_widgets":"","ocean_shortcode_after_footer_widgets":"","ocean_shortcode_before_footer_bottom":"","ocean_shortcode_after_footer_bottom":"","ocean_display_top_bar":"default","ocean_display_header":"default","ocean_header_style":"","ocean_center_header_left_menu":"0","ocean_custom_header_template":"0","ocean_custom_logo":0,"ocean_custom_retina_logo":0,"ocean_custom_logo_max_width":0,"ocean_custom_logo_tablet_max_width":0,"ocean_custom_logo_mobile_max_width":0,"ocean_custom_logo_max_height":0,"ocean_custom_logo_tablet_max_height":0,"ocean_custom_logo_mobile_max_height":0,"ocean_header_custom_menu":"0","ocean_menu_typo_font_family":"0","ocean_menu_typo_font_subset":"","ocean_menu_typo_font_size":0,"ocean_menu_typo_font_size_tablet":0,"ocean_menu_typo_font_size_mobile":0,"ocean_menu_typo_font_size_unit":"px","ocean_menu_typo_font_weight":"","ocean_menu_typo_font_weight_tablet":"","ocean_menu_typo_font_weight_mobile":"","ocean_menu_typo_transform":"","ocean_menu_typo_transform_tablet":"","ocean_menu_typo_transform_mobile":"","ocean_menu_typo_line_height":0,"ocean_menu_typo_line_height_tablet":0,"ocean_menu_typo_line_height_mobile":0,"ocean_menu_typo_line_height_unit":"","ocean_menu_typo_spacing":0,"ocean_menu_typo_spacing_tablet":0,"ocean_menu_typo_spacing_mobile":0,"ocean_menu_typo_spacing_unit":"","ocean_menu_link_color":"","ocean_menu_link_color_hover":"","ocean_menu_link_color_active":"","ocean_menu_link_background":"","ocean_menu_link_hover_background":"","ocean_menu_link_active_background":"","ocean_menu_social_links_bg":"","ocean_menu_social_hover_links_bg":"","ocean_menu_social_links_color":"","ocean_menu_social_hover_links_color":"","ocean_disable_title":"default","ocean_disable_heading":"default","ocean_post_title":"","ocean_post_subheading":"","ocean_post_title_style":"","ocean_post_title_background_color":"","ocean_post_title_background":0,"ocean_post_title_bg_image_position":"","ocean_post_title_bg_image_attachment":"","ocean_post_title_bg_image_repeat":"","ocean_post_title_bg_image_size":"","ocean_post_title_height":0,"ocean_post_title_bg_overlay":0.5,"ocean_post_title_bg_overlay_color":"","ocean_disable_breadcrumbs":"default","ocean_breadcrumbs_color":"","ocean_breadcrumbs_separator_color":"","ocean_breadcrumbs_links_color":"","ocean_breadcrumbs_links_hover_color":"","ocean_display_footer_widgets":"default","ocean_display_footer_bottom":"default","ocean_custom_footer_template":"0","osh_disable_topbar_sticky":"default","osh_disable_header_sticky":"default","osh_sticky_header_style":"default","osh_sticky_header_effect":"","osh_custom_sticky_logo":0,"osh_custom_retina_sticky_logo":0,"osh_custom_sticky_logo_height":0,"osh_background_color":"","osh_links_color":"","osh_links_hover_color":"","osh_links_active_color":"","osh_links_bg_color":"","osh_links_hover_bg_color":"","osh_links_active_bg_color":"","osh_menu_social_links_color":"","osh_menu_social_hover_links_color":""},"product_brand":[],"product_cat":[41,44],"product_tag":[260,258,259],"class_list":{"0":"post-3444","1":"product","2":"type-product","3":"status-publish","4":"has-post-thumbnail","6":"product_cat-progressive-grease-systems","7":"product_cat-progressive-grease-dividers","8":"product_tag-divider-devices","9":"product_tag-grease-divider-valves","10":"product_tag-oil-divider-valves","12":"entry","13":"has-media","15":"first","16":"instock","17":"shipping-taxable","18":"product-type-external","19":"col","20":"span_1_of_3","21":"owp-content-center","22":"owp-thumbs-layout-horizontal","23":"owp-btn-very-big","24":"owp-tabs-layout-horizontal"},"_links":{"self":[{"href":"https:\/\/www.jinpinlub.com\/vi\/wp-json\/wp\/v2\/product\/3444","targetHints":{"allow":["GET"]}}],"collection":[{"href":"https:\/\/www.jinpinlub.com\/vi\/wp-json\/wp\/v2\/product"}],"about":[{"href":"https:\/\/www.jinpinlub.com\/vi\/wp-json\/wp\/v2\/types\/product"}],"wp:featuredmedia":[{"embeddable":true,"href":"https:\/\/www.jinpinlub.com\/vi\/wp-json\/wp\/v2\/media\/3438"}],"wp:attachment":[{"href":"https:\/\/www.jinpinlub.com\/vi\/wp-json\/wp\/v2\/media?parent=3444"}],"wp:term":[{"taxonomy":"product_brand","embeddable":true,"href":"https:\/\/www.jinpinlub.com\/vi\/wp-json\/wp\/v2\/product_brand?post=3444"},{"taxonomy":"product_cat","embeddable":true,"href":"https:\/\/www.jinpinlub.com\/vi\/wp-json\/wp\/v2\/product_cat?post=3444"},{"taxonomy":"product_tag","embeddable":true,"href":"https:\/\/www.jinpinlub.com\/vi\/wp-json\/wp\/v2\/product_tag?post=3444"}],"curies":[{"name":"wp","href":"https:\/\/api.w.org\/{rel}","templated":true}]}}