{"id":3485,"date":"2024-08-29T04:18:58","date_gmt":"2024-08-28T20:18:58","guid":{"rendered":"https:\/\/www.jinpinlub.com\/?post_type=product&#038;p=3485"},"modified":"2025-06-06T19:33:47","modified_gmt":"2025-06-06T11:33:47","slug":"nha-phan-phoi-he-thong-boi-tron-tap-trung-jsv-progressive","status":"publish","type":"product","link":"https:\/\/www.jinpinlub.com\/vi\/product\/jsv-progressive-centralized-lubrication-system-distributor\/","title":{"rendered":"H\u1ec7 th\u1ed1ng b\u00f4i tr\u01a1n t\u1eadp trung JSV Progressive"},"content":{"rendered":"<h2>\u0110\u1eb7c tr\u01b0ng<\/h2>\n<p><span id=\"input-sentence~0\">Ph\u00e2n ph\u1ed1i tu\u1ea7n t\u1ef1: M\u1ed7i \u0111\u1ea7u ra c\u1ee7a b\u1ed9 ph\u00e2n ph\u1ed1i JSV gi\u1ea3i ph\u00f3ng m\u1ee1 theo tr\u00ecnh t\u1ef1, \u0111\u1ea3m b\u1ea3o m\u1ecdi \u0111i\u1ec3m b\u00f4i tr\u01a1n \u0111\u1ec1u \u0111\u01b0\u1ee3c b\u00f4i tr\u01a1n t\u1ed1t.<br \/>\nKh\u1ea3 n\u0103ng ch\u1ecbu \u00e1p su\u1ea5t cao: Gi\u1edbi h\u1ea1n ch\u1ecbu \u00e1p su\u1ea5t l\u00e0m vi\u1ec7c c\u1ee7a b\u1ed9 ph\u00e2n ph\u1ed1i l\u00e0 300 bar n\u00ean ph\u00f9 h\u1ee3p trong m\u00f4i tr\u01b0\u1eddng \u00e1p su\u1ea5t cao.<\/span><span id=\"input-sentence~1\"><br \/>\nThi\u1ebft k\u1ebf nhi\u1ec1u \u0111\u1ea7u ra: C\u00f3 s\u1eb5n t\u1eeb 6 \u0111\u1ebfn 14 \u0111\u1ea7u ra \u2013 m\u1ed7i \u0111\u1ea7u ra c\u00f3 l\u01b0u l\u01b0\u1ee3ng 0,2 cc\/chu k\u1ef3.<br \/>\nCh\u1ecbu \u0111\u01b0\u1ee3c nhi\u1ec7t \u0111\u1ed9 cao v\u00e0 th\u1ea5p: V\u1edbi c\u1ea5u tr\u00fac b\u1ecbt k\u00edn b\u1eb1ng kim lo\u1ea1i, c\u00f3 th\u1ec3 ho\u1ea1t \u0111\u1ed9ng \u1ed5n \u0111\u1ecbnh trong \u0111i\u1ec1u ki\u1ec7n l\u00e0m vi\u1ec7c k\u00e9m \u1edf ph\u1ea1m vi nhi\u1ec7t \u0111\u1ed9 t\u1eeb -20\u00b0C \u0111\u1ebfn 80\u00b0C.<\/span><span id=\"input-sentence~2\"><br \/>\nV\u1eadt li\u1ec7u b\u1ec1n ch\u1eafc: \u0110\u01b0\u1ee3c l\u00e0m b\u1eb1ng th\u00e9p cacbon v\u00e0 h\u1ee3p kim m\u1ea1 niken, c\u00f3 kh\u1ea3 n\u0103ng ch\u1ed1ng \u0103n m\u00f2n tuy\u1ec7t v\u1eddi v\u00e0 \u0111\u1ed9 b\u1ec1n cao.<\/span><\/p>\n<h2>\u0110\u1eb7c \u0111i\u1ec3m k\u1ef9 thu\u1eadt<\/h2>\n<table>\n<tbody>\n<tr>\n<td>Nguy\u00ean l\u00fd ch\u1ee9c n\u0103ng<\/td>\n<td>Thi\u1ebft b\u1ecb \u0111o l\u01b0\u1eddng<\/td>\n<\/tr>\n<tr>\n<td>S\u1ed1 l\u01b0\u1ee3ng c\u1eeda h\u00e0ng<\/td>\n<td>6-20<\/td>\n<\/tr>\n<tr>\n<td>\u0110o l\u01b0\u1eddng s\u1ed1 l\u01b0\u1ee3ng<\/td>\n<td>0,2mL\/chu k\u1ef3<\/td>\n<\/tr>\n<tr>\n<td>Ch\u1ea5t b\u00f4i tr\u01a1n<\/td>\n<td>M\u1ee1 b\u00f4i tr\u01a1n l\u00ean \u0111\u1ebfn NLGI 2, d\u1ea7u 32-220cSt@40\u2103<\/td>\n<\/tr>\n<tr>\n<td>Nhi\u1ec7t \u0111\u1ed9 ho\u1ea1t \u0111\u1ed9ng<\/td>\n<td>\u201320 \u0111\u1ebfn +80 \u00b0C<\/td>\n<\/tr>\n<tr>\n<td>\u00c1p su\u1ea5t ho\u1ea1t \u0111\u1ed9ng<\/td>\n<td>T\u1ed1i \u0111a 300 bar<\/td>\n<\/tr>\n<tr>\n<td>V\u1eadt li\u1ec7u<\/td>\n<td>M\u1ea1 k\u1ebdm \u0111en<\/td>\n<\/tr>\n<tr>\n<td>\u0110\u1ea7u v\u00e0o k\u1ebft n\u1ed1i<\/td>\n<td>\u03a66\/\u03a68 (M10x1)<\/td>\n<\/tr>\n<tr>\n<td>\u1ed4 c\u1eafm k\u1ebft n\u1ed1i<\/td>\n<td>\u03a66\/\u03a68 (M10x1)<\/td>\n<\/tr>\n<tr>\n<td>V\u1ecb tr\u00ed l\u1eafp \u0111\u1eb7t<\/td>\n<td>B\u1ea5t k\u00ec<\/td>\n<\/tr>\n<\/tbody>\n<\/table>\n<h2>\u1ee8ng d\u1ee5ng<\/h2>\n<p><span id=\"input-sentence~2\">Xe c\u1ed9 v\u00e0 m\u00e1y m\u00f3c x\u00e2y d\u1ef1ng: Thi\u1ebft b\u1ecb \u0111o l\u01b0\u1eddng JINPINLUB JSV ph\u00f9 h\u1ee3p v\u1edbi nhi\u1ec1u lo\u1ea1i xe c\u1ed9 v\u00e0 h\u1ec7 th\u1ed1ng b\u00f4i tr\u01a1n t\u1eadp trung m\u00e1y m\u00f3c x\u00e2y d\u1ef1ng h\u1ea1ng n\u1eb7ng.<br \/>\nThi\u1ebft b\u1ecb \u0111o JSV c\u00f3 th\u1ec3 \u0111\u01b0\u1ee3c s\u1eed d\u1ee5ng r\u1ed9ng r\u00e3i trong nhi\u1ec1u lo\u1ea1i thi\u1ebft b\u1ecb s\u1ea3n xu\u1ea5t nh\u01b0 m\u00e1y c\u00f4ng c\u1ee5, m\u00e1y m\u00f3c nh\u1ef1a v\u00e0 m\u00e1y m\u00f3c gi\u1ea5y.<\/span><span id=\"input-sentence~3\"><br \/>\nPh\u00e1t \u0111i\u1ec7n gi\u00f3: Thi\u1ebft b\u1ecb \u0111o JSV c\u00f3 th\u1ec3 \u0111\u01b0\u1ee3c s\u1eed d\u1ee5ng trong thi\u1ebft b\u1ecb ph\u00e1t \u0111i\u1ec7n gi\u00f3 \u0111\u1ec3 duy tr\u00ec b\u00f4i tr\u01a1n \u0111\u00e1ng tin c\u1eady v\u00e0 gi\u1ea3m t\u1ea7n su\u1ea5t b\u1ea3o tr\u00ec. M\u00e1y m\u00f3c in \u1ea5n v\u00e0 \u0111\u00f3ng g\u00f3i: Nhi\u1ec1u thi\u1ebft b\u1ecb \u0111o JSV \u0111\u01b0\u1ee3c s\u1eed d\u1ee5ng b\u00ean trong m\u00e1y m\u00f3c in \u1ea5n v\u00e0 \u0111\u00f3ng g\u00f3i \u0111\u1ec3 thi\u1ebft b\u1ecb ho\u1ea1t \u0111\u1ed9ng tr\u01a1n tru.<\/span><\/p>\n<h2>H\u01b0\u1edbng d\u1eabn s\u1eed d\u1ee5ng<\/h2>\n<div class=\"sdm_download_button_box_default\"><div class=\"sdm_download_link\"><a href=\"https:\/\/www.jinpinlub.com\/vi\/?sdm_process_download=1&download_id=2474\" class=\"sdm_download white\" title=\"Ri\u00eang t\u01b0: JSV Progressive Distributor\" target=\"&quot;_blank&quot;\">Xem B\u1ea3ng d\u1eef li\u1ec7u - Nh\u00e0 ph\u00e2n ph\u1ed1i JSV<\/a><\/div><\/div>","protected":false},"excerpt":{"rendered":"<p>B\u1ed9 ph\u00e2n ph\u1ed1i JINPINLUB JSV l\u00e0 thi\u1ebft b\u1ecb \u0111\u01b0\u1ee3c thi\u1ebft k\u1ebf cho c\u00e1c h\u1ec7 th\u1ed1ng b\u00f4i tr\u01a1n ti\u1ebfn b\u1ed9 ph\u1ee9c t\u1ea1p. N\u00f3 c\u00f3 th\u1ec3 ho\u1ea1t \u0111\u1ed9ng trong c\u00e1c h\u1ec7 th\u1ed1ng b\u00f4i tr\u01a1n t\u1eadp trung m\u1ee1 \u00e1p su\u1ea5t cao v\u00e0 ph\u00e2n ph\u1ed1i \u0111\u1ecbnh l\u01b0\u1ee3ng ch\u1ea5t b\u00f4i tr\u01a1n \u0111\u01b0\u1ee3c x\u1ea3 ra t\u1eeb b\u01a1m b\u00f4i tr\u01a1n \u0111\u1ebfn t\u1eebng \u0111i\u1ec3m b\u00f4i tr\u01a1n.<\/p>","protected":false},"featured_media":3483,"template":"","meta":{"ocean_post_layout":"","ocean_both_sidebars_style":"","ocean_both_sidebars_content_width":0,"ocean_both_sidebars_sidebars_width":0,"ocean_sidebar":"0","ocean_second_sidebar":"0","ocean_disable_margins":"enable","ocean_add_body_class":"","ocean_shortcode_before_top_bar":"","ocean_shortcode_after_top_bar":"","ocean_shortcode_before_header":"","ocean_shortcode_after_header":"","ocean_has_shortcode":"","ocean_shortcode_after_title":"","ocean_shortcode_before_footer_widgets":"","ocean_shortcode_after_footer_widgets":"","ocean_shortcode_before_footer_bottom":"","ocean_shortcode_after_footer_bottom":"","ocean_display_top_bar":"default","ocean_display_header":"default","ocean_header_style":"","ocean_center_header_left_menu":"0","ocean_custom_header_template":"0","ocean_custom_logo":0,"ocean_custom_retina_logo":0,"ocean_custom_logo_max_width":0,"ocean_custom_logo_tablet_max_width":0,"ocean_custom_logo_mobile_max_width":0,"ocean_custom_logo_max_height":0,"ocean_custom_logo_tablet_max_height":0,"ocean_custom_logo_mobile_max_height":0,"ocean_header_custom_menu":"0","ocean_menu_typo_font_family":"0","ocean_menu_typo_font_subset":"","ocean_menu_typo_font_size":0,"ocean_menu_typo_font_size_tablet":0,"ocean_menu_typo_font_size_mobile":0,"ocean_menu_typo_font_size_unit":"px","ocean_menu_typo_font_weight":"","ocean_menu_typo_font_weight_tablet":"","ocean_menu_typo_font_weight_mobile":"","ocean_menu_typo_transform":"","ocean_menu_typo_transform_tablet":"","ocean_menu_typo_transform_mobile":"","ocean_menu_typo_line_height":0,"ocean_menu_typo_line_height_tablet":0,"ocean_menu_typo_line_height_mobile":0,"ocean_menu_typo_line_height_unit":"","ocean_menu_typo_spacing":0,"ocean_menu_typo_spacing_tablet":0,"ocean_menu_typo_spacing_mobile":0,"ocean_menu_typo_spacing_unit":"","ocean_menu_link_color":"","ocean_menu_link_color_hover":"","ocean_menu_link_color_active":"","ocean_menu_link_background":"","ocean_menu_link_hover_background":"","ocean_menu_link_active_background":"","ocean_menu_social_links_bg":"","ocean_menu_social_hover_links_bg":"","ocean_menu_social_links_color":"","ocean_menu_social_hover_links_color":"","ocean_disable_title":"default","ocean_disable_heading":"default","ocean_post_title":"","ocean_post_subheading":"","ocean_post_title_style":"","ocean_post_title_background_color":"","ocean_post_title_background":0,"ocean_post_title_bg_image_position":"","ocean_post_title_bg_image_attachment":"","ocean_post_title_bg_image_repeat":"","ocean_post_title_bg_image_size":"","ocean_post_title_height":0,"ocean_post_title_bg_overlay":0.5,"ocean_post_title_bg_overlay_color":"","ocean_disable_breadcrumbs":"default","ocean_breadcrumbs_color":"","ocean_breadcrumbs_separator_color":"","ocean_breadcrumbs_links_color":"","ocean_breadcrumbs_links_hover_color":"","ocean_display_footer_widgets":"default","ocean_display_footer_bottom":"default","ocean_custom_footer_template":"0","osh_disable_topbar_sticky":"default","osh_disable_header_sticky":"default","osh_sticky_header_style":"default","osh_sticky_header_effect":"","osh_custom_sticky_logo":0,"osh_custom_retina_sticky_logo":0,"osh_custom_sticky_logo_height":0,"osh_background_color":"","osh_links_color":"","osh_links_hover_color":"","osh_links_active_color":"","osh_links_bg_color":"","osh_links_hover_bg_color":"","osh_links_active_bg_color":"","osh_menu_social_links_color":"","osh_menu_social_hover_links_color":""},"product_brand":[],"product_cat":[44,41],"product_tag":[261,262,100],"class_list":{"0":"post-3485","1":"product","2":"type-product","3":"status-publish","4":"has-post-thumbnail","6":"product_cat-progressive-grease-dividers","7":"product_cat-progressive-grease-systems","8":"product_tag-grease-dispenser-valve","9":"product_tag-grease-feeder","10":"product_tag-grease-metering-valve","12":"entry","13":"has-media","15":"first","16":"instock","17":"shipping-taxable","18":"product-type-external","19":"col","20":"span_1_of_3","21":"owp-content-center","22":"owp-thumbs-layout-horizontal","23":"owp-btn-very-big","24":"owp-tabs-layout-horizontal"},"_links":{"self":[{"href":"https:\/\/www.jinpinlub.com\/vi\/wp-json\/wp\/v2\/product\/3485","targetHints":{"allow":["GET"]}}],"collection":[{"href":"https:\/\/www.jinpinlub.com\/vi\/wp-json\/wp\/v2\/product"}],"about":[{"href":"https:\/\/www.jinpinlub.com\/vi\/wp-json\/wp\/v2\/types\/product"}],"wp:featuredmedia":[{"embeddable":true,"href":"https:\/\/www.jinpinlub.com\/vi\/wp-json\/wp\/v2\/media\/3483"}],"wp:attachment":[{"href":"https:\/\/www.jinpinlub.com\/vi\/wp-json\/wp\/v2\/media?parent=3485"}],"wp:term":[{"taxonomy":"product_brand","embeddable":true,"href":"https:\/\/www.jinpinlub.com\/vi\/wp-json\/wp\/v2\/product_brand?post=3485"},{"taxonomy":"product_cat","embeddable":true,"href":"https:\/\/www.jinpinlub.com\/vi\/wp-json\/wp\/v2\/product_cat?post=3485"},{"taxonomy":"product_tag","embeddable":true,"href":"https:\/\/www.jinpinlub.com\/vi\/wp-json\/wp\/v2\/product_tag?post=3485"}],"curies":[{"name":"wp","href":"https:\/\/api.w.org\/{rel}","templated":true}]}}