{"id":3486,"date":"2024-08-29T04:21:15","date_gmt":"2024-08-28T20:21:15","guid":{"rendered":"https:\/\/www.jinpinlub.com\/?post_type=product&#038;p=3486"},"modified":"2025-06-06T19:33:42","modified_gmt":"2025-06-06T11:33:42","slug":"jsv-pittong-phan-phoi-tien-bo-cho-chat-boi-tron-nlgi-0-2","status":"publish","type":"product","link":"https:\/\/www.jinpinlub.com\/vi\/product\/jsv-plunger-progressive-distributor-for-lubricant-nlgi-0-2\/","title":{"rendered":"B\u1ed9 ph\u00e2n ph\u1ed1i ti\u1ebfn b\u1ed9 JSV Plunger cho ch\u1ea5t b\u00f4i tr\u01a1n NLGI 0-2"},"content":{"rendered":"<h2>\u0110\u1eb7c tr\u01b0ng<\/h2>\n<p><span id=\"input-sentence~0\">Thi\u1ebft k\u1ebf nhi\u1ec1u \u0111\u1ea7u ra: B\u1ed9 ph\u00e2n ph\u1ed1i JSV c\u00f3 thi\u1ebft k\u1ebf t\u1eeb 6 \u0111\u1ebfn 20 \u0111\u1ea7u ra \u0111\u1ec3 \u0111\u00e1p \u1ee9ng h\u1ea7u h\u1ebft c\u00e1c y\u00eau c\u1ea7u b\u00f4i tr\u01a1n.<br \/>\nPh\u00e2n ph\u1ed1i tr\u00ecnh t\u1ef1 n\u00e2ng cao: Thi\u1ebft b\u1ecb ph\u00e2n ph\u1ed1i m\u1ee1 JSV ph\u00e2n ph\u1ed1i m\u1ee1 theo tr\u00ecnh t\u1ef1 t\u1ea1i m\u1ed7i \u0111\u1ea7u ra, do \u0111\u00f3 d\u1ec5 d\u00e0ng theo d\u00f5i ho\u1ea1t \u0111\u1ed9ng.<br \/>\n\u0110i\u1ec1u ch\u1ec9nh t\u00ednh linh ho\u1ea1t: Van \u0111\u1ecbnh l\u01b0\u1ee3ng c\u1ee7a JSV c\u00f3 th\u1ec3 t\u0103ng th\u1ec3 t\u00edch ph\u00e2n ph\u1ed1i b\u1eb1ng c\u00e1ch \u0111\u00f3ng m\u1ed9t \u0111\u1ea7u ra \u0111\u1ec3 d\u1eabn ch\u1ea5t b\u00f4i tr\u01a1n \u0111\u1ebfn \u0111\u1ea7u ra ti\u1ebfp theo.<\/span><span id=\"input-sentence~1\"><br \/>\n\u0110\u1ed9 b\u1ec1n c\u1ee7a v\u1eadt li\u1ec7u: van ph\u00e2n ph\u1ed1i JSV \u0111\u01b0\u1ee3c l\u00e0m b\u1eb1ng th\u00e9p cacbon v\u00e0 h\u1ee3p kim m\u1ea1 niken c\u00f3 kh\u1ea3 n\u0103ng ch\u1ed1ng ch\u1ecbu t\u00e1c \u0111\u1ed9ng c\u1ee7a m\u00f4i tr\u01b0\u1eddng.<\/span><\/p>\n<h2>\u0110\u1eb7c \u0111i\u1ec3m k\u1ef9 thu\u1eadt<\/h2>\n<table>\n<tbody>\n<tr>\n<td>Nguy\u00ean l\u00fd ch\u1ee9c n\u0103ng<\/td>\n<td>Thi\u1ebft b\u1ecb \u0111o l\u01b0\u1eddng<\/td>\n<\/tr>\n<tr>\n<td>S\u1ed1 l\u01b0\u1ee3ng c\u1eeda h\u00e0ng<\/td>\n<td>6-20<\/td>\n<\/tr>\n<tr>\n<td>\u0110o l\u01b0\u1eddng s\u1ed1 l\u01b0\u1ee3ng<\/td>\n<td>0,2mL\/chu k\u1ef3<\/td>\n<\/tr>\n<tr>\n<td>Ch\u1ea5t b\u00f4i tr\u01a1n<\/td>\n<td>M\u1ee1 b\u00f4i tr\u01a1n l\u00ean \u0111\u1ebfn NLGI 2, d\u1ea7u 32-220cSt@40\u2103<\/td>\n<\/tr>\n<tr>\n<td>Nhi\u1ec7t \u0111\u1ed9 ho\u1ea1t \u0111\u1ed9ng<\/td>\n<td>\u201320 \u0111\u1ebfn +80 \u00b0C<\/td>\n<\/tr>\n<tr>\n<td>\u00c1p su\u1ea5t ho\u1ea1t \u0111\u1ed9ng<\/td>\n<td>T\u1ed1i \u0111a 300 bar<\/td>\n<\/tr>\n<tr>\n<td>V\u1eadt li\u1ec7u<\/td>\n<td>M\u1ea1 k\u1ebdm \u0111en<\/td>\n<\/tr>\n<tr>\n<td>\u0110\u1ea7u v\u00e0o k\u1ebft n\u1ed1i<\/td>\n<td>\u03a66\/\u03a68 (M10x1)<\/td>\n<\/tr>\n<tr>\n<td>\u1ed4 c\u1eafm k\u1ebft n\u1ed1i<\/td>\n<td>\u03a66\/\u03a68 (M10x1)<\/td>\n<\/tr>\n<tr>\n<td>V\u1ecb tr\u00ed l\u1eafp \u0111\u1eb7t<\/td>\n<td>B\u1ea5t k\u00ec<\/td>\n<\/tr>\n<\/tbody>\n<\/table>\n<h2>\u1ee8ng d\u1ee5ng<\/h2>\n<p>M\u00e1y m\u00f3c c\u00f4ng nghi\u1ec7p: Thi\u1ebft b\u1ecb \u0111o l\u01b0\u1eddng JINPUNLUB JSV \u0111\u01b0\u1ee3c \u1ee9ng d\u1ee5ng r\u1ed9ng r\u00e3i cho nhi\u1ec1u lo\u1ea1i m\u00e1y m\u00f3c v\u00e0 thi\u1ebft b\u1ecb c\u00f4ng nghi\u1ec7p kh\u00e1c nhau, nh\u01b0 m\u00e1y c\u00f4ng c\u1ee5, m\u00e1y \u0111\u00fac khu\u00f4n, m\u00e1y \u00e9p phun, v.v., nh\u1eb1m \u0111\u1ea3m b\u1ea3o thi\u1ebft b\u1ecb ho\u1ea1t \u0111\u1ed9ng b\u00ecnh th\u01b0\u1eddng v\u00e0 k\u00e9o d\u00e0i tu\u1ed5i th\u1ecd.<br \/>\nM\u00e1y m\u00f3c k\u1ef9 thu\u1eadt: Thi\u1ebft b\u1ecb \u0111o l\u01b0\u1eddng JSV M\u00e1y m\u00f3c k\u1ef9 thu\u1eadt nh\u01b0 m\u00e1y \u0111\u00e0o, m\u00e1y x\u00fac, c\u1ea7n c\u1ea9u, v.v. c\u00f3 th\u1ec3 s\u1eed d\u1ee5ng b\u1ed9 ph\u00e2n ph\u1ed1i ti\u1ebfn b\u1ed9 \u0111\u1ec3 cung c\u1ea5p kh\u1ea3 n\u0103ng b\u00f4i tr\u01a1n \u0111\u00e1ng tin c\u1eady v\u00e0 gi\u1ea3m m\u00e0i m\u00f2n c\u01a1 h\u1ecdc.<\/p>\n<h2>H\u01b0\u1edbng d\u1eabn s\u1eed d\u1ee5ng<\/h2>\n<div class=\"sdm_download_button_box_default\"><div class=\"sdm_download_link\"><a href=\"https:\/\/www.jinpinlub.com\/vi\/?sdm_process_download=1&download_id=2474\" class=\"sdm_download white\" title=\"Ri\u00eang t\u01b0: JSV Progressive Distributor\" target=\"&quot;_blank&quot;\">Xem B\u1ea3ng d\u1eef li\u1ec7u - Nh\u00e0 ph\u00e2n ph\u1ed1i JSV<\/a><\/div><\/div>","protected":false},"excerpt":{"rendered":"<p>M\u00e1y b\u01a1m m\u1ee1 JSV \u0111\u01b0\u1ee3c s\u1eed d\u1ee5ng r\u1ed9ng r\u00e3i trong c\u00e1c h\u1ec7 th\u1ed1ng b\u00f4i tr\u01a1n c\u1ee7a thi\u1ebft b\u1ecb c\u00f4ng nghi\u1ec7p, \u0111\u1eb7c bi\u1ec7t l\u00e0 trong nh\u1eefng t\u00ecnh hu\u1ed1ng c\u1ea7n ki\u1ec3m so\u00e1t ch\u00ednh x\u00e1c l\u01b0\u1ee3ng m\u1ee1 b\u00f4i tr\u01a1n, ch\u1eb3ng h\u1ea1n nh\u01b0 m\u00e1y m\u00f3c h\u1ea1ng n\u1eb7ng, thi\u1ebft b\u1ecb s\u1ea3n xu\u1ea5t v\u00e0 d\u00e2y chuy\u1ec1n s\u1ea3n xu\u1ea5t t\u1ef1 \u0111\u1ed9ng.<\/p>","protected":false},"featured_media":3478,"template":"","meta":{"ocean_post_layout":"","ocean_both_sidebars_style":"","ocean_both_sidebars_content_width":0,"ocean_both_sidebars_sidebars_width":0,"ocean_sidebar":"0","ocean_second_sidebar":"0","ocean_disable_margins":"enable","ocean_add_body_class":"","ocean_shortcode_before_top_bar":"","ocean_shortcode_after_top_bar":"","ocean_shortcode_before_header":"","ocean_shortcode_after_header":"","ocean_has_shortcode":"","ocean_shortcode_after_title":"","ocean_shortcode_before_footer_widgets":"","ocean_shortcode_after_footer_widgets":"","ocean_shortcode_before_footer_bottom":"","ocean_shortcode_after_footer_bottom":"","ocean_display_top_bar":"default","ocean_display_header":"default","ocean_header_style":"","ocean_center_header_left_menu":"0","ocean_custom_header_template":"0","ocean_custom_logo":0,"ocean_custom_retina_logo":0,"ocean_custom_logo_max_width":0,"ocean_custom_logo_tablet_max_width":0,"ocean_custom_logo_mobile_max_width":0,"ocean_custom_logo_max_height":0,"ocean_custom_logo_tablet_max_height":0,"ocean_custom_logo_mobile_max_height":0,"ocean_header_custom_menu":"0","ocean_menu_typo_font_family":"0","ocean_menu_typo_font_subset":"","ocean_menu_typo_font_size":0,"ocean_menu_typo_font_size_tablet":0,"ocean_menu_typo_font_size_mobile":0,"ocean_menu_typo_font_size_unit":"px","ocean_menu_typo_font_weight":"","ocean_menu_typo_font_weight_tablet":"","ocean_menu_typo_font_weight_mobile":"","ocean_menu_typo_transform":"","ocean_menu_typo_transform_tablet":"","ocean_menu_typo_transform_mobile":"","ocean_menu_typo_line_height":0,"ocean_menu_typo_line_height_tablet":0,"ocean_menu_typo_line_height_mobile":0,"ocean_menu_typo_line_height_unit":"","ocean_menu_typo_spacing":0,"ocean_menu_typo_spacing_tablet":0,"ocean_menu_typo_spacing_mobile":0,"ocean_menu_typo_spacing_unit":"","ocean_menu_link_color":"","ocean_menu_link_color_hover":"","ocean_menu_link_color_active":"","ocean_menu_link_background":"","ocean_menu_link_hover_background":"","ocean_menu_link_active_background":"","ocean_menu_social_links_bg":"","ocean_menu_social_hover_links_bg":"","ocean_menu_social_links_color":"","ocean_menu_social_hover_links_color":"","ocean_disable_title":"default","ocean_disable_heading":"default","ocean_post_title":"","ocean_post_subheading":"","ocean_post_title_style":"","ocean_post_title_background_color":"","ocean_post_title_background":0,"ocean_post_title_bg_image_position":"","ocean_post_title_bg_image_attachment":"","ocean_post_title_bg_image_repeat":"","ocean_post_title_bg_image_size":"","ocean_post_title_height":0,"ocean_post_title_bg_overlay":0.5,"ocean_post_title_bg_overlay_color":"","ocean_disable_breadcrumbs":"default","ocean_breadcrumbs_color":"","ocean_breadcrumbs_separator_color":"","ocean_breadcrumbs_links_color":"","ocean_breadcrumbs_links_hover_color":"","ocean_display_footer_widgets":"default","ocean_display_footer_bottom":"default","ocean_custom_footer_template":"0","osh_disable_topbar_sticky":"default","osh_disable_header_sticky":"default","osh_sticky_header_style":"default","osh_sticky_header_effect":"","osh_custom_sticky_logo":0,"osh_custom_retina_sticky_logo":0,"osh_custom_sticky_logo_height":0,"osh_background_color":"","osh_links_color":"","osh_links_hover_color":"","osh_links_active_color":"","osh_links_bg_color":"","osh_links_hover_bg_color":"","osh_links_active_bg_color":"","osh_menu_social_links_color":"","osh_menu_social_hover_links_color":""},"product_brand":[],"product_cat":[44,41],"product_tag":[87,141,236],"class_list":{"0":"post-3486","1":"product","2":"type-product","3":"status-publish","4":"has-post-thumbnail","6":"product_cat-progressive-grease-dividers","7":"product_cat-progressive-grease-systems","8":"product_tag-grease-distributor","9":"product_tag-lubrication-distributor","10":"product_tag-lubrication-pump-distributor","12":"entry","13":"has-media","15":"first","16":"instock","17":"shipping-taxable","18":"product-type-external","19":"col","20":"span_1_of_3","21":"owp-content-center","22":"owp-thumbs-layout-horizontal","23":"owp-btn-very-big","24":"owp-tabs-layout-horizontal"},"_links":{"self":[{"href":"https:\/\/www.jinpinlub.com\/vi\/wp-json\/wp\/v2\/product\/3486","targetHints":{"allow":["GET"]}}],"collection":[{"href":"https:\/\/www.jinpinlub.com\/vi\/wp-json\/wp\/v2\/product"}],"about":[{"href":"https:\/\/www.jinpinlub.com\/vi\/wp-json\/wp\/v2\/types\/product"}],"wp:featuredmedia":[{"embeddable":true,"href":"https:\/\/www.jinpinlub.com\/vi\/wp-json\/wp\/v2\/media\/3478"}],"wp:attachment":[{"href":"https:\/\/www.jinpinlub.com\/vi\/wp-json\/wp\/v2\/media?parent=3486"}],"wp:term":[{"taxonomy":"product_brand","embeddable":true,"href":"https:\/\/www.jinpinlub.com\/vi\/wp-json\/wp\/v2\/product_brand?post=3486"},{"taxonomy":"product_cat","embeddable":true,"href":"https:\/\/www.jinpinlub.com\/vi\/wp-json\/wp\/v2\/product_cat?post=3486"},{"taxonomy":"product_tag","embeddable":true,"href":"https:\/\/www.jinpinlub.com\/vi\/wp-json\/wp\/v2\/product_tag?post=3486"}],"curies":[{"name":"wp","href":"https:\/\/api.w.org\/{rel}","templated":true}]}}