{"id":3488,"date":"2024-08-29T04:29:17","date_gmt":"2024-08-28T20:29:17","guid":{"rendered":"https:\/\/www.jinpinlub.com\/?post_type=product&#038;p=3488"},"modified":"2025-06-06T19:33:28","modified_gmt":"2025-06-06T11:33:28","slug":"khoi-dinh-luong-jsv-cho-he-thong-boi-tron-tap-trung-mo","status":"publish","type":"product","link":"https:\/\/www.jinpinlub.com\/vi\/product\/jsv-metering-block-for-grease-centralized-lubrication-system\/","title":{"rendered":"Kh\u1ed1i \u0111\u1ecbnh l\u01b0\u1ee3ng JSV cho h\u1ec7 th\u1ed1ng b\u00f4i tr\u01a1n t\u1eadp trung m\u1ee1"},"content":{"rendered":"<h2>\u0110\u1eb7c tr\u01b0ng<\/h2>\n<p><span id=\"input-sentence~0\">B\u00f4i tr\u01a1n ch\u00ednh x\u00e1c: m\u1ecdi \u0111i\u1ec3m b\u00f4i tr\u01a1n c\u1ee7a thi\u1ebft b\u1ecb \u0111o JSV \u0111\u1ec1u c\u00f3 th\u1ec3 nh\u1eadn \u0111\u01b0\u1ee3c l\u01b0\u1ee3ng ch\u1ea5t b\u00f4i tr\u01a1n \u0111\u1ea7u ra ch\u00ednh x\u00e1c \u0111\u1ec3 \u0111\u1ea3m b\u1ea3o thi\u1ebft b\u1ecb ho\u1ea1t \u0111\u1ed9ng t\u1ed1t nh\u1ea5t.<\/span><span id=\"input-sentence~1\"><br \/>\nTi\u1ebft ki\u1ec7m n\u0103ng l\u01b0\u1ee3ng v\u00e0 hi\u1ec7u qu\u1ea3: thi\u1ebft b\u1ecb \u0111o JSV c\u00f3 thi\u1ebft k\u1ebf nh\u1ecf g\u1ecdn, d\u1ec5 l\u1eafp \u0111\u1eb7t v\u00e0 \u0111\u01b0\u1ee3c t\u00edch h\u1ee3p v\u1edbi van m\u1ed9t chi\u1ec1u \u0111\u1ec3 gi\u1ea3m l\u00e3ng ph\u00ed ch\u1ea5t b\u00f4i tr\u01a1n, do \u0111\u00f3 c\u1ea3i thi\u1ec7n hi\u1ec7u qu\u1ea3 s\u1eed d\u1ee5ng n\u0103ng l\u01b0\u1ee3ng.<br \/>\nGi\u00e1m s\u00e1t \u0111a \u0111i\u1ec3m: thi\u1ebft b\u1ecb \u0111o JSV \u0111\u01b0\u1ee3c trang b\u1ecb thanh ch\u1ec9 th\u1ecb v\u00e0 c\u00f4ng t\u1eafc ti\u1ec7m c\u1eadn t\u1ea1i \u0111\u1ea7u ra \u0111\u1ec3 theo d\u00f5i t\u00ecnh tr\u1ea1ng b\u00f4i tr\u01a1n theo th\u1eddi gian th\u1ef1c.<\/span><span id=\"input-sentence~2\"><br \/>\n\u0110\u1ed9 b\u1ec1n cao: thi\u1ebft b\u1ecb \u0111o JSV c\u00f3 ch\u1ea5t l\u01b0\u1ee3ng v\u1eadt li\u1ec7u cao c\u1ea5p, ch\u1ecbu \u0111\u01b0\u1ee3c \u00e1p su\u1ea5t v\u1eadn h\u00e0nh cao, \u0111\u00e1p \u1ee9ng y\u00eau c\u1ea7u c\u1ee7a nhi\u1ec1u \u0111i\u1ec1u ki\u1ec7n l\u00e0m vi\u1ec7c x\u1ea5u.<\/span><\/p>\n<h2>\u0110\u1eb7c \u0111i\u1ec3m k\u1ef9 thu\u1eadt<\/h2>\n<table>\n<tbody>\n<tr>\n<td>Nguy\u00ean l\u00fd ch\u1ee9c n\u0103ng<\/td>\n<td>Thi\u1ebft b\u1ecb \u0111o l\u01b0\u1eddng<\/td>\n<\/tr>\n<tr>\n<td>S\u1ed1 l\u01b0\u1ee3ng c\u1eeda h\u00e0ng<\/td>\n<td>6-20<\/td>\n<\/tr>\n<tr>\n<td>\u0110o l\u01b0\u1eddng s\u1ed1 l\u01b0\u1ee3ng<\/td>\n<td>0,2mL\/chu k\u1ef3<\/td>\n<\/tr>\n<tr>\n<td>Ch\u1ea5t b\u00f4i tr\u01a1n<\/td>\n<td>M\u1ee1 b\u00f4i tr\u01a1n l\u00ean \u0111\u1ebfn NLGI 2, d\u1ea7u 32-220cSt@40\u2103<\/td>\n<\/tr>\n<tr>\n<td>Nhi\u1ec7t \u0111\u1ed9 ho\u1ea1t \u0111\u1ed9ng<\/td>\n<td>\u201320 \u0111\u1ebfn +80 \u00b0C<\/td>\n<\/tr>\n<tr>\n<td>\u00c1p su\u1ea5t ho\u1ea1t \u0111\u1ed9ng<\/td>\n<td>T\u1ed1i \u0111a 300 bar<\/td>\n<\/tr>\n<tr>\n<td>V\u1eadt li\u1ec7u<\/td>\n<td>M\u1ea1 k\u1ebdm \u0111en<\/td>\n<\/tr>\n<tr>\n<td>\u0110\u1ea7u v\u00e0o k\u1ebft n\u1ed1i<\/td>\n<td>\u03a66\/\u03a68 (M10x1)<\/td>\n<\/tr>\n<tr>\n<td>\u1ed4 c\u1eafm k\u1ebft n\u1ed1i<\/td>\n<td>\u03a66\/\u03a68 (M10x1)<\/td>\n<\/tr>\n<tr>\n<td>V\u1ecb tr\u00ed l\u1eafp \u0111\u1eb7t<\/td>\n<td>B\u1ea5t k\u00ec<\/td>\n<\/tr>\n<\/tbody>\n<\/table>\n<h2>\u1ee8ng d\u1ee5ng<\/h2>\n<p><span id=\"input-sentence~2\">S\u1ea3n xu\u1ea5t \u00f4 t\u00f4: Tr\u00ean nhi\u1ec1u m\u1eaft x\u00edch c\u1ee7a d\u00e2y chuy\u1ec1n s\u1ea3n xu\u1ea5t \u00f4 t\u00f4, b\u1ed9 ph\u00e2n ph\u1ed1i ti\u1ebfn b\u1ed9 \u0111\u00e3 \u0111\u01b0\u1ee3c \u00e1p d\u1ee5ng \u0111\u1ec3 b\u00f4i tr\u01a1n c\u00e1c b\u1ed9 ph\u1eadn truy\u1ec1n \u0111\u1ed9ng kh\u00e1c nhau nh\u1eb1m n\u00e2ng cao hi\u1ec7u qu\u1ea3 s\u1ea3n xu\u1ea5t v\u00e0 ch\u1ea5t l\u01b0\u1ee3ng s\u1ea3n ph\u1ea9m.<\/span><span id=\"input-sentence~3\"><br \/>\nThi\u1ebft b\u1ecb luy\u1ec7n kim: Thi\u1ebft b\u1ecb \u0111o l\u01b0\u1eddng JSV c\u00f3 th\u1ec3 tr\u00e1nh hi\u1ec7u qu\u1ea3 s\u1ef1 c\u1ed1 thi\u1ebft b\u1ecb trong qu\u00e1 tr\u00ecnh v\u1eadn h\u00e0nh v\u00e0 \u0111\u1ea3m b\u1ea3o t\u00ednh li\u00ean t\u1ee5c c\u1ee7a s\u1ea3n xu\u1ea5t trong c\u00e1c m\u00e1y \u0111\u00fac li\u00ean t\u1ee5c, m\u00e1y c\u00e1n v\u00e0 c\u00e1c thi\u1ebft b\u1ecb luy\u1ec7n kim kh\u00e1c.<br \/>\nCh\u1ebf bi\u1ebfn th\u1ef1c ph\u1ea9m: Trong thi\u1ebft b\u1ecb ch\u1ebf bi\u1ebfn th\u1ef1c ph\u1ea9m, b\u1ed9 ph\u00e2n ph\u1ed1i ti\u1ebfn b\u1ed9 cung c\u1ea5p ch\u1ea5t b\u00f4i tr\u01a1n th\u00edch h\u1ee3p \u0111\u1ec3 gi\u1eef cho thi\u1ebft b\u1ecb s\u1ea1ch s\u1ebd v\u00e0 an to\u00e0n.<\/span><\/p>\n<h2>H\u01b0\u1edbng d\u1eabn s\u1eed d\u1ee5ng<\/h2>\n<div class=\"sdm_download_button_box_default\"><div class=\"sdm_download_link\"><a href=\"https:\/\/www.jinpinlub.com\/vi\/?sdm_process_download=1&download_id=2474\" class=\"sdm_download white\" title=\"Ri\u00eang t\u01b0: JSV Progressive Distributor\" target=\"&quot;_blank&quot;\">Xem B\u1ea3ng d\u1eef li\u1ec7u - Nh\u00e0 ph\u00e2n ph\u1ed1i JSV<\/a><\/div><\/div>","protected":false},"excerpt":{"rendered":"<p>B\u1ea5t k\u1ef3 \u1ed5 c\u1eafm n\u00e0o c\u1ee7a b\u1ed9 ph\u00e2n ph\u1ed1i JSV \u0111\u1ec1u c\u00f3 th\u1ec3 \u0111\u01b0\u1ee3c k\u1ebft n\u1ed1i v\u1edbi \u1ed5 c\u1eafm ti\u1ebfp theo li\u1ec1n k\u1ec1 sau khi l\u1eafp ph\u00edch c\u1eafm, \u0111\u1ea1t \u0111\u1ebfn tr\u1ea1ng th\u00e1i ch\u1ed3ng ch\u1ea5t d\u00f2ng ch\u1ea3y. Th\u00f4ng qua vi\u1ec7c th\u00e1o ph\u00edch c\u1eafm v\u00e0 l\u1eafp thi\u1ebft b\u1ecb gi\u00e1m s\u00e1t tr\u1ef1c quan ho\u1eb7c \u0111i\u1ec7n t\u1eed, th\u1ef1c hi\u1ec7n gi\u00e1m s\u00e1t tr\u1ef1c quan ho\u1eb7c \u0111i\u1ec7n t\u1eed.<\/p>","protected":false},"featured_media":3475,"template":"","meta":{"ocean_post_layout":"","ocean_both_sidebars_style":"","ocean_both_sidebars_content_width":0,"ocean_both_sidebars_sidebars_width":0,"ocean_sidebar":"0","ocean_second_sidebar":"0","ocean_disable_margins":"enable","ocean_add_body_class":"","ocean_shortcode_before_top_bar":"","ocean_shortcode_after_top_bar":"","ocean_shortcode_before_header":"","ocean_shortcode_after_header":"","ocean_has_shortcode":"","ocean_shortcode_after_title":"","ocean_shortcode_before_footer_widgets":"","ocean_shortcode_after_footer_widgets":"","ocean_shortcode_before_footer_bottom":"","ocean_shortcode_after_footer_bottom":"","ocean_display_top_bar":"default","ocean_display_header":"default","ocean_header_style":"","ocean_center_header_left_menu":"0","ocean_custom_header_template":"0","ocean_custom_logo":0,"ocean_custom_retina_logo":0,"ocean_custom_logo_max_width":0,"ocean_custom_logo_tablet_max_width":0,"ocean_custom_logo_mobile_max_width":0,"ocean_custom_logo_max_height":0,"ocean_custom_logo_tablet_max_height":0,"ocean_custom_logo_mobile_max_height":0,"ocean_header_custom_menu":"0","ocean_menu_typo_font_family":"0","ocean_menu_typo_font_subset":"","ocean_menu_typo_font_size":0,"ocean_menu_typo_font_size_tablet":0,"ocean_menu_typo_font_size_mobile":0,"ocean_menu_typo_font_size_unit":"px","ocean_menu_typo_font_weight":"","ocean_menu_typo_font_weight_tablet":"","ocean_menu_typo_font_weight_mobile":"","ocean_menu_typo_transform":"","ocean_menu_typo_transform_tablet":"","ocean_menu_typo_transform_mobile":"","ocean_menu_typo_line_height":0,"ocean_menu_typo_line_height_tablet":0,"ocean_menu_typo_line_height_mobile":0,"ocean_menu_typo_line_height_unit":"","ocean_menu_typo_spacing":0,"ocean_menu_typo_spacing_tablet":0,"ocean_menu_typo_spacing_mobile":0,"ocean_menu_typo_spacing_unit":"","ocean_menu_link_color":"","ocean_menu_link_color_hover":"","ocean_menu_link_color_active":"","ocean_menu_link_background":"","ocean_menu_link_hover_background":"","ocean_menu_link_active_background":"","ocean_menu_social_links_bg":"","ocean_menu_social_hover_links_bg":"","ocean_menu_social_links_color":"","ocean_menu_social_hover_links_color":"","ocean_disable_title":"default","ocean_disable_heading":"default","ocean_post_title":"","ocean_post_subheading":"","ocean_post_title_style":"","ocean_post_title_background_color":"","ocean_post_title_background":0,"ocean_post_title_bg_image_position":"","ocean_post_title_bg_image_attachment":"","ocean_post_title_bg_image_repeat":"","ocean_post_title_bg_image_size":"","ocean_post_title_height":0,"ocean_post_title_bg_overlay":0.5,"ocean_post_title_bg_overlay_color":"","ocean_disable_breadcrumbs":"default","ocean_breadcrumbs_color":"","ocean_breadcrumbs_separator_color":"","ocean_breadcrumbs_links_color":"","ocean_breadcrumbs_links_hover_color":"","ocean_display_footer_widgets":"default","ocean_display_footer_bottom":"default","ocean_custom_footer_template":"0","osh_disable_topbar_sticky":"default","osh_disable_header_sticky":"default","osh_sticky_header_style":"default","osh_sticky_header_effect":"","osh_custom_sticky_logo":0,"osh_custom_retina_sticky_logo":0,"osh_custom_sticky_logo_height":0,"osh_background_color":"","osh_links_color":"","osh_links_hover_color":"","osh_links_active_color":"","osh_links_bg_color":"","osh_links_hover_bg_color":"","osh_links_active_bg_color":"","osh_menu_social_links_color":"","osh_menu_social_hover_links_color":""},"product_brand":[],"product_cat":[44,41],"product_tag":[263,98,100],"class_list":{"0":"post-3488","1":"product","2":"type-product","3":"status-publish","4":"has-post-thumbnail","6":"product_cat-progressive-grease-dividers","7":"product_cat-progressive-grease-systems","8":"product_tag-grease-metering-block","9":"product_tag-grease-metering-device","10":"product_tag-grease-metering-valve","12":"entry","13":"has-media","15":"first","16":"instock","17":"shipping-taxable","18":"product-type-external","19":"col","20":"span_1_of_3","21":"owp-content-center","22":"owp-thumbs-layout-horizontal","23":"owp-btn-very-big","24":"owp-tabs-layout-horizontal"},"_links":{"self":[{"href":"https:\/\/www.jinpinlub.com\/vi\/wp-json\/wp\/v2\/product\/3488","targetHints":{"allow":["GET"]}}],"collection":[{"href":"https:\/\/www.jinpinlub.com\/vi\/wp-json\/wp\/v2\/product"}],"about":[{"href":"https:\/\/www.jinpinlub.com\/vi\/wp-json\/wp\/v2\/types\/product"}],"wp:featuredmedia":[{"embeddable":true,"href":"https:\/\/www.jinpinlub.com\/vi\/wp-json\/wp\/v2\/media\/3475"}],"wp:attachment":[{"href":"https:\/\/www.jinpinlub.com\/vi\/wp-json\/wp\/v2\/media?parent=3488"}],"wp:term":[{"taxonomy":"product_brand","embeddable":true,"href":"https:\/\/www.jinpinlub.com\/vi\/wp-json\/wp\/v2\/product_brand?post=3488"},{"taxonomy":"product_cat","embeddable":true,"href":"https:\/\/www.jinpinlub.com\/vi\/wp-json\/wp\/v2\/product_cat?post=3488"},{"taxonomy":"product_tag","embeddable":true,"href":"https:\/\/www.jinpinlub.com\/vi\/wp-json\/wp\/v2\/product_tag?post=3488"}],"curies":[{"name":"wp","href":"https:\/\/api.w.org\/{rel}","templated":true}]}}