{"id":3491,"date":"2024-08-29T05:03:59","date_gmt":"2024-08-28T21:03:59","guid":{"rendered":"https:\/\/www.jinpinlub.com\/?post_type=product&#038;p=3491"},"modified":"2025-06-06T19:33:23","modified_gmt":"2025-06-06T11:33:23","slug":"bo-phan-phoi-da-nang-jsv-cho-bom-boi-tron","status":"publish","type":"product","link":"https:\/\/www.jinpinlub.com\/vi\/product\/jsv-multi-outlet-progressive-distributor-for-lubricant-pump\/","title":{"rendered":"B\u1ed9 ph\u00e2n ph\u1ed1i \u0111a n\u0103ng JSV cho b\u01a1m b\u00f4i tr\u01a1n"},"content":{"rendered":"<h2>T\u00ednh n\u0103ng<\/h2>\n<p>Thi\u1ebft k\u1ebf ti\u00ean ti\u1ebfn: B\u1ed9 ph\u00e2n ph\u1ed1i \u00e1p d\u1ee5ng thi\u1ebft k\u1ebf ti\u00ean ti\u1ebfn \u0111\u1ec3 \u0111\u1ea3m b\u1ea3o \u0111\u1ed9 ch\u00ednh x\u00e1c v\u00e0 \u1ed5n \u0111\u1ecbnh c\u1ee7a vi\u1ec7c ph\u00e2n ph\u1ed1i d\u1ea7u.<br \/>\nThi\u1ebft k\u1ebf d\u1ea1ng m\u00f4-\u0111un: L\u01b0u l\u01b0\u1ee3ng \u0111\u1ea7u ra c\u1ee7a m\u1ed7i \u0111\u1ea7u ra c\u1ee7a b\u1ed9 ph\u00e2n ph\u1ed1i JSV l\u00e0 c\u1ed1 \u0111\u1ecbnh, nh\u01b0ng l\u01b0u l\u01b0\u1ee3ng x\u1ea3 c\u1ee7a \u0111\u1ea7u ra c\u00f3 th\u1ec3 thay \u0111\u1ed5i b\u1eb1ng c\u00e1ch l\u1eafp n\u00fat ch\u1eb7n v\u00e0 th\u00e1o kh\u1edbp n\u1ed1i \u0111\u1eb7c bi\u1ec7t.<br \/>\nC\u1ea5u tr\u00fac h\u1ee3p l\u00fd: Van \u0111\u1ecbnh l\u01b0\u1ee3ng l\u0169y ti\u1ebfn JSV c\u00f3 c\u1ea5u tr\u00fac nh\u1ecf g\u1ecdn, d\u1ec5 l\u1eafp \u0111\u1eb7t v\u00e0 b\u1ea3o tr\u00ec.<br \/>\nPh\u1ea1m vi \u1ee9ng d\u1ee5ng r\u1ed9ng r\u00e3i: Ph\u00f9 h\u1ee3p v\u1edbi \u0111i\u1ec1u ki\u1ec7n l\u00e0m vi\u1ec7c c\u00f3 \u00e1p su\u1ea5t trung b\u00ecnh v\u00e0 nhi\u1ec7t \u0111\u1ed9 thay \u0111\u1ed5i r\u1ed9ng, c\u00f3 th\u1ec3 k\u1ebft h\u1ee3p v\u1edbi b\u01a1m tay, b\u01a1m \u0111i\u1ec7n, b\u01a1m kh\u00ed n\u00e9n \u0111\u1ec3 t\u1ea1o th\u00e0nh h\u1ec7 th\u1ed1ng b\u00f4i tr\u01a1n m\u1ed9t \u0111\u01b0\u1eddng.<\/p>\n<h2>\u0110\u1eb7c \u0111i\u1ec3m k\u1ef9 thu\u1eadt<\/h2>\n<table>\n<tbody>\n<tr>\n<td>Nguy\u00ean l\u00fd ch\u1ee9c n\u0103ng<\/td>\n<td>Thi\u1ebft b\u1ecb \u0111o l\u01b0\u1eddng<\/td>\n<\/tr>\n<tr>\n<td>S\u1ed1 l\u01b0\u1ee3ng c\u1eeda h\u00e0ng<\/td>\n<td>6-20<\/td>\n<\/tr>\n<tr>\n<td>\u0110o l\u01b0\u1eddng s\u1ed1 l\u01b0\u1ee3ng<\/td>\n<td>0,2mL\/chu k\u1ef3<\/td>\n<\/tr>\n<tr>\n<td>Ch\u1ea5t b\u00f4i tr\u01a1n<\/td>\n<td>M\u1ee1 b\u00f4i tr\u01a1n l\u00ean \u0111\u1ebfn NLGI 2, d\u1ea7u 32-220cSt@40\u2103<\/td>\n<\/tr>\n<tr>\n<td>Nhi\u1ec7t \u0111\u1ed9 ho\u1ea1t \u0111\u1ed9ng<\/td>\n<td>\u201320 \u0111\u1ebfn +80 \u00b0C<\/td>\n<\/tr>\n<tr>\n<td>\u00c1p su\u1ea5t ho\u1ea1t \u0111\u1ed9ng<\/td>\n<td>T\u1ed1i \u0111a 300 bar<\/td>\n<\/tr>\n<tr>\n<td>V\u1eadt li\u1ec7u<\/td>\n<td>M\u1ea1 k\u1ebdm \u0111en<\/td>\n<\/tr>\n<tr>\n<td>\u0110\u1ea7u v\u00e0o k\u1ebft n\u1ed1i<\/td>\n<td>\u03a66\/\u03a68 (M10x1)<\/td>\n<\/tr>\n<tr>\n<td>\u1ed4 c\u1eafm k\u1ebft n\u1ed1i<\/td>\n<td>\u03a66\/\u03a68 (M10x1)<\/td>\n<\/tr>\n<tr>\n<td>V\u1ecb tr\u00ed l\u1eafp \u0111\u1eb7t<\/td>\n<td>B\u1ea5t k\u00ec<\/td>\n<\/tr>\n<\/tbody>\n<\/table>\n<h2>\u1ee8ng d\u1ee5ng<\/h2>\n<p>M\u00e1y c\u00f4ng c\u1ee5 v\u00e0 m\u00e1y \u0111\u1ed9t d\u1eadp c\u1ee1 v\u1eeba v\u00e0 nh\u1ecf: B\u1ed9 ph\u00e2n ph\u1ed1i ti\u1ebfn b\u1ed9 JINPINLUB JSV ph\u00f9 h\u1ee3p v\u1edbi nhu c\u1ea7u b\u00f4i tr\u01a1n c\u1ee7a nhi\u1ec1u thi\u1ebft b\u1ecb c\u01a1 kh\u00ed c\u1ee1 v\u1eeba v\u00e0 nh\u1ecf.<br \/>\nM\u00e1y m\u00f3c v\u00e0 thi\u1ebft b\u1ecb nh\u1ef1a: B\u1ed9 ph\u00e2n ph\u1ed1i JSV \u0111\u01b0\u1ee3c s\u1eed d\u1ee5ng r\u1ed9ng r\u00e3i trong c\u00e1c thi\u1ebft b\u1ecb ch\u1ebf bi\u1ebfn nh\u1ef1a.<br \/>\nH\u1ec7 th\u1ed1ng b\u00f4i tr\u01a1n m\u1ed9t \u0111\u01b0\u1eddng l\u1edbn: B\u1ed9 ph\u00e2n ph\u1ed1i ti\u1ebfn b\u1ed9 JSV c\u00f3 th\u1ec3 \u0111\u01b0\u1ee3c s\u1eed d\u1ee5ng l\u00e0m b\u1ed9 ph\u00e2n ph\u1ed1i ph\u1ee5 \u0111\u1ec3 \u0111\u1ea3m b\u1ea3o h\u1ec7 th\u1ed1ng ho\u1ea1t \u0111\u1ed9ng hi\u1ec7u qu\u1ea3.<\/p>\n<h2>H\u01b0\u1edbng d\u1eabn s\u1eed d\u1ee5ng<\/h2>\n<div class=\"sdm_download_button_box_default\"><div class=\"sdm_download_link\"><a href=\"https:\/\/www.jinpinlub.com\/vi\/?sdm_process_download=1&download_id=2474\" class=\"sdm_download white\" title=\"Ri\u00eang t\u01b0: JSV Progressive Distributor\" target=\"&quot;_blank&quot;\">Xem B\u1ea3ng d\u1eef li\u1ec7u - Nh\u00e0 ph\u00e2n ph\u1ed1i JSV<\/a><\/div><\/div>","protected":false},"excerpt":{"rendered":"<p>B\u1ed9 ph\u00e2n ph\u1ed1i ti\u1ebfn b\u1ed9 JSV bao g\u1ed3m nhi\u1ec1u \u0111\u01a1n v\u1ecb ph\u00e2n ph\u1ed1i, m\u1ed7i \u0111\u01a1n v\u1ecb ph\u00e2n ph\u1ed1i ch\u1ea5t b\u00f4i tr\u01a1n theo tr\u00ecnh t\u1ef1 th\u00f4ng qua chuy\u1ec3n \u0111\u1ed9ng qua l\u1ea1i c\u1ee7a piston. \u0110\u1ea7u ra c\u1ee7a m\u1ed7i \u0111\u01a1n v\u1ecb ph\u00e2n ph\u1ed1i \u0111\u01b0\u1ee3c c\u1ed1 \u0111\u1ecbnh, \u0111\u1ea3m b\u1ea3o m\u1ed7i \u0111i\u1ec3m b\u00f4i tr\u01a1n c\u00f3 th\u1ec3 \u0111\u1ea1t \u0111\u01b0\u1ee3c l\u01b0\u1ee3ng ch\u00ednh x\u00e1c.<\/p>","protected":false},"featured_media":3462,"template":"","meta":{"ocean_post_layout":"","ocean_both_sidebars_style":"","ocean_both_sidebars_content_width":0,"ocean_both_sidebars_sidebars_width":0,"ocean_sidebar":"0","ocean_second_sidebar":"0","ocean_disable_margins":"enable","ocean_add_body_class":"","ocean_shortcode_before_top_bar":"","ocean_shortcode_after_top_bar":"","ocean_shortcode_before_header":"","ocean_shortcode_after_header":"","ocean_has_shortcode":"","ocean_shortcode_after_title":"","ocean_shortcode_before_footer_widgets":"","ocean_shortcode_after_footer_widgets":"","ocean_shortcode_before_footer_bottom":"","ocean_shortcode_after_footer_bottom":"","ocean_display_top_bar":"default","ocean_display_header":"default","ocean_header_style":"","ocean_center_header_left_menu":"0","ocean_custom_header_template":"0","ocean_custom_logo":0,"ocean_custom_retina_logo":0,"ocean_custom_logo_max_width":0,"ocean_custom_logo_tablet_max_width":0,"ocean_custom_logo_mobile_max_width":0,"ocean_custom_logo_max_height":0,"ocean_custom_logo_tablet_max_height":0,"ocean_custom_logo_mobile_max_height":0,"ocean_header_custom_menu":"0","ocean_menu_typo_font_family":"0","ocean_menu_typo_font_subset":"","ocean_menu_typo_font_size":0,"ocean_menu_typo_font_size_tablet":0,"ocean_menu_typo_font_size_mobile":0,"ocean_menu_typo_font_size_unit":"px","ocean_menu_typo_font_weight":"","ocean_menu_typo_font_weight_tablet":"","ocean_menu_typo_font_weight_mobile":"","ocean_menu_typo_transform":"","ocean_menu_typo_transform_tablet":"","ocean_menu_typo_transform_mobile":"","ocean_menu_typo_line_height":0,"ocean_menu_typo_line_height_tablet":0,"ocean_menu_typo_line_height_mobile":0,"ocean_menu_typo_line_height_unit":"","ocean_menu_typo_spacing":0,"ocean_menu_typo_spacing_tablet":0,"ocean_menu_typo_spacing_mobile":0,"ocean_menu_typo_spacing_unit":"","ocean_menu_link_color":"","ocean_menu_link_color_hover":"","ocean_menu_link_color_active":"","ocean_menu_link_background":"","ocean_menu_link_hover_background":"","ocean_menu_link_active_background":"","ocean_menu_social_links_bg":"","ocean_menu_social_hover_links_bg":"","ocean_menu_social_links_color":"","ocean_menu_social_hover_links_color":"","ocean_disable_title":"default","ocean_disable_heading":"default","ocean_post_title":"","ocean_post_subheading":"","ocean_post_title_style":"","ocean_post_title_background_color":"","ocean_post_title_background":0,"ocean_post_title_bg_image_position":"","ocean_post_title_bg_image_attachment":"","ocean_post_title_bg_image_repeat":"","ocean_post_title_bg_image_size":"","ocean_post_title_height":0,"ocean_post_title_bg_overlay":0.5,"ocean_post_title_bg_overlay_color":"","ocean_disable_breadcrumbs":"default","ocean_breadcrumbs_color":"","ocean_breadcrumbs_separator_color":"","ocean_breadcrumbs_links_color":"","ocean_breadcrumbs_links_hover_color":"","ocean_display_footer_widgets":"default","ocean_display_footer_bottom":"default","ocean_custom_footer_template":"0","osh_disable_topbar_sticky":"default","osh_disable_header_sticky":"default","osh_sticky_header_style":"default","osh_sticky_header_effect":"","osh_custom_sticky_logo":0,"osh_custom_retina_sticky_logo":0,"osh_custom_sticky_logo_height":0,"osh_background_color":"","osh_links_color":"","osh_links_hover_color":"","osh_links_active_color":"","osh_links_bg_color":"","osh_links_hover_bg_color":"","osh_links_active_bg_color":"","osh_menu_social_links_color":"","osh_menu_social_hover_links_color":""},"product_brand":[],"product_cat":[44,41],"product_tag":[267,122,266],"class_list":{"0":"post-3491","1":"product","2":"type-product","3":"status-publish","4":"has-post-thumbnail","6":"product_cat-progressive-grease-dividers","7":"product_cat-progressive-grease-systems","8":"product_tag-progressive-distribution-valve","9":"product_tag-progressive-divider","10":"product_tag-progressive-lubrication-valve","12":"entry","13":"has-media","15":"first","16":"instock","17":"shipping-taxable","18":"product-type-external","19":"col","20":"span_1_of_3","21":"owp-content-center","22":"owp-thumbs-layout-horizontal","23":"owp-btn-very-big","24":"owp-tabs-layout-horizontal"},"_links":{"self":[{"href":"https:\/\/www.jinpinlub.com\/vi\/wp-json\/wp\/v2\/product\/3491","targetHints":{"allow":["GET"]}}],"collection":[{"href":"https:\/\/www.jinpinlub.com\/vi\/wp-json\/wp\/v2\/product"}],"about":[{"href":"https:\/\/www.jinpinlub.com\/vi\/wp-json\/wp\/v2\/types\/product"}],"wp:featuredmedia":[{"embeddable":true,"href":"https:\/\/www.jinpinlub.com\/vi\/wp-json\/wp\/v2\/media\/3462"}],"wp:attachment":[{"href":"https:\/\/www.jinpinlub.com\/vi\/wp-json\/wp\/v2\/media?parent=3491"}],"wp:term":[{"taxonomy":"product_brand","embeddable":true,"href":"https:\/\/www.jinpinlub.com\/vi\/wp-json\/wp\/v2\/product_brand?post=3491"},{"taxonomy":"product_cat","embeddable":true,"href":"https:\/\/www.jinpinlub.com\/vi\/wp-json\/wp\/v2\/product_cat?post=3491"},{"taxonomy":"product_tag","embeddable":true,"href":"https:\/\/www.jinpinlub.com\/vi\/wp-json\/wp\/v2\/product_tag?post=3491"}],"curies":[{"name":"wp","href":"https:\/\/api.w.org\/{rel}","templated":true}]}}