{"id":3492,"date":"2024-08-29T05:05:38","date_gmt":"2024-08-28T21:05:38","guid":{"rendered":"https:\/\/www.jinpinlub.com\/?post_type=product&#038;p=3492"},"modified":"2025-06-06T19:32:49","modified_gmt":"2025-06-06T11:32:49","slug":"jsv-6-20-o-cam-cap-lieu-lien-tuc-cho-he-thong-dau-mo","status":"publish","type":"product","link":"https:\/\/www.jinpinlub.com\/vi\/product\/jsv-6-20-outlet-progressive-feeder-for-oil-grease-system\/","title":{"rendered":"B\u1ed9 n\u1ea1p ti\u1ebfn b\u1ed9 JSV 6-20 cho h\u1ec7 th\u1ed1ng d\u1ea7u m\u1ee1"},"content":{"rendered":"<h2>T\u00ednh n\u0103ng<\/h2>\n<p>JSV l\u00e0 b\u1ed9 ph\u00e2n ph\u1ed1i piston ti\u1ebfn b\u1ed9 b\u1eb1ng th\u00e9p m\u1ea1 k\u1ebdm m\u00e0u \u0111en.<br \/>\n1-20 l\u00e0 s\u1ed1 l\u01b0\u1ee3ng \u1ed5 c\u1eafm v\u00e0 kh\u00f4ng \u0111\u01b0\u1ee3c ph\u00e9p k\u1ebft n\u1ed1i ph\u00edch c\u1eafm n\u00e0o v\u00e0o \u1ed5 c\u1eafm 1 v\u00e0 2.<br \/>\nTh\u1ee9 t\u1ef1 x\u1ea3 t\u1eeb c\u1eeda x\u1ea3 s\u1ed1 20 \u0111\u1ebfn 1, sau khi c\u1eeda x\u1ea3 n\u00e0y x\u1ea3 xong th\u00ec c\u1eeda x\u1ea3 ti\u1ebfp theo m\u1edbi b\u1eaft \u0111\u1ea7u x\u1ea3.<br \/>\nB\u1ea5t k\u1ef3 \u1ed5 c\u1eafm n\u00e0o c\u0169ng c\u00f3 th\u1ec3 \u0111\u01b0\u1ee3c k\u1ebft n\u1ed1i v\u1edbi \u1ed5 c\u1eafm li\u1ec1n k\u1ec1 \u0111\u1ec3 t\u0103ng c\u00f4ng su\u1ea5t b\u1eb1ng c\u00e1ch l\u1eafp ph\u00edch c\u1eafm v\u00e0 th\u00e1o ph\u1ee5 ki\u1ec7n \u0111\u1eb7c bi\u1ec7t.<br \/>\nJSV c\u00f3 ch\u1ee9c n\u0103ng gi\u00e1m s\u00e1t ho\u1eb7c \u0111i\u1ec1u khi\u1ec3n, v\u00e0 \u0111\u00e8n b\u00e1o c\u01a1 h\u1ecdc, c\u00f4ng t\u1eafc vi m\u00f4 ho\u1eb7c c\u00f4ng t\u1eafc ti\u1ec7m c\u1eadn l\u00e0 t\u00f9y ch\u1ecdn.<br \/>\nC\u00e1c \u0111\u1ea7u n\u1ed1i m\u1eb7c \u0111\u1ecbnh l\u00e0 c\u1ee5m van m\u1ed9t chi\u1ec1u \u0111\u1ec3 ng\u0103n ch\u1ea5t b\u00f4i tr\u01a1n ch\u1ea3y ng\u01b0\u1ee3c.<br \/>\nCh\u1ea5t b\u00f4i tr\u01a1n t\u01b0\u01a1ng th\u00edch: M\u1ee1 NLGI 000#~2#, d\u1ea7u 32-220cSt@40\u2103(l\u1eafp r\u00e1p van m\u1ed9t chi\u1ec1u);<br \/>\nNhi\u1ec7t \u0111\u1ed9 ho\u1ea1t \u0111\u1ed9ng: -20\u2103~+80\u2103.<\/p>\n<h2>\u0110\u1eb7c \u0111i\u1ec3m k\u1ef9 thu\u1eadt<\/h2>\n<table>\n<tbody>\n<tr>\n<td>Nguy\u00ean l\u00fd ch\u1ee9c n\u0103ng<\/td>\n<td>Thi\u1ebft b\u1ecb \u0111o l\u01b0\u1eddng<\/td>\n<\/tr>\n<tr>\n<td>S\u1ed1 l\u01b0\u1ee3ng c\u1eeda h\u00e0ng<\/td>\n<td>6-20<\/td>\n<\/tr>\n<tr>\n<td>\u0110o l\u01b0\u1eddng s\u1ed1 l\u01b0\u1ee3ng<\/td>\n<td>0,2mL\/chu k\u1ef3<\/td>\n<\/tr>\n<tr>\n<td>Ch\u1ea5t b\u00f4i tr\u01a1n<\/td>\n<td>M\u1ee1 b\u00f4i tr\u01a1n l\u00ean \u0111\u1ebfn NLGI 2, d\u1ea7u 32-220cSt@40\u2103<\/td>\n<\/tr>\n<tr>\n<td>Nhi\u1ec7t \u0111\u1ed9 ho\u1ea1t \u0111\u1ed9ng<\/td>\n<td>\u201320 \u0111\u1ebfn +80 \u00b0C<\/td>\n<\/tr>\n<tr>\n<td>\u00c1p su\u1ea5t ho\u1ea1t \u0111\u1ed9ng<\/td>\n<td>T\u1ed1i \u0111a 300 bar<\/td>\n<\/tr>\n<tr>\n<td>V\u1eadt li\u1ec7u<\/td>\n<td>M\u1ea1 k\u1ebdm \u0111en<\/td>\n<\/tr>\n<tr>\n<td>\u0110\u1ea7u v\u00e0o k\u1ebft n\u1ed1i<\/td>\n<td>\u03a66\/\u03a68 (M10x1)<\/td>\n<\/tr>\n<tr>\n<td>\u1ed4 c\u1eafm k\u1ebft n\u1ed1i<\/td>\n<td>\u03a66\/\u03a68 (M10x1)<\/td>\n<\/tr>\n<tr>\n<td>V\u1ecb tr\u00ed l\u1eafp \u0111\u1eb7t<\/td>\n<td>B\u1ea5t k\u00ec<\/td>\n<\/tr>\n<\/tbody>\n<\/table>\n<h2>\u1ee8ng d\u1ee5ng<\/h2>\n<p>M\u00e1y m\u00f3c x\u00e2y d\u1ef1ng<br \/>\nC\u00e1c b\u1ed9 n\u1ea1p ti\u1ebfn b\u1ed9 ki\u1ec3u JSV n\u00e0y \u0111\u00e3 \u0111\u01b0\u1ee3c s\u1eed d\u1ee5ng trong c\u00e1c m\u00e1y x\u00e2y d\u1ef1ng c\u1ee1 l\u1edbn \u0111\u1ec3 b\u00f4i tr\u01a1n b\u1ea3n l\u1ec1, \u1ed5 tr\u1ee5c, h\u1ec7 th\u1ed1ng th\u1ee7y l\u1ef1c, v.v. c\u1ee7a m\u00e1y \u0111\u00e0o, m\u00e1y \u1ee7i. V\u00ec c\u00e1c c\u01a1 s\u1edf n\u00e0y \u0111\u01b0\u1ee3c v\u1eadn h\u00e0nh trong \u0111i\u1ec1u ki\u1ec7n l\u00e0m vi\u1ec7c kh\u1eafc nghi\u1ec7t nh\u1ea5t, n\u00ean c\u00f3 th\u1ec3 n\u00f3i r\u1eb1ng h\u1ec7 th\u1ed1ng b\u00f4i tr\u01a1n \u0111\u00e1ng tin c\u1eady c\u00f3 th\u1ec3 k\u00e9o d\u00e0i \u0111\u00e1ng k\u1ec3 tu\u1ed5i th\u1ecd c\u1ee7a m\u00e1y m\u00f3c v\u00e0 gi\u1ea3m thi\u1ec3u vi\u1ec7c ng\u1eebng ho\u1ea1t \u0111\u1ed9ng.<br \/>\nB\u1ea3o d\u01b0\u1ee1ng xe c\u01a1 gi\u1edbi<br \/>\nLo\u1ea1i m\u00e1y n\u1ea1p ti\u1ebfn b\u1ed9 JSV \u0111\u01b0\u1ee3c \u1ee9ng d\u1ee5ng r\u1ed9ng r\u00e3i trong vi\u1ec7c b\u1ea3o d\u01b0\u1ee1ng c\u00e1c lo\u1ea1i xe th\u01b0\u01a1ng m\u1ea1i nh\u01b0 xe t\u1ea3i v\u00e0 xe bu\u00fdt. Ch\u00fang \u0111\u01b0\u1ee3c d\u00f9ng \u0111\u1ec3 b\u00f4i tr\u01a1n khung g\u1ea7m, h\u1ec7 th\u1ed1ng l\u00e1i v\u00e0 h\u1ec7 th\u1ed1ng treo \u0111\u1ec3 ngay c\u1ea3 sau th\u1eddi gian d\u00e0i s\u1eed d\u1ee5ng, hi\u1ec7u su\u1ea5t c\u1ee7a xe v\u1eabn t\u1ed1t.<\/p>\n<h2>H\u01b0\u1edbng d\u1eabn s\u1eed d\u1ee5ng<\/h2>\n<div class=\"sdm_download_button_box_default\"><div class=\"sdm_download_link\"><a href=\"https:\/\/www.jinpinlub.com\/vi\/?sdm_process_download=1&download_id=2474\" class=\"sdm_download white\" title=\"Ri\u00eang t\u01b0: JSV Progressive Distributor\" target=\"&quot;_blank&quot;\">Xem B\u1ea3ng d\u1eef li\u1ec7u - Nh\u00e0 ph\u00e2n ph\u1ed1i JSV<\/a><\/div><\/div>","protected":false},"excerpt":{"rendered":"<p>M\u1ed7i \u0111\u1ea7u ra c\u1ee7a b\u1ed9 ph\u00e2n ph\u1ed1i ti\u1ebfn b\u1ed9 JSV \u0111\u1ec1u c\u00f3 m\u1ed9t piston. Ch\u1ea5t b\u00f4i tr\u01a1n \u0111i v\u00e0o qua \u0111\u1ea7u v\u00e0o, \u0111\u1ea9y piston \u0111\u1ea7u ti\u00ean di chuy\u1ec3n, v\u00e0 \u0111\u1ea7u ra \u0111\u1ea7u ti\u00ean \u0111\u01b0\u1ee3c x\u1ea3, sau \u0111\u00f3 ch\u1ea5t b\u00f4i tr\u01a1n \u0111\u1ea9y piston ti\u1ebfp theo, v.v., cho \u0111\u1ebfn khi t\u1ea5t c\u1ea3 c\u00e1c \u0111\u1ea7u ra ho\u00e0n th\u00e0nh m\u1ed9t chu k\u1ef3.<\/p>","protected":false},"featured_media":3458,"template":"","meta":{"ocean_post_layout":"","ocean_both_sidebars_style":"","ocean_both_sidebars_content_width":0,"ocean_both_sidebars_sidebars_width":0,"ocean_sidebar":"0","ocean_second_sidebar":"0","ocean_disable_margins":"enable","ocean_add_body_class":"","ocean_shortcode_before_top_bar":"","ocean_shortcode_after_top_bar":"","ocean_shortcode_before_header":"","ocean_shortcode_after_header":"","ocean_has_shortcode":"","ocean_shortcode_after_title":"","ocean_shortcode_before_footer_widgets":"","ocean_shortcode_after_footer_widgets":"","ocean_shortcode_before_footer_bottom":"","ocean_shortcode_after_footer_bottom":"","ocean_display_top_bar":"default","ocean_display_header":"default","ocean_header_style":"","ocean_center_header_left_menu":"0","ocean_custom_header_template":"0","ocean_custom_logo":0,"ocean_custom_retina_logo":0,"ocean_custom_logo_max_width":0,"ocean_custom_logo_tablet_max_width":0,"ocean_custom_logo_mobile_max_width":0,"ocean_custom_logo_max_height":0,"ocean_custom_logo_tablet_max_height":0,"ocean_custom_logo_mobile_max_height":0,"ocean_header_custom_menu":"0","ocean_menu_typo_font_family":"0","ocean_menu_typo_font_subset":"","ocean_menu_typo_font_size":0,"ocean_menu_typo_font_size_tablet":0,"ocean_menu_typo_font_size_mobile":0,"ocean_menu_typo_font_size_unit":"px","ocean_menu_typo_font_weight":"","ocean_menu_typo_font_weight_tablet":"","ocean_menu_typo_font_weight_mobile":"","ocean_menu_typo_transform":"","ocean_menu_typo_transform_tablet":"","ocean_menu_typo_transform_mobile":"","ocean_menu_typo_line_height":0,"ocean_menu_typo_line_height_tablet":0,"ocean_menu_typo_line_height_mobile":0,"ocean_menu_typo_line_height_unit":"","ocean_menu_typo_spacing":0,"ocean_menu_typo_spacing_tablet":0,"ocean_menu_typo_spacing_mobile":0,"ocean_menu_typo_spacing_unit":"","ocean_menu_link_color":"","ocean_menu_link_color_hover":"","ocean_menu_link_color_active":"","ocean_menu_link_background":"","ocean_menu_link_hover_background":"","ocean_menu_link_active_background":"","ocean_menu_social_links_bg":"","ocean_menu_social_hover_links_bg":"","ocean_menu_social_links_color":"","ocean_menu_social_hover_links_color":"","ocean_disable_title":"default","ocean_disable_heading":"default","ocean_post_title":"","ocean_post_subheading":"","ocean_post_title_style":"","ocean_post_title_background_color":"","ocean_post_title_background":0,"ocean_post_title_bg_image_position":"","ocean_post_title_bg_image_attachment":"","ocean_post_title_bg_image_repeat":"","ocean_post_title_bg_image_size":"","ocean_post_title_height":0,"ocean_post_title_bg_overlay":0.5,"ocean_post_title_bg_overlay_color":"","ocean_disable_breadcrumbs":"default","ocean_breadcrumbs_color":"","ocean_breadcrumbs_separator_color":"","ocean_breadcrumbs_links_color":"","ocean_breadcrumbs_links_hover_color":"","ocean_display_footer_widgets":"default","ocean_display_footer_bottom":"default","ocean_custom_footer_template":"0","osh_disable_topbar_sticky":"default","osh_disable_header_sticky":"default","osh_sticky_header_style":"default","osh_sticky_header_effect":"","osh_custom_sticky_logo":0,"osh_custom_retina_sticky_logo":0,"osh_custom_sticky_logo_height":0,"osh_background_color":"","osh_links_color":"","osh_links_hover_color":"","osh_links_active_color":"","osh_links_bg_color":"","osh_links_hover_bg_color":"","osh_links_active_bg_color":"","osh_menu_social_links_color":"","osh_menu_social_hover_links_color":""},"product_brand":[],"product_cat":[44,41],"product_tag":[262,269,268],"class_list":{"0":"post-3492","1":"product","2":"type-product","3":"status-publish","4":"has-post-thumbnail","6":"product_cat-progressive-grease-dividers","7":"product_cat-progressive-grease-systems","8":"product_tag-grease-feeder","9":"product_tag-lubrication-feeder","10":"product_tag-progressive-feeder","12":"entry","13":"has-media","15":"first","16":"instock","17":"featured","18":"shipping-taxable","19":"product-type-external","20":"col","21":"span_1_of_3","22":"owp-content-center","23":"owp-thumbs-layout-horizontal","24":"owp-btn-very-big","25":"owp-tabs-layout-horizontal"},"_links":{"self":[{"href":"https:\/\/www.jinpinlub.com\/vi\/wp-json\/wp\/v2\/product\/3492","targetHints":{"allow":["GET"]}}],"collection":[{"href":"https:\/\/www.jinpinlub.com\/vi\/wp-json\/wp\/v2\/product"}],"about":[{"href":"https:\/\/www.jinpinlub.com\/vi\/wp-json\/wp\/v2\/types\/product"}],"wp:featuredmedia":[{"embeddable":true,"href":"https:\/\/www.jinpinlub.com\/vi\/wp-json\/wp\/v2\/media\/3458"}],"wp:attachment":[{"href":"https:\/\/www.jinpinlub.com\/vi\/wp-json\/wp\/v2\/media?parent=3492"}],"wp:term":[{"taxonomy":"product_brand","embeddable":true,"href":"https:\/\/www.jinpinlub.com\/vi\/wp-json\/wp\/v2\/product_brand?post=3492"},{"taxonomy":"product_cat","embeddable":true,"href":"https:\/\/www.jinpinlub.com\/vi\/wp-json\/wp\/v2\/product_cat?post=3492"},{"taxonomy":"product_tag","embeddable":true,"href":"https:\/\/www.jinpinlub.com\/vi\/wp-json\/wp\/v2\/product_tag?post=3492"}],"curies":[{"name":"wp","href":"https:\/\/api.w.org\/{rel}","templated":true}]}}