{"id":3493,"date":"2024-08-29T05:20:47","date_gmt":"2024-08-28T21:20:47","guid":{"rendered":"https:\/\/www.jinpinlub.com\/?post_type=product&#038;p=3493"},"modified":"2025-06-06T19:32:42","modified_gmt":"2025-06-06T11:32:42","slug":"khoi-boi-tron-mo-jsv-cho-he-thong-boi-tron-bo","status":"publish","type":"product","link":"https:\/\/www.jinpinlub.com\/vi\/product\/jsv-grease-lubrication-block-for-butter-lubricating-system\/","title":{"rendered":"Kh\u1ed1i b\u00f4i tr\u01a1n m\u1ee1 JSV cho h\u1ec7 th\u1ed1ng b\u00f4i tr\u01a1n b\u01a1"},"content":{"rendered":"<h2>T\u00ednh n\u0103ng<\/h2>\n<p><span id=\"input-sentence~0\">C\u00f4ng su\u1ea5t ti\u00eau chu\u1ea9n: Th\u1ec3 t\u00edch h\u00e0nh tr\u00ecnh ti\u00eau chu\u1ea9n c\u1ee7a b\u1ed9 n\u1ea1p JINPINLUB JSV l\u00e0 0,18cc v\u00e0 t\u00f9y theo nhu c\u1ea7u t\u0103ng s\u1ed1 l\u01b0\u1ee3ng \u0111\u1ea7u ra, c\u00f3 th\u1ec3 k\u1ebft h\u1ee3p nhi\u1ec1u \u0111\u1ea7u ra \u0111\u1ec3 \u0111\u1ea1t \u0111\u01b0\u1ee3c nhi\u1ec1u th\u1ec3 t\u00edch h\u00e0nh tr\u00ecnh h\u01a1n.<br \/>\nCh\u1ea5t b\u00f4i tr\u01a1n \u00e1p d\u1ee5ng: JSV Feeder \u00e1p d\u1ee5ng cho ch\u1ea5t b\u00f4i tr\u01a1n d\u1ea7u v\u00e0 m\u1ee1.<\/span><span id=\"input-sentence~1\"> \u00c1p su\u1ea5t l\u00e0m vi\u1ec7c t\u1ed1i \u0111a l\u00e0 30bar.<br \/>\nThi\u1ebft k\u1ebf d\u1ea1ng m\u00f4-\u0111un: S\u1ed1 l\u01b0\u1ee3ng \u1ed5 c\u1eafm v\u00e0 \u0111\u1ea7u ra c\u1ee7a JSV Feeder c\u00f3 th\u1ec3 thay \u0111\u1ed5i t\u00f9y theo y\u00eau c\u1ea7u v\u00e0 t\u00ednh linh ho\u1ea1t r\u1ea5t cao.<br \/>\n\u0110\u1ed9 tin c\u1eady: M\u1ed7i piston \u0111\u1ea7u ra ho\u1ea1t \u0111\u1ed9ng \u0111\u1ed9c l\u1eadp, do \u0111\u00f3 \u0111\u1ea3m b\u1ea3o m\u1ed7i \u0111i\u1ec3m b\u00f4i tr\u01a1n nh\u1eadn \u0111\u01b0\u1ee3c l\u01b0\u1ee3ng ch\u1ea5t b\u00f4i tr\u01a1n ph\u00f9 h\u1ee3p.<\/span><\/p>\n<h2>\u0110\u1eb7c \u0111i\u1ec3m k\u1ef9 thu\u1eadt<\/h2>\n<table>\n<tbody>\n<tr>\n<td>Nguy\u00ean l\u00fd ch\u1ee9c n\u0103ng<\/td>\n<td>Thi\u1ebft b\u1ecb \u0111o l\u01b0\u1eddng<\/td>\n<\/tr>\n<tr>\n<td>S\u1ed1 l\u01b0\u1ee3ng c\u1eeda h\u00e0ng<\/td>\n<td>6-20<\/td>\n<\/tr>\n<tr>\n<td>\u0110o l\u01b0\u1eddng s\u1ed1 l\u01b0\u1ee3ng<\/td>\n<td>0,2mL\/chu k\u1ef3<\/td>\n<\/tr>\n<tr>\n<td>Ch\u1ea5t b\u00f4i tr\u01a1n<\/td>\n<td>M\u1ee1 b\u00f4i tr\u01a1n l\u00ean \u0111\u1ebfn NLGI 2, d\u1ea7u 32-220cSt@40\u2103<\/td>\n<\/tr>\n<tr>\n<td>Nhi\u1ec7t \u0111\u1ed9 ho\u1ea1t \u0111\u1ed9ng<\/td>\n<td>\u201320 \u0111\u1ebfn +80 \u00b0C<\/td>\n<\/tr>\n<tr>\n<td>\u00c1p su\u1ea5t ho\u1ea1t \u0111\u1ed9ng<\/td>\n<td>T\u1ed1i \u0111a 300 bar<\/td>\n<\/tr>\n<tr>\n<td>V\u1eadt li\u1ec7u<\/td>\n<td>M\u1ea1 k\u1ebdm \u0111en<\/td>\n<\/tr>\n<tr>\n<td>\u0110\u1ea7u v\u00e0o k\u1ebft n\u1ed1i<\/td>\n<td>\u03a66\/\u03a68 (M10x1)<\/td>\n<\/tr>\n<tr>\n<td>\u1ed4 c\u1eafm k\u1ebft n\u1ed1i<\/td>\n<td>\u03a66\/\u03a68 (M10x1)<\/td>\n<\/tr>\n<tr>\n<td>V\u1ecb tr\u00ed l\u1eafp \u0111\u1eb7t<\/td>\n<td>B\u1ea5t k\u00ec<\/td>\n<\/tr>\n<\/tbody>\n<\/table>\n<h2>\u1ee8ng d\u1ee5ng<\/h2>\n<p>Trong ng\u00e0nh s\u1ea3n xu\u1ea5t, b\u1ed9 ph\u00e2n ph\u1ed1i ti\u1ebfn b\u1ed9 lo\u1ea1i JSV th\u01b0\u1eddng \u0111\u01b0\u1ee3c s\u1eed d\u1ee5ng trong thi\u1ebft b\u1ecb c\u01a1 kh\u00ed tr\u00ean d\u00e2y chuy\u1ec1n s\u1ea3n xu\u1ea5t t\u1ef1 \u0111\u1ed9ng, ch\u1eb3ng h\u1ea1n nh\u01b0 m\u00e1y d\u1eadp, m\u00e1y \u00e9p phun v\u00e0 h\u1ec7 th\u1ed1ng b\u0103ng t\u1ea3i. Ph\u00e2n ph\u1ed1i ch\u1ea5t b\u00f4i tr\u01a1n ch\u00ednh x\u00e1c \u0111\u1ea3m b\u1ea3o thi\u1ebft b\u1ecb ho\u1ea1t \u0111\u1ed9ng tr\u01a1n tru d\u01b0\u1edbi t\u1ea3i tr\u1ecdng cao v\u00e0 gi\u1ea3m hao m\u00f2n v\u00e0 h\u1ecfng h\u00f3c.<br \/>\nTrong tua bin gi\u00f3, b\u1ed9 ph\u00e2n ph\u1ed1i ti\u1ebfn b\u1ed9 lo\u1ea1i JSV \u0111\u01b0\u1ee3c s\u1eed d\u1ee5ng \u0111\u1ec3 b\u00f4i tr\u01a1n \u1ed5 tr\u1ee5c ch\u00ednh v\u00e0 h\u1ed9p s\u1ed1. C\u00e1c th\u00e0nh ph\u1ea7n n\u00e0y ho\u1ea1t \u0111\u1ed9ng d\u01b0\u1edbi t\u1ea3i tr\u1ecdng cao v\u00e0 t\u1ed1c \u0111\u1ed9 cao, v\u00e0 h\u1ec7 th\u1ed1ng b\u00f4i tr\u01a1n \u0111\u00e1ng tin c\u1eady c\u00f3 th\u1ec3 c\u1ea3i thi\u1ec7n hi\u1ec7u su\u1ea5t v\u00e0 \u0111\u1ed9 tin c\u1eady c\u1ee7a m\u00e1y ph\u00e1t \u0111i\u1ec7n.<\/p>\n<h2>H\u01b0\u1edbng d\u1eabn s\u1eed d\u1ee5ng<\/h2>\n<div class=\"sdm_download_button_box_default\"><div class=\"sdm_download_link\"><a href=\"https:\/\/www.jinpinlub.com\/vi\/?sdm_process_download=1&download_id=2474\" class=\"sdm_download white\" title=\"Ri\u00eang t\u01b0: JSV Progressive Distributor\" target=\"&quot;_blank&quot;\">Xem B\u1ea3ng d\u1eef li\u1ec7u - Nh\u00e0 ph\u00e2n ph\u1ed1i JSV<\/a><\/div><\/div>","protected":false},"excerpt":{"rendered":"<p>B\u1ed9 ph\u00e2n ph\u1ed1i b\u00f4i tr\u01a1n ti\u1ebfn b\u1ed9 JINPINLUB JSV \u0111\u01b0\u1ee3c thi\u1ebft k\u1ebf \u0111\u1ec3 cung c\u1ea5p b\u00f4i tr\u01a1n ch\u00ednh x\u00e1c v\u00e0 hi\u1ec7u qu\u1ea3 cho nhi\u1ec1u thi\u1ebft b\u1ecb c\u01a1 kh\u00ed kh\u00e1c nhau. \u0110\u00e2y l\u00e0 thi\u1ebft k\u1ebf c\u1ed5 \u0111i\u1ec3n, r\u1ea5t linh ho\u1ea1t, ho\u1ea1t \u0111\u1ed9ng \u1ed5n \u0111\u1ecbnh v\u00e0 l\u1eafp \u0111\u1eb7t \u0111\u01a1n gi\u1ea3n, van ph\u00e2n ph\u1ed1i ch\u1ea5t b\u00f4i tr\u01a1n ti\u1ebfn b\u1ed9 \u0111\u01a1n.<\/p>","protected":false},"featured_media":3453,"template":"","meta":{"ocean_post_layout":"","ocean_both_sidebars_style":"","ocean_both_sidebars_content_width":0,"ocean_both_sidebars_sidebars_width":0,"ocean_sidebar":"0","ocean_second_sidebar":"0","ocean_disable_margins":"enable","ocean_add_body_class":"","ocean_shortcode_before_top_bar":"","ocean_shortcode_after_top_bar":"","ocean_shortcode_before_header":"","ocean_shortcode_after_header":"","ocean_has_shortcode":"","ocean_shortcode_after_title":"","ocean_shortcode_before_footer_widgets":"","ocean_shortcode_after_footer_widgets":"","ocean_shortcode_before_footer_bottom":"","ocean_shortcode_after_footer_bottom":"","ocean_display_top_bar":"default","ocean_display_header":"default","ocean_header_style":"","ocean_center_header_left_menu":"0","ocean_custom_header_template":"0","ocean_custom_logo":0,"ocean_custom_retina_logo":0,"ocean_custom_logo_max_width":0,"ocean_custom_logo_tablet_max_width":0,"ocean_custom_logo_mobile_max_width":0,"ocean_custom_logo_max_height":0,"ocean_custom_logo_tablet_max_height":0,"ocean_custom_logo_mobile_max_height":0,"ocean_header_custom_menu":"0","ocean_menu_typo_font_family":"0","ocean_menu_typo_font_subset":"","ocean_menu_typo_font_size":0,"ocean_menu_typo_font_size_tablet":0,"ocean_menu_typo_font_size_mobile":0,"ocean_menu_typo_font_size_unit":"px","ocean_menu_typo_font_weight":"","ocean_menu_typo_font_weight_tablet":"","ocean_menu_typo_font_weight_mobile":"","ocean_menu_typo_transform":"","ocean_menu_typo_transform_tablet":"","ocean_menu_typo_transform_mobile":"","ocean_menu_typo_line_height":0,"ocean_menu_typo_line_height_tablet":0,"ocean_menu_typo_line_height_mobile":0,"ocean_menu_typo_line_height_unit":"","ocean_menu_typo_spacing":0,"ocean_menu_typo_spacing_tablet":0,"ocean_menu_typo_spacing_mobile":0,"ocean_menu_typo_spacing_unit":"","ocean_menu_link_color":"","ocean_menu_link_color_hover":"","ocean_menu_link_color_active":"","ocean_menu_link_background":"","ocean_menu_link_hover_background":"","ocean_menu_link_active_background":"","ocean_menu_social_links_bg":"","ocean_menu_social_hover_links_bg":"","ocean_menu_social_links_color":"","ocean_menu_social_hover_links_color":"","ocean_disable_title":"default","ocean_disable_heading":"default","ocean_post_title":"","ocean_post_subheading":"","ocean_post_title_style":"","ocean_post_title_background_color":"","ocean_post_title_background":0,"ocean_post_title_bg_image_position":"","ocean_post_title_bg_image_attachment":"","ocean_post_title_bg_image_repeat":"","ocean_post_title_bg_image_size":"","ocean_post_title_height":0,"ocean_post_title_bg_overlay":0.5,"ocean_post_title_bg_overlay_color":"","ocean_disable_breadcrumbs":"default","ocean_breadcrumbs_color":"","ocean_breadcrumbs_separator_color":"","ocean_breadcrumbs_links_color":"","ocean_breadcrumbs_links_hover_color":"","ocean_display_footer_widgets":"default","ocean_display_footer_bottom":"default","ocean_custom_footer_template":"0","osh_disable_topbar_sticky":"default","osh_disable_header_sticky":"default","osh_sticky_header_style":"default","osh_sticky_header_effect":"","osh_custom_sticky_logo":0,"osh_custom_retina_sticky_logo":0,"osh_custom_sticky_logo_height":0,"osh_background_color":"","osh_links_color":"","osh_links_hover_color":"","osh_links_active_color":"","osh_links_bg_color":"","osh_links_hover_bg_color":"","osh_links_active_bg_color":"","osh_menu_social_links_color":"","osh_menu_social_hover_links_color":""},"product_brand":[],"product_cat":[44,41],"product_tag":[270,271,272],"class_list":{"0":"post-3493","1":"product","2":"type-product","3":"status-publish","4":"has-post-thumbnail","6":"product_cat-progressive-grease-dividers","7":"product_cat-progressive-grease-systems","8":"product_tag-grease-lubrication-block","9":"product_tag-grease-measurement-device","10":"product_tag-lubricating-system-divider","12":"entry","13":"has-media","15":"first","16":"instock","17":"shipping-taxable","18":"product-type-external","19":"col","20":"span_1_of_3","21":"owp-content-center","22":"owp-thumbs-layout-horizontal","23":"owp-btn-very-big","24":"owp-tabs-layout-horizontal"},"_links":{"self":[{"href":"https:\/\/www.jinpinlub.com\/vi\/wp-json\/wp\/v2\/product\/3493","targetHints":{"allow":["GET"]}}],"collection":[{"href":"https:\/\/www.jinpinlub.com\/vi\/wp-json\/wp\/v2\/product"}],"about":[{"href":"https:\/\/www.jinpinlub.com\/vi\/wp-json\/wp\/v2\/types\/product"}],"wp:featuredmedia":[{"embeddable":true,"href":"https:\/\/www.jinpinlub.com\/vi\/wp-json\/wp\/v2\/media\/3453"}],"wp:attachment":[{"href":"https:\/\/www.jinpinlub.com\/vi\/wp-json\/wp\/v2\/media?parent=3493"}],"wp:term":[{"taxonomy":"product_brand","embeddable":true,"href":"https:\/\/www.jinpinlub.com\/vi\/wp-json\/wp\/v2\/product_brand?post=3493"},{"taxonomy":"product_cat","embeddable":true,"href":"https:\/\/www.jinpinlub.com\/vi\/wp-json\/wp\/v2\/product_cat?post=3493"},{"taxonomy":"product_tag","embeddable":true,"href":"https:\/\/www.jinpinlub.com\/vi\/wp-json\/wp\/v2\/product_tag?post=3493"}],"curies":[{"name":"wp","href":"https:\/\/api.w.org\/{rel}","templated":true}]}}