{"id":3494,"date":"2024-08-29T05:22:34","date_gmt":"2024-08-28T21:22:34","guid":{"rendered":"https:\/\/www.jinpinlub.com\/?post_type=product&#038;p=3494"},"modified":"2025-06-06T19:32:38","modified_gmt":"2025-06-06T11:32:38","slug":"van-chia-tien-bo-monoblock-don-gian-nho-gon-jsv-6","status":"publish","type":"product","link":"https:\/\/www.jinpinlub.com\/vi\/product\/jsv-6-compact-simple-monoblock-progressive-divider-valves\/","title":{"rendered":"Van chia d\u00f2ng ti\u1ebfn b\u1ed9 \u0111\u01a1n kh\u1ed1i nh\u1ecf g\u1ecdn JSV-6"},"content":{"rendered":"<h2>T\u00ednh n\u0103ng<\/h2>\n<p><span id=\"input-sentence~0\">\u0110\u1ea7u v\u00e0o ch\u1ea5t b\u00f4i tr\u01a1n: Ch\u1ea5t b\u00f4i tr\u01a1n \u0111i v\u00e0o \u0111\u1ea7u v\u00e0o c\u1ee7a van ph\u00e2n ph\u1ed1i th\u00f4ng qua b\u01a1m b\u00f4i tr\u01a1n.<br \/>\nPh\u00e2n ph\u1ed1i tu\u1ea7n t\u1ef1: C\u00e1c piston trong van chia chuy\u1ec3n \u0111\u1ed9ng theo tr\u00ecnh t\u1ef1 \u0111\u1ec3 ph\u00e2n ph\u1ed1i ch\u1ea5t b\u00f4i tr\u01a1n \u0111\u1ebfn t\u1eebng \u0111\u1ea7u ra. Chuy\u1ec3n \u0111\u1ed9ng c\u1ee7a m\u1ed7i piston \u0111\u1ea9y piston ti\u1ebfp theo, t\u1ea1o th\u00e0nh m\u1ed9t chu k\u1ef3 li\u00ean t\u1ee5c.<\/span><span id=\"input-sentence~1\"><br \/>\nPh\u00e2n ph\u1ed1i \u0111\u1ec1u: M\u1ed7i \u0111\u1ea7u ra ph\u00e2n ph\u1ed1i l\u01b0\u1ee3ng ch\u1ea5t b\u00f4i tr\u01a1n nh\u01b0 nhau trong m\u1ed7i chu k\u1ef3, \u0111\u1ea3m b\u1ea3o t\u1ea5t c\u1ea3 c\u00e1c \u0111i\u1ec3m b\u00f4i tr\u01a1n \u0111\u1ec1u \u0111\u01b0\u1ee3c b\u00f4i tr\u01a1n \u0111\u1ec1u.<br \/>\nPh\u00e1t hi\u1ec7n l\u1ed7i: N\u1ebfu m\u1ed9t \u1ed5 c\u1eafm b\u1ecb ch\u1eb7n, to\u00e0n b\u1ed9 h\u1ec7 th\u1ed1ng s\u1ebd ng\u1eebng ho\u1ea1t \u0111\u1ed9ng, thu\u1eadn ti\u1ec7n cho vi\u1ec7c ph\u00e1t hi\u1ec7n v\u00e0 b\u1ea3o tr\u00ec.<\/span><\/p>\n<h2>\u0110\u1eb7c \u0111i\u1ec3m k\u1ef9 thu\u1eadt<\/h2>\n<table>\n<tbody>\n<tr>\n<td>Nguy\u00ean l\u00fd ch\u1ee9c n\u0103ng<\/td>\n<td>Thi\u1ebft b\u1ecb \u0111o l\u01b0\u1eddng<\/td>\n<\/tr>\n<tr>\n<td>S\u1ed1 l\u01b0\u1ee3ng c\u1eeda h\u00e0ng<\/td>\n<td>6-20<\/td>\n<\/tr>\n<tr>\n<td>\u0110o l\u01b0\u1eddng s\u1ed1 l\u01b0\u1ee3ng<\/td>\n<td>0,2mL\/chu k\u1ef3<\/td>\n<\/tr>\n<tr>\n<td>Ch\u1ea5t b\u00f4i tr\u01a1n<\/td>\n<td>M\u1ee1 b\u00f4i tr\u01a1n l\u00ean \u0111\u1ebfn NLGI 2, d\u1ea7u 32-220cSt@40\u2103<\/td>\n<\/tr>\n<tr>\n<td>Nhi\u1ec7t \u0111\u1ed9 ho\u1ea1t \u0111\u1ed9ng<\/td>\n<td>\u201320 \u0111\u1ebfn +80 \u00b0C<\/td>\n<\/tr>\n<tr>\n<td>\u00c1p su\u1ea5t ho\u1ea1t \u0111\u1ed9ng<\/td>\n<td>T\u1ed1i \u0111a 300 bar<\/td>\n<\/tr>\n<tr>\n<td>V\u1eadt li\u1ec7u<\/td>\n<td>M\u1ea1 k\u1ebdm \u0111en<\/td>\n<\/tr>\n<tr>\n<td>\u0110\u1ea7u v\u00e0o k\u1ebft n\u1ed1i<\/td>\n<td>\u03a66\/\u03a68 (M10x1)<\/td>\n<\/tr>\n<tr>\n<td>\u1ed4 c\u1eafm k\u1ebft n\u1ed1i<\/td>\n<td>\u03a66\/\u03a68 (M10x1)<\/td>\n<\/tr>\n<tr>\n<td>V\u1ecb tr\u00ed l\u1eafp \u0111\u1eb7t<\/td>\n<td>B\u1ea5t k\u00ec<\/td>\n<\/tr>\n<\/tbody>\n<\/table>\n<h2>\u1ee8ng d\u1ee5ng<\/h2>\n<p><span id=\"input-sentence~0\">S\u1ea3n xu\u1ea5t: Van chia JSV c\u1ee7a JINPINLUB \u0111\u01b0\u1ee3c s\u1eed d\u1ee5ng \u0111\u1ec3 b\u00f4i tr\u01a1n trong c\u00e1c l\u0129nh v\u1ef1c nh\u01b0 t\u1ef1 \u0111\u1ed9ng h\u00f3a d\u00e2y chuy\u1ec1n s\u1ea3n xu\u1ea5t v\u00e0 thi\u1ebft b\u1ecb c\u01a1 kh\u00ed.<br \/>\nNg\u00e0nh \u00f4 t\u00f4: van chia JSV \u0111\u01b0\u1ee3c \u1ee9ng d\u1ee5ng \u0111\u1ec3 b\u00f4i tr\u01a1n c\u00e1c b\u1ed9 ph\u1eadn c\u01a1 kh\u00ed \u0111a d\u1ea1ng trong su\u1ed1t qu\u00e1 tr\u00ecnh l\u1eafp r\u00e1p \u00f4 t\u00f4 v\u00e0 s\u1ea3n xu\u1ea5t ph\u1ee5 t\u00f9ng.<\/span><span id=\"input-sentence~1\"><br \/>\nNg\u00e0nh th\u1ef1c ph\u1ea9m v\u00e0 \u0111\u1ed3 u\u1ed1ng: Van chia JSV \u0111\u01b0\u1ee3c s\u1eed d\u1ee5ng trong c\u00e1c thi\u1ebft b\u1ecb ch\u1ebf bi\u1ebfn th\u1ef1c ph\u1ea9m \u0111\u1ec3 b\u00f4i tr\u01a1n nh\u1eb1m duy tr\u00ec hi\u1ec7u qu\u1ea3 ho\u1ea1t \u0111\u1ed9ng t\u1ed1t.<br \/>\nKhai th\u00e1c m\u1ecf v\u00e0 m\u00e1y m\u00f3c h\u1ea1ng n\u1eb7ng: Trong thi\u1ebft b\u1ecb khai th\u00e1c m\u1ecf v\u00e0 m\u00e1y m\u00f3c h\u1ea1ng n\u1eb7ng, ch\u00fang \u0111\u01b0\u1ee3c s\u1eed d\u1ee5ng \u0111\u1ec3 b\u00f4i tr\u01a1n c\u00e1c b\u00e1nh r\u0103ng v\u00e0 \u1ed5 tr\u1ee5c l\u1edbn.<\/span><\/p>\n<h2>H\u01b0\u1edbng d\u1eabn s\u1eed d\u1ee5ng<\/h2>\n<div class=\"sdm_download_button_box_default\"><div class=\"sdm_download_link\"><a href=\"https:\/\/www.jinpinlub.com\/vi\/?sdm_process_download=1&download_id=2474\" class=\"sdm_download white\" title=\"Ri\u00eang t\u01b0: JSV Progressive Distributor\" target=\"&quot;_blank&quot;\">Xem B\u1ea3ng d\u1eef li\u1ec7u - Nh\u00e0 ph\u00e2n ph\u1ed1i JSV<\/a><\/div><\/div>","protected":false},"excerpt":{"rendered":"<p>Van chia ti\u1ebfn b\u1ed9 JSV l\u00e0 m\u1ed9t \u0111\u01a1n v\u1ecb nh\u1ecf g\u1ecdn, nguy\u00ean kh\u1ed1i \u0111\u01b0\u1ee3c thi\u1ebft k\u1ebf \u0111\u1ec3 b\u00f4i tr\u01a1n hi\u1ec7u qu\u1ea3 trong kh\u00f4ng gian ch\u1eadt h\u1eb9p. C\u00e1c van n\u00e0y ho\u1ea1t \u0111\u1ed9ng theo tr\u00ecnh t\u1ef1, \u0111\u1ea3m b\u1ea3o ph\u00e2n ph\u1ed1i \u0111\u1ec1u ch\u1ea5t b\u00f4i tr\u01a1n \u0111\u1ebfn t\u1ea5t c\u1ea3 c\u00e1c \u0111\u1ea7u ra. N\u1ebfu m\u1ed9t \u0111\u1ea7u ra b\u1ecb ch\u1eb7n, to\u00e0n b\u1ed9 h\u1ec7 th\u1ed1ng s\u1ebd ng\u1eebng ho\u1ea1t \u0111\u1ed9ng.<\/p>","protected":false},"featured_media":3447,"template":"","meta":{"ocean_post_layout":"","ocean_both_sidebars_style":"","ocean_both_sidebars_content_width":0,"ocean_both_sidebars_sidebars_width":0,"ocean_sidebar":"0","ocean_second_sidebar":"0","ocean_disable_margins":"enable","ocean_add_body_class":"","ocean_shortcode_before_top_bar":"","ocean_shortcode_after_top_bar":"","ocean_shortcode_before_header":"","ocean_shortcode_after_header":"","ocean_has_shortcode":"","ocean_shortcode_after_title":"","ocean_shortcode_before_footer_widgets":"","ocean_shortcode_after_footer_widgets":"","ocean_shortcode_before_footer_bottom":"","ocean_shortcode_after_footer_bottom":"","ocean_display_top_bar":"default","ocean_display_header":"default","ocean_header_style":"","ocean_center_header_left_menu":"0","ocean_custom_header_template":"0","ocean_custom_logo":0,"ocean_custom_retina_logo":0,"ocean_custom_logo_max_width":0,"ocean_custom_logo_tablet_max_width":0,"ocean_custom_logo_mobile_max_width":0,"ocean_custom_logo_max_height":0,"ocean_custom_logo_tablet_max_height":0,"ocean_custom_logo_mobile_max_height":0,"ocean_header_custom_menu":"0","ocean_menu_typo_font_family":"0","ocean_menu_typo_font_subset":"","ocean_menu_typo_font_size":0,"ocean_menu_typo_font_size_tablet":0,"ocean_menu_typo_font_size_mobile":0,"ocean_menu_typo_font_size_unit":"px","ocean_menu_typo_font_weight":"","ocean_menu_typo_font_weight_tablet":"","ocean_menu_typo_font_weight_mobile":"","ocean_menu_typo_transform":"","ocean_menu_typo_transform_tablet":"","ocean_menu_typo_transform_mobile":"","ocean_menu_typo_line_height":0,"ocean_menu_typo_line_height_tablet":0,"ocean_menu_typo_line_height_mobile":0,"ocean_menu_typo_line_height_unit":"","ocean_menu_typo_spacing":0,"ocean_menu_typo_spacing_tablet":0,"ocean_menu_typo_spacing_mobile":0,"ocean_menu_typo_spacing_unit":"","ocean_menu_link_color":"","ocean_menu_link_color_hover":"","ocean_menu_link_color_active":"","ocean_menu_link_background":"","ocean_menu_link_hover_background":"","ocean_menu_link_active_background":"","ocean_menu_social_links_bg":"","ocean_menu_social_hover_links_bg":"","ocean_menu_social_links_color":"","ocean_menu_social_hover_links_color":"","ocean_disable_title":"default","ocean_disable_heading":"default","ocean_post_title":"","ocean_post_subheading":"","ocean_post_title_style":"","ocean_post_title_background_color":"","ocean_post_title_background":0,"ocean_post_title_bg_image_position":"","ocean_post_title_bg_image_attachment":"","ocean_post_title_bg_image_repeat":"","ocean_post_title_bg_image_size":"","ocean_post_title_height":0,"ocean_post_title_bg_overlay":0.5,"ocean_post_title_bg_overlay_color":"","ocean_disable_breadcrumbs":"default","ocean_breadcrumbs_color":"","ocean_breadcrumbs_separator_color":"","ocean_breadcrumbs_links_color":"","ocean_breadcrumbs_links_hover_color":"","ocean_display_footer_widgets":"default","ocean_display_footer_bottom":"default","ocean_custom_footer_template":"0","osh_disable_topbar_sticky":"default","osh_disable_header_sticky":"default","osh_sticky_header_style":"default","osh_sticky_header_effect":"","osh_custom_sticky_logo":0,"osh_custom_retina_sticky_logo":0,"osh_custom_sticky_logo_height":0,"osh_background_color":"","osh_links_color":"","osh_links_hover_color":"","osh_links_active_color":"","osh_links_bg_color":"","osh_links_hover_bg_color":"","osh_links_active_bg_color":"","osh_menu_social_links_color":"","osh_menu_social_hover_links_color":""},"product_brand":[],"product_cat":[44,41],"product_tag":[274,99,273],"class_list":{"0":"post-3494","1":"product","2":"type-product","3":"status-publish","4":"has-post-thumbnail","6":"product_cat-progressive-grease-dividers","7":"product_cat-progressive-grease-systems","8":"product_tag-distribution-valve","9":"product_tag-progressive-distributor","10":"product_tag-progressive-lubrication","12":"entry","13":"has-media","15":"first","16":"instock","17":"shipping-taxable","18":"product-type-external","19":"col","20":"span_1_of_3","21":"owp-content-center","22":"owp-thumbs-layout-horizontal","23":"owp-btn-very-big","24":"owp-tabs-layout-horizontal"},"_links":{"self":[{"href":"https:\/\/www.jinpinlub.com\/vi\/wp-json\/wp\/v2\/product\/3494","targetHints":{"allow":["GET"]}}],"collection":[{"href":"https:\/\/www.jinpinlub.com\/vi\/wp-json\/wp\/v2\/product"}],"about":[{"href":"https:\/\/www.jinpinlub.com\/vi\/wp-json\/wp\/v2\/types\/product"}],"wp:featuredmedia":[{"embeddable":true,"href":"https:\/\/www.jinpinlub.com\/vi\/wp-json\/wp\/v2\/media\/3447"}],"wp:attachment":[{"href":"https:\/\/www.jinpinlub.com\/vi\/wp-json\/wp\/v2\/media?parent=3494"}],"wp:term":[{"taxonomy":"product_brand","embeddable":true,"href":"https:\/\/www.jinpinlub.com\/vi\/wp-json\/wp\/v2\/product_brand?post=3494"},{"taxonomy":"product_cat","embeddable":true,"href":"https:\/\/www.jinpinlub.com\/vi\/wp-json\/wp\/v2\/product_cat?post=3494"},{"taxonomy":"product_tag","embeddable":true,"href":"https:\/\/www.jinpinlub.com\/vi\/wp-json\/wp\/v2\/product_tag?post=3494"}],"curies":[{"name":"wp","href":"https:\/\/api.w.org\/{rel}","templated":true}]}}