{"id":3546,"date":"2024-08-30T07:58:39","date_gmt":"2024-08-29T23:58:39","guid":{"rendered":"https:\/\/www.jinpinlub.com\/?post_type=product&#038;p=3546"},"modified":"2024-08-30T08:01:33","modified_gmt":"2024-08-30T00:01:33","slug":"jsv-6-thiet-bi-do-luong-tien-bo-mot-manh-voi-cam-bien","status":"publish","type":"product","link":"https:\/\/www.jinpinlub.com\/vi\/product\/jsv-6-single-piece-progressive-metering-device-with-sensor\/","title":{"rendered":"Thi\u1ebft b\u1ecb \u0111o l\u01b0\u1eddng ti\u1ebfn b\u1ed9 m\u1ed9t m\u1ea3nh JSV-6 c\u00f3 c\u1ea3m bi\u1ebfn"},"content":{"rendered":"<h2>\u0110\u1eb7c tr\u01b0ng<\/h2>\n<p>\u0110o l\u01b0\u1eddng c\u1ed1 \u0111\u1ecbnh: \u0110\u1ea7u ra c\u1ee7a m\u1ed7i \u0111\u1ea7u ra c\u1ee7a thi\u1ebft b\u1ecb \u0111o l\u01b0\u1eddng l\u00e0 c\u1ed1 \u0111\u1ecbnh v\u00e0 \u0111\u1ea7u ra c\u00f3 th\u1ec3 \u0111\u01b0\u1ee3c k\u1ebft h\u1ee3p th\u00f4ng qua c\u00e1c \u1ed1ng k\u1ebft n\u1ed1i b\u00ean ngo\u00e0i \u0111\u1ec3 th\u00edch \u1ee9ng v\u1edbi c\u00e1c nhu c\u1ea7u b\u00f4i tr\u01a1n kh\u00e1c nhau.<br \/>\nT\u00f9y ch\u1ecdn gi\u00e1m s\u00e1t: Thi\u1ebft b\u1ecb \u0111o l\u01b0\u1eddng Jinpinlub JSVB c\u00f3 th\u1ec3 \u0111\u01b0\u1ee3c gi\u00e1m s\u00e1t b\u1eb1ng m\u1eaft ho\u1eb7c \u0111i\u1ec7n \u0111\u1ec3 t\u1ea1o \u0111i\u1ec1u ki\u1ec7n gi\u00e1m s\u00e1t t\u00ecnh tr\u1ea1ng b\u00f4i tr\u01a1n theo th\u1eddi gian th\u1ef1c.<br \/>\nHo\u1ea1t \u0111\u1ed9ng \u1edf \u00e1p su\u1ea5t cao: \u00c1p su\u1ea5t ho\u1ea1t \u0111\u1ed9ng t\u1ed1i \u0111a c\u1ee7a thi\u1ebft b\u1ecb \u0111o c\u00f3 th\u1ec3 \u0111\u1ea1t t\u1edbi 250 bar, ph\u00f9 h\u1ee3p v\u1edbi m\u00f4i tr\u01b0\u1eddng c\u00f3 \u00e1p su\u1ea5t cao.<br \/>\nV\u1eadt li\u1ec7u: Thi\u1ebft b\u1ecb \u0111o \u0111\u01b0\u1ee3c l\u00e0m b\u1eb1ng th\u00e9p m\u1ea1 \u0111i\u1ec7n, b\u1ec1n v\u00e0 ch\u1ed1ng \u0103n m\u00f2n.<br \/>\nNhi\u1ec7t \u0111\u1ed9 ho\u1ea1t \u0111\u1ed9ng: -20\u00b0C \u0111\u1ebfn +80\u00b0C, th\u00edch \u1ee9ng v\u1edbi nhi\u1ec1u m\u00f4i tr\u01b0\u1eddng l\u00e0m vi\u1ec7c kh\u00e1c nhau.<\/p>\n<h2>\u0110\u1eb7c \u0111i\u1ec3m k\u1ef9 thu\u1eadt<\/h2>\n<table>\n<tbody>\n<tr>\n<td>Nguy\u00ean l\u00fd ch\u1ee9c n\u0103ng<\/td>\n<td>Thi\u1ebft b\u1ecb \u0111o l\u01b0\u1eddng<\/td>\n<\/tr>\n<tr>\n<td>S\u1ed1 l\u01b0\u1ee3ng c\u1eeda h\u00e0ng<\/td>\n<td>6-14<\/td>\n<\/tr>\n<tr>\n<td>\u0110o l\u01b0\u1eddng s\u1ed1 l\u01b0\u1ee3ng<\/td>\n<td>0,17mL\/chu k\u1ef3<\/td>\n<\/tr>\n<tr>\n<td>Ch\u1ea5t b\u00f4i tr\u01a1n<\/td>\n<td>M\u1ee1 b\u00f4i tr\u01a1n l\u00ean \u0111\u1ebfn NLGI 2, d\u1ea7u 32-220cSt@40\u2103<\/td>\n<\/tr>\n<tr>\n<td>Nhi\u1ec7t \u0111\u1ed9 ho\u1ea1t \u0111\u1ed9ng<\/td>\n<td>\u201320 \u0111\u1ebfn +80 \u00b0C<\/td>\n<\/tr>\n<tr>\n<td>\u00c1p su\u1ea5t ho\u1ea1t \u0111\u1ed9ng<\/td>\n<td>T\u1ed1i \u0111a 250 bar<\/td>\n<\/tr>\n<tr>\n<td>V\u1eadt li\u1ec7u<\/td>\n<td>M\u1ea1 k\u1ebdm \u0111en<\/td>\n<\/tr>\n<tr>\n<td>\u0110\u1ea7u v\u00e0o k\u1ebft n\u1ed1i<\/td>\n<td>\u03a66(M10x1.0), \u03a68(M10x1.0)<\/td>\n<\/tr>\n<tr>\n<td>\u1ed4 c\u1eafm k\u1ebft n\u1ed1i<\/td>\n<td>\u03a66(M10x1.0), \u03a68(M10x1.0)<\/td>\n<\/tr>\n<tr>\n<td>V\u1ecb tr\u00ed l\u1eafp \u0111\u1eb7t<\/td>\n<td>B\u1ea5t k\u00ec<\/td>\n<\/tr>\n<\/tbody>\n<\/table>\n<h2>\u1ee8ng d\u1ee5ng<\/h2>\n<p>X\u00e2y d\u1ef1ng v\u00e0 khai th\u00e1c m\u1ecf: Thi\u1ebft b\u1ecb \u0111o l\u01b0\u1eddng n\u00e0y ph\u00f9 h\u1ee3p \u0111\u1ec3 b\u00f4i tr\u01a1n m\u00e1y m\u00f3c v\u00e0 thi\u1ebft b\u1ecb h\u1ea1ng n\u1eb7ng nh\u1eb1m \u0111\u1ea3m b\u1ea3o thi\u1ebft b\u1ecb ho\u1ea1t \u0111\u1ed9ng b\u00ecnh th\u01b0\u1eddng trong m\u00f4i tr\u01b0\u1eddng kh\u1eafc nghi\u1ec7t.<br \/>\nM\u00e1y m\u00f3c n\u00f4ng nghi\u1ec7p: JSVB \u0111\u01b0\u1ee3c s\u1eed d\u1ee5ng trong c\u00e1c thi\u1ebft b\u1ecb n\u00f4ng nghi\u1ec7p \u0111\u1ec3 \u0111\u1ea3m b\u1ea3o ho\u1ea1t \u0111\u1ed9ng hi\u1ec7u qu\u1ea3 v\u00e0 tu\u1ed5i th\u1ecd l\u00e2u d\u00e0i c\u1ee7a thi\u1ebft b\u1ecb.<br \/>\nThi\u1ebft b\u1ecb c\u00f4ng nghi\u1ec7p: JSVB \u0111\u01b0\u1ee3c s\u1eed d\u1ee5ng r\u1ed9ng r\u00e3i trong vi\u1ec7c b\u00f4i tr\u01a1n nhi\u1ec1u thi\u1ebft b\u1ecb c\u00f4ng nghi\u1ec7p kh\u00e1c nhau \u0111\u1ec3 n\u00e2ng cao \u0111\u1ed9 tin c\u1eady v\u00e0 hi\u1ec7u qu\u1ea3 s\u1ea3n xu\u1ea5t c\u1ee7a thi\u1ebft b\u1ecb.<\/p>\n<h2>H\u01b0\u1edbng d\u1eabn s\u1eed d\u1ee5ng<\/h2>\n<div class=\"sdm_download_button_box_default\"><div class=\"sdm_download_link\"><a href=\"https:\/\/www.jinpinlub.com\/vi\/?sdm_process_download=1&download_id=3055\" class=\"sdm_download white\" title=\"Ri\u00eang t\u01b0: JVB Progressive Divider\" target=\"&quot;_blank&quot;\">Xem B\u1ea3ng d\u1eef li\u1ec7u - Nh\u00e0 ph\u00e2n ph\u1ed1i JVB<\/a><\/div><\/div>","protected":false},"excerpt":{"rendered":"<p>Thi\u1ebft b\u1ecb \u0111o l\u01b0\u1eddng JSV l\u00e0 thi\u1ebft b\u1ecb \u0111o l\u01b0\u1eddng ti\u1ebfn b\u1ed9 m\u1ed9t m\u1ea3nh nh\u1ecf g\u1ecdn, ph\u00f9 h\u1ee3p v\u1edbi h\u1ec7 th\u1ed1ng b\u00f4i tr\u01a1n ti\u1ebfn b\u1ed9. Thi\u1ebft k\u1ebf c\u1ee7a n\u00f3 cho ph\u00e9p l\u1eafp tr\u1ef1c ti\u1ebfp c\u00e1c ph\u1ee5 ki\u1ec7n, \u0111\u01a1n gi\u1ea3n h\u00f3a quy tr\u00ecnh l\u1eafp \u0111\u1eb7t v\u00e0 c\u0169ng c\u00f3 th\u1ec3 gi\u1ea3m s\u1ed1 l\u01b0\u1ee3ng \u0111\u1ea7u ra th\u00f4ng qua c\u1ed5ng ch\u00e9o.<\/p>","protected":false},"featured_media":3530,"template":"","meta":{"ocean_post_layout":"","ocean_both_sidebars_style":"","ocean_both_sidebars_content_width":0,"ocean_both_sidebars_sidebars_width":0,"ocean_sidebar":"0","ocean_second_sidebar":"0","ocean_disable_margins":"enable","ocean_add_body_class":"","ocean_shortcode_before_top_bar":"","ocean_shortcode_after_top_bar":"","ocean_shortcode_before_header":"","ocean_shortcode_after_header":"","ocean_has_shortcode":"","ocean_shortcode_after_title":"","ocean_shortcode_before_footer_widgets":"","ocean_shortcode_after_footer_widgets":"","ocean_shortcode_before_footer_bottom":"","ocean_shortcode_after_footer_bottom":"","ocean_display_top_bar":"default","ocean_display_header":"default","ocean_header_style":"","ocean_center_header_left_menu":"0","ocean_custom_header_template":"0","ocean_custom_logo":0,"ocean_custom_retina_logo":0,"ocean_custom_logo_max_width":0,"ocean_custom_logo_tablet_max_width":0,"ocean_custom_logo_mobile_max_width":0,"ocean_custom_logo_max_height":0,"ocean_custom_logo_tablet_max_height":0,"ocean_custom_logo_mobile_max_height":0,"ocean_header_custom_menu":"0","ocean_menu_typo_font_family":"0","ocean_menu_typo_font_subset":"","ocean_menu_typo_font_size":0,"ocean_menu_typo_font_size_tablet":0,"ocean_menu_typo_font_size_mobile":0,"ocean_menu_typo_font_size_unit":"px","ocean_menu_typo_font_weight":"","ocean_menu_typo_font_weight_tablet":"","ocean_menu_typo_font_weight_mobile":"","ocean_menu_typo_transform":"","ocean_menu_typo_transform_tablet":"","ocean_menu_typo_transform_mobile":"","ocean_menu_typo_line_height":0,"ocean_menu_typo_line_height_tablet":0,"ocean_menu_typo_line_height_mobile":0,"ocean_menu_typo_line_height_unit":"","ocean_menu_typo_spacing":0,"ocean_menu_typo_spacing_tablet":0,"ocean_menu_typo_spacing_mobile":0,"ocean_menu_typo_spacing_unit":"","ocean_menu_link_color":"","ocean_menu_link_color_hover":"","ocean_menu_link_color_active":"","ocean_menu_link_background":"","ocean_menu_link_hover_background":"","ocean_menu_link_active_background":"","ocean_menu_social_links_bg":"","ocean_menu_social_hover_links_bg":"","ocean_menu_social_links_color":"","ocean_menu_social_hover_links_color":"","ocean_disable_title":"default","ocean_disable_heading":"default","ocean_post_title":"","ocean_post_subheading":"","ocean_post_title_style":"","ocean_post_title_background_color":"","ocean_post_title_background":0,"ocean_post_title_bg_image_position":"","ocean_post_title_bg_image_attachment":"","ocean_post_title_bg_image_repeat":"","ocean_post_title_bg_image_size":"","ocean_post_title_height":0,"ocean_post_title_bg_overlay":0.5,"ocean_post_title_bg_overlay_color":"","ocean_disable_breadcrumbs":"default","ocean_breadcrumbs_color":"","ocean_breadcrumbs_separator_color":"","ocean_breadcrumbs_links_color":"","ocean_breadcrumbs_links_hover_color":"","ocean_display_footer_widgets":"default","ocean_display_footer_bottom":"default","ocean_custom_footer_template":"0","osh_disable_topbar_sticky":"default","osh_disable_header_sticky":"default","osh_sticky_header_style":"default","osh_sticky_header_effect":"","osh_custom_sticky_logo":0,"osh_custom_retina_sticky_logo":0,"osh_custom_sticky_logo_height":0,"osh_background_color":"","osh_links_color":"","osh_links_hover_color":"","osh_links_active_color":"","osh_links_bg_color":"","osh_links_hover_bg_color":"","osh_links_active_bg_color":"","osh_menu_social_links_color":"","osh_menu_social_hover_links_color":""},"product_brand":[],"product_cat":[44,41],"product_tag":[275,99,276],"class_list":{"0":"post-3546","1":"product","2":"type-product","3":"status-publish","4":"has-post-thumbnail","6":"product_cat-progressive-grease-dividers","7":"product_cat-progressive-grease-systems","8":"product_tag-metering-device-block","9":"product_tag-progressive-distributor","10":"product_tag-single-block-divider","12":"entry","13":"has-media","15":"first","16":"instock","17":"shipping-taxable","18":"product-type-external","19":"col","20":"span_1_of_3","21":"owp-content-center","22":"owp-thumbs-layout-horizontal","23":"owp-btn-very-big","24":"owp-tabs-layout-horizontal"},"_links":{"self":[{"href":"https:\/\/www.jinpinlub.com\/vi\/wp-json\/wp\/v2\/product\/3546","targetHints":{"allow":["GET"]}}],"collection":[{"href":"https:\/\/www.jinpinlub.com\/vi\/wp-json\/wp\/v2\/product"}],"about":[{"href":"https:\/\/www.jinpinlub.com\/vi\/wp-json\/wp\/v2\/types\/product"}],"wp:featuredmedia":[{"embeddable":true,"href":"https:\/\/www.jinpinlub.com\/vi\/wp-json\/wp\/v2\/media\/3530"}],"wp:attachment":[{"href":"https:\/\/www.jinpinlub.com\/vi\/wp-json\/wp\/v2\/media?parent=3546"}],"wp:term":[{"taxonomy":"product_brand","embeddable":true,"href":"https:\/\/www.jinpinlub.com\/vi\/wp-json\/wp\/v2\/product_brand?post=3546"},{"taxonomy":"product_cat","embeddable":true,"href":"https:\/\/www.jinpinlub.com\/vi\/wp-json\/wp\/v2\/product_cat?post=3546"},{"taxonomy":"product_tag","embeddable":true,"href":"https:\/\/www.jinpinlub.com\/vi\/wp-json\/wp\/v2\/product_tag?post=3546"}],"curies":[{"name":"wp","href":"https:\/\/api.w.org\/{rel}","templated":true}]}}