{"id":3547,"date":"2024-08-30T08:05:08","date_gmt":"2024-08-30T00:05:08","guid":{"rendered":"https:\/\/www.jinpinlub.com\/?post_type=product&#038;p=3547"},"modified":"2025-06-06T19:50:18","modified_gmt":"2025-06-06T11:50:18","slug":"jsvb-6-16-o-cam-phan-phoi-mo-tien-tien-cho-may","status":"publish","type":"product","link":"https:\/\/www.jinpinlub.com\/vi\/product\/jsvb-6-16-outlet-progressive-grease-distributor-for-machine\/","title":{"rendered":"B\u1ed9 ph\u00e2n ph\u1ed1i m\u1ee1 b\u00f4i tr\u01a1n JSVB 6-16 Outlet Progressive cho m\u00e1y"},"content":{"rendered":"<h2>\u0110\u1eb7c tr\u01b0ng<\/h2>\n<p>\u0110\u1ed9 ch\u00ednh x\u00e1c cao: B\u1ed9 ph\u00e2n ph\u1ed1i JINPIN JSVB ki\u1ec3m so\u00e1t l\u01b0\u1ee3ng ch\u1ea5t b\u00f4i tr\u01a1n ph\u00e2n ph\u1ed1i r\u1ea5t ch\u00ednh x\u00e1c, \u0111\u1ea3m b\u1ea3o m\u1ed7i \u0111i\u1ec3m b\u00f4i tr\u01a1n \u0111\u01b0\u1ee3c b\u00f4i tr\u01a1n ch\u00ednh x\u00e1c.<br \/>\n\u0110\u1ed9 tin c\u1eady: B\u1ed9 ph\u00e2n ph\u1ed1i JSVB \u0111\u01b0\u1ee3c s\u1ea3n xu\u1ea5t t\u1eeb v\u1eadt li\u1ec7u ch\u1ea5t l\u01b0\u1ee3ng cao c\u00f3 kh\u1ea3 n\u0103ng ch\u1ed1ng m\u00e0i m\u00f2n v\u00e0 \u0103n m\u00f2n cao n\u00ean ph\u00f9 h\u1ee3p v\u1edbi nhi\u1ec1u \u0111i\u1ec1u ki\u1ec7n kh\u1eafc nghi\u1ec7t.<br \/>\nThi\u1ebft k\u1ebf d\u1ea1ng m\u00f4-\u0111un: B\u1ed9 ph\u00e2n ph\u1ed1i JSVB c\u00f3 th\u1ec3 d\u1ec5 d\u00e0ng l\u1eafp \u0111\u1eb7t v\u00e0 b\u1ea3o tr\u00ec, \u0111\u1ed3ng th\u1eddi c\u00f3 th\u1ec3 linh ho\u1ea1t \u0111i\u1ec1u ch\u1ec9nh v\u00e0 m\u1edf r\u1ed9ng theo y\u00eau c\u1ea7u.<br \/>\n\u0110\u1ed9 tin c\u1eady: B\u1ed9 ph\u00e2n ph\u1ed1i JSVB c\u00f3 \u0111\u1ed9 k\u00edn t\u1ed1t \u0111\u1ec3 tr\u00e1nh r\u00f2 r\u1ec9 ch\u1ea5t b\u00f4i tr\u01a1n.<\/p>\n<h2>\u0110\u1eb7c \u0111i\u1ec3m k\u1ef9 thu\u1eadt<\/h2>\n<table>\n<tbody>\n<tr>\n<td>Nguy\u00ean l\u00fd ch\u1ee9c n\u0103ng<\/td>\n<td>Thi\u1ebft b\u1ecb \u0111o l\u01b0\u1eddng<\/td>\n<\/tr>\n<tr>\n<td>S\u1ed1 l\u01b0\u1ee3ng c\u1eeda h\u00e0ng<\/td>\n<td>6-16<\/td>\n<\/tr>\n<tr>\n<td>\u0110o l\u01b0\u1eddng s\u1ed1 l\u01b0\u1ee3ng<\/td>\n<td>0,17mL\/chu k\u1ef3<\/td>\n<\/tr>\n<tr>\n<td>Ch\u1ea5t b\u00f4i tr\u01a1n<\/td>\n<td>M\u1ee1 b\u00f4i tr\u01a1n l\u00ean \u0111\u1ebfn NLGI 2, d\u1ea7u 32-220cSt@40\u2103<\/td>\n<\/tr>\n<tr>\n<td>Nhi\u1ec7t \u0111\u1ed9 ho\u1ea1t \u0111\u1ed9ng<\/td>\n<td>\u201320 \u0111\u1ebfn +80 \u00b0C<\/td>\n<\/tr>\n<tr>\n<td>\u00c1p su\u1ea5t ho\u1ea1t \u0111\u1ed9ng<\/td>\n<td>T\u1ed1i \u0111a 250 bar<\/td>\n<\/tr>\n<tr>\n<td>V\u1eadt li\u1ec7u<\/td>\n<td>M\u1ea1 k\u1ebdm \u0111en<\/td>\n<\/tr>\n<tr>\n<td>\u0110\u1ea7u v\u00e0o k\u1ebft n\u1ed1i<\/td>\n<td>\u03a66(M10x1.0), \u03a68(M10x1.0)<\/td>\n<\/tr>\n<tr>\n<td>\u1ed4 c\u1eafm k\u1ebft n\u1ed1i<\/td>\n<td>\u03a66(M10x1.0), \u03a68(M10x1.0)<\/td>\n<\/tr>\n<tr>\n<td>V\u1ecb tr\u00ed l\u1eafp \u0111\u1eb7t<\/td>\n<td>B\u1ea5t k\u00ec<\/td>\n<\/tr>\n<\/tbody>\n<\/table>\n<h2>\u1ee8ng d\u1ee5ng<\/h2>\n<p>M\u00e1y m\u00f3c v\u00e0 thi\u1ebft b\u1ecb CNC: B\u1ed9 ph\u00e2n ph\u1ed1i ti\u1ebfn b\u1ed9 JSVB \u0111\u01b0\u1ee3c s\u1eed d\u1ee5ng trong h\u1ec7 th\u1ed1ng b\u00f4i tr\u01a1n c\u1ee7a nhi\u1ec1u m\u00e1y c\u00f4ng c\u1ee5 CNC kh\u00e1c nhau \u0111\u1ec3 \u0111\u1ea3m b\u1ea3o thi\u1ebft b\u1ecb ho\u1ea1t \u0111\u1ed9ng hi\u1ec7u qu\u1ea3.<br \/>\nKhung g\u1ea7m \u00f4 t\u00f4: B\u1ed9 ph\u00e2n ph\u1ed1i JSVB \u0111\u01b0\u1ee3c s\u1eed d\u1ee5ng r\u1ed9ng r\u00e3i trong h\u1ec7 th\u1ed1ng b\u00f4i tr\u01a1n khung g\u1ea7m c\u1ee7a xe bu\u00fdt v\u00e0 c\u00e1c lo\u1ea1i xe kh\u00e1c.<br \/>\nThi\u1ebft b\u1ecb c\u00f4ng nghi\u1ec7p: B\u1ed9 ph\u00e2n ph\u1ed1i JSVB ph\u00f9 h\u1ee3p v\u1edbi h\u1ec7 th\u1ed1ng b\u00f4i tr\u01a1n t\u1eadp trung c\u1ee7a nhi\u1ec1u lo\u1ea1i m\u00e1y m\u00f3c v\u00e0 thi\u1ebft b\u1ecb c\u00f4ng nghi\u1ec7p nh\u1eb1m n\u00e2ng cao tu\u1ed5i th\u1ecd v\u00e0 hi\u1ec7u qu\u1ea3 ho\u1ea1t \u0111\u1ed9ng c\u1ee7a thi\u1ebft b\u1ecb.<\/p>\n<h2>H\u01b0\u1edbng d\u1eabn s\u1eed d\u1ee5ng<\/h2>\n<div class=\"sdm_download_button_box_default\"><div class=\"sdm_download_link\"><a href=\"https:\/\/www.jinpinlub.com\/vi\/?sdm_process_download=1&download_id=4290\" class=\"sdm_download white\" title=\"Ri\u00eang t\u01b0: JSVB Progressive Distributor\" target=\"&quot;_blank&quot;\">View Datasheet - JSVB Distributor<\/a><\/div><\/div>","protected":false},"excerpt":{"rendered":"<p>B\u1ed9 ph\u00e2n ph\u1ed1i JSV l\u00e0 b\u1ed9 ph\u00e2n ph\u1ed1i ti\u1ebfn b\u1ed9 cho h\u1ec7 th\u1ed1ng b\u00f4i tr\u01a1n. S\u1ed1 l\u01b0\u1ee3ng c\u1ed5ng cung c\u1ea5p d\u1ea7u \u0111\u01b0\u1ee3c chia th\u00e0nh 6-16 v\u00e0 c\u00e1c th\u00f4ng s\u1ed1 k\u1ef9 thu\u1eadt kh\u00e1c. C\u00e1c c\u1ed5ng cung c\u1ea5p d\u1ea7u c\u00f3 th\u1ec3 \u0111\u01b0\u1ee3c trang b\u1ecb c\u00e1c \u0111\u1ea7u n\u1ed1i van m\u1ed9t chi\u1ec1u \u0111\u1ec3 ng\u0103n d\u1ea7u x\u1ea3 ch\u1ea3y ng\u01b0\u1ee3c tr\u1edf l\u1ea1i.<\/p>","protected":false},"featured_media":3542,"template":"","meta":{"ocean_post_layout":"","ocean_both_sidebars_style":"","ocean_both_sidebars_content_width":0,"ocean_both_sidebars_sidebars_width":0,"ocean_sidebar":"0","ocean_second_sidebar":"0","ocean_disable_margins":"enable","ocean_add_body_class":"","ocean_shortcode_before_top_bar":"","ocean_shortcode_after_top_bar":"","ocean_shortcode_before_header":"","ocean_shortcode_after_header":"","ocean_has_shortcode":"","ocean_shortcode_after_title":"","ocean_shortcode_before_footer_widgets":"","ocean_shortcode_after_footer_widgets":"","ocean_shortcode_before_footer_bottom":"","ocean_shortcode_after_footer_bottom":"","ocean_display_top_bar":"default","ocean_display_header":"default","ocean_header_style":"","ocean_center_header_left_menu":"0","ocean_custom_header_template":"0","ocean_custom_logo":0,"ocean_custom_retina_logo":0,"ocean_custom_logo_max_width":0,"ocean_custom_logo_tablet_max_width":0,"ocean_custom_logo_mobile_max_width":0,"ocean_custom_logo_max_height":0,"ocean_custom_logo_tablet_max_height":0,"ocean_custom_logo_mobile_max_height":0,"ocean_header_custom_menu":"0","ocean_menu_typo_font_family":"0","ocean_menu_typo_font_subset":"","ocean_menu_typo_font_size":0,"ocean_menu_typo_font_size_tablet":0,"ocean_menu_typo_font_size_mobile":0,"ocean_menu_typo_font_size_unit":"px","ocean_menu_typo_font_weight":"","ocean_menu_typo_font_weight_tablet":"","ocean_menu_typo_font_weight_mobile":"","ocean_menu_typo_transform":"","ocean_menu_typo_transform_tablet":"","ocean_menu_typo_transform_mobile":"","ocean_menu_typo_line_height":0,"ocean_menu_typo_line_height_tablet":0,"ocean_menu_typo_line_height_mobile":0,"ocean_menu_typo_line_height_unit":"","ocean_menu_typo_spacing":0,"ocean_menu_typo_spacing_tablet":0,"ocean_menu_typo_spacing_mobile":0,"ocean_menu_typo_spacing_unit":"","ocean_menu_link_color":"","ocean_menu_link_color_hover":"","ocean_menu_link_color_active":"","ocean_menu_link_background":"","ocean_menu_link_hover_background":"","ocean_menu_link_active_background":"","ocean_menu_social_links_bg":"","ocean_menu_social_hover_links_bg":"","ocean_menu_social_links_color":"","ocean_menu_social_hover_links_color":"","ocean_disable_title":"default","ocean_disable_heading":"default","ocean_post_title":"","ocean_post_subheading":"","ocean_post_title_style":"","ocean_post_title_background_color":"","ocean_post_title_background":0,"ocean_post_title_bg_image_position":"","ocean_post_title_bg_image_attachment":"","ocean_post_title_bg_image_repeat":"","ocean_post_title_bg_image_size":"","ocean_post_title_height":0,"ocean_post_title_bg_overlay":0.5,"ocean_post_title_bg_overlay_color":"","ocean_disable_breadcrumbs":"default","ocean_breadcrumbs_color":"","ocean_breadcrumbs_separator_color":"","ocean_breadcrumbs_links_color":"","ocean_breadcrumbs_links_hover_color":"","ocean_display_footer_widgets":"default","ocean_display_footer_bottom":"default","ocean_custom_footer_template":"0","osh_disable_topbar_sticky":"default","osh_disable_header_sticky":"default","osh_sticky_header_style":"default","osh_sticky_header_effect":"","osh_custom_sticky_logo":0,"osh_custom_retina_sticky_logo":0,"osh_custom_sticky_logo_height":0,"osh_background_color":"","osh_links_color":"","osh_links_hover_color":"","osh_links_active_color":"","osh_links_bg_color":"","osh_links_hover_bg_color":"","osh_links_active_bg_color":"","osh_menu_social_links_color":"","osh_menu_social_hover_links_color":""},"product_brand":[],"product_cat":[44,41],"product_tag":[87,141,99],"class_list":{"0":"post-3547","1":"product","2":"type-product","3":"status-publish","4":"has-post-thumbnail","6":"product_cat-progressive-grease-dividers","7":"product_cat-progressive-grease-systems","8":"product_tag-grease-distributor","9":"product_tag-lubrication-distributor","10":"product_tag-progressive-distributor","12":"entry","13":"has-media","15":"first","16":"instock","17":"shipping-taxable","18":"product-type-external","19":"col","20":"span_1_of_3","21":"owp-content-center","22":"owp-thumbs-layout-horizontal","23":"owp-btn-very-big","24":"owp-tabs-layout-horizontal"},"_links":{"self":[{"href":"https:\/\/www.jinpinlub.com\/vi\/wp-json\/wp\/v2\/product\/3547","targetHints":{"allow":["GET"]}}],"collection":[{"href":"https:\/\/www.jinpinlub.com\/vi\/wp-json\/wp\/v2\/product"}],"about":[{"href":"https:\/\/www.jinpinlub.com\/vi\/wp-json\/wp\/v2\/types\/product"}],"wp:featuredmedia":[{"embeddable":true,"href":"https:\/\/www.jinpinlub.com\/vi\/wp-json\/wp\/v2\/media\/3542"}],"wp:attachment":[{"href":"https:\/\/www.jinpinlub.com\/vi\/wp-json\/wp\/v2\/media?parent=3547"}],"wp:term":[{"taxonomy":"product_brand","embeddable":true,"href":"https:\/\/www.jinpinlub.com\/vi\/wp-json\/wp\/v2\/product_brand?post=3547"},{"taxonomy":"product_cat","embeddable":true,"href":"https:\/\/www.jinpinlub.com\/vi\/wp-json\/wp\/v2\/product_cat?post=3547"},{"taxonomy":"product_tag","embeddable":true,"href":"https:\/\/www.jinpinlub.com\/vi\/wp-json\/wp\/v2\/product_tag?post=3547"}],"curies":[{"name":"wp","href":"https:\/\/api.w.org\/{rel}","templated":true}]}}