{"id":3550,"date":"2024-08-30T08:19:38","date_gmt":"2024-08-30T00:19:38","guid":{"rendered":"https:\/\/www.jinpinlub.com\/?post_type=product&#038;p=3550"},"modified":"2024-08-30T08:29:54","modified_gmt":"2024-08-30T00:29:54","slug":"bom-dau-banh-rang-khang-luc-jdl1-boi-tron-cho-may-cong-cu","status":"publish","type":"product","link":"https:\/\/www.jinpinlub.com\/vi\/product\/jdl1-resistance-oil-gear-pump-lubricator-for-machine-tools\/","title":{"rendered":"B\u01a1m d\u1ea7u b\u00e1nh r\u0103ng kh\u00e1ng l\u1ef1c JDL1 cho m\u00e1y c\u00f4ng c\u1ee5"},"content":{"rendered":"<h2>\u0110\u1eb7c tr\u01b0ng<\/h2>\n<p>Ki\u1ec3m so\u00e1t th\u1eddi gian: M\u00e1y b\u00f4i tr\u01a1n JDL1-3 \u0111\u01b0\u1ee3c trang b\u1ecb b\u1ed9 h\u1eb9n gi\u1edd c\u00f3 th\u1ec3 l\u1eadp tr\u00ecnh, c\u00f3 th\u1ec3 ki\u1ec3m so\u00e1t ch\u00ednh x\u00e1c th\u1eddi gian l\u00e0m vi\u1ec7c v\u00e0 th\u1eddi gian ngh\u1ec9 c\u1ee7a b\u01a1m b\u00f4i tr\u01a1n \u0111\u1ec3 \u0111\u1ea3m b\u1ea3o hi\u1ec7u qu\u1ea3 v\u00e0 \u0111\u1ed9 ch\u00ednh x\u00e1c trong qu\u00e1 tr\u00ecnh b\u00f4i tr\u01a1n.<br \/>\nNhi\u1ec1u ch\u1ebf \u0111\u1ed9: C\u00f3 hai ch\u1ebf \u0111\u1ed9 v\u1eadn h\u00e0nh c\u00f3 th\u1ec3 s\u1eed d\u1ee5ng v\u1edbi m\u00e1y b\u00f4i tr\u01a1n n\u00e0y: ch\u1ebf \u0111\u1ed9 b\u00f4i tr\u01a1n khi b\u1eadt ngu\u1ed3n v\u00e0 ch\u1ebf \u0111\u1ed9 b\u00f4i tr\u01a1n theo kho\u1ea3ng th\u1eddi gian khi b\u1eadt ngu\u1ed3n.<br \/>\nH\u1ec7 th\u1ed1ng b\u00e1o \u0111\u1ed9ng: B\u00ean trong JLD1-3 c\u00f3 m\u1ed9t c\u00f4ng t\u1eafc phao t\u1ef1 \u0111\u1ed9ng g\u1eedi b\u00e1o \u0111\u1ed9ng khi m\u1ee9c d\u1ea7u xu\u1ed1ng d\u01b0\u1edbi v\u1ea1ch v\u00e0 th\u00f4ng b\u00e1o b\u1eb1ng c\u00f2i.<br \/>\nB\u00f4i tr\u01a1n th\u1ee7 c\u00f4ng: M\u00e1y b\u00f4i tr\u01a1n JDL1-3 \u0111\u01b0\u1ee3c thi\u1ebft k\u1ebf v\u1edbi n\u00fat b\u00f4i tr\u01a1n th\u1ee7 c\u00f4ng; trong tr\u01b0\u1eddng h\u1ee3p kh\u1ea9n c\u1ea5p c\u00f3 th\u1ec3 b\u00f4i tr\u01a1n th\u1ee7 c\u00f4ng \u0111\u1ec3 tr\u00e1nh qu\u00e1 t\u1ea3i \u0111\u1ed9ng c\u01a1.<br \/>\nTheo d\u00f5i \u00e1p su\u1ea5t: \u0110\u01b0\u1ee3c trang b\u1ecb \u0111\u1ed3ng h\u1ed3 \u0111o \u00e1p su\u1ea5t, \u00e1p su\u1ea5t v\u1eadn h\u00e0nh c\u00f3 th\u1ec3 \u0111\u01b0\u1ee3c theo d\u00f5i d\u1ec5 d\u00e0ng \u0111\u1ec3 \u0111\u1ea3m b\u1ea3o thi\u1ebft b\u1ecb ho\u1ea1t \u0111\u1ed9ng trong \u0111i\u1ec1u ki\u1ec7n t\u1ed1t nh\u1ea5t.<br \/>\nB\u1ea3o v\u1ec7 qu\u00e1 nhi\u1ec7t: M\u00e1y b\u01a1m s\u1ebd t\u1ef1 \u0111\u1ed9ng t\u1eaft \u0111\u1ed9ng c\u01a1 khi \u0111\u1ed9ng c\u01a1 qu\u00e1 nhi\u1ec7t v\u00e0 s\u1ebd kh\u1edfi \u0111\u1ed9ng l\u1ea1i \u0111\u1ec3 ho\u1ea1t \u0111\u1ed9ng sau kho\u1ea3ng 5 ph\u00fat.<\/p>\n<h2>\u0110\u1eb7c \u0111i\u1ec3m k\u1ef9 thu\u1eadt<\/h2>\n<table>\n<tbody>\n<tr>\n<td>Ng\u01b0\u1eddi m\u1eabu<\/td>\n<td>JDL1<\/td>\n<\/tr>\n<tr>\n<td>Th\u1eddi gian b\u00f4i tr\u01a1n<\/td>\n<td>1-999 ph\u00fat<\/td>\n<\/tr>\n<tr>\n<td>Kho\u1ea3ng th\u1eddi gian<\/td>\n<td>1-999 ph\u00fat<\/td>\n<\/tr>\n<tr>\n<td>Nhi\u1ec7t \u0111\u1ed9 ho\u1ea1t \u0111\u1ed9ng<\/td>\n<td>0~+50\u00b0C<\/td>\n<\/tr>\n<tr>\n<td>S\u1ed1 l\u01b0\u1ee3ng c\u1eeda h\u00e0ng<\/td>\n<td>1<\/td>\n<\/tr>\n<tr>\n<td>S\u1ee9c ch\u1ee9a h\u1ed3 ch\u1ee9a<\/td>\n<td>2L, 3L, 4L (B\u00ecnh kim lo\u1ea1i ho\u1eb7c nh\u1ef1a), 8L (B\u00ecnh kim lo\u1ea1i)<\/td>\n<\/tr>\n<tr>\n<td>N\u1ea1p l\u1ea1i<\/td>\n<td>T\u1eeb tr\u00ean xu\u1ed1ng<\/td>\n<\/tr>\n<tr>\n<td>Ch\u1ea5t b\u00f4i tr\u01a1n<\/td>\n<td>32-68cSt@40\u2103<\/td>\n<\/tr>\n<tr>\n<td>C\u00f4ng su\u1ea5t \u0111\u1ed9ng c\u01a1<\/td>\n<td>30W<\/td>\n<\/tr>\n<tr>\n<td>Ph\u00f3ng \u0111i\u1ec7n<\/td>\n<td>150mL\/ph\u00fat<\/td>\n<\/tr>\n<tr>\n<td>\u00c1p su\u1ea5t v\u1eadn h\u00e0nh t\u1ed1i \u0111a<\/td>\n<td>1,5MPa<\/td>\n<\/tr>\n<tr>\n<td>Ch\u1ee7 \u0111\u1ec1 k\u1ebft n\u1ed1i<\/td>\n<td>\u0110\u1ea7u ra \u03a66<\/td>\n<\/tr>\n<tr>\n<td>\u0110i\u1ec7n \u00e1p ho\u1ea1t \u0111\u1ed9ng<\/td>\n<td>110VAC, 220VAC<\/td>\n<\/tr>\n<tr>\n<td>Ch\u1ee9ng nh\u1eadn<\/td>\n<td>Ti\u00eau chu\u1ea9n<\/td>\n<\/tr>\n<tr>\n<td>C\u00f4ng t\u1eafc m\u1ee9c th\u1ea5p<\/td>\n<td>Li\u00ean h\u1ec7 NC<\/td>\n<\/tr>\n<\/tbody>\n<\/table>\n<h2>\u1ee8ng d\u1ee5ng<\/h2>\n<p>M\u00e1y m\u00f3c ch\u1ebf bi\u1ebfn: M\u00e1y b\u00f4i tr\u01a1n JDL1-3 c\u00f3 th\u1ec3 s\u1eed d\u1ee5ng cho c\u00e1c h\u1ec7 th\u1ed1ng b\u00f4i tr\u01a1n nh\u01b0 m\u00e1y c\u00f4ng c\u1ee5 CNC, m\u00e1y phay, m\u00e1y ti\u1ec7n, v.v.<br \/>\nM\u00e1y m\u00f3c k\u1ef9 thu\u1eadt: JDL1-3 c\u00f3 th\u1ec3 \u0111\u01b0\u1ee3c s\u1eed d\u1ee5ng \u0111\u1ec3 b\u00f4i tr\u01a1n t\u1eadp trung nh\u01b0 m\u00e1y \u0111\u00e0o v\u00e0 m\u00e1y \u1ee7i.<br \/>\nThi\u1ebft b\u1ecb t\u1ef1 \u0111\u1ed9ng h\u00f3a: JDL1-3 c\u00f3 th\u1ec3 \u0111\u01b0\u1ee3c s\u1eed d\u1ee5ng cho c\u00e1c thi\u1ebft b\u1ecb nh\u01b0 d\u00e2y chuy\u1ec1n l\u1eafp r\u00e1p v\u00e0 robot c\u1ea7n b\u00f4i tr\u01a1n b\u1eb1ng d\u1ea7u lo\u00e3ng.<\/p>\n<h2>H\u01b0\u1edbng d\u1eabn s\u1eed d\u1ee5ng<\/h2>\n<div class=\"sdm_download_button_box_default\"><div class=\"sdm_download_link\"><a href=\"https:\/\/www.jinpinlub.com\/vi\/?sdm_process_download=1&download_id=3000\" class=\"sdm_download white\" title=\"Ri\u00eang t\u01b0: JDL1 Resistance Pump\" target=\"&quot;_blank&quot;\">Xem B\u1ea3ng d\u1eef li\u1ec7u - B\u01a1m JDL1<\/a><\/div><\/div>","protected":false},"excerpt":{"rendered":"<p>M\u00e1y b\u00f4i tr\u01a1n d\u1eabn \u0111\u1ed9ng b\u1eb1ng \u0111\u1ed9ng c\u01a1 \u0111i\u1ec7n lo\u1ea1i \u0111i\u1ec7n tr\u1edf JDL1-3 l\u00e0 b\u01a1m b\u00e1nh r\u0103ng b\u00f4i tr\u01a1n d\u1ea7u m\u1ecfng hi\u1ec7u su\u1ea5t cao c\u00f3 b\u1ed9 h\u1eb9n gi\u1edd c\u00f3 th\u1ec3 l\u1eadp tr\u00ecnh. \u0110\u01b0\u1ee3c s\u1eed d\u1ee5ng r\u1ed9ng r\u00e3i trong c\u00e1c thi\u1ebft b\u1ecb c\u01a1 kh\u00ed kh\u00e1c nhau \u0111\u1ec3 n\u00e2ng cao hi\u1ec7u qu\u1ea3 ho\u1ea1t \u0111\u1ed9ng c\u1ee7a thi\u1ebft b\u1ecb v\u00e0 k\u00e9o d\u00e0i tu\u1ed5i th\u1ecd c\u1ee7a thi\u1ebft b\u1ecb.<\/p>","protected":false},"featured_media":3497,"template":"","meta":{"ocean_post_layout":"","ocean_both_sidebars_style":"","ocean_both_sidebars_content_width":0,"ocean_both_sidebars_sidebars_width":0,"ocean_sidebar":"0","ocean_second_sidebar":"0","ocean_disable_margins":"enable","ocean_add_body_class":"","ocean_shortcode_before_top_bar":"","ocean_shortcode_after_top_bar":"","ocean_shortcode_before_header":"","ocean_shortcode_after_header":"","ocean_has_shortcode":"","ocean_shortcode_after_title":"","ocean_shortcode_before_footer_widgets":"","ocean_shortcode_after_footer_widgets":"","ocean_shortcode_before_footer_bottom":"","ocean_shortcode_after_footer_bottom":"","ocean_display_top_bar":"default","ocean_display_header":"default","ocean_header_style":"","ocean_center_header_left_menu":"0","ocean_custom_header_template":"0","ocean_custom_logo":0,"ocean_custom_retina_logo":0,"ocean_custom_logo_max_width":0,"ocean_custom_logo_tablet_max_width":0,"ocean_custom_logo_mobile_max_width":0,"ocean_custom_logo_max_height":0,"ocean_custom_logo_tablet_max_height":0,"ocean_custom_logo_mobile_max_height":0,"ocean_header_custom_menu":"0","ocean_menu_typo_font_family":"0","ocean_menu_typo_font_subset":"","ocean_menu_typo_font_size":0,"ocean_menu_typo_font_size_tablet":0,"ocean_menu_typo_font_size_mobile":0,"ocean_menu_typo_font_size_unit":"px","ocean_menu_typo_font_weight":"","ocean_menu_typo_font_weight_tablet":"","ocean_menu_typo_font_weight_mobile":"","ocean_menu_typo_transform":"","ocean_menu_typo_transform_tablet":"","ocean_menu_typo_transform_mobile":"","ocean_menu_typo_line_height":0,"ocean_menu_typo_line_height_tablet":0,"ocean_menu_typo_line_height_mobile":0,"ocean_menu_typo_line_height_unit":"","ocean_menu_typo_spacing":0,"ocean_menu_typo_spacing_tablet":0,"ocean_menu_typo_spacing_mobile":0,"ocean_menu_typo_spacing_unit":"","ocean_menu_link_color":"","ocean_menu_link_color_hover":"","ocean_menu_link_color_active":"","ocean_menu_link_background":"","ocean_menu_link_hover_background":"","ocean_menu_link_active_background":"","ocean_menu_social_links_bg":"","ocean_menu_social_hover_links_bg":"","ocean_menu_social_links_color":"","ocean_menu_social_hover_links_color":"","ocean_disable_title":"default","ocean_disable_heading":"default","ocean_post_title":"","ocean_post_subheading":"","ocean_post_title_style":"","ocean_post_title_background_color":"","ocean_post_title_background":0,"ocean_post_title_bg_image_position":"","ocean_post_title_bg_image_attachment":"","ocean_post_title_bg_image_repeat":"","ocean_post_title_bg_image_size":"","ocean_post_title_height":0,"ocean_post_title_bg_overlay":0.5,"ocean_post_title_bg_overlay_color":"","ocean_disable_breadcrumbs":"default","ocean_breadcrumbs_color":"","ocean_breadcrumbs_separator_color":"","ocean_breadcrumbs_links_color":"","ocean_breadcrumbs_links_hover_color":"","ocean_display_footer_widgets":"default","ocean_display_footer_bottom":"default","ocean_custom_footer_template":"0","osh_disable_topbar_sticky":"default","osh_disable_header_sticky":"default","osh_sticky_header_style":"default","osh_sticky_header_effect":"","osh_custom_sticky_logo":0,"osh_custom_retina_sticky_logo":0,"osh_custom_sticky_logo_height":0,"osh_background_color":"","osh_links_color":"","osh_links_hover_color":"","osh_links_active_color":"","osh_links_bg_color":"","osh_links_hover_bg_color":"","osh_links_active_bg_color":"","osh_menu_social_links_color":"","osh_menu_social_hover_links_color":""},"product_brand":[],"product_cat":[51,50],"product_tag":[111,281,280],"class_list":{"0":"post-3550","1":"product","2":"type-product","3":"status-publish","4":"has-post-thumbnail","6":"product_cat-electric-resistance-pumps","7":"product_cat-resistance-thin-oil-systems","8":"product_tag-oil-lubrication-pump","9":"product_tag-thin-oil-gear-pump","10":"product_tag-thin-oil-lubricator","12":"entry","13":"has-media","15":"first","16":"instock","17":"shipping-taxable","18":"product-type-external","19":"col","20":"span_1_of_3","21":"owp-content-center","22":"owp-thumbs-layout-horizontal","23":"owp-btn-very-big","24":"owp-tabs-layout-horizontal"},"_links":{"self":[{"href":"https:\/\/www.jinpinlub.com\/vi\/wp-json\/wp\/v2\/product\/3550","targetHints":{"allow":["GET"]}}],"collection":[{"href":"https:\/\/www.jinpinlub.com\/vi\/wp-json\/wp\/v2\/product"}],"about":[{"href":"https:\/\/www.jinpinlub.com\/vi\/wp-json\/wp\/v2\/types\/product"}],"wp:featuredmedia":[{"embeddable":true,"href":"https:\/\/www.jinpinlub.com\/vi\/wp-json\/wp\/v2\/media\/3497"}],"wp:attachment":[{"href":"https:\/\/www.jinpinlub.com\/vi\/wp-json\/wp\/v2\/media?parent=3550"}],"wp:term":[{"taxonomy":"product_brand","embeddable":true,"href":"https:\/\/www.jinpinlub.com\/vi\/wp-json\/wp\/v2\/product_brand?post=3550"},{"taxonomy":"product_cat","embeddable":true,"href":"https:\/\/www.jinpinlub.com\/vi\/wp-json\/wp\/v2\/product_cat?post=3550"},{"taxonomy":"product_tag","embeddable":true,"href":"https:\/\/www.jinpinlub.com\/vi\/wp-json\/wp\/v2\/product_tag?post=3550"}],"curies":[{"name":"wp","href":"https:\/\/api.w.org\/{rel}","templated":true}]}}