{"id":3552,"date":"2024-08-30T08:30:56","date_gmt":"2024-08-30T00:30:56","guid":{"rendered":"https:\/\/www.jinpinlub.com\/?post_type=product&#038;p=3552"},"modified":"2024-08-30T08:32:55","modified_gmt":"2024-08-30T00:32:55","slug":"jdl2-dien-tro-dau-dong-co-dien-tu-dong-plc-boi-tron","status":"publish","type":"product","link":"https:\/\/www.jinpinlub.com\/vi\/product\/jdl2-resistance-electric-motor-oil-automatic-plc-lubricator\/","title":{"rendered":"JDL2 \u0110i\u1ec7n Tr\u1edf D\u1ea7u \u0110\u1ed9ng C\u01a1 \u0110i\u1ec7n T\u1ef1 \u0110\u1ed9ng Plc B\u00f4i Tr\u01a1n"},"content":{"rendered":"<h2>\u0110\u1eb7c tr\u01b0ng<\/h2>\n<p>\u0110i\u1ec1u khi\u1ec3n PLC: B\u1ed9 b\u00f4i tr\u01a1n c\u1ee7a d\u00f2ng JDL2 c\u00f3 th\u1ec3 \u0111\u01b0\u1ee3c \u0111i\u1ec1u khi\u1ec3n th\u00f4ng qua PLC \u0111\u1ec3 \u0111\u1ea3m b\u1ea3o t\u00ednh t\u1ef1 \u0111\u1ed9ng h\u00f3a v\u00e0 \u0111\u1ed9 ch\u00ednh x\u00e1c trong qu\u00e1 tr\u00ecnh b\u00f4i tr\u01a1n. C\u00f4ng t\u1eafc \u00e1p su\u1ea5t: T\u00f9y ch\u1ecdn v\u00e0 trong tr\u01b0\u1eddng h\u1ee3p \u00e1p su\u1ea5t b\u1ea5t th\u01b0\u1eddng, t\u00edn hi\u1ec7u b\u00e1o \u0111\u1ed9ng s\u1ebd \u0111\u01b0\u1ee3c t\u1ea1o ra. C\u00f4ng t\u1eafc phao: V\u1edbi c\u00f4ng t\u1eafc phao, t\u00edn hi\u1ec7u b\u00e1o \u0111\u1ed9ng s\u1ebd t\u1ef1 \u0111\u1ed9ng \u0111\u01b0\u1ee3c t\u1ea1o ra khi m\u1ee9c d\u1ea7u th\u1ea5p h\u01a1n v\u1ea1ch. B\u1ed9 tri\u1ec7t tia l\u1eeda: \u0110\u01b0\u1ee3c trang b\u1ecb b\u1ed9 tri\u1ec7t tia l\u1eeda b\u00ean trong \u0111\u1ec3 tr\u00e1nh tia l\u1eeda khi d\u00f2ng \u0111i\u1ec7n \u0111ang ch\u1ea1y. N\u00fat th\u1ee7 c\u00f4ng: B\u1ed9 b\u00f4i tr\u01a1n JDL2 n\u00e0y c\u00f3 n\u00fat c\u1ea5p d\u1ea7u v\u1eadn h\u00e0nh th\u1ee7 c\u00f4ng, bu\u1ed9c ph\u1ea3i b\u00f4i tr\u01a1n kh\u00f4ng qu\u00e1 ba ph\u00fat. B\u1ea3o v\u1ec7 nhi\u1ec7t \u0111\u1ed9: N\u1ebfu nhi\u1ec7t \u0111\u1ed9 \u0111\u1ea1t 100\u2103, n\u00f3 s\u1ebd kh\u1edfi \u0111\u1ed9ng c\u1ea3m bi\u1ebfn v\u00e0 d\u1eebng \u0111\u1ed9ng c\u01a1 ch\u1ea1y trong kho\u1ea3ng 5 ph\u00fat.<\/p>\n<h2>\u0110\u1eb7c \u0111i\u1ec3m k\u1ef9 thu\u1eadt<\/h2>\n<table>\n<tbody>\n<tr>\n<td>Ng\u01b0\u1eddi m\u1eabu<\/td>\n<td>JDL2<\/td>\n<\/tr>\n<tr>\n<td>B\u1ed9 \u0111\u1ebfm th\u1eddi gian<\/td>\n<td>B\u1ed9 \u0111i\u1ec1u khi\u1ec3n PLC<\/td>\n<\/tr>\n<tr>\n<td>Nhi\u1ec7t \u0111\u1ed9 ho\u1ea1t \u0111\u1ed9ng<\/td>\n<td>0~+50\u00b0C<\/td>\n<\/tr>\n<tr>\n<td>S\u1ed1 l\u01b0\u1ee3ng c\u1eeda h\u00e0ng<\/td>\n<td>1<\/td>\n<\/tr>\n<tr>\n<td>S\u1ee9c ch\u1ee9a h\u1ed3 ch\u1ee9a<\/td>\n<td>2L, 3L, 4L (b\u1ed3n kim lo\u1ea1i ho\u1eb7c nh\u1ef1a), 8L (b\u1ed3n kim lo\u1ea1i)<\/td>\n<\/tr>\n<tr>\n<td>N\u1ea1p l\u1ea1i<\/td>\n<td>T\u1eeb tr\u00ean xu\u1ed1ng<\/td>\n<\/tr>\n<tr>\n<td>Ch\u1ea5t b\u00f4i tr\u01a1n<\/td>\n<td>32-68cSt@40\u2103<\/td>\n<\/tr>\n<tr>\n<td>C\u00f4ng su\u1ea5t \u0111\u1ed9ng c\u01a1<\/td>\n<td>30W<\/td>\n<\/tr>\n<tr>\n<td>Ph\u00f3ng \u0111i\u1ec7n<\/td>\n<td>150mL\/ph\u00fat<\/td>\n<\/tr>\n<tr>\n<td>\u00c1p su\u1ea5t v\u1eadn h\u00e0nh t\u1ed1i \u0111a<\/td>\n<td>1,5MPa<\/td>\n<\/tr>\n<tr>\n<td>Ch\u1ee7 \u0111\u1ec1 k\u1ebft n\u1ed1i<\/td>\n<td>\u0110\u1ea7u ra \u03a66<\/td>\n<\/tr>\n<tr>\n<td>\u0110i\u1ec7n \u00e1p ho\u1ea1t \u0111\u1ed9ng<\/td>\n<td>110VAC, 220VAC<\/td>\n<\/tr>\n<tr>\n<td>Ch\u1ee9ng nh\u1eadn<\/td>\n<td>Ti\u00eau chu\u1ea9n<\/td>\n<\/tr>\n<tr>\n<td>V\u1ecb tr\u00ed l\u1eafp \u0111\u1eb7t<\/td>\n<td>th\u1eb3ng \u0111\u1ee9ng<\/td>\n<\/tr>\n<\/tbody>\n<\/table>\n<h2>\u1ee8ng d\u1ee5ng<\/h2>\n<p>M\u00e1y c\u00f4ng c\u1ee5 ch\u00ednh x\u00e1c: M\u00e1y b\u00f4i tr\u01a1n JDL2 \u0111\u01b0\u1ee3c \u1ee9ng d\u1ee5ng r\u1ed9ng r\u00e3i trong m\u00e1y c\u00f4ng c\u1ee5 CNC. N\u00f3 c\u00f3 th\u1ec3 \u0111\u1ea3m b\u1ea3o b\u00f4i tr\u01a1n c\u00e1c b\u1ed9 ph\u1eadn ch\u00ednh x\u00e1c m\u1ed9t c\u00e1ch ch\u00ednh x\u00e1c. D\u00e2y chuy\u1ec1n s\u1ea3n xu\u1ea5t t\u1ef1 \u0111\u1ed9ng: \u00c1p d\u1ee5ng cho d\u00e2y chuy\u1ec1n s\u1ea3n xu\u1ea5t t\u1ef1 \u0111\u1ed9ng v\u00e0 \u0111\u01b0\u1ee3c \u0111i\u1ec1u khi\u1ec3n th\u00f4ng qua PLC \u0111\u1ec3 th\u1ef1c hi\u1ec7n b\u00f4i tr\u01a1n t\u1ef1 \u0111\u1ed9ng. M\u00e1y gia c\u00f4ng: \u0110\u1ed1i v\u1edbi nhi\u1ec1u lo\u1ea1i m\u00e1y gia c\u00f4ng, bao g\u1ed3m m\u00e1y phay, m\u00e1y ti\u1ec7n v\u00e0 m\u00e1y khoan, cung c\u1ea5p kh\u1ea3 n\u0103ng b\u00f4i tr\u01a1n \u1ed5n \u0111\u1ecbnh. M\u00e1y in: M\u00e1y b\u00f4i tr\u01a1n JDL2 c\u00f3 th\u1ec3 cung c\u1ea5p kh\u1ea3 n\u0103ng b\u00f4i tr\u01a1n li\u00ean t\u1ee5c cho m\u00e1y in.<\/p>\n<h2>H\u01b0\u1edbng d\u1eabn s\u1eed d\u1ee5ng<\/h2>\n<div class=\"sdm_download_button_box_default\"><div class=\"sdm_download_link\"><a href=\"https:\/\/www.jinpinlub.com\/vi\/?sdm_process_download=1&download_id=3010\" class=\"sdm_download white\" title=\"Ri\u00eang t\u01b0: JDL2 Resistance Pump\" target=\"&quot;_blank&quot;\">Xem B\u1ea3ng d\u1eef li\u1ec7u - B\u01a1m JDL2<\/a><\/div><\/div>","protected":false},"excerpt":{"rendered":"<p>M\u00e1y b\u00f4i tr\u01a1n d\u1ea7u \u0111i\u1ec7n lo\u1ea1i \u0111i\u1ec7n tr\u1edf Jinpinlub JDL2 l\u00e0 thi\u1ebft b\u1ecb b\u00f4i tr\u01a1n hi\u1ec7u su\u1ea5t cao ph\u00f9 h\u1ee3p v\u1edbi nhi\u1ec1u \u1ee9ng d\u1ee5ng c\u00f4ng nghi\u1ec7p kh\u00e1c nhau. \u0110\u01b0\u1ee3c d\u1eabn \u0111\u1ed9ng b\u1eb1ng b\u01a1m b\u00e1nh r\u0103ng c\u1ee7a \u0111\u1ed9ng c\u01a1 \u0111i\u1ec7n v\u00e0 c\u00f3 ch\u1ebf \u0111\u1ed9 b\u1ea3o v\u1ec7 ki\u1ec3m so\u00e1t \u00e1p su\u1ea5t v\u00e0 nhi\u1ec7t \u0111\u1ed9, \u1ed5n \u0111\u1ecbnh v\u00e0 b\u1ec1n b\u1ec9.<\/p>","protected":false},"featured_media":3505,"template":"","meta":{"ocean_post_layout":"","ocean_both_sidebars_style":"","ocean_both_sidebars_content_width":0,"ocean_both_sidebars_sidebars_width":0,"ocean_sidebar":"0","ocean_second_sidebar":"0","ocean_disable_margins":"enable","ocean_add_body_class":"","ocean_shortcode_before_top_bar":"","ocean_shortcode_after_top_bar":"","ocean_shortcode_before_header":"","ocean_shortcode_after_header":"","ocean_has_shortcode":"","ocean_shortcode_after_title":"","ocean_shortcode_before_footer_widgets":"","ocean_shortcode_after_footer_widgets":"","ocean_shortcode_before_footer_bottom":"","ocean_shortcode_after_footer_bottom":"","ocean_display_top_bar":"default","ocean_display_header":"default","ocean_header_style":"","ocean_center_header_left_menu":"0","ocean_custom_header_template":"0","ocean_custom_logo":0,"ocean_custom_retina_logo":0,"ocean_custom_logo_max_width":0,"ocean_custom_logo_tablet_max_width":0,"ocean_custom_logo_mobile_max_width":0,"ocean_custom_logo_max_height":0,"ocean_custom_logo_tablet_max_height":0,"ocean_custom_logo_mobile_max_height":0,"ocean_header_custom_menu":"0","ocean_menu_typo_font_family":"0","ocean_menu_typo_font_subset":"","ocean_menu_typo_font_size":0,"ocean_menu_typo_font_size_tablet":0,"ocean_menu_typo_font_size_mobile":0,"ocean_menu_typo_font_size_unit":"px","ocean_menu_typo_font_weight":"","ocean_menu_typo_font_weight_tablet":"","ocean_menu_typo_font_weight_mobile":"","ocean_menu_typo_transform":"","ocean_menu_typo_transform_tablet":"","ocean_menu_typo_transform_mobile":"","ocean_menu_typo_line_height":0,"ocean_menu_typo_line_height_tablet":0,"ocean_menu_typo_line_height_mobile":0,"ocean_menu_typo_line_height_unit":"","ocean_menu_typo_spacing":0,"ocean_menu_typo_spacing_tablet":0,"ocean_menu_typo_spacing_mobile":0,"ocean_menu_typo_spacing_unit":"","ocean_menu_link_color":"","ocean_menu_link_color_hover":"","ocean_menu_link_color_active":"","ocean_menu_link_background":"","ocean_menu_link_hover_background":"","ocean_menu_link_active_background":"","ocean_menu_social_links_bg":"","ocean_menu_social_hover_links_bg":"","ocean_menu_social_links_color":"","ocean_menu_social_hover_links_color":"","ocean_disable_title":"default","ocean_disable_heading":"default","ocean_post_title":"","ocean_post_subheading":"","ocean_post_title_style":"","ocean_post_title_background_color":"","ocean_post_title_background":0,"ocean_post_title_bg_image_position":"","ocean_post_title_bg_image_attachment":"","ocean_post_title_bg_image_repeat":"","ocean_post_title_bg_image_size":"","ocean_post_title_height":0,"ocean_post_title_bg_overlay":0.5,"ocean_post_title_bg_overlay_color":"","ocean_disable_breadcrumbs":"default","ocean_breadcrumbs_color":"","ocean_breadcrumbs_separator_color":"","ocean_breadcrumbs_links_color":"","ocean_breadcrumbs_links_hover_color":"","ocean_display_footer_widgets":"default","ocean_display_footer_bottom":"default","ocean_custom_footer_template":"0","osh_disable_topbar_sticky":"default","osh_disable_header_sticky":"default","osh_sticky_header_style":"default","osh_sticky_header_effect":"","osh_custom_sticky_logo":0,"osh_custom_retina_sticky_logo":0,"osh_custom_sticky_logo_height":0,"osh_background_color":"","osh_links_color":"","osh_links_hover_color":"","osh_links_active_color":"","osh_links_bg_color":"","osh_links_hover_bg_color":"","osh_links_active_bg_color":"","osh_menu_social_links_color":"","osh_menu_social_hover_links_color":""},"product_brand":[],"product_cat":[51,50],"product_tag":[283,282,111],"class_list":{"0":"post-3552","1":"product","2":"type-product","3":"status-publish","4":"has-post-thumbnail","6":"product_cat-electric-resistance-pumps","7":"product_cat-resistance-thin-oil-systems","8":"product_tag-electric-lubricator","9":"product_tag-gear-lubricator","10":"product_tag-oil-lubrication-pump","12":"entry","13":"has-media","15":"first","16":"instock","17":"shipping-taxable","18":"product-type-external","19":"col","20":"span_1_of_3","21":"owp-content-center","22":"owp-thumbs-layout-horizontal","23":"owp-btn-very-big","24":"owp-tabs-layout-horizontal"},"_links":{"self":[{"href":"https:\/\/www.jinpinlub.com\/vi\/wp-json\/wp\/v2\/product\/3552","targetHints":{"allow":["GET"]}}],"collection":[{"href":"https:\/\/www.jinpinlub.com\/vi\/wp-json\/wp\/v2\/product"}],"about":[{"href":"https:\/\/www.jinpinlub.com\/vi\/wp-json\/wp\/v2\/types\/product"}],"wp:featuredmedia":[{"embeddable":true,"href":"https:\/\/www.jinpinlub.com\/vi\/wp-json\/wp\/v2\/media\/3505"}],"wp:attachment":[{"href":"https:\/\/www.jinpinlub.com\/vi\/wp-json\/wp\/v2\/media?parent=3552"}],"wp:term":[{"taxonomy":"product_brand","embeddable":true,"href":"https:\/\/www.jinpinlub.com\/vi\/wp-json\/wp\/v2\/product_brand?post=3552"},{"taxonomy":"product_cat","embeddable":true,"href":"https:\/\/www.jinpinlub.com\/vi\/wp-json\/wp\/v2\/product_cat?post=3552"},{"taxonomy":"product_tag","embeddable":true,"href":"https:\/\/www.jinpinlub.com\/vi\/wp-json\/wp\/v2\/product_tag?post=3552"}],"curies":[{"name":"wp","href":"https:\/\/api.w.org\/{rel}","templated":true}]}}