{"id":3554,"date":"2024-08-30T08:34:26","date_gmt":"2024-08-30T00:34:26","guid":{"rendered":"https:\/\/www.jinpinlub.com\/?post_type=product&#038;p=3554"},"modified":"2024-08-30T08:36:31","modified_gmt":"2024-08-30T00:36:31","slug":"may-boi-tron-phun-dich-chuyen-tich-cuc-dien-jdl3","status":"publish","type":"product","link":"https:\/\/www.jinpinlub.com\/vi\/product\/jdl3-electric-positive-displacement-injection-lubricator\/","title":{"rendered":"M\u00e1y b\u00f4i tr\u01a1n phun d\u1ecbch chuy\u1ec3n t\u00edch c\u1ef1c \u0111i\u1ec7n JDL3"},"content":{"rendered":"<h2>\u0110\u1eb7c tr\u01b0ng<\/h2>\n<p><span id=\"input-sentence~0\">Ki\u1ec3m so\u00e1t ch\u01b0\u01a1ng tr\u00ecnh: B\u01a1m b\u00f4i tr\u01a1n JDL3 \u0111\u01b0\u1ee3c trang b\u1ecb b\u1ed9 h\u1eb9n gi\u1edd \u0111\u1ec3 ki\u1ec3m so\u00e1t th\u1eddi gian ch\u1ea1y v\u00e0 th\u1eddi gian ng\u1eaft qu\u00e3ng. Th\u1eddi gian ch\u1ea1y c\u00f3 th\u1ec3 \u0111\u01b0\u1ee3c thi\u1ebft l\u1eadp l\u00e0 1-9999 gi\u00e2y v\u00e0 th\u1eddi gian ng\u1eaft qu\u00e3ng c\u00f3 th\u1ec3 \u0111\u01b0\u1ee3c thi\u1ebft l\u1eadp l\u00e0 1-9999 ph\u00fat.<br \/>\nB\u1ea3o v\u1ec7 an to\u00e0n: \u0110\u01b0\u1ee3c trang b\u1ecb van x\u1ea3 \u0111\u1ec3 ng\u0103n b\u01a1m b\u00f4i tr\u01a1n qu\u00e1 t\u1ea3i \u00e1p su\u1ea5t l\u00e0m vi\u1ec7c v\u00e0 \u0111\u01b0\u1ee3c trang b\u1ecb c\u1ea7u ch\u00ec qu\u00e1 t\u1ea3i d\u00f2ng \u0111i\u1ec7n.<\/span><span id=\"input-sentence~1\"><br \/>\nB\u00e1o \u0111\u1ed9ng m\u1ee9c d\u1ea7u th\u1ea5p: B\u01a1m b\u00f4i tr\u01a1n \u0111\u01b0\u1ee3c trang b\u1ecb c\u00f4ng t\u1eafc m\u1ee9c d\u1ea7u th\u1ea5p c\u00f3 th\u1ec3 \u0111\u01b0a ra t\u00edn hi\u1ec7u m\u1ee9c d\u1ea7u th\u1ea5p.<br \/>\nB\u1ea3o v\u1ec7 \u0111\u1ed9ng c\u01a1: \u0110\u1ed9ng c\u01a1 b\u01a1m b\u00f4i tr\u01a1n JDL3 \u0111\u01b0\u1ee3c trang b\u1ecb b\u1ed9 b\u1ea3o v\u1ec7 qu\u00e1 nhi\u1ec7t \u0111\u1ec3 ng\u0103n \u0111\u1ed9ng c\u01a1 qu\u00e1 nhi\u1ec7t.<\/span><span id=\"input-sentence~2\"><br \/>\nTheo d\u00f5i \u00e1p su\u1ea5t: C\u00f4ng t\u1eafc \u00e1p su\u1ea5t t\u00f9y ch\u1ecdn theo d\u00f5i t\u00ecnh tr\u1ea1ng v\u1ee1 v\u00e0 m\u1ea5t \u00e1p su\u1ea5t c\u1ee7a \u0111\u01b0\u1eddng \u1ed1ng d\u1ea7u ch\u00ednh c\u1ee7a h\u1ec7 th\u1ed1ng b\u00f4i tr\u01a1n.<\/span><\/p>\n<h2>\u0110\u1eb7c \u0111i\u1ec3m k\u1ef9 thu\u1eadt<\/h2>\n<table>\n<tbody>\n<tr>\n<td>Ng\u01b0\u1eddi m\u1eabu<\/td>\n<td>JDL3<\/td>\n<\/tr>\n<tr>\n<td>Th\u1eddi gian b\u00f4i tr\u01a1n<\/td>\n<td>1-999 ph\u00fat<\/td>\n<\/tr>\n<tr>\n<td>Kho\u1ea3ng th\u1eddi gian<\/td>\n<td>1-999 ph\u00fat<\/td>\n<\/tr>\n<tr>\n<td>Nhi\u1ec7t \u0111\u1ed9 ho\u1ea1t \u0111\u1ed9ng<\/td>\n<td>0~+50\u00b0C<\/td>\n<\/tr>\n<tr>\n<td>S\u1ed1 l\u01b0\u1ee3ng c\u1eeda h\u00e0ng<\/td>\n<td>1<\/td>\n<\/tr>\n<tr>\n<td>S\u1ee9c ch\u1ee9a h\u1ed3 ch\u1ee9a<\/td>\n<td>2L, 3L, 4L (b\u1ed3n kim lo\u1ea1i ho\u1eb7c nh\u1ef1a), 8L (b\u1ed3n kim lo\u1ea1i)<\/td>\n<\/tr>\n<tr>\n<td>N\u1ea1p l\u1ea1i<\/td>\n<td>T\u1eeb tr\u00ean xu\u1ed1ng<\/td>\n<\/tr>\n<tr>\n<td>Ch\u1ea5t b\u00f4i tr\u01a1n<\/td>\n<td>32-68cSt@40\u2103<\/td>\n<\/tr>\n<tr>\n<td>C\u00f4ng su\u1ea5t \u0111\u1ed9ng c\u01a1<\/td>\n<td>30W<\/td>\n<\/tr>\n<tr>\n<td>Ph\u00f3ng \u0111i\u1ec7n<\/td>\n<td>150mL\/ph\u00fat<\/td>\n<\/tr>\n<tr>\n<td>\u00c1p su\u1ea5t v\u1eadn h\u00e0nh t\u1ed1i \u0111a<\/td>\n<td>1,8MPa<\/td>\n<\/tr>\n<tr>\n<td>Ch\u1ee7 \u0111\u1ec1 k\u1ebft n\u1ed1i<\/td>\n<td>\u0110\u1ea7u ra \u03a66<\/td>\n<\/tr>\n<tr>\n<td>\u0110i\u1ec7n \u00e1p ho\u1ea1t \u0111\u1ed9ng<\/td>\n<td>110VAC, 220VAC<\/td>\n<\/tr>\n<tr>\n<td>Ch\u1ee9ng nh\u1eadn<\/td>\n<td>Ti\u00eau chu\u1ea9n<\/td>\n<\/tr>\n<tr>\n<td>C\u00f4ng t\u1eafc m\u1ee9c th\u1ea5p<\/td>\n<td>Li\u00ean h\u1ec7 NC<\/td>\n<\/tr>\n<\/tbody>\n<\/table>\n<h2>\u1ee8ng d\u1ee5ng<\/h2>\n<p><span id=\"input-sentence~2\">Thi\u1ebft b\u1ecb ch\u1ebf bi\u1ebfn th\u1ef1c ph\u1ea9m: Trong qu\u00e1 tr\u00ecnh ch\u1ebf bi\u1ebfn th\u1ef1c ph\u1ea9m, h\u1ec7 th\u1ed1ng b\u00f4i tr\u01a1n c\u1ea7n ph\u1ea3i \u0111\u01b0\u1ee3c duy tr\u00ec hi\u1ec7u qu\u1ea3 v\u00e0 s\u1ea1ch s\u1ebd, v\u00e0 b\u01a1m b\u00f4i tr\u01a1n JDL3 c\u00f3 th\u1ec3 \u0111\u00e1p \u1ee9ng \u0111\u01b0\u1ee3c \u0111i\u1ec1u n\u00e0y.<\/span><span id=\"input-sentence~3\"><br \/>\nM\u00e1y \u0111\u00f3ng g\u00f3i: Ho\u1ea1t \u0111\u1ed9ng t\u1ea7n su\u1ea5t cao c\u1ee7a m\u00e1y \u0111\u00f3ng g\u00f3i \u0111\u00f2i h\u1ecfi h\u1ec7 th\u1ed1ng b\u00f4i tr\u01a1n \u0111\u00e1ng tin c\u1eady v\u00e0 b\u01a1m b\u00f4i tr\u01a1n JDL3 c\u00f3 th\u1ec3 cung c\u1ea5p kh\u1ea3 n\u0103ng b\u00f4i tr\u01a1n \u1ed5n \u0111\u1ecbnh.<br \/>\nM\u00e1y l\u00e0m gi\u1ea5y: Qu\u00e1 tr\u00ecnh s\u1ea3n xu\u1ea5t li\u00ean t\u1ee5c c\u1ee7a m\u00e1y l\u00e0m gi\u1ea5y c\u00f3 y\u00eau c\u1ea7u r\u1ea5t cao v\u1ec1 h\u1ec7 th\u1ed1ng b\u00f4i tr\u01a1n v\u00e0 b\u01a1m b\u00f4i tr\u01a1n JDL3 c\u00f3 th\u1ec3 cung c\u1ea5p kh\u1ea3 n\u0103ng b\u00f4i tr\u01a1n ch\u00ednh x\u00e1c.<\/span><\/p>\n<h2>H\u01b0\u1edbng d\u1eabn s\u1eed d\u1ee5ng<\/h2>\n<div class=\"sdm_download_button_box_default\"><div class=\"sdm_download_link\"><a href=\"https:\/\/www.jinpinlub.com\/vi\/?sdm_process_download=1&download_id=3015\" class=\"sdm_download white\" title=\"Ri\u00eang t\u01b0: JDL3 Volumetric Oil Pump\" target=\"&quot;_blank&quot;\">Xem B\u1ea3ng d\u1eef li\u1ec7u - B\u01a1m JDL3<\/a><\/div><\/div>","protected":false},"excerpt":{"rendered":"<p>B\u01a1m b\u00f4i tr\u01a1n d\u1ea7u \u0111\u1ed9ng c\u01a1 \u0111i\u1ec7n Jinpinlub JDL3 l\u00e0 thi\u1ebft b\u1ecb b\u00f4i tr\u01a1n hi\u1ec7u qu\u1ea3 v\u00e0 \u0111\u00e1ng tin c\u1eady. \u0110\u00e2y l\u00e0 b\u01a1m b\u00f4i tr\u01a1n b\u00e1nh r\u0103ng d\u1ecbch chuy\u1ec3n t\u00edch c\u1ef1c c\u00f3 b\u1ed9 h\u1eb9n gi\u1edd b\u00f4i tr\u01a1n v\u00e0 kho\u1ea3ng th\u1eddi gian c\u00f3 th\u1ec3 c\u00e0i \u0111\u1eb7t, \u0111\u01b0\u1ee3c s\u1eed d\u1ee5ng r\u1ed9ng r\u00e3i trong nhi\u1ec1u lo\u1ea1i m\u00e1y m\u00f3c v\u00e0 thi\u1ebft b\u1ecb c\u00f4ng nghi\u1ec7p.<\/p>","protected":false},"featured_media":3513,"template":"","meta":{"ocean_post_layout":"","ocean_both_sidebars_style":"","ocean_both_sidebars_content_width":0,"ocean_both_sidebars_sidebars_width":0,"ocean_sidebar":"0","ocean_second_sidebar":"0","ocean_disable_margins":"enable","ocean_add_body_class":"","ocean_shortcode_before_top_bar":"","ocean_shortcode_after_top_bar":"","ocean_shortcode_before_header":"","ocean_shortcode_after_header":"","ocean_has_shortcode":"","ocean_shortcode_after_title":"","ocean_shortcode_before_footer_widgets":"","ocean_shortcode_after_footer_widgets":"","ocean_shortcode_before_footer_bottom":"","ocean_shortcode_after_footer_bottom":"","ocean_display_top_bar":"default","ocean_display_header":"default","ocean_header_style":"","ocean_center_header_left_menu":"0","ocean_custom_header_template":"0","ocean_custom_logo":0,"ocean_custom_retina_logo":0,"ocean_custom_logo_max_width":0,"ocean_custom_logo_tablet_max_width":0,"ocean_custom_logo_mobile_max_width":0,"ocean_custom_logo_max_height":0,"ocean_custom_logo_tablet_max_height":0,"ocean_custom_logo_mobile_max_height":0,"ocean_header_custom_menu":"0","ocean_menu_typo_font_family":"0","ocean_menu_typo_font_subset":"","ocean_menu_typo_font_size":0,"ocean_menu_typo_font_size_tablet":0,"ocean_menu_typo_font_size_mobile":0,"ocean_menu_typo_font_size_unit":"px","ocean_menu_typo_font_weight":"","ocean_menu_typo_font_weight_tablet":"","ocean_menu_typo_font_weight_mobile":"","ocean_menu_typo_transform":"","ocean_menu_typo_transform_tablet":"","ocean_menu_typo_transform_mobile":"","ocean_menu_typo_line_height":0,"ocean_menu_typo_line_height_tablet":0,"ocean_menu_typo_line_height_mobile":0,"ocean_menu_typo_line_height_unit":"","ocean_menu_typo_spacing":0,"ocean_menu_typo_spacing_tablet":0,"ocean_menu_typo_spacing_mobile":0,"ocean_menu_typo_spacing_unit":"","ocean_menu_link_color":"","ocean_menu_link_color_hover":"","ocean_menu_link_color_active":"","ocean_menu_link_background":"","ocean_menu_link_hover_background":"","ocean_menu_link_active_background":"","ocean_menu_social_links_bg":"","ocean_menu_social_hover_links_bg":"","ocean_menu_social_links_color":"","ocean_menu_social_hover_links_color":"","ocean_disable_title":"default","ocean_disable_heading":"default","ocean_post_title":"","ocean_post_subheading":"","ocean_post_title_style":"","ocean_post_title_background_color":"","ocean_post_title_background":0,"ocean_post_title_bg_image_position":"","ocean_post_title_bg_image_attachment":"","ocean_post_title_bg_image_repeat":"","ocean_post_title_bg_image_size":"","ocean_post_title_height":0,"ocean_post_title_bg_overlay":0.5,"ocean_post_title_bg_overlay_color":"","ocean_disable_breadcrumbs":"default","ocean_breadcrumbs_color":"","ocean_breadcrumbs_separator_color":"","ocean_breadcrumbs_links_color":"","ocean_breadcrumbs_links_hover_color":"","ocean_display_footer_widgets":"default","ocean_display_footer_bottom":"default","ocean_custom_footer_template":"0","osh_disable_topbar_sticky":"default","osh_disable_header_sticky":"default","osh_sticky_header_style":"default","osh_sticky_header_effect":"","osh_custom_sticky_logo":0,"osh_custom_retina_sticky_logo":0,"osh_custom_sticky_logo_height":0,"osh_background_color":"","osh_links_color":"","osh_links_hover_color":"","osh_links_active_color":"","osh_links_bg_color":"","osh_links_hover_bg_color":"","osh_links_active_bg_color":"","osh_menu_social_links_color":"","osh_menu_social_hover_links_color":""},"product_brand":[],"product_cat":[48,47],"product_tag":[284,285,286],"class_list":{"0":"post-3554","1":"product","2":"type-product","3":"status-publish","4":"has-post-thumbnail","6":"product_cat-electric-volumetric-pumps","7":"product_cat-volumetric-thin-oil-systems","8":"product_tag-electric-oil-lubricator","9":"product_tag-positive-displacement-lubricator","10":"product_tag-volumetric-lubricator","12":"entry","13":"has-media","15":"first","16":"instock","17":"shipping-taxable","18":"product-type-external","19":"col","20":"span_1_of_3","21":"owp-content-center","22":"owp-thumbs-layout-horizontal","23":"owp-btn-very-big","24":"owp-tabs-layout-horizontal"},"_links":{"self":[{"href":"https:\/\/www.jinpinlub.com\/vi\/wp-json\/wp\/v2\/product\/3554","targetHints":{"allow":["GET"]}}],"collection":[{"href":"https:\/\/www.jinpinlub.com\/vi\/wp-json\/wp\/v2\/product"}],"about":[{"href":"https:\/\/www.jinpinlub.com\/vi\/wp-json\/wp\/v2\/types\/product"}],"wp:featuredmedia":[{"embeddable":true,"href":"https:\/\/www.jinpinlub.com\/vi\/wp-json\/wp\/v2\/media\/3513"}],"wp:attachment":[{"href":"https:\/\/www.jinpinlub.com\/vi\/wp-json\/wp\/v2\/media?parent=3554"}],"wp:term":[{"taxonomy":"product_brand","embeddable":true,"href":"https:\/\/www.jinpinlub.com\/vi\/wp-json\/wp\/v2\/product_brand?post=3554"},{"taxonomy":"product_cat","embeddable":true,"href":"https:\/\/www.jinpinlub.com\/vi\/wp-json\/wp\/v2\/product_cat?post=3554"},{"taxonomy":"product_tag","embeddable":true,"href":"https:\/\/www.jinpinlub.com\/vi\/wp-json\/wp\/v2\/product_tag?post=3554"}],"curies":[{"name":"wp","href":"https:\/\/api.w.org\/{rel}","templated":true}]}}