{"id":3555,"date":"2024-08-30T08:36:58","date_gmt":"2024-08-30T00:36:58","guid":{"rendered":"https:\/\/www.jinpinlub.com\/?post_type=product&#038;p=3555"},"modified":"2024-08-30T08:49:52","modified_gmt":"2024-08-30T00:49:52","slug":"bom-banh-rang-dau-mong-jdl4-cho-he-thong-boi-tron-the-tich","status":"publish","type":"product","link":"https:\/\/www.jinpinlub.com\/vi\/product\/jdl4-thin-oil-gear-pump-for-volumetric-lubrication-system\/","title":{"rendered":"B\u01a1m b\u00e1nh r\u0103ng d\u1ea7u m\u1ecfng JDL4 cho h\u1ec7 th\u1ed1ng b\u00f4i tr\u01a1n th\u1ec3 t\u00edch"},"content":{"rendered":"<h2>\u0110\u1eb7c tr\u01b0ng<\/h2>\n<p><span id=\"input-sentence~0\">\u0110i\u1ec1u khi\u1ec3n PLC: b\u01a1m b\u00f4i tr\u01a1n JDL4 \u0111\u01b0\u1ee3c \u0111i\u1ec1u khi\u1ec3n b\u1edfi PLC c\u1ee7a m\u00e1y ch\u1ee7. N\u00f3 c\u00f3 th\u1ec3 c\u00e0i \u0111\u1eb7t th\u1eddi gian ch\u1ea1y v\u00e0 th\u1eddi gian ng\u1eaft qu\u00e3ng ch\u00ednh x\u00e1c \u0111\u1ec3 \u0111\u1ea3m b\u1ea3o \u0111\u1ed9 ch\u00ednh x\u00e1c v\u00e0 t\u00ednh nh\u1ea5t qu\u00e1n c\u1ee7a qu\u00e1 tr\u00ecnh b\u00f4i tr\u01a1n.<br \/>\nB\u1ea3o v\u1ec7 an to\u00e0n: \u0110\u01b0\u1ee3c trang b\u1ecb van an to\u00e0n v\u00e0 thi\u1ebft b\u1ecb b\u1ea3o v\u1ec7 qu\u00e1 t\u1ea3i, c\u00f3 th\u1ec3 ng\u0103n ng\u1eeba \u00e1p su\u1ea5t l\u00e0m vi\u1ec7c qu\u00e1 t\u1ea3i c\u1ee7a b\u01a1m b\u00f4i tr\u01a1n.<\/span><span id=\"input-sentence~1\"><br \/>\nC\u1ea3nh b\u00e1o m\u1ee9c d\u1ea7u th\u1ea5p: D\u00f2ng b\u01a1m JDL4 c\u00f3 ch\u1ee9c n\u0103ng ph\u00e1t t\u00edn hi\u1ec7u c\u1ea3nh b\u00e1o m\u1ee9c d\u1ea7u b\u00f4i tr\u01a1n th\u1ea5p \u0111\u1ec3 nh\u1eafc nh\u1edf ng\u01b0\u1eddi d\u00f9ng b\u1ed5 sung d\u1ea7u b\u00f4i tr\u01a1n k\u1ecbp th\u1eddi.<br \/>\nT\u00f9y ch\u1ecdn \u0111i\u1ec7n \u00e1p: c\u00f3 th\u1ec3 ch\u1ecdn nhi\u1ec1u \u0111i\u1ec7n \u00e1p kh\u00e1c nhau. C\u00f3 nhi\u1ec1u c\u1ea5u h\u00ecnh kh\u00e1c nhau, t\u00f9y theo nhu c\u1ea7u, nh\u01b0 110VAC ho\u1eb7c 220VAC, \u0111\u1ec3 c\u00f3 th\u1ec3 ho\u1ea1t \u0111\u1ed9ng hi\u1ec7u qu\u1ea3 trong m\u00f4i tr\u01b0\u1eddng l\u00e0m vi\u1ec7c.<\/span><\/p>\n<h2>\u0110\u1eb7c \u0111i\u1ec3m k\u1ef9 thu\u1eadt<\/h2>\n<table>\n<tbody>\n<tr>\n<td>B\u1ed9 \u0111\u1ebfm th\u1eddi gian<\/td>\n<td>B\u1ed9 \u0111i\u1ec1u khi\u1ec3n PLC<\/td>\n<\/tr>\n<tr>\n<td>Nhi\u1ec7t \u0111\u1ed9 ho\u1ea1t \u0111\u1ed9ng<\/td>\n<td>0~+50\u00b0C<\/td>\n<\/tr>\n<tr>\n<td>S\u1ed1 l\u01b0\u1ee3ng c\u1eeda h\u00e0ng<\/td>\n<td>1<\/td>\n<\/tr>\n<tr>\n<td>S\u1ee9c ch\u1ee9a h\u1ed3 ch\u1ee9a<\/td>\n<td>2L, 3L, 4L (b\u1ed3n kim lo\u1ea1i ho\u1eb7c nh\u1ef1a), 8L (b\u1ed3n kim lo\u1ea1i)<\/td>\n<\/tr>\n<tr>\n<td>N\u1ea1p l\u1ea1i<\/td>\n<td>T\u1eeb tr\u00ean xu\u1ed1ng<\/td>\n<\/tr>\n<tr>\n<td>Ch\u1ea5t b\u00f4i tr\u01a1n<\/td>\n<td>32-68cSt@40\u2103<\/td>\n<\/tr>\n<tr>\n<td>L\u1edbp b\u1ea3o v\u1ec7<\/td>\n<td>IP54<\/td>\n<\/tr>\n<tr>\n<td>Ph\u00f3ng \u0111i\u1ec7n<\/td>\n<td>150mL\/ph\u00fat<\/td>\n<\/tr>\n<tr>\n<td>\u00c1p su\u1ea5t v\u1eadn h\u00e0nh t\u1ed1i \u0111a<\/td>\n<td>1,8MPa<\/td>\n<\/tr>\n<tr>\n<td>Ch\u1ee7 \u0111\u1ec1 k\u1ebft n\u1ed1i<\/td>\n<td>\u0110\u1ea7u ra \u03a66<\/td>\n<\/tr>\n<tr>\n<td>\u0110i\u1ec7n \u00e1p ho\u1ea1t \u0111\u1ed9ng<\/td>\n<td>110VAC, 220VAC<\/td>\n<\/tr>\n<tr>\n<td>Ch\u1ee9ng nh\u1eadn<\/td>\n<td>Ti\u00eau chu\u1ea9n<\/td>\n<\/tr>\n<tr>\n<td>V\u1ecb tr\u00ed l\u1eafp \u0111\u1eb7t<\/td>\n<td>th\u1eb3ng \u0111\u1ee9ng<\/td>\n<\/tr>\n<\/tbody>\n<\/table>\n<h2>\u1ee8ng d\u1ee5ng<\/h2>\n<p><span id=\"input-sentence~0\">Ki\u1ec3m tra m\u1ee9c d\u1ea7u: M\u1ee9c d\u1ea7u trong b\u00ecnh d\u1ea7u c\u1ee7a b\u01a1m b\u00f4i tr\u01a1n ph\u1ea3i n\u1eb1m trong ph\u1ea1m vi b\u00ecnh th\u01b0\u1eddng.<br \/>\nV\u1ec7 sinh b\u00ecnh d\u1ea7u: B\u00ecnh d\u1ea7u t\u1ea1i b\u01a1m b\u00f4i tr\u01a1n c\u1ea7n \u0111\u01b0\u1ee3c r\u1eeda th\u01b0\u1eddng xuy\u00ean \u0111\u1ec3 tr\u00e1nh t\u00edch t\u1ee5 t\u1ea1p ch\u1ea5t ho\u1eb7c c\u1eb7n b\u1ea9n.<\/span><span id=\"input-sentence~1\"><br \/>\nKi\u1ec3m tra \u0111\u01b0\u1eddng \u1ed1ng: Ki\u1ec3m tra \u0111\u01b0\u1eddng \u1ed1ng c\u1ee7a h\u1ec7 th\u1ed1ng b\u00f4i tr\u01a1n xem c\u00f3 b\u1ecb r\u00f2 r\u1ec9 v\u00e0 t\u1eafc ngh\u1ebdn kh\u00f4ng.<br \/>\nThay th\u1ebf l\u00f5i l\u1ecdc: L\u00f5i l\u1ecdc ph\u1ea3i \u0111\u01b0\u1ee3c thay th\u1ebf theo \u0111i\u1ec1u ki\u1ec7n s\u1eed d\u1ee5ng \u0111\u1ec3 d\u1ea7u b\u00f4i tr\u01a1n lu\u00f4n s\u1ea1ch.<br \/>\nKi\u1ec3m tra b\u01a1m b\u00f4i tr\u01a1n \u0111\u00e3 \u0111\u01b0\u1ee3c k\u1ebft n\u1ed1i \u0111i\u1ec7n, kh\u00f4ng b\u1ecb l\u1ecfng.<br \/>\nThi\u1ebft b\u1ecb an to\u00e0n: ki\u1ec3m tra van an to\u00e0n v\u00e0 thi\u1ebft b\u1ecb b\u1ea3o v\u1ec7 qu\u00e1 t\u1ea3i th\u01b0\u1eddng xuy\u00ean.<\/span><\/p>\n<h2>H\u01b0\u1edbng d\u1eabn s\u1eed d\u1ee5ng<\/h2>\n<div class=\"sdm_download_button_box_default\"><div class=\"sdm_download_link\"><a href=\"https:\/\/www.jinpinlub.com\/vi\/?sdm_process_download=1&download_id=2466\" class=\"sdm_download white\" title=\"Ri\u00eang t\u01b0: JDL4 Volumetric Pump\" target=\"&quot;_blank&quot;\">Xem Datasheet - B\u01a1m JDL4<\/a><\/div><\/div>","protected":false},"excerpt":{"rendered":"<p>JDL4 l\u00e0 b\u01a1m b\u00f4i tr\u01a1n d\u1ea7u b\u00e1nh r\u0103ng \u0111\u01b0\u1ee3c d\u1eabn \u0111\u1ed9ng b\u1eb1ng \u0111\u1ed9ng c\u01a1 \u0111i\u1ec7n. Th\u1eddi gian b\u00f4i tr\u01a1n v\u00e0 kho\u1ea3ng th\u1eddi gian b\u00f4i tr\u01a1n c\u1ee7a b\u01a1m b\u00f4i tr\u01a1n t\u1ef1 \u0111\u1ed9ng n\u00e0y \u0111\u01b0\u1ee3c \u0111i\u1ec1u khi\u1ec3n b\u1edfi PLC c\u1ee7a m\u00e1y ch\u1ee7. \u0110\u00e2y l\u00e0 b\u01a1m phun d\u1ecbch chuy\u1ec3n t\u00edch c\u1ef1c v\u00e0 c\u1ea7n \u0111\u01b0\u1ee3c s\u1eed d\u1ee5ng v\u1edbi kim phun th\u1ec3 t\u00edch.<\/p>","protected":false},"featured_media":3521,"template":"","meta":{"ocean_post_layout":"","ocean_both_sidebars_style":"","ocean_both_sidebars_content_width":0,"ocean_both_sidebars_sidebars_width":0,"ocean_sidebar":"0","ocean_second_sidebar":"0","ocean_disable_margins":"enable","ocean_add_body_class":"","ocean_shortcode_before_top_bar":"","ocean_shortcode_after_top_bar":"","ocean_shortcode_before_header":"","ocean_shortcode_after_header":"","ocean_has_shortcode":"","ocean_shortcode_after_title":"","ocean_shortcode_before_footer_widgets":"","ocean_shortcode_after_footer_widgets":"","ocean_shortcode_before_footer_bottom":"","ocean_shortcode_after_footer_bottom":"","ocean_display_top_bar":"default","ocean_display_header":"default","ocean_header_style":"","ocean_center_header_left_menu":"0","ocean_custom_header_template":"0","ocean_custom_logo":0,"ocean_custom_retina_logo":0,"ocean_custom_logo_max_width":0,"ocean_custom_logo_tablet_max_width":0,"ocean_custom_logo_mobile_max_width":0,"ocean_custom_logo_max_height":0,"ocean_custom_logo_tablet_max_height":0,"ocean_custom_logo_mobile_max_height":0,"ocean_header_custom_menu":"0","ocean_menu_typo_font_family":"0","ocean_menu_typo_font_subset":"","ocean_menu_typo_font_size":0,"ocean_menu_typo_font_size_tablet":0,"ocean_menu_typo_font_size_mobile":0,"ocean_menu_typo_font_size_unit":"px","ocean_menu_typo_font_weight":"","ocean_menu_typo_font_weight_tablet":"","ocean_menu_typo_font_weight_mobile":"","ocean_menu_typo_transform":"","ocean_menu_typo_transform_tablet":"","ocean_menu_typo_transform_mobile":"","ocean_menu_typo_line_height":0,"ocean_menu_typo_line_height_tablet":0,"ocean_menu_typo_line_height_mobile":0,"ocean_menu_typo_line_height_unit":"","ocean_menu_typo_spacing":0,"ocean_menu_typo_spacing_tablet":0,"ocean_menu_typo_spacing_mobile":0,"ocean_menu_typo_spacing_unit":"","ocean_menu_link_color":"","ocean_menu_link_color_hover":"","ocean_menu_link_color_active":"","ocean_menu_link_background":"","ocean_menu_link_hover_background":"","ocean_menu_link_active_background":"","ocean_menu_social_links_bg":"","ocean_menu_social_hover_links_bg":"","ocean_menu_social_links_color":"","ocean_menu_social_hover_links_color":"","ocean_disable_title":"default","ocean_disable_heading":"default","ocean_post_title":"","ocean_post_subheading":"","ocean_post_title_style":"","ocean_post_title_background_color":"","ocean_post_title_background":0,"ocean_post_title_bg_image_position":"","ocean_post_title_bg_image_attachment":"","ocean_post_title_bg_image_repeat":"","ocean_post_title_bg_image_size":"","ocean_post_title_height":0,"ocean_post_title_bg_overlay":0.5,"ocean_post_title_bg_overlay_color":"","ocean_disable_breadcrumbs":"default","ocean_breadcrumbs_color":"","ocean_breadcrumbs_separator_color":"","ocean_breadcrumbs_links_color":"","ocean_breadcrumbs_links_hover_color":"","ocean_display_footer_widgets":"default","ocean_display_footer_bottom":"default","ocean_custom_footer_template":"0","osh_disable_topbar_sticky":"default","osh_disable_header_sticky":"default","osh_sticky_header_style":"default","osh_sticky_header_effect":"","osh_custom_sticky_logo":0,"osh_custom_retina_sticky_logo":0,"osh_custom_sticky_logo_height":0,"osh_background_color":"","osh_links_color":"","osh_links_hover_color":"","osh_links_active_color":"","osh_links_bg_color":"","osh_links_hover_bg_color":"","osh_links_active_bg_color":"","osh_menu_social_links_color":"","osh_menu_social_hover_links_color":""},"product_brand":[],"product_cat":[48,47],"product_tag":[111,114,287],"class_list":{"0":"post-3555","1":"product","2":"type-product","3":"status-publish","4":"has-post-thumbnail","6":"product_cat-electric-volumetric-pumps","7":"product_cat-volumetric-thin-oil-systems","8":"product_tag-oil-lubrication-pump","9":"product_tag-oil-lubrication-system","10":"product_tag-pressure-relief-oil-pump","12":"entry","13":"has-media","15":"first","16":"instock","17":"shipping-taxable","18":"product-type-external","19":"col","20":"span_1_of_3","21":"owp-content-center","22":"owp-thumbs-layout-horizontal","23":"owp-btn-very-big","24":"owp-tabs-layout-horizontal"},"_links":{"self":[{"href":"https:\/\/www.jinpinlub.com\/vi\/wp-json\/wp\/v2\/product\/3555","targetHints":{"allow":["GET"]}}],"collection":[{"href":"https:\/\/www.jinpinlub.com\/vi\/wp-json\/wp\/v2\/product"}],"about":[{"href":"https:\/\/www.jinpinlub.com\/vi\/wp-json\/wp\/v2\/types\/product"}],"wp:featuredmedia":[{"embeddable":true,"href":"https:\/\/www.jinpinlub.com\/vi\/wp-json\/wp\/v2\/media\/3521"}],"wp:attachment":[{"href":"https:\/\/www.jinpinlub.com\/vi\/wp-json\/wp\/v2\/media?parent=3555"}],"wp:term":[{"taxonomy":"product_brand","embeddable":true,"href":"https:\/\/www.jinpinlub.com\/vi\/wp-json\/wp\/v2\/product_brand?post=3555"},{"taxonomy":"product_cat","embeddable":true,"href":"https:\/\/www.jinpinlub.com\/vi\/wp-json\/wp\/v2\/product_cat?post=3555"},{"taxonomy":"product_tag","embeddable":true,"href":"https:\/\/www.jinpinlub.com\/vi\/wp-json\/wp\/v2\/product_tag?post=3555"}],"curies":[{"name":"wp","href":"https:\/\/api.w.org\/{rel}","templated":true}]}}