{"id":3556,"date":"2024-08-30T08:42:52","date_gmt":"2024-08-30T00:42:52","guid":{"rendered":"https:\/\/www.jinpinlub.com\/?post_type=product&#038;p=3556"},"modified":"2024-08-30T08:44:59","modified_gmt":"2024-08-30T00:44:59","slug":"bom-boi-tron-dau-dien-jdl1-4-dien-tro-co-hen-gio","status":"publish","type":"product","link":"https:\/\/www.jinpinlub.com\/vi\/product\/jdl1-4-resistance-electric-oil-lubrication-pump-with-timer\/","title":{"rendered":"B\u01a1m b\u00f4i tr\u01a1n d\u1ea7u \u0111i\u1ec7n tr\u1edf JDL1-4 c\u00f3 h\u1eb9n gi\u1edd"},"content":{"rendered":"<h2>\u0110\u1eb7c tr\u01b0ng<\/h2>\n<p><span id=\"input-sentence~0\">M\u00e0n h\u00ecnh k\u1ef9 thu\u1eadt s\u1ed1: B\u01a1m b\u00f4i tr\u01a1n JDL1-4 c\u00f3 ch\u1ee9c n\u0103ng \u0111i\u1ec1u khi\u1ec3n t\u00edch h\u1ee3p, cung c\u1ea5p ch\u1ee9c n\u0103ng c\u00e0i \u0111\u1eb7t th\u1eddi gian b\u00f4i tr\u01a1n v\u00e0 kho\u1ea3ng th\u1eddi gian b\u00f4i tr\u01a1n d\u1ec5 s\u1eed d\u1ee5ng.<br \/>\nHi\u1ec7u su\u1ea5t cao: B\u01a1m b\u00f4i tr\u01a1n s\u1eed d\u1ee5ng b\u01a1m b\u00e1nh r\u0103ng th\u00e9p h\u1ee3p kim \u0111\u1eb7c bi\u1ec7t, c\u00f3 hi\u1ec7u su\u1ea5t t\u1ef1 m\u1ed3i t\u1ed1t v\u00e0 l\u01b0u l\u01b0\u1ee3ng l\u1edbn.<br \/>\nNhi\u1ec1u t\u00f9y ch\u1ecdn: B\u01a1m b\u00f4i tr\u01a1n JDL1-4 c\u00f3 th\u1ec3 \u0111\u01b0\u1ee3c trang b\u1ecb m\u00f4-\u0111un th\u1eddi gian k\u00e9p v\u1edbi m\u00e0n h\u00ecnh k\u1ef9 thu\u1eadt s\u1ed1 v\u00e0 thao t\u00e1c b\u1eb1ng ph\u00edm.<\/span><span id=\"input-sentence~1\"><br \/>\nC\u1ea5u h\u00ecnh linh ho\u1ea1t: B\u01a1m b\u00f4i tr\u01a1n c\u00f3 th\u1ec3 t\u00f9y ch\u1ec9nh theo nhu c\u1ea7u c\u1ee7a kh\u00e1ch h\u00e0ng, \u0111\u01b0\u1ee3c trang b\u1ecb c\u00f4ng t\u1eafc \u00e1p su\u1ea5t v\u00e0 c\u00f4ng t\u1eafc m\u1ee9c ch\u1ea5t l\u1ecfng \u0111\u1ec3 th\u1ef1c hi\u1ec7n ph\u00e1t hi\u1ec7n \u00e1p su\u1ea5t h\u1ec7 th\u1ed1ng v\u00e0 m\u1ee9c d\u1ea7u.<br \/>\nCh\u1ee9c n\u0103ng t\u1ef1 \u0111\u1ed9ng h\u00f3a: B\u01a1m b\u00f4i tr\u01a1n JDL1-4 c\u00f3 t\u00edch h\u1ee3p t\u1ef1 \u0111\u1ed9ng c\u00e1c ch\u1ee9c n\u0103ng ng\u1eaft qu\u00e3ng, ch\u1ea1y v\u00e0 b\u00e1o \u0111\u1ed9ng.<\/span><\/p>\n<h2>\u0110\u1eb7c \u0111i\u1ec3m k\u1ef9 thu\u1eadt<\/h2>\n<table>\n<tbody>\n<tr>\n<td>Ng\u01b0\u1eddi m\u1eabu<\/td>\n<td>JDL1<\/td>\n<\/tr>\n<tr>\n<td>Th\u1eddi gian b\u00f4i tr\u01a1n<\/td>\n<td>1-999 ph\u00fat<\/td>\n<\/tr>\n<tr>\n<td>Kho\u1ea3ng th\u1eddi gian<\/td>\n<td>1-999 ph\u00fat<\/td>\n<\/tr>\n<tr>\n<td>Nhi\u1ec7t \u0111\u1ed9 ho\u1ea1t \u0111\u1ed9ng<\/td>\n<td>0~+50\u00b0C<\/td>\n<\/tr>\n<tr>\n<td>S\u1ed1 l\u01b0\u1ee3ng c\u1eeda h\u00e0ng<\/td>\n<td>1<\/td>\n<\/tr>\n<tr>\n<td>S\u1ee9c ch\u1ee9a h\u1ed3 ch\u1ee9a<\/td>\n<td>2L, 3L, 4L (B\u00ecnh kim lo\u1ea1i ho\u1eb7c nh\u1ef1a), 8L (B\u00ecnh kim lo\u1ea1i)<\/td>\n<\/tr>\n<tr>\n<td>N\u1ea1p l\u1ea1i<\/td>\n<td>T\u1eeb tr\u00ean xu\u1ed1ng<\/td>\n<\/tr>\n<tr>\n<td>Ch\u1ea5t b\u00f4i tr\u01a1n<\/td>\n<td>32-68cSt@40\u2103<\/td>\n<\/tr>\n<tr>\n<td>C\u00f4ng su\u1ea5t \u0111\u1ed9ng c\u01a1<\/td>\n<td>30W<\/td>\n<\/tr>\n<tr>\n<td>Ph\u00f3ng \u0111i\u1ec7n<\/td>\n<td>150mL\/ph\u00fat<\/td>\n<\/tr>\n<tr>\n<td>\u00c1p su\u1ea5t v\u1eadn h\u00e0nh t\u1ed1i \u0111a<\/td>\n<td>1,5MPa<\/td>\n<\/tr>\n<tr>\n<td>Ch\u1ee7 \u0111\u1ec1 k\u1ebft n\u1ed1i<\/td>\n<td>\u0110\u1ea7u ra \u03a66<\/td>\n<\/tr>\n<tr>\n<td>\u0110i\u1ec7n \u00e1p ho\u1ea1t \u0111\u1ed9ng<\/td>\n<td>110VAC, 220VAC<\/td>\n<\/tr>\n<tr>\n<td>Ch\u1ee9ng nh\u1eadn<\/td>\n<td>Ti\u00eau chu\u1ea9n<\/td>\n<\/tr>\n<tr>\n<td>C\u00f4ng t\u1eafc m\u1ee9c th\u1ea5p<\/td>\n<td>Li\u00ean h\u1ec7 NC<\/td>\n<\/tr>\n<\/tbody>\n<\/table>\n<h2>\u1ee8ng d\u1ee5ng<\/h2>\n<p>M\u00e1y c\u00f4ng c\u1ee5: B\u01a1m b\u00f4i tr\u01a1n c\u1ee7a d\u00f2ng JDL1-4 \u0111\u01b0\u1ee3c \u00e1p d\u1ee5ng cho t\u1ea5t c\u1ea3 c\u00e1c lo\u1ea1i thi\u1ebft b\u1ecb m\u00e1y c\u00f4ng c\u1ee5 \u0111\u1ec3 v\u1eadn h\u00e0nh hi\u1ec7u qu\u1ea3 h\u1ec7 th\u1ed1ng b\u00f4i tr\u01a1n. M\u00e1y m\u00f3c nh\u1ef1a: M\u00e1y m\u00f3c ch\u1ebf bi\u1ebfn nh\u1ef1a s\u1ebd \u0111\u01b0\u1ee3c trang b\u1ecb b\u01a1m b\u00f4i tr\u01a1n JDL1-4 \u0111\u1ec3 c\u00f3 \u0111\u01b0\u1ee3c s\u1ef1 b\u00f4i tr\u01a1n \u1ed5n \u0111\u1ecbnh. M\u00e1y m\u00f3c d\u1ec7t: B\u01a1m b\u00f4i tr\u01a1n JDL1-4 ph\u00f9 h\u1ee3p \u0111\u1ec3 l\u00e0m vi\u1ec7c tr\u00ean m\u00e1y m\u00f3c d\u1ec7t \u0111\u1ec3 m\u00e1y m\u00f3c v\u1eadn h\u00e0nh tr\u01a1n tru. Thang cu\u1ed1n v\u00e0 b\u0103ng t\u1ea3i: V\u00ed d\u1ee5 v\u1ec1 c\u00e1c \u1ee9ng d\u1ee5ng b\u00f4i tr\u01a1n bao g\u1ed3m b\u01a1m b\u00f4i tr\u01a1n cho h\u1ec7 th\u1ed1ng thang cu\u1ed1n v\u00e0 h\u1ec7 th\u1ed1ng truy\u1ec1n \u0111\u1ed9ng b\u0103ng t\u1ea3i.<\/p>\n<h2>H\u01b0\u1edbng d\u1eabn s\u1eed d\u1ee5ng<\/h2>\n<div class=\"sdm_download_button_box_default\"><div class=\"sdm_download_link\"><a href=\"https:\/\/www.jinpinlub.com\/vi\/?sdm_process_download=1&download_id=3000\" class=\"sdm_download white\" title=\"Ri\u00eang t\u01b0: JDL1 Resistance Pump\" target=\"&quot;_blank&quot;\">Xem B\u1ea3ng d\u1eef li\u1ec7u - B\u01a1m JDL1<\/a><\/div><\/div>","protected":false},"excerpt":{"rendered":"<p>B\u01a1m b\u00f4i tr\u01a1n d\u1ea7u \u0111\u1ed9ng c\u01a1 \u0111i\u1ec7n tr\u1edf JDL1-4 bao g\u1ed3m b\u01a1m b\u00e1nh r\u0103ng, b\u1ed9 l\u1ecdc d\u1ea7u, th\u00e2n kh\u1edbp n\u1ed1i, \u0111\u01b0\u1eddng \u1ed1ng, b\u1ed9 ph\u00e2n ph\u1ed1i \u0111i\u1ec7n tr\u1edf v\u00e0 b\u1ed9 chuy\u1ec3n \u0111\u1ed5i \u1ed1ng d\u1ea7u, v.v. \u00c1p su\u1ea5t v\u1eadn h\u00e0nh c\u1ee7a n\u00f3 l\u00e0 0,1 \u0111\u1ebfn 1,5MPa, c\u1ea5u tr\u00fac t\u01b0\u01a1ng \u0111\u1ed1i \u0111\u01a1n gi\u1ea3n v\u00e0 kh\u00f4ng c\u00f3 c\u01a1 ch\u1ebf d\u1ee1 t\u1ea3i.<\/p>","protected":false},"featured_media":3501,"template":"","meta":{"ocean_post_layout":"","ocean_both_sidebars_style":"","ocean_both_sidebars_content_width":0,"ocean_both_sidebars_sidebars_width":0,"ocean_sidebar":"0","ocean_second_sidebar":"0","ocean_disable_margins":"enable","ocean_add_body_class":"","ocean_shortcode_before_top_bar":"","ocean_shortcode_after_top_bar":"","ocean_shortcode_before_header":"","ocean_shortcode_after_header":"","ocean_has_shortcode":"","ocean_shortcode_after_title":"","ocean_shortcode_before_footer_widgets":"","ocean_shortcode_after_footer_widgets":"","ocean_shortcode_before_footer_bottom":"","ocean_shortcode_after_footer_bottom":"","ocean_display_top_bar":"default","ocean_display_header":"default","ocean_header_style":"","ocean_center_header_left_menu":"0","ocean_custom_header_template":"0","ocean_custom_logo":0,"ocean_custom_retina_logo":0,"ocean_custom_logo_max_width":0,"ocean_custom_logo_tablet_max_width":0,"ocean_custom_logo_mobile_max_width":0,"ocean_custom_logo_max_height":0,"ocean_custom_logo_tablet_max_height":0,"ocean_custom_logo_mobile_max_height":0,"ocean_header_custom_menu":"0","ocean_menu_typo_font_family":"0","ocean_menu_typo_font_subset":"","ocean_menu_typo_font_size":0,"ocean_menu_typo_font_size_tablet":0,"ocean_menu_typo_font_size_mobile":0,"ocean_menu_typo_font_size_unit":"px","ocean_menu_typo_font_weight":"","ocean_menu_typo_font_weight_tablet":"","ocean_menu_typo_font_weight_mobile":"","ocean_menu_typo_transform":"","ocean_menu_typo_transform_tablet":"","ocean_menu_typo_transform_mobile":"","ocean_menu_typo_line_height":0,"ocean_menu_typo_line_height_tablet":0,"ocean_menu_typo_line_height_mobile":0,"ocean_menu_typo_line_height_unit":"","ocean_menu_typo_spacing":0,"ocean_menu_typo_spacing_tablet":0,"ocean_menu_typo_spacing_mobile":0,"ocean_menu_typo_spacing_unit":"","ocean_menu_link_color":"","ocean_menu_link_color_hover":"","ocean_menu_link_color_active":"","ocean_menu_link_background":"","ocean_menu_link_hover_background":"","ocean_menu_link_active_background":"","ocean_menu_social_links_bg":"","ocean_menu_social_hover_links_bg":"","ocean_menu_social_links_color":"","ocean_menu_social_hover_links_color":"","ocean_disable_title":"default","ocean_disable_heading":"default","ocean_post_title":"","ocean_post_subheading":"","ocean_post_title_style":"","ocean_post_title_background_color":"","ocean_post_title_background":0,"ocean_post_title_bg_image_position":"","ocean_post_title_bg_image_attachment":"","ocean_post_title_bg_image_repeat":"","ocean_post_title_bg_image_size":"","ocean_post_title_height":0,"ocean_post_title_bg_overlay":0.5,"ocean_post_title_bg_overlay_color":"","ocean_disable_breadcrumbs":"default","ocean_breadcrumbs_color":"","ocean_breadcrumbs_separator_color":"","ocean_breadcrumbs_links_color":"","ocean_breadcrumbs_links_hover_color":"","ocean_display_footer_widgets":"default","ocean_display_footer_bottom":"default","ocean_custom_footer_template":"0","osh_disable_topbar_sticky":"default","osh_disable_header_sticky":"default","osh_sticky_header_style":"default","osh_sticky_header_effect":"","osh_custom_sticky_logo":0,"osh_custom_retina_sticky_logo":0,"osh_custom_sticky_logo_height":0,"osh_background_color":"","osh_links_color":"","osh_links_hover_color":"","osh_links_active_color":"","osh_links_bg_color":"","osh_links_hover_bg_color":"","osh_links_active_bg_color":"","osh_menu_social_links_color":"","osh_menu_social_hover_links_color":""},"product_brand":[],"product_cat":[51,50],"product_tag":[283,114,108],"class_list":{"0":"post-3556","1":"product","2":"type-product","3":"status-publish","4":"has-post-thumbnail","6":"product_cat-electric-resistance-pumps","7":"product_cat-resistance-thin-oil-systems","8":"product_tag-electric-lubricator","9":"product_tag-oil-lubrication-system","10":"product_tag-resistance-lubrication-pump","12":"entry","13":"has-media","15":"first","16":"instock","17":"shipping-taxable","18":"product-type-external","19":"col","20":"span_1_of_3","21":"owp-content-center","22":"owp-thumbs-layout-horizontal","23":"owp-btn-very-big","24":"owp-tabs-layout-horizontal"},"_links":{"self":[{"href":"https:\/\/www.jinpinlub.com\/vi\/wp-json\/wp\/v2\/product\/3556","targetHints":{"allow":["GET"]}}],"collection":[{"href":"https:\/\/www.jinpinlub.com\/vi\/wp-json\/wp\/v2\/product"}],"about":[{"href":"https:\/\/www.jinpinlub.com\/vi\/wp-json\/wp\/v2\/types\/product"}],"wp:featuredmedia":[{"embeddable":true,"href":"https:\/\/www.jinpinlub.com\/vi\/wp-json\/wp\/v2\/media\/3501"}],"wp:attachment":[{"href":"https:\/\/www.jinpinlub.com\/vi\/wp-json\/wp\/v2\/media?parent=3556"}],"wp:term":[{"taxonomy":"product_brand","embeddable":true,"href":"https:\/\/www.jinpinlub.com\/vi\/wp-json\/wp\/v2\/product_brand?post=3556"},{"taxonomy":"product_cat","embeddable":true,"href":"https:\/\/www.jinpinlub.com\/vi\/wp-json\/wp\/v2\/product_cat?post=3556"},{"taxonomy":"product_tag","embeddable":true,"href":"https:\/\/www.jinpinlub.com\/vi\/wp-json\/wp\/v2\/product_tag?post=3556"}],"curies":[{"name":"wp","href":"https:\/\/api.w.org\/{rel}","templated":true}]}}