{"id":3559,"date":"2024-08-30T08:50:02","date_gmt":"2024-08-30T00:50:02","guid":{"rendered":"https:\/\/www.jinpinlub.com\/?post_type=product&#038;p=3559"},"modified":"2024-08-30T08:53:09","modified_gmt":"2024-08-30T00:53:09","slug":"jdl4-4-he-thong-boi-tron-dau-the-tich-bom-plc-dieu-khien","status":"publish","type":"product","link":"https:\/\/www.jinpinlub.com\/vi\/product\/jdl4-4-volumetric-oil-lubrication-system-pump-plc-control\/","title":{"rendered":"JDL4-4 H\u1ec7 th\u1ed1ng b\u00f4i tr\u01a1n d\u1ea7u th\u1ec3 t\u00edch \u0111i\u1ec1u khi\u1ec3n PLC"},"content":{"rendered":"<h2>\u0110\u1eb7c tr\u01b0ng<\/h2>\n<p><span id=\"input-sentence~0\">C\u00f4ng t\u1eafc m\u1ee9c ch\u1ea5t l\u1ecfng v\u00e0 c\u00f4ng t\u1eafc \u00e1p su\u1ea5t: Khi l\u01b0\u1ee3ng d\u1ea7u ho\u1eb7c \u00e1p su\u1ea5t c\u1ee7a h\u1ec7 th\u1ed1ng b\u00f4i tr\u01a1n kh\u00f4ng \u0111\u1ee7, t\u00edn hi\u1ec7u b\u1ea5t th\u01b0\u1eddng s\u1ebd \u0111\u01b0\u1ee3c \u0111\u01b0a ra.<br \/>\n\u0110\u00e8n b\u00e1o b\u1ea3ng \u0111i\u1ec1u khi\u1ec3n: B\u01a1m b\u00f4i tr\u01a1n c\u00f3 th\u1ec3 hi\u1ec3n th\u1ecb ngu\u1ed3n \u0111i\u1ec7n v\u00e0 tr\u1ea1ng th\u00e1i b\u00f4i tr\u01a1n \u0111\u1ec3 theo d\u00f5i th\u1eddi gian th\u1ef1c.<\/span><span id=\"input-sentence~1\"><br \/>\nCh\u1ee9c n\u0103ng b\u00f4i tr\u01a1n c\u01b0\u1ee1ng b\u1ee9c: H\u1ec7 th\u1ed1ng b\u01a1m b\u00f4i tr\u01a1n c\u00f3 kh\u00f3a FEED \u0111\u1ec3 k\u00edch ho\u1ea1t b\u00f4i tr\u01a1n c\u01b0\u1ee1ng b\u1ee9c nh\u1eb1m \u0111\u1ea3m b\u1ea3o hi\u1ec7u qu\u1ea3 b\u00f4i tr\u01a1n.<br \/>\nC\u00e0i \u0111\u1eb7t th\u1eddi gian: Th\u1eddi gian b\u00f4i tr\u01a1n d\u00e0i nh\u1ea5t c\u1ee7a b\u01a1m b\u00f4i tr\u01a1n \u22642 ph\u00fat v\u00e0 th\u1eddi gian ng\u1eaft qu\u00e3ng b\u1eb1ng 5 l\u1ea7n th\u1eddi gian b\u00f4i tr\u01a1n.<\/span><span id=\"input-sentence~2\"><br \/>\nT\u1ef1 b\u1ea3o v\u1ec7 \u0111\u1ed9ng c\u01a1: B\u01a1m b\u00f4i tr\u01a1n JDL \u0111\u01b0\u1ee3c trang b\u1ecb ch\u1ee9c n\u0103ng ng\u0103n ng\u1eeba \u0111\u1ed9ng c\u01a1 qu\u00e1 nhi\u1ec7t v\u00e0 qu\u00e1 t\u1ea3i.<br \/>\nVan tr\u00e0n: Ng\u0103n ng\u1eeba h\u01b0 h\u1ecfng cho kim phun d\u1ea7u v\u00e0 \u0111\u01b0\u1eddng \u1ed1ng \u0111\u1ec3 \u0111\u1ea3m b\u1ea3o h\u1ec7 th\u1ed1ng ho\u1ea1t \u0111\u1ed9ng \u1ed5n \u0111\u1ecbnh.<br \/>\nC\u1ea7u ch\u00ec b\u00ean trong: JDL ng\u0103n ng\u1eeba h\u1ecfng h\u00f3c bo m\u1ea1ch IC v\u00e0 \u0111\u1ed9ng c\u01a1 do ng\u1eafn m\u1ea1ch, c\u1ea3i thi\u1ec7n \u0111\u1ed9 tin c\u1eady c\u1ee7a h\u1ec7 th\u1ed1ng.<\/span><\/p>\n<h2>\u0110\u1eb7c \u0111i\u1ec3m k\u1ef9 thu\u1eadt<\/h2>\n<table>\n<tbody>\n<tr>\n<td>B\u1ed9 \u0111\u1ebfm th\u1eddi gian<\/td>\n<td>B\u1ed9 \u0111i\u1ec1u khi\u1ec3n PLC<\/td>\n<\/tr>\n<tr>\n<td>Nhi\u1ec7t \u0111\u1ed9 ho\u1ea1t \u0111\u1ed9ng<\/td>\n<td>0~+50\u00b0C<\/td>\n<\/tr>\n<tr>\n<td>S\u1ed1 l\u01b0\u1ee3ng c\u1eeda h\u00e0ng<\/td>\n<td>1<\/td>\n<\/tr>\n<tr>\n<td>S\u1ee9c ch\u1ee9a h\u1ed3 ch\u1ee9a<\/td>\n<td>2L, 3L, 4L (b\u1ed3n kim lo\u1ea1i ho\u1eb7c nh\u1ef1a), 8L (b\u1ed3n kim lo\u1ea1i)<\/td>\n<\/tr>\n<tr>\n<td>N\u1ea1p l\u1ea1i<\/td>\n<td>T\u1eeb tr\u00ean xu\u1ed1ng<\/td>\n<\/tr>\n<tr>\n<td>Ch\u1ea5t b\u00f4i tr\u01a1n<\/td>\n<td>32-68cSt@40\u2103<\/td>\n<\/tr>\n<tr>\n<td>L\u1edbp b\u1ea3o v\u1ec7<\/td>\n<td>IP54<\/td>\n<\/tr>\n<tr>\n<td>Ph\u00f3ng \u0111i\u1ec7n<\/td>\n<td>150mL\/ph\u00fat<\/td>\n<\/tr>\n<tr>\n<td>\u00c1p su\u1ea5t v\u1eadn h\u00e0nh t\u1ed1i \u0111a<\/td>\n<td>1,8MPa<\/td>\n<\/tr>\n<tr>\n<td>Ch\u1ee7 \u0111\u1ec1 k\u1ebft n\u1ed1i<\/td>\n<td>\u0110\u1ea7u ra \u03a66<\/td>\n<\/tr>\n<tr>\n<td>\u0110i\u1ec7n \u00e1p ho\u1ea1t \u0111\u1ed9ng<\/td>\n<td>110VAC, 220VAC<\/td>\n<\/tr>\n<tr>\n<td>Ch\u1ee9ng nh\u1eadn<\/td>\n<td>Ti\u00eau chu\u1ea9n<\/td>\n<\/tr>\n<tr>\n<td>V\u1ecb tr\u00ed l\u1eafp \u0111\u1eb7t<\/td>\n<td>th\u1eb3ng \u0111\u1ee9ng<\/td>\n<\/tr>\n<\/tbody>\n<\/table>\n<h2>\u1ee8ng d\u1ee5ng<\/h2>\n<p>Ki\u1ec3m tra m\u1ee9c d\u1ea7u: L\u01b0\u1ee3ng d\u1ea7u b\u00f4i tr\u01a1n ph\u1ea3i ph\u00f9 h\u1ee3p. N\u1ebfu kh\u00f4ng, do kh\u00f4ng th\u1ec3 cung c\u1ea5p \u0111\u1ee7 d\u1ea7u b\u00f4i tr\u01a1n, c\u00f3 th\u1ec3 x\u1ea3y ra hi\u1ec7n t\u01b0\u1ee3ng m\u00e0i m\u00f2n nghi\u00eam tr\u1ecdng.<br \/>\nV\u1ec7 sinh b\u1ed9 l\u1ecdc theo l\u1ecbch tr\u00ecnh: Th\u01b0\u1eddng c\u00f3 m\u1ed9t b\u1ed9 l\u1ecdc trong m\u1ed7i b\u01a1m b\u00f4i tr\u01a1n. C\u00e1c t\u1ea1p ch\u1ea5t trong b\u1ed9 l\u1ecdc c\u00f3 th\u1ec3 l\u00e0m t\u1eafc m\u1ea1ch d\u1ea7u.<br \/>\nKi\u1ec3m tra c\u00f4ng t\u1eafc \u00e1p su\u1ea5t: b\u01a1m b\u00f4i tr\u01a1n c\u00f3 c\u00f4ng t\u1eafc \u00e1p su\u1ea5t ph\u1ea3i ph\u00f9 h\u1ee3p \u0111\u1ec3 s\u1eed d\u1ee5ng.<br \/>\nC\u00e0i \u0111\u1eb7t th\u1eddi gian b\u00f4i tr\u01a1n: C\u00e0i \u0111\u1eb7t h\u1ee3p l\u00fd theo nhu c\u1ea7u th\u1ef1c t\u1ebf c\u1ee7a thi\u1ebft b\u1ecb, th\u1eddi gian v\u00e0 kho\u1ea3ng th\u1eddi gian b\u00f4i tr\u01a1n c\u1ee7a b\u01a1m tr\u00e1nh t\u00ecnh tr\u1ea1ng b\u00f4i tr\u01a1n th\u1eeba ho\u1eb7c kh\u00f4ng \u0111\u1ee7.<\/p>\n<h2>H\u01b0\u1edbng d\u1eabn s\u1eed d\u1ee5ng<\/h2>\n<div class=\"sdm_download_button_box_default\"><div class=\"sdm_download_link\"><a href=\"https:\/\/www.jinpinlub.com\/vi\/?sdm_process_download=1&download_id=2466\" class=\"sdm_download white\" title=\"Ri\u00eang t\u01b0: JDL4 Volumetric Pump\" target=\"&quot;_blank&quot;\">Xem Datasheet - B\u01a1m JDL4<\/a><\/div><\/div>","protected":false},"excerpt":{"rendered":"<p>B\u01a1m b\u00f4i tr\u01a1n Jinpinlub JDL4-4 l\u00e0 b\u01a1m phun d\u1ecbch chuy\u1ec3n t\u00edch c\u1ef1c, x\u1ea3 d\u1ea7u v\u1edbi th\u1ec3 t\u00edch ch\u00ednh x\u00e1c v\u00e0 \u0111\u01b0\u1ee3c s\u1eed d\u1ee5ng v\u1edbi b\u1ed9 ph\u00e2n ph\u1ed1i \u00e1p su\u1ea5t \u0111\u1ec3 t\u1ea1o th\u00e0nh h\u1ec7 th\u1ed1ng c\u00f3 th\u1ec3 ki\u1ec3m so\u00e1t ch\u00ednh x\u00e1c l\u01b0\u1ee3ng b\u00f4i tr\u01a1n t\u1ea1i t\u1eebng \u0111i\u1ec3m b\u00f4i tr\u01a1n.<\/p>","protected":false},"featured_media":3525,"template":"","meta":{"ocean_post_layout":"","ocean_both_sidebars_style":"","ocean_both_sidebars_content_width":0,"ocean_both_sidebars_sidebars_width":0,"ocean_sidebar":"0","ocean_second_sidebar":"0","ocean_disable_margins":"enable","ocean_add_body_class":"","ocean_shortcode_before_top_bar":"","ocean_shortcode_after_top_bar":"","ocean_shortcode_before_header":"","ocean_shortcode_after_header":"","ocean_has_shortcode":"","ocean_shortcode_after_title":"","ocean_shortcode_before_footer_widgets":"","ocean_shortcode_after_footer_widgets":"","ocean_shortcode_before_footer_bottom":"","ocean_shortcode_after_footer_bottom":"","ocean_display_top_bar":"default","ocean_display_header":"default","ocean_header_style":"","ocean_center_header_left_menu":"0","ocean_custom_header_template":"0","ocean_custom_logo":0,"ocean_custom_retina_logo":0,"ocean_custom_logo_max_width":0,"ocean_custom_logo_tablet_max_width":0,"ocean_custom_logo_mobile_max_width":0,"ocean_custom_logo_max_height":0,"ocean_custom_logo_tablet_max_height":0,"ocean_custom_logo_mobile_max_height":0,"ocean_header_custom_menu":"0","ocean_menu_typo_font_family":"0","ocean_menu_typo_font_subset":"","ocean_menu_typo_font_size":0,"ocean_menu_typo_font_size_tablet":0,"ocean_menu_typo_font_size_mobile":0,"ocean_menu_typo_font_size_unit":"px","ocean_menu_typo_font_weight":"","ocean_menu_typo_font_weight_tablet":"","ocean_menu_typo_font_weight_mobile":"","ocean_menu_typo_transform":"","ocean_menu_typo_transform_tablet":"","ocean_menu_typo_transform_mobile":"","ocean_menu_typo_line_height":0,"ocean_menu_typo_line_height_tablet":0,"ocean_menu_typo_line_height_mobile":0,"ocean_menu_typo_line_height_unit":"","ocean_menu_typo_spacing":0,"ocean_menu_typo_spacing_tablet":0,"ocean_menu_typo_spacing_mobile":0,"ocean_menu_typo_spacing_unit":"","ocean_menu_link_color":"","ocean_menu_link_color_hover":"","ocean_menu_link_color_active":"","ocean_menu_link_background":"","ocean_menu_link_hover_background":"","ocean_menu_link_active_background":"","ocean_menu_social_links_bg":"","ocean_menu_social_hover_links_bg":"","ocean_menu_social_links_color":"","ocean_menu_social_hover_links_color":"","ocean_disable_title":"default","ocean_disable_heading":"default","ocean_post_title":"","ocean_post_subheading":"","ocean_post_title_style":"","ocean_post_title_background_color":"","ocean_post_title_background":0,"ocean_post_title_bg_image_position":"","ocean_post_title_bg_image_attachment":"","ocean_post_title_bg_image_repeat":"","ocean_post_title_bg_image_size":"","ocean_post_title_height":0,"ocean_post_title_bg_overlay":0.5,"ocean_post_title_bg_overlay_color":"","ocean_disable_breadcrumbs":"default","ocean_breadcrumbs_color":"","ocean_breadcrumbs_separator_color":"","ocean_breadcrumbs_links_color":"","ocean_breadcrumbs_links_hover_color":"","ocean_display_footer_widgets":"default","ocean_display_footer_bottom":"default","ocean_custom_footer_template":"0","osh_disable_topbar_sticky":"default","osh_disable_header_sticky":"default","osh_sticky_header_style":"default","osh_sticky_header_effect":"","osh_custom_sticky_logo":0,"osh_custom_retina_sticky_logo":0,"osh_custom_sticky_logo_height":0,"osh_background_color":"","osh_links_color":"","osh_links_hover_color":"","osh_links_active_color":"","osh_links_bg_color":"","osh_links_hover_bg_color":"","osh_links_active_bg_color":"","osh_menu_social_links_color":"","osh_menu_social_hover_links_color":""},"product_brand":[],"product_cat":[48,47],"product_tag":[73,290,289],"class_list":{"0":"post-3559","1":"product","2":"type-product","3":"status-publish","4":"has-post-thumbnail","6":"product_cat-electric-volumetric-pumps","7":"product_cat-volumetric-thin-oil-systems","8":"product_tag-electric-lubrication-pump","9":"product_tag-electric-motor-oil-pump","10":"product_tag-electric-oil-injector","12":"entry","13":"has-media","15":"first","16":"instock","17":"shipping-taxable","18":"product-type-external","19":"col","20":"span_1_of_3","21":"owp-content-center","22":"owp-thumbs-layout-horizontal","23":"owp-btn-very-big","24":"owp-tabs-layout-horizontal"},"_links":{"self":[{"href":"https:\/\/www.jinpinlub.com\/vi\/wp-json\/wp\/v2\/product\/3559","targetHints":{"allow":["GET"]}}],"collection":[{"href":"https:\/\/www.jinpinlub.com\/vi\/wp-json\/wp\/v2\/product"}],"about":[{"href":"https:\/\/www.jinpinlub.com\/vi\/wp-json\/wp\/v2\/types\/product"}],"wp:featuredmedia":[{"embeddable":true,"href":"https:\/\/www.jinpinlub.com\/vi\/wp-json\/wp\/v2\/media\/3525"}],"wp:attachment":[{"href":"https:\/\/www.jinpinlub.com\/vi\/wp-json\/wp\/v2\/media?parent=3559"}],"wp:term":[{"taxonomy":"product_brand","embeddable":true,"href":"https:\/\/www.jinpinlub.com\/vi\/wp-json\/wp\/v2\/product_brand?post=3559"},{"taxonomy":"product_cat","embeddable":true,"href":"https:\/\/www.jinpinlub.com\/vi\/wp-json\/wp\/v2\/product_cat?post=3559"},{"taxonomy":"product_tag","embeddable":true,"href":"https:\/\/www.jinpinlub.com\/vi\/wp-json\/wp\/v2\/product_tag?post=3559"}],"curies":[{"name":"wp","href":"https:\/\/api.w.org\/{rel}","templated":true}]}}