{"id":3569,"date":"2024-08-30T09:57:59","date_gmt":"2024-08-30T01:57:59","guid":{"rendered":"https:\/\/www.jinpinlub.com\/?post_type=product&#038;p=3569"},"modified":"2024-08-30T10:15:24","modified_gmt":"2024-08-30T02:15:24","slug":"may-boi-tron-tu-dong-mot-diem-dan-dong-bang-dong-co-smd-125ml","status":"publish","type":"product","link":"https:\/\/www.jinpinlub.com\/vi\/product\/smd-125ml-motor-driven-single-point-automatic-lubricators\/","title":{"rendered":"M\u00e1y b\u00f4i tr\u01a1n t\u1ef1 \u0111\u1ed9ng m\u1ed9t \u0111i\u1ec3m SMD 125mL ch\u1ea1y b\u1eb1ng \u0111\u1ed9ng c\u01a1"},"content":{"rendered":"<h2>\u0110\u1eb7c tr\u01b0ng<\/h2>\n<p><span id=\"input-sentence~0\">V\u00ec t\u1ed1c \u0111\u1ed9 b\u00f4i tr\u01a1n kh\u00f4ng ph\u1ee5 thu\u1ed9c v\u00e0o nhi\u1ec7t \u0111\u1ed9 n\u00ean n\u00f3 mang l\u1ea1i k\u1ebft qu\u1ea3 b\u00f4i tr\u01a1n \u0111\u1ed3ng nh\u1ea5t.<br \/>\n\u00c1p su\u1ea5t x\u1ea3 t\u1ed1i \u0111a: Thi\u1ebft b\u1ecb b\u00f4i tr\u01a1n SMD c\u00f3 th\u1ec3 \u0111\u1ea1t t\u1edbi m\u1ee9c t\u1ed1i \u0111a 6,5 bar trong chu k\u1ef3 x\u1ea3 c\u1ee7a qu\u00e1 tr\u00ecnh b\u00f4i tr\u01a1n.<br \/>\nB\u00ecnh ch\u1ee9a trong su\u1ed1t: Thi\u1ebft b\u1ecb b\u00f4i tr\u01a1n SMD cho ph\u00e9p ki\u1ec3m tra t\u00ecnh tr\u1ea1ng c\u1ee7a ch\u1ea5t b\u00f4i tr\u01a1n b\u1eb1ng m\u1eaft th\u01b0\u1eddng.<\/span><span id=\"input-sentence~1\"><br \/>\n\u0110\u00e8n LED b\u00e1o tr\u1ea1ng th\u00e1i: B\u1ed9 b\u00f4i tr\u01a1n SMD c\u00f3 \u0111\u00e8n LED m\u00e0u \u0111\u1ecf, v\u00e0ng v\u00e0 xanh l\u00e1 c\u00e2y \u0111\u1ec3 b\u00e1o tr\u1ea1ng th\u00e1i c\u1ee7a b\u1ed9 b\u00f4i tr\u01a1n.<br \/>\nChu k\u1ef3 b\u00f4i tr\u01a1n linh ho\u1ea1t: M\u00e1y b\u00f4i tr\u01a1n SMD c\u00f3 th\u1ec3 \u0111\u01b0\u1ee3c c\u00e0i \u0111\u1eb7t \u0111\u1ec3 b\u00f4i tr\u01a1n trong v\u00f2ng 1 \u0111\u1ebfn 12 th\u00e1ng.<br \/>\nNhi\u1ec1u t\u00f9y ch\u1ecdn ch\u1ea5t b\u00f4i tr\u01a1n: N\u1ebfu \u0111i\u1ec1u ki\u1ec7n cho ph\u00e9p, m\u00e1y b\u00f4i tr\u01a1n c\u00f3 th\u1ec3 \u0111\u01b0\u1ee3c n\u1ea1p ch\u1ea5t b\u00f4i tr\u01a1n tr\u01b0\u1edbc.<br \/>\nT\u00f9y ch\u1ecdn \u1ed5 \u0111\u0129a: T\u00f9y thu\u1ed9c v\u00e0o nhu c\u1ea7u c\u1ee7a \u1ee9ng d\u1ee5ng, b\u1ed9 b\u00f4i tr\u01a1n SMD c\u00f3 th\u1ec3 \u0111\u01b0\u1ee3c \u0111i\u1ec1u khi\u1ec3n b\u1eb1ng pin lithium ho\u1eb7c ngu\u1ed3n \u0111i\u1ec7n b\u00ean ngo\u00e0i.<br \/>\n\u0110\u1ed9 k\u00edn: Ch\u1ea5t b\u00f4i tr\u01a1n SMD c\u00f3 \u0111\u1ed9 k\u00edn tuy\u1ec7t v\u1eddi v\u00e0 th\u1eadm ch\u00ed c\u00f3 th\u1ec3 ho\u1ea1t \u0111\u1ed9ng b\u00ecnh th\u01b0\u1eddng trong n\u01b0\u1edbc.<\/span><\/p>\n<h2>\u0110\u1eb7c \u0111i\u1ec3m k\u1ef9 thu\u1eadt<\/h2>\n<p>Ch\u1ea5t b\u00f4i tr\u01a1n: d\u1ea7u ho\u1eb7c m\u1ee1 \u2264 NLGI #2<br \/>\nDung t\u00edch b\u00ecnh ch\u1ee9a: 125mL v\u00e0 250mL<br \/>\nTh\u1eddi gian r\u1ed7ng: 0,5, 1, 3, 6, 9 v\u00e0 12 th\u00e1ng<br \/>\nPh\u1ea1m vi x\u1ea3: 0,3~0,8mL\/ng\u00e0y<br \/>\nNhi\u1ec7t \u0111\u1ed9 m\u00f4i tr\u01b0\u1eddng: -20~60\u2103<br \/>\n\u00c1p su\u1ea5t l\u00e0m vi\u1ec7c: t\u1ed1i \u0111a 6,5 bar<br \/>\nRen k\u1ebft n\u1ed1i: R1\/4<br \/>\n\u1ed0ng d\u00e0i nh\u1ea5t: 3m cho m\u1ee1, 5m cho d\u1ea7u lo\u00e3ng<br \/>\nM\u1ee9c \u0111\u1ed9 b\u1ea3o v\u1ec7: IP65<br \/>\nPin: SMD1-BAT (2 CR17505 song song)<br \/>\nTh\u1eddi gian b\u1ea3o qu\u1ea3n: 3 n\u0103m (20\u2103)<br \/>\nTr\u1ecdng l\u01b0\u1ee3ng d\u1ea7u \u0111\u1ea7y \u0111\u1ee7: 600g (125mL), 800g (250mL)<\/p>\n<h2>\u1ee8ng d\u1ee5ng<\/h2>\n<p><span id=\"input-sentence~0\">Thi\u1ebft b\u1ecb c\u00f4ng nghi\u1ec7p: Ch\u1ea5t b\u00f4i tr\u01a1n SMD c\u00f3 th\u1ec3 \u0111\u01b0\u1ee3c \u1ee9ng d\u1ee5ng cho nhi\u1ec1u thi\u1ebft b\u1ecb c\u00f4ng nghi\u1ec7p kh\u00e1c nhau nh\u01b0 \u0111\u1ed9ng c\u01a1, qu\u1ea1t v\u00e0 m\u00e1y b\u01a1m.<br \/>\nH\u1ec7 th\u1ed1ng b\u0103ng t\u1ea3i: \u1ee8ng d\u1ee5ng SMD bao g\u1ed3m b\u0103ng t\u1ea3i v\u00e0 c\u1ea7n c\u1ea9u.<br \/>\nThang m\u00e1y v\u00e0 thang cu\u1ed1n th\u01b0\u1eddng \u0111\u01b0\u1ee3c s\u1eed d\u1ee5ng trong nh\u1eefng \u1ee9ng d\u1ee5ng \u0111\u00f2i h\u1ecfi ph\u1ea3i b\u00f4i tr\u01a1n b\u1eb1ng d\u1ea7u.<\/span><span id=\"input-sentence~1\"><br \/>\nM\u00f4i tr\u01b0\u1eddng nguy hi\u1ec3m v\u00e0 h\u1ea1n ch\u1ebf: Thi\u1ebft b\u1ecb b\u00f4i tr\u01a1n SMD ho\u1ea1t \u0111\u1ed9ng kh\u00e1 t\u1ed1t trong c\u00e1c c\u00f4ng tr\u00ecnh l\u1eafp \u0111\u1eb7t t\u1eeb xa, n\u01a1i c\u00f3 kh\u00f4ng gian h\u1ea1n ch\u1ebf ho\u1eb7c m\u00f4i tr\u01b0\u1eddng nguy hi\u1ec3m.<br \/>\nNg\u00e0nh ch\u1ebf bi\u1ebfn th\u1ef1c ph\u1ea9m: Thi\u1ebft b\u1ecb b\u00f4i tr\u01a1n SMD m\u1ed9t \u0111i\u1ec3m \u0111\u01b0\u1ee3c \u1ee9ng d\u1ee5ng trong ng\u00e0nh ch\u1ebf bi\u1ebfn th\u1ef1c ph\u1ea9m trong c\u00e1c \u1ee9ng d\u1ee5ng s\u1eed d\u1ee5ng ch\u1ea5t b\u00f4i tr\u01a1n c\u1ea5p th\u1ef1c ph\u1ea9m.<\/span><\/p>\n<h2>H\u01b0\u1edbng d\u1eabn s\u1eed d\u1ee5ng<\/h2>\n<div class=\"sdm_download_button_box_default\"><div class=\"sdm_download_link\"><a href=\"https:\/\/www.jinpinlub.com\/vi\/?sdm_process_download=1&download_id=2477\" class=\"sdm_download white\" title=\"Ri\u00eang t\u01b0: SMD Single-point Lubricator\" target=\"&quot;_blank&quot;\">Xem Datasheet - Ch\u1ea5t b\u00f4i tr\u01a1n SMD<\/a><\/div><\/div>","protected":false},"excerpt":{"rendered":"<p>SMD l\u00e0 m\u1ed9t thi\u1ebft b\u1ecb b\u00f4i tr\u01a1n t\u1ef1 \u0111\u1ed9ng m\u1ed9t \u0111i\u1ec3m \u0111\u01b0\u1ee3c \u0111i\u1ec1u khi\u1ec3n b\u1eb1ng \u0111i\u1ec7n c\u01a1 d\u00e0nh cho c\u00e1c \u1ee9ng d\u1ee5ng c\u00f3 nhi\u1ec7t \u0111\u1ed9 thay \u0111\u1ed5i l\u1edbn, \u0111\u1ed9 rung, kh\u00f4ng gian h\u1ea1n ch\u1ebf. Thi\u1ebft b\u1ecb c\u00f3 \u0111\u00e8n b\u00e1o tr\u1ea1ng th\u00e1i LED, \u00e1p su\u1ea5t x\u1ea3 t\u1ed1i \u0111a 6,5 bar v\u00e0 kho\u1ea3ng th\u1eddi gian b\u00f4i tr\u01a1n c\u00f3 th\u1ec3 \u0111i\u1ec1u ch\u1ec9nh t\u1eeb 1 \u0111\u1ebfn 12 th\u00e1ng.<\/p>","protected":false},"featured_media":3563,"template":"","meta":{"ocean_post_layout":"","ocean_both_sidebars_style":"","ocean_both_sidebars_content_width":0,"ocean_both_sidebars_sidebars_width":0,"ocean_sidebar":"0","ocean_second_sidebar":"0","ocean_disable_margins":"enable","ocean_add_body_class":"","ocean_shortcode_before_top_bar":"","ocean_shortcode_after_top_bar":"","ocean_shortcode_before_header":"","ocean_shortcode_after_header":"","ocean_has_shortcode":"","ocean_shortcode_after_title":"","ocean_shortcode_before_footer_widgets":"","ocean_shortcode_after_footer_widgets":"","ocean_shortcode_before_footer_bottom":"","ocean_shortcode_after_footer_bottom":"","ocean_display_top_bar":"default","ocean_display_header":"default","ocean_header_style":"","ocean_center_header_left_menu":"0","ocean_custom_header_template":"0","ocean_custom_logo":0,"ocean_custom_retina_logo":0,"ocean_custom_logo_max_width":0,"ocean_custom_logo_tablet_max_width":0,"ocean_custom_logo_mobile_max_width":0,"ocean_custom_logo_max_height":0,"ocean_custom_logo_tablet_max_height":0,"ocean_custom_logo_mobile_max_height":0,"ocean_header_custom_menu":"0","ocean_menu_typo_font_family":"0","ocean_menu_typo_font_subset":"","ocean_menu_typo_font_size":0,"ocean_menu_typo_font_size_tablet":0,"ocean_menu_typo_font_size_mobile":0,"ocean_menu_typo_font_size_unit":"px","ocean_menu_typo_font_weight":"","ocean_menu_typo_font_weight_tablet":"","ocean_menu_typo_font_weight_mobile":"","ocean_menu_typo_transform":"","ocean_menu_typo_transform_tablet":"","ocean_menu_typo_transform_mobile":"","ocean_menu_typo_line_height":0,"ocean_menu_typo_line_height_tablet":0,"ocean_menu_typo_line_height_mobile":0,"ocean_menu_typo_line_height_unit":"","ocean_menu_typo_spacing":0,"ocean_menu_typo_spacing_tablet":0,"ocean_menu_typo_spacing_mobile":0,"ocean_menu_typo_spacing_unit":"","ocean_menu_link_color":"","ocean_menu_link_color_hover":"","ocean_menu_link_color_active":"","ocean_menu_link_background":"","ocean_menu_link_hover_background":"","ocean_menu_link_active_background":"","ocean_menu_social_links_bg":"","ocean_menu_social_hover_links_bg":"","ocean_menu_social_links_color":"","ocean_menu_social_hover_links_color":"","ocean_disable_title":"default","ocean_disable_heading":"default","ocean_post_title":"","ocean_post_subheading":"","ocean_post_title_style":"","ocean_post_title_background_color":"","ocean_post_title_background":0,"ocean_post_title_bg_image_position":"","ocean_post_title_bg_image_attachment":"","ocean_post_title_bg_image_repeat":"","ocean_post_title_bg_image_size":"","ocean_post_title_height":0,"ocean_post_title_bg_overlay":0.5,"ocean_post_title_bg_overlay_color":"","ocean_disable_breadcrumbs":"default","ocean_breadcrumbs_color":"","ocean_breadcrumbs_separator_color":"","ocean_breadcrumbs_links_color":"","ocean_breadcrumbs_links_hover_color":"","ocean_display_footer_widgets":"default","ocean_display_footer_bottom":"default","ocean_custom_footer_template":"0","osh_disable_topbar_sticky":"default","osh_disable_header_sticky":"default","osh_sticky_header_style":"default","osh_sticky_header_effect":"","osh_custom_sticky_logo":0,"osh_custom_retina_sticky_logo":0,"osh_custom_sticky_logo_height":0,"osh_background_color":"","osh_links_color":"","osh_links_hover_color":"","osh_links_active_color":"","osh_links_bg_color":"","osh_links_hover_bg_color":"","osh_links_active_bg_color":"","osh_menu_social_links_color":"","osh_menu_social_hover_links_color":""},"product_brand":[],"product_cat":[33],"product_tag":[293,295,294],"class_list":{"0":"post-3569","1":"product","2":"type-product","3":"status-publish","4":"has-post-thumbnail","6":"product_cat-single-point-lubricators","7":"product_tag-single-point-lubrication-of-bearings","8":"product_tag-single-point-lubrication-of-motors","9":"product_tag-single-point-lubrication-of-spindles","11":"entry","12":"has-media","14":"first","15":"instock","16":"shipping-taxable","17":"product-type-external","18":"col","19":"span_1_of_3","20":"owp-content-center","21":"owp-thumbs-layout-horizontal","22":"owp-btn-very-big","23":"owp-tabs-layout-horizontal"},"_links":{"self":[{"href":"https:\/\/www.jinpinlub.com\/vi\/wp-json\/wp\/v2\/product\/3569","targetHints":{"allow":["GET"]}}],"collection":[{"href":"https:\/\/www.jinpinlub.com\/vi\/wp-json\/wp\/v2\/product"}],"about":[{"href":"https:\/\/www.jinpinlub.com\/vi\/wp-json\/wp\/v2\/types\/product"}],"wp:featuredmedia":[{"embeddable":true,"href":"https:\/\/www.jinpinlub.com\/vi\/wp-json\/wp\/v2\/media\/3563"}],"wp:attachment":[{"href":"https:\/\/www.jinpinlub.com\/vi\/wp-json\/wp\/v2\/media?parent=3569"}],"wp:term":[{"taxonomy":"product_brand","embeddable":true,"href":"https:\/\/www.jinpinlub.com\/vi\/wp-json\/wp\/v2\/product_brand?post=3569"},{"taxonomy":"product_cat","embeddable":true,"href":"https:\/\/www.jinpinlub.com\/vi\/wp-json\/wp\/v2\/product_cat?post=3569"},{"taxonomy":"product_tag","embeddable":true,"href":"https:\/\/www.jinpinlub.com\/vi\/wp-json\/wp\/v2\/product_tag?post=3569"}],"curies":[{"name":"wp","href":"https:\/\/api.w.org\/{rel}","templated":true}]}}