{"id":3666,"date":"2024-09-13T03:27:17","date_gmt":"2024-09-12T19:27:17","guid":{"rendered":"https:\/\/www.jinpinlub.com\/?post_type=product&#038;p=3666"},"modified":"2024-09-13T03:44:51","modified_gmt":"2024-09-12T19:44:51","slug":"may-bom-mo-dien-bsb-cho-he-thong-boi-tron-duong-ong-kep","status":"publish","type":"product","link":"https:\/\/www.jinpinlub.com\/vi\/product\/bsb-electric-grease-pump-for-dual-line-lubrication-systems\/","title":{"rendered":"M\u00e1y b\u01a1m m\u1ee1 \u0111i\u1ec7n BSB cho h\u1ec7 th\u1ed1ng b\u00f4i tr\u01a1n \u0111\u01b0\u1eddng \u1ed1ng k\u00e9p"},"content":{"rendered":"<h2>T\u00ednh n\u0103ng<\/h2>\n<p>B\u01a1m BSB bao g\u1ed3m van p\u00edt t\u00f4ng k\u00e9p v\u00e0 m\u1ed9t b\u00ecnh ch\u1ee9a d\u1ea7u, v\u00e0 \u0111\u01b0\u1ee3c d\u1eabn \u0111\u1ed9ng b\u1eb1ng \u0111\u1ed9ng c\u01a1 AC. Chuy\u1ec3n \u0111\u1ed9ng quay c\u1ee7a \u0111\u1ed9ng c\u01a1 \u0111\u01b0\u1ee3c chuy\u1ec3n th\u00e0nh chuy\u1ec3n \u0111\u1ed9ng qua l\u1ea1i c\u1ee7a p\u00edt t\u00f4ng th\u00f4ng qua m\u1ed9t b\u00e1nh xe l\u1ec7ch t\u00e2m, \u0111\u1ea1t \u0111\u01b0\u1ee3c qu\u00e1 tr\u00ecnh h\u00fat d\u1ea7u v\u00e0 \u00e1p su\u1ea5t. B\u01a1m n\u00e0y c\u00f3 th\u1ec3 \u0111\u01b0\u1ee3c s\u1eed d\u1ee5ng cho c\u1ea3 h\u1ec7 th\u1ed1ng b\u00f4i tr\u01a1n \u0111\u01b0\u1eddng \u1ed1ng k\u00e9p v\u00e0 h\u1ec7 th\u1ed1ng b\u00f4i tr\u01a1n \u0111\u01b0\u1eddng \u1ed1ng \u0111\u01a1n. B\u01a1m ph\u1ea3i \u0111\u01b0\u1ee3c l\u1eafp \u0111\u1eb7t \u1edf trung t\u00e2m c\u1ee7a h\u1ec7 th\u1ed1ng, c\u00f3 kh\u1ea3 n\u0103ng cung c\u1ea5p m\u1ee1 b\u00f4i tr\u01a1n t\u1edbi 1000 \u0111i\u1ec3m b\u00f4i tr\u01a1n. Chi\u1ec1u d\u00e0i t\u00edch l\u0169y t\u1eeb \u0111\u1ea7u ra c\u1ee7a b\u01a1m \u0111\u1ebfn \u0111\u1ea7u xa nh\u1ea5t c\u1ee7a \u0111\u01b0\u1eddng \u1ed1ng ch\u00ednh ph\u1ea3i \u0111\u01b0\u1ee3c ki\u1ec3m so\u00e1t trong v\u00f2ng 100m.<br \/>\n\u00c1p su\u1ea5t t\u1ed1i \u0111a 40MPa, M\u1ee1 b\u00f4i tr\u01a1n NLGI 000-3# &amp; D\u1ea7u \u2265N68, Nhi\u1ec7t \u0111\u1ed9 l\u00e0m vi\u1ec7c -20\u2103~+80\u2103.<\/p>\n<h2>\u0110\u1eb7c \u0111i\u1ec3m k\u1ef9 thu\u1eadt<\/h2>\n<table>\n<tbody>\n<tr>\n<td>Nhi\u1ec7t \u0111\u1ed9 ho\u1ea1t \u0111\u1ed9ng<\/td>\n<td>(-20\u00b0C \u0111\u1ebfn +80\u00b0C)<\/td>\n<\/tr>\n<tr>\n<td>S\u1ed1 l\u01b0\u1ee3ng c\u1eeda h\u00e0ng<\/td>\n<td>1<\/td>\n<\/tr>\n<tr>\n<td>S\u1ee9c ch\u1ee9a h\u1ed3 ch\u1ee9a<\/td>\n<td>30L, 60L, 100L<\/td>\n<\/tr>\n<tr>\n<td>N\u1ea1p l\u1ea1i<\/td>\n<td>T\u1eeb tr\u00ean xu\u1ed1ng<\/td>\n<\/tr>\n<tr>\n<td>Ch\u1ea5t b\u00f4i tr\u01a1n<\/td>\n<td>M\u1ee1 NLGI 000-3# &amp; D\u1ea7u \u2265N68<\/td>\n<\/tr>\n<tr>\n<td>L\u1edbp b\u1ea3o v\u1ec7<\/td>\n<td>IP6K 9K<\/td>\n<\/tr>\n<tr>\n<td>\u0110\u1ed9ng c\u01a1 0,75 kw (80 v\u00f2ng\/ph\u00fat)<\/td>\n<td>120mL\/ph\u00fat<\/td>\n<\/tr>\n<tr>\n<td>\u0110\u1ed9ng c\u01a1 1,5 kw (160 v\u00f2ng\/ph\u00fat)<\/td>\n<td>235mL\/ph\u00fat<\/td>\n<\/tr>\n<tr>\n<td>\u0110\u1ed9ng c\u01a1 1,5 kw (250 v\u00f2ng\/ph\u00fat)<\/td>\n<td>365mL\/ph\u00fat<\/td>\n<\/tr>\n<tr>\n<td>\u00c1p su\u1ea5t v\u1eadn h\u00e0nh t\u1ed1i \u0111a<\/td>\n<td>400 thanh<\/td>\n<\/tr>\n<tr>\n<td>Ch\u1ee7 \u0111\u1ec1 k\u1ebft n\u1ed1i<\/td>\n<td>G3\/8<\/td>\n<\/tr>\n<tr>\n<td>\u0110i\u1ec7n \u00e1p ho\u1ea1t \u0111\u1ed9ng<\/td>\n<td>3 pha 380VAC 50Hz<\/td>\n<\/tr>\n<\/tbody>\n<\/table>\n<h2>\u1ee8ng d\u1ee5ng<\/h2>\n<p>M\u00e1y m\u00f3c c\u00f4ng nghi\u1ec7p: B\u01a1m b\u00f4i tr\u01a1n d\u00f2ng BSB c\u00f3 th\u1ec3 \u0111\u01b0\u1ee3c \u1ee9ng d\u1ee5ng cho c\u00e1c thi\u1ebft b\u1ecb c\u01a1 kh\u00ed l\u1edbn nh\u01b0 m\u00e1y \u00e9p, m\u00e1y c\u00e1n v\u00e0 m\u00e1y \u00e9p phun \u0111\u1ec3 b\u00f4i tr\u01a1n \u0111a \u0111i\u1ec3m.<br \/>\nNh\u00e0 m\u00e1y th\u00e9p: Nhu c\u1ea7u b\u00f4i tr\u01a1n trong qu\u00e1 tr\u00ecnh s\u1ea3n xu\u1ea5t th\u00e9p kh\u00e1 cao v\u00e0 b\u01a1m m\u1ee1 BSB c\u00f3 th\u1ec3 \u0111\u1ea3m b\u1ea3o thi\u1ebft b\u1ecb ho\u1ea1t \u0111\u1ed9ng b\u00ecnh th\u01b0\u1eddng.<br \/>\nThi\u1ebft b\u1ecb khai th\u00e1c ch\u1ee7 y\u1ebfu ho\u1ea1t \u0111\u1ed9ng trong \u0111i\u1ec1u ki\u1ec7n kh\u1eafc nghi\u1ec7t. B\u01a1m BSB ch\u1ec9 c\u00f3 th\u1ec3 gi\u00fap cung c\u1ea5p ch\u1ea5t b\u00f4i tr\u01a1n ph\u00f9 h\u1ee3p, k\u00e9o d\u00e0i tu\u1ed5i th\u1ecd.<br \/>\nNh\u00e0 m\u00e1y gi\u1ea5y: Vi\u1ec7c s\u1ea3n xu\u1ea5t \u0111\u0129a gi\u1ea5y \u0111\u00f2i h\u1ecfi ph\u1ea3i b\u00f4i tr\u01a1n m\u00e1y m\u00f3c li\u00ean t\u1ee5c \u0111\u1ec3 s\u1ea3n xu\u1ea5t hi\u1ec7u qu\u1ea3; \u0111\u00e2y l\u00e0 nhu c\u1ea7u m\u00e0 m\u00e1y b\u01a1m BSB c\u00f3 th\u1ec3 \u0111\u00e1p \u1ee9ng.<br \/>\nNh\u00e0 m\u00e1y \u0111i\u1ec7n: Vi\u1ec7c b\u00f4i tr\u01a1n thi\u1ebft b\u1ecb \u0111\u1ec3 t\u1ea1o ra \u0111i\u1ec7n l\u00e0 r\u1ea5t quan tr\u1ecdng v\u00ec t\u00ednh \u1ed5n \u0111\u1ecbnh trong qu\u00e1 tr\u00ecnh s\u1ea3n xu\u1ea5t \u0111i\u1ec7n. Ngo\u00e0i ra, b\u01a1m b\u00f4i tr\u01a1n hai d\u00f2ng BSB \u0111\u01b0\u1ee3c \u1ee9ng d\u1ee5ng r\u1ed9ng r\u00e3i trong l\u0129nh v\u1ef1c n\u00e0y.<\/p>\n<h2>H\u01b0\u1edbng d\u1eabn s\u1eed d\u1ee5ng<\/h2>\n<div class=\"sdm_download_button_box_default\"><div class=\"sdm_download_link\"><a href=\"https:\/\/www.jinpinlub.com\/vi\/?sdm_process_download=1&download_id=3654\" class=\"sdm_download white\" title=\"Ri\u00eang t\u01b0: BSB Dual-line Grease Pump\" target=\"&quot;_blank&quot;\">Xem B\u1ea3ng d\u1eef li\u1ec7u - B\u01a1m hai \u0111\u01b0\u1eddng \u1ed1ng BSB<\/a><\/div><\/div>","protected":false},"excerpt":{"rendered":"<p>B\u01a1m b\u00f4i tr\u01a1n \u0111i\u1ec7n hai d\u00f2ng BSB cung c\u1ea5p ch\u1ea5t b\u00f4i tr\u01a1n d\u01b0\u1edbi \u00e1p su\u1ea5t \u0111\u1ebfn \u0111\u01b0\u1eddng \u1ed1ng cung c\u1ea5p ch\u00ednh th\u00f4ng qua van \u0111i\u1ec1u khi\u1ec3n \u0111i\u1ec7n ho\u1eb7c kh\u00ed n\u00e9n, ph\u00e2n ph\u1ed1i \u0111\u1ec1u v\u00e0 ch\u00ednh x\u00e1c \u0111\u1ebfn c\u00e1c \u0111i\u1ec3m b\u00f4i tr\u01a1n. N\u00f3 \u0111\u01b0\u1ee3c s\u1eed d\u1ee5ng trong m\u00e1y m\u00f3c c\u00f4ng nghi\u1ec7p, nh\u00e0 m\u00e1y th\u00e9p v\u00e0 thi\u1ebft b\u1ecb khai th\u00e1c.<\/p>","protected":false},"featured_media":3593,"template":"","meta":{"ocean_post_layout":"","ocean_both_sidebars_style":"","ocean_both_sidebars_content_width":0,"ocean_both_sidebars_sidebars_width":0,"ocean_sidebar":"0","ocean_second_sidebar":"0","ocean_disable_margins":"enable","ocean_add_body_class":"","ocean_shortcode_before_top_bar":"","ocean_shortcode_after_top_bar":"","ocean_shortcode_before_header":"","ocean_shortcode_after_header":"","ocean_has_shortcode":"","ocean_shortcode_after_title":"","ocean_shortcode_before_footer_widgets":"","ocean_shortcode_after_footer_widgets":"","ocean_shortcode_before_footer_bottom":"","ocean_shortcode_after_footer_bottom":"","ocean_display_top_bar":"default","ocean_display_header":"default","ocean_header_style":"","ocean_center_header_left_menu":"0","ocean_custom_header_template":"0","ocean_custom_logo":0,"ocean_custom_retina_logo":0,"ocean_custom_logo_max_width":0,"ocean_custom_logo_tablet_max_width":0,"ocean_custom_logo_mobile_max_width":0,"ocean_custom_logo_max_height":0,"ocean_custom_logo_tablet_max_height":0,"ocean_custom_logo_mobile_max_height":0,"ocean_header_custom_menu":"0","ocean_menu_typo_font_family":"0","ocean_menu_typo_font_subset":"","ocean_menu_typo_font_size":0,"ocean_menu_typo_font_size_tablet":0,"ocean_menu_typo_font_size_mobile":0,"ocean_menu_typo_font_size_unit":"px","ocean_menu_typo_font_weight":"","ocean_menu_typo_font_weight_tablet":"","ocean_menu_typo_font_weight_mobile":"","ocean_menu_typo_transform":"","ocean_menu_typo_transform_tablet":"","ocean_menu_typo_transform_mobile":"","ocean_menu_typo_line_height":0,"ocean_menu_typo_line_height_tablet":0,"ocean_menu_typo_line_height_mobile":0,"ocean_menu_typo_line_height_unit":"","ocean_menu_typo_spacing":0,"ocean_menu_typo_spacing_tablet":0,"ocean_menu_typo_spacing_mobile":0,"ocean_menu_typo_spacing_unit":"","ocean_menu_link_color":"","ocean_menu_link_color_hover":"","ocean_menu_link_color_active":"","ocean_menu_link_background":"","ocean_menu_link_hover_background":"","ocean_menu_link_active_background":"","ocean_menu_social_links_bg":"","ocean_menu_social_hover_links_bg":"","ocean_menu_social_links_color":"","ocean_menu_social_hover_links_color":"","ocean_disable_title":"default","ocean_disable_heading":"default","ocean_post_title":"","ocean_post_subheading":"","ocean_post_title_style":"","ocean_post_title_background_color":"","ocean_post_title_background":0,"ocean_post_title_bg_image_position":"","ocean_post_title_bg_image_attachment":"","ocean_post_title_bg_image_repeat":"","ocean_post_title_bg_image_size":"","ocean_post_title_height":0,"ocean_post_title_bg_overlay":0.5,"ocean_post_title_bg_overlay_color":"","ocean_disable_breadcrumbs":"default","ocean_breadcrumbs_color":"","ocean_breadcrumbs_separator_color":"","ocean_breadcrumbs_links_color":"","ocean_breadcrumbs_links_hover_color":"","ocean_display_footer_widgets":"default","ocean_display_footer_bottom":"default","ocean_custom_footer_template":"0","osh_disable_topbar_sticky":"default","osh_disable_header_sticky":"default","osh_sticky_header_style":"default","osh_sticky_header_effect":"","osh_custom_sticky_logo":0,"osh_custom_retina_sticky_logo":0,"osh_custom_sticky_logo_height":0,"osh_background_color":"","osh_links_color":"","osh_links_hover_color":"","osh_links_active_color":"","osh_links_bg_color":"","osh_links_hover_bg_color":"","osh_links_active_bg_color":"","osh_menu_social_links_color":"","osh_menu_social_hover_links_color":""},"product_brand":[],"product_cat":[35,34],"product_tag":[296,73,283],"class_list":{"0":"post-3666","1":"product","2":"type-product","3":"status-publish","4":"has-post-thumbnail","6":"product_cat-dual-line-lubrication-pumps","7":"product_cat-dual-line-lubrication-systems","8":"product_tag-dual-line-lubrication-pump","9":"product_tag-electric-lubrication-pump","10":"product_tag-electric-lubricator","12":"entry","13":"has-media","15":"first","16":"instock","17":"shipping-taxable","18":"product-type-external","19":"col","20":"span_1_of_3","21":"owp-content-center","22":"owp-thumbs-layout-horizontal","23":"owp-btn-very-big","24":"owp-tabs-layout-horizontal"},"_links":{"self":[{"href":"https:\/\/www.jinpinlub.com\/vi\/wp-json\/wp\/v2\/product\/3666","targetHints":{"allow":["GET"]}}],"collection":[{"href":"https:\/\/www.jinpinlub.com\/vi\/wp-json\/wp\/v2\/product"}],"about":[{"href":"https:\/\/www.jinpinlub.com\/vi\/wp-json\/wp\/v2\/types\/product"}],"wp:featuredmedia":[{"embeddable":true,"href":"https:\/\/www.jinpinlub.com\/vi\/wp-json\/wp\/v2\/media\/3593"}],"wp:attachment":[{"href":"https:\/\/www.jinpinlub.com\/vi\/wp-json\/wp\/v2\/media?parent=3666"}],"wp:term":[{"taxonomy":"product_brand","embeddable":true,"href":"https:\/\/www.jinpinlub.com\/vi\/wp-json\/wp\/v2\/product_brand?post=3666"},{"taxonomy":"product_cat","embeddable":true,"href":"https:\/\/www.jinpinlub.com\/vi\/wp-json\/wp\/v2\/product_cat?post=3666"},{"taxonomy":"product_tag","embeddable":true,"href":"https:\/\/www.jinpinlub.com\/vi\/wp-json\/wp\/v2\/product_tag?post=3666"}],"curies":[{"name":"wp","href":"https:\/\/api.w.org\/{rel}","templated":true}]}}