{"id":3668,"date":"2024-09-13T16:53:41","date_gmt":"2024-09-13T08:53:41","guid":{"rendered":"https:\/\/www.jinpinlub.com\/?post_type=product&#038;p=3668"},"modified":"2024-09-13T17:56:08","modified_gmt":"2024-09-13T09:56:08","slug":"van-dao-chieu-thuy-luc-20mpa-dr4-5-cho-he-thong-duong-ong-kep","status":"publish","type":"product","link":"https:\/\/www.jinpinlub.com\/vi\/san-pham\/van-dao-chieu-thuy-luc-20mpa-dr4-5-cho-he-thong-duong-ong-kep\/","title":{"rendered":"Van \u0111\u1ea3o chi\u1ec1u th\u1ee7y l\u1ef1c DR4-5 20MPa cho h\u1ec7 th\u1ed1ng \u0111\u01b0\u1eddng \u1ed1ng k\u00e9p"},"content":{"rendered":"<h2>T\u00ednh n\u0103ng<\/h2>\n<p>\u0110\u01b0\u1ee3c s\u1eed d\u1ee5ng cho h\u1ec7 th\u1ed1ng b\u00f4i tr\u01a1n t\u1eadp trung \u0111i\u1ec7n, lu\u00e2n phi\u00ean g\u1eedi ch\u1ea5t b\u00f4i tr\u01a1n \u0111\u1ea7u ra t\u1eeb b\u01a1m b\u00f4i tr\u01a1n \u0111\u1ebfn hai \u0111\u01b0\u1eddng \u1ed1ng ch\u00ednh cung c\u1ea5p d\u1ea7u. Van c\u00f3 ch\u1ee9c n\u0103ng \u0111i\u1ec1u ch\u1ec9nh \u00e1p su\u1ea5t ri\u00eang v\u00e0 c\u00f3 th\u1ec3 t\u1ef1 \u0111\u1ed9ng thay \u0111\u1ed5i h\u01b0\u1edbng. \u00c1p su\u1ea5t c\u00e0i \u0111\u1eb7t \u0111\u1ea3o ng\u01b0\u1ee3c c\u00f3 th\u1ec3 \u0111\u01b0\u1ee3c \u0111i\u1ec1u ch\u1ec9nh t\u1eeb 0 \u0111\u1ebfn 20MPa. C\u1ea5u tr\u00fac \u0111\u01a1n gi\u1ea3n v\u00e0 \u0111\u1ea3o ng\u01b0\u1ee3c \u0111\u00e1ng tin c\u1eady.<\/p>\n<h2>\u0110\u1eb7c \u0111i\u1ec3m k\u1ef9 thu\u1eadt<\/h2>\n<table>\n<tbody>\n<tr>\n<td>Ng\u01b0\u1eddi m\u1eabu<\/td>\n<td>DR4-5<\/td>\n<\/tr>\n<tr>\n<td>\u00c1p su\u1ea5t ho\u1ea1t \u0111\u1ed9ng<\/td>\n<td>3,5~20MPa<\/td>\n<\/tr>\n<tr>\n<td>\u00c1p su\u1ea5t c\u00e0i \u0111\u1eb7t t\u1ea1i nh\u00e0 m\u00e1y<\/td>\n<td>10,5MPa<\/td>\n<\/tr>\n<tr>\n<td>H\u1ec7 th\u1ed1ng \u00e1p d\u1ee5ng<\/td>\n<td>H\u1ec7 th\u1ed1ng \u0111\u01b0\u1eddng \u1ed1ng k\u00e9p ki\u1ec3u v\u00f2ng v\u00e0 phun<\/td>\n<\/tr>\n<tr>\n<td>M\u00e1y b\u01a1m t\u01b0\u01a1ng th\u00edch<\/td>\n<td>M\u00e1y b\u01a1m hai d\u00f2ng nh\u01b0 m\u00e1y b\u01a1m BSB v\u00e0 GP<\/td>\n<\/tr>\n<tr>\n<td>Tr\u1ecdng l\u01b0\u1ee3ng t\u1ecbnh<\/td>\n<td>7kg<\/td>\n<\/tr>\n<\/tbody>\n<\/table>\n<h2>\u1ee8ng d\u1ee5ng<\/h2>\n<p>M\u00e1y m\u00f3c k\u1ef9 thu\u1eadt s\u1eed d\u1ee5ng van \u0111\u1ea3o chi\u1ec1u th\u1ee7y l\u1ef1c DR4-5 \u0111\u1ec3 \u0111i\u1ec1u khi\u1ec3n h\u01b0\u1edbng di chuy\u1ec3n c\u1ee7a xi lanh th\u1ee7y l\u1ef1c v\u00e0 \u0111\u1ed9ng c\u01a1 th\u1ee7y l\u1ef1c.<br \/>\nThi\u1ebft b\u1ecb c\u00f4ng nghi\u1ec7p: Trong m\u00e1y \u00e9p th\u1ee7y l\u1ef1c, m\u00e1y \u00e9p phun, m\u00e1y c\u00f4ng c\u1ee5 \u0111i\u1ec1u khi\u1ec3n s\u1ed1, v.v., ch\u1ee9c n\u0103ng c\u1ee7a thi\u1ebft b\u1ecb \u0111i\u1ec1u khi\u1ec3n t\u1ef1 \u0111\u1ed9ng \u0111\u01b0\u1ee3c th\u1ef1c hi\u1ec7n th\u00f4ng qua van th\u1ee7y l\u1ef1c DR4-5.<br \/>\nM\u00e1y m\u00f3c n\u00f4ng nghi\u1ec7p: Ch\u1eb3ng h\u1ea1n nh\u01b0 m\u00e1y k\u00e9o v\u00e0 m\u00e1y g\u1eb7t \u0111\u1eadp li\u00ean h\u1ee3p, h\u1ec7 th\u1ed1ng \u0111i\u1ec1u khi\u1ec3n th\u1ee7y l\u1ef1c s\u1eed d\u1ee5ng van \u0111\u1ea3o chi\u1ec1u DR4-5.<br \/>\nH\u1ec7 th\u1ed1ng b\u00f4i tr\u01a1n: \u0111\u1eb7c bi\u1ec7t trong h\u1ec7 th\u1ed1ng b\u00f4i tr\u01a1n t\u1eadp trung thi\u1ebft b\u1ecb \u0111\u1ea7u cu\u1ed1i \u0111i\u1ec7n, van \u0111\u1ea3o chi\u1ec1u th\u1ee7y l\u1ef1c DR4-5 ph\u00e2n ph\u1ed1i ch\u1ea5t b\u00f4i tr\u01a1n xen k\u1ebd \u0111\u1ebfn c\u00e1c \u1ed1ng cung c\u1ea5p d\u1ea7u b\u00f4i tr\u01a1n kh\u00e1c nhau.<\/p>\n<h2>H\u01b0\u1edbng d\u1eabn s\u1eed d\u1ee5ng<\/h2>\n<div class=\"sdm_download_button_box_default\"><div class=\"sdm_download_link\"><a href=\"https:\/\/www.jinpinlub.com\/vi\/?sdm_process_download=1&download_id=3655\" class=\"sdm_download white\" title=\"Ri\u00eang t\u01b0: DR4-5 Directional Valve\" target=\"&quot;_blank&quot;\">Xem B\u1ea3ng d\u1eef li\u1ec7u - Van \u0111\u1ecbnh h\u01b0\u1edbng DR4-5<\/a><\/div><\/div>","protected":false},"excerpt":{"rendered":"<p>Van \u0111\u1ea3o chi\u1ec1u th\u1ee7y l\u1ef1c DR4-5 l\u00e0 m\u1ed9t th\u00e0nh ph\u1ea7n quan tr\u1ecdng \u0111\u01b0\u1ee3c s\u1eed d\u1ee5ng \u0111\u1ec3 ki\u1ec3m so\u00e1t h\u01b0\u1edbng d\u00f2ng ch\u1ea3y ch\u1ea5t l\u1ecfng trong c\u00e1c h\u1ec7 th\u1ed1ng th\u1ee7y l\u1ef1c, \u0111\u1eb7c bi\u1ec7t \u0111\u01b0\u1ee3c s\u1eed d\u1ee5ng trong c\u00e1c h\u1ec7 th\u1ed1ng b\u00f4i tr\u01a1n t\u1eadp trung hai d\u00f2ng nh\u01b0 m\u00e1y m\u00f3c x\u00e2y d\u1ef1ng, thi\u1ebft b\u1ecb c\u00f4ng nghi\u1ec7p v\u00e0 m\u00e1y m\u00f3c n\u00f4ng nghi\u1ec7p.<\/p>","protected":false},"featured_media":3597,"template":"","meta":{"ocean_post_layout":"","ocean_both_sidebars_style":"","ocean_both_sidebars_content_width":0,"ocean_both_sidebars_sidebars_width":0,"ocean_sidebar":"0","ocean_second_sidebar":"0","ocean_disable_margins":"enable","ocean_add_body_class":"","ocean_shortcode_before_top_bar":"","ocean_shortcode_after_top_bar":"","ocean_shortcode_before_header":"","ocean_shortcode_after_header":"","ocean_has_shortcode":"","ocean_shortcode_after_title":"","ocean_shortcode_before_footer_widgets":"","ocean_shortcode_after_footer_widgets":"","ocean_shortcode_before_footer_bottom":"","ocean_shortcode_after_footer_bottom":"","ocean_display_top_bar":"default","ocean_display_header":"default","ocean_header_style":"","ocean_center_header_left_menu":"0","ocean_custom_header_template":"0","ocean_custom_logo":0,"ocean_custom_retina_logo":0,"ocean_custom_logo_max_width":0,"ocean_custom_logo_tablet_max_width":0,"ocean_custom_logo_mobile_max_width":0,"ocean_custom_logo_max_height":0,"ocean_custom_logo_tablet_max_height":0,"ocean_custom_logo_mobile_max_height":0,"ocean_header_custom_menu":"0","ocean_menu_typo_font_family":"0","ocean_menu_typo_font_subset":"","ocean_menu_typo_font_size":0,"ocean_menu_typo_font_size_tablet":0,"ocean_menu_typo_font_size_mobile":0,"ocean_menu_typo_font_size_unit":"px","ocean_menu_typo_font_weight":"","ocean_menu_typo_font_weight_tablet":"","ocean_menu_typo_font_weight_mobile":"","ocean_menu_typo_transform":"","ocean_menu_typo_transform_tablet":"","ocean_menu_typo_transform_mobile":"","ocean_menu_typo_line_height":0,"ocean_menu_typo_line_height_tablet":0,"ocean_menu_typo_line_height_mobile":0,"ocean_menu_typo_line_height_unit":"","ocean_menu_typo_spacing":0,"ocean_menu_typo_spacing_tablet":0,"ocean_menu_typo_spacing_mobile":0,"ocean_menu_typo_spacing_unit":"","ocean_menu_link_color":"","ocean_menu_link_color_hover":"","ocean_menu_link_color_active":"","ocean_menu_link_background":"","ocean_menu_link_hover_background":"","ocean_menu_link_active_background":"","ocean_menu_social_links_bg":"","ocean_menu_social_hover_links_bg":"","ocean_menu_social_links_color":"","ocean_menu_social_hover_links_color":"","ocean_disable_title":"default","ocean_disable_heading":"default","ocean_post_title":"","ocean_post_subheading":"","ocean_post_title_style":"","ocean_post_title_background_color":"","ocean_post_title_background":0,"ocean_post_title_bg_image_position":"","ocean_post_title_bg_image_attachment":"","ocean_post_title_bg_image_repeat":"","ocean_post_title_bg_image_size":"","ocean_post_title_height":0,"ocean_post_title_bg_overlay":0.5,"ocean_post_title_bg_overlay_color":"","ocean_disable_breadcrumbs":"default","ocean_breadcrumbs_color":"","ocean_breadcrumbs_separator_color":"","ocean_breadcrumbs_links_color":"","ocean_breadcrumbs_links_hover_color":"","ocean_display_footer_widgets":"default","ocean_display_footer_bottom":"default","ocean_custom_footer_template":"0","osh_disable_topbar_sticky":"default","osh_disable_header_sticky":"default","osh_sticky_header_style":"default","osh_sticky_header_effect":"","osh_custom_sticky_logo":0,"osh_custom_retina_sticky_logo":0,"osh_custom_sticky_logo_height":0,"osh_background_color":"","osh_links_color":"","osh_links_hover_color":"","osh_links_active_color":"","osh_links_bg_color":"","osh_links_hover_bg_color":"","osh_links_active_bg_color":"","osh_menu_social_links_color":"","osh_menu_social_hover_links_color":""},"product_brand":[],"product_cat":[34,36],"product_tag":[298,297,299],"class_list":{"0":"post-3668","1":"product","2":"type-product","3":"status-publish","4":"has-post-thumbnail","6":"product_cat-dual-line-lubrication-systems","7":"product_cat-dual-line-divider-valves","8":"product_tag-dual-line-lubrication-reversing-valve","9":"product_tag-hydraulic-reversing-valve","10":"product_tag-lubrication-system-reversing-valve","12":"entry","13":"has-media","15":"first","16":"instock","17":"shipping-taxable","18":"product-type-external","19":"col","20":"span_1_of_3","21":"owp-content-center","22":"owp-thumbs-layout-horizontal","23":"owp-btn-very-big","24":"owp-tabs-layout-horizontal"},"_links":{"self":[{"href":"https:\/\/www.jinpinlub.com\/vi\/wp-json\/wp\/v2\/product\/3668","targetHints":{"allow":["GET"]}}],"collection":[{"href":"https:\/\/www.jinpinlub.com\/vi\/wp-json\/wp\/v2\/product"}],"about":[{"href":"https:\/\/www.jinpinlub.com\/vi\/wp-json\/wp\/v2\/types\/product"}],"wp:featuredmedia":[{"embeddable":true,"href":"https:\/\/www.jinpinlub.com\/vi\/wp-json\/wp\/v2\/media\/3597"}],"wp:attachment":[{"href":"https:\/\/www.jinpinlub.com\/vi\/wp-json\/wp\/v2\/media?parent=3668"}],"wp:term":[{"taxonomy":"product_brand","embeddable":true,"href":"https:\/\/www.jinpinlub.com\/vi\/wp-json\/wp\/v2\/product_brand?post=3668"},{"taxonomy":"product_cat","embeddable":true,"href":"https:\/\/www.jinpinlub.com\/vi\/wp-json\/wp\/v2\/product_cat?post=3668"},{"taxonomy":"product_tag","embeddable":true,"href":"https:\/\/www.jinpinlub.com\/vi\/wp-json\/wp\/v2\/product_tag?post=3668"}],"curies":[{"name":"wp","href":"https:\/\/api.w.org\/{rel}","templated":true}]}}